{"id":14923,"date":"2024-09-20T12:26:13","date_gmt":"2024-09-20T12:26:13","guid":{"rendered":"https:\/\/travelshelper.com\/staging\/?page_id=14923"},"modified":"2026-03-11T18:20:22","modified_gmt":"2026-03-11T18:20:22","slug":"kazachstan","status":"publish","type":"page","link":"https:\/\/travelshelper.com\/pl\/destinations\/asia\/kazakhstan\/","title":{"rendered":"Kazachstan"},"content":{"rendered":"<p>Kazachstan zajmuje rozleg\u0142e otwarte niebo i zmienny teren, nar\u00f3d, kt\u00f3rego kontury wyznaczaj\u0105 zar\u00f3wno staro\u017cytne \u015bcie\u017cki, jak i wsp\u00f3\u0142czesne ambicje. Jego granice przecinaj\u0105 si\u0119 z pi\u0119cioma s\u0105siadami \u2014 Rosj\u0105 na p\u00f3\u0142nocy i zachodzie, Chinami na wschodzie, Kirgistanem na po\u0142udniowym wschodzie, Uzbekistanem na po\u0142udniu i Turkmenistanem na po\u0142udniowym zachodzie \u2014 i dzieli zachodni brzeg z Morzem Kaspijskim. Astana, stolica od 1997 r., le\u017cy po\u015br\u00f3d p\u00f3\u0142nocnych r\u00f3wnin; A\u0142maty, jego najwi\u0119ksze miasto, spoczywa u podn\u00f3\u017ca Zailijskiego Alatau. Razem te o\u015brodki miejskie tworz\u0105 ramy krainy, kt\u00f3ra rozci\u0105ga si\u0119 od niskich p\u0142askowy\u017c\u00f3w wybrze\u017ca Morza Kaspijskiego do G\u00f3r A\u0142taj, od r\u00f3wnin zachodniej Syberii do pustynnych kotlin Azji \u015arodkowej.<\/p>\n\n\n\n<p>Rozci\u0105gaj\u0105c si\u0119 na powierzchni oko\u0142o 2,7 miliona kilometr\u00f3w kwadratowych \u2014 por\u00f3wnywalnej z Europ\u0105 Zachodni\u0105 \u2014 Kazachstan zajmuje dziewi\u0105te miejsce pod wzgl\u0119dem powierzchni l\u0105dowej na \u015bwiecie i wyr\u00f3\u017cnia si\u0119 jako najwi\u0119kszy kraj bez wybrze\u017ca morskiego. Prawie po\u0142owa jego terytorium le\u017cy na pag\u00f3rkowatych p\u0142askowy\u017cach i otwartych r\u00f3wninach; kolejna jedna trzecia obejmuje niziny; jego po\u0142udniowe i wschodnie obrze\u017ca wznosz\u0105 si\u0119 w pasma, kt\u00f3rych szczyty s\u0142u\u017c\u0105 zar\u00f3wno jako dzia\u0142 wodny, jak i schronienie. Sam kazachski step rozci\u0105ga si\u0119 na ponad osiemset tysi\u0119cy kilometr\u00f3w kwadratowych, jest to najwi\u0119kszy na \u015bwiecie suchy teren trawiasty. Tutaj trawy ust\u0119puj\u0105 miejsca piaskom, w\u0105wozom rzecznym i ukrytym kanionom, w\u015br\u00f3d nich Kanionowi Czary\u0144skiemu \u2014 czerwonej piaskowcowej rozpadlinie, kt\u00f3rej \u015bciany wznosz\u0105 si\u0119 na wysoko\u015b\u0107 trzystu metr\u00f3w, chroni\u0105c reliktowy gatunek jesionu odizolowany od epoki lodowcowej.<\/p>\n\n\n\n<p>Obecno\u015b\u0107 cz\u0142owieka na tym terytorium datuje si\u0119 na paleolit. Przez tysi\u0105clecia koczownicze plemiona ira\u0144skie \u2014 Scytowie, Saka i inne \u2014 przemierza\u0142y jego rozleg\u0142e tereny, pozostawiaj\u0105c petroglify i kurhany. W VI wieku n.e. ludy tureckie wkroczy\u0142y ze wschodu. W XIII wieku mongolskie hordy Czyngis-chana podporz\u0105dkowa\u0142y stepy cesarskiemu panowaniu. Gdy Z\u0142ota Orda rozpad\u0142a si\u0119 w kolejnych stuleciach, lokalni chanowie skonsolidowali w\u0142adz\u0119 i w po\u0142owie XVI wieku utworzyli chanat kazachski na ziemiach odpowiadaj\u0105cych dzisiejszej republice. Podzia\u0142y plemienne, czyli j\u00fczes, utrzymywa\u0142y si\u0119; w XVIII wieku chanat rozpad\u0142 si\u0119 na trzy j\u00fczes i stopniowo ust\u0119powa\u0142 przed post\u0119pem Rosji na po\u0142udnie. W po\u0142owie XIX wieku ka\u017cda koczownicza enklawa znalaz\u0142a si\u0119 pod nominaln\u0105 w\u0142adz\u0105 Imperium Rosyjskiego.<\/p>\n\n\n\n<p>Przewroty na pocz\u0105tku XX wieku ponownie zmieni\u0142y region. Po rewolucjach i niepokojach domowych w 1917 r. terytorium sta\u0142o si\u0119 Kazachsk\u0105 Autonomiczn\u0105 Socjalistyczn\u0105 Republik\u0105 Radzieck\u0105 w ramach Rosji. W 1936 r. jego status wzr\u00f3s\u0142 do pe\u0142noprawnej republiki radzieckiej. W ci\u0105gu kolejnych dekad polityka radziecka zmieni\u0142a kszta\u0142t kraju i jego mieszka\u0144c\u00f3w: przymusowa osiad\u0142o\u015b\u0107 w ramach kolektywizacji Stalina, kampania \u201eZiem Dziewiczych\u201d w latach 50. i 60. XX wieku, kt\u00f3ra przyci\u0105gn\u0119\u0142a miliony \u2014 wielu Rosjan, wielu deportowanych mniejszo\u015bci \u2014 do uprawy p\u00f3\u0142nocnych pastwisk, oraz szybka industrializacja, kt\u00f3ra nast\u0105pi\u0142a p\u00f3\u017aniej. Do uzyskania niepodleg\u0142o\u015bci w grudniu 1991 r. Kazachowie stanowili mniej ni\u017c po\u0142ow\u0119 populacji; Rosjanie, Ukrai\u0144cy, Niemcy i inni tworzyli z\u0142o\u017con\u0105 mozaik\u0119 etniczn\u0105.<\/p>\n\n\n\n<p>Obecnie populacja wynosi blisko dwadzie\u015bcia milion\u00f3w, co plasuje j\u0105 w\u015br\u00f3d najni\u017cszych g\u0119sto\u015bci na \u015bwiecie, poni\u017cej sze\u015bciu os\u00f3b na kilometr kwadratowy. Etniczni Kazachowie stanowi\u0105 oko\u0142o siedemdziesi\u0119ciu jeden procent, etniczni Rosjanie czterna\u015bcie i p\u00f3\u0142 procent; Uzbecy, Ukrai\u0144cy, Ujgurzy, Niemcy i inni stanowi\u0105 mniejsze grupy. Nominalnie \u015bwiecka republika rejestruje oko\u0142o siedemdziesi\u0119ciu procent swoich obywateli jako muzu\u0142man\u00f3w, wi\u0119kszo\u015b\u0107 pod\u0105\u017ca za szko\u0142\u0105 hanafick\u0105; prawos\u0142awni chrze\u015bcijanie stanowi\u0105 oko\u0142o siedemnastu procent, z ma\u0142ymi spo\u0142eczno\u015bciami innych wyzna\u0144 i obywatelami niereligijnymi. Kazachowie i Rosjanie maj\u0105 wsp\u00f3lny status oficjalny, ten drugi pozostaje lingua franca handlu, administracji i wymiany mi\u0119dzyetnicznej.<\/p>\n\n\n\n<p>Bogactwo zasob\u00f3w stanowi podstaw\u0119 gospodarki Kazachstanu. Jego Narodowy Fundusz kieruje dochody z ropy naftowej i gazu na rozw\u00f3j kraju; inwestycje zagraniczne przekroczy\u0142y czterdzie\u015bci miliard\u00f3w dolar\u00f3w ameryka\u0144skich od czasu uzyskania niepodleg\u0142o\u015bci, w du\u017cej mierze skierowane na wydobycie ropy naftowej i minera\u0142\u00f3w. Udowodnione rezerwy plasuj\u0105 Kazachstan w\u015br\u00f3d najwi\u0119kszych producent\u00f3w \u017celaza, srebra, miedzi i uranu na \u015bwiecie; nale\u017cy on r\u00f3wnie\u017c do czo\u0142owych posiadaczy w\u0119gla, chromu, manganu i z\u0142ota. Produkcja ropy naftowej i gazu stanowi oko\u0142o sze\u015b\u0107dziesi\u0119ciu procent produkcji przemys\u0142owej i oko\u0142o trzynastu procent PKB. Produkcja ropy naftowej osi\u0105gn\u0119\u0142a oko\u0142o 1,54 miliona bary\u0142ek dziennie do 2009 r.; pola gazowo-kondensatowe, takie jak Tokarevskoye, zwi\u0119kszaj\u0105 t\u0119 ilo\u015b\u0107. Jednak krajowe zdolno\u015bci rafinacyjne \u2014 trzy rafinerie w Atyrau, Paw\u0142odarze i Szymkencie \u2014 s\u0105 niewystarczaj\u0105ce, wi\u0119c du\u017ce ilo\u015bci ropy naftowej s\u0105 przesy\u0142ane do rosyjskich zak\u0142ad\u00f3w.<\/p>\n\n\n\n<p>Opr\u00f3cz paliw, z\u0142o\u017ca fosforyt\u00f3w w dorzeczach Karatau i Aktobe wynosz\u0105 \u0142\u0105cznie ponad miliard ton; wydobycie uranu i diament\u00f3w dodatkowo dywersyfikuje eksport. Inicjatywa Przejrzysto\u015bci Przemys\u0142u Wydobywczego uzna\u0142a Kazachstan za zgodny w 2013 r., uznaj\u0105c jego systemy ujawniania przychod\u00f3w. Eksport produkt\u00f3w rolnych \u2014 g\u0142\u00f3wnie pszenicy, byd\u0142a i tekstyli\u00f3w \u2014 uzupe\u0142nia energi\u0119 i minera\u0142y, chocia\u017c rolnictwo zajmuje mniejszy udzia\u0142 w gospodarce.<\/p>\n\n\n\n<p>Klimat kraju odzwierciedla jego po\u0142o\u017cenie kontynentalne: d\u0142ugie, zimne zimy; gor\u0105ce, suche lata; sk\u0105pe opady poza kr\u00f3tkimi deszczami wiosn\u0105 i jesieni\u0105. Astana znosi temperatury zimowe oko\u0142o \u201325 \u00b0C, co plasuje j\u0105 na drugim miejscu najzimniejszych stolic \u015bwiata po U\u0142an Bator. Obawy ekologiczne pojawiaj\u0105 si\u0119 w wysychaniu Morza Aralskiego na po\u0142udniu, niegdy\u015b jednego z najwi\u0119kszych jezior \u015br\u00f3dl\u0105dowych na \u015bwiecie, obecnie ostrzegawczego symbolu niew\u0142a\u015bciwego zarz\u0105dzania nawadnianiem.<\/p>\n\n\n\n<p>Dzia\u0142ania na rzecz ochrony obejmuj\u0105 dziesi\u0119\u0107 park\u00f3w narodowych i dziesi\u0119\u0107 rezerwat\u00f3w przyrody, chroni\u0105cych stepy, g\u00f3ry i siedliska podmok\u0142e. Flora obejmuje dzikie jab\u0142ka, winogrona i tulipany w centralnych dolinach; gatunki fauny obejmuj\u0105 owce argali i rysie euroazjatyckie, a tak\u017ce irbisy \u015bnie\u017cne w rejonach alpejskich. Ponowne wprowadzenie konia Przewalskiego przywr\u00f3ci\u0142o tego dzikiego koniowatego do stepu po prawie dw\u00f3ch stuleciach nieobecno\u015bci.<\/p>\n\n\n\n<p>Administracyjnie Kazachstan dzieli si\u0119 na siedemna\u015bcie region\u00f3w i cztery miasta o statusie republika\u0144skim: A\u0142maty, Astana, Szymkent i wydzier\u017cawion\u0105 enklaw\u0119 Bajkonur, w kt\u00f3rej znajduje si\u0119 rosyjski kosmodrom. Regiony dziel\u0105 si\u0119 na okr\u0119gi i okr\u0119gi wiejskie. Miejscowo\u015bci miejskie przyjmuj\u0105 r\u00f3\u017cne rangi \u2014 republika\u0144skie, regionalne lub okr\u0119gowe \u2014 ka\u017cda z okre\u015blonymi rz\u0105dami.<\/p>\n\n\n\n<p>Infrastruktura transportowa spaja szeroki l\u0105d. Koleje przewo\u017c\u0105 sze\u015b\u0107dziesi\u0105t osiem procent \u0142adunk\u00f3w i ponad po\u0142ow\u0119 ruchu pasa\u017cerskiego; narodowy przewo\u017anik, Kazachstan Temir \u017bo\u0142y, obs\u0142uguje oko\u0142o pi\u0119tnastu tysi\u0119cy kilometr\u00f3w tor\u00f3w o rozstawie 1520 mm, z czego prawie jedna trzecia jest zelektryfikowana. Szybkie po\u0142\u0105czenia \u0142\u0105cz\u0105 A\u0142maty i odleg\u0142y Pietropaw\u0142ow na odcinku ponad dw\u00f3ch tysi\u0119cy kilometr\u00f3w w ci\u0105gu oko\u0142o osiemnastu godzin. Stacja Astana Nur\u0142y \u017bo\u0142, otwarta w 2017 roku, jest przyk\u0142adem nowoczesnego projektu i dziennej przepustowo\u015bci dla trzydziestu pi\u0119ciu tysi\u0119cy pasa\u017cer\u00f3w. A\u0142maty ma o\u015bmiokilometrowe metro; plany rozbudowy linii czekaj\u0105 na finansowanie. Suchy port Khorgos Gateway na granicy z Chinami zarz\u0105dza transeuroazjatyckim transportem towarowym \u0142\u0105cz\u0105cym Europ\u0119 i Azj\u0119. Autostrady i lotniska, zw\u0142aszcza w Astanie i A\u0142maty, uzupe\u0142niaj\u0105 sie\u0107, podczas gdy Air Astana pozostaje jedynym kazachskim przewo\u017anikiem spe\u0142niaj\u0105cym normy bezpiecze\u0144stwa UE.<\/p>\n\n\n\n<p>Wska\u017aniki ekonomiczne odzwierciedlaj\u0105 zar\u00f3wno szanse, jak i zmienno\u015b\u0107. W 2018 r. PKB osi\u0105gn\u0105\u0142 179 mld USD, wzrost o 4,5 proc.; produkcja na mieszka\u0144ca zbli\u017cy\u0142a si\u0119 do 9700 USD. Wahania cen ropy naftowej spowodowa\u0142y dewaluacj\u0119 waluty o 19 proc. w lutym 2014 r. i o 22 proc. w sierpniu 2015 r. Niemniej jednak Kazachstan sp\u0142aci\u0142 ca\u0142y d\u0142ug wobec MFW do 2010 r., siedem lat przed terminem. Podczas \u015bwiatowego kryzysu w 2008 r. \u015brodki stymuluj\u0105ce o warto\u015bci oko\u0142o 21 mld USD \u2014 dwadzie\u015bcia procent PKB \u2014 ustabilizowa\u0142y banki, nieruchomo\u015bci, rolnictwo i M\u015aP. Nadwy\u017cki bud\u017cetowe powr\u00f3ci\u0142y do \u200b\u200b2013 r., wspomagane przez konserwatywne wydatki i fundusz stabilizacyjny dochod\u00f3w z ropy naftowej.<\/p>\n\n\n\n<p>Reformy rynkowe przynios\u0142y Kazachstanowi uznanie gospodarki rynkowej przez USA w 2002 r. i rating kredytowy na poziomie inwestycyjnym w tym samym roku. Zad\u0142u\u017cenie zagraniczne pozosta\u0142o skromne w stosunku do PKB, wzrastaj\u0105c z 8,7 procent w 2008 r. do 19,2 procent w 2019 r. Nar\u00f3d d\u0105\u017cy do integracji WTO i Eurazji, przyst\u0119puj\u0105c do \u015awiatowej Organizacji Handlu w 2015 r. i wsp\u00f3\u0142tworz\u0105c Eurazjatyck\u0105 Uni\u0119 Gospodarcz\u0105 i Szanghajsk\u0105 Organizacj\u0119 Wsp\u00f3\u0142pracy.<\/p>\n\n\n\n<p>Turystyka przybywa powoli po\u015br\u00f3d ogromnych odleg\u0142o\u015bci i wyzwa\u0144 infrastrukturalnych. W 2014 r. stanowi\u0142a 0,3 proc. PKB, rz\u0105d d\u0105\u017cy do osi\u0105gni\u0119cia trzech procent do 2020 r. poprzez rozw\u00f3j pi\u0119ciu regionalnych klastr\u00f3w. Systemy bezwizowe dla ponad pi\u0119\u0107dziesi\u0119ciu kraj\u00f3w, od s\u0105siednich pa\u0144stw WNP po UE, USA i Japoni\u0119, maj\u0105 na celu u\u0142atwienie dost\u0119pu. Atrakcje obejmuj\u0105 g\u00f3rskie zaplecze A\u0142maty po legendarne platformy startowe Bajkonuru, od karawanseraj\u00f3w Jedwabnego Szlaku po samotne horyzonty step\u00f3w. Liczba odwiedzaj\u0105cych wzros\u0142a, ale nadal jest ograniczona przez koszty, odleg\u0142e lokalizacje i nier\u00f3wne us\u0142ugi.<\/p>\n\n\n\n<p>Kultura wy\u0142ania si\u0119 z korzeni nomadycznych i dziedzictwa imperialnego. Przed podbojem rosyjskim spo\u0142ecze\u0144stwo kazachskie utrzymywa\u0142o si\u0119 z sezonowego pasterstwa, a jego tradycje ustne czci\u0142y poet\u00f3w, filozof\u00f3w i starszych klan\u00f3w. Islam rozprzestrzenia\u0142 si\u0119 stopniowo od VIII wieku na po\u0142udnie, umacniaj\u0105c si\u0119 pod rz\u0105dami Samanid\u00f3w i Z\u0142otej Ordy. Radziecki ateizm t\u0142umi\u0142 praktyki religijne, ale niepodleg\u0142o\u015b\u0107 o\u017cywi\u0142a budow\u0119 meczet\u00f3w i ko\u015bcio\u0142\u00f3w \u2014 czterokrotny wzrost liczby zarejestrowanych stowarzysze\u0144 od 1990 r.<\/p>\n\n\n\n<p>J\u0119zyk uosabia podw\u00f3jne dziedzictwo: kazachski, j\u0119zyk kipczacki turecki, jest j\u0119zykiem pa\u0144stwowym; rosyjski jest jego oficjalnym odpowiednikiem. Podczas gdy ponad osiemdziesi\u0105t procent twierdzi, \u017ce zna ka\u017cdy z nich, codzienne u\u017cywanie kazachskiego w\u015br\u00f3d etnicznych Kazach\u00f3w si\u0119ga oko\u0142o sze\u015b\u0107dziesi\u0119ciu trzech procent. Dwuj\u0119zyczno\u015b\u0107 kszta\u0142tuje media, edukacj\u0119 i handel.<\/p>\n\n\n\n<p>Literatura i nauka wskazuj\u0105 na znacz\u0105ce postacie: Abay Qunanbayuli stworzy\u0142 formy poetyckie \u0142\u0105cz\u0105ce kultur\u0119 ludow\u0105 i wysok\u0105; Mukhtar Auezov udramatyzowa\u0142 epopeje narodowe; Kanysh Satpayev za\u0142o\u017cy\u0142 geologi\u0119 kazachsk\u0105. Wsp\u00f3\u0142cze\u015bni pisarze, filmowcy i arty\u015bci poruszaj\u0105 si\u0119 po globalnych pr\u0105dach, jednocze\u015bnie dbaj\u0105c o lokaln\u0105 to\u017csamo\u015b\u0107. Pa\u0144stwowe studio w A\u0142maty, Kazakhfilm, produkuje dzie\u0142a takie jak Harmony Lessons; festiwale w Astanie i A\u0142maty sprzyjaj\u0105 mi\u0119dzynarodowej wsp\u00f3\u0142pracy. Hollywoodzki re\u017cyser Timur Bekmambetov \u2014 urodzony w granicach Kazachstanu \u2014 \u0142\u0105czy kazachski talent z szersz\u0105 publiczno\u015bci\u0105.<\/p>\n\n\n\n<p>Kuchnia odzwierciedla pasterskie korzenie: beshbarmak, danie z gotowanego mi\u0119sa i makaronu; pilaw wzbogacony jagni\u0119cin\u0105 i marchewk\u0105; sfermentowane mleko klaczy \u2014 kumys \u2014 obok ayranu i shubatu. Rytua\u0142y herbaciane towarzysz\u0105 spotkaniom towarzyskim, cz\u0119sto podawane z suszonymi owocami i orzechami.<\/p>\n\n\n\n<p>Obecno\u015b\u0107 Kazachstanu na li\u015bcie \u015bwiatowego dziedzictwa UNESCO obejmuje trzy miejsca kulturowe \u2014 mauzoleum Khoja Ahmeda Yasawiego, petroglify Tamgaly, korytarze Jedwabnego Szlaku \u2014 oraz dwa miejsca naturalne: step Saryarka i Zachodni Tien Szan. Te oznaczenia potwierdzaj\u0105 geologiczne, historyczne i kulturowe znaczenie kraju.<\/p>\n\n\n\n<p>Politycznie Kazachstan funkcjonuje jako unitarna republika konstytucyjna. Prezydent Nursu\u0142tan Nazarbajew kierowa\u0142 republik\u0105 od uzyskania niepodleg\u0142o\u015bci do swojej rezygnacji w 2019 r.; jego kadencja obejmowa\u0142a scentralizowan\u0105 w\u0142adz\u0119, stopniowe reformy i wy\u0142aniaj\u0105c\u0105 si\u0119 klas\u0119 polityczn\u0105. Nast\u0119pcy utrzymywali stabilno\u015b\u0107, stopniowo zmierzaj\u0105c w kierunku pluralizmu. Wewn\u0119trzne naciski na przejrzysto\u015b\u0107 i rozliczalno\u015b\u0107 utrzymuj\u0105 si\u0119 obok stosunk\u00f3w zewn\u0119trznych kszta\u0142towanych przez powi\u0105zania gospodarcze z Rosj\u0105, Chinami i Zachodem.<\/p>\n\n\n\n<p>W obliczu zmian demograficznych \u2014 ze wsi do miast, z Kazachstanu do postsowieckiego \u2014 nar\u00f3d wyznacza swoje miejsce mi\u0119dzy tradycj\u0105 a innowacj\u0105. Projekty w zakresie zarz\u0105dzania cyfrowego, energii odnawialnej i ochrony kultury przebiegaj\u0105 r\u00f3wnolegle do rozbudowy p\u00f3l naftowych i korytarzy kolejowych. Niezale\u017cnie od tego, czy poprzez szybk\u0105 kolej \u0142\u0105cz\u0105c\u0105 Europ\u0119 z Azj\u0105, czy poprzez ciche odrodzenie zwyczaj\u00f3w nomad\u00f3w na letnich festiwalach, Kazachstan radzi sobie z napi\u0119ciami skali i samotno\u015bci.<\/p>\n\n\n\n<p>Jednocze\u015bnie rozleg\u0142a i s\u0142abo zaludniona, republika kwestionuje proste charakterystyki. Jej krajobrazy mog\u0105 wydawa\u0107 si\u0119 oboj\u0119tne i otwarte, ale ujawniaj\u0105 skomplikowane historie migracji, podboj\u00f3w i wymiany. Miejskie panoramy wznosz\u0105 si\u0119 w zaplanowanych geometriach, podczas gdy wioski trzymaj\u0105 si\u0119 wyeksploatowanych wzor\u00f3w. Na szeroko\u015bci swojego terytorium, przez stepy, g\u00f3ry i stref\u0119 przemys\u0142ow\u0105, Kazachstan tworzy narracj\u0119 zasob\u00f3w, odporno\u015bci i odnowy \u2014 opowie\u015b\u0107 wci\u0105\u017c rozwijaj\u0105c\u0105 si\u0119, ukszta\u0142towan\u0105 przez szczyt swoich ambicji i g\u0142\u0119bi\u0119 pami\u0119ci przodk\u00f3w.<\/p>","protected":false},"excerpt":{"rendered":"<p>Kazachstan, uznawany za dziewi\u0105ty co do wielko\u015bci kraj na \u015bwiecie pod wzgl\u0119dem powierzchni l\u0105dowej i najbardziej rozleg\u0142y kraj \u015br\u00f3dl\u0105dowy, prezentuje niezwyk\u0142y wachlarz zr\u00f3\u017cnicowanych krajobraz\u00f3w i g\u0142\u0119bokie dziedzictwo kulturowe, po\u0142o\u017cony na skrzy\u017cowaniu Azji \u015arodkowej i Europy Wschodniej. Maj\u0105c prawie 20 milion\u00f3w ludzi \u017cyj\u0105cych na swoim rozleg\u0142ym obszarze, Kazachstan ma jedn\u0105 z najni\u017cszych g\u0119sto\u015bci zaludnienia na \u015bwiecie, wynosz\u0105c\u0105 \u015brednio mniej ni\u017c 6 os\u00f3b na kilometr kwadratowy. Rozleg\u0142e stepy kraju, skaliste g\u00f3ry i szerokie pustynie \u2014 kt\u00f3re ukszta\u0142towa\u0142y jego przesz\u0142o\u015b\u0107 i nadal wp\u0142ywaj\u0105 na jego obecny rozw\u00f3j \u2014 znajduj\u0105 odzwierciedlenie w tym niezwyk\u0142ym po\u0142\u0105czeniu populacji.<\/p>","protected":false},"author":1,"featured_media":3135,"parent":24063,"menu_order":0,"comment_status":"closed","ping_status":"closed","template":"elementor_theme","meta":{"_eb_attr":"","footnotes":""},"class_list":["post-14923","page","type-page","status-publish","has-post-thumbnail"],"_links":{"self":[{"href":"https:\/\/travelshelper.com\/pl\/wp-json\/wp\/v2\/pages\/14923","targetHints":{"allow":["GET"]}}],"collection":[{"href":"https:\/\/travelshelper.com\/pl\/wp-json\/wp\/v2\/pages"}],"about":[{"href":"https:\/\/travelshelper.com\/pl\/wp-json\/wp\/v2\/types\/page"}],"author":[{"embeddable":true,"href":"https:\/\/travelshelper.com\/pl\/wp-json\/wp\/v2\/users\/1"}],"replies":[{"embeddable":true,"href":"https:\/\/travelshelper.com\/pl\/wp-json\/wp\/v2\/comments?post=14923"}],"version-history":[{"count":0,"href":"https:\/\/travelshelper.com\/pl\/wp-json\/wp\/v2\/pages\/14923\/revisions"}],"up":[{"embeddable":true,"href":"https:\/\/travelshelper.com\/pl\/wp-json\/wp\/v2\/pages\/24063"}],"wp:featuredmedia":[{"embeddable":true,"href":"https:\/\/travelshelper.com\/pl\/wp-json\/wp\/v2\/media\/3135"}],"wp:attachment":[{"href":"https:\/\/travelshelper.com\/pl\/wp-json\/wp\/v2\/media?parent=14923"}],"curies":[{"name":"wp","href":"https:\/\/api.w.org\/{rel}","templated":true}]}}