{"id":14830,"date":"2024-09-20T10:42:04","date_gmt":"2024-09-20T10:42:04","guid":{"rendered":"https:\/\/travelshelper.com\/staging\/?page_id=14830"},"modified":"2026-03-11T17:08:44","modified_gmt":"2026-03-11T17:08:44","slug":"nagasaki","status":"publish","type":"page","link":"https:\/\/travelshelper.com\/pl\/destinations\/asia\/japan\/nagasaki\/","title":{"rendered":"Nagasaki"},"content":{"rendered":"<p>Nagasaki zajmuje smuk\u0142\u0105 zatok\u0119 na zachodnim brzegu Kiusiu, a jego nazwa \u2014 \u201ed\u0142ugi przyl\u0105dek\u201d \u2014 nawi\u0105zuje do krzywizny portu, kt\u00f3ry ukszta\u0142towa\u0142 jego histori\u0119 i to\u017csamo\u015b\u0107. Od momentu, gdy portugalscy kupcy zakotwiczyli tutaj w po\u0142owie XVI wieku, miasto nabra\u0142o kszta\u0142tu na skrzy\u017cowaniu handlu, wiary i wymiany kulturalnej. Przez kolejne stulecia Nagasaki pozostawa\u0142o samo, pod japo\u0144sk\u0105 polityk\u0105 izolacji, jako jedyny dozwolony punkt kontaktu z Europ\u0105. Dzi\u015b pozostaje miejscem, w kt\u00f3rym \u0142\u0105cz\u0105 si\u0119 kontury przesz\u0142o\u015bci i tera\u017aniejszo\u015bci: w\u0105skie uliczki z konfucja\u0144skimi \u015bwi\u0105tyniami i ko\u015bcio\u0142ami katolickimi, nowoczesne tramwaje przeplataj\u0105ce si\u0119 mi\u0119dzy pomnikami straty i odzyskania.<\/p>\n\n\n\n<p>Kiedy oko\u0142o 1571 roku przyby\u0142y pierwsze statki portugalskie, zasta\u0142y skromn\u0105 wiosk\u0119 ryback\u0105. W ci\u0105gu dziesi\u0119cioleci osada ta rozros\u0142a si\u0119 w najbardziej ruchliwy zagraniczny port Japonii. Opr\u00f3cz handlu jedwabiem, srebrem i chi\u0144skimi towarami przybyli chrze\u015bcija\u0144scy misjonarze, a Nagasaki sta\u0142o si\u0119 wczesnym bastionem nowej religii. Pod\u0105\u017cali za nimi holenderscy handlarze, ograniczeni do sztucznej wyspy Dejima, gdzie utrzymywali jedyne po\u0142\u0105czenie Japonii z naukowym i kulturalnym rozwojem Europy. Pod narodowym odosobnieniem szogunatu Tokugawa \u017caden inny port nie przyjmowa\u0142 zagranicznych statk\u00f3w. W po\u0142owie XIX wieku magazyny Dejima i dzielnica znana jako Shinchi Chinatown uosabia\u0142y kruch\u0105 otwarto\u015b\u0107. Kupcy i pos\u0142owie mieszkali obok siebie, wymieniaj\u0105c nie tylko towary, ale tak\u017ce idee \u2014 astronomi\u0119, kartografi\u0119 i medycyn\u0119 \u2014 na d\u0142ugo przed tym, zanim Japonia w pe\u0142ni obj\u0119\u0142a szerszy \u015bwiat.<\/p>\n\n\n\n<p>Miasto w\u0142a\u015bciwe przylega do w\u0105skich r\u00f3wnin na czele kr\u0119tej zatoki, z obu stron \u015bciskanych przez strome wzg\u00f3rza. Dwie rzeki, rozdzielone skalistym ostrogiem, rze\u017abi\u0105 g\u0142\u0119bokie doliny, kt\u00f3re kieruj\u0105 mieszka\u0144c\u00f3w i turyst\u00f3w w stron\u0119 nabrze\u017ca. Zabudowa miejska, ograniczona wzg\u00f3rzami, zajmuje mniej ni\u017c dziesi\u0119\u0107 kilometr\u00f3w kwadratowych, nadaj\u0105c Nagasaki g\u0119sty, pionowy charakter. Domy mieszkalne i wie\u017ce biurowe wznosz\u0105 si\u0119 tarasowo, podczas gdy kr\u0119te alejki i schody \u0142\u0105cz\u0105 dzielnice. Panorama ze szczyt\u00f3w g\u00f3r \u2014 w szczeg\u00f3lno\u015bci Inasayama \u2014 ods\u0142ania mozaik\u0119 dach\u00f3w pochylonych w stron\u0119 portu, widok, kt\u00f3ry miejscowi nazwali \u201ewidokiem za dziesi\u0119\u0107 milion\u00f3w dolar\u00f3w\u201d.<\/p>\n\n\n\n<p>Klimat Nagasaki jest zgodny z wilgotnym subtropikalnym wzorcem powszechnym w po\u0142udniowej Japonii, z zimami, kt\u00f3re rzadko spadaj\u0105 poni\u017cej zera, a lata charakteryzuj\u0105 si\u0119 upa\u0142em i wilgoci\u0105. Deszcz pada przez ca\u0142y rok, ale jest najintensywniejszy w czerwcu i lipcu; dane z 1982 r. pokazuj\u0105, \u017ce lipiec przyni\u00f3s\u0142 ponad metr opad\u00f3w. Zimy s\u0105 stosunkowo suche i jasne, co zachwyca odwiedzaj\u0105cych uciekaj\u0105cych z ch\u0142odniejszych miast \u015br\u00f3dl\u0105dowych. W rzadki styczniowy poranek ulice mog\u0105 by\u0107 pokryte \u015bniegiem, tak jak mia\u0142o to miejsce na pocz\u0105tku 2016 r., gdy spad\u0142o siedemna\u015bcie centymetr\u00f3w, chwilowo zmieniaj\u0105c miasto portowe w blady krajobraz.<\/p>\n\n\n\n<p>D\u0142uga historia otwarto\u015bci miasta mia\u0142a ponury fina\u0142 w sierpniu 1945 r. Trzy dni po Hiroszimie bomba atomowa zdewastowa\u0142a dzielnic\u0119 Urakami w Nagasaki, zabijaj\u0105c oko\u0142o 100 000 os\u00f3b. Fabryki, ko\u015bcio\u0142y i domy zamieni\u0142y si\u0119 w gruzy pod wp\u0142ywem wybuchu. Jednak miasto nie znikn\u0119\u0142o. W kolejnych dekadach ocaleni i potomkowie odbudowali ko\u015bcio\u0142y, szko\u0142y i dzielnice. Dzi\u015b Nagasaki Peace Park i Atomic Bomb Museum s\u0105 \u015bwiadkami tej katastrofy, podczas gdy wysi\u0142ki pojednawcze i programy edukacyjne podkre\u015blaj\u0105 zobowi\u0105zanie, \u017ce taka przemoc nigdy nie mo\u017ce si\u0119 powt\u00f3rzy\u0107.<\/p>\n\n\n\n<p>Port w Nagasaki pozostaje aktywny, ale wi\u0119kszo\u015b\u0107 przylot\u00f3w reguluj\u0105 nowoczesne po\u0142\u0105czenia lotnicze i kolejowe. Lotnisko \u014cmura, tu\u017c za granicami miasta, obs\u0142uguje zar\u00f3wno przewo\u017anik\u00f3w oferuj\u0105cych pe\u0142en zakres us\u0142ug \u2014 Japan Airlines i ANA \u2014 jak i tanie linie lotnicze, takie jak Peach i Jetstar. Mi\u0119dzynarodowe loty \u0142\u0105cz\u0105 Szanghaj, Hongkong i Seul. Sie\u0107 autobus\u00f3w limuzynowych dowozi podr\u00f3\u017cnych do miasta w mniej ni\u017c godzin\u0119.<\/p>\n\n\n\n<p>Na l\u0105dzie niedawno uko\u0144czony odcinek Nishi\u2011Ky\u016bsh\u016b Shinkansen p\u0119dzi mi\u0119dzy Nagasaki i Takeo\u2011Onsen, zapraszaj\u0105c pasa\u017cer\u00f3w do przesiadki z ograniczonych us\u0142ug ekspresowych w sieci Kyushu. Podr\u00f3\u017c ze stacji Hakata w Fukuoce mo\u017ce zaj\u0105\u0107 zaledwie dziewi\u0119\u0107dziesi\u0105t minut; obni\u017cone ceny bilet\u00f3w i Japan Rail Passy sprawiaj\u0105, \u017ce jest to praktyczne dla wielu os\u00f3b. Dla os\u00f3b o mniejszym bud\u017cecie lub preferuj\u0105cych wolniejsze podr\u00f3\u017ce, autobusy autostradowe odje\u017cd\u017caj\u0105 regularnie z Fukuoki i Kagoshimy.<\/p>\n\n\n\n<p>W obr\u0119bie miasta tramwaj elektryczny \u2014 jego tramwaje pieszczotliwie nazywane chin\u2011chin densha \u2014 pozostaje najbardziej emblematycznym \u015brodkiem transportu. Pi\u0119\u0107 linii rozchodzi si\u0119 od centrum Nagasaki, ka\u017cda pomalowana na inny kolor. Pojedynczy przejazd kosztuje 140 jen\u00f3w; ca\u0142odniowy karnet jest dost\u0119pny za 500 jen\u00f3w. Autobusy uzupe\u0142niaj\u0105 obs\u0142ug\u0119 zakr\u0119t\u00f3w poza torami tramwajowymi, a kolejka linowa i kr\u0119ta droga \u0142\u0105cz\u0105 si\u0119 z Inasayam\u0105.<\/p>\n\n\n\n<p>\u015alad obcych wiar pozostaje \u017cywy. Ko\u015bci\u00f3\u0142 katolicki \u014cura, zbudowany w 1864 r., jest najstarszym zachowanym ko\u015bcio\u0142em w Japonii. W pobli\u017cu znajduje si\u0119 Muzeum Dwudziestu Sze\u015bciu M\u0119czennik\u00f3w, upami\u0119tniaj\u0105ce miejsce, w kt\u00f3rym w 1597 r. ukrzy\u017cowano japo\u0144skich chrze\u015bcijan i europejskich misjonarzy. Odbudowana katedra Urakami, niegdy\u015b najwi\u0119kszy ko\u015bci\u00f3\u0142 w Azji przed bombardowaniem, teraz g\u00f3ruje obok ruin swojego poprzednika. Natomiast Koshiby\u014d \u2014 Sanktuarium Konfucjusza \u2014 odzwierciedla dziedzictwo spo\u0142eczno\u015bci chi\u0144skiej, a jego ozdobne czerwone i zielone belki s\u0105 jedynym sanktuarium Konfucjusza, jakie kiedykolwiek zbudowano poza kontynentalnymi Chinami.<\/p>\n\n\n\n<p>\u015awi\u0105tynie buddyjskie r\u00f3wnie\u017c \u015bwiadcz\u0105 o wielokulturowej historii Nagasaki. Sofuku-ji, z elementami architektonicznymi dynastii Ming przywiezionymi przez chi\u0144skich imigrant\u00f3w z XVII wieku, pozostaje jednym z najlepszych na \u015bwiecie przyk\u0142ad\u00f3w tego stylu. Fukusai-ji, zrekonstruowana po 1945 roku, przybiera niezwyk\u0142y kszta\u0142t \u017c\u00f3\u0142wia; w \u015brodku wahad\u0142o Foucaulta ko\u0142ysze si\u0119 nad pomnikiem upami\u0119tniaj\u0105cym lokalne ofiary wojny. K\u014dfuku-ji, znana jako \u201eczerwona \u015bwi\u0105tynia\u201d, podtrzymuje tradycj\u0119 Obaku Zen po\u015br\u00f3d miejskiego zgie\u0142ku.<\/p>\n\n\n\n<p>Nowoczesne instytucje kulturalne oferuj\u0105 jeszcze wi\u0119ksz\u0105 g\u0142\u0119bi\u0119. Muzeum Sztuki Prefektury Nagasaki, kt\u00f3rego wsp\u00f3\u0142czesny design zyska\u0142 mi\u0119dzynarodow\u0105 uwag\u0119, organizuje wystawy krajowe i objazdowe. Muzeum Historii i Kultury miasta bada stulecia handlu morskiego i konfrontacji religijnej. W \u015bwi\u0105tyni Suwa na wzg\u00f3rzu Tamazono odwiedzaj\u0105cy zbieraj\u0105 si\u0119 co roku w pa\u017adzierniku na festiwalu O\u2011Kunchi, kiedy platformy obci\u0105\u017cone uczestnikami obracaj\u0105 si\u0119 po ulicach, aby odda\u0107 cze\u015b\u0107 b\u00f3stwom przodk\u00f3w.<\/p>\n\n\n\n<p>Poza granicami miasta znajduj\u0105 si\u0119 wyspy, kt\u00f3re nios\u0105 ze sob\u0105 aspekty przesz\u0142o\u015bci Nagasaki. Gunkanjima, czyli Wyspa Pancernik\u00f3w, g\u00f3ruje jako rozpadaj\u0105ca si\u0119 sylwetka pi\u0119tna\u015bcie kilometr\u00f3w od brzegu. Kiedy\u015b najg\u0119\u015bciej zaludnione miejsce na \u015bwiecie, do 1974 roku mieszkali tam g\u00f3rnicy w\u0119gla i ich rodziny. Dzi\u015b wycieczki z przewodnikiem okr\u0105\u017caj\u0105 rozpadaj\u0105ce si\u0119 betonowe wie\u017ce, a ma\u0142e muzeum przypomina robotnik\u00f3w \u2014 wielu z nich zwerbowanych z Korei \u2014 kt\u00f3rzy znosili ci\u0119\u017ckie warunki w \u015brodku.<\/p>\n\n\n\n<p>Mniej ponura jest wycieczka do I\u014djimy, gdzie kr\u00f3tka przeprawa promem zabiera go\u015bci na piaszczyste brzegi i do naturalnych gor\u0105cych \u017ar\u00f3de\u0142. Hotelowy o\u015brodek na wyspie zaprasza na noclegi i oferuje wsp\u00f3lne \u0142a\u017anie z widokiem na morze, przypominaj\u0105c, jak si\u0142y wulkaniczne kszta\u0142tuj\u0105 krajobraz Kiusiu.<\/p>\n\n\n\n<p>Przez ca\u0142y rok kalendarz Nagasaki jest pe\u0142en t\u0119tni\u0105cych \u017cyciem wydarze\u0144. Festiwal Latarni pod koniec zimy oddaje cze\u015b\u0107 chi\u0144skim przodkom miasta: ponad dwadzie\u015bcia tysi\u0119cy latarni zdobi ulice i szlaki wodne, tworz\u0105c o\u015bwietlony korytarz mitycznych kszta\u0142t\u00f3w. W sierpniu obchody Obon przybieraj\u0105 wybuja\u0142y ton, \u0142\u0105cz\u0105c cze\u015b\u0107 przodk\u00f3w z fajerwerkami, kt\u00f3re roz\u015bwietlaj\u0105 port. A na pocz\u0105tku pa\u017adziernika festiwal O\u2011Kunchi zamienia tereny \u015bwi\u0105tyni Suwa w scen\u0119 dla ta\u0144c\u00f3w lw\u00f3w, parad i ulicznych sprzedawc\u00f3w takoyaki i grillowanej kukurydzy.<\/p>\n\n\n\n<p>\u0141\u0105cz\u0105c do\u015bwiadczenia zar\u00f3wno zwyczajne, jak i niezwyk\u0142e \u2014 tramwaje dudni\u0105ce wzd\u0142u\u017c tor\u00f3w, cisz\u0119 wewn\u0105trz zrekonstruowanego ko\u015bcio\u0142a, ryk t\u0142um\u00f3w festiwalowych \u2014 Nagasaki zaprasza do refleksji nad pr\u0105dami, kt\u00f3re p\u0142yn\u0105 przez ludzkie spo\u0142ecze\u0144stwa. Jego w\u0105skie doliny i \u0142ukowate wzg\u00f3rza skrywaj\u0105 historie ciekawo\u015bci, konfliktu i wsp\u00f3\u0142czucia. W ka\u017cdym nowoczesnym tramwaju, ka\u017cdej odrestaurowanej \u015bwi\u0105tyni, ka\u017cdej szeptanej modlitwie przy pomniku miasto uznaje zar\u00f3wno ci\u0119\u017car tego, co min\u0119\u0142o, jak i niezachwian\u0105 wiar\u0119 w mo\u017cliwo\u015b\u0107 po\u0142\u0105czenia ponad barierami. To w\u0142a\u015bnie to napi\u0119cie \u2014 mi\u0119dzy trwa\u0142ymi bliznami a odporno\u015bci\u0105 na odbudow\u0119 \u2014 nadaje Nagasaki jego wyj\u0105tkow\u0105 g\u0142\u0119bi\u0119.<\/p>","protected":false},"excerpt":{"rendered":"<p>Nagasaki, miasto o znacznym znaczeniu historycznym i g\u0142\u0119bi kulturowej, znajduje si\u0119 na zachodnim wybrze\u017cu Kiusiu, trzeciej co do wielko\u015bci wyspy Japonii. Na dzie\u0144 1 lutego 2024 r. populacja tego dynamicznego o\u015brodka metropolitalnego szacowana jest na 392 281 os\u00f3b, a g\u0119sto\u015b\u0107 zaludnienia wynosi 966 os\u00f3b na kilometr kwadratowy, co obejmuje \u0142\u0105czn\u0105 powierzchni\u0119 405,86 kilometr\u00f3w kwadratowych. Charakterystyczny teren Nagasaki, po\u0142o\u017cony na czele d\u0142ugiej zatoki, kt\u00f3ra tworzy naturalny port, znacz\u0105co wp\u0142yn\u0105\u0142 na jego historyczn\u0105 trajektori\u0119 na przestrzeni wiek\u00f3w.<\/p>","protected":false},"author":1,"featured_media":3034,"parent":14797,"menu_order":0,"comment_status":"closed","ping_status":"closed","template":"elementor_theme","meta":{"_eb_attr":"","footnotes":""},"class_list":["post-14830","page","type-page","status-publish","has-post-thumbnail"],"_links":{"self":[{"href":"https:\/\/travelshelper.com\/pl\/wp-json\/wp\/v2\/pages\/14830","targetHints":{"allow":["GET"]}}],"collection":[{"href":"https:\/\/travelshelper.com\/pl\/wp-json\/wp\/v2\/pages"}],"about":[{"href":"https:\/\/travelshelper.com\/pl\/wp-json\/wp\/v2\/types\/page"}],"author":[{"embeddable":true,"href":"https:\/\/travelshelper.com\/pl\/wp-json\/wp\/v2\/users\/1"}],"replies":[{"embeddable":true,"href":"https:\/\/travelshelper.com\/pl\/wp-json\/wp\/v2\/comments?post=14830"}],"version-history":[{"count":0,"href":"https:\/\/travelshelper.com\/pl\/wp-json\/wp\/v2\/pages\/14830\/revisions"}],"up":[{"embeddable":true,"href":"https:\/\/travelshelper.com\/pl\/wp-json\/wp\/v2\/pages\/14797"}],"wp:featuredmedia":[{"embeddable":true,"href":"https:\/\/travelshelper.com\/pl\/wp-json\/wp\/v2\/media\/3034"}],"wp:attachment":[{"href":"https:\/\/travelshelper.com\/pl\/wp-json\/wp\/v2\/media?parent=14830"}],"curies":[{"name":"wp","href":"https:\/\/api.w.org\/{rel}","templated":true}]}}