{"id":14797,"date":"2024-09-20T09:51:48","date_gmt":"2024-09-20T09:51:48","guid":{"rendered":"https:\/\/travelshelper.com\/staging\/?page_id=14797"},"modified":"2026-03-11T17:39:09","modified_gmt":"2026-03-11T17:39:09","slug":"japonia","status":"publish","type":"page","link":"https:\/\/travelshelper.com\/pl\/destinations\/asia\/japan\/","title":{"rendered":"Japonia"},"content":{"rendered":"<p>Japonia jest wyspiarskim krajem w Azji Wschodniej, po\u0142o\u017conym niczym delikatny poci\u0105gni\u0119cie p\u0119dzla na skraju Oceanu Spokojnego. Jego g\u0142\u00f3wny obszar l\u0105dowy obejmuje cztery g\u0142\u00f3wne wyspy \u2014 Hokkaido, Honsiu, Sikoku i Kiusiu \u2014 obok ponad czternastu tysi\u0119cy mniejszych wysp, kt\u00f3re rozchodz\u0105 si\u0119 wachlarzowo na przestrzeni prawie 3000 kilometr\u00f3w od zimnego uj\u015bcia Morza Ochockiego na p\u00f3\u0142nocy do subtropikalnych w\u00f3d Morza Wschodniochi\u0144skiego na po\u0142udniu. Zajmuj\u0105c powierzchni\u0119 377 975 kilometr\u00f3w kwadratowych, Japonia r\u00f3wnowa\u017cy surowe g\u00f3ry i g\u0119ste lasy z w\u0105skimi r\u00f3wninami przybrze\u017cnymi, gdzie trzy czwarte jej terenu ogranicza dzia\u0142alno\u015b\u0107 rolnicz\u0105 i osadnictwo miejskie do wschodnich brzeg\u00f3w.<\/p>\n\n\n\n<p>Pod wzgl\u0119dem geologicznym Japonia zajmuje niestabilne miejsce na Pacyficznym Pier\u015bcieniu Ognia. Trz\u0119sienia ziemi przetaczaj\u0105 si\u0119 przez jej wyspy z niepokoj\u0105c\u0105 cz\u0119stotliwo\u015bci\u0105, a sto\u017cki wulkaniczne \u2014 ponad sto z nich aktywnych \u2014 przebijaj\u0105 niebo w niemym \u015bwiadectwie podziemnych si\u0142. Pami\u0119\u0107 o wielkim trz\u0119sieniu ziemi w Tokio w 1923 r., kt\u00f3re poch\u0142on\u0119\u0142o ponad 140 000 istnie\u0144 ludzkich, wci\u0105\u017c tkwi w zbiorowej \u015bwiadomo\u015bci narodu, podobnie jak p\u00f3\u017aniejsze wstrz\u0105sy: wielkie trz\u0119sienie ziemi Hanshin w 1995 r. i wstrz\u0105s T\u014dhoku w 2011 r., kt\u00f3re wywo\u0142a\u0142o niszczycielskie tsunami i kryzys nuklearny.<\/p>\n\n\n\n<p>Klimat zmienia si\u0119 wyra\u017anie z p\u00f3\u0142nocy na po\u0142udnie. Na Hokkaido zimy trwaj\u0105 d\u0142ugimi, mro\u017anymi epizodami, a jeziora i pola pokrywaj\u0105 ci\u0119\u017ckie koce \u015bniegu. Przesuwaj\u0105c si\u0119 na po\u0142udnie, zachodnie wybrze\u017ce Honsiu wywo\u0142uje zar\u00f3wno ch\u0142\u00f3d, jak i wilgo\u0107, a wiatry znad Morza Japo\u0144skiego ka\u017cdej zimy tworz\u0105 zaspy \u015bnie\u017cne. Wy\u017cyny w centrum Honsiu do\u015bwiadczaj\u0105 du\u017cych sezonowych waha\u0144 temperatury, podczas gdy wybrze\u017ce Pacyfiku pod Tokio i Osak\u0105 piecze w wilgotne lata i mi\u0119knie pod wp\u0142ywem sporadycznych mroz\u00f3w zim\u0105. Na po\u0142udniu wyspy Ry\u016bky\u016bs i Nanp\u014d s\u0142yn\u0105 z subtropikalnych deszcz\u00f3w, kt\u00f3rych ciep\u0142o przerywa jedynie wczesnomajowy front monsunowy i p\u00f3\u017ane letnie nadej\u015bcie tajfun\u00f3w.<\/p>\n\n\n\n<p>\u015awiat \u017cywy odzwierciedla t\u0119 r\u00f3\u017cnorodno\u015b\u0107 l\u0105du i klimatu. Lasy, pokrywaj\u0105ce dwie trzecie archipelagu, daj\u0105 schronienie ponad dziewi\u0119\u0107dziesi\u0119ciu tysi\u0105com gatunk\u00f3w. Nied\u017awiedzie brunatne wyr\u0119buj\u0105 drewno w lasach sosnowych Hokkaido; japo\u0144skie makaki leniuchuj\u0105 w paruj\u0105cych basenach onsen; rzadko\u015bci, takie jak olbrzymia salamandra, przep\u0142ywaj\u0105 przez g\u00f3rskie strumienie. W g\u0142\u0119bi l\u0105du staro\u017cytne wody jeziora Biwa p\u0142yn\u0105 pod k\u0119pami klon\u00f3w i cedr\u00f3w; wzd\u0142u\u017c wybrze\u017ca mokrad\u0142a i bagna witaj\u0105 ptaki w\u0119drowne w pi\u0119\u0107dziesi\u0119ciu trzech miejscach Ramsar w ca\u0142ym kraju.<\/p>\n\n\n\n<p>Osadnictwo ludzkie na tych wyspach si\u0119ga co najmniej czterdziestu tysi\u0119cy lat wstecz, wchodz\u0105c do zapisu archeologicznego w g\u00f3rnym paleolicie. Z rozproszonych grup \u0142owc\u00f3w-zbieraczy powsta\u0142y regionalne polityki, kt\u00f3re w czwartym wieku po\u0142\u0105czy\u0142y si\u0119 w kr\u00f3lestwa dworskie pod rz\u0105dami cesarza w miejscu, kt\u00f3re obecnie jest Nar\u0105. Ta epoka sprzyja\u0142a pierwszej syntezie obcej wiary i rodzimego obrz\u0119du: buddyzm przyby\u0142 z Korei, konfucja\u0144skie i taoistyczne idee nap\u0142ywa\u0142y z Chin, a praktyki shintoistyczne g\u0142\u0119boko zakorzenione w rytuale i mitologii zrodzi\u0142y si\u0119 z lokalnego szacunku dla natury.<\/p>\n\n\n\n<p>W XII wieku w\u0142adcy wojskowi znani jako sh\u014dgunowie sprawowali faktyczn\u0105 w\u0142adz\u0119, przewodz\u0105c hierarchiom samuraj\u00f3w i domenom feudalnym. Shogunaty Kamakura i Ashikaga przetrwa\u0142y do \u200b\u200bXVI wieku, pe\u0142nego konflikt\u00f3w Wieku Walcz\u0105cych Kr\u00f3lestw. W 1600 roku Tokugawa Ieyasu ustanowi\u0142 nowy porz\u0105dek w Edo (wsp\u00f3\u0142czesne Tokio), egzekwuj\u0105c polityk\u0119 narodowego odosobnienia, kt\u00f3ra trwa\u0142a przez dwa i p\u00f3\u0142 wieku. Pod rz\u0105dami Tokugawy spo\u0142ecze\u0144stwo przyj\u0119\u0142o sztywn\u0105 struktur\u0119 klasow\u0105: samurajowie cieszyli si\u0119 honorem i przywilejami; kupcy, rzemie\u015blnicy i rolnicy wype\u0142niali odr\u0119bne role; spo\u0142eczno\u015bci wyrzutk\u00f3w, burakumin, wykonywa\u0142y zadania uwa\u017cane za nieczyste.<\/p>\n\n\n\n<p>Przybycie czarnych statk\u00f3w komandora Perry&#039;ego w 1853 r. przerwa\u0142o izolacj\u0119 wysp. W ci\u0105gu pi\u0119tnastu lat upad\u0142 szogunat Tokugawa, a cesarz Meiji odzyska\u0142 prawdziw\u0105 w\u0142adz\u0119. Okres Meiji w Japonii rozwin\u0105\u0142 si\u0119 w fali reform: domeny feudalne zosta\u0142y rozwi\u0105zane, koleje rozprzestrzeni\u0142y stalowe wst\u0119gi po kraju, fabryki powsta\u0142y na r\u00f3wninach przybrze\u017cnych, a armia cesarska maszerowa\u0142a za granic\u0119. Rozw\u00f3j przemys\u0142u wyni\u00f3s\u0142 kraj na scen\u0119 \u015bwiatow\u0105, ale zasia\u0142 r\u00f3wnie\u017c ambicje militarystyczne. Pod koniec XIX wieku Japonia rywalizowa\u0142a o wp\u0142ywy w Korei i Chinach; w 1937 r. rozpocz\u0119\u0142a pe\u0142noskalow\u0105 inwazj\u0119 na Chiny, a w 1941 r. uderzy\u0142a w Stany Zjednoczone i kolonie europejskie.<\/p>\n\n\n\n<p>Kl\u0119ska nadesz\u0142a w 1945 r. po bombardowaniu miast i wybuchu atomowym nad Hiroszim\u0105 i Nagasaki. Pod okupacj\u0105 alianck\u0105 Japonia przepisa\u0142a swoj\u0105 konstytucj\u0119, wyrzekaj\u0105c si\u0119 wojny, nawet gdy budowa\u0142a Si\u0142y Samoobrony. Powojenny wzrost produkcji spowodowa\u0142 produkcj\u0119 motocykli, samochod\u00f3w i urz\u0105dze\u0144 elektronicznych, kt\u00f3re wprowadzi\u0142y \u201eMade in Japan\u201d do gospodarstw domowych na ca\u0142ym \u015bwiecie. W latach 60. o\u017cywienie gospodarcze przyspieszy\u0142o do zdumiewaj\u0105cego wzrostu: autostrady i poci\u0105gi du\u017cych pr\u0119dko\u015bci \u0142\u0105czy\u0142y miasta; wie\u017cowce sygnalizowa\u0142y pot\u0119g\u0119 korporacji; poziom \u017cycia gwa\u0142townie wzr\u00f3s\u0142.<\/p>\n\n\n\n<p>Obecnie Japonia jest monarchi\u0105 konstytucyjn\u0105 z dwuizbowym parlamentem, Narodowym Sejmem. Cesarz pe\u0142ni funkcj\u0119 ceremonialnej figury; w\u0142adza polityczna spoczywa w wybieralnych zgromadzeniach i mianowanym premierze. Japonia jest jedynym azjatyckim cz\u0142onkiem Grupy Siedmiu, ale jej konstytucja z 1947 r. zabrania rozmieszczania si\u0142 zbrojnych w celu podboju. Niemniej jednak jej Si\u0142y Samoobrony nale\u017c\u0105 do najlepiej wyposa\u017conych na \u015bwiecie, a partnerstwa w zakresie bezpiecze\u0144stwa ze Stanami Zjednoczonymi umie\u015bci\u0142y Tokio w\u015br\u00f3d najwcze\u015bniejszych g\u0142\u00f3wnych sojusznik\u00f3w Waszyngtonu spoza NATO.<\/p>\n\n\n\n<p>Pod wzgl\u0119dem ekonomicznym Japonia jest pi\u0105tym co do wielko\u015bci krajem \u015bwiata pod wzgl\u0119dem nominalnego PKB. Fabryki w regionach Ch\u016bbu i Kant\u014d pracuj\u0105, produkuj\u0105c samochody, p\u00f3\u0142przewodniki i precyzyjny sprz\u0119t. Laboratoria robotyki udoskonalaj\u0105 automatyzacj\u0119, kt\u00f3ra kszta\u0142tuje fabryki od Osaki do Jokohamy. Jednak kraj ten zmaga si\u0119 r\u00f3wnie\u017c z rosn\u0105cym d\u0142ugiem publicznym \u2014 zbli\u017caj\u0105cym si\u0119 do dwuip\u00f3\u0142krotno\u015bci PKB \u2014 i wska\u017anikiem ub\u00f3stwa przekraczaj\u0105cym 15 procent pomimo niskiego bezrobocia. Model zorientowany na eksport wi\u0105\u017ce Japoni\u0119 z rynkami od Chin po Stany Zjednoczone, ale zale\u017cno\u015b\u0107 energetyczna \u2014 zw\u0142aszcza od importowanych paliw kopalnych \u2014 sprawia, \u017ce \u200b\u200bgospodarka jest podatna na globalne wahania cen.<\/p>\n\n\n\n<p>Demograficznie Japonia stoi na rozdro\u017cu. Jej populacja, licz\u0105ca 123 miliony, osi\u0105gn\u0119\u0142a szczyt w ostatnich latach; do 2025 r. jeden na czterech mieszka\u0144c\u00f3w przekroczy sze\u015b\u0107dziesi\u0105t pi\u0119\u0107. Ca\u0142e \u017cycie niskich wska\u017anik\u00f3w urodze\u0144 i znikoma imigracja prowadz\u0105 prognozy do osiemdziesi\u0119ciu o\u015bmiu milion\u00f3w do 2065 r. Kurcz\u0105ce si\u0119 klasy szkolne i miasteczka wiejskie opr\u00f3\u017cnione z m\u0142odych rodzin odbijaj\u0105 si\u0119 echem na wsi, nawet gdy dwadzie\u015bcia trzy okr\u0119gi Tokio pozostaj\u0105 zat\u0142oczone.<\/p>\n\n\n\n<p>W obliczu tych wyzwa\u0144 japo\u0144skie spo\u0142ecze\u0144stwo trwa na fundamentach j\u0119zyka i wiary. Japo\u0144ski, cz\u0142onek rodziny japo\u0144skiej, u\u017cywa systemu pisma kanji i kana, kt\u00f3ry przeplata logogramy i sylabariusze. J\u0119zyki regionalne \u2014 dialekty Ryukyuan na Okinawie, prawie wymar\u0142y Ainu na Hokkaido \u2014 wskazuj\u0105 na g\u0142\u0119bsze warstwy dziedzictwa. W\u015br\u00f3d praktyk religijnych shintoizm i buddyzm si\u0119 przeplataj\u0105: \u015bwi\u0105tynie organizuj\u0105 sezonowe obrz\u0119dy; \u015bwi\u0105tynie strzeg\u0105 o\u015bwietlonych latarniami \u015bcie\u017cek podczas festiwali latarni; \u015bwieckie ceremonie \u015blubne i pogrzebowe obejmuj\u0105 obie tradycje.<\/p>\n\n\n\n<p>\u017bycie kulturalne t\u0119tni w sztukach i wyst\u0119pach. Tradycyjne rzemios\u0142o \u2014 wyroby z laki, ceramika i tkaniny jedwabne \u2014 podtrzymuje wielowiekowe techniki obok nowoczesnego wzornictwa. Na scenie maski noh przywo\u0142uj\u0105 eteryczne duchy, aktorzy kabuki przeobra\u017caj\u0105 si\u0119 w wyszukane kostiumy, a kukie\u0142ki bunraku odgrywaj\u0105 opowie\u015bci o lojalno\u015bci i stracie. Kaligrafowie wdmuchuj\u0105 poci\u0105gni\u0119cia p\u0119dzlem na papier, podczas gdy mistrzowie herbaty orkiestruj\u0105 ceremonialne rytmy miski, trzepaczki i wody.<\/p>\n\n\n\n<p>Kuchnia japo\u0144ska cieszy si\u0119 \u015bwiatowym szacunkiem, ale jest nierozerwalnie zwi\u0105zana ze swoim miejscem pochodzenia. Lady sushi w dzielnicy Tsukiji w Tokio wype\u0142niaj\u0105 si\u0119 porannymi po\u0142owami; sto\u0142y kaiseki w Kioto przygotowuj\u0105 sezonowe dania, takie jak haiku, w formie jadalnej; zimne morza Hokkaido przynosz\u0105 bogate ikry z kraba i \u0142ososia. Ry\u017c, soja i wodorosty stanowi\u0105 podstaw\u0119 codziennych posi\u0142k\u00f3w; s\u0142odycze wagashi towarzysz\u0105 ceremonii picia zielonej herbaty. W \u017cyciu codziennym miski ramenu i talerze curry \u2014 pierwotnie pochodz\u0105ce z Indii Brytyjskich \u2014 stanowi\u0105 kotwic\u0119 zar\u00f3wno dla wygody, jak i komfortu.<\/p>\n\n\n\n<p>Infrastruktura transportowa uosabia zar\u00f3wno obietnic\u0119, jak i precyzj\u0119. Ponad milion kilometr\u00f3w dr\u00f3g \u0142\u0105czy miasto i wie\u015b; szybkie poci\u0105gi Shinkansen przecinaj\u0105 tunele z pr\u0119dko\u015bci\u0105 prawie 300 kilometr\u00f3w na godzin\u0119; regionalne koleje krzy\u017cuj\u0105 g\u00f3ry i r\u00f3wniny. Podr\u00f3\u017ce lotnicze pozostaj\u0105 stabilne na 280 lotniskach, a Haneda jest drugim najbardziej ruchliwym w\u0119z\u0142em komunikacyjnym w Azji. Superporty w Zatoce Tokijskiej i Osace obs\u0142uguj\u0105 miliony kontener\u00f3w, utrzymuj\u0105c p\u0142ynno\u015b\u0107 handlu w kraju ukszta\u0142towanym przez import i eksport.<\/p>\n\n\n\n<p>\u017bycie w Japonii toczy si\u0119 po\u015br\u00f3d choreografii zwyczaj\u00f3w spo\u0142ecznych. Szacunek przenika codzienne interakcje: uk\u0142ony podkre\u015blaj\u0105 powitania; wizyt\u00f3wki wymieniane s\u0105 w obu r\u0119kach; buty zdejmuje si\u0119 na progu. Etykieta w przestrzeni publicznej \u2014 ciche poci\u0105gi, oddzielne kosze na \u015bmieci do recyklingu \u2014 ujawnia zbiorowe naleganie na rozwag\u0119. Odwiedzaj\u0105cy ucz\u0105 si\u0119 unika\u0107 opierania pa\u0142eczek pionowo w ry\u017cu, k\u0105pa\u0107 si\u0119 przed wej\u015bciem do wsp\u00f3lnych wanien i sk\u0142ada\u0107 podzi\u0119kowania zar\u00f3wno osobi\u015bcie, jak i w odr\u0119cznie pisanych notatkach.<\/p>\n\n\n\n<p>Jednak pod tymi rytua\u0142ami kryje si\u0119 duch adaptacji. Japo\u0144ska kultura popularna rozci\u0105ga si\u0119 na anime, mang\u0119 i gry wideo, kszta\u0142tuj\u0105c kultur\u0119 m\u0142odzie\u017cow\u0105 zar\u00f3wno w zau\u0142kach Tokio, jak i w wiejskich kawiarniach. Wsp\u00f3\u0142praca i konsensus utrzymuj\u0105 hierarchie w miejscu pracy, nawet gdy niekt\u00f3re kobiety i grupy mniejszo\u015bciowe naciskaj\u0105 na szersz\u0105 r\u00f3wno\u015b\u0107. W starzej\u0105cym si\u0119 spo\u0142ecze\u0144stwie innowacje w robotyce i opiece zdrowotnej maj\u0105 na celu z\u0142agodzenie ci\u0119\u017car\u00f3w opieki.<\/p>\n\n\n\n<p>Kraj kontrast\u00f3w, Japonia r\u00f3wnowa\u017cy zachowanie i zmian\u0119. Staro\u017cytne \u015bwi\u0105tynie stoj\u0105 w pobli\u017cu szklanych wie\u017c; wiejskie festiwale o\u017cywiaj\u0105 ulice o\u015bwietlone latarniami, a neony \u015bwiec\u0105 nad g\u0142owami. W ogrodach mchy pokrywaj\u0105 kamienie obok syntetycznych wodospad\u00f3w; w miastach papierowe lampiony ko\u0142ysz\u0105 si\u0119 pod paj\u0119czynami przewod\u00f3w elektrycznych. To w\u0142a\u015bnie ta gra pami\u0119ci i inwencji, pokory i ambicji, daje Japonii cich\u0105 intensywno\u015b\u0107 i trwa\u0142\u0105 obecno\u015b\u0107 na \u015bwiatowej scenie.<\/p>","protected":false},"excerpt":{"rendered":"<p>Japonia, wyspiarskie pa\u0144stwo po\u0142o\u017cone u wschodnich wybrze\u017cy Azji, licz\u0105ce oko\u0142o 124 milion\u00f3w mieszka\u0144c\u00f3w w 2024 r., co plasuje je na dziewi\u0105tym miejscu pod wzgl\u0119dem liczby ludno\u015bci na \u015bwiecie. Ten archipelagowy kraj sk\u0142ada si\u0119 z czterech g\u0142\u00f3wnych wysp i kilku mniejszych, zajmuj\u0105c powierzchni\u0119 377 975 kilometr\u00f3w kwadratowych (145 937 mil kwadratowych) na Oceanie Spokojnym. Wyj\u0105tkowe po\u0142o\u017cenie geograficzne regionu, granicz\u0105cego z Morzem Japo\u0144skim na zachodzie i rozci\u0105gaj\u0105cego si\u0119 od Morza Ochockiego na p\u00f3\u0142nocy do Morza Wschodniochi\u0144skiego na po\u0142udniu, znacz\u0105co wp\u0142yn\u0119\u0142o na jego histori\u0119, kultur\u0119 i \u015bwiatowe znaczenie.<\/p>","protected":false},"author":1,"featured_media":5237,"parent":24063,"menu_order":0,"comment_status":"closed","ping_status":"closed","template":"elementor_theme","meta":{"_eb_attr":"","footnotes":""},"class_list":["post-14797","page","type-page","status-publish","has-post-thumbnail"],"_links":{"self":[{"href":"https:\/\/travelshelper.com\/pl\/wp-json\/wp\/v2\/pages\/14797","targetHints":{"allow":["GET"]}}],"collection":[{"href":"https:\/\/travelshelper.com\/pl\/wp-json\/wp\/v2\/pages"}],"about":[{"href":"https:\/\/travelshelper.com\/pl\/wp-json\/wp\/v2\/types\/page"}],"author":[{"embeddable":true,"href":"https:\/\/travelshelper.com\/pl\/wp-json\/wp\/v2\/users\/1"}],"replies":[{"embeddable":true,"href":"https:\/\/travelshelper.com\/pl\/wp-json\/wp\/v2\/comments?post=14797"}],"version-history":[{"count":0,"href":"https:\/\/travelshelper.com\/pl\/wp-json\/wp\/v2\/pages\/14797\/revisions"}],"up":[{"embeddable":true,"href":"https:\/\/travelshelper.com\/pl\/wp-json\/wp\/v2\/pages\/24063"}],"wp:featuredmedia":[{"embeddable":true,"href":"https:\/\/travelshelper.com\/pl\/wp-json\/wp\/v2\/media\/5237"}],"wp:attachment":[{"href":"https:\/\/travelshelper.com\/pl\/wp-json\/wp\/v2\/media?parent=14797"}],"curies":[{"name":"wp","href":"https:\/\/api.w.org\/{rel}","templated":true}]}}