{"id":14785,"date":"2024-09-20T09:34:11","date_gmt":"2024-09-20T09:34:11","guid":{"rendered":"https:\/\/travelshelper.com\/staging\/?page_id=14785"},"modified":"2026-03-11T18:16:36","modified_gmt":"2026-03-11T18:16:36","slug":"kirgistan","status":"publish","type":"page","link":"https:\/\/travelshelper.com\/pl\/destinations\/asia\/kyrgyzstan\/","title":{"rendered":"Kirgistan"},"content":{"rendered":"<p>Kirgistan, oficjalnie Republika Kirgiska, zajmuje surowy pas Azji \u015arodkowej, kt\u00f3rego terytorium wyznaczaj\u0105 wznosz\u0105ce si\u0119 grzbiety g\u00f3r Tien-Szan i Pamir. Terytoria ograniczone przez Kazachstan na p\u00f3\u0142nocy, Uzbekistan na zachodzie, Tad\u017cykistan na po\u0142udniu i Chiny na wschodzie, republika rozci\u0105ga si\u0119 mi\u0119dzy 39\u00b0 a 44\u00b0 szeroko\u015bci geograficznej p\u00f3\u0142nocnej i 69\u00b0 a 81\u00b0 d\u0142ugo\u015bci geograficznej wschodniej. Biszkek, jego centrum administracyjne, le\u017cy u p\u00f3\u0142nocnych podn\u00f3\u017cy g\u00f3r, podczas gdy Osz \u2014 jego drugie miasto i jedna z najstarszych osad miejskich w regionie \u2014 le\u017cy w pobli\u017cu \u017cyznych odn\u00f3g Doliny Ferga\u0144skiej. Pa\u0144stwo liczy nieco ponad siedem milion\u00f3w mieszka\u0144c\u00f3w, g\u0142\u00f3wnie etnicznych Kirgiz\u00f3w, obok znacznych spo\u0142eczno\u015bci uzbeckich i rosyjskich. Niniejszy artyku\u0142 bada fizyczne kontury Kirgistanu, jego z\u0142o\u017con\u0105 przesz\u0142o\u015b\u0107 oraz si\u0142y spo\u0142eczne i ekonomiczne, kt\u00f3re kszta\u0142tuj\u0105 jego tera\u017aniejszo\u015b\u0107.<\/p>\n\n\n\n<p>Obecno\u015b\u0107 cz\u0142owieka w dzisiejszym Kirgistanie si\u0119ga czas\u00f3w plemion koczowniczych, kt\u00f3re w\u0119drowa\u0142y po stepach na d\u0142ugo przed zapisem kronik. Jenisejski Kirgiz za\u0142o\u017cy\u0142 khaganat we wczesnym \u015bredniowieczu, tylko po to, by zosta\u0107 wch\u0142oni\u0119tym przez kolejne tureckie konfederacje. W XIII wieku Imperium Mongolskie w\u0142\u0105czy\u0142o ten region; rodzime rz\u0105dy odradza\u0142y si\u0119 okresowo pod rz\u0105dami mongolskich pa\u0144stw nast\u0119pczych, a p\u00f3\u017aniej Chanatu Dzungarskiego. Po upadku Dzungar\u00f3w Kirgizi i spokrewnione grupy Kipczak\u00f3w stanowi\u0142y cz\u0119\u015b\u0107 Chanatu Kokand do 1876 roku, kiedy to carska Rosja anektowa\u0142a terytorium. Przez nast\u0119pne sze\u015b\u0107 dekad osadnicy s\u0142owia\u0144scy przekszta\u0142cali ni\u017cej po\u0142o\u017cone pastwiska w ziemi\u0119 uprawn\u0105, podczas gdy lokalne powstania przeciwko imperialnemu poborowi do wojska wybucha\u0142y sporadycznie.<\/p>\n\n\n\n<p>Pod administracj\u0105 sowieck\u0105 Karakirgiski Obw\u00f3d Autonomiczny ukszta\u0142towa\u0142 si\u0119 w ramach Rosyjskiej Republiki Radzieckiej, przemianowanej w 1926 r. na Kirgisk\u0105 Autonomiczn\u0105 Socjalistyczn\u0105 Republik\u0119 Radzieck\u0105 i podniesionej do statusu republiki zwi\u0105zkowej w 1936 r. Frunze \u2014 dawniej Piszpek \u2014 sta\u0142o si\u0119 stolic\u0105, a rusyfikacja, industrializacja i kolektywizacja zmieni\u0142y kszta\u0142t spo\u0142ecze\u0144stwa. J\u0119zyk kirgiski przyj\u0105\u0142 alfabet \u0142aci\u0144ski, a p\u00f3\u017aniej cyrylic\u0119, obowi\u0105zkowa edukacja przyczyni\u0142a si\u0119 do rozwoju umiej\u0119tno\u015bci czytania i pisania, a Epos o Manasie przyj\u0105\u0142 form\u0119 pisemn\u0105. Okres sowiecki przyni\u00f3s\u0142 r\u00f3wnie\u017c deportacje mniejszo\u015bci \u2014 Niemc\u00f3w, Czeczen\u00f3w, Polak\u00f3w \u2014 co przyczyni\u0142o si\u0119 do r\u00f3\u017cnorodno\u015bci regionu.<\/p>\n\n\n\n<p>W 1990 r., gdy reformy Michai\u0142a Gorbaczowa os\u0142abi\u0142y u\u015bcisk Moskwy, nastroje pro-niepodleg\u0142o\u015bciowe doprowadzi\u0142y do \u200b\u200bwyboru Askara Akajewa na prezydenta. 31 sierpnia 1991 r. Kirgistan og\u0142osi\u0142 suwerenno\u015b\u0107 od Zwi\u0105zku Radzieckiego. Republika dostosowa\u0142a swoj\u0105 konstytucj\u0119, zmieni\u0142a pisowni\u0119 angielsk\u0105 i rosyjsk\u0105, aby pasowa\u0142y do \u200b\u200bkirgiskiego endonimu, i przywr\u00f3ci\u0142a rodzim\u0105 nazw\u0119 stolicy jako Biszkek.<\/p>\n\n\n\n<p>Po uzyskaniu niepodleg\u0142o\u015bci Kirgistan przyj\u0105\u0142 silny model prezydencki. Niezadowolenie z coraz bardziej autorytarnej kadencji Akajewa doprowadzi\u0142o do \u201erewolucji tulipan\u00f3w\u201d w 2005 r., kt\u00f3ra wprowadzi\u0142a Kurmanbeka Bakijewa. Administracja Bakijewa r\u00f3wnie\u017c zmaga\u0142a si\u0119 ze sporami konstytucyjnymi i zarzutami o nadu\u017cycia wyborcze. W 2010 r. niepokoje spo\u0142eczne doprowadzi\u0142y do \u200b\u200bdalszej transformacji i wy\u0142oni\u0142 si\u0119 hybrydowy system parlamentarno-prezydencki. W ci\u0105gu nast\u0119pnej dekady zmieniaj\u0105ca si\u0119 r\u00f3wnowaga si\u0142 mi\u0119dzy organami wykonawczymi i ustawodawczymi doprowadzi\u0142a do powstania uk\u0142adu p\u00f3\u0142prezydenckiego, a\u017c do czasu, gdy reformy w 2021 r. przywr\u00f3ci\u0142y dominuj\u0105c\u0105 rol\u0119 prezydenta. Przez ca\u0142y ten okres napi\u0119cia etniczne \u2014 zw\u0142aszcza mi\u0119dzy spo\u0142eczno\u015bciami kirgisk\u0105 i uzbeck\u0105 \u2014 rozgorza\u0142y w po\u0142udniowych prowincjach, podczas gdy trudno\u015bci gospodarcze i sporne wybory wywo\u0142ywa\u0142y okresowe protesty.<\/p>\n\n\n\n<p>Oko\u0142o 80 procent Kirgistanu le\u017cy powy\u017cej 1500 metr\u00f3w wysoko\u015bci. Szczyty g\u00f3rskie cz\u0119sto przekraczaj\u0105 7000 metr\u00f3w; Jengish Chokusu (dawniej Peak Pobeda) osi\u0105ga 7439 metr\u00f3w na granicy Chin, co oznacza najbardziej wysuni\u0119ty na p\u00f3\u0142noc szczyt \u015bwiata powy\u017cej 7000 metr\u00f3w. Doliny \u2014 zw\u0142aszcza te rzek Naryn i Kara-Daria \u2014 wij\u0105ce si\u0119 mi\u0119dzy grzbietami zasilaj\u0105 Syr-Dari\u0119, kt\u00f3ra kiedy\u015b dociera\u0142a do Morza Aralskiego, zanim jej wody zosta\u0142y przekierowane na nawadniane uprawy bawe\u0142ny w stanach po\u0142o\u017conych ni\u017cej. Rzeka Czu przep\u0142ywa przez p\u00f3\u0142noc, a nast\u0119pnie p\u0142ynie dalej do Kazachstanu. Obfite zimowe opady \u015bniegu wywo\u0142uj\u0105 wiosenne powodzie, kt\u00f3re zmieniaj\u0105 kszta\u0142t brzeg\u00f3w rzek i zagra\u017caj\u0105 osadom po\u0142o\u017conym ni\u017cej, podczas gdy sp\u0142yw wody zasila liczne elektrownie wodne.<\/p>\n\n\n\n<p>Issyk-Kul, s\u0142one jezioro po\u0142o\u017cone na wysoko\u015bci 1607 metr\u00f3w w p\u00f3\u0142nocno-wschodnim sektorze Tienszan, jest drugim co do wielko\u015bci jeziorem alpejskim na \u015bwiecie, po jeziorze Titicaca. Jego nazwa, kt\u00f3ra w j\u0119zyku kirgiskim oznacza \u201eciep\u0142e jezioro\u201d, odzwierciedla brak zimowego lodu pomimo mro\u017anych temperatur powietrza. Uprawiane grunty stanowi\u0105 mniej ni\u017c 8 procent ca\u0142kowitej powierzchni; dzia\u0142ki orne koncentruj\u0105 si\u0119 na p\u00f3\u0142nocnych r\u00f3wninach i obrze\u017cach Kotliny Ferga\u0144skiej. Zalesione zbocza z drzewostanami iglastymi ust\u0119puj\u0105 miejsca alpejskim \u0142\u0105kom, p\u00f3\u0142pustynnym podg\u00f3rzom i pustyni na ni\u017cszych wysoko\u015bciach, utrzymuj\u0105c siedem odr\u0119bnych ekosystem\u00f3w l\u0105dowych. Wed\u0142ug globalnego badania z 2019 r. Kirgistan zaj\u0105\u0142 trzynaste miejsce pod wzgl\u0119dem integralno\u015bci krajobrazu le\u015bnego.<\/p>\n\n\n\n<p>Dominuj\u0105 wp\u0142ywy kontynentalne, ale wysoko\u015b\u0107 nap\u0119dza regionalne kontrasty. W Dolinie Ferga\u0144skiej panuje subtropikalne ciep\u0142o, z letnimi maksimami zbli\u017caj\u0105cymi si\u0119 do 40 \u00b0C i \u0142agodnymi zimami. P\u00f3\u0142nocne przedg\u00f3rza maj\u0105 umiarkowane warunki. W wysokich pasmach warunki wahaj\u0105 si\u0119 od suchych kontynentalnych do polarnych; \u015bnieg utrzymuje si\u0119 przez wi\u0119ksz\u0105 cz\u0119\u015b\u0107 roku powy\u017cej 3000 metr\u00f3w. Zimy mog\u0105 dostarcza\u0107 temperatury poni\u017cej \u201320 \u00b0C w ods\u0142oni\u0119tych obszarach, co powoduje obfite pokrycie \u015bniegiem nawet w niekt\u00f3rych ni\u017cej po\u0142o\u017conych kotlinach przez okresy trwaj\u0105ce ponad miesi\u0105c. Na nizinach stycze\u0144 \u015brednio wynosi oko\u0142o \u20136 \u00b0C, podczas gdy lipiec przynosi \u015brednio 24 \u00b0C.<\/p>\n\n\n\n<p>Kirgistan dzieli si\u0119 na siedem region\u00f3w (oblustar) i dwa miasta o znaczeniu krajowym \u2014 Biszkek i Osz \u2014 kt\u00f3re dzia\u0142aj\u0105 poza jurysdykcj\u0105 regionaln\u0105. Regiony dziel\u0105 si\u0119 na czterdzie\u015bci cztery dystrykty (aymaqtar), z kt\u00f3rych ka\u017cdy jest nadzorowany przez gubernatora (akim) mianowanego przez prezydenta za po\u015brednictwem w\u0142adz regionalnych. Dystrykty dziel\u0105 si\u0119 dalej na gminy wiejskie (ayyl \u00f6km\u00f6t\u00fc), kt\u00f3re obejmuj\u0105 wsie nieposiadaj\u0105ce odr\u0119bnego statusu gminy. Regiony to: Batken, Ch\u00fcy, Jalal-Abad, Naryn, Osz, Ta\u0142as i Issyk-Kul. Ka\u017cdy region odzwierciedla odr\u0119bne krajobrazy i profile ekonomiczne \u2014 od g\u00f3rzystego odosobnienia Naryn po rolnicze rozleg\u0142e obszary Ch\u00fcy.<\/p>\n\n\n\n<p>Kirgistan zajmuje 117. miejsce w rankingu Human Development Index i po Tad\u017cykistanie jest drugim najbiedniejszym krajem Azji \u015arodkowej. Jego gospodarka przej\u015bciowa opiera si\u0119 w du\u017cej mierze na eksporcie surowc\u00f3w mineralnych \u2014 szczeg\u00f3lnie z\u0142ota, w\u0119gla i uranu \u2014 oraz na przekazach pieni\u0119\u017cnych od oko\u0142o 800 000 Kirgiz\u00f3w pracuj\u0105cych za granic\u0105, g\u0142\u00f3wnie w Rosji. Bank pa\u0144stwowy, Narodowy Bank Republiki Kirgiskiej, zarz\u0105dza emisj\u0105 waluty \u2014 som kirgiski (KGS) \u2014 i dostosowuje polityk\u0119 pieni\u0119\u017cn\u0105 do reform fiskalnych. Po upadku Zwi\u0105zku Radzieckiego rynki eksportowe wyparowa\u0142y, co wymusi\u0142o bolesne dostosowania: zaprzestanie subsydiowania cen, wprowadzenie podatku od warto\u015bci dodanej i redukcj\u0119 wydatk\u00f3w publicznych. Przyst\u0105pienie do \u015awiatowej Organizacji Handlu 20 grudnia 1998 r. by\u0142o sygna\u0142em zaanga\u017cowania na rzecz liberalizacji.<\/p>\n\n\n\n<p>Rolnictwo stanowi\u0142o ponad 35 procent PKB w 2002 r. i zatrudnia\u0142o oko\u0142o po\u0142ow\u0119 si\u0142y roboczej. Dominuje hodowla zwierz\u0105t gospodarskich, owce, byd\u0142o i konie hodowane na pastwiskach g\u00f3rskich, produkuj\u0105ce we\u0142n\u0119, mi\u0119so i nabia\u0142. Uprawa ro\u015blin koncentruje si\u0119 na pszenicy, burakach cukrowych, ziemniakach, bawe\u0142nie i tytoniu, chocia\u017c wysokie koszty importu \u015brodk\u00f3w agrochemicznych i paliwa ograniczaj\u0105 mechanizacj\u0119, pozostawiaj\u0105c wielu drobnych rolnik\u00f3w do zatrudniania koni i pracy r\u0119cznej. Przetw\u00f3rstwo produkt\u00f3w rolnych, zw\u0142aszcza nabia\u0142u, mi\u0119sa i bawe\u0142ny, oferuje mo\u017cliwo\u015bci inwestycji.<\/p>\n\n\n\n<p>Bogactwo mineralne stanowi podstaw\u0119 metalurgii: wydobycie z\u0142ota w kopalni Kumtor przyci\u0105gn\u0119\u0142o zagranicznych partner\u00f3w, pomimo obaw o \u015brodowisko. Rozw\u00f3j energetyki wodnej wykorzystuje sp\u0142yw g\u00f3rski, co ma potencja\u0142 zwi\u0119kszenia eksportowej energii elektrycznej. Zasoby ropy naftowej i gazu ziemnego okazuj\u0105 si\u0119 nieznaczne, co sk\u0142ania do importu w celu zaspokojenia krajowych potrzeb.<\/p>\n\n\n\n<p>Do sierpnia 2020 r. populacja wynosi\u0142a oko\u0142o 6,59 miliona, z czego 34,4% to osoby poni\u017cej 15. roku \u017cycia, a 6,2% to osoby powy\u017cej 65. roku \u017cycia; mieszka\u0144cy miast stanowi\u0105 oko\u0142o jednej trzeciej og\u00f3\u0142u, co daje \u015bredni\u0105 g\u0119sto\u015b\u0107 zaludnienia 25 os\u00f3b na kilometr kwadratowy. Kirgizi etniczni stanowi\u0105 77,8%; Uzbecy stanowi\u0105 14,2%, g\u0142\u00f3wnie na po\u0142udniu; Rosjanie stanowi\u0105 3,8%, skoncentrowani wok\u00f3\u0142 Biszkeku i Czuj. Mniejsze grupy obejmuj\u0105 Dungan\u00f3w, Tad\u017cyk\u00f3w, Ujgur\u00f3w, Kazach\u00f3w i innych, co daje ponad 80 odr\u0119bnych spo\u0142eczno\u015bci. Od czasu uzyskania niepodleg\u0142o\u015bci odsetek etnicznych Kirgiz\u00f3w wzr\u00f3s\u0142 z oko\u0142o 50% w 1979 r. do ponad 70% w 2013 r., poniewa\u017c wielu Rosjan, Ukrai\u0144c\u00f3w i Niemc\u00f3w wyemigrowa\u0142o.<\/p>\n\n\n\n<p>Kirgizi tradycyjnie praktykowali sezonowe pasterstwo, przenosz\u0105c zwierz\u0119ta gospodarskie na pastwiska g\u00f3rskie (jailoo) latem, mieszkaj\u0105c w przeno\u015bnych okr\u0105g\u0142ych namiotach zwanych jurtami. Uzbecy i Tad\u017cykowie natomiast zajmowali si\u0119 rolnictwem nawadnianym na R\u00f3wninie Ferga\u0144skiej. Podczas gdy migracja miejska wzros\u0142a, wzorce te utrzymuj\u0105 si\u0119 na obszarach wiejskich. W Global Hunger Index z 2024 r. Kirgistan zaj\u0105\u0142 36. miejsce w\u015br\u00f3d 127 kraj\u00f3w, a jego wynik 6,8 sklasyfikowano jako niski poziom g\u0142odu.<\/p>\n\n\n\n<p>Kirgiski, kipczacki j\u0119zyk turecki, jest j\u0119zykiem pa\u0144stwowym; rosyjski ma status wsp\u00f3\u0142oficjalnego j\u0119zyka od 2000 r. Kirgiski u\u017cywa cyrylicy wprowadzonej w 1941 r. Reforma oparta na alfabecie \u0142aci\u0144skim, wzorowana na zmianie s\u0105siedniego Kazachstanu, pozostaje przedmiotem debaty; w kwietniu 2023 r. Rosja zawiesi\u0142a eksport produkt\u00f3w mlecznych po tym, jak przewodnicz\u0105cy komisji j\u0119zykowej zaproponowa\u0142 przej\u015bcie na \u0142acin\u0119. Krajowe media nadawcze i drukowane dzia\u0142aj\u0105 w obu j\u0119zykach, chocia\u017c rosyjskie media \u2014 wspierane przez Moskw\u0119 \u2014 utrzymuj\u0105 wysok\u0105 ogl\u0105dalno\u015b\u0107, szczeg\u00f3lnie w dzielnicach miejskich i p\u00f3\u0142nocnych. W Biszkeku dane z badania z 2020 r. wskaza\u0142y, \u017ce 55,6% gospodarstw domowych m\u00f3wi\u0142o w domu po rosyjsku, 43,6% po kirgisku; w ca\u0142ym kraju 70,9% u\u017cywa\u0142o kirgiskiego w kraju. Sprawy biznesowe i urz\u0119dowe cz\u0119sto odbywaj\u0105 si\u0119 po rosyjsku, chocia\u017c sesje parlamentarne teraz domy\u015blnie odbywaj\u0105 si\u0119 w j\u0119zyku kirgiskim z t\u0142umaczeniem symultanicznym.<\/p>\n\n\n\n<p>Islam dominuje: CIA World Factbook oszacowa\u0142 w 2017 r., \u017ce 90 procent obywateli identyfikuje si\u0119 jako muzu\u0142manie, g\u0142\u00f3wnie bezwyznaniowi lub sunnici zgodnie ze szko\u0142\u0105 hanafick\u0105, chocia\u017c badania samoidentyfikacji w 2012 r. wykaza\u0142y, \u017ce 64 procent okre\u015bli\u0142o si\u0119 po prostu jako \u201emuzu\u0142manie\u201d, a tylko 23 procent jako sunnici. W czasach sowieckich ateizm mia\u0142 oficjalny wp\u0142yw; od czasu uzyskania niepodleg\u0142o\u015bci zwi\u0119kszy\u0142a si\u0119 liczba praktyk religijnych i budowa meczet\u00f3w, czemu towarzysz\u0105 wezwania do przywr\u00f3cenia warto\u015bci duchowych. Raport Pew z 2009 r. odnotowa\u0142 86,3 procent wyznawc\u00f3w islamu. Ma\u0142e mniejszo\u015bci chrze\u015bcija\u0144skie \u2014 g\u0142\u00f3wnie prawos\u0142awni rosyjscy, prawos\u0142awni ukrai\u0144scy, luteranie, anabapty\u015bci i katolicy \u2014 stanowi\u0105 oko\u0142o 7 procent. \u015awiadkowie Jehowy licz\u0105 od 5000 do 10 000 wyznawc\u00f3w. Pozostaje garstka \u017byd\u00f3w, g\u0142\u00f3wnie bucharskich i aszkenazyjskich. Obok zwyczaj\u00f3w wywodz\u0105cych si\u0119 z buddyzmu, przetrwa\u0142y tradycje ludowe i sufistyczne, takie jak wi\u0105zanie flag modlitewnych do \u015bwi\u0119tych drzew.<\/p>\n\n\n\n<p>Alpejska topografia ogranicza drogi do w\u0105skich dolin i wysokich prze\u0142\u0119czy \u2014 cz\u0119sto powy\u017cej 3000 metr\u00f3w \u2014 nara\u017conych na lawiny i osuwiska. Nowoczesna autostrada p\u00f3\u0142noc\u2013po\u0142udnie \u0142\u0105cz\u0105ca Biszkek i Osz, uko\u0144czona przy wsparciu Azjatyckiego Banku Rozwoju, poprawi\u0142a dost\u0119p mi\u0119dzy dolinami Czuj i Fergana. Istniej\u0105 plany odga\u0142\u0119zienia na wsch\u00f3d w kierunku Chin. Ca\u0142kowita d\u0142ugo\u015b\u0107 drogi wynosi oko\u0142o 34 000 km, z czego 22 600 km jest utwardzonych; odcinki nieutwardzone, obejmuj\u0105ce 7700 km, staj\u0105 si\u0119 niebezpieczne w mokrych warunkach.<\/p>\n\n\n\n<p>Infrastruktura kolejowa, budowana bez wzgl\u0119du na p\u00f3\u017aniejsze granice, obejmuje obecnie oko\u0142o 370 km tor\u00f3w szerokotorowych, u\u017cywanych oszcz\u0119dnie z powodu zerwanych po\u0142\u0105cze\u0144 z Uzbekistanem i Kazachstanem. W 2022 r. rozpocz\u0119to prace nad 186-kilometrowym przed\u0142u\u017ceniem z Ba\u0142ykczy do Karakecze w celu transportu w\u0119gla; do czerwca 2023 r. otwarto lini\u0119 Ba\u0142ykczy\u2013Biszkek. Budowa kolei Chiny\u2013Kirgistan\u2013Uzbekistan, b\u0119d\u0105cej cz\u0119\u015bci\u0105 Inicjatywy Pasa i Szlaku, ma rozpocz\u0105\u0107 si\u0119 w lipcu 2025 r. i obejmowa\u0107 523 km przez trzy pa\u0144stwa.<\/p>\n\n\n\n<p>Podr\u00f3\u017ce lotnicze koncentruj\u0105 si\u0119 na mi\u0119dzynarodowym lotnisku Manas w pobli\u017cu Biszkeku, z trasami do Moskwy, A\u0142maty, Stambu\u0142u i Dubaju; lotnisko Osz oferuje codzienne po\u0142\u0105czenia do stolicy i loty do g\u0142\u00f3wnych miast Rosji i Azji \u015arodkowej. D\u017calalabad utrzymuje po\u0142\u0105czenia z Biszkekiem i sezonowe po\u0142\u0105czenia z Issyk-Kul. Wiele lotnisk z czas\u00f3w Zwi\u0105zku Radzieckiego pozostaje nieczynnych lub ograniczonych do u\u017cytku wojskowego. Kirgiscy przewo\u017anicy znajduj\u0105 si\u0119 na li\u015bcie zakazanych linii lotniczych Unii Europejskiej ze wzgl\u0119du na obawy dotycz\u0105ce bezpiecze\u0144stwa.<\/p>\n\n\n\n<p>Krajobrazy g\u00f3rskie, jeziora alpejskie i miejsca dziedzictwa kulturowego definiuj\u0105 atrakcyjno\u015b\u0107 Kirgistanu. Na p\u00f3\u0142nocnym brzegu Issyk-Kul znajduj\u0105 si\u0119 o\u015brodki wypoczynkowe w Cholpon-Ata, Kara-Oi i Bosteri; roczna liczba odwiedzaj\u0105cych przekroczy\u0142a milion w latach 2006\u201307, zanim niestabilno\u015b\u0107 regionalna zmniejszy\u0142a liczb\u0119 odwiedzaj\u0105cych. Dolina Alay i jezioro Son-Kul przyci\u0105gaj\u0105 pasterzy i w\u0119drowc\u00f3w podczas letniego koczownictwa. Rezerwat przyrody Sary-Chelek oferuje w\u0119dr\u00f3wki piesze w\u015br\u00f3d jezior polodowcowych i las\u00f3w mieszanych. Kamienny karawanseraj Tash Rabat, pochodz\u0105cy z XV wieku, stoi wzd\u0142u\u017c dawnych szlak\u00f3w Jedwabnego Szlaku. Wie\u017ca Burana, minaret z X wieku w pobli\u017cu Tokmok, przypomina stolic\u0119 Balasagun. Park Narodowy Ala Archa, p\u00f3\u0142 godziny od Biszkeku, oferuje szczyty o wysoko\u015bci ponad 4000 metr\u00f3w i oznakowane szlaki.<\/p>\n\n\n\n<p>Tury\u015bci odwiedzaj\u0105cy miasta zwiedzaj\u0105 place, muzea i bazar z czas\u00f3w sowieckich w Biszkeku; rozleg\u0142y targ na \u015bwie\u017cym powietrzu w Osz dzia\u0142a codziennie w pobli\u017cu Sulaiman-Too, jedynego w kraju obiektu \u015bwiatowego dziedzictwa UNESCO. Wiejskie osady, takie jak Arslanbob, znany z las\u00f3w orzechowych i pielgrzymek islamskich, lub Kochkor, brama do szlak\u00f3w Song-Kul, prezentuj\u0105 lokalne rzemios\u0142o i pasterskie style \u017cycia. Podr\u00f3\u017cni mog\u0105 zatrzyma\u0107 si\u0119 w jurtach, spr\u00f3bowa\u0107 beshbarmaku i manti oraz uczestniczy\u0107 w festiwalach, na kt\u00f3rych prezentowane s\u0105 sporty je\u017adzieckie, muzyka i poezja m\u00f3wiona. W wybranych dolinach dzia\u0142aj\u0105 r\u00f3wnie\u017c us\u0142ugi \u0142owieckie, w\u0119dkarskie i heli-skiing.<\/p>\n\n\n\n<p>Bior\u0105c pod uwag\u0119 zachodnie normy spo\u0142eczne \u2014 pomimo nominalnej wi\u0119kszo\u015bci muzu\u0142ma\u0144skiej \u2014 w miastach nadal obowi\u0105zuj\u0105 lu\u017ane zasady ubioru, cho\u0107 w po\u0142udniowych dystryktach wiejskich zaleca si\u0119 konserwatywny ubi\u00f3r. W ostatnich latach wzros\u0142a liczba drobnych przest\u0119pstw; zaleca si\u0119 ostro\u017cno\u015b\u0107 po zmroku w centrach miast. S\u0142u\u017cby ratunkowe reaguj\u0105 pod numerami 101 (stra\u017c po\u017carna), 102 (policja) i 103 (medycyna), z mi\u0119dzynarodowym kodem kierunkowym +996.<\/p>\n\n\n\n<p>Kirgistan r\u00f3wnowa\u017cy swoj\u0105 surow\u0105 geografi\u0119 z trwa\u0142ymi praktykami kulturowymi i histori\u0105 ukszta\u0142towan\u0105 przez imperium i rewolucj\u0119. Jego gospodarka negocjuje zale\u017cno\u015b\u0107 od przekaz\u00f3w pieni\u0119\u017cnych i przemys\u0142u wydobywczego, jednocze\u015bnie d\u0105\u017c\u0105c do dywersyfikacji poprzez energi\u0119 wodn\u0105 i turystyk\u0119. Dualizm j\u0119zykowy podkre\u015bla z\u0142o\u017cono\u015b\u0107 to\u017csamo\u015bci, a \u017cycie religijne \u0142\u0105czy tradycj\u0119 ze \u015bwieckim zarz\u0105dzaniem. Ulepszenia transportu nadal \u0142\u0105cz\u0105 g\u00f3rskie podzia\u0142y, nawet gdy zbli\u017caj\u0105 si\u0119 regionalne projekty integracyjne. Dla tych, kt\u00f3rzy przemierzaj\u0105 jego prze\u0142\u0119cze i doliny, Kirgistan prezentuje krajobraz zar\u00f3wno wymagaj\u0105cy, jak i fascynuj\u0105cy, republik\u0119 zdefiniowan\u0105 przez swoje kontury tak samo jak przez swoich ludzi.<\/p>","protected":false},"excerpt":{"rendered":"<p>Kirgistan, po\u0142o\u017cony w Azji \u015arodkowej, jest przyk\u0142adem g\u0142\u0119bokiej historii regionu i osza\u0142amiaj\u0105cych naturalnych krajobraz\u00f3w. Oficjalnie nazywany Republik\u0105 Kirgisk\u0105, ten \u015br\u00f3dl\u0105dowy kraj le\u017cy strategicznie w g\u00f3rach Tien-Szan i Pamir. Z populacj\u0105 ponad 7 milion\u00f3w, politycznym i handlowym centrum Kirgistanu jest Biszkek, stolica i najwi\u0119ksze miasto. Na p\u00f3\u0142nocy Kazachstan; na zachodzie Uzbekistan; na po\u0142udniu Tad\u017cykistan; a na wschodzie i po\u0142udniowym wschodzie Chiny; kraj graniczy z ka\u017cdym z tych narod\u00f3w, wi\u0119c na skrzy\u017cowaniu wielu cywilizacji i wp\u0142yw\u00f3w.<\/p>","protected":false},"author":1,"featured_media":3487,"parent":24063,"menu_order":0,"comment_status":"closed","ping_status":"closed","template":"elementor_theme","meta":{"_eb_attr":"","footnotes":""},"class_list":["post-14785","page","type-page","status-publish","has-post-thumbnail"],"_links":{"self":[{"href":"https:\/\/travelshelper.com\/pl\/wp-json\/wp\/v2\/pages\/14785","targetHints":{"allow":["GET"]}}],"collection":[{"href":"https:\/\/travelshelper.com\/pl\/wp-json\/wp\/v2\/pages"}],"about":[{"href":"https:\/\/travelshelper.com\/pl\/wp-json\/wp\/v2\/types\/page"}],"author":[{"embeddable":true,"href":"https:\/\/travelshelper.com\/pl\/wp-json\/wp\/v2\/users\/1"}],"replies":[{"embeddable":true,"href":"https:\/\/travelshelper.com\/pl\/wp-json\/wp\/v2\/comments?post=14785"}],"version-history":[{"count":0,"href":"https:\/\/travelshelper.com\/pl\/wp-json\/wp\/v2\/pages\/14785\/revisions"}],"up":[{"embeddable":true,"href":"https:\/\/travelshelper.com\/pl\/wp-json\/wp\/v2\/pages\/24063"}],"wp:featuredmedia":[{"embeddable":true,"href":"https:\/\/travelshelper.com\/pl\/wp-json\/wp\/v2\/media\/3487"}],"wp:attachment":[{"href":"https:\/\/travelshelper.com\/pl\/wp-json\/wp\/v2\/media?parent=14785"}],"curies":[{"name":"wp","href":"https:\/\/api.w.org\/{rel}","templated":true}]}}