{"id":14752,"date":"2024-09-20T08:45:57","date_gmt":"2024-09-20T08:45:57","guid":{"rendered":"https:\/\/travelshelper.com\/staging\/?page_id=14752"},"modified":"2026-03-11T18:13:30","modified_gmt":"2026-03-11T18:13:30","slug":"trypolis","status":"publish","type":"page","link":"https:\/\/travelshelper.com\/pl\/destinations\/asia\/lebanon\/tripoli\/","title":{"rendered":"Trypolis"},"content":{"rendered":"<p>Trypolis le\u017cy na skalistym cyplu osiemdziesi\u0105t jeden kilometr\u00f3w na p\u00f3\u0142noc od Bejrutu, z widokiem na wschodnie Morze \u015ar\u00f3dziemne. Jako drugie co do wielko\u015bci miasto Libanu i stolica jego p\u00f3\u0142nocnej prowincji, jest najdalej na p\u00f3\u0142noc wysuni\u0119tym portem morskim kraju. Przez stulecia s\u0142u\u017cy\u0142o jako skrzy\u017cowanie imperi\u00f3w i wyzna\u0144, a jego tkanka miejska \u015bwiadczy\u0142a o fenickich \u017ceglarzach, greckich osadnikach, rycerzach krzy\u017cowc\u00f3w, mameluckich gubernatorach i osma\u0144skich administratorach. W kolejnych warstwach ka\u017cda cywilizacja pozostawi\u0142a kamie\u0144 i histori\u0119 splecione, kszta\u0142tuj\u0105c zar\u00f3wno jej lini\u0119 horyzontu, jak i kontury spo\u0142eczne.<\/p>\n\n\n\n<p>Najwcze\u015bniejsza zapisana nazwa, Athar, pojawia si\u0119 w fenickich anna\u0142ach z XIV wieku p.n.e. Greccy koloni\u015bci, kt\u00f3rzy przybyli p\u00f3\u017aniej, zmienili nazw\u0119 na Tripolis \u2014 dos\u0142ownie \u201etrzy miasta\u201d \u2014 i od tego pochodzi wsp\u00f3\u0142czesne arabskie \u1e6car\u0101bulus. W \u015bwiecie arabskim zyska\u0142o kwalifikator ash-Sh\u0101m, \u201ez Lewantu\u201d, aby odr\u00f3\u017cni\u0107 je od jego libijskiego imiennika. Pod rz\u0105dami krzy\u017cowc\u00f3w Raymond de Saint-Gilles wzni\u00f3s\u0142 pierwsz\u0105 fortec\u0119 w 1102 roku, chrzcz\u0105c j\u0105 Mont P\u00e8lerin. Cytadela sp\u0142on\u0119\u0142a w 1289 roku i odrodzi\u0142a si\u0119 za emira Essendemira Kurgi w latach 1307\u201308. Jej masywna brama, na kt\u00f3rej widnieje inskrypcja Sulejmana Wspania\u0142ego, \u015bwiadczy o p\u00f3\u017aniejszej restauracji osma\u0144skiej; kolejna kampania na pocz\u0105tku XIX wieku pod wodz\u0105 gubernatora Mustafy Agi Barbar wzmocni\u0142a jej wa\u0142y i komnaty.<\/p>\n\n\n\n<p>Stare Miasto w Trypolisie zachowuje \u015blady mameluckich odnowicieli. Ulice s\u0105 w\u0105skie, aby zniech\u0119ci\u0107 machiny obl\u0119\u017cnicze; sklepione mosty rozci\u0105gaj\u0105 si\u0119 nad wysokimi murami; ukryte otwory strzelnicze niegdy\u015b chroni\u0142y wartownik\u00f3w. Wok\u00f3\u0142 kr\u0119tych uliczek stoj\u0105 targi i karawanseraje, chanowie, kt\u00f3rzy niegdy\u015b go\u015bcili kupc\u00f3w zmierzaj\u0105cych do Aleppo lub Damaszku. Na tych uliczkach rzemie\u015blnicy kontynuuj\u0105 wiekowe zawody \u2014 mydlarze t\u0142ocz\u0105 oliw\u0119 z oliwek na twarde bochenki chleba; kotlarze kuj\u0105 tace; cie\u015ble rze\u017abi\u0105 intarsjowane pude\u0142ka. Domowy szum wsp\u00f3\u0142istnieje z odmierzonymi wezwaniami do modlitwy i dzwonami ko\u015bcio\u0142\u00f3w maronickich i prawos\u0142awnych.<\/p>\n\n\n\n<p>Architektura religijna ery Mameluk\u00f3w r\u00f3wnie\u017c przetrwa\u0142a. Wielki Meczet Mansouri, szereg miejskich \u0142a\u017ani tureckich i pobliska Madrassa al-Uthmaniyya ilustruj\u0105 wsp\u00f3\u0142granie funkcji i ozd\u00f3b z tamtego okresu. Pi\u0119\u0107 \u0142a\u017ani przetrwa\u0142o: Abed, Izz El-Din, Hajeb, Jadid i An-Nouri, ostatnia za\u0142o\u017cona w 1333 r. przez gubernatora Nur El-Dina w pobli\u017cu Wielkiego Meczetu. Kiedy Ibn Battutah odwiedzi\u0142 to miejsce w 1355 r., zauwa\u017cy\u0142 \u201epi\u0119kne \u0142a\u017anie\u201d po\u015br\u00f3d ogrod\u00f3w z kana\u0142ami wodnymi \u2014 opis, kt\u00f3ry nadal rozbrzmiewa w tych ch\u0142odnych, kopu\u0142owych komnatach.<\/p>\n\n\n\n<p>Kr\u00f3tki spacer od Starego Miasta le\u017cy plac Al-Tell i jego Wie\u017ca Zegarowa, wzniesiona w 1906 r. z okazji trzydziestej rocznicy panowania su\u0142tana Abdula Hamida II. Podarowana przez dw\u00f3r osma\u0144ski, jej cztery tarcze wci\u0105\u017c odmierzaj\u0105 czas po renowacji w 1992 r., podczas kt\u00f3rej przywr\u00f3cono jej mechanizmy. Nieopodal stoi na stra\u017cy Cytadela, kt\u00f3rej piaskowcowe mury zosta\u0142y dotkni\u0119te przez cztery odr\u0119bne epoki.<\/p>\n\n\n\n<p>Na morzu kwartet wysepek \u2014 Palm Islands \u2014 tworzy rezerwat przyrody. Najwi\u0119ksza, znana lokalnie jako Rabbits&#039; Island, rozci\u0105ga si\u0119 na powierzchni oko\u0142o dwudziestu hektar\u00f3w. Kiedy\u015b europejskie kr\u00f3liki pas\u0142y si\u0119 na jej piaskach za czas\u00f3w francuskiego mandatu; dzi\u015b oferuje schronienie zagro\u017conym \u017c\u00f3\u0142wiom szylkretowym, rzadkim fokom mnisim i ptakom w\u0119drownym. Wykopaliska w 1973 r. ujawni\u0142y domostwa z okresu krzy\u017cowc\u00f3w, \u0142\u0105cz\u0105c ziele\u0144 linii brzegowej z wielowiekow\u0105 obecno\u015bci\u0105 cz\u0142owieka. UNESCO og\u0142osi\u0142o wyspy chronionymi w 1992 r., zakazuj\u0105c rozpalania ognisk lub biwakowania w celu ochrony zar\u00f3wno dzikiej przyrody, jak i dziedzictwa.<\/p>\n\n\n\n<p>Za Rabbits Island le\u017c\u0105 wyspy Bakar, niegdy\u015b dzier\u017cawione jako stocznia pod rz\u0105dami Imperium Osma\u0144skiego przez Adel i Khiereddine Abdulwahab, a nadal s\u0142u\u017c\u0105ce wykonawcom morskim. Na zachodzie wyspa Ramkin oferuje szerok\u0105, piaszczyst\u0105 pla\u017c\u0119, wspart\u0105 stromymi wapiennymi klifami. Razem te wyspy tworz\u0105 ram\u0119 dla dzielnicy portowej Trypolisu, El Mina, kt\u00f3ra \u0142\u0105czy si\u0119 z w\u0142a\u015bciwym miastem, tworz\u0105c ci\u0105g\u0142\u0105 nadmorsk\u0105 aglomeracj\u0119.<\/p>\n\n\n\n<p>Sk\u0142ad demograficzny miasta odzwierciedla szersz\u0105 mozaik\u0119 Libanu. Zarejestrowani wyborcy stanowili ponad 92 procent muzu\u0142man\u00f3w w 2014 roku, z czego oko\u0142o 82 procent identyfikowa\u0142o si\u0119 jako sunnici, a 8,7 procent jako alawici; chrze\u015bcijanie stanowili nieco ponad 7 procent. Obecnie chrze\u015bcijanie \u2014 grecko-prawos\u0142awni, maronici, melchici, syryjscy i ormia\u0144scy \u2014 stanowi\u0105 mniej ni\u017c 5 procent populacji miejskiej. Sunnickie dzielnice, takie jak Bab al-Tabbaneh, le\u017c\u0105 niebezpiecznie blisko alawickiego D\u017cabal Mohsen, a napi\u0119cia wielokrotnie si\u0119 nasila\u0142y od 2011 roku, gdy konflikty w s\u0105siedniej Syrii wywo\u0142a\u0142y podobne sojusze. Konfrontacje te podwa\u017cy\u0142y \u200b\u200bstabilno\u015b\u0107 Trypolisu, pog\u0142\u0119biaj\u0105c trudno\u015bci gospodarcze w mie\u015bcie od dawna podzielonym mi\u0119dzy zamo\u017cniejszych handlarzy i upo\u015bledzone dzielnice.<\/p>\n\n\n\n<p>Klimat Trypolisu \u0142agodzi ekstrema. Zimowe deszcze padaj\u0105 mi\u0119dzy grudniem a marcem, podczas gdy lata pozostaj\u0105 suche. Pobliski pr\u0105d morski \u0142agodzi zimowe minima o oko\u0142o dziesi\u0119\u0107 stopni Celsjusza w por\u00f3wnaniu do dolin \u015br\u00f3dl\u0105dowych; latem nadmorskie bryzy obni\u017caj\u0105 temperatur\u0119 o oko\u0142o siedem stopni. Opady \u015bniegu mog\u0105 ozdabia\u0107 miasto najwy\u017cej raz na dekad\u0119, jednak zimowe gradobicia zdarzaj\u0105 si\u0119 z pewn\u0105 regularno\u015bci\u0105.<\/p>\n\n\n\n<p>W obr\u0119bie miasta r\u00f3\u017cnorodno\u015b\u0107 religijna znajduje sw\u00f3j wyraz architektoniczny. Za meczetem Mansouri i \u015bredniowiecznymi \u0142a\u017aniami tureckimi znajduj\u0105 si\u0119 dwa tuziny meczet\u00f3w o r\u00f3\u017cnym okresie istnienia: budowle mameluk\u00f3w, takie jak meczet Taynal, Arghoon Shah i Al-Attar; osma\u0144skie fundamenty, w tym Abou Bakr Al-Siddeeq i Al-Rahma; oraz imponuj\u0105cy Omar Ibn El-Khattab na skraju starego miasta. Chrze\u015bcija\u0144skie zabytki obejmuj\u0105 katedr\u0119 \u015bw. Micha\u0142a (maronick\u0105), \u015bw. Eliego (greckoprawos\u0142awn\u0105), \u015bw. Efrema (syryjskoprawos\u0142awn\u0105), \u015bw. Franciszka (rzymskokatolick\u0105), \u015bw. Jerzego (melkick\u0105), \u015bw. Hokekalousda (ormia\u0144sk\u0105 prawos\u0142awn\u0105), Matk\u0119 Bo\u017c\u0105 Zwiastowania (melkick\u0105) i Narodowy Ko\u015bci\u00f3\u0142 Ewangelicki Trypolisu.<\/p>\n\n\n\n<p>Nowoczesna interwencja, Mi\u0119dzynarodowy Teren Targowy Rachid Karami, stoi na po\u0142udniowym podej\u015bciu do miasta. Zaprojektowany w 1962 roku przez brazylijskiego architekta Oscara Niemeyera na potrzeby \u015bwiatowych targ\u00f3w, budowa zosta\u0142a wstrzymana w 1975 roku wraz z wybuchem wojny domowej w Libanie. Pi\u0119tna\u015bcie szkieletowych, niekompletnych konstrukcji pozosta\u0142o na obszarze oko\u0142o 75 hektar\u00f3w, ich zakrzywione dachy i pilotisy sugeruj\u0105 utopijn\u0105 wizj\u0119 zamro\u017con\u0105 w czasie. Administracyjna bezw\u0142adno\u015b\u0107 i epizodyczne niepokoje sprawi\u0142y, \u017ce miejsce to jest w du\u017cej mierze niewykorzystane, otoczone hotelem, kt\u00f3ry rozpada si\u0119 w zaniedbaniu. W 2023 roku UNESCO wpisa\u0142o kompleks zar\u00f3wno na List\u0119 \u015bwiatowego dziedzictwa, jak i List\u0119 \u015bwiatowego dziedzictwa w niebezpiecze\u0144stwie, uznaj\u0105c jego warto\u015b\u0107 kulturow\u0105 i niepewny stan.<\/p>\n\n\n\n<p>Transport do Trypolisu odbywa si\u0119 tradycyjnymi trasami. Ze stacji Charles Helou w Bejrucie go\u015bcie mog\u0105 wsi\u0105\u015b\u0107 do autobusu z napisem po arabsku \u2014 cz\u0119sto nazywanego \u201eTrablos Express\u201d \u2014 lub skorzysta\u0107 z taks\u00f3wki, kt\u00f3rej cena jest r\u00f3wna cenie za cztery osoby. Minibusy odje\u017cd\u017caj\u0105 ze stacji Cola i Daoura; w centrum Trypolisu taks\u00f3wki wsp\u00f3\u0142dzielone pobieraj\u0105 op\u0142at\u0119 w wysoko\u015bci 1000 LL za pasa\u017cera, wzrastaj\u0105c\u0105 do 2000 LL za d\u0142u\u017csze trasy. Port obs\u0142uguje g\u0142\u00f3wnie przew\u00f3z towar\u00f3w, jednak Med Star obs\u0142uguje jedyny regularny prom pasa\u017cerski w Libanie.<\/p>\n\n\n\n<p>Rynek Starego Miasta w Trypolisie pozostaje punktem centralnym liba\u0144skiej tradycji kulinarnej i rzemie\u015blniczej. W niedzielne poranki grupy z Bejrutu zbieraj\u0105 si\u0119 w cukierniach Hallab, przyci\u0105gane lepkim maamoul i knafeh. Chocia\u017c wielu sprzedawc\u00f3w handluje pod nazw\u0105 Hallab, Rafaat Hallab (za\u0142. 1881) i Abdel Rahman Al Hallab zachowuj\u0105 nieprzerwan\u0105 lini\u0119 XIX-wiecznego cukiernika, kt\u00f3ry jako pierwszy udoskonali\u0142 trypolita\u0144skie s\u0142odycze.<\/p>\n\n\n\n<p>W krajobrazie naznaczonym nier\u00f3wno\u015bciami ekonomicznymi i sporadycznymi niepokojami Trypolis trwa jako repozytorium warstw architektonicznych i ludzkich wysi\u0142k\u00f3w. Jego w\u0105skie uliczki i ukryte dziedzi\u0144ce pokazuj\u0105 \u015blady \u017ceglarzy, kupc\u00f3w i w\u0142adc\u00f3w, kt\u00f3rzy ukszta\u0142towali miasto, kt\u00f3re pozostaje jednocze\u015bnie odporne i niespokojne. Tutaj staro\u017cytne kamienie i wsp\u00f3\u0142czesne ruiny przywo\u0142uj\u0105 nieustann\u0105 rozmow\u0119 mi\u0119dzy przesz\u0142o\u015bci\u0105 a tera\u017aniejszo\u015bci\u0105, zapraszaj\u0105c tych, kt\u00f3rzy si\u0119 zatrzymaj\u0105, do odkrywania historii zapisanych w ka\u017cdym \u0142uku i zau\u0142ku.<\/p>","protected":false},"excerpt":{"rendered":"<p>Trypolis, drugi co do wielko\u015bci o\u015brodek miejski w Libanie, znajduje si\u0119 81 kilometr\u00f3w na p\u00f3\u0142noc od Bejrutu i ma szacunkowo oko\u0142o 730 000 mieszka\u0144c\u00f3w. Po\u0142o\u017cone na wschodnim Morzu \u015ar\u00f3dziemnym i pe\u0142ni\u0105ce funkcj\u0119 najbardziej wysuni\u0119tego na p\u00f3\u0142noc portu morskiego Libanu, to energiczne miasto jest siedzib\u0105 Dystryktu Trypolisu i Gubernatora P\u00f3\u0142nocnego. Uzupe\u0142niaj\u0105c mniejsze populacje Alawit\u00f3w i szereg wyzna\u0144 chrze\u015bcija\u0144skich, w tym Maronit\u00f3w i Ormian, kt\u00f3re wzmacniaj\u0105 r\u00f3\u017cnorodno\u015b\u0107 kulturow\u0105 miasta, sk\u0142ad demograficzny miasta jest w wi\u0119kszo\u015bci sunnicki.<\/p>","protected":false},"author":1,"featured_media":2828,"parent":14746,"menu_order":0,"comment_status":"closed","ping_status":"closed","template":"elementor_theme","meta":{"_eb_attr":"","footnotes":""},"class_list":["post-14752","page","type-page","status-publish","has-post-thumbnail"],"_links":{"self":[{"href":"https:\/\/travelshelper.com\/pl\/wp-json\/wp\/v2\/pages\/14752","targetHints":{"allow":["GET"]}}],"collection":[{"href":"https:\/\/travelshelper.com\/pl\/wp-json\/wp\/v2\/pages"}],"about":[{"href":"https:\/\/travelshelper.com\/pl\/wp-json\/wp\/v2\/types\/page"}],"author":[{"embeddable":true,"href":"https:\/\/travelshelper.com\/pl\/wp-json\/wp\/v2\/users\/1"}],"replies":[{"embeddable":true,"href":"https:\/\/travelshelper.com\/pl\/wp-json\/wp\/v2\/comments?post=14752"}],"version-history":[{"count":0,"href":"https:\/\/travelshelper.com\/pl\/wp-json\/wp\/v2\/pages\/14752\/revisions"}],"up":[{"embeddable":true,"href":"https:\/\/travelshelper.com\/pl\/wp-json\/wp\/v2\/pages\/14746"}],"wp:featuredmedia":[{"embeddable":true,"href":"https:\/\/travelshelper.com\/pl\/wp-json\/wp\/v2\/media\/2828"}],"wp:attachment":[{"href":"https:\/\/travelshelper.com\/pl\/wp-json\/wp\/v2\/media?parent=14752"}],"curies":[{"name":"wp","href":"https:\/\/api.w.org\/{rel}","templated":true}]}}