{"id":14746,"date":"2024-09-20T08:40:01","date_gmt":"2024-09-20T08:40:01","guid":{"rendered":"https:\/\/travelshelper.com\/staging\/?page_id=14746"},"modified":"2026-03-11T18:14:02","modified_gmt":"2026-03-11T18:14:02","slug":"liban","status":"publish","type":"page","link":"https:\/\/travelshelper.com\/pl\/destinations\/asia\/lebanon\/","title":{"rendered":"Liban"},"content":{"rendered":"<p>Liban zajmuje w\u0105ski pas l\u0105du na wschodnim brzegu Morza \u015ar\u00f3dziemnego, gdzie wapienne grzbiety gwa\u0142townie wznosz\u0105 si\u0119 z w\u0105skiej r\u00f3wniny przybrze\u017cnej, ust\u0119puj\u0105c w g\u0142\u0105b l\u0105du \u017cyznej dolinie Beqaa, a za ni\u0105 pasmu Antylibanu. Zajmuj\u0105c nieco ponad dziesi\u0119\u0107 tysi\u0119cy kilometr\u00f3w kwadratowych, graniczy z Syri\u0105 na p\u00f3\u0142nocy i wschodzie, Izraelem na po\u0142udniu i Morzem \u015ar\u00f3dziemnym na zachodzie. W granicach kraju mieszka nieco ponad pi\u0119\u0107 milion\u00f3w ludzi, skoncentrowanych g\u0142\u00f3wnie w Bejrucie, stolicy i g\u0142\u00f3wnym porcie kraju.<\/p>\n\n\n\n<p>Obecno\u015b\u0107 cz\u0142owieka si\u0119ga co najmniej 5000 r. p.n.e. Od trzeciego tysi\u0105clecia p.n.e. do po\u0142owy pierwszego tysi\u0105clecia p.n.e. miasta nadmorskie stanowi\u0142y rdze\u0144 Fenicji, kt\u00f3rej kupcy i stoczniowcy zak\u0142adali kolonie na Morzu \u015ar\u00f3dziemnym. W 64 r. p.n.e. rz\u0105dy rzymskie przynios\u0142y nowe drogi, teatry i \u015bwi\u0105tynie. Do si\u00f3dmego wieku n.e. kontrola przesz\u0142a w r\u0119ce kolejnych kalifat\u00f3w islamskich; w p\u00f3\u017aniejszych wiekach ustroje krzy\u017cowc\u00f3w zosta\u0142y zast\u0105pione przez rz\u0105dy Ajjubid\u00f3w, a nast\u0119pnie Mameluk\u00f3w. Administracja osma\u0144ska przej\u0119\u0142a w\u0142adz\u0119 na pocz\u0105tku pi\u0119tnastego wieku, chocia\u017c za su\u0142tana Abdulmed\u017cida I reformy tanzimatu z po\u0142owy dziewi\u0119tnastego wieku doprowadzi\u0142y do \u200b\u200bpowstania Mount Lebanon Mutasarrifate, p\u00f3\u0142autonomicznego dystryktu zaprojektowanego w celu ochrony chrze\u015bcijan maronickich.<\/p>\n\n\n\n<p>Upadek pot\u0119gi osma\u0144skiej po I wojnie \u015bwiatowej umie\u015bci\u0142 Liban pod francuskim mandatem. W 1920 r. powsta\u0142 Wielki Liban, kt\u00f3rego granice rozci\u0105ga\u0142y si\u0119 na wsch\u00f3d, obejmuj\u0105c dolin\u0119 Beqaa. Niepodleg\u0142o\u015b\u0107 zosta\u0142a uzyskana w 1943 r. na mocy konstytucji, kt\u00f3ra przydziela\u0142a urz\u0119dy polityczne wed\u0142ug przynale\u017cno\u015bci religijnej \u2014 system maj\u0105cy na celu zr\u00f3wnowa\u017cenie spo\u0142eczno\u015bci chrze\u015bcija\u0144skich, muzu\u0142ma\u0144skich i druzyjskich. Pok\u00f3j utrzymywa\u0142 si\u0119 do 1975 r., kiedy to napi\u0119cia religijne przerodzi\u0142y si\u0119 w wojn\u0119 domow\u0105. Walki trwa\u0142y do \u200b\u200b1990 r., w tym czasie interweniowa\u0142y si\u0142y syryjskie (1976\u20132005), a na po\u0142udniu trwa\u0142y izraelskie najazdy. Konflikt z Izraelem wznawiano okresowo, kulminuj\u0105c kilkoma inwazjami; ostatnia konfrontacja rozpocz\u0119\u0142a si\u0119 w pa\u017adzierniku 2023 r. i pozostaje nierozwi\u0105zana.<\/p>\n\n\n\n<p>Topografia dzieli Liban na cztery odr\u0119bne regiony. W\u0105ska r\u00f3wnina przybrze\u017cna, utworzona z osad\u00f3w morskich i aluwi\u00f3w rzecznych, rozszerza si\u0119 w pobli\u017cu granicy z Syri\u0105 i zw\u0119\u017ca do skalistych przyl\u0105dk\u00f3w przy granicy z Izraelem. W g\u0142\u0119bi l\u0105du pasmo Libanu \u2014 wapienne i piaskowcowe szczyty wznosz\u0105ce si\u0119 na ponad trzy tysi\u0105ce metr\u00f3w w Qurnat jako Sawda\u02be \u2014 biegnie r\u00f3wnolegle do brzegu, rze\u017abione stromymi w\u0105wozami i pokryte \u015bniegiem ka\u017cdej zimy. Dalej na wsch\u00f3d, Dolina Beqaa le\u017cy w rozpadlinie, kt\u00f3ra rozci\u0105ga si\u0119 do Afryki Wschodniej. Jej g\u0142\u0119bokie gleby podtrzymuj\u0105 winnice i sady. Za dolin\u0105 wznosi si\u0119 masyw Antylibanu, kulminuj\u0105cy na G\u00f3rze Hermon, kt\u00f3rej zbocza rozci\u0105gaj\u0105 si\u0119 nad spornymi Farmami Szebaa.<\/p>\n\n\n\n<p>Rzeki Libanu s\u0105 kr\u00f3tkie i nie\u017ceglowne. Trzyna\u015bcie z nich wyp\u0142ywa z zachodnich g\u00f3r, p\u0142yn\u0105c na zach\u00f3d do morza; Litani jest najd\u0142u\u017csza, p\u0142yn\u0105c na p\u00f3\u0142noc przez Beqaa, zanim skr\u0119ci na zach\u00f3d. Sezonowe potoki nape\u0142niaj\u0105 swoje koryta ka\u017cdej zimy, podczas gdy \u017ar\u00f3d\u0142a i kana\u0142y irygacyjne podtrzymuj\u0105 rolnictwo w suchych miesi\u0105cach lata.<\/p>\n\n\n\n<p>Klimat zmienia si\u0119 w zale\u017cno\u015bci od wysoko\u015bci. Strefy przybrze\u017cne otrzymuj\u0105 najwi\u0119cej opad\u00f3w mi\u0119dzy listopadem a marcem, zimy s\u0105 ch\u0142odne, a lata wilgotne. Powy\u017cej tysi\u0105ca metr\u00f3w temperatury zimowe spadaj\u0105 poni\u017cej zera, a obfite opady \u015bniegu mog\u0105 utrzymywa\u0107 si\u0119 do maja. W lutym 2025 r. polarny uk\u0142ad pogodowy zwany sztormem Adam przyni\u00f3s\u0142 \u015bnieg na wysoko\u015bciach nawet trzystu metr\u00f3w i rekordowo niskie temperatury w g\u00f3rach.<\/p>\n\n\n\n<p>Administracyjnie dziewi\u0119\u0107 gubernatorstw dzieli si\u0119 na dwadzie\u015bcia pi\u0119\u0107 okr\u0119g\u00f3w i liczne gminy. Struktura ekonomiczna Libanu opiera si\u0119 na zasadach laissez-faire. Wi\u0119kszo\u015b\u0107 transakcji wykorzystuje dolara ameryka\u0144skiego. Przep\u0142ywy kapita\u0142u przekraczaj\u0105 granice bez ogranicze\u0144. Investment Development Authority of Lebanon, utworzona w 1994 r. i wzmocniona przez Investment Law No. 360 z 2001 r., promuje zagraniczne inwestycje bezpo\u015brednie w technologi\u0119, agrobiznes i energi\u0119 odnawialn\u0105.<\/p>\n\n\n\n<p>Jednak w ostatnich latach gospodarka si\u0119 za\u0142ama\u0142a. Od 2018 do 2023 r. PKB skurczy\u0142 si\u0119 o czterdzie\u015bci procent. Funt liba\u0144ski straci\u0142 dziewi\u0119\u0107dziesi\u0105t pi\u0119\u0107 procent swojej warto\u015bci w stosunku do dolara. Inflacja wzros\u0142a powy\u017cej dwustu procent. Oficjalny kurs wymiany zosta\u0142 porzucony po raz pierwszy od dwudziestu pi\u0119ciu lat. Banki narzuci\u0142y nieformaln\u0105 kontrol\u0119 kapita\u0142u. Do 2023 r. trzech na czterech Liba\u0144czyk\u00f3w \u017cy\u0142o poni\u017cej granicy ub\u00f3stwa. Bank \u015awiatowy zalicza ten kryzys do najpowa\u017cniejszych od XIX wieku. Jego korzenie tkwi\u0105 w d\u0142ugotrwa\u0142ym schemacie finansowania banku centralnego, kt\u00f3ry po\u017cycza\u0142 dolary po wysokim oprocentowaniu, aby finansowa\u0107 deficyty publiczne. Kiedy wzrost depozyt\u00f3w zwolni\u0142, system si\u0119 za\u0142ama\u0142, co zako\u0144czy\u0142o si\u0119 niewyp\u0142acalno\u015bci\u0105 w 2020 r. i eksplozj\u0105 portu w Bejrucie w tym samym roku.<\/p>\n\n\n\n<p>Przed tym kryzysem, od czas\u00f3w Imperium Osma\u0144skiego do lat 60. XX wieku, Liban prosperowa\u0142 jako regionalne centrum bankowe i centrum dystrybucji. Handel przetw\u00f3rstwem \u017cywno\u015bci, tekstyliami, bi\u017cuteri\u0105 i dywanami podtrzymywa\u0142 rosn\u0105cy standard \u017cycia. Powojenna odbudowa przestawi\u0142a gospodark\u0119 na us\u0142ugi \u2014 bankowo\u015b\u0107, nieruchomo\u015bci i turystyka zatrudniaj\u0105 obecnie dwie trzecie si\u0142y roboczej i odpowiadaj\u0105 za podobn\u0105 cz\u0119\u015b\u0107 PKB. Przekazy pieni\u0119\u017cne z szeroko rozprzestrzenionej diaspory stanowi\u0142y oko\u0142o jedn\u0105 pi\u0105t\u0105 dochodu narodowego w 2008 roku. Sieci te rozci\u0105gaj\u0105 si\u0119 na Afryk\u0119, Ameryk\u0119 i Australi\u0119, gdzie spo\u0142eczno\u015bci liba\u0144skie prowadz\u0105 firmy od sklep\u00f3w detalicznych po budownictwo.<\/p>\n\n\n\n<p>Turystyka kiedy\u015b generowa\u0142a jedn\u0105 dziesi\u0105t\u0105 PKB. W szczytowym momencie w 2009 r. liczba przyjazd\u00f3w przekroczy\u0142a 1,8 miliona; Bejrut zosta\u0142 nazwany najlepszym miejscem docelowym na \u015bwiecie przez mi\u0119dzynarodow\u0105 gazet\u0119. Dziesi\u0119\u0107 lat p\u00f3\u017aniej regionalne spory w s\u0105siedniej Syrii spowodowa\u0142y spadek liczby odwiedzaj\u0105cych o 37 procent. W maju 2025 r. Zjednoczone Emiraty Arabskie znios\u0142y sw\u00f3j d\u0142ugoletni zakaz podr\u00f3\u017cy, odnawiaj\u0105c nadzieje na o\u017cywienie.<\/p>\n\n\n\n<p>Dane demograficzne dotycz\u0105ce populacji Libanu pozostaj\u0105 wra\u017cliwe. Nie przeprowadzono \u017cadnego spisu powszechnego od 1932 r., kiedy chrze\u015bcijanie stanowili niewielk\u0105 wi\u0119kszo\u015b\u0107. Szacunki na 2021 r. wskazuj\u0105 na \u0142\u0105czn\u0105 liczb\u0119 mieszka\u0144c\u00f3w na 5,6 miliona, w tym prawie milion uchod\u017ac\u00f3w z Syrii i Palestyny. Obywatele Libanu stanowi\u0105 oko\u0142o 4,7 miliona. R\u00f3\u017cnorodno\u015b\u0107 religijna nale\u017cy do najwy\u017cszych w regionie. Oficjalnie uznano cztery sekty muzu\u0142ma\u0144skie, dwana\u015bcie ko\u015bcio\u0142\u00f3w chrze\u015bcija\u0144skich, a tak\u017ce Druz\u00f3w i niewielk\u0105 spo\u0142eczno\u015b\u0107 \u017cydowsk\u0105. Ostatnie badania sugeruj\u0105, \u017ce muzu\u0142manie (w tym Druzowie) stanowi\u0105 oko\u0142o dw\u00f3ch trzecich obywateli, a chrze\u015bcijanie jedn\u0105 trzeci\u0105. Dane z bada\u0144 ankietowych wskazuj\u0105 na niewielki spadek praktyk religijnych w\u015br\u00f3d m\u0142odszych pokole\u0144.<\/p>\n\n\n\n<p>J\u0119zyk odzwierciedla t\u0119 r\u00f3\u017cnorodno\u015b\u0107. Arabski jest j\u0119zykiem urz\u0119dowym, a nowoczesny standardowy arabski jest zarezerwowany dla prasy drukowanej i oficjalnych adres\u00f3w. Potoczny arabski liba\u0144ski dominuje w \u017cyciu codziennym. Francuski zachowuje status prawny i pojawia si\u0119 w biznesie i edukacji; prawie czterdzie\u015bci procent Liba\u0144czyk\u00f3w identyfikuje si\u0119 jako francuskoj\u0119zyczni. Angielski zyska\u0142 popularno\u015b\u0107 w nauce i handlu, a oba j\u0119zyki europejskie wypieraj\u0105 arabski w\u015br\u00f3d wielu m\u0142odych ludzi z miast. J\u0119zyki ormia\u0144ski, grecki i asyryjski nadal utrzymuj\u0105 si\u0119 w\u015br\u00f3d tych spo\u0142eczno\u015bci.<\/p>\n\n\n\n<p>\u017bycie kulturalne nosi \u015blady fenickich korzeni, rzymskiego dziedzictwa, arabskiego dziedzictwa oraz osma\u0144skiej i francuskiej opieki. Muzyka \u0142\u0105czy formy modalne z zachodni\u0105 instrumentacj\u0105. Literatura mierzy si\u0119 z wojn\u0105, wygnaniem i to\u017csamo\u015bci\u0105. Festiwale \u2014 religijne i \u015bwieckie \u2014 odzwierciedlaj\u0105 lokalne tradycje i diasporyczne uroczysto\u015bci. Na ca\u0142ym \u015bwiecie liba\u0144scy szefowie kuchni prowadz\u0105 prawie dziesi\u0119\u0107 tysi\u0119cy restauracji, wprowadzaj\u0105c dania takie jak kibbe \u2014 mieszanka mielonej jagni\u0119ciny i \u0142amanej pszenicy \u2014 i tabbouleh, sa\u0142atka z pietruszki, pomidor\u00f3w i burghul, obok regionalnych odmian past meze.<\/p>\n\n\n\n<p>Miasta oferuj\u0105 odr\u0119bne profile. Bejrut \u0142\u0105czy fasady z epoki osma\u0144skiej z nowoczesnymi szklanymi wie\u017cami, tworz\u0105c mozaik\u0119 dzielnic, w kt\u00f3rych kawiarnie wylewaj\u0105 si\u0119 na chodniki, a \u017cycie nocne t\u0119tni zar\u00f3wno w zamkni\u0119tych klubach, jak i nadmorskich barach. Trypolis, wci\u0105\u017c nosz\u0105cy mameluck\u0105 architektur\u0119 i cytadel\u0119 krzy\u017cowc\u00f3w, pokazuje trwa\u0142e blizny wojny domowej i pogr\u0105\u017ca si\u0119 w wzgl\u0119dnym ub\u00f3stwie. Sydon zachowuje swoje karawanseraje, \u015bredniowieczne suki i nadmorskie promenady. Tyr niesie fenickie i rzymskie ruiny na swoich szerokich pla\u017cach. Byblos twierdzi, \u017ce jest jedn\u0105 z najstarszych nieprzerwanie zamieszkanych osad na \u015bwiecie, jego zamek i staro\u017cytny port s\u0105 otoczone t\u0119tni\u0105cymi \u017cyciem targami.<\/p>\n\n\n\n<p>Odwiedzaj\u0105cy przybywaj\u0105 g\u0142\u00f3wnie drog\u0105 lotnicz\u0105 przez mi\u0119dzynarodowe lotnisko w Bejrucie, po\u0142\u0105czone z Middle East Airlines oraz r\u00f3\u017cnymi regionalnymi i europejskimi przewo\u017anikami. Autobusy i taks\u00f3wki dzielone \u0142\u0105cz\u0105 Damaszek i inne miasta syryjskie. Dwukrotnie w tygodniu kursuj\u0105cy prom \u0142\u0105czy Trypolis z Turcj\u0105. W Libanie samochody pozostaj\u0105 najefektywniejszym \u015brodkiem transportu na nier\u00f3wnych drogach; stawki za wynajem wymagaj\u0105 negocjacji, podobnie jak op\u0142aty za taks\u00f3wki \u201eus\u0142ugowe\u201d, kt\u00f3re dzia\u0142aj\u0105 jak nieformalne minibusy. Uber dzia\u0142a w Bejrucie dla os\u00f3b z dost\u0119pem do Internetu, a autostrady przecinaj\u0105 g\u00f3ry i r\u00f3wniny, chocia\u017c dziury i nieregularna jazda wymagaj\u0105 czujno\u015bci.<\/p>\n\n\n\n<p>Zwyczaje spo\u0142eczne podkre\u015blaj\u0105 szacunek dla starszych, po\u015bredni\u0105 komunikacj\u0119 i go\u015bcinno\u015b\u0107. Zasady ubioru s\u0105 r\u00f3\u017cne: skromny ubi\u00f3r pasuje do miejsc kultu religijnego i konserwatywnych dzielnic; centra miast pozwalaj\u0105 na bardziej zachodni styl. Odwiedzaj\u0105cy powinni unika\u0107 dyskusji na dra\u017cliwe tematy polityczne w pobli\u017cu granic i powstrzyma\u0107 si\u0119 od gest\u00f3w uwa\u017canych za niegrzeczne, takich jak skinienie palcem. Po\u0142udniowe obszary pod wp\u0142ywem milicji stwarzaj\u0105 dodatkowe ryzyko; Arsal, w p\u00f3\u0142nocnej Beqaa, by\u0142 \u015bwiadkiem sporadycznych porwa\u0144 i nadal nie jest wskazany.<\/p>\n\n\n\n<p>Pielgrzymi, naukowcy i tury\u015bci mog\u0105 znale\u017a\u0107 w Libanie warstwy cywilizacji i klimat\u00f3w: gaje oliwne na poziomie morza, o\u015bnie\u017cone szczyty wiosn\u0105 i doliny, gdzie winoro\u015ble daj\u0105 wino nieznane sto lat temu. Kompaktowa geografia koncentruje kontrasty \u2014 wybrze\u017ce i g\u00f3ry, bogactwo i trudno\u015bci, tradycj\u0119 i innowacj\u0119 \u2014 ka\u017cdy kszta\u0142tuj\u0105cy spo\u0142ecze\u0144stwo, kt\u00f3re trwa pomimo konflikt\u00f3w i za\u0142amania gospodarczego. W tym po\u0142\u0105czeniu historii i krajobraz\u00f3w Liban trwa jako \u015bwiadectwo adaptacji pod presj\u0105 i trwa\u0142o\u015bci spo\u0142eczno\u015bci ludzkich we wschodniej cz\u0119\u015bci Morza \u015ar\u00f3dziemnego.<\/p>","protected":false},"excerpt":{"rendered":"<p>Liban, po\u0142o\u017cony w regionie Lewantu w Azji Zachodniej, ma populacj\u0119 przekraczaj\u0105c\u0105 pi\u0119\u0107 milion\u00f3w na ograniczonej przestrzeni 10 452 kilometr\u00f3w kwadratowych. Granicz\u0105cy z Syri\u0105 na p\u00f3\u0142nocy i wschodzie, Izraelem na po\u0142udniu i Morzem \u015ar\u00f3dziemnym na zachodzie, ten ma\u0142y, ale bogaty kulturowo kraj jest celowo po\u0142o\u017cony na skrzy\u017cowaniu basenu Morza \u015ar\u00f3dziemnego i arabskiego zaplecza. Bliskie s\u0105siedztwo Cypru \u2014 zaledwie niewielka odleg\u0142o\u015b\u0107 od wybrze\u017ca Libanu \u2014 jeszcze bardziej podkre\u015bla jego wa\u017cn\u0105 pozycj\u0119 w tym regionie.<\/p>","protected":false},"author":1,"featured_media":3645,"parent":24063,"menu_order":0,"comment_status":"closed","ping_status":"closed","template":"elementor_theme","meta":{"_eb_attr":"","footnotes":""},"class_list":["post-14746","page","type-page","status-publish","has-post-thumbnail"],"_links":{"self":[{"href":"https:\/\/travelshelper.com\/pl\/wp-json\/wp\/v2\/pages\/14746","targetHints":{"allow":["GET"]}}],"collection":[{"href":"https:\/\/travelshelper.com\/pl\/wp-json\/wp\/v2\/pages"}],"about":[{"href":"https:\/\/travelshelper.com\/pl\/wp-json\/wp\/v2\/types\/page"}],"author":[{"embeddable":true,"href":"https:\/\/travelshelper.com\/pl\/wp-json\/wp\/v2\/users\/1"}],"replies":[{"embeddable":true,"href":"https:\/\/travelshelper.com\/pl\/wp-json\/wp\/v2\/comments?post=14746"}],"version-history":[{"count":0,"href":"https:\/\/travelshelper.com\/pl\/wp-json\/wp\/v2\/pages\/14746\/revisions"}],"up":[{"embeddable":true,"href":"https:\/\/travelshelper.com\/pl\/wp-json\/wp\/v2\/pages\/24063"}],"wp:featuredmedia":[{"embeddable":true,"href":"https:\/\/travelshelper.com\/pl\/wp-json\/wp\/v2\/media\/3645"}],"wp:attachment":[{"href":"https:\/\/travelshelper.com\/pl\/wp-json\/wp\/v2\/media?parent=14746"}],"curies":[{"name":"wp","href":"https:\/\/api.w.org\/{rel}","templated":true}]}}