{"id":14734,"date":"2024-09-19T23:45:08","date_gmt":"2024-09-19T23:45:08","guid":{"rendered":"https:\/\/travelshelper.com\/staging\/?page_id=14734"},"modified":"2026-03-11T18:28:10","modified_gmt":"2026-03-11T18:28:10","slug":"malediwy","status":"publish","type":"page","link":"https:\/\/travelshelper.com\/pl\/destinations\/asia\/maldives\/","title":{"rendered":"Malediwy"},"content":{"rendered":"<p>Republika Malediw\u00f3w zajmuje w\u0105ski pas formacji koralowych w centralnej cz\u0119\u015bci Oceanu Indyjskiego, oko\u0142o 750 kilometr\u00f3w na po\u0142udniowy zach\u00f3d od Indii i Sri Lanki. Chocia\u017c jej suchy l\u0105d zajmuje zaledwie 298 kilometr\u00f3w kwadratowych \u2014 co czyni j\u0105 najmniejszym krajem Azji \u2014 archipelag rozci\u0105ga si\u0119 na prawie 90 000 kilometr\u00f3w kwadratowych morza. Na tym obszarze le\u017cy 1 192 wysp koralowych, u\u0142o\u017conych w podw\u00f3jny \u0142a\u0144cuch 26 atoli, rozci\u0105gaj\u0105cy si\u0119 od atolu Ihavandhippolhu na p\u00f3\u0142nocy (tu\u017c na po\u0142udnie od 8\u00b0 szeroko\u015bci geograficznej p\u00f3\u0142nocnej) do atolu Addu na 1\u00b0 szeroko\u015bci geograficznej po\u0142udniowej. Zanurzony fundament Malediw\u00f3w to podwodny grzbiet o d\u0142ugo\u015bci prawie 1 000 kilometr\u00f3w, wznosz\u0105cy si\u0119 ostro z g\u0142\u0119bokiego dna oceanu, aby podtrzymywa\u0107 \u015bwiat \u017cywych raf i \u0142awic piasku.<\/p>\n\n\n\n<p>Geograficznie wyspy znajduj\u0105 si\u0119 na \u015bredniej wysoko\u015bci zaledwie 1,5 metra nad poziomem morza, a \u017caden naturalny punkt nie wznosi si\u0119 wy\u017cej ni\u017c 2,4 metra, co sprawia, \u017ce \u200b\u200bMalediwy s\u0105 najni\u017cej po\u0142o\u017conym krajem na Ziemi. W wielu zamieszkanych obszarach rekultywacja grunt\u00f3w i zabudowa podnios\u0142y poziom powierzchni o kilka metr\u00f3w; jednak ponad 80 procent wysp pozostaje niewiele wi\u0119cej ni\u017c cienkimi wst\u0119gami koralowca i piasku, podatnymi na sztormowe fale przyp\u0142ywowe i nieub\u0142agany wzrost poziomu ocean\u00f3w. Dwa naturalne kana\u0142y na po\u0142udniu umo\u017cliwiaj\u0105 statkom przep\u0142ywanie mi\u0119dzy wschodnim a zachodnim Oceanem Indyjskim, ale dla wi\u0119kszo\u015bci statk\u00f3w atole stanowi\u0105 niemal ci\u0105g\u0142\u0105 barier\u0119.<\/p>\n\n\n\n<p>Obecno\u015b\u0107 cz\u0142owieka na tych skrawkach l\u0105du si\u0119ga co najmniej 2500 lat wstecz, cho\u0107 zapisy pisemne zaczynaj\u0105 si\u0119 od arabskich \u017ceglarzy w 947 r. n.e. W XII wieku wp\u0142yw islamu zmieni\u0142 rodzime wierzenia, a wyspy po\u0142\u0105czy\u0142y si\u0119 pod su\u0142tanatem, kt\u00f3ry powi\u0105za\u0142 ich losy z kupcami z Arabii, Persji i dalej na wsch\u00f3d. Mal\u00e9 \u2014 \u201eWyspa Kr\u00f3la\u201d \u2014 sta\u0142a si\u0119 siedzib\u0105 kolejnych dynastii, a jej zwarta powierzchnia obejmuje dzi\u015b ministerstwa rz\u0105dowe, meczety i prawie jedn\u0105 trzeci\u0105 p\u00f3\u0142milionowej populacji kraju.<\/p>\n\n\n\n<p>Europejskie najazdy w XVI wieku stopniowo przechyli\u0142y r\u00f3wnowag\u0119 si\u0142 i w 1887 roku Malediwy sta\u0142y si\u0119 brytyjskim protektoratem. W 1965 roku odzyska\u0142y pe\u0142n\u0105 suwerenno\u015b\u0107; dwa lata p\u00f3\u017aniej su\u0142tanat ust\u0105pi\u0142 miejsca republice prezydenckiej i wybieralnej legislaturze (Ludowy Majlis). Nast\u0119pne dekady by\u0142y \u015bwiadkiem spornych reform politycznych, sporadycznych niepokoj\u00f3w i wysi\u0142k\u00f3w na rzecz wzmocnienia instytucji demokratycznych. Na arenie mi\u0119dzynarodowej Malediwy pomog\u0142y za\u0142o\u017cy\u0107 Po\u0142udniowoazjatyckie Stowarzyszenie Wsp\u00f3\u0142pracy Regionalnej; jest cz\u0142onkiem Organizacji Narod\u00f3w Zjednoczonych, Organizacji Wsp\u00f3\u0142pracy Islamskiej, Ruchu Pa\u0144stw Niezaanga\u017cowanych, a od 2020 roku ponownie Wsp\u00f3lnoty Narod\u00f3w. Utrzymuje r\u00f3wnie\u017c status dialogu z Szanghajsk\u0105 Organizacj\u0105 Wsp\u00f3\u0142pracy.<\/p>\n\n\n\n<p>Kiedy\u015b gospodarka kraju opiera\u0142a si\u0119 niemal wy\u0142\u0105cznie na rybo\u0142\u00f3wstwie i eksporcie muszli kauri \u2014 \u201ewysp pieni\u0119dzy\u201d wczesnych handlarzy. Od lat 70. XX wieku celowa zmiana otworzy\u0142a archipelag na turystyk\u0119, znosz\u0105c kwoty importowe i witaj\u0105c rozw\u00f3j sektora prywatnego. Dwa skromne kurorty \u2014 Bandos Island i Kurumba \u2014 otwarto w 1972 roku; do 2008 roku ponad 89 obiekt\u00f3w go\u015bci\u0142o ponad 600 000 go\u015bci, a ka\u017cdy przyjazd nap\u0119dza\u0142 sektor, kt\u00f3ry obecnie odpowiada za oko\u0142o 28 procent PKB i ponad 60 procent wp\u0142yw\u00f3w z wymiany walut. W 2019 roku liczba turyst\u00f3w przekroczy\u0142a 1,7 miliona.<\/p>\n\n\n\n<p>Rybo\u0142\u00f3wstwo pozostaje kluczowe. Mechanizacja tradycyjnego dhoni w 1974 r. i uruchomienie w 1977 r. zak\u0142adu przetw\u00f3rstwa rybnego na Felivaru pomog\u0142y zmodernizowa\u0107 przemys\u0142. Do 2010 r. rybo\u0142\u00f3wstwo stanowi\u0142o ponad 15% PKB i zatrudnia\u0142o prawie jedn\u0105 trzeci\u0105 si\u0142y roboczej. Eksport tu\u0144czyka i pokrewnych produkt\u00f3w nadal stanowi podstaw\u0119 utrzymania na atolach.<\/p>\n\n\n\n<p>Doch\u00f3d na mieszka\u0144ca jest wy\u017cszy ni\u017c w wi\u0119kszo\u015bci kraj\u00f3w Azji Po\u0142udniowej, a Bank \u015awiatowy klasyfikuje Malediwy jako kraje o wy\u017cszym \u015brednim dochodzie. Wska\u017anik rozwoju spo\u0142ecznego ocenia go jako \u201ewysoki\u201d, odzwierciedlaj\u0105c popraw\u0119 w edukacji, ochronie zdrowia i infrastrukturze; jednak nier\u00f3wnomierna g\u0119sto\u015b\u0107 zaludnienia i krucho\u015b\u0107 l\u0105du stanowi\u0105 sta\u0142e wyzwania.<\/p>\n\n\n\n<p>Klimat kszta\u0142tuje ka\u017cdy aspekt \u017cycia na Malediwach. Le\u017c\u0105c blisko r\u00f3wnika, wyspy do\u015bwiadczaj\u0105 tropikalnego wzoru monsunowego z dwoma g\u0142\u00f3wnymi porami roku. Od grudnia do kwietnia p\u00f3\u0142nocno-wschodni monsun przynosi stosunkowo spokojn\u0105, such\u0105 pogod\u0119; od czerwca do listopada po\u0142udniowo-zachodni monsun przynosi wilgo\u0107, deszcze i okresowe burze. Roczne opady wahaj\u0105 si\u0119 od oko\u0142o 2,5 metra na p\u00f3\u0142nocy do prawie 3,8 metra na po\u0142udniu. Temperatury s\u0105 stale wysokie, ze \u015bredni\u0105 dzienn\u0105 maksymaln\u0105 temperatur\u0105 31,5 \u00b0C i minimaln\u0105 temperatur\u0105 26,4 \u00b0C.<\/p>\n\n\n\n<p>Na d\u0142ugo zanim klimat sta\u0142 si\u0119 kwesti\u0105 globalnego zainteresowania, przyw\u00f3dcy Malediw\u00f3w dostrzegli zbli\u017caj\u0105ce si\u0119 zagro\u017cenie. W 1988 r. w\u0142adze ostrzeg\u0142y, \u017ce podnosz\u0105cy si\u0119 poziom m\u00f3rz mo\u017ce poch\u0142on\u0105\u0107 kraj w ci\u0105gu trzech dekad. Mi\u0119dzyrz\u0105dowy Panel ds. Zmian Klimatu prognozowa\u0142 p\u00f3\u017aniej wzrost poziomu m\u00f3rz o 59 centymetr\u00f3w do 2100 r. \u2014 wystarczaj\u0105co, jak ostrzegali eksperci, aby uczyni\u0107 wiele wysp niezamieszkanymi. W 2009 r. prezydent Mohamed Nasheed zwo\u0142a\u0142 podwodne posiedzenie gabinetu, aby zdramatyzowa\u0107 zagro\u017cenie. Jego ostrze\u017cenie z 2012 r., \u017ce \u201em\u00f3j kraj znajdzie si\u0119 pod wod\u0105 za siedem lat\u201d, podkre\u015bli\u0142o piln\u0105 potrzeb\u0119 redukcji emisji.<\/p>\n\n\n\n<p>Nowsze badania daj\u0105 pewn\u0105 doz\u0119 ostro\u017cnego optymizmu: badania na University of Plymouth sugeruj\u0105, \u017ce naturalny transport osad\u00f3w mo\u017ce podnie\u015b\u0107 wysoko\u015b\u0107 wysp, pod warunkiem, \u017ce mury morskie i zbrojenie wybrze\u017ca nie utrudniaj\u0105 tego procesu. Mimo to strategie adaptacyjne \u2014 od wzmocnionych linii brzegowych po potencjalne zakupy grunt\u00f3w za granic\u0105 \u2014 pozostaj\u0105 krytyczne, poniewa\u017c samo przetrwanie archipelagu zale\u017cy od skoordynowanych dzia\u0142a\u0144 w kraju i za granic\u0105.<\/p>\n\n\n\n<p>Pod falami Malediwy podtrzymuj\u0105 jedn\u0105 z najbogatszych r\u00f3\u017cnorodno\u015bci morskich na planecie. Rafy koralowe s\u0105 domem dla 187 odr\u0119bnych gatunk\u00f3w, podczas gdy kraw\u0119dzie raf roj\u0105 si\u0119 od ponad 1100 gatunk\u00f3w ryb \u2014 od rekin\u00f3w rafowych i papugoryb po kultowego wargacza garbog\u0142owego. \u017b\u00f3\u0142wie, delfiny i wieloryby przemierzaj\u0105 g\u0142\u0119bsze wody; mi\u0119czaki, skorupiaki i szkar\u0142upnie zamieszkuj\u0105 zakamarki rafy. Biolodzy morscy zauwa\u017caj\u0105 r\u00f3\u017cnice w bior\u00f3\u017cnorodno\u015bci zar\u00f3wno wzd\u0142u\u017c gradientu p\u00f3\u0142noc-po\u0142udnie, jak i mi\u0119dzy s\u0105siednimi atolami, na kt\u00f3re wp\u0142ywaj\u0105 pr\u0105dy, presja po\u0142owowa i \u015brodki ochrony. W 2011 r. atol Baa otrzyma\u0142 status rezerwatu biosfery UNESCO, co jest przyk\u0142adem wysi\u0142k\u00f3w na rzecz zr\u00f3wnowa\u017cenia turystyki z ekologiczn\u0105 opiek\u0105.<\/p>\n\n\n\n<p>Na l\u0105dzie krajobraz kulturowy odzwierciedla stulecia wymiany morskiej. Ludzie Dhivehin \u2014 grupa indoaryjska ze \u015bladami bliskowschodnich, austronezyjskich i afryka\u0144skich przodk\u00f3w \u2014 m\u00f3wi\u0105 j\u0119zykiem Dhivehi od tysi\u0105cleci. Ich pismo ewoluowa\u0142o od wczesnych rodzimych alfabet\u00f3w do dzisiejszego Thaana, systemu pisanego od prawej do lewej, na kt\u00f3ry wp\u0142yw mia\u0142 j\u0119zyk arabski. Angielski s\u0142u\u017cy obecnie jako praktyczna lingua franca, nauczana w szko\u0142ach i szeroko stosowana w handlu; arabski pozostaje centralnym elementem nauczania religii.<\/p>\n\n\n\n<p>Islam jest zapisany w konstytucji z 2008 r.: wszyscy obywatele musz\u0105 by\u0107 muzu\u0142manami sunnickimi, chocia\u017c tolerowane s\u0105 wyznania mniejszo\u015bciowe i prywatne nabo\u017ce\u0144stwa os\u00f3b nieb\u0119d\u0105cych obywatelami. Historyczne tradycje sufickie przetrwa\u0142y w formie grobowc\u00f3w s\u0105siaduj\u0105cych ze staro\u017cytnymi meczetami, co jest oznak\u0105 synkretycznej praktyki wiary, kt\u00f3ra przetrwa\u0142a do ko\u0144ca XX wieku. Obecnie wyznawcy chrze\u015bcija\u0144stwa stanowi\u0105 mniej ni\u017c jeden procent populacji, podczas gdy to\u017csamo\u015b\u0107 islamska kszta\u0142tuje normy spo\u0142eczne i struktury prawne.<\/p>\n\n\n\n<p>Administracyjnie republika dzieli swoje terytorium na 21 jednostek: 17 atoli i cztery miasta. Ka\u017cdy atol nosi zar\u00f3wno tradycyjn\u0105 nazw\u0119 Dhivehi \u2014 cz\u0119sto niezr\u0119czn\u0105 dla os\u00f3b spoza regionu \u2014 jak i prostszy kod literowy zaczerpni\u0119ty z alfabetu Dhivehi (na przyk\u0142ad \u201eBaa\u201d dla Maalhosmadulu Dhekunuburi). Czasami pojawia si\u0119 zamieszanie, gdy te kody s\u0105 mylone z oficjalnymi nazwami. Lokalne zarz\u0105dzanie spoczywa w r\u0119kach wybieralnych rad zar\u00f3wno na poziomie atolu, jak i wyspy, zapewniaj\u0105c miar\u0119 samorz\u0105dno\u015bci w ramach pa\u0144stwa unitarnego.<\/p>\n\n\n\n<p>\u017bycie na wyspach toczy si\u0119 w rytmie wyznaczanym przez p\u0142ywy, monsuny i s\u0142o\u0144ce. Podr\u00f3\u017ce mi\u0119dzy wyspami opieraj\u0105 si\u0119 na lotach krajowych, wodnosamolotach, \u0142odziach motorowych i czcigodnych dhoni. Mi\u0119dzynarodowe lotnisko Velana na wyspie Hulhul\u00e9 s\u0105siaduj\u0105cej z Mal\u00e9 \u0142\u0105czy si\u0119 z g\u0142\u00f3wnymi w\u0119z\u0142ami komunikacyjnymi w Indiach, Zatoce Perskiej, Azji Po\u0142udniowo-Wschodniej i Europie; lotnisko Gan na dalekim po\u0142udniu obs\u0142uguje cotygodniowe po\u0142\u0105czenia do Mediolanu. Dwie floty wodnosamolot\u00f3w \u2014 obs\u0142ugiwane przez Trans Maldivian Airways i Manta Air \u2014 \u0142\u0105cz\u0105 o\u015brodki bezpo\u015brednio ze stolic\u0105, podczas gdy promy i statki towarowe obs\u0142uguj\u0105 lokalne spo\u0142eczno\u015bci.<\/p>\n\n\n\n<p>Walut\u0105 jest rufiyaa malediwska (MVR), podzielona na 100 laari. Nomina\u0142y wahaj\u0105 si\u0119 od monet 1 laari do banknot\u00f3w polimerowych 1 000 rufiyaa. Chocia\u017c kurs wymiany waha si\u0119 w granicach 20 procent wok\u00f3\u0142 15 MVR za dolara ameryka\u0144skiego, o\u015brodki wyceniaj\u0105 niemal wszystkie towary i us\u0142ugi w twardej walucie. Na zaludnionych wyspach lokalne sklepy akceptuj\u0105 rufiyaa, a monety o ma\u0142ych nomina\u0142ach stanowi\u0105 praktyczne pami\u0105tki.<\/p>\n\n\n\n<p>Dla go\u015bci szukaj\u0105cych zanurzenia poza murami kurortu, pensjonaty na zamieszkanych wyspach oferuj\u0105 teraz pokoje za 25\u201340 euro za noc, podawane z domowymi curry z ryb i mo\u017cliwo\u015bci\u0105 obserwacji \u017cycia wsp\u00f3lnotowego. Takie pobyty wymagaj\u0105 skromnego ubioru i szacunku zgodnego z islamskimi zwyczajami \u2014 brak alkoholu, konserwatywny ubi\u00f3r i stonowane zachowanie. Na bardziej odleg\u0142ych atolach nieformalne pobyty u rodziny mog\u0105 kosztowa\u0107 zaledwie 15 euro, a mo\u017cna je zorganizowa\u0107 za po\u015brednictwem lokalnych kontakt\u00f3w w Mal\u00e9.<\/p>\n\n\n\n<p>Sam sektor turystyczny obejmuje trzy szerokie kategorie. Obiekty nastawione na nurkowanie s\u0105 przeznaczone dla entuzjast\u00f3w nurkowania, cz\u0119sto z minimalnymi udogodnieniami na l\u0105dzie; o\u015brodki nastawione na rodziny oferuj\u0105 szereg udogodnie\u0144 \u2014 restauracje, centra dla dzieci, sporty \u2014 i zajmuj\u0105 wyspy w pobli\u017cu Mal\u00e9; luksusowe o\u015brodki wypoczynkowe s\u0105 skierowane do nowo\u017ce\u0144c\u00f3w i podr\u00f3\u017cnik\u00f3w z wy\u017cszej p\u00f3\u0142ki, oferuj\u0105c wille na wodzie, posi\u0142ki na zam\u00f3wienie i wn\u0119trza zaprojektowane przez mi\u0119dzynarodowych projektant\u00f3w. Bungalowy na wodzie pozostaj\u0105 symbolem malediwskiej go\u015bcinno\u015bci, chocia\u017c go\u015bcie powinni rozwa\u017cy\u0107 praktyczno\u015b\u0107 \u2014 prywatno\u015b\u0107, blisko\u015b\u0107 us\u0142ug i wahania p\u0142yw\u00f3w \u2014 przed wyborem tej opcji.<\/p>\n\n\n\n<p>Niezale\u017cnie od tego, czy do\u015bwiadczane przez pryzmat nurkowania z rurk\u0105 do raf koralowych, czy spokojnego zgie\u0142ku Wielkiego Meczetu Pi\u0105tkowego w Male, Malediwy stanowi\u0105 studium kontrastu: ich rozleg\u0142e terytorium morskie i niewielki obszar l\u0105du; staro\u017cytne zwyczaje i nowoczesne rz\u0105dy; zale\u017cno\u015b\u0107 gospodarcza od dolar\u00f3w zagranicznych obok g\u0142\u0119boko zakorzenionych tradycji rybackich; a przede wszystkim krajobraz tak wra\u017cliwy, \u017ce sta\u0142 si\u0119 synonimem globalnego wyzwania klimatycznego. Tutaj ka\u017cde ziarnko piasku opowiada histori\u0119 adaptacji, po\u0142\u0105czenia i pilnej pracy nad zachowaniem narodu znajduj\u0105cego si\u0119 mi\u0119dzy morzem a niebem.<\/p>","protected":false},"excerpt":{"rendered":"<p>Malediwy, formalnie nazywane Republik\u0105 Malediw\u00f3w, to pa\u0144stwo i archipelag po\u0142o\u017cony w Azji Po\u0142udniowej na Oceanie Indyjskim, licz\u0105cy 515 132 mieszka\u0144c\u00f3w wed\u0142ug spisu z 2022 r. Malediwy znajduj\u0105 si\u0119 na po\u0142udniowy zach\u00f3d od Sri Lanki i Indii, oko\u0142o 750 kilometr\u00f3w od kontynentalnej cz\u0119\u015bci Azji. Pa\u0144stwo to sk\u0142ada si\u0119 z serii 26 atoli rozci\u0105gaj\u0105cych si\u0119 wzd\u0142u\u017c r\u00f3wnika od atolu Ihavandhippolhu na p\u00f3\u0142nocy do atolu Addu na po\u0142udniu.<\/p>","protected":false},"author":1,"featured_media":4261,"parent":24063,"menu_order":0,"comment_status":"closed","ping_status":"closed","template":"elementor_theme","meta":{"_eb_attr":"","footnotes":""},"class_list":["post-14734","page","type-page","status-publish","has-post-thumbnail"],"_links":{"self":[{"href":"https:\/\/travelshelper.com\/pl\/wp-json\/wp\/v2\/pages\/14734","targetHints":{"allow":["GET"]}}],"collection":[{"href":"https:\/\/travelshelper.com\/pl\/wp-json\/wp\/v2\/pages"}],"about":[{"href":"https:\/\/travelshelper.com\/pl\/wp-json\/wp\/v2\/types\/page"}],"author":[{"embeddable":true,"href":"https:\/\/travelshelper.com\/pl\/wp-json\/wp\/v2\/users\/1"}],"replies":[{"embeddable":true,"href":"https:\/\/travelshelper.com\/pl\/wp-json\/wp\/v2\/comments?post=14734"}],"version-history":[{"count":0,"href":"https:\/\/travelshelper.com\/pl\/wp-json\/wp\/v2\/pages\/14734\/revisions"}],"up":[{"embeddable":true,"href":"https:\/\/travelshelper.com\/pl\/wp-json\/wp\/v2\/pages\/24063"}],"wp:featuredmedia":[{"embeddable":true,"href":"https:\/\/travelshelper.com\/pl\/wp-json\/wp\/v2\/media\/4261"}],"wp:attachment":[{"href":"https:\/\/travelshelper.com\/pl\/wp-json\/wp\/v2\/media?parent=14734"}],"curies":[{"name":"wp","href":"https:\/\/api.w.org\/{rel}","templated":true}]}}