{"id":14692,"date":"2024-09-19T23:02:15","date_gmt":"2024-09-19T23:02:15","guid":{"rendered":"https:\/\/travelshelper.com\/staging\/?page_id=14692"},"modified":"2026-03-11T18:14:42","modified_gmt":"2026-03-11T18:14:42","slug":"laos","status":"publish","type":"page","link":"https:\/\/travelshelper.com\/pl\/destinations\/asia\/laos\/","title":{"rendered":"Laos"},"content":{"rendered":"<p>Laos, formalnie Laota\u0144ska Republika Ludowo-Demokratyczna, zajmuje centralne miejsce w kontynentalnej Azji Po\u0142udniowo-Wschodniej. Odizolowany od morza i zdefiniowany przez swoje g\u00f3rskie kontury, graniczy z Mjanm\u0105 i Chinami na p\u00f3\u0142nocnym zachodzie, Wietnamem na wschodzie, Kambod\u017c\u0105 na po\u0142udniowym wschodzie i Tajlandi\u0105 na zachodzie i po\u0142udniowym zachodzie. Rzeka Mekong przecina wi\u0119ksz\u0105 cz\u0119\u015b\u0107 zachodniej granicy, rze\u017abi\u0105c strome brzegi i r\u00f3wniny zalewowe, kt\u00f3re ust\u0119puj\u0105 miejsca g\u00f3ruj\u0105cemu pasmu Annamite po przeciwnej stronie. Z szacowan\u0105 populacj\u0105 7,95 miliona w 2024 r. Laos zajmuje 103. miejsce na \u015bwiecie pod wzgl\u0119dem liczby ludno\u015bci, a jego stolica, Wientian, pe\u0142ni funkcj\u0119 administracyjnego i kulturalnego centrum.<\/p>\n\n\n\n<p>Teren kraju dzieli si\u0119 naturalnie na trzy regiony: nier\u00f3wn\u0105 p\u00f3\u0142noc, przerywan\u0105 p\u0142askowy\u017cem Xiangkhoang i szczytami takimi jak Phou Bia (2818 m); pas centralny, naznaczony szerokimi dolinami rzek i rozproszonymi formacjami krasowymi; oraz po\u0142udniowe r\u00f3wniny wok\u00f3\u0142 p\u0142askowy\u017cu Bolaven, gdzie krajobraz kszta\u0142tuj\u0105 bazaltowe gleby i wodospady. Lasy pokrywaj\u0105 ponad po\u0142ow\u0119 kraju, goszcz\u0105c parki narodowe takie jak Nam Et-Phou Louey, w kt\u00f3rych \u017cyj\u0105 rzadkie ssaki, w tym p\u00f3\u0142nocny gibon bia\u0142olicy i saola. Od 1993 r. rz\u0105d zarezerwowa\u0142 21 procent terytorium na cele ochrony. Jednak Laos le\u017cy r\u00f3wnie\u017c w \u201eZ\u0142otym Tr\u00f3jk\u0105cie\u201d, obszarze niegdy\u015b znanym z produkcji opium, gdzie uprawa spad\u0142a z 18 km\u00b2 w 2006 r. do 15 km\u00b2 w 2007 r.<\/p>\n\n\n\n<p>Wzory klimatyczne pod\u0105\u017caj\u0105 za cyklem monsunowym. Od maja do pa\u017adziernika wilgotne wiatry zapowiadaj\u0105 obfite opady deszczu; okres suchy trwa od listopada do kwietnia i tradycyjnie dzieli si\u0119 na pory ch\u0142odne i gor\u0105ce. Te rytmy kieruj\u0105 dzia\u0142alno\u015bci\u0105 rolnicz\u0105, zw\u0142aszcza upraw\u0105 ry\u017cu: oko\u0142o cztery pi\u0105te ziemi uprawnej stanowi\u0105 pola ry\u017cowe, a trzy czwarte gospodarstw rolnych produkuje wystarczaj\u0105c\u0105 ilo\u015b\u0107 ry\u017cu na w\u0142asne potrzeby. Mi\u0119dzynarodowy Instytut Bada\u0144 nad Ry\u017cem wsp\u00f3\u0142pracowa\u0142 z lokalnymi w\u0142adzami w celu skatalogowania szerokiej gamy odmian ry\u017cu w kraju.<\/p>\n\n\n\n<p>Laos wywodzi swoj\u0105 to\u017csamo\u015b\u0107 z kr\u00f3lestwa Lan Xang, za\u0142o\u017conego w XIII wieku i trwaj\u0105cego a\u017c do podzia\u0142u w 1707 roku na ksi\u0119stwa Luang Prabang, Wientian i Champasak. W 1893 roku zosta\u0142y one w\u0142\u0105czone do Indochin Francuskich. Po kr\u00f3tkim japo\u0144skim nadzorze podczas II wojny \u015bwiatowej Laos og\u0142osi\u0142 niepodleg\u0142o\u015b\u0107 w 1945 roku, powr\u00f3ci\u0142 pod kontrol\u0119 francusk\u0105 do 1949 roku, a nast\u0119pnie uzyska\u0142 pe\u0142n\u0105 suwerenno\u015b\u0107 w 1953 roku pod rz\u0105dami kr\u00f3la Sisavanga Vonga. Konflikt wewn\u0119trzny z 1959 roku zako\u0144czy\u0142 si\u0119 w 1975 roku powstaniem Laota\u0144skiej Republiki Ludowo-Demokratycznej, rz\u0105dzonej przez Laota\u0144sk\u0105 Parti\u0119 Ludowo-Rewolucyjn\u0105. Pa\u0144stwo utrzymywa\u0142o bliskie zwi\u0105zki z blokiem sowieckim do 1991 roku. Od tego czasu wprowadzi\u0142o reformy rynkowe, pozostaj\u0105c jednocze\u015bnie jednym z pi\u0119ciu komunistycznych pa\u0144stw jednopartyjnych na \u015bwiecie. Organizacje praw cz\u0142owieka krytykowa\u0142y ograniczenia wolno\u015bci s\u0142owa i prze\u015bladowania mniejszo\u015bci. Obserwatorzy polityczni cz\u0119sto okre\u015blaj\u0105 ten system jako autorytarny.<\/p>\n\n\n\n<p>Polityka gospodarcza k\u0142adzie nacisk na integracj\u0119 regionaln\u0105. Uruchomienie w 2021 r. 414-kilometrowej linii kolejowej Laos\u2013Chiny po\u0142\u0105czy\u0142o Wientian z Kunming, skracaj\u0105c czas podr\u00f3\u017cy i otwieraj\u0105c nowe korytarze handlowe. Udzia\u0142 w programie Greater Mekong Subregion nap\u0119dza\u0142 transgraniczne projekty infrastrukturalne i hydroenergetyczne. Bank \u015awiatowy odnotowuje \u015bredni roczny wzrost PKB o 7,4 procent od 2009 r., nap\u0119dzany przez turystyk\u0119, eksport energii i inwestycje zagraniczne. Chiny s\u0105 najwi\u0119kszym inwestorem zagranicznym od ko\u0144ca lat 80., a nast\u0119pnie Tajlandia i Wietnam. Laos eksportuje energi\u0119 hydroelektryczn\u0105 \u2014 ponad 8 000 MW z jego potencjalnej mocy 18 000 MW jest przeznaczonych na sieci regionalne \u2014 i wysy\u0142a minera\u0142y, takie jak mied\u017a i z\u0142oto, na rynki \u015bwiatowe. Mimo to Organizacja Narod\u00f3w Zjednoczonych nadal klasyfikuje Laos jako kraj najmniej rozwini\u0119ty. Cz\u0142onkostwo w ASEAN, \u015awiatowej Organizacji Handlu i Frankofonii \u015bwiadczy o jego zasi\u0119gu dyplomatycznym.<\/p>\n\n\n\n<p>Administracyjnie Laos obejmuje 17 prowincji i prefektur\u0119 Wientian. Telekomunikacja dociera do ponad 90 procent gospodarstw domowych, a dost\u0119p do elektryczno\u015bci odzwierciedla ten poziom. Sieci drogowe nadal s\u0105 ograniczone przez g\u00f3ry; pierwsza kolej w kraju pojawi\u0142a si\u0119 dopiero w 2009 roku, \u0142\u0105cz\u0105c Wientian z Tajlandi\u0105. Transport rzeczny, szczeg\u00f3lnie na Mekongu, nadal s\u0142u\u017cy odizolowanym spo\u0142eczno\u015bciom.<\/p>\n\n\n\n<p>R\u00f3\u017cnorodno\u015b\u0107 etniczna charakteryzuje populacj\u0119 Laosu. Etniczni Laota\u0144czycy, cz\u0119\u015b\u0107 rodziny j\u0119zykowej Tai, stanowi\u0105 nieco ponad po\u0142ow\u0119 mieszka\u0144c\u00f3w. Grupy ze \u015brodkowego zbocza, zwane Lao Theung, m\u00f3wi\u0105 j\u0119zykami austroazjatyckimi, takimi jak Khmu. Ludzie wysokog\u00f3rscy, w tym Hmong i Yao, s\u0105 zbiorowo znani jako Lao Soung. Spo\u0142eczno\u015bci plemienne utrzymuj\u0105 si\u0119 w odleg\u0142ych dolinach, zachowuj\u0105c odr\u0119bne j\u0119zyki i zwyczaje. Laota\u0144ski jest j\u0119zykiem urz\u0119dowym i u\u017cywa pisma pochodz\u0105cego z Khmer; francuski zachowuje walut\u0119 w rz\u0105dzie i handlu, podczas gdy angielski rozwija si\u0119 w szko\u0142ach miejskich.<\/p>\n\n\n\n<p>Buddyzm therawady kieruje \u017cyciem spo\u0142ecznym oko\u0142o dw\u00f3ch trzecich Laota\u0144czyk\u00f3w. \u015awi\u0105tynie stanowi\u0105 punkty centralne w miastach i wioskach. W Luang Prabang \u2014 dawnej siedzibie kr\u00f3lewskiej i miejscu wpisanym na list\u0119 \u015bwiatowego dziedzictwa UNESCO \u2014 kompleksy \u015bwi\u0105tynne s\u0105siaduj\u0105 z willami z czas\u00f3w kolonialnych wzd\u0142u\u017c czystych ulic wzd\u0142u\u017c rzek. Mnisi w szafranowych szatach poruszaj\u0105 si\u0119 miarowymi krokami, a rytualne dawanie ja\u0142mu\u017cny o \u015bwicie pozostaje centralnym punktem codziennej praktyki. W stolicy znajduje si\u0119 Pha That Luang, poz\u0142acana stupa pochodz\u0105ca z XVI wieku, uwa\u017cana za symbol narodowy. Mniejszo\u015bciowe wierzenia animistyczne nadal istniej\u0105, szczeg\u00f3lnie w\u015br\u00f3d plemion g\u00f3rskich, kt\u00f3rych rytua\u0142y s\u0105 \u015bci\u015ble zwi\u0105zane z ziemi\u0105 i przodkami.<\/p>\n\n\n\n<p>Kuchnia laota\u0144ska k\u0142adzie nacisk na kleisty ry\u017c i regionalne sosy. Larb \u2014 mieszanka marynowanego mi\u0119sa, zi\u00f3\u0142 i pra\u017conego proszku ry\u017cowego \u2014 ilustruje wsp\u00f3\u0142granie tekstur i subtelnej ostro\u015bci. Zielenina i ryby rzeczne towarzysz\u0105 posi\u0142kom. Francuski wp\u0142yw trwa: bagietki pojawiaj\u0105 si\u0119 obok curry u ulicznych sprzedawc\u00f3w. Beerlao, warzone w kraju, jest napojem narodowym, podczas gdy Tiger Head oferuje wod\u0119 butelkowan\u0105 uzdatnion\u0105 dla bezpiecze\u0144stwa.<\/p>\n\n\n\n<p>Turystyka wzros\u0142a z 80 000 przyjazd\u00f3w mi\u0119dzynarodowych w 1990 r. do ponad pi\u0119ciu milion\u00f3w w 2024 r., przyczyniaj\u0105c si\u0119 do PKB o ponad 1 mld USD. Atrakcje obejmuj\u0105 zar\u00f3wno naturalne, jak i kulturowe: krasowe klify w pobli\u017cu Vang Vieng, R\u00f3wnin\u0119 Dzban\u00f3w z jej zagadkowymi kamiennymi naczyniami, hindusko-khmerskie ruiny Wat Phu w Champasak i sie\u0107 jaski\u0144 Vieng Xai, w kt\u00f3rych przyw\u00f3dcy Pathet Lao schronili si\u0119 podczas ameryka\u0144skiego bombardowania. Organizatorzy wycieczek promuj\u0105 eko-domki i kwatery prywatne, zw\u0142aszcza wzd\u0142u\u017c szlaku Ban Nalan na p\u00f3\u0142noc od Luang Namtha. Zaj\u0119cia obejmuj\u0105 w\u0119dr\u00f3wki piesze mi\u0119dzy wioskami Khmu po kajakowe odcinki Mekongu. W\u0142adze d\u0105\u017c\u0105 do zarz\u0105dzania wp\u0142ywem odwiedzaj\u0105cych poprzez strefowanie i projekty oparte na spo\u0142eczno\u015bciach.<\/p>\n\n\n\n<p>Praktyczne wzgl\u0119dy wp\u0142ywaj\u0105 na podr\u00f3\u017cowanie. Kip jest jedyn\u0105 legaln\u0105 walut\u0105, chocia\u017c w o\u015brodkach miejskich kr\u0105\u017c\u0105 tajskie bahty i dolary ameryka\u0144skie. Bankomaty dzia\u0142aj\u0105 g\u0142\u00f3wnie w du\u017cych miastach; karty dzia\u0142aj\u0105 w maszynach BCEL. Poza tymi obszarami obowi\u0105zuje tylko kip. Warunki drogowe s\u0105 zmienne; lokalna jazda mo\u017ce wydawa\u0107 si\u0119 nieprzewidywalna, a przepisy ruchu drogowego cz\u0119sto nie s\u0105 egzekwowane. Niewybuchy pozostaj\u0105 zagro\u017ceniem we wschodnich prowincjach, co wymaga podr\u00f3\u017cowania tylko wyznaczonymi trasami. Opieka zdrowotna w Laosie oferuje podstawowe leczenie; powa\u017cne przypadki wymagaj\u0105 ewakuacji do Tajlandii. \u015arodki ostro\u017cno\u015bci przeciwko malarii i dendze obejmuj\u0105 repelenty na owady i moskitiery. Woda z kranu jest niebezpieczna; niezawodn\u0105 alternatyw\u0105 jest woda butelkowana lub s\u0142oiki dostarczone przez \u015bwi\u0105tyni\u0119.<\/p>\n\n\n\n<p>Zwyczaje spo\u0142eczne wymagaj\u0105 szacunku. Odwiedzaj\u0105cy powinni mie\u0107 przy sobie dokumenty to\u017csamo\u015bci, poniewa\u017c policja mo\u017ce ich za\u017c\u0105da\u0107. W miejscach kultu religijnego obowi\u0105zuj\u0105 zasady ubioru: d\u0142ugie r\u0119kawy i spodnie, buty zdejmowane przed wej\u015bciem do \u015bwi\u0105ty\u0144. Ostre pokazywanie podeszew st\u00f3p jest obra\u017aliwe, podobnie jak dotykanie czyjej\u015b g\u0142owy. Kobiety musz\u0105 unika\u0107 kontaktu fizycznego z mnichami. Publiczne pija\u0144stwo i okazywanie gniewu naruszaj\u0105 lokalne normy. Przepisy dotycz\u0105ce zwi\u0105zk\u00f3w s\u0105 r\u00f3\u017cne: cudzo\u0142\u00f3stwo wi\u0105\u017ce si\u0119 z kar\u0105, a goszczenie w swoim miejscu zakwaterowania os\u00f3b niespokrewnionych z Laota\u0144czykami wymaga uzyskania pozwolenia.<\/p>\n\n\n\n<p>Pomimo wyzwa\u0144 w zarz\u0105dzaniu i infrastrukturze, Laos utrzymuje rozwa\u017cne tempo \u017cycia. Wsie trzymaj\u0105 si\u0119 tarasowych p\u00f3l i drewnianych dom\u00f3w; targi rozwijaj\u0105 si\u0119 o \u015bwicie i o zmierzchu; \u0142odzie rzeczne sun\u0105 pod wapiennymi klifami. Rozw\u00f3j naciska do wewn\u0105trz od granic, jednak wi\u0119kszo\u015b\u0107 kraju pozostaje zdefiniowana przez lasy, drogi wodne i kontury historii. Ci, kt\u00f3rzy sp\u0119dzaj\u0105 tu czas, wychodz\u0105 poza pobie\u017cne wra\u017cenia, aby zrozumie\u0107, jak geografia, kultura i polityka ukszta\u0142towa\u0142y ten nar\u00f3d. W tym uznaniu le\u017cy urok kraju: miejsce, w kt\u00f3rym tradycje trwaj\u0105, a wsp\u00f3\u0142granie ziemi i ludzi nadal si\u0119 rozwija, cicho i bez udawania.<\/p>","protected":false},"excerpt":{"rendered":"<p>Laos, formalnie nazywany Laota\u0144sk\u0105 Republik\u0105 Ludowo-Demokratyczn\u0105 (LPDR), jest krajem \u015br\u00f3dl\u0105dowym po\u0142o\u017conym w centrum Azji Po\u0142udniowo-Wschodniej. Maj\u0105c populacj\u0119 oko\u0142o 7,5 miliona, Laos jest strategicznie po\u0142o\u017cony, z granicami z Chinami na zachodzie i po\u0142udniowym zachodzie, Wietnamem na wschodzie, Kambod\u017c\u0105 na po\u0142udniowym wschodzie i Mjanm\u0105 na p\u00f3\u0142nocnym zachodzie. Geografia tego szczeg\u00f3lnego miejsca by\u0142a bardzo wa\u017cna w okre\u015blaniu historii, kultury i wzrostu gospodarczego narodu.<\/p>","protected":false},"author":1,"featured_media":4313,"parent":24063,"menu_order":0,"comment_status":"closed","ping_status":"closed","template":"elementor_theme","meta":{"_eb_attr":"","footnotes":""},"class_list":["post-14692","page","type-page","status-publish","has-post-thumbnail"],"_links":{"self":[{"href":"https:\/\/travelshelper.com\/pl\/wp-json\/wp\/v2\/pages\/14692","targetHints":{"allow":["GET"]}}],"collection":[{"href":"https:\/\/travelshelper.com\/pl\/wp-json\/wp\/v2\/pages"}],"about":[{"href":"https:\/\/travelshelper.com\/pl\/wp-json\/wp\/v2\/types\/page"}],"author":[{"embeddable":true,"href":"https:\/\/travelshelper.com\/pl\/wp-json\/wp\/v2\/users\/1"}],"replies":[{"embeddable":true,"href":"https:\/\/travelshelper.com\/pl\/wp-json\/wp\/v2\/comments?post=14692"}],"version-history":[{"count":0,"href":"https:\/\/travelshelper.com\/pl\/wp-json\/wp\/v2\/pages\/14692\/revisions"}],"up":[{"embeddable":true,"href":"https:\/\/travelshelper.com\/pl\/wp-json\/wp\/v2\/pages\/24063"}],"wp:featuredmedia":[{"embeddable":true,"href":"https:\/\/travelshelper.com\/pl\/wp-json\/wp\/v2\/media\/4313"}],"wp:attachment":[{"href":"https:\/\/travelshelper.com\/pl\/wp-json\/wp\/v2\/media?parent=14692"}],"curies":[{"name":"wp","href":"https:\/\/api.w.org\/{rel}","templated":true}]}}