{"id":14631,"date":"2024-09-19T21:40:05","date_gmt":"2024-09-19T21:40:05","guid":{"rendered":"https:\/\/travelshelper.com\/staging\/?page_id=14631"},"modified":"2026-03-11T21:52:53","modified_gmt":"2026-03-11T21:52:53","slug":"armenia","status":"publish","type":"page","link":"https:\/\/travelshelper.com\/pl\/destinations\/europe\/armenia\/","title":{"rendered":"Armenia"},"content":{"rendered":"<p>Armenia zajmuje skromny pas g\u00f3rskiego terytorium na skrzy\u017cowaniu kontynent\u00f3w, gdzie kontury staro\u017cytnych imperi\u00f3w nadal kszta\u0142tuj\u0105 codzienne \u017cycie. Po\u0142o\u017cona na Wy\u017cynie Arme\u0144skiej w Azji Zachodniej i cz\u0119sto zaliczana do narod\u00f3w Po\u0142udniowego Kaukazu, graniczy z Turcj\u0105 na zachodzie, Gruzj\u0105 na p\u00f3\u0142nocy, Azerbejd\u017canem na wschodzie i Iranem oraz azersk\u0105 eksklaw\u0105 Nachiczewan na po\u0142udniu. Erywa\u0144, jej stolica i g\u0142\u00f3wne centrum finansowe, le\u017cy nad rzek\u0105 Hrazdan i jest zar\u00f3wno nowoczesn\u0105 metropoli\u0105, jak i stra\u017cnikiem tysi\u0105cletnich tradycji.<\/p>\n<p>Geneza to\u017csamo\u015bci ormia\u0144skiej le\u017cy w obszernych anna\u0142ach Wy\u017cyny Ormia\u0144skiej, terytorium niegdy\u015b zamieszkiwanego przez konfederacje Hayasa-Azzi, Shupria i Nairi. Do VI wieku p.n.e. starsza forma j\u0119zyka protoormia\u0144skiego, b\u0119d\u0105ca odga\u0142\u0119zieniem rodziny indoeuropejskiej, wplata\u0142a si\u0119 w lokalne j\u0119zyki. W 860 roku p.n.e. Urartu powsta\u0142o jako pierwsze skonsolidowane pa\u0144stwo ormia\u0144skie. Jego ambicje os\u0142ab\u0142y, ust\u0119puj\u0105c w VI wieku p.n.e. rz\u0105dom satrap\u00f3w Achemenid\u00f3w. Jednak to w I wieku p.n.e., za panowania Tigranesa II, kr\u00f3lestwo ormia\u0144skie osi\u0105gn\u0119\u0142o apogeum, rozci\u0105gaj\u0105c si\u0119 od Morza Czarnego do Mezopotamii. Kr\u00f3tki wiek p\u00f3\u017aniej, w 301 roku n.e., Armenia przesz\u0142a do historii jako pierwsze pa\u0144stwo, kt\u00f3re uzna\u0142o chrze\u015bcija\u0144stwo za swoje oficjalne wyznanie wiary \u2014 akt, kt\u00f3ry przyznaje Apostolskiemu Ko\u015bcio\u0142owi Ormia\u0144skiemu wyr\u00f3\u017cnienie bycia najwcze\u015bniejszym ko\u015bcio\u0142em narodowym na \u015bwiecie.<\/p>\n<p>W kolejnych stuleciach Armenia zosta\u0142a podzielona mi\u0119dzy Bizancjum i Persj\u0119 Sasanid\u00f3w, przy czym ka\u017cde z tych mocarstw narzuci\u0142o w\u0142asne formy administracyjne. IX wiek przyni\u00f3s\u0142 chwilowe o\u017cywienie pod rz\u0105dami rodu Bagratuni, kt\u00f3ry odtworzy\u0142 kr\u00f3lestwo ormia\u0144skie do 1045 roku. Nast\u0105pi\u0142 upadek, jednak w XI wieku ormia\u0144scy szlachcice ustanowili ksi\u0119stwo morskie w Cylicji, na wschodnim Morzu \u015ar\u00f3dziemnym. Ten ustr\u00f3j przetrwa\u0142 do XIV wieku, zachowuj\u0105c ormia\u0144skie instytucje prawne i ko\u015bcielne, nawet gdy Anatolia znalaz\u0142a si\u0119 pod panowaniem osma\u0144skim.<\/p>\n<p>Wraz z rozwojem hegemonii osma\u0144skiej i perskiej w XVI wieku, ojczyzna ormia\u0144ska podzieli\u0142a si\u0119 na wschodni\u0105 i zachodni\u0105 po\u0142ow\u0119, wymieniane jak \u017cetony w kolejnych wojnach. W XIX wieku Rosja wch\u0142on\u0119\u0142a wschodni\u0105 Armeni\u0119, podczas gdy zachodnia Armenia pozosta\u0142a pod panowaniem osma\u0144skim. I wojna \u015bwiatowa przynios\u0142a spustoszenie, gdy si\u0142y osma\u0144skie podda\u0142y systematycznej eksterminacji do 1,5 miliona Ormian. W zamieszaniu wywo\u0142anym przez rewolucj\u0119 rosyjsk\u0105 Armenia na kr\u00f3tko wy\u0142oni\u0142a si\u0119 jako republika w 1918 roku, tylko po to, by zosta\u0107 wch\u0142oni\u0119t\u0105 przez Zwi\u0105zek Radziecki w 1920 roku. Pozosta\u0142a Arme\u0144sk\u0105 Socjalistyczn\u0105 Republik\u0105 Radzieck\u0105 a\u017c do rozpadu Zwi\u0105zku Radzieckiego w 1991 roku, kiedy to obecna Republika Armenii odzyska\u0142a swoj\u0105 suwerenno\u015b\u0107.<\/p>\n<p>Geografia jest widoczna w ka\u017cdym zak\u0105tku kraju. Zajmuj\u0105ca oko\u0142o 29 743 kilometr\u00f3w kwadratowych Armenia jest przyt\u0142aczaj\u0105co g\u00f3rzysta \u2014 ponad osiemdziesi\u0105t pi\u0119\u0107 procent jej powierzchni le\u017cy powy\u017cej 1000 metr\u00f3w. Szybko p\u0142yn\u0105ce rzeki rozcinaj\u0105 g\u0142\u0119bokie w\u0105wozy, a ziemia rzadko schodzi poni\u017cej 390 metr\u00f3w. G\u00f3ra Aragac wznosi si\u0119 na wysoko\u015b\u0107 4090 metr\u00f3w nad poziomem morza, podczas gdy legendarna g\u00f3ra Ararat, obecnie w granicach Turcji, wznosi si\u0119 na wysoko\u015b\u0107 5137 metr\u00f3w i trwa jako pot\u0119\u017cny symbol na ormia\u0144skim herbie. Dwa g\u0142\u00f3wne ekoregiony \u2014 mieszane lasy Kaukazu i wschodnioanatolijski step g\u00f3rski \u2014 s\u0105 siedliskiem bogatej bior\u00f3\u017cnorodno\u015bci.<\/p>\n<p>Klimat odzwierciedla wysoko\u015b\u0107. Lata s\u0105 gor\u0105ce, suche i s\u0142oneczne, \u0142agodzone nisk\u0105 wilgotno\u015bci\u0105 i wieczornymi g\u00f3rskimi wiatrami, kt\u00f3re rozlewaj\u0105 si\u0119 w dolinach. Kr\u00f3tkie wiosny ust\u0119puj\u0105 miejsca przed\u0142u\u017caj\u0105cej si\u0119 jesieni, kiedy li\u015bcie dojrzewaj\u0105 w ognistych odcieniach. Zimy przynosz\u0105 obfite opady \u015bniegu i temperatury spadaj\u0105ce do \u201310 \u00b0C, zapraszaj\u0105c entuzjast\u00f3w na stoki Tsaghkadzor, zaledwie p\u00f3\u0142 godziny od Erywania. Jezioro Sewan, po\u0142o\u017cone na wysoko\u015bci 1900 metr\u00f3w, drugie co do wysoko\u015bci du\u017ce jezioro na \u015bwiecie, zamarza zim\u0105, ale w cieplejszych miesi\u0105cach s\u0142u\u017cy jako miejsce rekreacji i w\u0119dkowania.<\/p>\n<p>Administracyjnie Armenia dzieli si\u0119 na dziesi\u0119\u0107 prowincji, z kt\u00f3rych ka\u017cda jest nadzorowana przez gubernatora wyznaczonego przez rz\u0105d krajowy. Erywa\u0144 wyr\u00f3\u017cnia si\u0119 bezpo\u015brednio wybieranym burmistrzem i dwunastoma p\u00f3\u0142autonomicznymi dystryktami. Prowincje dziel\u0105 si\u0119 na samorz\u0105dne spo\u0142eczno\u015bci, licz\u0105ce dziewi\u0119\u0107set pi\u0119tna\u015bcie, z kt\u00f3rych czterdzie\u015bci dziewi\u0119\u0107 to miasta, a osiemset sze\u015b\u0107dziesi\u0105t sze\u015b\u0107 to obszary wiejskie. Te jednostki miejskie obejmuj\u0105 zar\u00f3wno miasta, jak i wsie, odzwierciedlaj\u0105c teren, kt\u00f3ry na przemian sprzyja g\u0119stym osadom i odizolowanym przysi\u00f3\u0142kom.<\/p>\n<p>Wsp\u00f3\u0142czesna gospodarka opiera si\u0119 na po\u0142\u0105czeniu przemys\u0142u i wydobycia minera\u0142\u00f3w, uzupe\u0142nionych przekazami z rozleg\u0142ej diaspory. Przed 1991 r. gospodarka Armenii z czas\u00f3w Zwi\u0105zku Radzieckiego by\u0142a zorientowana przemys\u0142owo, produkuj\u0105c maszyny, elektronik\u0119, przetworzon\u0105 \u017cywno\u015b\u0107 i tekstylia. Po uzyskaniu niepodleg\u0142o\u015bci udzia\u0142 rolnictwa w zatrudnieniu wzr\u00f3s\u0142 do czterdziestu procent, nap\u0119dzany konieczno\u015bci\u0105 bezpiecze\u0144stwa \u017cywno\u015bciowego, zanim ustabilizowa\u0142 si\u0119 na poziomie oko\u0142o dwudziestu procent PKB w po\u0142owie lat 2000. Obecnie inwestycje zagraniczne \u2014 cz\u0119sto przekazywane za po\u015brednictwem Ormian mieszkaj\u0105cych za granic\u0105 \u2014 odgrywaj\u0105 kluczow\u0105 rol\u0119 w rozwoju infrastruktury, technologii i turystyki.<\/p>\n<p>Pod wzgl\u0119dem demograficznym Armenia liczy oko\u0142o 3 081 100 mieszka\u0144c\u00f3w w 2025 r., co czyni j\u0105 jedn\u0105 z najg\u0119\u015bciej zaludnionych by\u0142ych republik radzieckich. Emigracja gwa\u0142townie wzros\u0142a w latach 90., ale od tego czasu zmniejszy\u0142a si\u0119, a umiarkowany wzrost populacji obserwowano od 2012 r. Poza jej granicami ogromna diaspora \u2014 szacowana na osiem milion\u00f3w \u2014 kwitnie w Rosji, Francji, Stanach Zjednoczonych, Iranie, Libanie i gdzie indziej. Historyczne spo\u0142eczno\u015bci przetrwa\u0142y w Turcji, zw\u0142aszcza wok\u00f3\u0142 Stambu\u0142u, a ma\u0142e enklawy ormia\u0144skie przetrwa\u0142y w Starym Mie\u015bcie w Jerozolimie i na wyspie San Lazzaro w pobli\u017cu Wenecji, gdzie klasztor mechitaryst\u00f3w przechowuje stulecia nauki.<\/p>\n<p>Ormianie etniczni stanowi\u0105 98,1 procent populacji. Jazydzi stanowi\u0105 najwi\u0119ksz\u0105 mniejszo\u015b\u0107, oko\u0142o 1,1 procent, podczas gdy Rosjanie stanowi\u0105 oko\u0142o 0,5 procent. Inne grupy \u2014 Asyryjczycy, Grecy, Gruzini, Kurdowie, \u017bydzi i inni \u2014 dodaj\u0105 do mozaiki. Do czasu konfliktu w G\u00f3rskim Karabachu Azerowie byli kiedy\u015b znacz\u0105c\u0105 mniejszo\u015bci\u0105, ale praktycznie wszyscy wyjechali do 1990 roku. Z drugiej strony fale ormia\u0144skich uchod\u017ac\u00f3w z Azerbejd\u017canu przyczyni\u0142y si\u0119 do wzgl\u0119dnej jednorodno\u015bci kraju.<\/p>\n<p>J\u0119zyk ormia\u0144ski, pisany alfabetem opracowanym oko\u0142o 405 r. n.e. przez Mesropa Masztoca, pozostaje jedynym j\u0119zykiem urz\u0119dowym. Jego trzydzie\u015bci dziewi\u0119\u0107 liter \u2014 pierwotnie trzydzie\u015bci sze\u015b\u0107, z trzema dodanymi p\u00f3\u017aniej \u2014 podkre\u015bla tradycj\u0119 literack\u0105 trwaj\u0105c\u0105 ponad szesna\u015bcie stuleci. Rosyjski nadal jest powszechnie u\u017cywanym drugim j\u0119zykiem, odzwierciedlaj\u0105c dekady rz\u0105d\u00f3w radzieckich, podczas gdy angielski zyska\u0142 popularno\u015b\u0107 w szko\u0142ach i o\u015brodkach miejskich.<\/p>\n<p>Religia odciska swoje pi\u0119tno na ka\u017cdej wsi i mie\u015bcie. Ponad dziewi\u0119\u0107dziesi\u0105t trzy procent Ormian nale\u017cy do Apostolskiego Ko\u015bcio\u0142a Ormia\u0144skiego. Zakorzeniony w misjach aposto\u0142\u00f3w Tadeusza i Bart\u0142omieja w I wieku n.e., nale\u017cy do wsp\u00f3lnoty prawos\u0142awnej Wschodu. Siedziba katolikosa w Eczmiadzynie, z naw\u0105 z V wieku, jest jedn\u0105 z najstarszych katedr na \u015bwiecie. Kongregacje katolickie \u2014 zar\u00f3wno ormia\u0144skie, jak i \u0142aci\u0144skie \u2014 utrzymuj\u0105 swoj\u0105 obecno\u015b\u0107, podobnie jak wsp\u00f3lnoty protestanckie, grupy Mo\u0142okan\u00f3w pochodzenia rosyjskiego i ma\u0142a spo\u0142eczno\u015b\u0107 \u017cydowska skoncentrowana w Erywaniu i Sewanie.<\/p>\n<p>Jazydyzm przetrwa\u0142 w\u015br\u00f3d zachodnich wiosek g\u00f3rskich, gdzie w 2019 r. otwarto \u015bwi\u0105tyni\u0119 Quba M\u00ear\u00ea D\u00eewan\u00ea, przywracaj\u0105c do \u017cycia staro\u017cytne obrz\u0119dy. Te nurty religijne wsp\u00f3\u0142istniej\u0105 na mocy konstytucji, kt\u00f3ra uznaje Apostolski Ko\u015bci\u00f3\u0142 Ormia\u0144ski, jednocze\u015bnie podtrzymuj\u0105c wolno\u015b\u0107 kultu dla wszystkich.<\/p>\n<p>Architektura ormia\u0144ska nosi znamiona sejsmicznych nakaz\u00f3w. Grube kamienne \u015bciany i niskie profile chroni\u0105 przed wstrz\u0105sami, podczas gdy obfite lokalne tufy i bazalty daj\u0105 budynki o trwa\u0142ej wyr\u00f3\u017cnialno\u015bci. Chocia\u017c pozosta\u0142o niewiele drewnianych konstrukcji z czas\u00f3w staro\u017cytnych, \u015bredniowieczne stolice Ani i innych odbijaj\u0105 si\u0119 echem od zarys\u00f3w zaginionych osad. W ka\u017cdej dolinie ko\u015bcio\u0142y i klasztory \u2014 Geghard wykuty w klifach, symetryczne kolumny Garni, misternie rze\u017abione portale Noravank \u2014 m\u00f3wi\u0105 o po\u0142\u0105czeniu utylitarnego rzemios\u0142a i \u015bwi\u0119tej aspiracji.<\/p>\n<p>Kuchnia odzwierciedla zbie\u017cno\u015b\u0107 wschodu i zachodu. Przepisy ceni\u0105 jako\u015b\u0107 sk\u0142adnik\u00f3w bardziej ni\u017c mocne przyprawy. \u015awie\u017ce zio\u0142a, ro\u015bliny str\u0105czkowe, orzechy i owoce, takie jak morela \u2014 narodowy owoc Armenii \u2014 dodaj\u0105 smaku potrawom, podczas gdy li\u015bcie winoro\u015bli lub kapusty s\u0142u\u017c\u0105 jako naczynia do doprawiania farsz\u00f3w. Granat, symbol p\u0142odno\u015bci, przenika zar\u00f3wno przepisy, jak i ikonografi\u0119. Chleb w kszta\u0142cie chaczkaru, gulasze wzbogacone kwa\u015bn\u0105 \u015bliwk\u0105 i lekkie p\u0142askie chleby pieczone w piecach tandoor definiuj\u0105 codzienne dania, kt\u00f3rym towarzysz\u0105 pstr\u0105gi z g\u00f3rskich strumieni lub raki z jeziora Sewan.<\/p>\n<p>Tury\u015bci znajduj\u0105 w Armenii bogactwo r\u00f3\u017cnorodno\u015bci regionalnej. Centralna Armenia, kt\u00f3rej g\u0142\u00f3wnymi o\u015brodkami s\u0105 Erywa\u0144 i centrum religijne Eczmiadzyn, obejmuje klasztor Geghard i rezerwat archeologiczny Khor Virap, oba oferuj\u0105ce intymne spotkania z dziedzictwem. Region jeziora Sewan, rozci\u0105gaj\u0105cy si\u0119 wok\u00f3\u0142 wysokog\u00f3rskiego jeziora, ods\u0142ania staro\u017cytne cmentarze z kamiennymi krzy\u017cami i letnie pla\u017ce, gdzie lokalne restauracje specjalizuj\u0105 si\u0119 w s\u0142odkowodnych rybach. P\u00f3\u0142nocne prowincje, otoczone Gruzj\u0105, kryj\u0105 odosobnione klasztory dost\u0119pne tylko w\u0105skimi szlakami i goszcz\u0105 Dilijan, zalesiony kurort, kt\u00f3rego rozwijaj\u0105ca si\u0119 scena kulinarna przywo\u0142uje alpejski urok. Na po\u0142udniu w\u0105wozy Vorotan i Amaghu mieszcz\u0105 klasztory Tatev i Noravank, podczas gdy zrujnowane karawanseraje w Selim i wioski na klifach Hin Khndzoresk sugeruj\u0105 niegdy\u015b t\u0119tni\u0105ce \u017cyciem zaplecze Jedwabnego Szlaku.<\/p>\n<p>W\u015br\u00f3d o\u015brodk\u00f3w miejskich Erywa\u0144 wyr\u00f3\u017cnia si\u0119 szerokimi alejami i komfortowym bezpiecze\u0144stwem po zmroku, pomimo sporadycznych drobnych kradzie\u017cy. Giumri, kt\u00f3re ucierpia\u0142o w trz\u0119sieniu ziemi w 1988 r., prze\u017cywa odrodzenie kulturalne; Wanadzor, trzecie co do wielko\u015bci miasto, zachowuje spokojne uk\u0142ady z czas\u00f3w sowieckich; a uzdrowisko Jermuk przyci\u0105ga turyst\u00f3w ciep\u0142ymi \u017ar\u00f3d\u0142ami mineralnymi. Cachkadzor, z wyci\u0105gami narciarskimi i dobrze utrzymanymi trasami, pozostaje g\u0142\u00f3wnym celem sport\u00f3w zimowych w kraju.<\/p>\n<p>Podr\u00f3\u017cni u\u017cywaj\u0105 dram (AMD) do codziennych transakcji. Monety maj\u0105 nomina\u0142y od 10 do 500 dram; banknoty si\u0119gaj\u0105 100 000 dram. Wymiana walut na dolary, euro lub ruble jest prosta, zwykle bez prowizji; bankomaty du\u017cych sieci s\u0105 rozsiane po obszarach miejskich, ale poza Erywaniem got\u00f3wka jest cz\u0119sto niezast\u0105piona.<\/p>\n<p>Bezpiecze\u0144stwo w Armenii jest godne uwagi. Miejscowi ceni\u0105 sobie go\u015bcinno\u015b\u0107, a chodniki w Erywaniu i poza nim s\u0105 bezpieczne nawet po zmroku. Zaleca si\u0119 ostro\u017cno\u015b\u0107 w przypadku taks\u00f3wkarzy bez licencji \u2014 wcze\u015bniejsze ustalenie ceny przejazdu lub skorzystanie z oficjalnych aplikacji mo\u017ce zapobiec sporom. Od czasu aksamitnej rewolucji w 2018 r. drobna korupcja dotykaj\u0105ca turyst\u00f3w zmala\u0142a. Spojrzenia przechodni\u00f3w zazwyczaj odzwierciedlaj\u0105 ciekawo\u015b\u0107, a nie wrogo\u015b\u0107, a jawny rasizm jest rzadki. Jednak odwiedzaj\u0105cy LGBT powinni zachowa\u0107 ostro\u017cno\u015b\u0107, poniewa\u017c akceptacja spo\u0142eczna pozostaje ograniczona, a zwi\u0105zki os\u00f3b tej samej p\u0142ci nie s\u0105 uznawane w kraju.<\/p>\n<p>Poszanowanie lokalnych obyczaj\u00f3w wzbogaca ka\u017cdy pobyt. Skromny ubi\u00f3r i nakrycia g\u0142owy dla kobiet pasuj\u0105 do wizyt w ko\u015bciele; m\u0119\u017cczy\u017ani zdejmuj\u0105 kapelusze w pomieszczeniach. Zapalenie \u015bwiecy w kaplicy klasztornej jest opcjonalnym gestem czci. Anga\u017cowanie Ormian w rozmow\u0119 o historii lub kulturze spotyka si\u0119 z autentycznym zainteresowaniem, ale nag\u0142e wej\u015bcie w interesy bez zwyczajowej pogaw\u0119dki mo\u017ce wydawa\u0107 si\u0119 nag\u0142e. Szacunek dla starszych jest oczekiwany w transporcie publicznym, a zasada go\u015bcinno\u015bci zach\u0119ca gospodarzy do zapewnienia go\u015bciom komfortu \u2014 odmowa przyj\u0119cia wi\u0119kszej ilo\u015bci jedzenia lub napoj\u00f3w mo\u017ce wystawi\u0107 na pr\u00f3b\u0119 ormia\u0144sk\u0105 uprzejmo\u015b\u0107.<\/p>\n<p>W przypadku os\u00f3b z podw\u00f3jnym obywatelstwem prawo do wielokrotnego obywatelstwa wsp\u00f3\u0142istnieje z obowi\u0105zkami: Ormianie w wieku od osiemnastu do dwudziestu siedmiu lat musz\u0105 odby\u0107 s\u0142u\u017cb\u0119 wojskow\u0105, niezale\u017cnie od innych paszport\u00f3w. Unikanie takiego obowi\u0105zku wi\u0105\u017ce si\u0119 z karami prawnymi. D\u0142ugotrwa\u0142y konflikt z Azerbejd\u017canem zaleca ostro\u017cno\u015b\u0107 w pobli\u017cu stref granicznych, gdzie trwaj\u0105 sporadyczne potyczki, a rosyjscy \u017co\u0142nierze si\u0142 pokojowych monitoruj\u0105 korytarz Lachin.<\/p>\n<p>Armenia jest jednocze\u015bnie \u017cyw\u0105 kronik\u0105 cywilizacji i narodem toruj\u0105cym sobie drog\u0119 w XXI wieku. Jej wzg\u00f3rza i p\u0142askowy\u017ce wyznaczaj\u0105 \u015blady nomad\u00f3w, krzy\u017cowc\u00f3w i kupc\u00f3w. W fakturze kamiennych mur\u00f3w, modlitwach w kaplicach i smaku starannie przygotowanych posi\u0142k\u00f3w kraj ten ujawnia si\u0119 nie poprzez wielkie deklaracje, ale poprzez cich\u0105 wytrwa\u0142o\u015b\u0107 ludu, kt\u00f3ry pozna\u0142 zar\u00f3wno strat\u0119, jak i odnow\u0119. Dla tych, kt\u00f3rzy anga\u017cuj\u0105 si\u0119 w jej rytmy, Armenia oferuje nieupi\u0119kszon\u0105, wymown\u0105 relacj\u0119 z zasi\u0119gu historii w tera\u017aniejszo\u015bci.<\/p>","protected":false},"excerpt":{"rendered":"<p>Po\u0142o\u017cona na Wy\u017cynie Arme\u0144skiej w Azji Zachodniej Armenia ma strategiczne po\u0142o\u017cenie na styku Europy i Azji. Armenia jest ma\u0142ym, ale wa\u017cnym krajem na Kaukazie Po\u0142udniowym, licz\u0105cym oko\u0142o 2,9 miliona mieszka\u0144c\u00f3w. Poniewa\u017c prawie jedna trzecia ludno\u015bci kraju mieszka w Erywaniu, stolica i najwi\u0119ksze miasto kraju pe\u0142ni funkcj\u0119 energicznego centrum kultury i biznesu.<\/p>","protected":false},"author":1,"featured_media":3821,"parent":24078,"menu_order":0,"comment_status":"closed","ping_status":"closed","template":"elementor_theme","meta":{"_eb_attr":"","footnotes":""},"class_list":["post-14631","page","type-page","status-publish","has-post-thumbnail"],"_links":{"self":[{"href":"https:\/\/travelshelper.com\/pl\/wp-json\/wp\/v2\/pages\/14631","targetHints":{"allow":["GET"]}}],"collection":[{"href":"https:\/\/travelshelper.com\/pl\/wp-json\/wp\/v2\/pages"}],"about":[{"href":"https:\/\/travelshelper.com\/pl\/wp-json\/wp\/v2\/types\/page"}],"author":[{"embeddable":true,"href":"https:\/\/travelshelper.com\/pl\/wp-json\/wp\/v2\/users\/1"}],"replies":[{"embeddable":true,"href":"https:\/\/travelshelper.com\/pl\/wp-json\/wp\/v2\/comments?post=14631"}],"version-history":[{"count":0,"href":"https:\/\/travelshelper.com\/pl\/wp-json\/wp\/v2\/pages\/14631\/revisions"}],"up":[{"embeddable":true,"href":"https:\/\/travelshelper.com\/pl\/wp-json\/wp\/v2\/pages\/24078"}],"wp:featuredmedia":[{"embeddable":true,"href":"https:\/\/travelshelper.com\/pl\/wp-json\/wp\/v2\/media\/3821"}],"wp:attachment":[{"href":"https:\/\/travelshelper.com\/pl\/wp-json\/wp\/v2\/media?parent=14631"}],"curies":[{"name":"wp","href":"https:\/\/api.w.org\/{rel}","templated":true}]}}