{"id":14616,"date":"2024-09-19T21:24:23","date_gmt":"2024-09-19T21:24:23","guid":{"rendered":"https:\/\/travelshelper.com\/staging\/?page_id=14616"},"modified":"2026-03-11T22:25:06","modified_gmt":"2026-03-11T22:25:06","slug":"bialorus","status":"publish","type":"page","link":"https:\/\/travelshelper.com\/pl\/destinations\/europe\/belarus\/","title":{"rendered":"Bia\u0142oru\u015b"},"content":{"rendered":"<p>Bia\u0142oru\u015b, formalnie nazwana Republik\u0105 Bia\u0142orusi, zajmuje centralne miejsce w Europie Wschodniej. Rozci\u0105gaj\u0105c si\u0119 na powierzchni 207 600 kilometr\u00f3w kwadratowych, le\u017cy mi\u0119dzy 51\u00b0 i 57\u00b0 szeroko\u015bci geograficznej p\u00f3\u0142nocnej i 23\u00b0 i 33\u00b0 d\u0142ugo\u015bci geograficznej wschodniej, dziel\u0105c granice z Rosj\u0105 na wschodzie i p\u00f3\u0142nocnym wschodzie, Ukrain\u0105 na po\u0142udniu, Polsk\u0105 na zachodzie oraz Litw\u0105 i \u0141otw\u0105 na p\u00f3\u0142nocnym zachodzie. Republika, b\u0119d\u0105ca domem dla oko\u0142o 9,1 miliona mieszka\u0144c\u00f3w, jest podzielona na sze\u015b\u0107 region\u00f3w administracyjnych, podczas gdy jej stolica, Mi\u0144sk, wyr\u00f3\u017cnia si\u0119 specjalnym statusem. To stosunkowo p\u0142askie terytorium, charakteryzuj\u0105ce si\u0119 rozleg\u0142ymi bagnami i szerokimi obszarami le\u015bnymi, prezentuje krajobraz zar\u00f3wno pow\u015bci\u0105gliwy, jak i cicho zr\u00f3\u017cnicowany.<\/p>\n<p>Wznosz\u0105c si\u0119 nie wi\u0119cej ni\u017c 345 metr\u00f3w nad poziomem morza w Dzier\u017cy\u0144skiej Harze i opadaj\u0105c do 90 metr\u00f3w przy najni\u017cszym brzegu Niemna, rze\u017aba terenu Bia\u0142orusi jest \u0142agodna. Jej klimat hemiborealny przynosi zimy, w kt\u00f3rych \u015brednie minima w styczniu wahaj\u0105 si\u0119 od \u20134 \u00b0C na po\u0142udniowym zachodzie wok\u00f3\u0142 Brze\u015bcia do \u20138 \u00b0C na p\u00f3\u0142nocnym wschodzie w pobli\u017cu Witebska, podczas gdy lata pozostaj\u0105 ch\u0142odne i wilgotne, ze \u015bredni\u0105 temperatur\u0105 18 \u00b0C. Roczne opady oscyluj\u0105 mi\u0119dzy 550 a 700 milimetrami, odzwierciedlaj\u0105c pozycj\u0119 przej\u015bciow\u0105 mi\u0119dzy re\u017cimem kontynentalnym a morskim. G\u0119sta sie\u0107 strumieni i oko\u0142o 11 000 jezior uzupe\u0142nia trzy g\u0142\u00f3wne rzeki \u2014 Niemen, Prype\u0107 i Dniepr \u2014 \u0142\u0105cz\u0105ce l\u0105d z Morzem Ba\u0142tyckim i Czarnym poprzez swoje biegi.<\/p>\n<p>Prawie czterdzie\u015bci trzy procent powierzchni Bia\u0142orusi znajdowa\u0142o si\u0119 pod pokryw\u0105 le\u015bn\u0105 do 2020 r., co stanowi wzrost z oko\u0142o trzydziestu siedmiu procent w 1990 r. Z 8,8 miliona hektar\u00f3w las\u00f3w oko\u0142o 6,6 miliona hektar\u00f3w odnawia si\u0119 naturalnie, podczas gdy 2,2 miliona hektar\u00f3w zawdzi\u0119cza swoje pochodzenie planowanemu zalesianiu. Tylko niewielka cz\u0119\u015b\u0107, by\u0107 mo\u017ce dwa procent, zachowuje cechy charakterystyczne lasu pierwotnego, jednak oko\u0142o szesna\u015bcie procent wszystkich las\u00f3w znajduje si\u0119 w formalnie chronionych strefach. Ta obfito\u015b\u0107 drzew wsp\u00f3\u0142istnieje z bagiennymi nizinami, zw\u0142aszcza w regionie Polesia, gdzie z\u0142o\u017ca torfu stanowi\u0105 zar\u00f3wno cech\u0119 ekologiczn\u0105, jak i eksploatowalny zas\u00f3b.<\/p>\n<p>Pod swoimi glebami Bia\u0142oru\u015b kryje skromne ilo\u015bci ropy naftowej i gazu ziemnego, obok bardziej obfitych zasob\u00f3w mineralnych: granitu, dolomitu, margla, kredy, piasku, \u017cwiru i gliny. Jednak dziedzictwo katastrofy w Czarnobylu z 1986 r. wci\u0105\u017c tu jest: oko\u0142o siedemdziesi\u0119ciu procent radioaktywnego opadu z uszkodzonego reaktora na Ukrainie osiad\u0142o na terytorium Bia\u0142orusi, zanieczyszczaj\u0105c szacunkowo jedn\u0105 pi\u0105t\u0105 jej ziemi, g\u0142\u00f3wnie na po\u0142udniowym wschodzie. Mi\u0119dzynarodowe wysi\u0142ki, kierowane przez Organizacj\u0119 Narod\u00f3w Zjednoczonych i sprzymierzone agencje, mia\u0142y na celu zmniejszenie st\u0119\u017cenia cezu-137 w glebie poprzez interwencje rolnicze \u2014 w tym upraw\u0119 rzepaku i stosowanie \u015brodk\u00f3w wi\u0105\u017c\u0105cych \u2014 podczas gdy le\u015bnictwo i zarz\u0105dzanie gruntami dostosowuj\u0105 si\u0119 do d\u0142ugoterminowych ogranicze\u0144 radiacyjnych.<\/p>\n<p>Wsp\u00f3\u0142czesne granice Bia\u0142orusi w du\u017cej mierze ukszta\u0142towa\u0142y si\u0119 w XX wieku. Po upadku Rzeczypospolitej Obojga Narod\u00f3w pod koniec XVIII wieku ziemie te zosta\u0142y wch\u0142oni\u0119te przez Imperium Rosyjskie. Po zamieszaniu rewolucji rosyjskiej seria kr\u00f3tkotrwa\u0142ych pa\u0144stw rywalizowa\u0142a o kontrol\u0119, co zako\u0144czy\u0142o si\u0119 utworzeniem Bia\u0142oruskiej Socjalistycznej Republiki Radzieckiej w 1919 roku. Wojna polsko-radziecka (1918\u20131921) odda\u0142a Polsce prawie po\u0142ow\u0119 tych terytori\u00f3w, ale radziecka inwazja na wschodni\u0105 Polsk\u0119 w 1939 roku odwr\u00f3ci\u0142a wiele z tych strat. Ostateczne demarkacje skrystalizowa\u0142y si\u0119 po II wojnie \u015bwiatowej, gdy sowiecka praktyka administracyjna skonsolidowa\u0142a sze\u015b\u0107 region\u00f3w Bia\u0142orusi i specjalny status Mi\u0144ska.<\/p>\n<p>Druga wojna \u015bwiatowa przynios\u0142a spustoszenie spo\u0142ecze\u0144stwu i gospodarce Bia\u0142orusi: operacje wojskowe i okupacja poch\u0142on\u0119\u0142y \u017cycie prawie jednej czwartej obywateli i zniszczy\u0142y po\u0142ow\u0119 potencja\u0142u przemys\u0142owego i rolniczego. Po\u015br\u00f3d tych zniszcze\u0144 wy\u0142oni\u0142 si\u0119 odporny ruch partyzancki \u2014 zjednoczony przez antyhitlerowsk\u0105 determinacj\u0119 i niezwykle zr\u00f3\u017cnicowany sk\u0142ad \u2014 kt\u00f3ry kszta\u0142towa\u0142 powojenn\u0105 polityk\u0119 przez dziesi\u0119ciolecia. W 1945 r., jako cz\u0142onek za\u0142o\u017cyciel Organizacji Narod\u00f3w Zjednoczonych obok samego Zwi\u0105zku Radzieckiego, Bia\u0142oruska SRR rozpocz\u0119\u0142a szybk\u0105 transformacj\u0119 z rolniczego zaplecza w republik\u0119 przemys\u0142ow\u0105, kierowan\u0105 centralnym planowaniem i kolektywizacj\u0105.<\/p>\n<p>Wraz z wiatrem zmian przetaczaj\u0105cym si\u0119 przez Europ\u0119 Wschodni\u0105, najwy\u017csza Rada Bia\u0142orusi proklamowa\u0142a suwerenno\u015b\u0107 27 lipca 1990 r. W ci\u0105gu roku rozpad Zwi\u0105zku Radzieckiego przyni\u00f3s\u0142 pe\u0142n\u0105 niepodleg\u0142o\u015b\u0107 25 sierpnia 1991 r. Nowa konstytucja pojawi\u0142a si\u0119 trzy lata p\u00f3\u017aniej, a w 1994 r. Aleksander \u0141ukaszenka zosta\u0142 wybrany na prezydenta w jedynym wolnym g\u0142osowaniu kraju od czasu uzyskania niepodleg\u0142o\u015bci. Jego kadencja, zbli\u017caj\u0105ca si\u0119 do trzech dekad, nadzorowa\u0142a utrzymanie rozleg\u0142ej w\u0142asno\u015bci pa\u0144stwowej, t\u0142umienie niezale\u017cnych medi\u00f3w i spo\u0142ecze\u0144stwa obywatelskiego oraz koncentracj\u0119 w\u0142adzy w ramach wysoce scentralizowanej w\u0142adzy wykonawczej. Wolno\u015b\u0107 prasy i zgromadze\u0144 nale\u017cy do najbardziej ograniczonych w Europie, a kara \u015bmierci pozostaje w mocy.<\/p>\n<p>Bia\u0142oru\u015b utrzymuje sie\u0107 mi\u0119dzynarodowych powi\u0105za\u0144: nale\u017cy do Organizacji Narod\u00f3w Zjednoczonych, Wsp\u00f3lnoty Niepodleg\u0142ych Pa\u0144stw, Organizacji Uk\u0142adu o Bezpiecze\u0144stwie Zbiorowym i Eurazjatyckiej Unii Gospodarczej, a tak\u017ce uczestniczy w Organizacji Bezpiecze\u0144stwa i Wsp\u00f3\u0142pracy w Europie oraz Ruchu Pa\u0144stw Niezaanga\u017cowanych. Dwustronne stosunki z Uni\u0105 Europejsk\u0105 trwaj\u0105, chocia\u017c nigdy nie starano si\u0119 o przyst\u0105pienie. Starania o przyst\u0105pienie do Rady Europy w 1993 r. zosta\u0142y odrzucone z powodu nieprawid\u0142owo\u015bci wyborczych i obaw dotycz\u0105cych praw cz\u0142owieka, a jej ograniczone zaanga\u017cowanie w tym organie zako\u0144czy\u0142o si\u0119 ca\u0142kowicie w 2022 r. po roli Bia\u0142orusi w u\u0142atwianiu inwazji Rosji na Ukrain\u0119.<\/p>\n<p>Ekonomicznie Bia\u0142oru\u015b zajmuje sze\u015b\u0107dziesi\u0105te miejsce w Indeksie Rozwoju Spo\u0142ecznego ONZ, co oznacza bardzo wysoki poziom rozwoju spo\u0142ecznego pomimo statusu kraju rozwijaj\u0105cego si\u0119. W 2019 r. produkcja stanowi\u0142a oko\u0142o trzydziestu jeden procent PKB i zatrudnia\u0142a nieco poni\u017cej trzydziestu pi\u0119ciu procent si\u0142y roboczej, chocia\u017c jej wzrost pozostawa\u0142 w tyle za wzrostem szerszej gospodarki. Rolnictwo podtrzymuje wiejskie \u017ar\u00f3d\u0142a utrzymania, a ziemniaki i byd\u0142o nale\u017c\u0105 do g\u0142\u00f3wnych produkt\u00f3w. Kontrola pa\u0144stwa nad du\u017cymi przedsi\u0119biorstwami utrzymuje si\u0119, nawet gdy ograniczone reformy rynkowe i handel mi\u0119dzynarodowy wspieraj\u0105 skromn\u0105 dywersyfikacj\u0119 gospodarcz\u0105.<\/p>\n<p>Historia monetarna naznaczona jest okresami niestabilno\u015bci. Bia\u0142oruski rubel zosta\u0142 wprowadzony w maju 1992 r. w celu zast\u0105pienia radzieckiej waluty i przeszed\u0142 dwie redenominacje: pierwsz\u0105 w 2000 r. i ponownie w lipcu 2016 r., kiedy 10 000 starych rubli sta\u0142o si\u0119 jednym nowym rublem (BYN). Powa\u017cna dewaluacja w maju 2011 r. \u2014 kiedy waluta straci\u0142a oko\u0142o pi\u0119\u0107dziesi\u0105t sze\u015b\u0107 procent swojej warto\u015bci w stosunku do dolara ameryka\u0144skiego w ci\u0105gu jednego dnia \u2014 sk\u0142oni\u0142a Mi\u0119dzynarodowy Fundusz Walutowy do z\u0142o\u017cenia wniosku o pomoc. Epizody kontroli cen, w tym zamro\u017cenie og\u0142oszone w pa\u017adzierniku 2022 r. w celu ograniczenia inflacji \u017cywno\u015bci, ilustruj\u0105 interwencjonistyczne stanowisko rz\u0105du. W styczniu 2023 r. ustawodawstwo zalegalizowa\u0142o nieautoryzowane korzystanie z w\u0142asno\u015bci intelektualnej z kraj\u00f3w uznanych za \u201enieprzyjazne\u201d.<\/p>\n<p>Sektor bankowy sk\u0142ada si\u0119 z dw\u00f3ch szczebli: Narodowego Banku Republiki Bia\u0142orusi na szczycie i dwudziestu pi\u0119ciu instytucji komercyjnych pod nim. Polityka pieni\u0119\u017cna, alokacja kredyt\u00f3w i zarz\u0105dzanie kursami walutowymi pozostaj\u0105 pod \u015bcis\u0142ym nadzorem rz\u0105dowym, odzwierciedlaj\u0105c szerszy wzorzec zaanga\u017cowania pa\u0144stwa w ca\u0142ej gospodarce.<\/p>\n<p>Populacja Bia\u0142orusi licz\u0105ca oko\u0142o 9,41 miliona (spis z 2019 r.) jest w przewa\u017caj\u0105cej mierze bia\u0142oruska, stanowi\u0105c oko\u0142o 84,9 procent. Mniejszo\u015bci rosyjskie, polskie i ukrai\u0144skie stanowi\u0105 odpowiednio 7,5 procent, 3,1 procent i 1,7 procent. Przy \u015bredniej g\u0119sto\u015bci zaludnienia wynosz\u0105cej oko\u0142o pi\u0119\u0107dziesi\u0119ciu os\u00f3b na kilometr kwadratowy, oko\u0142o siedemdziesi\u0105t procent populacji zamieszkuje obszary miejskie. Mi\u0144sk, w kt\u00f3rym mieszka prawie dwa miliony mieszka\u0144c\u00f3w, stanowi polityczne, kulturalne i gospodarcze centrum; inne g\u0142\u00f3wne miasta to Homel (481 000), Mohylew (365 100), Witebsk (342 400), Grodno (314 800) i Brze\u015b\u0107 (298 300).<\/p>\n<p>Naturalny spadek populacji zosta\u0142 nieznacznie zr\u00f3wnowa\u017cony przez imigracj\u0119 netto. W 2007 r. Bia\u0142oru\u015b odnotowa\u0142a ujemny wska\u017anik wzrostu wynosz\u0105cy 0,41 procent, poparty wska\u017anikiem dzietno\u015bci wynosz\u0105cym 1,22 dziecka na kobiet\u0119 \u2014 znacznie poni\u017cej poziomu zast\u0119powalno\u015bci. Migracja netto, wynosz\u0105ca oko\u0142o +0,38 na tysi\u0105c, kontrastuje z odp\u0142ywami obserwowanymi w innych cz\u0119\u015bciach regionu. Profil demograficzny jest przechylony w stron\u0119 starszych: w 2015 r. oko\u0142o czterna\u015bcie procent mia\u0142o sze\u015b\u0107dziesi\u0105t pi\u0119\u0107 lat lub wi\u0119cej, a mediana wieku trzydziestu czterech lat ma wzrosn\u0105\u0107 powy\u017cej sze\u015b\u0107dziesi\u0119ciu do po\u0142owy wieku. \u015arednia d\u0142ugo\u015b\u0107 \u017cycia wynosi 72,15 lat \u2014 78,1 dla kobiet i 66,5 dla m\u0119\u017cczyzn \u2014 a umiej\u0119tno\u015b\u0107 czytania i pisania przekracza dziewi\u0119\u0107dziesi\u0105t dziewi\u0119\u0107 procent w\u015br\u00f3d os\u00f3b w wieku pi\u0119tnastu lat i starszych.<\/p>\n<p>Przynale\u017cno\u015b\u0107 religijna odzwierciedla przewag\u0119 prawos\u0142awia wschodniego, do kt\u00f3rego nale\u017cy oko\u0142o czterdziestu o\u015bmiu procent populacji. Dane spisowe z 2011 r. wskazuj\u0105, \u017ce pi\u0119\u0107dziesi\u0105t dziewi\u0119\u0107 procent popiera to\u017csamo\u015b\u0107 religijn\u0105: z nich oko\u0142o osiemdziesi\u0119ciu dw\u00f3ch procent zgadza si\u0119 z Bia\u0142oruskim Egzarchatem Rosyjskiego Ko\u015bcio\u0142a Prawos\u0142awnego, podczas gdy istniej\u0105 r\u00f3wnie\u017c mniejsze cia\u0142a prawos\u0142awne i Bia\u0142oruski Autokefaliczny Ko\u015bci\u00f3\u0142 Prawos\u0142awny. Rzymscy katolicy stanowi\u0105 oko\u0142o 7,1 procent \u2014 g\u0142\u00f3wnie w regionach zachodnich \u2014 podczas gdy wyznania protestanckie, grekokatolicy, \u017bydzi, muzu\u0142manie i grupy neopoga\u0144skie stanowi\u0105 reszt\u0119. Oko\u0142o czterdziestu jeden procent Bia\u0142orusin\u00f3w okre\u015bla siebie jako niereligijnych.<\/p>\n<p>Dwa j\u0119zyki maj\u0105 status oficjalny: bia\u0142oruski i rosyjski. W spisie powszechnym z 2009 r. pi\u0119\u0107dziesi\u0105t trzy procent respondent\u00f3w poda\u0142o bia\u0142oruski jako sw\u00f3j j\u0119zyk ojczysty, a czterdzie\u015bci jeden procent wskaza\u0142o rosyjski. Jednak rosyjski dominuje w codziennej mowie w oko\u0142o siedemdziesi\u0119ciu procentach gospodarstw domowych, w por\u00f3wnaniu do dwudziestu trzech procent w przypadku j\u0119zyka bia\u0142oruskiego. Od po\u0142owy lat 90. edukacja miejska przesun\u0119\u0142a si\u0119 w kierunku nauczania rosyjskiego, a roczna produkcja literatury bia\u0142oruskoj\u0119zycznej znacznie spad\u0142a.<\/p>\n<p>Bia\u0142oru\u015b chroni kwartet obiekt\u00f3w \u015bwiatowego dziedzictwa UNESCO. Kompleks Zamkowy w Mirze i zesp\u00f3\u0142 rezydencyjno-obronny Zamku w Nie\u015bwie\u017cu s\u0105 przyk\u0142adami p\u00f3\u017ano\u015bredniowiecznej architektury i arystokratycznego planowania. Transnarodowy \u0141uk Struvego upami\u0119tnia dziewi\u0119tnastowieczne przedsi\u0119wzi\u0119cia geodezyjne, oznaczaj\u0105c punkty pomiarowe w dziesi\u0119ciu krajach. Wreszcie pierwotne szczepy Puszczy Bia\u0142owieskiej \u2014 znanej jako Puszcza Bia\u0142owieska po stronie bia\u0142oruskiej \u2014 daj\u0105 schronienie \u017cubrom europejskim w\u015br\u00f3d pierwotnych d\u0119b\u00f3w i sosen, oferuj\u0105c \u017cywy wgl\u0105d w przedindustrialn\u0105 Europ\u0119.<\/p>\n<p>Poza tymi zabytkami odwiedzaj\u0105cy napotykaj\u0105 \u015blady bogatszej przesz\u0142o\u015bci architektonicznej, z kt\u00f3rej wiele zgin\u0119\u0142o podczas II wojny \u015bwiatowej lub w wyniku powojennego planowania. Mi\u0144sk, ca\u0142kowicie odbudowany po zniszczeniach wojennych, \u0142\u0105czy teraz monumentalne socrealistyczne struktury ze wsp\u00f3\u0142czesnymi kawiarniami, muzeami i miejscami kulturalnymi. Plac Niepodleg\u0142o\u015bci stanowi o\u015b \u017cycia obywatelskiego miasta, otoczony by\u0142\u0105 siedzib\u0105 KGB i Narodowym Muzeum Pa\u0144stwowym; w pobli\u017cu znajduje si\u0119 Pomnik \u017bydowski Zas\u0142awskiego upami\u0119tniaj\u0105cy utracone spo\u0142eczno\u015bci.<\/p>\n<p>W Brze\u015bciu na zachodniej granicy, XIX-wieczna twierdza stoi jako pomnik radzieckiego oporu w ramach operacji Barbarossa. Aby zobaczy\u0107 wiejskie rzemios\u0142o XIX wieku, podr\u00f3\u017cni mog\u0105 uda\u0107 si\u0119 do skansenu Dudutki, gdzie drewniane i kryte strzech\u0105 konstrukcje s\u0105 miejscem pokaz\u00f3w garncarstwa, ciesielstwa, pieczenia i r\u0119kodzie\u0142a. Je\u015bli chodzi o naturalne odosobnienie, rezerwat Prype\u0107 i region Jezior Bras\u0142awskich oferuj\u0105 mokrad\u0142a, wyspy i zalesione brzegi. Cztery parki narodowe \u2014 Puszcza Bia\u0142owieska, Prype\u0107, Jeziora Bras\u0142awskie i Osipowiczski \u2014 zapewniaj\u0105 r\u00f3\u017cnorodne siedliska dla dzikiej przyrody i mo\u017cliwo\u015bci spokojnej eksploracji.<\/p>\n<p>Wzgl\u0119dy bezpiecze\u0144stwa przypominaj\u0105 te w \u015bci\u015ble nadzorowanym pa\u0144stwie. Drobne przest\u0119pstwa przeciwko go\u015bciom zdarzaj\u0105 si\u0119 rzadko, jednak zaleca si\u0119 ostro\u017cno\u015b\u0107 w transakcjach finansowych, poniewa\u017c zdarzaj\u0105 si\u0119 oszustwa i cyberprzest\u0119pczo\u015b\u0107. W\u0142adze utrzymuj\u0105 wszechobecny nadz\u00f3r: pokoje hotelowe, komunikacja i rzeczy osobiste mog\u0105 podlega\u0107 inspekcji. Fotografowanie instalacji wojskowych, rz\u0105dowych lub granicznych mo\u017ce wywo\u0142a\u0107 oficjaln\u0105 nagan\u0119. Publiczne upicie si\u0119 i u\u017cywanie wulgaryzm\u00f3w skutkuje grzywnami lub zatrzymaniem.<\/p>\n<p>Spotkania polityczne s\u0105 nara\u017cone na nag\u0142e st\u0142umienie; sprzeciw jest karany, a wolno\u015b\u0107 wypowiedzi jest mocno ograniczona. Protestuj\u0105cy cz\u0119sto nios\u0105 historyczny bia\u0142o-czerwono-bia\u0142y sztandar z lat 1918\u20131995, symbol diaspory i opozycji; jego pojawienie si\u0119 w miejscach publicznych oznacza podwy\u017cszone ryzyko aresztowania. Nawet gesty tak niewinne jak oklaski mog\u0105 przyci\u0105gn\u0105\u0107 niepo\u017c\u0105dan\u0105 uwag\u0119, poniewa\u017c zosta\u0142y przyj\u0119te przez krytyk\u00f3w re\u017cimu. Zagraniczni dziennikarze, szczeg\u00f3lnie ci polskiego pochodzenia, do\u015bwiadczyli odmowy wjazdu, zatrzyma\u0144 i przes\u0142ucha\u0144.<\/p>\n<p>Postawy wobec odwiedzaj\u0105cych LGBT pozostaj\u0105 konserwatywne. Chocia\u017c prawodawstwo nie kryminalizuje ju\u017c dobrowolnych stosunk\u00f3w homoseksualnych, akceptacja spo\u0142eczna jest ograniczona \u2014 szczeg\u00f3lnie w\u015br\u00f3d starszych pokole\u0144 \u2014 a publiczne okazywanie uczu\u0107 nie jest zalecane. Warunki jazdy r\u00f3\u017cni\u0105 si\u0119 od zno\u015bnych na g\u0142\u00f3wnych autostradach do niebezpiecznych zim\u0105: dziury w drogach, s\u0142abe o\u015bwietlenie, nieprzewidywalne zachowanie pieszych i okazjonalne lekcewa\u017cenie przepis\u00f3w ruchu drogowego \u2014 wszystko to wymaga czujno\u015bci.<\/p>\n<p>Opieka zdrowotna nie spe\u0142nia standard\u00f3w zachodnich. Plac\u00f3wki cz\u0119sto nie maj\u0105 nowoczesnego sprz\u0119tu, a bariery j\u0119zykowe utrudniaj\u0105 \u017cycie osobom nie m\u00f3wi\u0105cym po rosyjsku lub bia\u0142orusku. Czas reakcji karetki pogotowia mo\u017ce przekracza\u0107 trzydzie\u015bci minut, co sprawia, \u017ce \u200b\u200bewakuacja medyczna jest najbardziej niezawodn\u0105 drog\u0105 do zaawansowanej opieki. Gru\u017alica stwarza coraz wi\u0119ksze wyzwania, a woda z kranu jest niebezpieczna do bezpo\u015bredniego spo\u017cycia; zdecydowanie zaleca si\u0119 wod\u0119 butelkowan\u0105. Artyku\u0142y spo\u017cywcze przechodz\u0105 zar\u00f3wno kontrol\u0119 bakteryjn\u0105, jak i radiologiczn\u0105, chocia\u017c produkty pochodz\u0105ce z odleg\u0142o\u015bci pi\u0119\u0107dziesi\u0119ciu kilometr\u00f3w od reaktora w Czarnobylu pozostaj\u0105 zakazane.<\/p>\n<p>Etykieta na Bia\u0142orusi odzwierciedla bardziej pow\u015bci\u0105gliw\u0105 kultur\u0119. Bia\u0142orusini ceni\u0105 pow\u015bci\u0105gliwo\u015b\u0107 w miejscach publicznych, gdzie u\u015bmiechy do nieznajomych mog\u0105 by\u0107 interpretowane jako nieszczero\u015b\u0107 lub kpina. Pierwsze spotkania cz\u0119sto wywo\u0142uj\u0105 zwi\u0119z\u0142e odpowiedzi, a nie wylewne ciep\u0142o; zaufanie i otwarto\u015b\u0107 rozwijaj\u0105 si\u0119 stopniowo. Rycersko\u015b\u0107 pozostaje zwyczajowa: m\u0119\u017cczy\u017ani cz\u0119sto oferuj\u0105 praktyczn\u0105 pomoc kobietom, kt\u00f3re z kolei oczekuj\u0105 takich uprzejmo\u015bci. Najlepiej unika\u0107 dyskursu politycznego, szczeg\u00f3lnie dotycz\u0105cego prezydenta \u0141ukaszenki lub radzieckiego dziedzictwa, poniewa\u017c takie tematy mog\u0105 wywo\u0142a\u0107 niepok\u00f3j lub oficjalne represje.<\/p>\n<p>Zar\u00f3wno w cichych wioskach Bia\u0142orusi, jak i w jej nowoczesnych o\u015brodkach miejskich, wzajemne oddzia\u0142ywanie historycznego zerwania i kulturowej trwa\u0142o\u015bci kszta\u0142tuje \u015brodowisko, kt\u00f3re jest zar\u00f3wno trudne, jak i cicho przekonuj\u0105ce. Cho\u0107 wiele z jej przesz\u0142o\u015bci zosta\u0142o utracone \u2014 przez wojenn\u0105 przemoc i jednolit\u0105 rekonstrukcj\u0119 \u2014 \u015blady przetrwa\u0142y w zniszczonych lasach, w murach zamk\u00f3w i w stoickich rytmach codziennego \u017cycia. Dla tych, kt\u00f3rzy chc\u0105 spojrze\u0107 poza powierzchowne wra\u017cenia, Bia\u0142oru\u015b oferuje do\u015bwiadczenie odporno\u015bci i ci\u0105g\u0142o\u015bci, naznaczone nieupi\u0119kszonymi realiami jej mieszka\u0144c\u00f3w i subtelnym pi\u0119knem ziemi w ci\u0105g\u0142ej, cho\u0107 pow\u015bci\u0105gliwej, transformacji.<\/p>","protected":false},"excerpt":{"rendered":"<p>With an estimated population of almost 9.1 million people, Belarus\u2014formally known as the Republic of Belarus\u2014is a landlocked country in Eastern Europe. Belarus\u2019s strategic location\u2014that of the junction of Europe and Asia\u2014has affected its historical development, cultural identity, and geopolitical relevance. Ranked 13th in Europe by land mass, the nation boasts an area of 207,600 square kilometers (80,200 square miles). Russia to the east and northeast, Ukraine to the south, Poland to the west, Lithuania and Latvia to the northwest all round Belarus. The country\u2019s development and its historical interactions with surrounding states have been much influenced by its geographical location.<\/p>","protected":false},"author":1,"featured_media":2825,"parent":24078,"menu_order":0,"comment_status":"closed","ping_status":"closed","template":"elementor_theme","meta":{"_eb_attr":"","footnotes":""},"class_list":["post-14616","page","type-page","status-publish","has-post-thumbnail"],"_links":{"self":[{"href":"https:\/\/travelshelper.com\/pl\/wp-json\/wp\/v2\/pages\/14616","targetHints":{"allow":["GET"]}}],"collection":[{"href":"https:\/\/travelshelper.com\/pl\/wp-json\/wp\/v2\/pages"}],"about":[{"href":"https:\/\/travelshelper.com\/pl\/wp-json\/wp\/v2\/types\/page"}],"author":[{"embeddable":true,"href":"https:\/\/travelshelper.com\/pl\/wp-json\/wp\/v2\/users\/1"}],"replies":[{"embeddable":true,"href":"https:\/\/travelshelper.com\/pl\/wp-json\/wp\/v2\/comments?post=14616"}],"version-history":[{"count":0,"href":"https:\/\/travelshelper.com\/pl\/wp-json\/wp\/v2\/pages\/14616\/revisions"}],"up":[{"embeddable":true,"href":"https:\/\/travelshelper.com\/pl\/wp-json\/wp\/v2\/pages\/24078"}],"wp:featuredmedia":[{"embeddable":true,"href":"https:\/\/travelshelper.com\/pl\/wp-json\/wp\/v2\/media\/2825"}],"wp:attachment":[{"href":"https:\/\/travelshelper.com\/pl\/wp-json\/wp\/v2\/media?parent=14616"}],"curies":[{"name":"wp","href":"https:\/\/api.w.org\/{rel}","templated":true}]}}