{"id":14519,"date":"2024-09-19T17:42:33","date_gmt":"2024-09-19T17:42:33","guid":{"rendered":"https:\/\/travelshelper.com\/staging\/?page_id=14519"},"modified":"2026-03-11T22:28:37","modified_gmt":"2026-03-11T22:28:37","slug":"mostar","status":"publish","type":"page","link":"https:\/\/travelshelper.com\/pl\/destinations\/europe\/bosnia-and-herzegovina\/mostar\/","title":{"rendered":"Mostar"},"content":{"rendered":"<p>Mostar zajmuje w\u0105ski w\u0105w\u00f3z, gdzie szmaragdowe pr\u0105dy rzeki Neretwy wy\u017c\u0142obi\u0142y \u015bcie\u017ck\u0119 mi\u0119dzy skalistymi zboczami. Jako centrum administracyjne kantonu Hercegowina-Neretwa w Federacji Bo\u015bni i Hercegowiny, nosi r\u00f3wnie\u017c dziedzictwo swojego starszego statusu historycznej stolicy Hercegowiny. Obecnie miasto zajmuje pi\u0105te miejsce pod wzgl\u0119dem liczby ludno\u015bci w kraju, jednak jego zwarta tkanka miejska skrywa z\u0142o\u017cono\u015b\u0107 dziedzictwa, konflikt\u00f3w i odnowy, kt\u00f3ra si\u0119ga wiek\u00f3w wstecz.<\/p>\n<p>Od podboju osma\u0144skiego w po\u0142owie XV wieku to\u017csamo\u015b\u0107 Mostaru sta\u0142a si\u0119 nierozerwalnie zwi\u0105zana ze Starym Mostem, czyli Starym Mostem. Zlecony przez su\u0142tana Sulejmana Wspania\u0142ego i uko\u0144czony w 1566 roku, jedno\u0142ukowy kamienny prz\u0119s\u0142o mia\u0142o 28,7 m szeroko\u015bci i wznosi\u0142o si\u0119 21 m ponad letni\u0105 lini\u0119 wody. Jego idealnie p\u00f3\u0142koliste sklepienie, wykonane z ciosanych blok\u00f3w wapiennych z wype\u0142nieniem z pop\u0119kanego kamienia, uciele\u015bnia\u0142o eksperymentaln\u0105 pewno\u015b\u0107 siebie. Lokalna legenda przypisuje projekt Hajrudinowi, uczniowi wielkiego architekta Sinana; w rzeczywisto\u015bci most nale\u017ca\u0142 do najbardziej udanych osi\u0105gni\u0119\u0107 in\u017cynierii l\u0105dowej na Ba\u0142kanach Osma\u0144skich. Wie\u017ce flankuj\u0105ce most \u2014 Halebija i Tara \u2014 niegdy\u015b mie\u015bci\u0142y stra\u017cnik\u00f3w i amunicj\u0119, a ich solidnie u\u0142o\u017cone mury podkre\u015bla\u0142y zar\u00f3wno militarny, jak i obywatelski cel przeprawy.<\/p>\n<p>Za mostem \u015bredniowieczne antecedencje Mostaru pozostawi\u0142y tylko fragmenty. Wie\u017ca Hercegowa, samotny relikt wczesnych fortyfikacji, wznosi si\u0119 nad wschodnim brzegiem. Po drugiej stronie rzeki osma\u0144skie ambicje zmieni\u0142y kszta\u0142t miasta. Administratorzy nowo utworzonego sand\u017caku zainwestowali w kompleksy meczet\u00f3w, kt\u00f3re \u0142\u0105czy\u0142y sale modlitewne, szko\u0142y koraniczne, targi i jad\u0142odajnie, osadzaj\u0105c zar\u00f3wno wiar\u0119, jak i opiek\u0119 spo\u0142eczn\u0105 w jednym okr\u0119gu. Meczet Cejvana Cehaja, pochodz\u0105cy z 1552 r., jest najstarszym zachowanym muzu\u0142ma\u0144skim domem modlitwy. Niedaleko Kriva \u0106uprija \u2014 jej niewielki \u201ePochy\u0142y Most\u201d z 1558 r. \u2014 zapowiada\u0142 sam Stary Most, s\u0142u\u017c\u0105c zar\u00f3wno jako pr\u00f3ba techniki, jak i \u0142\u0105cznik mi\u0119dzy tym, co mia\u0142o sta\u0107 si\u0119 dzielnicami handlowymi.<\/p>\n<p>Przez trzy stulecia krajobraz miasta wch\u0142ania\u0142 kolejne warstwy wp\u0142yw\u00f3w. P\u00f3\u017anoosma\u0144skie domy wykorzystywa\u0142y charakterystyczny uk\u0142ad domowy: parterowy hol, brukowany dziedziniec i g\u00f3rne pi\u0119tro mieszkalne otwieraj\u0105ce si\u0119 na werand\u0119. Dom Muslibegovi\u0107a, wzniesiony oko\u0142o trzech wiek\u00f3w temu, pozostaje prawdopodobnie najlepszym przyk\u0142adem, jego czteropi\u0119trowy plan obejmuje oddzielne dziedzi\u0144ce dla kobiet i m\u0119\u017cczyzn i ujawnia wp\u0142ywy \u015br\u00f3dziemnomorskie w jego dwu\u0142ukowym wej\u015bciu. Siedem z oryginalnych trzynastu meczet\u00f3w z XVI i XVII wieku pad\u0142o ofiar\u0105 ideologicznych zniszcze\u0144 lub wojny w XX wieku; Meczet Kara\u0111oz Bey (1557) przetrwa\u0142, podobnie jak Meczet Koskiego Mehmeda Pa\u0161y (1617), ten ostatni odbudowany po wojennych zniszczeniach i dzi\u015b otwarty dla zwiedzaj\u0105cych, kt\u00f3rzy wspinaj\u0105 si\u0119 na jego minaret, aby uzyska\u0107 rozleg\u0142y widok na Stare Miasto.<\/p>\n<p>Prze\u0142om XX wieku zapocz\u0105tkowa\u0142 rz\u0105dy Austro-W\u0119gier, wprowadzaj\u0105c na ulice Mostaru neoklasycystyczne i secesyjne budynki publiczne. Prawos\u0142awna Katedra Tr\u00f3jcy \u015awi\u0119tej, uko\u0144czona w 1873 roku jako dar od su\u0142tana Abdula Aziza, oraz ko\u015bci\u00f3\u0142 franciszka\u0144ski w stylu w\u0142oskim potwierdzaj\u0105 obecno\u015b\u0107 chrze\u015bcija\u0144sk\u0105 obok meczet\u00f3w i synagogi z pocz\u0105tku XX wieku, obecnie przekszta\u0142conej w teatr po zniszczeniach z II wojny \u015bwiatowej. Zajazdy, sklepy kupieckie, garbarnie i fontanny \u015bwiadcz\u0105 o niegdy\u015b kwitn\u0105cej gospodarce rzemie\u015blniczej; wiele witryn sklepowych nadal eksponuje wyroby z miedzi, rze\u017aby z br\u0105zu i motywy granat\u00f3w \u2014 te ostatnie s\u0105 symbolem Hercegowiny \u2014 podczas gdy bazar Kujund\u017eiluk zachowa\u0142 swoj\u0105 nazw\u0119 \u201eulica z\u0142otnik\u00f3w\u201d.<\/p>\n<p>Wszystkie te elementy znalaz\u0142y uznanie w 2005 r., kiedy UNESCO wpisa\u0142o obszar Starego Mostu Starego Miasta w Mostarze na List\u0119 \u015awiatowego Dziedzictwa, powo\u0142uj\u0105c si\u0119 na jego znaczenie kulturowe i \u201ewybitny przyk\u0142ad ba\u0142ka\u0144skiej architektury islamskiej w XVI wieku\u201d. Wyznaczony obszar obejmuje 7,6 ha, a strefa buforowa rozci\u0105ga si\u0119 na 47,6 ha.<\/p>\n<p>Cie\u0144 wojny jednak wtargn\u0105\u0142 z niszczycielsk\u0105 si\u0142\u0105. Podczas konfliktu w latach 1992\u20131995, kt\u00f3ry rozbi\u0142 Jugos\u0142awi\u0119, Mostar by\u0142 najbardziej bombardowanym miastem w Bo\u015bni i Hercegowinie. Naloty i ostrza\u0142 artyleryjski zniszczy\u0142y kwatery cywilne, zabytki kultury i kr\u0119gos\u0142up tkanki miejskiej. W listopadzie 1993 r. Stary Most zawali\u0142 si\u0119 pod ostrza\u0142em artyleryjskim si\u0142 Chorwackiej Rady Obrony. Siedem meczet\u00f3w, dom\u00f3w i most\u00f3w uleg\u0142o walkom i konfliktom etnicznym, pozostawiaj\u0105c miasto podzielone wzd\u0142u\u017c nowych linii uskok\u00f3w.<\/p>\n<p>Rekonstrukcja rozpocz\u0119\u0142a si\u0119 na dobre przy mi\u0119dzynarodowym wsparciu. Bloki kamienne odzyskane z koryta rzeki dostarczy\u0142y oryginalnego materia\u0142u do \u017cmudnej przebudowy. Do 2004 roku \u2014 prawie jedena\u015bcie lat po zawaleniu si\u0119 mostu \u2014 Stary Most zn\u00f3w si\u0119 podni\u00f3s\u0142, przywracaj\u0105c echo linii z XVI wieku. Muzeum obok przeprawy, otwarte w 2006 roku, dokumentuje zar\u00f3wno \u015bredniowieczne fundamenty odkryte pod placem, jak i nowoczesne metody in\u017cynieryjne zastosowane w rekonstrukcji.<\/p>\n<p>W nast\u0119pstwie wojny demografia Mostaru uleg\u0142a gwa\u0142townej zmianie. Przed 1992 r. miasto nale\u017ca\u0142o do najbardziej zr\u00f3\u017cnicowanych etnicznie w kraju. Obecnie Chorwaci stanowi\u0105 wi\u0119kszo\u015b\u0107 w zachodnich dystryktach (48,4 proc. ludno\u015bci miejskiej), Bo\u015bniacy przewa\u017caj\u0105 we wschodniej cz\u0119\u015bci (44,1 proc.), a Serbowie stanowi\u0105 nieco ponad 4 proc. Spisy wyborc\u00f3w z 2008 r. ujawniaj\u0105, \u017ce trzy zachodnie dystrykty z wi\u0119kszo\u015bci\u0105 chorwack\u0105 zarejestrowa\u0142y oko\u0142o 53 917 wyborc\u00f3w, podczas gdy wschodnia strona z wi\u0119kszo\u015bci\u0105 bo\u015bniack\u0105 liczy\u0142a 34 712 wyborc\u00f3w. Podzia\u0142 miejski trwa w szkolnictwie, instytucjach kulturalnych i przestrzeni publicznej, chocia\u017c wsp\u00f3lne zabytki przyci\u0105gaj\u0105 turyst\u00f3w z dawnych linii frontu.<\/p>\n<p>Nowoczesny Mostar opiera si\u0119 na czym\u015b wi\u0119cej ni\u017c tylko pami\u0119ci i zabytkach. Jego gospodarka opiera si\u0119 na produkcji aluminium i metali, bankowo\u015bci i telekomunikacji. Aluminij Industries, niegdy\u015b filar jugos\u0142owia\u0144skiej metalurgii, pozostaje wiod\u0105cym eksporterem i generuje oko\u0142o 40 milion\u00f3w euro rocznie dla skarbu miasta. Spo\u015br\u00f3d trzech najwi\u0119kszych bank\u00f3w Bo\u015bni i Hercegowiny jeden ma siedzib\u0119 w Mostarze. Miasto jest r\u00f3wnie\u017c siedzib\u0105 krajowego zak\u0142adu energetycznego (Elektroprivreda HZHB), firmy pocztowej (Hrvatska po\u0161ta Mostar) i du\u017cego operatora telekomunikacyjnego (HT Eronet). Te przedsi\u0119biorstwa sektora publicznego, wraz z prywatnymi ma\u0142ymi i \u015brednimi firmami, wzmacniaj\u0105 klimat biznesowy, kt\u00f3ry wyra\u017anie si\u0119 odrodzi\u0142 po wojnie.<\/p>\n<p>Ka\u017cdej wiosny Mi\u0119dzynarodowe Targi Ekonomiczne gromadz\u0105 lokalne firmy i zagraniczne delegacje, o\u017cywiaj\u0105c tradycj\u0119 handlow\u0105, kt\u00f3ra niegdy\u015b stanowi\u0142a podstaw\u0119 dobrobytu Hercegowiny. Plany dotycz\u0105ce instalacji elektrowni wiatrowych i rozbudowy szlaku \u0106iro \u2014 157-kilometrowej trasy rowerowej, kt\u00f3ra biegnie wzd\u0142u\u017c nieczynnej w\u0105skotorowej kolei w kierunku Dubrownika \u2014 wskazuj\u0105 na dywersyfikacj\u0119 w energetyce i turystyce. Trzy zapory hydroelektryczne na obrze\u017cach miasta ju\u017c dostarczaj\u0105 energi\u0119 odnawialn\u0105.<\/p>\n<p>Klimatycznie Mostar le\u017cy na styku \u015br\u00f3dziemnomorskiego ciep\u0142a i wewn\u0119trznej wilgotno\u015bci. Zgodnie z klasyfikacj\u0105 K\u00f6ppena, nale\u017cy do zmodyfikowanego re\u017cimu Cfa: zimy s\u0105 ch\u0142odne i wilgotne, lata gor\u0105ce i stosunkowo suche. \u015arednia temperatura w styczniu wynosi oko\u0142o 5 \u00b0C, w lipcu oko\u0142o 26 \u00b0C, a temperatury mog\u0105 wzrosn\u0105\u0107 powy\u017cej 40 \u00b0C; rekordowa temperatura wynosi 46,2 \u00b0C, zmierzona w 1901 r. i niezr\u00f3wnana w \u017cadnym innym miejscu w kraju. S\u0142o\u0144ce panuje od czerwca do wrze\u015bnia, dzi\u0119ki czemu Mostar zyska\u0142 tytu\u0142 najbardziej s\u0142onecznego miasta Bo\u015bni i Hercegowiny z oko\u0142o 2291 godzinami w ci\u0105gu roku. Opady \u015bniegu s\u0105 rzadkie i rzadko utrzymuj\u0105 si\u0119.<\/p>\n<p>Opr\u00f3cz g\u0142\u00f3wnych zabytk\u00f3w Mostar oferuje uwa\u017cnemu zwiedzaj\u0105cemu warstwy historii. Cmentarz Pami\u0119ci Partyzant\u00f3w z II Wojny \u015awiatowej, zaprojektowany w organicznych konturach kamienia i wody przez Bogdana Bogdanovicia, \u0142\u0105czy naturaln\u0105 ziele\u0144 z uroczyst\u0105 architektur\u0105. Wczesnochrze\u015bcija\u0144skie pozosta\u0142o\u015bci w Cim, tureckie \u0142a\u017anie, \u017cydowski cmentarz Pami\u0119ci i wie\u017ca zegarowa pochodzenia osma\u0144skiego \u015bwiadcz\u0105 o mnogo\u015bci wyzna\u0144 i epok. Pa\u0142ac Metropolitalny (1908) i Katedra \u015awi\u0119tej Tr\u00f3jcy \u015bwiadcz\u0105 o wp\u0142ywach austro-w\u0119gierskich. Krzywy Most, kt\u00f3rego smuk\u0142e prz\u0119s\u0142o jest mniejszym echem Starego Mostu, znajduje si\u0119 w\u015br\u00f3d dzielnic kupieckich.<\/p>\n<p>Wycieczki do Hercegowiny rozszerzaj\u0105 histori\u0119 miasta. W pobli\u017cu znajduje si\u0119 sanktuarium pielgrzymkowe w Medziugorju, klasztor derwisz\u00f3w Tekija w Blagaju pod stromym klifem oraz \u015bredniowieczna twierdza Po\u010ditelj z fortyfikacjami z czas\u00f3w Imperium Osma\u0144skiego. Wodospady w Kravicy, rzymska willa rustica w Mogorjelo, prehistoryczne kurhany w Stolac i jaskinia Vjetrenica w krasie w pobli\u017cu Popovo Polje oferuj\u0105 migawki z czas\u00f3w ludzkich i geologicznych. Kr\u00f3tki przejazd samochodem prowadzi do parku przyrody Hutovo Blato lub wybrze\u017ca Adriatyku przez Neum.<\/p>\n<p>Mostarskie arterie komunikacyjne odzwierciedlaj\u0105 po\u0142\u0105czenie tradycji i transformacji. Dworce autobusowe na wschodnim i zachodnim zboczu \u0142\u0105cz\u0105 miasto z Sarajewem, Zagrzebiem i Dubrownikiem, a tak\u017ce z o\u015brodkami regionalnymi w Bo\u015bni i Hercegowinie. Poci\u0105gi kursuj\u0105 dwa razy dziennie do stolicy kraju. Drog\u0105 l\u0105dow\u0105 autostrada A1 z Chorwacji prowadzi do przej\u015bcia granicznego Bija\u010da, a nast\u0119pnie dalej malownicz\u0105 tras\u0105 doliny Neretwy w kierunku Sarajewa. Loty na mi\u0119dzynarodowym lotnisku w Mostarze \u2014 7,5 km na po\u0142udnie od dworca \u2014 regularnie \u0142\u0105cz\u0105 si\u0119 z Zagrzebiem, Belgradem, Stambu\u0142em i sezonowymi w\u0142oskimi destynacjami. Lokalne autobusy wahad\u0142owe obs\u0142uguj\u0105 lotnisko w celu lot\u00f3w do Chorwacji, chocia\u017c podr\u00f3\u017cni cz\u0119sto polegaj\u0105 na taks\u00f3wkach w celu uzyskania szerszych po\u0142\u0105cze\u0144.<\/p>\n<p>W obr\u0119bie Starego Miasta brukowane uliczki prowadz\u0105 w g\u00f3r\u0119 do kawiarni i warsztat\u00f3w rzemie\u015blniczych. Rzemie\u015blnicy nadal kuj\u0105 miedziane talerze, maluj\u0105 miniaturowe przedstawienia Starego Mostu i rze\u017abi\u0105 w drewnie motywy li\u015bci granatu. Stary Bazar, Kujund\u017eiluk, zachowuje sw\u00f3j charakter enklawy z\u0142otnik\u00f3w i malarzy. W letnim \u015bwietle nurkowie z Mostar Diving Club skacz\u0105 z mostu do wiruj\u0105cej rzeki poni\u017cej, zarabiaj\u0105c monety rzucane przez gapi\u00f3w i zachowuj\u0105c wielowiekowy rytua\u0142 odwagi.<\/p>\n<p>Mostar nie jest miastem \u0142atwych kontrast\u00f3w. Jego wdzi\u0119czne \u0142uki i ozdobne fasady skrywaj\u0105 linie uskok\u00f3w pami\u0119ci i nieustaj\u0105cych wysi\u0142k\u00f3w na rzecz pojednania. Jednak ka\u017cdy kamie\u0144 \u015bwiadczy zar\u00f3wno o gwa\u0142towno\u015bci zerwania, jak i cierpliwo\u015bci odbudowy. Na w\u0105skich uliczkach i nas\u0142onecznionych placach przep\u0142yw Neretwy pozostaje sta\u0142ym kontrapunktem: jednocze\u015bnie si\u0142\u0105 odnowy i lustrem dla niezliczonych twarzy miasta.<\/p>","protected":false},"excerpt":{"rendered":"<p>Mostar, z populacj\u0105 oko\u0142o 113 000 mieszka\u0144c\u00f3w, pe\u0142ni funkcj\u0119 centrum administracyjnego kantonu Hercegowina-Neretwa w ramach Federacji Bo\u015bni i Hercegowiny. Mostar, kt\u00f3ry le\u017cy nad brzegiem rzeki Neretwy, jest pi\u0105tym co do wielko\u015bci miastem w Bo\u015bni i Hercegowinie oraz dawn\u0105 stolic\u0105 Hercegowiny. Nazwa miasta, pochodz\u0105ca od s\u0142owa \u201emostari\u201d, czyli stra\u017cnik\u00f3w most\u00f3w, oddaje jego bliski zwi\u0105zek ze s\u0142ynnym Stari Most (Stary Most), kt\u00f3ry sta\u0142 si\u0119 symbolem nie tylko Mostaru, ale tak\u017ce bogatej mozaiki kulturowej ca\u0142ego regionu.<\/p>","protected":false},"author":1,"featured_media":3616,"parent":14500,"menu_order":0,"comment_status":"closed","ping_status":"closed","template":"elementor_theme","meta":{"_eb_attr":"","footnotes":""},"class_list":["post-14519","page","type-page","status-publish","has-post-thumbnail"],"_links":{"self":[{"href":"https:\/\/travelshelper.com\/pl\/wp-json\/wp\/v2\/pages\/14519","targetHints":{"allow":["GET"]}}],"collection":[{"href":"https:\/\/travelshelper.com\/pl\/wp-json\/wp\/v2\/pages"}],"about":[{"href":"https:\/\/travelshelper.com\/pl\/wp-json\/wp\/v2\/types\/page"}],"author":[{"embeddable":true,"href":"https:\/\/travelshelper.com\/pl\/wp-json\/wp\/v2\/users\/1"}],"replies":[{"embeddable":true,"href":"https:\/\/travelshelper.com\/pl\/wp-json\/wp\/v2\/comments?post=14519"}],"version-history":[{"count":0,"href":"https:\/\/travelshelper.com\/pl\/wp-json\/wp\/v2\/pages\/14519\/revisions"}],"up":[{"embeddable":true,"href":"https:\/\/travelshelper.com\/pl\/wp-json\/wp\/v2\/pages\/14500"}],"wp:featuredmedia":[{"embeddable":true,"href":"https:\/\/travelshelper.com\/pl\/wp-json\/wp\/v2\/media\/3616"}],"wp:attachment":[{"href":"https:\/\/travelshelper.com\/pl\/wp-json\/wp\/v2\/media?parent=14519"}],"curies":[{"name":"wp","href":"https:\/\/api.w.org\/{rel}","templated":true}]}}