{"id":14481,"date":"2024-09-19T16:05:08","date_gmt":"2024-09-19T16:05:08","guid":{"rendered":"https:\/\/travelshelper.com\/staging\/?page_id=14481"},"modified":"2026-03-11T22:44:18","modified_gmt":"2026-03-11T22:44:18","slug":"zagreb","status":"publish","type":"page","link":"https:\/\/travelshelper.com\/pl\/destinations\/europe\/croatia\/zagreb\/","title":{"rendered":"Zagreb"},"content":{"rendered":"<p>Zagrzeb zajmuje wyj\u0105tkowe miejsce na skrzy\u017cowaniu Europy \u015arodkowej i Morza \u015ar\u00f3dziemnego, gdzie szeroka r\u00f3wnina zalewowa rzeki Sawy ziewa pod zalesionymi zboczami Medvednicy, a granica ze S\u0142oweni\u0105 znajduje si\u0119 tu\u017c poza zasi\u0119giem wzroku. Na wysoko\u015bci 158 metr\u00f3w nad poziomem morza to miasto licz\u0105ce oko\u0142o 767 000 mieszka\u0144c\u00f3w (spis z 2021 r.) rozci\u0105ga si\u0119 na oko\u0142o trzydzie\u015bci kilometr\u00f3w ze wschodu na zach\u00f3d i dwadzie\u015bcia kilometr\u00f3w z p\u00f3\u0142nocy na po\u0142udnie, a jego zabudowa rozci\u0105ga si\u0119 od nisko po\u0142o\u017conych dzielnic wzd\u0142u\u017c rzeki a\u017c do podn\u00f3\u017cy p\u00f3\u0142nocnych i p\u00f3\u0142nocno-wschodnich obrze\u017cy g\u00f3r. Jako polityczne i gospodarcze serce Chorwacji, Zagrzeb jest jednocze\u015bnie metropoli\u0105 urz\u0119dnicz\u0105 \u2014 goszcz\u0105c\u0105 praktycznie wszystkie ministerstwa i agencje rz\u0105dowe \u2014 oraz centrum handlu, bada\u0144 i przedsi\u0119biorstw high-tech. Globalne powi\u0105zania miasta s\u0105 widoczne w jego ocenie Beta- w ramach Globalization and World Cities Research Network, jego roli jako w\u0119z\u0142a sieci drogowych, kolejowych i lotniczych \u0142\u0105cz\u0105cych Europ\u0119 \u015arodkow\u0105, Morze \u015ar\u00f3dziemne i Europ\u0119 Po\u0142udniowo-Wschodni\u0105, a tak\u017ce w obecno\u015bci du\u017cych krajowych i regionalnych korporacji maj\u0105cych swoje siedziby na jego terenie.<\/p>\n<p>Historia geologiczna i ludzka przeplataj\u0105 si\u0119 na terenie wok\u00f3\u0142 Zagrzebia. Pozosta\u0142o\u015bci archeologiczne w jaskini Veternica \u015bwiadcz\u0105 o osadnictwie paleolitycznym, podczas gdy rzymska osada Andautonia, w pobli\u017cu dzisiejszego \u0160\u0107itarjeva, jest najwcze\u015bniejszym znanym fundamentem. Toponim \u201eZagrzeb\u201d pojawia si\u0119 po raz pierwszy w 1134 r., zwi\u0105zany z utworzeniem kapitu\u0142y Kaptol w 1094 r., a osada uzyska\u0142a status wolnego kr\u00f3lestwa na mocy dekretu kr\u00f3la Beli IV w 1242 r. \u015aredniowieczny kompleks Gornji Grad (Gradec) i Kaptol tworzy historyczne centrum na p\u00f3\u0142noc od placu Bana Jela\u010dicia, gdzie ko\u015bcio\u0142y, pa\u0142ace i hale cechowe przypominaj\u0105 o stuleciach rywalizacji obywatelskiej i ko\u015bcielnej. W 1851 roku Janko Kamauf zosta\u0142 pierwszym burmistrzem miasta, zapowiadaj\u0105c stopniow\u0105 ewolucj\u0119 Zagrzebia z pary lu\u017ano powi\u0105zanych miasteczek w jednolity podmiot miejski o statusie komitatu, odr\u0119bny od otaczaj\u0105cej go komitatu zagrzebskiego, ale administracyjnie z nim powi\u0105zany.<\/p>\n<p>Topografia miasta sprzyja niezwyk\u0142ej r\u00f3\u017cnorodno\u015bci mikroklimat\u00f3w i form miejskich. Na po\u0142udniu, nisko po\u0142o\u017cone dzielnice doliny Sawy \u2014 Donji Grad, Trnje i Novi Zagreb \u2014 oferuj\u0105 szerokie aleje, rozleg\u0142e parki publiczne i skupiska blok\u00f3w mieszkalnych z okresu mi\u0119dzywojennego i socjalizmu. Na p\u00f3\u0142nocy Podsljeme i Sesvete wspinaj\u0105 si\u0119 na winnice, lasy mieszane i enklawy mieszkalne, kt\u00f3re obejmuj\u0105 zalesione zbocza, podczas gdy historyczne wioski, takie jak \u0160estine, Gra\u010dani i Remete, trzymaj\u0105 si\u0119 dolnych partii Medvednicy. Tutaj czas wydaje si\u0119 zwalnia\u0107: tradycje ludowe przetrwa\u0142y w formie haftowanych stroj\u00f3w, piernikowych specja\u0142\u00f3w i charakterystycznego parasola \u0160estine, kt\u00f3rego kolorowy baldachim kiedy\u015b chroni\u0142 \u017cniwiarzy przed wiosennymi deszczami.<\/p>\n<p>Klimatycznie Zagrzeb stoi na progu mi\u0119dzy oceanicznym a wilgotnym kontynentalnym re\u017cimem. Lata s\u0105 zazwyczaj ciep\u0142e, czasami gor\u0105ce, z dziennymi maksimami przekraczaj\u0105cymi 30 \u00b0C oko\u0142o pi\u0119tnastu dni w ka\u017cdym sezonie. Burze przerywaj\u0105 p\u00f3\u017an\u0105 wiosn\u0119 i letnie popo\u0142udnia, zapewniaj\u0105c Zagrzebowi dziewi\u0105te najwy\u017csze roczne opady w\u015br\u00f3d stolic europejskich \u2014 oko\u0142o 840 mm \u2014 ale z mniejsz\u0105 liczb\u0105 dni deszczowych ni\u017c Londyn czy Pary\u017c dzi\u0119ki intensywnym, konwekcyjnym prysznicom. Jesienne tygodnie cz\u0119sto zachowuj\u0105 rozbrajaj\u0105c\u0105 przejrzysto\u015b\u0107, dni z b\u0142\u0119kitnym niebem stopniowo ust\u0119puj\u0105 cz\u0119stym deszczom i porannym mg\u0142om, kt\u00f3re utrzymuj\u0105 si\u0119 od po\u0142owy pa\u017adziernika do stycznia w nisko po\u0142o\u017conych regionach. Zimy przynosz\u0105 zachmurzone niebo, zmniejszone opady (w lutym \u015brednie opady wynosz\u0105 zaledwie 39 mm) i \u015brednio dwadzie\u015bcia dziewi\u0119\u0107 dni opad\u00f3w \u015bniegu, chocia\u017c ostatnie dekady przynios\u0142y \u0142agodniejsze warunki i spadek pokrywy \u015bnie\u017cnej. Wiosna przychodzi w r\u00f3\u017cny spos\u00f3b: wczesne fale ch\u0142od\u00f3w ust\u0119puj\u0105 miejsca d\u0142u\u017cszemu okresowi s\u0142o\u0144ca i o\u017cywieniu miejskich ogrod\u00f3w, podczas gdy p\u00f3\u017ane przymrozki od czasu do czasu ponownie pojawiaj\u0105 si\u0119 na budz\u0105cych si\u0119 drzewach.<\/p>\n<p>\u015arodowisko zabudowane Zagrzebia odzwierciedla zmieniaj\u0105ce si\u0119 ambicje kolejnych epok. Najstarszy kamienny wie\u017cowiec, Neboder (1958) na placu Ban Jela\u010di\u0107, ustanowi\u0142 w po\u0142owie wieku precedens pionowego wzrostu, po kt\u00f3rym nast\u0105pi\u0142y Zagrep\u010danka (1976) i Cibona Tower (1987). Od tamtej pory dekady by\u0142y \u015bwiadkiem pow\u015bci\u0105gliwej ekspansji \u2014 wie\u017ce mieszkalne na obrze\u017cach rzadko przekraczaj\u0105 osiem pi\u0119ter \u2014 jednak ostatnie plany urbanistyczne zapocz\u0105tkowa\u0142y now\u0105 generacj\u0119 wie\u017cowc\u00f3w: Eurotower, HOTO Tower, Sky Office Tower i wznosz\u0105ce si\u0119 Strojarska Business Center. Po\u0142udniowy brzeg Novi Zagreb r\u00f3wnie\u017c uleg\u0142 transformacji, a Blato i Lani\u0161te ewoluowa\u0142y w g\u0119ste dzielnice przerywane Zagreb Arena i przyleg\u0142ym centrum biznesowym.<\/p>\n<p>Witalno\u015b\u0107 gospodarcza Zagrzebia bierze si\u0119 z koncentracji przemys\u0142u, technologii i us\u0142ug. Maszyny elektryczne, farmaceutyki, tekstylia, przetw\u00f3rstwo \u017cywno\u015bci i napoj\u00f3w pozostaj\u0105 silnymi sektorami, podczas gdy przedsi\u0119biorstwa high-tech i instytucje badawcze, takie jak Instytut Ru\u0111era Bo\u0161kovicia i Uniwersytet w Zagrzebiu, stanowi\u0105 kotwic\u0119 dla solidnego ekosystemu innowacji. Organizacje medialne i krajowe konglomeraty \u2014 w tym Agrokor i INA \u2014 utrzymuj\u0105 tutaj swoje siedziby, podobnie jak zagraniczne sieci hotelowe: Hilton, Marriott, Radisson i inne wspieraj\u0105 sektor hotelarski, kt\u00f3ry obs\u0142uguje zar\u00f3wno turyst\u00f3w, jak i podr\u00f3\u017cuj\u0105cych s\u0142u\u017cbowo. Miejski jarmark bo\u017conarodzeniowy, uznany za najlepszy w Europie w kolejnych latach od 2015 do 2017 roku przez European Best Destinations, jest przyk\u0142adem po\u0142\u0105czenia handlu, kultury i dumy obywatelskiej.<\/p>\n<p>\u017bycie kulturalne w Zagrzebiu jest zar\u00f3wno rozleg\u0142e, jak i r\u00f3\u017cnorodne. Ponad trzydzie\u015bci muze\u00f3w i galerii mie\u015bci oko\u0142o 3,6 miliona artefakt\u00f3w, od Liber Linteus Zagrabiensis z Muzeum Archeologicznego \u2014 etruskiego r\u0119kopisu lnianego i najstarszej znanej inskrypcji w tym j\u0119zyku na \u015bwiecie \u2014 po kompleksow\u0105 kolekcj\u0119 sztuki chorwackiej z XIX i XX wieku w Galerii Nowoczesnej. Muzeum Techniczne przechowuje dzia\u0142aj\u0105ce maszyny datowane na 1830 rok, a tak\u017ce samoloty i planetarium; Muzeum Historii Naturalnej chroni prehistoryczne skarby, w szczeg\u00f3lno\u015bci s\u0142ynne szcz\u0105tki neandertalczyka z Krapiny. Rozkwit\u0142y r\u00f3wnie\u017c prywatne inicjatywy: Muzeum Zerwanych Zwi\u0105zk\u00f3w, za\u0142o\u017cone w 2010 roku, gromadzi osobiste pami\u0105tki po zako\u0144czonych romansach i od tego czasu inspiruje globalne odga\u0142\u0119zienia, podczas gdy Lauba House wystawia wiod\u0105c\u0105 prywatn\u0105 kolekcj\u0119 wsp\u00f3\u0142czesnej sztuki chorwackiej.<\/p>\n<p>Medvednica jawi si\u0119 jako stra\u017cnik i plac zabaw. Na jej szczycie, Sljeme (1035 m), znajduje si\u0119 nadajnik CNN, trasy narciarskie z infrastruktur\u0105 wyci\u0105gow\u0105, a je\u015bli pogoda na to pozwala, panoramy rozci\u0105gaj\u0105ce si\u0119 na pasmo Velebit i s\u0142owe\u0144skie Alpy Julijskie. \u015aredniowieczny gr\u00f3d Medvedgrad, odrestaurowany do formy z XIII wieku, wie\u0144czy grzbiet g\u00f3ruj\u0105cy nad zachodnimi przedmie\u015bciami, gdzie Sanktuarium Ojczyzny i jego wieczny p\u0142omie\u0144 upami\u0119tniaj\u0105 upadek Chorwacji w kolejnych konfliktach. W pobli\u017cu, rozpadaj\u0105ca si\u0119 twierdza Susedgrad stoi jako cichy stra\u017cnik, opuszczona od XVII wieku, ale wci\u0105\u017c przyci\u0105gaj\u0105ca turyst\u00f3w do swoich wietrznych wa\u0142\u00f3w.<\/p>\n<p>Infrastruktura transportowa umacnia pozycj\u0119 Zagrzebia jako regionalnego w\u0119z\u0142a komunikacyjnego. Lotnisko im. Franja Tu\u0111mana, po\u0142o\u017cone oko\u0142o siedemnastu kilometr\u00f3w na po\u0142udniowy wsch\u00f3d od miasta w Velika Gorica, obs\u0142u\u017cy\u0142o rekordow\u0105 liczb\u0119 4,31 miliona pasa\u017cer\u00f3w w 2024 r. i obs\u0142uguje zar\u00f3wno lotnictwo cywilne, jak i wojskowe. Drugie lotnisko w Lu\u010dko obs\u0142uguje samoloty sportowe i specjaln\u0105 jednostk\u0119 \u015bmig\u0142owc\u00f3w policyjnych, podczas gdy lotnisko Bu\u0161evec obs\u0142uguje lotnik\u00f3w rekreacyjnych. W kraju pi\u0119\u0107 g\u0142\u00f3wnych autostrad \u2014 A1, A2, A3, A4 i A6 \u2014 rozchodzi si\u0119 promieni\u015bcie od Zagrzebia, \u0142\u0105cz\u0105c go z Rijek\u0105, Splitem, W\u0119grami i dalej, tworz\u0105c segmenty paneuropejskich korytarzy Vb, X i Xa. W obr\u0119bie miasta sie\u0107 szerokich alei \u2014 oko\u0142o dziesi\u0119ciu pas\u00f3w \u2014 i obwodnica Zugrebu okr\u0105\u017caj\u0105 g\u0119ste dzielnice miejskie, chocia\u017c korki w godzinach szczytu pozostaj\u0105 nieustannym wyzwaniem. Transport publiczny opiera si\u0119 na szanowanym systemie tramwajowym, zainaugurowanym w 1891 r., kt\u00f3ry obecnie obs\u0142uguje pi\u0119tna\u015bcie linii dziennych i cztery nocne, a tak\u017ce rozleg\u0142\u0105 sie\u0107 kolei podmiejskich i kompleksowe linie autobusowe. Kolejka linowo-terenowa, jedna z najkr\u00f3tszych na \u015bwiecie, wspina si\u0119 na G\u00f3rne Miasto z ulicy Tomi\u0107eva, a taks\u00f3wki, zliberalizowane od 2018 r., oferuj\u0105 teraz lepsz\u0105 obs\u0142ug\u0119 po konkurencyjnych cenach.<\/p>\n<p>Pod wzgl\u0119dem demograficznym Zagrzeb jest w przewa\u017caj\u0105cej mierze chorwacki (93,5 procent), chocia\u017c spis powszechny z 2021 r. odnotowa\u0142 ponad czterdzie\u015bci dziewi\u0119\u0107 tysi\u0119cy mieszka\u0144c\u00f3w nale\u017c\u0105cych do mniejszo\u015bci etnicznych \u2014 Serb\u00f3w, Bo\u015bniak\u00f3w, Alba\u0144czyk\u00f3w, Rom\u00f3w i innych \u2014 wraz z rosn\u0105cym nap\u0142ywem pracownik\u00f3w zagranicznych z Nepalu, Filipin, Indii i Bangladeszu, przyci\u0105gni\u0119tych niedoborami si\u0142y roboczej po pandemii. Obszar metropolitalny obejmuj\u0105cy okr\u0119g zagrzebski przekracza milion mieszka\u0144c\u00f3w i stanowi oko\u0142o jednej czwartej populacji Chorwacji. Turystyka rozkwit\u0142a w ostatnich latach: miasto powita\u0142o ponad 1,28 miliona go\u015bci w 2017 r., generuj\u0105c 2,26 miliona nocleg\u00f3w i przyci\u0105ga podr\u00f3\u017cnych z ca\u0142ej Europy, a tak\u017ce z tak odleg\u0142ych miejsc, jak Azja Wschodnia i Indie.<\/p>\n<p>Pomimo swojej dynamiki Zagrzeb mierzy si\u0119 z zagro\u017ceniami geologicznymi. Spoczywaj\u0105c na szczycie strefy uskoku \u017dumberak-Medvednica, co roku do\u015bwiadcza oko\u0142o 400 niewielkich wstrz\u0105s\u00f3w. Trz\u0119sienie ziemi o magnitudzie 6,3 w 1880 r. zniszczy\u0142o wiele dzielnic, a w 2020 r. wstrz\u0105s o magnitudzie 5,5 spowodowa\u0142 szkody w zabytkowych budynkach w centrum miasta, str\u0105caj\u0105c krzy\u017c z jednej z wie\u017c katedry \u2014 najsilniejsze wydarzenie od 1880 r. W\u0142adze szacuj\u0105, \u017ce powa\u017cne wstrz\u0105sy mog\u0105 spowodowa\u0107 tysi\u0105ce ofiar, co podkre\u015bla konieczno\u015b\u0107 przygotowania si\u0119 na trz\u0119sienia ziemi w szacownym murowanym rdzeniu miasta.<\/p>\n<p>Odwiedzaj\u0105cy Zagrzeb napotykaj\u0105 miasto, kt\u00f3re \u0142\u0105czy bezpiecze\u0144stwo z miejsk\u0105 nerwowo\u015bci\u0105. Nocnym w\u0119drowcom zaleca si\u0119 unikanie s\u0142abo o\u015bwietlonych alejek, niekt\u00f3rych przedmie\u015b\u0107 i Parku Ribnjak po zmroku, gdzie czasami dochodzi do star\u0107 mi\u0119dzy grupami subkulturowymi. \u017bebracy mog\u0105 prosi\u0107 o ja\u0142mu\u017cn\u0119 w pobli\u017cu g\u0142\u00f3wnych w\u0119z\u0142\u00f3w komunikacyjnych, ale wska\u017aniki przest\u0119pczo\u015bci pozostaj\u0105 ni\u017csze ni\u017c w wielu stolicach Europy Zachodniej. Parom LGBTQ zaleca si\u0119 ostro\u017cno\u015b\u0107 w publicznym okazywaniu uczu\u0107 po odosobnionych incydentach homofobicznych. Turystom zaleca si\u0119 unikanie klub\u00f3w graj\u0105cych muzyk\u0119 turbo-folk lub niezweryfikowanych klub\u00f3w ze striptizem, kt\u00f3re czasami wci\u0105gaj\u0105 nie\u015bwiadomych klient\u00f3w w spory.<\/p>\n<p>\u017bycie kulinarne w Zagrzebiu \u0142\u0105czy tradycj\u0119 z innowacj\u0105. Lokalne specja\u0142y \u2014 Zagreba\u010dki odrezak (panierowany kotlet ciel\u0119cy lub wieprzowy przypominaj\u0105cy cordon bleu), \u0161trukli (ciasto z serem), mlinci (p\u0142aski makaron z sosem pieczeniowym) i krem\u0161nite (plasterki kremu) \u2014 s\u0105siaduj\u0105 z mi\u0119dzynarodowymi ofertami w t\u0119tni\u0105cej \u017cyciem scenie restauracyjnej. Bary winne oferuj\u0105 wiod\u0105ce krajowe roczniki, a ogr\u00f3d botaniczny o tej samej nazwie, za\u0142o\u017cony w 1891 r. i po\u0142o\u017cony w pobli\u017cu G\u00f3rnego Miasta, mie\u015bci oko\u0142o 10 000 gatunk\u00f3w ro\u015blin, oferuj\u0105c miejsk\u0105 oaz\u0119 starannie wyselekcjonowanej zieleni.<\/p>\n<p>R\u0119kodzie\u0142o i pami\u0105tki odzwierciedlaj\u0105 wielowarstwow\u0105 to\u017csamo\u015b\u0107 Zagrzebia. Nowoczesny krawat wywodzi si\u0119 od chorwackich najemnik\u00f3w z XVII wieku, kt\u00f3rych wi\u0105zane szaliki przyku\u0142y uwag\u0119 paryskiego spo\u0142ecze\u0144stwa, a d\u0142ugopis zawdzi\u0119cza swoje pochodzenie Slavoljubowi Penkali, wynalazcy z pocz\u0105tku XX wieku i mieszka\u0144cowi Zagrzebia. Kupuj\u0105cy w\u0119druj\u0105 od butik\u00f3w na ulicy Ilica do rozleg\u0142ych centr\u00f3w handlowych na peryferiach miasta, szukaj\u0105c kryszta\u0142\u00f3w, ceramiki, wikliny i specja\u0142\u00f3w gastronomicznych, kt\u00f3re odzwierciedlaj\u0105 r\u00f3\u017cnorodne regionalne tradycje Chorwacji.<\/p>\n<p>Historia Zagrzebia to historia nieustannego odnawiania si\u0119 \u2014 staro\u017cytna osada odrodzona jako \u015bredniowieczna para rywalizuj\u0105cych grod\u00f3w, ukszta\u0142towana przez barokowy przepych i austro-w\u0119gierski urbanizm, naznaczona wojn\u0105 i trz\u0119sieniem ziemi, a jednak wci\u0105\u017c wznosz\u0105ca si\u0119 ku przysz\u0142o\u015bci. Jej szerokie aleje, kr\u0119te \u015bredniowieczne uliczki i zalesione wzg\u00f3rza uciele\u015bniaj\u0105 napi\u0119cia historii i geografii, podczas gdy jej instytucje naukowe, kulturalne i rz\u0105dowe tworz\u0105 nowoczesn\u0105 stolic\u0119, kt\u00f3ra pozostaje niezaprzeczalnie zakorzeniona w ziemi i jej tradycji. W ka\u017cdym tramwaju, kt\u00f3ry turkocze wzd\u0142u\u017c alei Ljubljanskiej, w ka\u017cdej ozdobionej freskami kaplicy G\u00f3rnego Miasta i w wieczornym blasku wzd\u0142u\u017c nabrze\u017ca Sawy, czuje si\u0119 puls miasta ukszta\u0142towanego przez czas, ale zawsze patrz\u0105cego poza sw\u00f3j horyzont.<\/p>","protected":false},"excerpt":{"rendered":"<p>With a population of\u00a0767,131\u00a0and a metropolitan area of\u00a01,217,150,\u00a0Zagreb, the\u00a0capital\u00a0and\u00a0biggest city in Croatia, serves as the national hub. Nestled along the\u00a0Sava river\u00a0in the northern section of the nation, the city features a lush backdrop from the\u00a0Medvednica mountain. Rising to an elevation of around\u00a0158 meters above sea level,\u00a0Zagreb, close to the international border with\u00a0Slovenia, offers mild temperatures and breathtaking vistas.<\/p>","protected":false},"author":1,"featured_media":3540,"parent":14435,"menu_order":0,"comment_status":"closed","ping_status":"closed","template":"elementor_theme","meta":{"_eb_attr":"","footnotes":""},"class_list":["post-14481","page","type-page","status-publish","has-post-thumbnail"],"_links":{"self":[{"href":"https:\/\/travelshelper.com\/pl\/wp-json\/wp\/v2\/pages\/14481","targetHints":{"allow":["GET"]}}],"collection":[{"href":"https:\/\/travelshelper.com\/pl\/wp-json\/wp\/v2\/pages"}],"about":[{"href":"https:\/\/travelshelper.com\/pl\/wp-json\/wp\/v2\/types\/page"}],"author":[{"embeddable":true,"href":"https:\/\/travelshelper.com\/pl\/wp-json\/wp\/v2\/users\/1"}],"replies":[{"embeddable":true,"href":"https:\/\/travelshelper.com\/pl\/wp-json\/wp\/v2\/comments?post=14481"}],"version-history":[{"count":0,"href":"https:\/\/travelshelper.com\/pl\/wp-json\/wp\/v2\/pages\/14481\/revisions"}],"up":[{"embeddable":true,"href":"https:\/\/travelshelper.com\/pl\/wp-json\/wp\/v2\/pages\/14435"}],"wp:featuredmedia":[{"embeddable":true,"href":"https:\/\/travelshelper.com\/pl\/wp-json\/wp\/v2\/media\/3540"}],"wp:attachment":[{"href":"https:\/\/travelshelper.com\/pl\/wp-json\/wp\/v2\/media?parent=14481"}],"curies":[{"name":"wp","href":"https:\/\/api.w.org\/{rel}","templated":true}]}}