{"id":14472,"date":"2024-09-19T15:56:00","date_gmt":"2024-09-19T15:56:00","guid":{"rendered":"https:\/\/travelshelper.com\/staging\/?page_id=14472"},"modified":"2026-03-11T22:45:05","modified_gmt":"2026-03-11T22:45:05","slug":"split","status":"publish","type":"page","link":"https:\/\/travelshelper.com\/pl\/destinations\/europe\/croatia\/split\/","title":{"rendered":"Split"},"content":{"rendered":"<p>Split zajmuje smuk\u0142y cypel na wschodnim wybrze\u017cu Adriatyku w Chorwacji, kt\u00f3rego granice wyznaczaj\u0105 Zatoka Ka\u0161tela na zachodzie i g\u0142\u0119bsze wody Kana\u0142u Splitskiego na wschodzie. Dwa grzbiety, Kozjak na p\u00f3\u0142nocy i Mosor na p\u00f3\u0142nocnym wschodzie, wznosz\u0105 si\u0119 odpowiednio na wysoko\u015b\u0107 779 i 1339 metr\u00f3w, oprawiaj\u0105c podej\u015bcie do miasta od wewn\u0105trz i chroni\u0105c je przed trudniejsz\u0105 pogod\u0105. Na zachodnim kra\u0144cu p\u00f3\u0142wyspu stoi Marjan, zalesione wzg\u00f3rze, kt\u00f3re wznosi si\u0119 na wysoko\u015b\u0107 178 metr\u00f3w nad poziomem morza. Jego zalesione zbocza, rozci\u0105gaj\u0105ce si\u0119 na powierzchni oko\u0142o 347 hektar\u00f3w, s\u0105 poprzecinane \u015bcie\u017ckami spacerowymi i punktami widokowymi, kt\u00f3re zapewniaj\u0105 rozleg\u0142e panoramy nabrze\u017ca, czerwone dachy starej dzielnicy i odleg\u0142e sylwetki dalmaty\u0144skich wysp.<\/p>\n<p>Klimat tutaj mie\u015bci si\u0119 w klasyfikacji \u015br\u00f3dziemnomorskiej gor\u0105cego lata. Lata s\u0105 gor\u0105ce i w wi\u0119kszo\u015bci suche, \u0142agodzone jedynie przez sporadyczne podmuchy bury, ostrego wiatru p\u00f3\u0142nocnego, kt\u00f3ry mo\u017ce sprawi\u0107, \u017ce poranki b\u0119d\u0105 niespodziewanie ch\u0142odne. Zimy pozostaj\u0105 \u0142agodne; \u015brednie temperatury minimalne w styczniu oscyluj\u0105 w okolicach 6 \u00b0C, podczas gdy popo\u0142udnia w lipcu cz\u0119sto osi\u0105gaj\u0105 oko\u0142o 31 \u00b0C. Roczne sumy opad\u00f3w wynosz\u0105 oko\u0142o 800 mm, a ich najwi\u0119ksze st\u0119\u017cenie przypada na listopad, kiedy prawie 120 mm mo\u017ce spa\u015b\u0107 w ci\u0105gu kilkunastu deszczowych dni. \u015anieg jest zazwyczaj rzadki, jednak w lutym 2012 r. rzadki okres ch\u0142od\u00f3w przyni\u00f3s\u0142 25 cm opad\u00f3w \u015bniegu, wstrzymuj\u0105c ruch na p\u00f3\u0142wyspie. S\u0142o\u0144ce \u015bwieci przez oko\u0142o 2600 godzin w roku, co sprawi\u0142o, \u017ce Split zyska\u0142 nieformalne przydomki, takie jak \u201e\u015br\u00f3dziemnomorski kwiat\u201d, a w\u015br\u00f3d najbardziej zagorza\u0142ych lokalnych fan\u00f3w \u201enajpi\u0119kniejsze miasto na \u015bwiecie\u201d.<\/p>\n<p>Na d\u0142ugo przed pojawieniem si\u0119 nowoczesnych dr\u00f3g i statk\u00f3w wycieczkowych, miejsce dzisiejszego Splitu by\u0142o znane greckim \u017ceglarzom. W III lub II wieku p.n.e. osadnicy za\u0142o\u017cyli punkt handlowy, kt\u00f3ry nazwali Asp\u00e1lathos, kt\u00f3rego nazwa prawdopodobnie nawi\u0105zywa\u0142a do rodzimego kolczastego krzewu rosn\u0105cego wzd\u0142u\u017c wybrze\u017ca Dalmacji. Pod rz\u0105dami Rzymian ta skromna kolonia przekszta\u0142ci\u0142a si\u0119 w jedno z najbardziej ambitnych przedsi\u0119wzi\u0119\u0107 budowlanych imperium: w 305 r. n.e. cesarz Dioklecjan wybra\u0142 ten wietrzny przyl\u0105dek jako lokalizacj\u0119 swojego pa\u0142acu emerytalnego. Kompleks, kt\u00f3ry dzi\u015b znajduje si\u0119 w sercu historycznej dzielnicy Splitu, sk\u0142ada\u0142 si\u0119 z masywnych kamiennych mur\u00f3w, wielkich kolumnad i prywatnych kwater mieszkalnych rozmieszczonych w ufortyfikowanym otoczeniu.<\/p>\n<p>Gdy stolica prowincji Salona pad\u0142a ofiar\u0105 najazd\u00f3w Awar\u00f3w i S\u0142owian oko\u0142o 650 r. n.e., uchod\u017acy uciekli pod solidne schronienie mur\u00f3w Dioklecjana. Te staro\u017cytne kamienie sta\u0142y si\u0119 rdzeniem nowej osady, kt\u00f3ra dzia\u0142a\u0142a pod zwierzchnictwem bizantyjskim, jednak z czasem obywatele wykuli w\u0142asn\u0105 to\u017csamo\u015b\u0107 obywatelsk\u0105. W okresie wysokiego i p\u00f3\u017anego \u015bredniowiecza Split zachowa\u0142 delikatn\u0105 neutralno\u015b\u0107, manewruj\u0105c mi\u0119dzy morsk\u0105 pot\u0119g\u0105 Republiki Weneckiej a ambicjami korony chorwackiej. Pod koniec XIV wieku wp\u0142ywy Wenecji sta\u0142y si\u0119 bardziej wyra\u017ane: umocniono obron\u0119 miasta, a jego port sta\u0142 si\u0119 krytyczn\u0105 plac\u00f3wk\u0105 przeciwko ekspansji Imperium Osma\u0144skiego.<\/p>\n<p>Wenecja zachowa\u0142a kontrol\u0119 nad Splitem do 1797 r., kiedy to wojska Napoleona rozwi\u0105za\u0142y republik\u0119 i odda\u0142y Dalmacj\u0119 Habsburgom na mocy traktatu z Campo Formio. Dekad\u0119 p\u00f3\u017aniej p\u00f3\u0142wysep na kr\u00f3tko przeszed\u0142 w orbit\u0119 napoleo\u0144skiego Kr\u00f3lestwa W\u0142och, a nast\u0119pnie do samego Cesarstwa Francuskiego jako cz\u0119\u015b\u0107 prowincji iliryjskich. Po upadku Napoleona Kongres Wiede\u0144ski przywr\u00f3ci\u0142 rz\u0105dy austriackie, a Split sta\u0142 si\u0119 cz\u0119\u015bci\u0105 koronnego Kr\u00f3lestwa Dalmacji. Przez nast\u0119pne stulecie koleje i statki parowe po\u0142\u0105czy\u0142y go \u015bci\u015blej z Europ\u0105 \u015arodkow\u0105, nawet gdy lokalne ga\u0142\u0119zie przemys\u0142u \u2014 stoczniowy, tekstylny, tytoniowy i przetw\u00f3rstwa \u017cywno\u015bci \u2014 rozkwita\u0142y pod auspicjami cesarskimi.<\/p>\n<p>Upadek Austro-W\u0119gier w 1918 r. zapocz\u0105tkowa\u0142 nowy rozdzia\u0142, poniewa\u017c Split do\u0142\u0105czy\u0142 do Kr\u00f3lestwa Serb\u00f3w, Chorwat\u00f3w i S\u0142owe\u0144c\u00f3w (p\u00f3\u017aniej Jugos\u0142awii). Podczas II wojny \u015bwiatowej miasto zosta\u0142o najpierw zaanektowane przez W\u0142ochy, a nast\u0119pnie zaj\u0119te przez wojska niemieckie, kt\u00f3re umie\u015bci\u0142y je w marionetkowym pa\u0144stwie chorwackim. Bojownicy partyzanci wyzwolili miasto w 1944 r., a po wojnie Split sta\u0142 si\u0119 cz\u0119\u015bci\u0105 socjalistycznej Jugos\u0142awii, Republiki Chorwacji. W ramach gospodarki planowej stocznie miejskie \u2014 na czele z Brodosplit \u2014 szybko si\u0119 rozwija\u0142y, produkuj\u0105c wszystko, od tankowc\u00f3w i masowc\u00f3w po promy i okr\u0119ty wojenne. W 1981 r. PKB Splitu na mieszka\u0144ca przekroczy\u0142o \u015bredni\u0105 jugos\u0142owia\u0144sk\u0105 o ponad jedn\u0105 trzeci\u0105.<\/p>\n<p>Przej\u015bcie z systemu socjalistycznego na pocz\u0105tku lat 90. okaza\u0142o si\u0119 burzliwe. Fabryki zamykano lub ograniczano, a bezrobocie gwa\u0142townie ros\u0142o. Brodosplit, cho\u0107 nadal najwi\u0119ksza stocznia w Chorwacji i eksporter ponad 350 statk\u00f3w, zatrudnia obecnie znacznie mniej os\u00f3b ni\u017c w okresie swojej \u015bwietno\u015bci. Aby zr\u00f3wnowa\u017cy\u0107 spadek przemys\u0142u, w\u0142adze lokalne zainwestowa\u0142y znaczne \u015brodki w infrastruktur\u0119 turystyczn\u0105 i rozw\u00f3j handlu. Otwarcie autostrady A1 w lipcu 2005 r. po\u0142\u0105czy\u0142o Split bezpo\u015brednio z Zagrzebiem i kontynentaln\u0105 sieci\u0105 autostrad, co przyspieszy\u0142o nap\u0142yw towar\u00f3w, turyst\u00f3w i inwestor\u00f3w. Roczne Croatia Boat Show, odbywaj\u0105ce si\u0119 tutaj od 1998 r., sta\u0142o si\u0119 kluczowym wydarzeniem dla przemys\u0142u morskiego w Europie Po\u0142udniowo-Wschodniej.<\/p>\n<p>Obecnie populacja Splitu wynosi oko\u0142o 160 577 os\u00f3b, z czego 96,4 procent identyfikuje si\u0119 jako Chorwaci, a 77,5 procent jako katolicy. Poniewa\u017c obszar metropolitalny rozci\u0105ga si\u0119 poza p\u00f3\u0142wysep na s\u0105siednie Ka\u0161tela i Trogir, jego \u0142\u0105czna populacja zbli\u017ca si\u0119 do 330 000. Jednak sam p\u00f3\u0142wysep pozostaje zwarty; jego w\u0105skie uliczki i g\u0119sto rozmieszczone budynki tworz\u0105 intymno\u015b\u0107, kt\u00f3ra zaprzecza rozmiarom miasta.<\/p>\n<p>Stara dzielnica rozci\u0105ga si\u0119 wewn\u0105trz i wok\u00f3\u0142 Pa\u0142acu Dioklecjana. Od p\u00f3\u0142nocno\u2011zachodniej bramy piesi wchodz\u0105 do szeregu zacienionych alejek i ma\u0142ych placyk\u00f3w. G\u0142\u00f3wna aleja nadbrze\u017cna, znana jako Riva, biegnie po\u0142udniowym skrajem dzielnicy pa\u0142acowej. Od pocz\u0105tku XX wieku obsadzona palmami, dzi\u015b s\u0142u\u017cy wy\u0142\u0105cznie jako promenada dla pieszych. W 1807 roku rozkazy francuskiego marsza\u0142ka Marmonta doprowadzi\u0142y do \u200b\u200bwyburzenia cz\u0119\u015bci dawnych mur\u00f3w obronnych Wenecji, co da\u0142o szeroki taras, na kt\u00f3rym obecnie znajduj\u0105 si\u0119 kawiarnie i odbywaj\u0105 si\u0119 wieczorne koncerty.<\/p>\n<p>Na p\u00f3\u0142nocnym wschodzie le\u017cy Narodni Trg, lub Pjaca, stworzony w okresie ekspansji na zach\u00f3d poza mury pa\u0142acu. Przez ca\u0142\u0105 swoj\u0105 d\u0142ug\u0105 histori\u0119 plac ten nosi\u0142 nazwy takie jak Lovrin Trg i Trg oru\u017eja, odzwierciedlaj\u0105ce zmieniaj\u0105ce si\u0119 re\u017cimy i funkcje. Jego otaczaj\u0105ce fasady obejmuj\u0105 XIII-wieczn\u0105 roma\u0144sk\u0105 wie\u017c\u0119 z dzwonem i zegarem, pa\u0142ace Ciprian i Cambi oraz ksi\u0119garni\u0119 Morpurgo, dzia\u0142aj\u0105c\u0105 od 1861 roku.<\/p>\n<p>Wzg\u00f3rze Marjan, czczone jako \u201emiasto pod Marjanem\u201d Splitu, stanowi le\u015bny kontrapunkt dla g\u0119stego rdzenia. Miejscowi i tury\u015bci wspinaj\u0105 si\u0119 po jego \u015bcie\u017ckach pieszo lub na rowerze, zatrzymuj\u0105c si\u0119 przy ma\u0142ych kapliczkach lub zacienionych polanach. Po wschodniej stronie p\u00f3\u0142wyspu, Katedra \u015awi\u0119tego Duje zajmuje dawne mauzoleum Dioklecjana. Wewn\u0105trz o\u0142tarze wzniesione w VII wieku mieszcz\u0105 relikwie \u015bwi\u0119tych Anastazji i Duje, tego ostatniego, kt\u00f3ry jest obecnie pami\u0119tany jako patron miasta. G\u00f3ruj\u0105ca nad katedr\u0105 roma\u0144ska dzwonnica, uko\u0144czona oko\u0142o 1150 roku, oferuje jeden z najbardziej znanych punkt\u00f3w widokowych w Dalmacji.<\/p>\n<p>Split zachowuje niezwyk\u0142\u0105 koncentracj\u0119 muze\u00f3w i galerii. Muzeum Archeologiczne, za\u0142o\u017cone w 1820 r., ro\u015bci sobie prawo do miana najstarszej tego typu instytucji w Chorwacji. Jego zbiory obejmuj\u0105 artefakty iliryjskie i grecko\u2011hellenistyczn\u0105 ceramik\u0119, rzymskie szk\u0142o i \u015bredniowieczn\u0105 numizmatyk\u0119. Niedaleko znajduje si\u0119 Muzeum Chorwackich Zabytk\u00f3w Archeologicznych, kt\u00f3re eksponuje wczesno\u015bredniowieczne wyroby z wikliny, gliniane figurki i \u0142aci\u0144skie kamienie epigraficzne \u2014 niekt\u00f3re datowane na IX wiek \u2014 tworz\u0105c najwi\u0119kszy zbi\u00f3r tego typu w Europie.<\/p>\n<p>Muzeum miejskie, mieszcz\u0105ce si\u0119 w dawnym pa\u0142acu Papali\u0107, przedstawia ewolucj\u0119 miejsk\u0105, kulturow\u0105 i ekonomiczn\u0105 od czas\u00f3w staro\u017cytnych do wsp\u00f3\u0142czesno\u015bci. Muzeum Etnograficzne bada dalmaty\u0144skie tradycje ludowe, od stroj\u00f3w z XVIII wieku po wsp\u00f3\u0142czesne odrodzenie rzemios\u0142a. Dziedzictwo morskie znajduje swoje miejsce w Chorwackim Muzeum Morskim w twierdzy Gripe, gdzie bro\u0144 morska, modele statk\u00f3w i instrumenty nawigacyjne \u015bledz\u0105 stulecia osi\u0105gni\u0119\u0107 \u017ceglarskich. Na samej wyspie Marjan Muzeum Nauki i Zoo oferuje eksponaty z zakresu historii naturalnej i wybiegi dla zwierz\u0105t, podczas gdy Galeria Ivana Me\u0161trovicia, urz\u0105dzona w stylu architektonicznym rze\u017abiarza, prezentuje jego rysunki, projekty mebli i monumentalne pos\u0105gi.<\/p>\n<p>Sztuka nadal kwitnie w Galerii Sztuk Pi\u0119knych, zainstalowanej od 2009 r. w by\u0142ym szpitalu za pa\u0142acem. Jej zbiory obejmuj\u0105 sze\u015b\u0107 stuleci, prezentuj\u0105c dzie\u0142a Vlaho Bukovaca, Ivana Me\u0161trovicia i innych wybitnych artyst\u00f3w. Sta\u0142\u0105 ekspozycj\u0119 uzupe\u0142niaj\u0105 wystawy rotacyjne wsp\u00f3\u0142czesnych chorwackich artyst\u00f3w. Kr\u00f3tki spacer dalej mo\u017cna znale\u017a\u0107 drewniane panele rze\u017abione przez Me\u0161trovicia w kaplicy w Ka\u0161telet\u2011Crikvine \u2014 \u015bwiadectwo jego oddania Splitowi i Dalmacji.<\/p>\n<p>To\u017csamo\u015b\u0107 kulturowa Splitu wykracza poza muzea. Jego korzenie literackie si\u0119gaj\u0105 Marko Marulicia, renesansowego humanisty, kt\u00f3rego epickie poematy i traktaty moralne wp\u0142yn\u0119\u0142y na wczesn\u0105 literatur\u0119 europejsk\u0105. W XX wieku pisarze tacy jak Miljenko Smoje opisali transformacj\u0119 miasta w serialach telewizyjnych Malo misto i Velo misto, \u0142\u0105cz\u0105c serdeczny humor z obserwacj\u0105 spo\u0142eczn\u0105. Aktor Boris Dvornik, inny rodowity syn, sta\u0142 si\u0119 jedn\u0105 z najbardziej lubianych postaci ekranowych w Chorwacji.<\/p>\n<p>Gdy \u015bwiat\u0142o dzienne ga\u015bnie, Split ods\u0142ania \u017cywsz\u0105 stron\u0119. Miejsca muzyczne i bary wylewaj\u0105 si\u0119 na w\u0105skie uliczki, a w miesi\u0105cach letnich powietrze niesie rytmy \u015bpiewu klapa i pop-dance. W 2013 r. Split sta\u0142 si\u0119 pierwszym chorwackim miastem, kt\u00f3re go\u015bci\u0142o Ultra Europe, przyci\u0105gaj\u0105c oko\u0142o 150 000 uczestnik\u00f3w festiwalu ka\u017cdego lipca na Poljud Stadium a\u017c do przeniesienia go do Parku mlade\u017ei w 2019 r. Przez ponad dekad\u0119 Ultra Europe w Splicie powita\u0142o 1,3 miliona go\u015bci z ponad czterdziestu kraj\u00f3w. W 2023 r. miasto otworzy\u0142o sw\u00f3j pierwszy klub LGBTQ+, jeszcze bardziej urozmaicaj\u0105c swoj\u0105 ofert\u0119 nocn\u0105. Odwiedzaj\u0105cy mog\u0105 wybiera\u0107 mi\u0119dzy barami na pla\u017cy na \u015bwie\u017cym powietrzu a podziemnymi parkietami tanecznymi, cz\u0119sto ko\u0144cz\u0105c noc przy delikatnie o\u015bwietlonym nabrze\u017cu.<\/p>\n<p>Turystyka stanowi obecnie kamie\u0144 w\u0119gielny gospodarki Splitu. W 2023 r. miasto odnotowa\u0142o 965 405 przyjazd\u00f3w i 3 050 389 nocleg\u00f3w, co stanowi nowy rekord odzwierciedlaj\u0105cy jego atrakcyjno\u015b\u0107 jako centrum kulturalnego i w\u0119z\u0142a \u017ceglugowego. Ka\u017cdego roku blisko milion odwiedzaj\u0105cych przep\u0142ywa promami do Bra\u010d, \u0160olty, \u010ciovo, Hvaru i Visu, podczas gdy sezonowe linie \u0142\u0105cz\u0105 si\u0119 z Ancon\u0105 i innymi w\u0142oskimi portami. Port w Splicie obs\u0142uguje oko\u0142o czterech milion\u00f3w pasa\u017cer\u00f3w rocznie, zajmuj\u0105c trzecie miejsce pod wzgl\u0119dem ruchu pasa\u017cerskiego na Morzu \u015ar\u00f3dziemnym. Statki wycieczkowe zawijaj\u0105 ponad 260 razy w roku, pozostawiaj\u0105c pod opiek\u0105 miasta ponad 130 000 podr\u00f3\u017cnych.<\/p>\n<p>Infrastruktura l\u0105dowa Splitu ewoluowa\u0142a wraz z po\u0142\u0105czeniami morskimi. Autostrada A1 przewozi samochody na p\u00f3\u0142noc w kierunku Zagrzebia, a Autostrada Adriatycka rozci\u0105ga si\u0119 wzd\u0142u\u017c ca\u0142ego wybrze\u017ca Dalmacji. Nie ma systemu tramwajowego \u2014 pag\u00f3rkowaty teren sprawia, \u017ce \u200b\u200bjest on niepraktyczny \u2014 ale lokalne autobusy obs\u0142uguj\u0105 zar\u00f3wno p\u00f3\u0142wysep, jak i podmiejskie dzielnice. Lotnisko Split w Ka\u0161teli, oko\u0142o dwudziestu kilometr\u00f3w na p\u00f3\u0142nocny zach\u00f3d, odnotowa\u0142o 3,62 miliona pasa\u017cer\u00f3w w 2024 r., co plasuje je na drugim miejscu w Chorwacji pod wzgl\u0119dem ruchu lotniczego. Na po\u0142udniowym kra\u0144cu p\u00f3\u0142wyspu g\u0142\u00f3wny dworzec kolejowy oznacza przystanek ko\u0144cowy linii do Zagrzebia, Osijeku, Budapesztu, Wiednia i Bratys\u0142awy, a tak\u017ce poci\u0105g\u00f3w podmiejskich do Ka\u0161tel Stari. Mniejszy przystanek w Kopilicy obs\u0142uguje podmiejsk\u0105 lini\u0119 Split Predgra\u0111e.<\/p>\n<p>Ponad dwa tysi\u0105ce lat po swoich greckich pocz\u0105tkach Split pozostaje miejscem, w kt\u00f3rym warstwy historii zbiegaj\u0105 si\u0119 w codziennym \u017cyciu. Osio\u0142 i dalmaty\u0144czyk \u2014 niegdy\u015b niezb\u0119dni towarzysze w g\u00f3rskich wioskach \u2014 pojawiaj\u0105 si\u0119 obok emblemat\u00f3w pi\u0142karskich, jako ho\u0142d dla lokalnego oddania HNK Hajduk i jego grupy kibic\u00f3w Torcida, najstarszego zorganizowanego klubu fan\u00f3w w Europie. Pomimo burz zmian, trz\u0119sie\u0144 ziemi i wojen, to miasto zachowa\u0142o orientacj\u0119 na morze i odporno\u015b\u0107 zrodzon\u0105 z jego p\u00f3\u0142wyspowego po\u0142o\u017cenia. Dla tych, kt\u00f3rzy zatrzymaj\u0105 si\u0119 przy staro\u017cytnych kamieniach pa\u0142acu lub spojrz\u0105 w g\u0142\u0105b l\u0105du na lasy Marjan, Split oferuje przypomnienie, \u017ce ci\u0105g\u0142o\u015b\u0107 cz\u0119sto kwitnie w miejscach schronienia i ponownego wynalezienia.<\/p>","protected":false},"excerpt":{"rendered":"<p>Situated on the\u00a0eastern Adriatic Sea,\u00a0Split\u00a0is the\u00a0second-largest city in Croatia\u00a0and a\u00a0dynamic coastal metropolis. Comprising around\u00a0178,000 people, this\u00a0ancient city\u00a0is the\u00a0biggest urban centre in the Dalmatia area\u00a0and a\u00a0lighthouse of cultural and commercial value\u00a0on the\u00a0Croatian coast. Covering a\u00a0central peninsula\u00a0and its environs,\u00a0Split\u2019s strategic location\u00a0has made it an\u00a0intraregional transit hub\u00a0and a\u00a0highly sought-after tourist attraction, drawing around\u00a0900,000 tourists a year.<\/p>","protected":false},"author":1,"featured_media":2892,"parent":14435,"menu_order":0,"comment_status":"closed","ping_status":"closed","template":"elementor_theme","meta":{"_eb_attr":"","footnotes":""},"class_list":["post-14472","page","type-page","status-publish","has-post-thumbnail"],"_links":{"self":[{"href":"https:\/\/travelshelper.com\/pl\/wp-json\/wp\/v2\/pages\/14472","targetHints":{"allow":["GET"]}}],"collection":[{"href":"https:\/\/travelshelper.com\/pl\/wp-json\/wp\/v2\/pages"}],"about":[{"href":"https:\/\/travelshelper.com\/pl\/wp-json\/wp\/v2\/types\/page"}],"author":[{"embeddable":true,"href":"https:\/\/travelshelper.com\/pl\/wp-json\/wp\/v2\/users\/1"}],"replies":[{"embeddable":true,"href":"https:\/\/travelshelper.com\/pl\/wp-json\/wp\/v2\/comments?post=14472"}],"version-history":[{"count":0,"href":"https:\/\/travelshelper.com\/pl\/wp-json\/wp\/v2\/pages\/14472\/revisions"}],"up":[{"embeddable":true,"href":"https:\/\/travelshelper.com\/pl\/wp-json\/wp\/v2\/pages\/14435"}],"wp:featuredmedia":[{"embeddable":true,"href":"https:\/\/travelshelper.com\/pl\/wp-json\/wp\/v2\/media\/2892"}],"wp:attachment":[{"href":"https:\/\/travelshelper.com\/pl\/wp-json\/wp\/v2\/media?parent=14472"}],"curies":[{"name":"wp","href":"https:\/\/api.w.org\/{rel}","templated":true}]}}