{"id":14466,"date":"2024-09-19T15:10:36","date_gmt":"2024-09-19T15:10:36","guid":{"rendered":"https:\/\/travelshelper.com\/staging\/?page_id=14466"},"modified":"2026-03-11T22:45:29","modified_gmt":"2026-03-11T22:45:29","slug":"rijeka","status":"publish","type":"page","link":"https:\/\/travelshelper.com\/pl\/destinations\/europe\/croatia\/rijeka\/","title":{"rendered":"Rijeka"},"content":{"rendered":"<p>Rijeka zajmuje w\u0105ski pas wybrze\u017ca, gdzie rzeka Rje\u010dina spotyka si\u0119 z rozleg\u0142\u0105 zatok\u0105 Kvarner. Tutaj strome wzg\u00f3rza wznosz\u0105 si\u0119 tak gwa\u0142townie od poziomu morza, \u017ce \u200b\u200bzarys miasta przypomina scen\u0119 teatraln\u0105 na tle g\u00f3r. Ta konfiguracja ukszta\u0142towa\u0142a charakter Rijeki bardziej zdecydowanie ni\u017c jakikolwiek pojedynczy plan architektoniczny. Ograniczone z trzech stron pasmami U\u010dka, Risnjak i Velika Kapela, a otwieraj\u0105ce si\u0119 na Adriatyk z czwartego boku, miasto od dawna s\u0142u\u017cy jako naturalna morska brama do Europy \u015arodkowej.<\/p>\n<p>Wed\u0142ug najwcze\u015bniejszych zapis\u00f3w Rijeka (chorw. Rije\u010dka; w\u0142. Fiume) zawdzi\u0119cza\u0142a sw\u00f3j los temu g\u0142\u0119bokiemu zatoce. Jej port le\u017cy czterdzie\u015bci metr\u00f3w poni\u017cej otaczaj\u0105cych go grzbiet\u00f3w, zdolny przyj\u0105\u0107 statki przemierzaj\u0105ce niskie prze\u0142\u0119cze kontynentu z W\u0119gier i dalej. Tutaj zaczynaj\u0105 si\u0119 dwa g\u0142\u00f3wne szlaki: jeden przecina p\u00f3\u0142nocny wsch\u00f3d przez Alpy Dynarskie do Niziny Pano\u0144skiej, drugi wiedzie na p\u00f3\u0142nocny zach\u00f3d przez Bram\u0119 Postojn\u0105 do S\u0142owenii i Austrii. W obu kierunkach zar\u00f3wno kupcy, jak i armie uznawali spokojny port Rijeki za niezast\u0105piony.<\/p>\n<p>Ta strategiczna pozycja przyci\u0105ga\u0142a rywalizuj\u0105cych pretendent\u00f3w przez stulecia. Kiedy\u015b sporne mi\u0119dzy \u015awi\u0119tym Cesarstwem Rzymskim a morsk\u0105 republik\u0105 Wenecji, p\u00f3\u017aniej przesz\u0142o przez r\u0119ce Wenecji i Habsburg\u00f3w, zanim w epoce nowo\u017cytnej sta\u0142o si\u0119 punktem zapalnym mi\u0119dzy W\u0142ochami a Jugos\u0142awi\u0105. W latach 1918\u20131991 miasto odpowiada\u0142o nie mniej ni\u017c o\u015bmiu odr\u0119bnym administracjom, co stanowi\u0142o mieszank\u0119 suwerenno\u015bci, kt\u00f3ra dawa\u0142a jego mieszka\u0144com ostre poczucie lokalnej to\u017csamo\u015bci. Jeden mieszkaniec urodzony w 1917 r. m\u00f3g\u0142 \u2014 bez przeprowadzki \u2014 posiada\u0107 paszporty Austro-W\u0119gier, W\u0142och, Wolnego Pa\u0144stwa Fiume, Kr\u00f3lestwa W\u0142och, terytorium okupowanego przez Niemcy, Jugos\u0142awii, faszystowskiej Regencji Carnaro i wreszcie Socjalistycznej Federalnej Republiki Jugos\u0142awii. Takie szybkie zmiany ukszta\u0142towa\u0142y zar\u00f3wno wyobra\u017ani\u0119 obywatelsk\u0105, jak i profil demograficzny, poniewa\u017c Chorwaci, W\u0142osi, Serbowie, Bo\u015bniacy i inni wsp\u00f3\u0142istnieli w porcie, w kt\u00f3rym przeplata\u0142y si\u0119 r\u00f3\u017cne j\u0119zyki i tradycje.<\/p>\n<p>Obecnie oko\u0142o 85 procent z 108 000 mieszka\u0144c\u00f3w Rijeki identyfikuje si\u0119 jako Chorwaci, a w niekt\u00f3rych cz\u0119\u015bciach miasta zachowa\u0142y si\u0119 spo\u0142eczno\u015bci w\u0142oskie i inne mniejszo\u015bci. W\u015br\u00f3d nich przetrwa\u0142o oko\u0142o dwudziestu tysi\u0119cy os\u00f3b m\u00f3wi\u0105cych fiumanem, lokaln\u0105 odmian\u0105 j\u0119zyka weneckiego. Przez pokolenia fiuman by\u0142 j\u0119zykiem handlowym portu, a nawet dotyka\u0142 dialekt\u00f3w chorwackich na przedmie\u015bciach, gdzie przetrwa\u0142y \u015blady dialektu czakawskiego. Na ulicach wok\u00f3\u0142 Korzo, szerokiej promenady dla pieszych w sercu miasta, j\u0119zyki te mieszaj\u0105 si\u0119 w okrzykach sprzedawc\u00f3w na targu i leniwych powitaniach starych przyjaci\u00f3\u0142.<\/p>\n<p>Gospodarka Rijeki nadal jest zakorzeniona w morzu. Dwie stocznie \u2014 3. Maj i Viktor Lenac \u2014 nale\u017c\u0105 do najwi\u0119kszych pracodawc\u00f3w przemys\u0142owych, a ich d\u017awigi s\u0105 po\u0142\u0105czone przegubowo jak metalowe d\u017awigi na tle nieba. Morskie przewozy towarowe i pasa\u017cerskie nadal kursuj\u0105 po zatoce, \u0142\u0105cz\u0105c g\u0142\u00f3wny port Chorwacji z wyspami Adriatyku i liniami mi\u0119dzynarodowymi. Jednak tak jak doki definiuj\u0105 rynek pracy, kultura odrodzi\u0142a si\u0119 w ostatnich latach. W 2020 r. Rijeka nosi\u0142a tytu\u0142 Europejskiej Stolicy Kultury, dziel\u0105c ten zaszczyt z Galway w Irlandii. Z repertuarem obejmuj\u0105cym teatr klasyczny w Chorwackim Teatrze Narodowym im. Ivana pl. Zajca \u2014 wzniesionym po raz pierwszy w 1765 r. \u2014 po sztuk\u0119 wsp\u00f3\u0142czesn\u0105 w Muzeum Sztuki Nowoczesnej i Wsp\u00f3\u0142czesnej, miasto zakotwiczy\u0142o swoj\u0105 postindustrialn\u0105 to\u017csamo\u015b\u0107 w przestrzeniach widowiskowych i wystawienniczych, kt\u00f3re nawi\u0105zuj\u0105 do jego r\u00f3\u017cnorodnej przesz\u0142o\u015bci.<\/p>\n<p>Spacer po Starym Mie\u015bcie przywo\u0142uje na my\u015bl to nawarstwienie epok. Wie\u017ca Miejska stoi u podn\u00f3\u017ca Korzo, a jej okr\u0105g\u0142a \u015bredniowieczna forma by\u0142a kiedy\u015b punktem wej\u015bcia do ufortyfikowanego miasta. Niedaleko znajduje si\u0119 Pa\u0142ac Gubernatora, w kt\u00f3rym mie\u015bci si\u0119 obecnie Muzeum Morskie i Historyczne Wybrze\u017ca Chorwackiego, gdzie artefakty marynarzy i portrety rodzinne przedstawiaj\u0105 transformacj\u0119 Rijeki z ma\u0142ego portu rybackiego w imperialny port prze\u0142adunkowy. Pod katedr\u0105 po\u015bwi\u0119con\u0105 \u015bw. Witowi znajduje si\u0119 sie\u0107 tuneli Grivica, wykuta przez w\u0142oskie si\u0142y na pocz\u0105tku lat 40. XX wieku. Zwiedzaj\u0105cy mog\u0105 przej\u015b\u0107 jej 330-metrow\u0105 d\u0142ugo\u015b\u0107 i wyobrazi\u0107 sobie niepok\u00f3j cywil\u00f3w szukaj\u0105cych schronienia przed bombowcami nad ich g\u0142owami.<\/p>\n<p>Wznosz\u0105ce si\u0119 ponad centrum wzg\u00f3rze Trsat niesie twierdz\u0119, kt\u00f3rej kamienie pochodz\u0105 z ko\u0144ca XIII wieku. Zamek Trsat, po\u0142o\u017cony 138 metr\u00f3w nad poziomem morza, dominuje nad podej\u015bciem od wschodu. Od 1288 roku oferowa\u0142 schronienie i widok, najpierw \u015bredniowiecznemu duchowie\u0144stwu, p\u00f3\u017aniej oficerom Habsburg\u00f3w. Obecnie jego mury obronne s\u0105 miejscem wystaw sztuki, koncert\u00f3w i odczyt\u00f3w literackich, podczas gdy pod barokowym ko\u015bcio\u0142em zamku ruch pielgrzymkowy wzrasta ka\u017cdego sierpnia w \u015bwi\u0119to Wniebowzi\u0119cia. Pielgrzymi przybywaj\u0105, aby odda\u0107 cze\u015b\u0107 Matce Bo\u017cej z Trsat, najwa\u017cniejszemu miejscu kultu w zachodniej Chorwacji, przyci\u0105gani wota wype\u0142niaj\u0105ce kaplic\u0119 dar\u00f3w.<\/p>\n<p>Karnawa\u0142 w Rijece to kolejna forma pielgrzymki. Ustanowiony w 1982 r. karnawa\u0142 w Rijece trwa od stycznia do marca, osi\u0105gaj\u0105c szczyt w weekend poprzedzaj\u0105cy Wielki Post. W dniu otwarcia burmistrz miasta wr\u0119cza symboliczny klucz Me\u0161tarowi Toniemu, mistrzowi karnawa\u0142u, kt\u00f3ry nast\u0119pnie przewodniczy uroczystym procesjom i balowi charytatywnemu w Pa\u0142acu Gubernatora. Setki zamaskowanych grup paraduj\u0105 wzd\u0142u\u017c Korzo, do kt\u00f3rych do\u0142\u0105czaj\u0105 dzieci w przebranych szeregach z ca\u0142ego regionu. W ostatnich latach ponad pi\u0119tna\u015bcie tysi\u0119cy uczestnik\u00f3w w ponad dwustu trupach karnawa\u0142owych przyci\u0105gn\u0119\u0142o t\u0142umy przekraczaj\u0105ce sto tysi\u0119cy widz\u00f3w. Te obchody przypominaj\u0105 o kosmopolitycznym dziedzictwie Rijeki, poniewa\u017c maski weneckie mieszaj\u0105 si\u0119 ze s\u0142owia\u0144skimi kostiumami i nowoczesn\u0105 satyr\u0105.<\/p>\n<p>Lato zamienia przybrze\u017cne obrze\u017ca w k\u0105pielisko \u015br\u00f3dziemnomorskiego wypoczynku. Pla\u017ce na zachodzie, w Kantrida i Preluk, oferuj\u0105 \u017cwirowe kraw\u0119dzie i pi\u0119\u0107 basen\u00f3w morskich wyrze\u017abionych w skale; na wschodzie Pe\u0107ine i Kostrena ust\u0119puj\u0105 miejsca odosobnionym zatoczkom. Autobusy dowo\u017c\u0105 pla\u017cowicz\u00f3w na ka\u017cdy odcinek, a parkingi s\u0105 gotowe przy brzegu. Jednak Alpy le\u017c\u0105 zaledwie dziesi\u0119\u0107 kilometr\u00f3w w g\u0142\u0105b l\u0105du, wi\u0119c w ch\u0142odne zimowe poranki narciarze wje\u017cd\u017caj\u0105 kolejk\u0105 linow\u0105 do o\u015brodka Platak i znajduj\u0105 stoki wci\u0105\u017c pokryte \u015bniegiem, a wyspy Adriatyku \u015bwiec\u0105 poni\u017cej przez przerwy w chmurach. Opady \u015bniegu s\u0105 kr\u00f3tkie \u2014 rzadko przekraczaj\u0105 trzy dni w roku \u2014 ale wiatr bora szoruje zbocza wzg\u00f3rz, pozostawiaj\u0105c oszronione szczyty, kt\u00f3re wyra\u017anie kontrastuj\u0105 z gajami oliwnymi nad morzem.<\/p>\n<p>Klimat tutaj jest klasyfikowany jako wilgotny subtropikalny. Maksymalne temperatury latem przekraczaj\u0105 30 \u00b0C tylko przez dwadzie\u015bcia dni w roku, podczas gdy zimowe minima spadaj\u0105 poni\u017cej zera tylko raz. Opady deszczu s\u0105 cz\u0119ste przez wszystkie pory roku; mg\u0142a unosi si\u0119 przez oko\u0142o cztery dni w roku, g\u0142\u00f3wnie zim\u0105. Najcieplejsze powietrze zarejestrowane na lokalnej stacji, na wysoko\u015bci 120 metr\u00f3w, osi\u0105gn\u0119\u0142o dok\u0142adnie 40 \u00b0C 19 lipca 2007 r., podczas gdy najzimniejsze spad\u0142o do \u221212,8 \u00b0C 10 lutego 1956 r.<\/p>\n<p>Poza \u015bwiatem przyrody Rijeka od dawna stanowi t\u0142o dla filmowc\u00f3w i pisarzy. W latach 60. na jej obrze\u017cach nakr\u0119cono kilka western\u00f3w Winnetou. W latach 70. ameryka\u0144ski miniserial Wichry wojny znalaz\u0142 tu odpowiedni\u0105 architektur\u0119, podczas gdy w\u0142oska regencja Carnaro \u2014 protofaszystowski eksperyment Gabriela D&#039;Annunzia z 1919 r. \u2014 zalicza si\u0119 do bardziej osobliwych epizod\u00f3w miasta. Ta kr\u00f3tkotrwa\u0142a \u201eReggenza Italiana del Carnaro\u201d uznawa\u0142a leninowsk\u0105 Republik\u0119 Radzieck\u0105, przyj\u0119\u0142a awangardow\u0105 estetyk\u0119, a nawet tolerowa\u0142a nienormatywne wyra\u017canie p\u0142ci, wszystko na mocy konstytucji napisanej przez samego D&#039;Annunzia. P\u00f3\u017aniej, w 1992 roku, Hayao Miyazaki przeni\u00f3s\u0142 Fiume z lat 20. XX wieku do animowanego Hotelu Adriano w Porco Rosso, oddaj\u0105c mi\u0119dzywojenn\u0105 elegancj\u0119 portu p\u0142ynnymi poci\u0105gni\u0119ciami p\u0119dzla. Niedawno, od 2018 roku, na ulicach Rijeki rozgrywa si\u0119 dramat Netflixa Novine, a w 2019 roku film fabularny The Hitman&#039;s Wife&#039;s Bodyguard r\u00f3wnie\u017c nakr\u0119ci\u0142 sekwencje tutaj.<\/p>\n<p>Architektura ods\u0142ania kolejne warstwy. Wzd\u0142u\u017c Korzo secesyjne fasady obramowuj\u0105 kawiarnie i butiki; katedra \u015bw. Wita zachowa\u0142a swoj\u0105 barokow\u0105 naw\u0119; \u0141uk Rzymski i Stara Brama stoj\u0105 jako niemi \u015bwiadkowie cesarskich rozdzia\u0142\u00f3w miasta. Na drugim brzegu Rje\u010diny, dawne miasto Su\u0161ak \u2014 niegdy\u015b rywalizuj\u0105ca chorwacka enklawa \u2014 po\u0142\u0105czy\u0142o si\u0119 z Fiume w 1945 roku. Dzi\u015b ich uni\u0119 upami\u0119tnia szeroki plac dla pieszych nad zakopan\u0105 rzek\u0105, ulubione miejsce spotka\u0144, kt\u00f3re zaprzecza p\u0142yn\u0105cej pod spodem wodzie.<\/p>\n<p>Muze\u00f3w jest pod dostatkiem dla tych, kt\u00f3rzy chc\u0105 po\u015bwi\u0119ci\u0107 czas na eksploracj\u0119. Muzeum Historii Naturalnej z akwarium i kolekcj\u0105 gad\u00f3w przyci\u0105ga rodziny; Muzeum Miasta Rijeka obejmuje numizmatyk\u0119, kostiumy teatralne i artefakty wojenne; ma\u0142e Peek &amp; Poke wystawia zabytkowe relikwie komputerowe \u2014 masywne klawiatury z pocz\u0105tk\u00f3w komputer\u00f3w osobistych. Kolekcje sakralne w katedrze i w Trsat prezentuj\u0105 relikwiarze, kielichy i obrazy obejmuj\u0105ce wieki pobo\u017cno\u015bci. Na ka\u017cdym rogu wyczuwa si\u0119 miejskie przeci\u0105ganie liny mi\u0119dzy przemys\u0142em a sztuk\u0105.<\/p>\n<p>Aby zobaczy\u0107 wsp\u00f3\u0142czesne \u017cycie, mo\u017cna zej\u015b\u0107 na g\u0142\u00f3wny targ \u2014 Placa \u2014 gdzie wczesnym rankiem sieci z rybami przybywaj\u0105 obok skrzynek z lokalnymi owocami. Tutaj pierwotny kosmopolityczny duch miasta ujawnia si\u0119 w zapachu w\u0119dzonego scampi, akcentach starszych sprzedawc\u00f3w, kt\u00f3rzy wspominaj\u0105 rz\u0105dy austro\u2011w\u0119gierskie, i \u015bmiechu m\u0142odzie\u017cy biegn\u0105cej wzd\u0142u\u017c wy\u0142o\u017conych kafelkami przej\u015b\u0107.<\/p>\n<p>Poza centrum miasta znajduj\u0105 si\u0119 inne rozrywki. Mi\u0142o\u015bnicy sport\u00f3w motorowych jad\u0105 dziesi\u0119\u0107 kilometr\u00f3w na p\u00f3\u0142noc do toru Grobnik, gdzie mog\u0105 sprawdzi\u0107 swoje umiej\u0119tno\u015bci lub ogl\u0105da\u0107 profesjonalist\u00f3w pokonuj\u0105cych ostre zakr\u0119ty. Dla mi\u0142o\u015bnik\u00f3w gwiazd, Centrum Astronomiczne na szczycie wzg\u00f3rza Sveti Kri\u017e oferuje teleskopy skierowane na ciemne niebo, z rozleg\u0142ymi panoramami zatoki poni\u017cej. A je\u015bli pokusa s\u0142onej wody oka\u017ce si\u0119 skuteczna, centra nurkowe wok\u00f3\u0142 przyl\u0105dka odblokowuj\u0105 podwodne klify usiane koralowcami gorgoniowymi, jaskiniami morskimi, a nawet wrakami.<\/p>\n<p>Edukacja i sztuka przecinaj\u0105 si\u0119 na Uniwersytecie w Rijece, formalnie za\u0142o\u017conym w 1973 r., ale maj\u0105cym pewne korzenie w jezuickiej szkole teologicznej z XVII wieku. Jego wydzia\u0142y rozsiane s\u0105 po mie\u015bcie, przyci\u0105gaj\u0105c student\u00f3w, kt\u00f3rzy o\u017cywiaj\u0105 ulice i kawiarnie, m\u00f3wi\u0105c po chorwacku, w\u0142osku, fiumansku lub angielsku, debatuj\u0105c o historii, in\u017cynierii lub literaturze.<\/p>\n<p>Pami\u0119\u0107 kulturowa mieni si\u0119 w najdrobniejszych szczeg\u00f3\u0142ach. Jeden pas ratunkowy z Titanica spoczywa w Naval Museum, spu\u015bcizna po podr\u00f3\u017cach Carpathii do i z Nowego Jorku, cz\u0119sto obs\u0142ugiwanych przez chorwack\u0105 za\u0142og\u0119. Na pocz\u0105tku XX wieku Fiume szczyci\u0142o si\u0119 cotygodniowymi transatlantyckimi po\u0142\u0105czeniami pasa\u017cerskimi, a mieszka\u0144cy wsi nadal wspominaj\u0105 dzie\u0144, w kt\u00f3rym statki oceaniczne cumowa\u0142y przy nabrze\u017cu, a nad g\u0142owami przelatywa\u0142y go\u0142\u0119bie z listami.<\/p>\n<p>W ka\u017cdym z tych aspekt\u00f3w \u2014 geografii, historii, przemy\u015ble, sztuce \u2014 Rijeka ujawnia z\u0142o\u017cono\u015b\u0107, a nie pojedyncz\u0105 narracj\u0119. Opiera si\u0119 \u0142atwym definicjom, wol\u0105c zamiast tego m\u00f3wi\u0107 warstwami kamienia i stali, w echach, kt\u00f3re prze\u015blizguj\u0105 si\u0119 mi\u0119dzy Adriatykiem a wzg\u00f3rzami. Dla zwiedzaj\u0105cego, kt\u00f3ry ogl\u0105da zach\u00f3d s\u0142o\u0144ca za U\u010dk\u0105, a \u015bwiat\u0142a ta\u0144cz\u0105 na powierzchni wody, istota miasta wy\u0142ania si\u0119 nie tylko w wielkich zabytkach, ale w przep\u0142ywie to\u017csamo\u015bci, kt\u00f3re ukszta\u0142towa\u0142y jego ulice. Jest cicha poezja w porcie zbudowanym dla handlu, kt\u00f3ry teraz wita zar\u00f3wno \u0142odzie przeja\u017cd\u017cek, jak i statki towarowe, i subtelna godno\u015b\u0107 we wsp\u00f3lnocie, kt\u00f3ra przetrwa\u0142a imperium, ideologi\u0119 i wojn\u0119, tylko po to, aby zachowa\u0107 ducha, kt\u00f3ry jest zar\u00f3wno odporny, jak i podatny. W Rijece rzeka p\u0142ynie pod placem, a g\u00f3ry naciskaj\u0105 blisko morza, a w tym u\u015bcisku znajduje si\u0119 miasto zar\u00f3wno zakotwiczone, jak i wolne.<\/p>","protected":false},"excerpt":{"rendered":"<p>Rijeka, trzecie co do wielko\u015bci miasto w Chorwacji, jest dobrze po\u0142o\u017cone nad zatok\u0105 Kvarner, zatok\u0105 Morza Adriatyckiego. Z 108 622 mieszka\u0144cami w 2021 r., to energiczne centrum miejskie jest g\u0142\u00f3wnym o\u015brodkiem w \u017cupanii Primorsko-Gorski Kotar. Nazwa miasta, \/ri\u02c8e\u0259\/ lub \/ri\u02c8k\u0259\/ po angielsku, t\u0142umaczona jako \u201erzeka\u201d w j\u0119zyku chorwackim, odzwierciedla jego bliskie s\u0105siedztwo z rzekami, kt\u00f3re ukszta\u0142towa\u0142y jego przesz\u0142o\u015b\u0107 i gospodark\u0119.<\/p>","protected":false},"author":1,"featured_media":3940,"parent":14435,"menu_order":0,"comment_status":"closed","ping_status":"closed","template":"elementor_theme","meta":{"_eb_attr":"","footnotes":""},"class_list":["post-14466","page","type-page","status-publish","has-post-thumbnail"],"_links":{"self":[{"href":"https:\/\/travelshelper.com\/pl\/wp-json\/wp\/v2\/pages\/14466","targetHints":{"allow":["GET"]}}],"collection":[{"href":"https:\/\/travelshelper.com\/pl\/wp-json\/wp\/v2\/pages"}],"about":[{"href":"https:\/\/travelshelper.com\/pl\/wp-json\/wp\/v2\/types\/page"}],"author":[{"embeddable":true,"href":"https:\/\/travelshelper.com\/pl\/wp-json\/wp\/v2\/users\/1"}],"replies":[{"embeddable":true,"href":"https:\/\/travelshelper.com\/pl\/wp-json\/wp\/v2\/comments?post=14466"}],"version-history":[{"count":0,"href":"https:\/\/travelshelper.com\/pl\/wp-json\/wp\/v2\/pages\/14466\/revisions"}],"up":[{"embeddable":true,"href":"https:\/\/travelshelper.com\/pl\/wp-json\/wp\/v2\/pages\/14435"}],"wp:featuredmedia":[{"embeddable":true,"href":"https:\/\/travelshelper.com\/pl\/wp-json\/wp\/v2\/media\/3940"}],"wp:attachment":[{"href":"https:\/\/travelshelper.com\/pl\/wp-json\/wp\/v2\/media?parent=14466"}],"curies":[{"name":"wp","href":"https:\/\/api.w.org\/{rel}","templated":true}]}}