{"id":14462,"date":"2024-09-19T15:06:27","date_gmt":"2024-09-19T15:06:27","guid":{"rendered":"https:\/\/travelshelper.com\/staging\/?page_id=14462"},"modified":"2026-03-11T22:45:17","modified_gmt":"2026-03-11T22:45:17","slug":"rovinj","status":"publish","type":"page","link":"https:\/\/travelshelper.com\/pl\/destinations\/europe\/croatia\/rovinj\/","title":{"rendered":"Rovinj"},"content":{"rendered":"<p>Rovinj zajmuje smuk\u0142y cypel na zachodnim brzegu p\u00f3\u0142wyspu Istria, jego zwarta sylwetka si\u0119ga do p\u00f3\u0142nocnego Adriatyku jak zwietrza\u0142y palec \u015bledz\u0105cy stulecia ludzkich wysi\u0142k\u00f3w. Miasto wznosi si\u0119 w poziomach od \u0142agodnie opadaj\u0105cej linii brzegowej, zwie\u0144czonej dzwonnic\u0105 ko\u015bcio\u0142a parafialnego z XV wieku i obramowane morzem i niebem w tonacjach r\u00f3\u017cu i z\u0142ota o \u015bwicie i zmierzchu. Od najwcze\u015bniejszych dni jako osada plemion iliryjskich i weneckich do obecnego statusu jednego z najwa\u017cniejszych nadmorskich kierunk\u00f3w Chorwacji, Rovinj nosi \u015blady warstwowej historii, zmieniaj\u0105cych si\u0119 suwerenno\u015bci i lokalnej kultury, kt\u00f3ra pozostaje g\u0142\u0119boko zakorzeniona zar\u00f3wno w l\u0105dzie, jak i morzu.<\/p>\n<p>Od samego pocz\u0105tku to\u017csamo\u015b\u0107 Rovinja kszta\u0142towa\u0142y j\u0119zyki. Chorwacka nazwa Rovinj nawi\u0105zuje do s\u0142owia\u0144skiego dziedzictwa, kt\u00f3re ukszta\u0142towa\u0142o si\u0119 po II wojnie \u015bwiatowej, podczas gdy w\u0142oskie i weneckie nazwy \u2014 Rovigno \u2014 oraz warianty istryjskie, Ruv\u00e8igno lub Ruve\u00eegno, przypominaj\u0105 epoki, w kt\u00f3rych j\u0119zyki pochodz\u0105ce z \u0142aciny dominowa\u0142y w lokalnej mowie. Istriot, idiom roma\u0144ski, niegdy\u015b szeroko rozpowszechniony w zachodniej Istrii, przetrwa\u0142 do dzi\u015b jedynie w ustach garstki mieszka\u0144c\u00f3w, relikt\u00f3w dziedzictwa j\u0119zykowego si\u0119gaj\u0105cego czas\u00f3w rzymskich. Oficjalnie gmina honoruje zar\u00f3wno chorwacki, jak i w\u0142oski na r\u00f3wni, a dwuj\u0119zyczny statut chroni nazwy miejsc i funkcje obywatelskie w obu idiomach i zachowuje emblemat wielokulturowej konstytucji miasta.<\/p>\n<p>Historia Rovinja zaczyna si\u0119 w staro\u017cytno\u015bci. Zanim Rzymianie przekroczyli kana\u0142, kt\u00f3ry oddziela\u0142 wysp\u0119 od l\u0105du, plemiona iliryjskie zajmowa\u0142y ju\u017c skalist\u0105 wysepk\u0119, kt\u00f3ra mia\u0142a sta\u0107 si\u0119 \u015bredniowiecznym rdzeniem miasta. Pod panowaniem Rzymian nosi\u0142o nazwy takie jak Arupinium i Mons Rubineus, zanim na mapach z tamtego okresu zmieni\u0142o si\u0119 w Ruginium i Ruvinium. W VI wieku osada sta\u0142a si\u0119 cz\u0119\u015bci\u0105 egzarchatu Rawenny Cesarstwa Bizantyjskiego, by w 788 roku przej\u015b\u0107 pod panowanie Cesarstwa Frank\u00f3w. Przez kilka nast\u0119pnych stuleci Rovinj znajdowa\u0142 si\u0119 pod w\u0142adz\u0105 r\u00f3\u017cnych feuda\u0142\u00f3w, a\u017c w 1209 roku przeszed\u0142 pod jurysdykcj\u0119 Patriarchatu Akwilei, na czele kt\u00f3rego sta\u0142 Wolfger von Erla.<\/p>\n<p>Prze\u0142omowy rozdzia\u0142 rozpocz\u0105\u0142 si\u0119 w 1283 r., kiedy Republika Wenecka wch\u0142on\u0119\u0142a Rovinj do swojego Stato da M\u00e0r. Przez nast\u0119pne pi\u0119\u0107 i p\u00f3\u0142 wieku miasto ewoluowa\u0142o w jeden z g\u0142\u00f3wnych o\u015brodk\u00f3w miejskich Istrii pod rz\u0105dami Wenecji. Mury obronne wznosi\u0142y si\u0119 w dw\u00f3ch koncentrycznych pier\u015bcieniach, a trzy g\u0142\u00f3wne bramy regulowa\u0142y wjazd; pozosta\u0142o\u015bci tych wa\u0142\u00f3w nadal trzymaj\u0105 si\u0119 kr\u0119tych uliczek starego miasta. \u0141uk Balbiego, wzniesiony w 1680 r. na ko\u0144cu molo od strony morza, stoi obok p\u00f3\u017anorenesansowej wie\u017cy zegarowej jako pozosta\u0142o\u015b\u0107 po tamtych ufortyfikowanych czasach. To pod rz\u0105dami Wenecji w 1531 r. Rovinj wyda\u0142 sw\u00f3j pierwszy statut miejski, kodyfikuj\u0105c prawa dla spo\u0142eczno\u015bci, kt\u00f3ra do tego czasu rozros\u0142a si\u0119 w ruchliwy port i centrum rybackie. Dopiero w 1763 r. zasypano w\u0105ski kana\u0142 oddzielaj\u0105cy miasto od l\u0105du, jednocz\u0105c wysp\u0119 i kontynent i przygotowuj\u0105c grunt pod ostateczn\u0105 ekspansj\u0119 osady.<\/p>\n<p>Upadek Republiki Weneckiej w 1797 r. zapocz\u0105tkowa\u0142 kr\u00f3tki francuski interludium, zanim Rovinj zosta\u0142 wch\u0142oni\u0119ty przez Cesarstwo Austriackie, status, kt\u00f3ry zachowa\u0142 a\u017c do I wojny \u015bwiatowej. Austriacki spis ludno\u015bci z 1911 r. wykaza\u0142, \u017ce 97,8% mieszka\u0144c\u00f3w m\u00f3wi\u0142o po w\u0142osku, co jest \u015bwiadectwem dominacji j\u0119zykowej ukszta\u0142towanej przez wieki panowania Wenecji. Po 1918 r. Rovigno zosta\u0142o w\u0142\u0105czone do Kr\u00f3lestwa W\u0142och, a w 1947 r. przesz\u0142o w r\u0119ce nowo utworzonej Socjalistycznej Federalnej Republiki Jugos\u0142awii, w ramach Socjalistycznej Republiki Chorwacji. W tym samym roku nast\u0105pi\u0142a r\u00f3wnie\u017c standaryzacja chorwackiej formy Rovinj jako oficjalnej nazwy miasta. W okresie powojennym wiele w\u0142oskich rodzin opu\u015bci\u0142o miasto, co by\u0142o zmian\u0105 demograficzn\u0105, kt\u00f3ra zmieni\u0142a sk\u0142ad kulturowy miasta. Po secesji Chorwacji w 1991 r. Rovinj sta\u0142 si\u0119 wa\u017cnym o\u015brodkiem nowo utworzonego \u017cupanii istryjskiej, zajmuj\u0105c dzi\u015b trzecie miejsce pod wzgl\u0119dem liczby ludno\u015bci, po Puli i Pore\u010du.<\/p>\n<p>Wed\u0142ug spisu z 2021 r. gmina liczy 12 968 mieszka\u0144c\u00f3w, z czego 11 629 mieszka w samym mie\u015bcie. Pozostali mieszkaj\u0105 w s\u0105siedniej osadzie Rovinjsko Selo. Dwie dekady wcze\u015bniej, w 2001 r., liczby te osi\u0105gn\u0119\u0142y odpowiednio 14 294 i 13 056, co stanowi niewielki spadek odzwierciedlaj\u0105cy szersze trendy demograficzne w wiejskiej i nadmorskiej Chorwacji. Pomimo tych waha\u0144 Rovinj zachowuje witalno\u015b\u0107 zar\u00f3wno jako \u017cywa spo\u0142eczno\u015b\u0107, jak i magnes dla turyst\u00f3w przyci\u0105ganych przez swoje dziedzictwo historyczne i morskie otoczenie.<\/p>\n<p>Klimat wywiera decyduj\u0105cy wp\u0142yw na \u017cycie w Rovinju. Miasto jest klasyfikowane jako wilgotny subtropikalny (K\u00f6ppen Cfa), \u015brednia temperatura w styczniu wynosi 4,8 \u00b0C (40,6 \u00b0F), a w lipcu osi\u0105ga 22,3 \u00b0C (72,1 \u00b0F), co daje \u015bredni\u0105 roczn\u0105 13,4 \u00b0C (56,1 \u00b0F). Zapisy prowadzone od 1949 r. wskazuj\u0105 na maksymaln\u0105 temperatur\u0119 37,1 \u00b0C (98,8 \u00b0F) 2 sierpnia 1988 r. i minimaln\u0105 \u221214,8 \u00b0C (5,4 \u00b0F) 7 stycznia 1985 r. Niedaleka stacja meteorologiczna w Sveti Ivan na pu\u010dini, za\u0142o\u017cona w 1984 r. i po\u0142o\u017cona osiem metr\u00f3w nad poziomem morza, odnotowa\u0142a maksymaln\u0105 temperatur\u0119 34,2 \u00b0C (93,6 \u00b0F) 5 sierpnia 2017 r. i minimaln\u0105 \u22126,5 \u00b0C (20,3 \u00b0F) 29 grudnia 1996 r. \u015arednie opady deszczu wynosz\u0105 941 mm (37,05 cala) rocznie, roz\u0142o\u017cone w r\u00f3\u017cnych porach roku, podczas gdy \u015brednia wilgotno\u015b\u0107 powietrza wynosi 72 procent. Od maja do wrze\u015bnia miasto cieszy si\u0119 ponad dziesi\u0119cioma godzinami s\u0142o\u0144ca dziennie, a temperatura morza wzrasta powy\u017cej 20 \u00b0C (68 \u00b0F) od po\u0142owy czerwca do wrze\u015bnia, przy \u015bredniej rocznej temperaturze morskiej wynosz\u0105cej 16,6 \u00b0C (61,9 \u00b0F). Warunki te stanowi\u0105 podstaw\u0119 zar\u00f3wno lokalnego ekosystemu \u2014 gaj\u00f3w oliwnych, winnic i obfito\u015bci \u015br\u00f3dziemnomorskiej flory \u2014 jak i rytm\u00f3w turystyki, kt\u00f3re definiuj\u0105 gospodark\u0119.<\/p>\n<p>Geograficznie, pierwotna wyspiarska forma miasta jest upami\u0119tniona w labiryncie w\u0105skich uliczek, niedoskonale prostych i cz\u0119sto ko\u0144cz\u0105cych si\u0119 ma\u0142ym placem lub stromymi schodami. Za przyl\u0105dkiem Archipelag Rovinj obejmuje dwadzie\u015bcia dwie wysepki rozrzucone jak klejnoty po Adriatyku. Niekt\u00f3re s\u0105 ma\u0142e i niezamieszkane, a do ich brzeg\u00f3w mo\u017cna dotrze\u0107 tylko prywatn\u0105 \u0142odzi\u0105, podczas gdy inne mieszcz\u0105 skromne hotele, do kt\u00f3rych mo\u017cna dotrze\u0107 regularnymi \u0142odziami z centrum miasta. Razem \u015bwiadcz\u0105 o trwa\u0142ym dziedzictwie morskim Rovinj i oferuj\u0105 odosobnione zatoczki dla tych, kt\u00f3rzy szukaj\u0105 wytchnienia od zgie\u0142ku l\u0105du sta\u0142ego.<\/p>\n<p>Turystyka stanowi g\u0142\u00f3wn\u0105 dzia\u0142alno\u015b\u0107 gospodarcz\u0105, szczeg\u00f3lnie w szczycie sezonu od maja do wrze\u015bnia. W tych miesi\u0105cach bary, restauracje i galerie pozostaj\u0105 otwarte do p\u00f3\u017anych godzin wieczornych; poza sezonem godziny otwarcia s\u0105 bardziej skr\u00f3cone, co odzwierciedla przyp\u0142yw i odp\u0142yw liczby odwiedzaj\u0105cych. Wed\u0142ug Istria Tourist Board, Rovinj zajmuje drugie miejsce w powiecie pod wzgl\u0119dem liczby nocleg\u00f3w, co jest wska\u017anikiem jego silnej atrakcyjno\u015bci pomimo konkurencji ze strony Puli i Pore\u010da. G\u0142\u00f3wna o\u015b turystyczna zaczyna si\u0119 na dworcu autobusowym i prowadzi do dzielnicy historycznej, gdzie szereg tawern, klub\u00f3w i jad\u0142odajni powoduje sta\u0142y strumie\u0144 wieczornego ruchu pieszego.<\/p>\n<p>Ulica Carera, ca\u0142kowicie przeznaczona dla pieszych, stanowi kr\u0119gos\u0142up komercyjnego \u017cycia Rovinja. Wzd\u0142u\u017c niej znajduj\u0105 si\u0119 niezale\u017cne butiki i galerie sztuki, oferuj\u0105ce lokalne rzemios\u0142o, wyroby rzemie\u015blnicze i pami\u0105tki w przyjaznym otoczeniu, wolnym od ha\u0142asu pojazd\u00f3w. W pobli\u017cu placu Valdibora na obrze\u017cach starego miasta codziennie odbywa si\u0119 targ rolniczy, na kt\u00f3rym mo\u017cna kupi\u0107 \u015bwie\u017ce produkty \u2014 owoce, warzywa, sery, oliwy z oliwek i wina \u2014 pochodz\u0105ce z okolicznych gospodarstw istryjskich. Targ jest zar\u00f3wno forum towarzyskim, jak i miejscem handlu, ale podkre\u015bla zwi\u0105zek spo\u0142eczno\u015bci z jej rolniczymi korzeniami.<\/p>\n<p>Zakwaterowanie w Rovinj obejmuje spektrum od prywatnych apartament\u00f3w i pokoi po kempingi, bungalowy i hotele ocenione na dwie do pi\u0119ciu gwiazdek. Trio luksusowych obiekt\u00f3w grupy hotelowej Maistra \u2014 Hotel Monte Mulini, Hotel Lone i Grand Park Hotel Rovinj \u2014 \u200b\u200bstanowi podstaw\u0119 rynku high-end, a ka\u017cdy z nich oferuje nowoczesne udogodnienia i panoramiczne widoki na morze. Na pobliskich wysepkach kilka mniejszych hoteli zapewnia spokojniejszy punkt odniesienia dla opcji na l\u0105dzie, do kt\u00f3rych mo\u017cna dotrze\u0107 \u0142odzi\u0105, dostosowuj\u0105c czas do potrzeb go\u015bci nocuj\u0105cych.<\/p>\n<p>Dost\u0119p do Rovinja u\u0142atwiaj\u0105 dwa pobliskie lotniska: Pula, oko\u0142o dwudziestu mil na po\u0142udnie, i Triest, oko\u0142o siedemdziesi\u0119ciu mil na p\u00f3\u0142nocny zach\u00f3d we W\u0142oszech. W miesi\u0105cach letnich tanie linie lotnicze, takie jak Ryanair, oferuj\u0105 bezpo\u015brednie po\u0142\u0105czenia z Europy Zachodniej, a EasyJet \u0142\u0105czy r\u00f3\u017cne brytyjskie miasta z Pul\u0105. Na ka\u017cdym lotnisku mo\u017cna wypo\u017cyczy\u0107 samoch\u00f3d, a po\u0142o\u017cenie miasta w pobli\u017cu sieci autostrad Istrii zapewnia \u0142atwy dost\u0119p samochodowy do o\u015brodk\u00f3w regionalnych, w tym Wenecji, Rijeki i Zagrzebia. W sezonie letnim mi\u0119dzy Wenecj\u0105 a Rovinjem kursuje szybki prom, oferuj\u0105c alternatywn\u0105 tras\u0119, kt\u00f3ra pokonuje Adriatyk w oko\u0142o dwie i p\u00f3\u0142 godziny. Wenecja i Rawenna by\u0142y kiedy\u015b po\u0142\u0105czone z Rovinjem dodatkowymi us\u0142ugami \u2014 cotygodniowe szybkie promy do Rawenny i Cesenatico dzia\u0142a\u0142y, dop\u00f3ki firma Emilia-Romagna nie zaprzesta\u0142a dzia\u0142alno\u015bci w latach 2012\u20132013.<\/p>\n<p>W Istrii stacja kolejowa Kanfanar le\u017cy oko\u0142o dziesi\u0119ciu mil w g\u0142\u0105b l\u0105du, \u0142\u0105cz\u0105c p\u00f3\u0142wysep z Rijek\u0105, cho\u0107 wi\u0119kszo\u015b\u0107 podr\u00f3\u017cnych preferuje us\u0142ugi autobusowe ze wzgl\u0119du na ich wi\u0119ksz\u0105 cz\u0119stotliwo\u015b\u0107 i wygod\u0119. Lokalny dworzec autobusowy znajduje si\u0119 na po\u0142udniowo-wschodnim kra\u0144cu ulicy Carera, zapewniaj\u0105c bezpo\u015brednie po\u0142\u0105czenia regionalne. Pozosta\u0142o\u015b\u0107 po wcze\u015bniejszych epokach transportowych, odnoga kolei Istriani kursowa\u0142a kiedy\u015b mi\u0119dzy Kanfanarem a Rovinjem od 1876 r. a\u017c do zamkni\u0119cia w 1966 r. \u2014 ofiara, jak si\u0119 m\u00f3wi, skupienia Jugos\u0142awii w po\u0142owie wieku na transporcie drogowym. Pozosta\u0142o\u015bci tor\u00f3w i starych budynk\u00f3w stacji s\u0105 nadal widoczne na polach i w lasach, jako ciche pomniki minionej epoki pary.<\/p>\n<p>Przez ca\u0142\u0105 swoj\u0105 histori\u0119 Rovinj zachowa\u0142 dwoisty charakter: z jednej strony czynny port rybacki i miejsce lokalnego \u017cycia dla ca\u0142orocznych mieszka\u0144c\u00f3w; z drugiej strony sezonowy magnes dla go\u015bci przyci\u0105ganych przez swoje historyczne centrum, nas\u0142onecznione linie brzegowe i \u0142agodny klimat. W swoich kamiennych fasadach i w\u0105skich uliczkach, w rytua\u0142ach targowisk i odp\u0142ywie \u0142odzi rybackich o \u015bwicie, miasto zachowuje poczucie miejsca, kt\u00f3re przetrwa\u0142o sukcesj\u0119 imperi\u00f3w i pa\u0144stw, pod kt\u00f3rych flagami p\u0142ywa\u0142o. Dzi\u015b, tak jak w minionych stuleciach, Rovinj stoi na styku l\u0105du i morza, historii i tera\u017aniejszo\u015bci, oferuj\u0105c zar\u00f3wno praktyczne rytmy nadmorskiej spo\u0142eczno\u015bci, jak i nieuchwytny urok, kt\u00f3ry mo\u017ce nada\u0107 tylko czas \u2014 mierzony warstwami kamiennych mur\u00f3w i wielowiekowym zwyczajem.<\/p>","protected":false},"excerpt":{"rendered":"<p>Rovinj to znacz\u0105ce chorwackie miasto po\u0142o\u017cone na p\u00f3\u0142nocnym Adriatyku w zachodniej Chorwacji. Z populacj\u0105 14 294 os\u00f3b w 2011 r., znaczenie tego nadmorskiego obszaru w kontek\u015bcie kulturowym p\u00f3\u0142wyspu Istria jest oczywiste. Po\u0142o\u017cony na zachodnim wybrze\u017cu Rovinj sta\u0142 si\u0119 znanym celem podr\u00f3\u017cy, kt\u00f3ry z powodzeniem \u0142\u0105czy swoj\u0105 atrakcyjno\u015b\u0107 jako kurort pla\u017cowy z wykorzystaniem jako port rybacki.<\/p>","protected":false},"author":1,"featured_media":4367,"parent":14435,"menu_order":0,"comment_status":"closed","ping_status":"closed","template":"elementor_theme","meta":{"_eb_attr":"","footnotes":""},"class_list":["post-14462","page","type-page","status-publish","has-post-thumbnail"],"_links":{"self":[{"href":"https:\/\/travelshelper.com\/pl\/wp-json\/wp\/v2\/pages\/14462","targetHints":{"allow":["GET"]}}],"collection":[{"href":"https:\/\/travelshelper.com\/pl\/wp-json\/wp\/v2\/pages"}],"about":[{"href":"https:\/\/travelshelper.com\/pl\/wp-json\/wp\/v2\/types\/page"}],"author":[{"embeddable":true,"href":"https:\/\/travelshelper.com\/pl\/wp-json\/wp\/v2\/users\/1"}],"replies":[{"embeddable":true,"href":"https:\/\/travelshelper.com\/pl\/wp-json\/wp\/v2\/comments?post=14462"}],"version-history":[{"count":0,"href":"https:\/\/travelshelper.com\/pl\/wp-json\/wp\/v2\/pages\/14462\/revisions"}],"up":[{"embeddable":true,"href":"https:\/\/travelshelper.com\/pl\/wp-json\/wp\/v2\/pages\/14435"}],"wp:featuredmedia":[{"embeddable":true,"href":"https:\/\/travelshelper.com\/pl\/wp-json\/wp\/v2\/media\/4367"}],"wp:attachment":[{"href":"https:\/\/travelshelper.com\/pl\/wp-json\/wp\/v2\/media?parent=14462"}],"curies":[{"name":"wp","href":"https:\/\/api.w.org\/{rel}","templated":true}]}}