{"id":14456,"date":"2024-09-19T14:52:52","date_gmt":"2024-09-19T14:52:52","guid":{"rendered":"https:\/\/travelshelper.com\/staging\/?page_id=14456"},"modified":"2026-03-11T22:47:26","modified_gmt":"2026-03-11T22:47:26","slug":"porec","status":"publish","type":"page","link":"https:\/\/travelshelper.com\/pl\/destinations\/europe\/croatia\/porec\/","title":{"rendered":"Pore\u010d"},"content":{"rendered":"<p>Po\u0142o\u017cony wzd\u0142u\u017c zachodniego brzegu p\u00f3\u0142wyspu Istria, Pore\u010d prezentuje mozaik\u0119 staro\u017cytno\u015bci i nadmorskiej \u0142atwo\u015bci, kt\u00f3ra nie daje si\u0119 \u0142atwo scharakteryzowa\u0107. Znana we W\u0142oszech jako Parenzo i nosz\u0105ca kilka historycznych nazw, osada ta wywodzi swoje korzenie z rzymskiego castrum za\u0142o\u017conego prawie dwa tysi\u0105ce lat temu. Obecnie miasto rozci\u0105ga si\u0119 wok\u00f3\u0142 dobrze os\u0142oni\u0119tego portu, a jego wody strze\u017ce niewielka wyspa Sveti Nikola. Za staro\u017cytnymi murami i w\u0105skimi uliczkami, Pore\u010d rozci\u0105ga si\u0119 na oko\u0142o 142 kilometry kwadratowe, obejmuj\u0105c wzg\u00f3rza poro\u015bni\u0119te gajami oliwnymi, zielone zaro\u015bla i lini\u0119 brzegow\u0105 o d\u0142ugo\u015bci trzydziestu siedmiu kilometr\u00f3w, od uj\u015bcia rzeki Mirna na p\u00f3\u0142nocy do przyl\u0105dka w pobli\u017cu Vrsar na po\u0142udniu.<\/p>\n<p>Pomimo skromnej populacji miejskiej licz\u0105cej oko\u0142o dwunastu tysi\u0119cy \u2014 wzrastaj\u0105cej do oko\u0142o szesnastu tysi\u0119cy sze\u015bciuset w ca\u0142ej gminie \u2014 Pore\u010d ma nieproporcjonalnie du\u017cy wp\u0142yw na map\u0119 turystyczn\u0105 Chorwacji. Od po\u0142owy XX wieku jego brzegi i brzegi s\u0105siedniego Rovinja stanowi\u0105 najcz\u0119\u015bciej ucz\u0119szczany korytarz przybrze\u017cny kraju. W szczycie sezonu letniego populacja przej\u015bciowa wzrasta, gdy tymczasowi go\u015bcie zje\u017cd\u017caj\u0105 do rozproszonych nadmorskich kurort\u00f3w, takich jak Plava Laguna, Zelena Laguna, Bijela Uvala, Brulo, a dalej na p\u00f3\u0142noc Materada, \u010cervar Porat, Ulika i Lanterna. W szczytowym momencie liczba ta mo\u017ce przekroczy\u0107 sto dwadzie\u015bcia tysi\u0119cy, przekszta\u0142caj\u0105c ciche zatoczki w t\u0119tni\u0105ce \u017cyciem o\u015brodki wypoczynkowe.<\/p>\n<p>\u0141agodny klimat morski \u0142agodzi tutaj ekstremalne warunki sezonowe. Lipcowe popo\u0142udnia zwykle osi\u0105gaj\u0105 temperatur\u0119 oko\u0142o trzydziestu stopni Celsjusza przy niskiej wilgotno\u015bci, podczas gdy styczniowe noce mog\u0105 spa\u015b\u0107 \u015brednio do sze\u015bciu stopni powy\u017cej zera. \u015awiat\u0142o s\u0142oneczne jest obfite, \u0142\u0105cznie ponad dwa tysi\u0105ce czterysta godzin rocznie \u2014 cz\u0119sto ponad dziesi\u0119\u0107 godzin bezchmurnego nieba ka\u017cdego letniego dnia. Wody Adriatyku, ogrzane przez to hojne s\u0142o\u0144ce, mog\u0105 wzrosn\u0105\u0107 do dwudziestu o\u015bmiu stopni Celsjusza, rywalizuj\u0105c z po\u0142udniowymi pla\u017cami Morza \u015ar\u00f3dziemnego pod wzgl\u0119dem umiarkowanego uroku. Roczne opady, wynosz\u0105ce \u0142\u0105cznie blisko dziewi\u0119\u0107set dwadzie\u015bcia milimetr\u00f3w, rozprowadzaj\u0105 si\u0119 r\u00f3wnomiernie w ci\u0105gu miesi\u0119cy, z wyj\u0105tkiem suchego spokoju w lipcu i sierpniu. Wiatry kszta\u0142tuj\u0105 lokaln\u0105 atmosfer\u0119: zim\u0105 p\u00f3\u0142nocno-wschodni Bora roznosi zimn\u0105 przejrzysto\u015b\u0107 po ulicach; wilgotny Jugo przybywa z po\u0142udnia; a codzienny morski wiatr Mistral przynosi ulg\u0119 od ciep\u0142a wewn\u0105trz l\u0105du. Ekstremalne warunki odnotowane tutaj podkre\u015blaj\u0105 t\u0119 \u0142agodn\u0105 umiarkowan\u0105 temperatur\u0119: 2 sierpnia 1998 r. powietrze osi\u0105gn\u0119\u0142o szczyt 37,0 \u00b0C; 10 stycznia 1981 r. temperatura spad\u0142a do \u221213,0 \u00b0C.<\/p>\n<p>Geologia regionu oferuje w\u0142asne cuda. \u200b\u200bKr\u00f3tki przejazd w g\u0142\u0105b l\u0105du ods\u0142ania Jaskini\u0119 Baredine, jedyny publicznie dost\u0119pny zabytek geologiczny Istrii. W jej wapiennych komorach stalagmity wznosz\u0105 si\u0119 w fantazyjnych formach \u2014 jeden przywodzi na my\u015bl Matk\u0119 Bosk\u0105, inny przypomina pochylenie s\u0142ynnej wie\u017cy w Pizie. Na po\u0142udniu le\u017cy zatoka Lim, w\u0105skie dwunastokilometrowe uj\u015bcie rzeki Pazin\u010dica. Jej strome brzegi i sporadyczne g\u0142azy kwarcowe nadaj\u0105 jej wygl\u0105d fiordu, cho\u0107 zgilotynowanego przez Adriatyk.<\/p>\n<p>Rolnictwo od dawna stanowi podstaw\u0119 \u017cycia Pore\u010da i jego zaplecza. Charakterystyczna czerwona gleba \u2014 crljenica \u2014 daje zbo\u017ca, sady, dzia\u0142ki warzywne, a przede wszystkim gaje oliwne i winnice. W ostatnich dekadach producenci energicznie przyj\u0119li metody ekologiczne. T\u0142ocznie oliwy z oliwek produkuj\u0105 teraz odmiany t\u0142oczone na zimno; ma\u0142e posiad\u0142o\u015bci zajmuj\u0105 si\u0119 winoro\u015blami, kt\u00f3re rodz\u0105 Malvazij\u0119, Borgonj\u0119, Merlot, Pinot, Cabernet Sauvignon i rodzimy dla regionu Teran. Te marki znajduj\u0105 swoje miejsce na sto\u0142ach zar\u00f3wno lokalnych, jak i mi\u0119dzynarodowych, a ich smaki odzwierciedlaj\u0105 nas\u0142oneczniony teren i umiarkowane morskie powietrze.<\/p>\n<p>Jednak to dziedzictwo architektoniczne Pore\u010da w najwi\u0119kszym stopniu kszta\u0142tuje jego charakter. \u015aredniowieczne centrum miasta zachowuje siatk\u0119 rzymskiego castrum, z Cardo Maximus i Decumanus jako g\u0142\u00f3wnymi osiami. Wzd\u0142u\u017c tych staro\u017cytnych arterii roma\u0144skie domy stykaj\u0105 si\u0119 z weneckimi pa\u0142acami gotyckimi, kt\u00f3rych fasady o\u017cywiaj\u0105 ostro\u0142ukowe \u0142uki i ozdobna kamieniarka. Przed wej\u015bciem do starego miasta stoi Marafor, otwarty plac otoczony bli\u017aniaczymi \u015bwi\u0105tyniami. Wi\u0119ksza, pochodz\u0105ca z I wieku n.e. i po\u015bwi\u0119cona Neptunowi, zajmuje powierzchni\u0119 oko\u0142o trzydziestu na jedena\u015bcie metr\u00f3w. W pobli\u017cu niepozorna alejka ro\u015bci sobie prawo do tytu\u0142u jednej z najw\u0119\u017cszych ulic Europy \u2014 Ulica Stjepana Konzula Istranina \u2014 jej niewielka szeroko\u015b\u0107 stanowi ciekawy przypis w planie urbanistycznym.<\/p>\n<p>Dominuj\u0105cym elementem zabytkowego zespo\u0142u jest Bazylika Eufrazjana, kompleks z VI wieku wzniesiony przez biskupa Eufrazjasza w okresie bizantyjskim. Jej zdobione mozaikami wn\u0119trze i kaplica biskupia s\u0105 przyk\u0142adem wczesnochrze\u015bcija\u0144skiej sztuki na Adriatyku. Uznana przez UNESCO w 1997 r. za obiekt \u015bwiatowego dziedzictwa, bazylika zakotwicza Pore\u010d zar\u00f3wno w historii duchowej, jak i architektonicznej, a jej sklepienia i clerestoria przyci\u0105gaj\u0105 zar\u00f3wno uczonych, jak i pielgrzym\u00f3w. Okoliczne fortyfikacje \u2014 niegdy\u015b ci\u0105g\u0142e od XII do XIX wieku \u2014 w wi\u0119kszo\u015bci ust\u0105pi\u0142y miejsca wsp\u00f3\u0142czesnemu \u017cyciu, chocia\u017c szcz\u0105tkowe segmenty mur\u00f3w i pozosta\u0142o\u015bci bastion\u00f3w \u015bwiadcz\u0105 o czasach, gdy nadmorskie miasta stawia\u0142y op\u00f3r zagro\u017ceniom ze strony Wenecji lub Imperium Osma\u0144skiego.<\/p>\n<p>Warstwy p\u00f3\u017aniejszego stylu przenikaj\u0105 te g\u0142\u00f3wne zabytki. Gotycki ko\u015bci\u00f3\u0142 franciszka\u0144ski pochodz\u0105cy z XIII wieku przeszed\u0142 barokow\u0105 przebudow\u0119 w XVIII wieku; jego sklepiona sala Dieta Istriana obecnie wysuwa na pierwszy plan stiukow\u0105 elegancj\u0119, gdzie wcze\u015bniej panowa\u0142a surowo\u015b\u0107. Prywatne pa\u0142ace ods\u0142aniaj\u0105 renesansowe portale i dyskretne motywy heraldyczne, podczas gdy struktury miejskie \u2014 niekt\u00f3re przekszta\u0142cone w muzea i galerie \u2014 goszcz\u0105 zmieniaj\u0105ce si\u0119 kolekcje sztuki regionalnej. Wiele takich miejsc kulturalnych zajmuje budynki, kt\u00f3re przez stulecia funkcjonowa\u0142y jako domy rodzinne, a ich zaprawa przesi\u0105kni\u0119ta jest echem domowym.<\/p>\n<p>Po\u0142\u0105czenia transportowe ewoluowa\u0142y od staro\u017cytnych szlak\u00f3w morskich do nowoczesnych dr\u00f3g i us\u0142ug lotniczych. Na pocz\u0105tku XX wieku w\u0105skotorowa kolej Parenzana \u0142\u0105czy\u0142a Pore\u010d z Triestem, ale jej tory zosta\u0142y podniesione w 1937 roku. Obecnie najbli\u017csze du\u017ce lotnisko znajduje si\u0119 oko\u0142o sze\u015b\u0107dziesi\u0119ciu kilometr\u00f3w na po\u0142udnie w Puli, sk\u0105d mo\u017cna dojecha\u0107 do Pore\u010d wynaj\u0119tym samochodem lub busem. Autobusy kursuj\u0105 regularnie do Zagrzebia i stolic region\u00f3w w S\u0142owenii i W\u0142oszech, a odjazdy z lokalnej stacji odbywaj\u0105 si\u0119 kilka razy dziennie. Autostrady \u0142\u0105cz\u0105 miasto z Rijek\u0105, Umagiem, Rovinjem i innymi miejscami. Podr\u00f3\u017ce morskie pozostaj\u0105 g\u0142\u00f3wnie rekreacyjne, chocia\u017c comiesi\u0119czne promy Venezia Lines kursuj\u0105 mi\u0119dzy Wenecj\u0105 a Pore\u010dem od wiosny do jesieni, odp\u0142ywaj\u0105c z w\u0142oskiego miasta laguny o 17:00 i cumuj\u0105c o 19:30, a nast\u0119pnie wracaj\u0105c o 08:00 nast\u0119pnego ranka.<\/p>\n<p>\u017bycie gospodarcze w Pore\u010du opiera si\u0119 w du\u017cej mierze na turystyce, jednak handel, finanse i komunikacja rozwin\u0119\u0142y si\u0119 wraz z pog\u0142\u0119bianiem integracji Chorwacji z rynkami europejskimi. Samotna fabryka przetw\u00f3rstwa spo\u017cywczego podkre\u015bla zwi\u0105zek mi\u0119dzy lokalnym rolnictwem a przedsi\u0119biorstwami handlowymi. Poza tym hotele, kompleksy apartamentowe i wioski wypoczynkowe tworz\u0105 szereg infrastruktury go\u015bcinno\u015bci celowo rozproszonej wzd\u0142u\u017c wybrze\u017ca. Riwiera, wzniesiona w 1910 r., jest najstarszym hotelem w Pore\u010du, po kt\u00f3rym powsta\u0142y takie obiekty jak Parentino i liczne mniejsze zajazdy.<\/p>\n<p>Demograficznie Pore\u010d odzwierciedla swoje skrzy\u017cowanie Adriatyku. Wed\u0142ug spisu z 2011 r. Chorwaci stanowi\u0105 prawie trzy czwarte populacji; W\u0142osi z Istrii, Serbowie, Alba\u0144czycy i Bo\u015bniacy wnosz\u0105 odr\u0119bne nurty kulturowe. Znaczna cz\u0119\u015b\u0107 identyfikuje si\u0119 z regionaln\u0105 to\u017csamo\u015bci\u0105 istryjsk\u0105, niezale\u017cnie od pochodzenia etnicznego. W\u0142oski przetrwa\u0142 jako j\u0119zyk potoczny dla oko\u0142o pi\u0119tnastu procent mieszka\u0144c\u00f3w, j\u0119zykowa pozosta\u0142o\u015b\u0107 po panowaniu Wenecji i wymianie transgranicznej.<\/p>\n<p>Przez ca\u0142y rok kalendarzowy miasto go\u015bci nie tylko poszukiwaczy s\u0142o\u0144ca. W spokojniejszych miesi\u0105cach weekendowi tury\u015bci ze S\u0142owenii, Austrii i Chorwacji zje\u017cd\u017caj\u0105 do Pore\u010da na wycieczki po dziedzictwie kulturowym, festiwale gastronomiczne i zaj\u0119cia sportowe. Korty tenisowe, boiska pi\u0142karskie i kluby jachtowe ciesz\u0105 si\u0119 sta\u0142ym u\u017cytkowaniem, a jaskinia Baredine przyci\u0105ga mi\u0142o\u015bnik\u00f3w geologii bez wzgl\u0119du na por\u0119 roku. Muzea, dzia\u0142aj\u0105ce w dawnych pa\u0142acach i salach publicznych, kuratoruj\u0105 wystawy, kt\u00f3re przedstawiaj\u0105 \u017cycie Istrii od czas\u00f3w prehistorycznych, przez okupacj\u0119 rzymsk\u0105, wiar\u0119 bizantyjsk\u0105, panowanie Wenecji i wsp\u00f3\u0142czesn\u0105 niepodleg\u0142o\u015b\u0107.<\/p>\n<p>W obr\u0119bie staro\u017cytnego centrum mo\u017cna wej\u015b\u0107 do strefy dla pieszych przez bramy, kt\u00f3re by\u0142y \u015bwiadkami \u0142aci\u0144skich inskrypcji, herb\u00f3w weneckich, wojsk napoleo\u0144skich i garnizon\u00f3w Habsburg\u00f3w. Uliczki niespodziewanie skr\u0119caj\u0105, oferuj\u0105c widoki dach\u00f3wek i morskich refleks\u00f3w. Biuro turystyczne, znajduj\u0105ce si\u0119 tu\u017c przy wschodnim wej\u015bciu, udost\u0119pnia mapy i wskaz\u00f3wki w wielu j\u0119zykach \u2014 jego niebiesko-bia\u0142y znak \u201ei\u201d to uspokajaj\u0105cy sygna\u0142 dla nowicjuszy. Jednak nawet w po\u0142owie lipca mo\u017cna si\u0119 oddali\u0107 od g\u0142\u00f3wnych arkad i znale\u017a\u0107 zacienion\u0105 \u0142awk\u0119 pod werand\u0105 z karminowym dachem, gdzie po\u0142udniowy upa\u0142 \u0142agodnieje, a cichy puls miasta wy\u0142ania si\u0119.<\/p>\n<p>To zestawienie tego, co trzewne i spokojne, definiuje Pore\u010d. Odwiedzaj\u0105cy mog\u0105 dryfowa\u0107 od bizantyjskich mozaikowych kaplic do o\u015bwietlonych s\u0142o\u0144cem zatoczek, pod\u0105\u017caj\u0105c zakrzywionymi zatokami Adriatyku i degustuj\u0105c wina przesi\u0105kni\u0119te tysi\u0105cami lat uprawy. Mog\u0105 pod\u0105\u017ca\u0107 rzymsk\u0105 siatk\u0105 pod kamiennymi \u0142ukami, wspina\u0107 si\u0119 na punkty widokowe, z kt\u00f3rych wida\u0107 zatok\u0119 i wysp\u0119, lub schodzi\u0107 do podziemnych jaski\u0144 ukszta\u0142towanych przez wod\u0119 i czas. Podczas ka\u017cdego do\u015bwiadczenia odkrywane s\u0105 warstwy miasta: staro\u017cytny port, kt\u00f3ry kiedy\u015b wita\u0142 legionist\u00f3w i kupc\u00f3w; \u015bredniowieczna twierdza, kt\u00f3ra odpiera\u0142a korsarzy; nowoczesny kurort, kt\u00f3ry obs\u0142uguje kontynentalnych urlopowicz\u00f3w.<\/p>\n<p>W tym zbiegu epok Pore\u010d zachowuje raczej atmosfer\u0119 \u017cywej historii ni\u017c wyre\u017cyserowanego spektaklu. Jego zabytki nie s\u0105 odosobnionymi eksponatami, ale elementami ci\u0105g\u0142ej tkanki miejskiej w codziennym u\u017cytkowaniu. Mozaiki bazyliki l\u015bni\u0105 nad wiernymi, kt\u00f3rzy zatrzymuj\u0105 si\u0119 mi\u0119dzy targowymi sprawunkami; pomosty t\u0142oczni oliwy rozbrzmiewaj\u0105 echem sezonowych prac, kt\u00f3re poprzedzaj\u0105 pa\u0144stwowo\u015b\u0107; najw\u0119\u017csza ulica jest schronieniem dla wolno krocz\u0105cych pieszych w takim samym stopniu, w jakim jest legend\u0105. Przez ca\u0142y czas oddech Adriatyku \u2014 ciep\u0142y latem, rze\u015bki zim\u0105 \u2014 podtrzymuje rytmy miasta.<\/p>\n<p>Zbli\u017caj\u0105c si\u0119 do Pore\u010da, natrafia si\u0119 na miejsce zar\u00f3wno znajome, jak i niezwyk\u0142e. Jego kamienie m\u00f3wi\u0105 o imperium i wierze, jego \u015bcie\u017cki przypominaj\u0105 rzymskich in\u017cynier\u00f3w, jego winnice szepcz\u0105 o tych, kt\u00f3rzy jako pierwsi t\u0142oczyli winogrona w glinianych dzbanach. Mimo to opiera si\u0119 on wszelkim banalnym etykietom. Nie jest ani \u015bci\u015ble muzeum, ani wy\u0142\u0105cznie kurortem, jest trwa\u0142ym przyk\u0142adem ci\u0105g\u0142o\u015bci na wybrze\u017cu od dawna kszta\u0142towanym przez p\u0142ywy kultury i handlu. Podr\u00f3\u017cnik, kt\u00f3ry porusza si\u0119 jego ulicami, znajduje nie tylko nadmorski azyl, ale tak\u017ce \u017cyw\u0105 opowie\u015b\u0107, zapisan\u0105 w mozaice i zaprawie, gaju i porcie, kt\u00f3ra obejmuje dwa tysi\u0105ce lat.<\/p>\n<p>Ostatecznie Pore\u010d oferuje wi\u0119cej ni\u017c szereg atrakcji. Oferuje odczuwalne poczucie historii jako trwaj\u0105cego dialogu \u2014 mi\u0119dzy przesz\u0142o\u015bci\u0105 a tera\u017aniejszo\u015bci\u0105, l\u0105dem a morzem, odwiedzaj\u0105cym a miejscem. Tutaj, pod \u0142ukowatymi sklepieniami Bazyliki Eufrazjana, mo\u017cna poczu\u0107 echa staro\u017cytnych liturgii; na rozgrzanych s\u0142o\u0144cem pok\u0142adach promu powracaj\u0105cego z Wenecji rozwija si\u0119 obietnica nowych przepraw. I zawsze Adriatyk le\u017cy u progu, a jego powierzchnia mieni si\u0119 \u015bwiat\u0142em niezliczonych popo\u0142udni, kt\u00f3re dopiero nadejd\u0105.<\/p>","protected":false},"excerpt":{"rendered":"<p>Z populacj\u0105 oko\u0142o 12 000 os\u00f3b Pore\u010d oczarowuje odwiedzaj\u0105cych na zachodnim wybrze\u017cu p\u00f3\u0142wyspu Istria w Chorwacji; szerszy region Pore\u010d ma oko\u0142o 16 600 mieszka\u0144c\u00f3w. G\u0142\u0119boko zakorzeniona w historii i warto\u015bciach kulturowych, ta stara spo\u0142eczno\u015b\u0107 s\u0142u\u017cy jako dow\u00f3d bogatego gobelinu dziedzictwa Istrii. Po\u0142o\u017cony wzd\u0142u\u017c b\u0142\u0119kitnego Morza Adriatyckiego, Pore\u010d rozwin\u0105\u0142 si\u0119 z kluczowego rzymskiego posterunku w t\u0119tni\u0105c\u0105 \u017cyciem nowoczesn\u0105 gmin\u0119, kt\u00f3ra umiej\u0119tnie \u0142\u0105czy pi\u0119kno historyczne z nowoczesnymi udogodnieniami.<\/p>","protected":false},"author":1,"featured_media":2780,"parent":14435,"menu_order":0,"comment_status":"closed","ping_status":"closed","template":"elementor_theme","meta":{"_eb_attr":"","footnotes":""},"class_list":["post-14456","page","type-page","status-publish","has-post-thumbnail"],"_links":{"self":[{"href":"https:\/\/travelshelper.com\/pl\/wp-json\/wp\/v2\/pages\/14456","targetHints":{"allow":["GET"]}}],"collection":[{"href":"https:\/\/travelshelper.com\/pl\/wp-json\/wp\/v2\/pages"}],"about":[{"href":"https:\/\/travelshelper.com\/pl\/wp-json\/wp\/v2\/types\/page"}],"author":[{"embeddable":true,"href":"https:\/\/travelshelper.com\/pl\/wp-json\/wp\/v2\/users\/1"}],"replies":[{"embeddable":true,"href":"https:\/\/travelshelper.com\/pl\/wp-json\/wp\/v2\/comments?post=14456"}],"version-history":[{"count":0,"href":"https:\/\/travelshelper.com\/pl\/wp-json\/wp\/v2\/pages\/14456\/revisions"}],"up":[{"embeddable":true,"href":"https:\/\/travelshelper.com\/pl\/wp-json\/wp\/v2\/pages\/14435"}],"wp:featuredmedia":[{"embeddable":true,"href":"https:\/\/travelshelper.com\/pl\/wp-json\/wp\/v2\/media\/2780"}],"wp:attachment":[{"href":"https:\/\/travelshelper.com\/pl\/wp-json\/wp\/v2\/media?parent=14456"}],"curies":[{"name":"wp","href":"https:\/\/api.w.org\/{rel}","templated":true}]}}