{"id":14435,"date":"2024-09-19T14:14:16","date_gmt":"2024-09-19T14:14:16","guid":{"rendered":"https:\/\/travelshelper.com\/staging\/?page_id=14435"},"modified":"2026-03-11T22:48:07","modified_gmt":"2026-03-11T22:48:07","slug":"chorwacja","status":"publish","type":"page","link":"https:\/\/travelshelper.com\/pl\/destinations\/europe\/croatia\/","title":{"rendered":"Chorwacja"},"content":{"rendered":"<p>Chorwacja le\u017cy na styku Europy \u015arodkowej i Po\u0142udniowo-Wschodniej, jej poszarpana linia brzegowa rozci\u0105ga si\u0119 na ponad 1700 kilometr\u00f3w Morza Adriatyckiego. W jej granicach \u2014 56 594 kilometr\u00f3w kwadratowych l\u0105du i 128 kilometr\u00f3w kwadratowych w\u00f3d \u015br\u00f3dl\u0105dowych \u2014 republika ta obejmuje niezwyk\u0142\u0105 r\u00f3\u017cnorodno\u015b\u0107 terenu i kultury. Na p\u00f3\u0142nocnym zachodzie S\u0142owenia dzieli \u0142agodn\u0105 granic\u0119; na p\u00f3\u0142nocnym wschodzie rozci\u0105gaj\u0105 si\u0119 r\u00f3wniny W\u0119gier; na wschodzie Serbia; a dalej na po\u0142udnie Bo\u015bnia i Hercegowina oraz Czarnog\u00f3ra. Po drugiej stronie w\u0105skiego pasa morza na zachodzie le\u017c\u0105 W\u0142ochy. Na dalekim po\u0142udniu, wok\u00f3\u0142 Dubrownika, most Pelje\u0161ac rozci\u0105ga si\u0119 obecnie nad kana\u0142em, kt\u00f3ry kiedy\u015b oddziela\u0142 nadmorsk\u0105 eksklaw\u0119 od l\u0105du sta\u0142ego. Wewn\u0119trznie Chorwacja dzieli si\u0119 na Zagrzeb i dwadzie\u015bcia komitat\u00f3w, przy czym Zagrzeb \u2014 jej stolica i najwi\u0119ksze miasto \u2014 pe\u0142ni funkcj\u0119 zar\u00f3wno o\u015brodka miejskiego, jak i w\u0142asnej jednostki administracyjnej. Inne g\u0142\u00f3wne o\u015brodki miejskie to Split, Rijeka i Osijek, z kt\u00f3rych ka\u017cdy stanowi kotwic\u0119 odr\u0119bnych region\u00f3w historii i gospodarki. Prawie 3,9 miliona ludzi \u017cyje w\u015br\u00f3d pag\u00f3rkowatych teren\u00f3w Hrvatsko Zagorje, \u017cyznych r\u00f3wnin Slawonii, wapiennych wzniesie\u0144 Alp Dynarskich i niezliczonych wysp rozsianych po wybrze\u017cu Adriatyku.<\/p>\n<p>Pocz\u0105tki chorwackiego ustroju politycznego si\u0119gaj\u0105 ko\u0144ca VI wieku, kiedy plemiona s\u0142owia\u0144skie \u2014 p\u00f3\u017aniej znane jako Chorwaci \u2014 zasiedli\u0142y rzymsk\u0105 Iliri\u0119. Do VII wieku utworzy\u0142y dwa ksi\u0119stwa wzd\u0142u\u017c wybrze\u017ca Dalmacji. W 879 roku ksi\u0105\u017c\u0119 Branimir uzyska\u0142 formalne uznanie niepodleg\u0142o\u015bci Chorwacji, nawi\u0105zuj\u0105c wi\u0119zi z papiestwem, kt\u00f3re przetrwa\u0142y jako zabezpieczenie polityczne. Pod rz\u0105dami kr\u00f3la Tomis\u0142awa, koronowanego w 925 roku, Chorwacja wy\u0142oni\u0142a si\u0119 jako kr\u00f3lestwo, umacniaj\u0105c swoj\u0105 w\u0142adz\u0119 nad wybrze\u017cem i zapleczem. Kryzys dynastyczny pod koniec linii Trpimirovi\u0107 doprowadzi\u0142 do unii personalnej z W\u0119grami w 1102 roku, jednak kolejne stulecia by\u0142y \u015bwiadkami, jak chorwacka szlachta zachowywa\u0142a odr\u0119bne tradycje prawne i administracyjne nawet pod rz\u0105dami Habsburg\u00f3w. Stawiaj\u0105c czo\u0142a najazdom osma\u0144skim w 1527 roku, chorwacki parlament zwr\u00f3ci\u0142 si\u0119 ponownie do Habsburg\u00f3w, wybieraj\u0105c Ferdynanda I na tron.<\/p>\n<p>XX wiek przyni\u00f3s\u0142 turbulencje i transformacj\u0119. W pa\u017adzierniku 1918 r. Pa\u0144stwo S\u0142owe\u0144c\u00f3w, Chorwat\u00f3w i Serb\u00f3w og\u0142osi\u0142o niepodleg\u0142o\u015b\u0107 od rozpadaj\u0105cego si\u0119 Austro-W\u0119gier, by dwa miesi\u0105ce p\u00f3\u017aniej przy\u0142\u0105czy\u0107 si\u0119 do Kr\u00f3lestwa Serb\u00f3w, Chorwat\u00f3w i S\u0142owe\u0144c\u00f3w. Po inwazji pa\u0144stw Osi na Jugos\u0142awi\u0119 w 1941 r. wi\u0119kszo\u015b\u0107 wsp\u00f3\u0142czesnej Chorwacji utworzy\u0142a marionetkowe Niepodleg\u0142e Pa\u0144stwo Chorwackie. Ostatecznie zwyci\u0119\u017cy\u0142 op\u00f3r kierowany przez komunist\u00f3w, a Socjalistyczna Republika Chorwacji sta\u0142a si\u0119 federalnym sk\u0142adnikiem Socjalistycznej Federalnej Republiki Jugos\u0142awii. 25 czerwca 1991 r. Chorwacja og\u0142osi\u0142a swoj\u0105 suwerenno\u015b\u0107. Rozpocz\u0105\u0142 si\u0119 czteroletni konflikt, kt\u00f3ry zako\u0144czy\u0142 si\u0119 dopiero w 1995 r. przywr\u00f3ceniem integralno\u015bci terytorialnej i reintegracj\u0105 przesiedlonej ludno\u015bci.<\/p>\n<p>Obecnie Chorwacja funkcjonuje jako demokratyczna republika z systemem parlamentarnym. W pe\u0142ni uczestniczy w instytucjach europejskich i mi\u0119dzynarodowych: Unii Europejskiej i jej strefie euro oraz strefie Schengen; NATO; Organizacji Narod\u00f3w Zjednoczonych; Radzie Europy; OBWE; \u015awiatowej Organizacji Handlu; i Unii na rzecz Morza \u015ar\u00f3dziemnego. Jako kandydat do cz\u0142onkostwa w OECD, wys\u0142a\u0142a wojska do misji pokojowych ONZ i kiedy\u015b zajmowa\u0142a niesta\u0142e miejsce w Radzie Bezpiecze\u0144stwa ONZ.<\/p>\n<p>Pod wzgl\u0119dem gospodarczym Chorwacja nale\u017cy do rozwini\u0119tych kraj\u00f3w o wysokich dochodach. Przewiduje si\u0119, \u017ce jej nominalny PKB osi\u0105gnie oko\u0142o 88 miliard\u00f3w dolar\u00f3w ameryka\u0144skich w 2024 r., oko\u0142o 22 966 dolar\u00f3w na mieszka\u0144ca, podczas gdy PKB wed\u0142ug parytetu si\u0142y nabywczej zbli\u017ca si\u0119 do 175 miliard\u00f3w dolar\u00f3w lub 45 702 dolar\u00f3w na osob\u0119. Rzeczywisty wzrost w 2023 r. wyni\u00f3s\u0142 2,8 procent, a PKB na mieszka\u0144ca wyniesie oko\u0142o 76 procent \u015bredniej UE. Sektor us\u0142ug odpowiada za oko\u0142o 70 procent produkcji gospodarczej, przemys\u0142 oko\u0142o 26 procent, a rolnictwo poni\u017cej 4 procent. Budownictwo okr\u0119towe, przetw\u00f3rstwo \u017cywno\u015bci, farmaceutyka, technologia informacyjna i drewno nale\u017c\u0105 do filar\u00f3w przemys\u0142u. Turystyka pozostaje szczeg\u00f3lnie wa\u017cna, generuj\u0105c blisko 10,5 miliarda euro w 2019 r. i przyci\u0105gaj\u0105c prawie 20 milion\u00f3w turyst\u00f3w przed pandemi\u0105. Kurorty morskie i festiwale kulturalne wzd\u0142u\u017c wybrze\u017ca Dalmacji, agroturystyka w g\u0142\u0119bi l\u0105du i atrakcje miejskie w Zagrzebiu przyczyniaj\u0105 si\u0119 do jej atrakcyjno\u015bci. Od pocz\u0105tku XXI w. rz\u0105d inwestowa\u0142 znaczne \u015brodki w drogi i linie kolejowe wzd\u0142u\u017c czterech paneuropejskich korytarzy, a tak\u017ce w terminal importowy skroplonego gazu ziemnego LNG Hrvatska u wybrze\u017cy wyspy Krk.<\/p>\n<p>Geograficznie profil Chorwacji jest uderzaj\u0105cy. Wzniesienia si\u0119gaj\u0105 szczytu Dinara na wysoko\u015bci 1831 metr\u00f3w nad poziomem morza, opadaj\u0105c do linii brzegowej Adriatyku. W g\u0142\u0119bi l\u0105du Kotlina Pano\u0144ska oferuje p\u0142askie r\u00f3wniny i doliny rzeczne \u2014 Dunaj i Drawa zapewniaj\u0105 transport i nawadnianie \u2014 podczas gdy Alpy Dynarskie i krasowe p\u0142askowy\u017ce tworz\u0105 nier\u00f3wny kr\u0119gos\u0142up. Ponad tysi\u0105c wysp i wysepek, z kt\u00f3rych 48 jest stale zamieszkanych, rozrzuconych wzd\u0142u\u017c wybrze\u017ca; Cres i Krk zajmuj\u0105 powierzchni\u0119 oko\u0142o 405 kilometr\u00f3w kwadratowych. Krasowe leje krasowe, podziemne rzeki i jaskinie o g\u0142\u0119boko\u015bci ponad tysi\u0105ca metr\u00f3w \u015bwiadcz\u0105 o wapiennych fundamentach regionu. Do najbardziej znanych cud\u00f3w natury nale\u017c\u0105 Jeziora Plitwickie, gdzie seria szesnastu jezior otoczonych tufem kaskadowo sp\u0142ywa po\u015br\u00f3d lasu, a ich odcienie wody zmieniaj\u0105 si\u0119 z lazurowego na mi\u0119towo-zielony.<\/p>\n<p>Klimat jest bardzo zr\u00f3\u017cnicowany. Kontynentalna Chorwacja do\u015bwiadcza zimnych zim, ze \u015bredni\u0105 temperatur\u0105 stycznia oko\u0142o \u20133 \u00b0C, i ciep\u0142ych lat w pobli\u017cu 18 \u00b0C w lipcu. Lika i Gorski Kotar, na wysoko\u015bciach powy\u017cej 1200 metr\u00f3w, do\u015bwiadczaj\u0105 znacznych opad\u00f3w \u015bniegu. Wzd\u0142u\u017c Adriatyku wp\u0142yw Morza \u015ar\u00f3dziemnego \u0142agodzi ekstrema: lata s\u0105 gor\u0105ce i suche, zimy \u0142agodne i mokre. Opady wahaj\u0105 si\u0119 od 600 milimetr\u00f3w rocznie na wschodnich r\u00f3wninach do ponad 3500 milimetr\u00f3w na szczytach G\u00f3r Dynarskich. Najbardziej nas\u0142onecznionymi miejscami s\u0105 zewn\u0119trzne wyspy \u2014 Hvar i Kor\u010dula \u2014 ciesz\u0105ce si\u0119 ponad 2700 godzinami s\u0142onecznymi w roku. Wiatry obejmuj\u0105 suchy, porywisty bura z p\u00f3\u0142nocnego wschodu i wilgotny jugo z po\u0142udnia.<\/p>\n<p>Infrastruktura Chorwacji rozwija\u0142a si\u0119 szybko od prze\u0142omu tysi\u0105cleci. Do grudnia 2020 r. sie\u0107 autostrad rozci\u0105ga\u0142a si\u0119 na ponad 1300 kilometr\u00f3w, \u0142\u0105cz\u0105c g\u0142\u00f3wne miasta autostrad\u0105 A1 z Zagrzebia do Splitu i autostrad\u0105 A3 przez Slawoni\u0119. Drogi pa\u0144stwowe zasilaj\u0105 t\u0119 sie\u0107, a EuroTAP i EuroTest uzna\u0142y jej wysokie standardy bezpiecze\u0144stwa. Linie kolejowe rozci\u0105gaj\u0105 si\u0119 na oko\u0142o 2600 kilometr\u00f3w, z czego prawie 1000 kilometr\u00f3w jest zelektryfikowanych. Znaczne inwestycje w 2024 r. \u2014 w szczeg\u00f3lno\u015bci po\u017cyczka Europejskiego Banku Inwestycyjnego w wysoko\u015bci 400 milion\u00f3w euro \u2014 maj\u0105 na celu modernizacj\u0119 tor\u00f3w i zakup sze\u015bciu zespo\u0142\u00f3w trakcyjnych z nap\u0119dem elektrycznym i spalinowym w celu poprawy obs\u0142ugi mi\u0119dzy Splitem a Zagrzebiem. Otwarty w lipcu 2022 r. 2,4-kilometrowy most Pelje\u0161ac \u0142\u0105czy obecnie po\u0142udniow\u0105 eksklaw\u0119 z l\u0105dem sta\u0142ym, skracaj\u0105c trasy do Kor\u010duli i Lastova o ponad 32 kilometry.<\/p>\n<p>Sie\u0107 siedmiu mi\u0119dzynarodowych lotnisk obs\u0142uguje podr\u00f3\u017cnych krajowych i zagranicznych. Najwi\u0119kszym jest lotnisko im. Franja Tu\u0111mana w Zagrzebiu, natomiast Split, Dubrownik, Zadar, Pula, Rijeka i Osijek obs\u0142uguj\u0105 ruch sezonowy i regionalny. Od po\u0142owy 2024 r. Croatia Airlines rozpocz\u0119\u0142o integracj\u0119 samolot\u00f3w Airbus A220-300, prognozuj\u0105c 25-procentow\u0105 redukcj\u0119 zu\u017cycia paliwa i emisji. Przewo\u017anik rozszerzy\u0142 r\u00f3wnie\u017c trasy, inauguruj\u0105c bezpo\u015brednie loty mi\u0119dzy Zagrzebiem a takimi miastami jak Tirana, Berlin, Sztokholm i Hamburg.<\/p>\n<p>Transport morski pozostaje niezast\u0105piony. Port Rijeka obs\u0142uguje najwi\u0119ksz\u0105 ilo\u015b\u0107 \u0142adunk\u00f3w, podczas gdy ruch pasa\u017cerski osi\u0105ga szczyt w Splicie i Zadarze. Handel rzeczny przep\u0142ywa przez Vukovar na Dunaju, \u0142\u0105cz\u0105c si\u0119 z Paneuropejskim Korytarzem VII.<\/p>\n<p>Demograficznie populacja Chorwacji wynosi oko\u0142o 3,87 miliona, co daje g\u0119sto\u015b\u0107 oko\u0142o 73 mieszka\u0144c\u00f3w na kilometr kwadratowy \u2014 ni\u017csz\u0105 ni\u017c w wielu pa\u0144stwach europejskich. Oczekiwana d\u0142ugo\u015b\u0107 \u017cycia w chwili urodzenia osi\u0105gn\u0119\u0142a 76,3 lat do 2018 r. Wojna o niepodleg\u0142o\u015b\u0107 spowodowa\u0142a znaczne przesiedlenia: ponad 400 000 Chorwat\u00f3w uciek\u0142o lub zosta\u0142o wysiedlonych na terenach w przewa\u017caj\u0105cej mierze okupowanych, a 150 000 do 200 000 Serb\u00f3w opu\u015bci\u0142o kraj przed operacj\u0105 Burza. W kolejnych latach wielu powraca\u0142o, a tak\u017ce przesiedlano przesiedlonych Chorwat\u00f3w z Bo\u015bni i Hercegowiny.<\/p>\n<p>Oficjalnie \u015bwiecka Chorwacja gwarantuje wolno\u015b\u0107 wyznania. Wed\u0142ug spisu z 2011 r. chrze\u015bcijanie stanowi\u0105 ponad 91 procent populacji, g\u0142\u00f3wnie katolicy (86 procent), a nast\u0119pnie wsp\u00f3lnoty prawos\u0142awne i protestanckie. Islam stanowi oko\u0142o 1,5 procent, podczas gdy 4,6 procent identyfikuje si\u0119 jako osoby niereligijne. Regularne ucz\u0119szczanie do ko\u015bcio\u0142a pozostaje jednak poni\u017cej 25 procent.<\/p>\n<p>Chorwacki jest jedynym j\u0119zykiem urz\u0119dowym, po\u0142udniowos\u0142owia\u0144skim j\u0119zykiem pisanym alfabetem \u0142aci\u0144skim. J\u0119zyki mniejszo\u015bciowe \u2014 czeski, w\u0119gierski, w\u0142oski, serbski i s\u0142owacki \u2014 ciesz\u0105 si\u0119 statusem urz\u0119dowym w gminach, w kt\u00f3rych ich u\u017cytkownicy stanowi\u0105 ponad jedn\u0105 trzeci\u0105 lokalnej populacji; inne, takie jak alba\u0144ski, bo\u015bniacki i turecki, r\u00f3wnie\u017c s\u0105 uznawane. Trzy g\u0142\u00f3wne dialekty \u2014 sztokawski, czakawski i kajkawski \u2014 odzwierciedlaj\u0105 historyczne wzorce osadnictwa.<\/p>\n<p>Kultura w Chorwacji \u0142\u0105czy wp\u0142ywy \u015brodkowoeuropejskie, \u015br\u00f3dziemnomorskie, ba\u0142ka\u0144skie i bizantyjskie. Ministerstwo Kultury chroni dziesi\u0119\u0107 obiekt\u00f3w \u015bwiatowego dziedzictwa UNESCO na l\u0105dzie i pi\u0119tna\u015bcie element\u00f3w niematerialnego dziedzictwa, zajmuj\u0105c czwarte miejsce na \u015bwiecie pod wzgl\u0119dem takich oznacze\u0144. Dziedzictwo XIX-wiecznego ruchu iliryjskiego pozostaje kluczowe, pobudzaj\u0105c narodowy renesans w literaturze, sztuce i nauce. Obecnie ponad dziewi\u0119\u0107dziesi\u0105t profesjonalnych teatr\u00f3w, czterdzie\u015bci orkiestr i ch\u00f3r\u00f3w oraz ponad dwie\u015bcie muze\u00f3w obs\u0142uguje publiczno\u015b\u0107 licz\u0105c\u0105 miliony os\u00f3b rocznie. Biblioteki i archiwa, takie jak krajowy system 1768 bibliotek mieszcz\u0105cych 26,8 miliona wolumin\u00f3w, zachowuj\u0105 bogat\u0105 tradycj\u0119 pisemn\u0105. Wk\u0142ad Chorwacji w \u015bwiatow\u0105 mod\u0119 rozpocz\u0105\u0142 si\u0119 w XVII wieku od krawata, przodka wsp\u00f3\u0142czesnego krawata.<\/p>\n<p>Wzory kulinarne r\u00f3\u017cni\u0105 si\u0119 w zale\u017cno\u015bci od regionu. Wzd\u0142u\u017c wybrze\u017ca dominuj\u0105 smaki \u015br\u00f3dziemnomorskie: oliwa z oliwek, czosnek, owoce morza i makaron; we wn\u0119trzu wp\u0142ywy \u015brodkowoeuropejskie i ba\u0142ka\u0144skie przynosz\u0105 tre\u015bciwe dania mi\u0119sne, s\u0142odkowodne ryby i gulasze warzywne. Map\u0119 dziel\u0105 dwa regiony winiarskie. W kontynentalnej Slawonii winiarnie produkuj\u0105 \u015bwie\u017ce bia\u0142e wina; wzd\u0142u\u017c p\u00f3\u0142wyspu Istria i p\u00f3\u0142nocnego wybrze\u017ca wina przypominaj\u0105 w\u0142oskie style; a w Dalmacji czerwone wina kwitn\u0105 pod \u015br\u00f3dziemnomorskim s\u0142o\u0144cem. Roczna produkcja wina przekracza 72 miliony litr\u00f3w. Tradycje browarnicze pojawi\u0142y si\u0119 pod koniec XVIII wieku, dzi\u0119ki czemu piwo sta\u0142o si\u0119 najcz\u0119\u015bciej spo\u017cywanym napojem alkoholowym w kraju. Jedena\u015bcie restauracji otrzyma\u0142o gwiazdki Michelin, a osiemdziesi\u0105t osiem zosta\u0142o docenionych za doskona\u0142o\u015b\u0107 kulinarn\u0105.<\/p>\n<p>Turystyka kszta\u0142tuje mi\u0119dzynarodowy wizerunek Chorwacji. Nadmorskie miasta \u015bredniowieczne \u2014 Dubrownik, Split, Szybenik i Zadar \u2014 oferuj\u0105 bastiony \u015bredniowiecznej architektury i letnie festiwale. Pierwszy kurort, Opatija, zyska\u0142 na znaczeniu w po\u0142owie XIX wieku jako o\u015brodek zdrowia dla elity Europy. Mariny dla \u0142odzi mieszcz\u0105 ponad szesna\u015bcie tysi\u0119cy jacht\u00f3w, zapewniaj\u0105c utrzymanie \u017ceglarzom, kt\u00f3rych przyci\u0105ga przejrzysto\u015b\u0107 niezanieczyszczonych w\u00f3d i 116 pla\u017c z B\u0142\u0119kitn\u0105 Flag\u0105. Atrakcje \u015br\u00f3dl\u0105dowe obejmuj\u0105 parki narodowe Jezior Plitwickich i Krka, uzdrowiska g\u00f3rskie i gospodarstwa agroturystyczne. Zagrzeb, z jego austro-w\u0119gierskimi bulwarami i kawiarniami na poziomie ulicy, rywalizuje z nadmorskimi destynacjami pod wzgl\u0119dem ca\u0142orocznej atrakcyjno\u015bci. Co godne uwagi, Chorwacja by\u0142a pionierem komercyjnych kurort\u00f3w naturystycznych w Europie; oko\u0142o pi\u0119tnastu procent rocznych go\u015bci \u2014 ponad milion os\u00f3b \u2014 uczestniczy w naturyzmie na wyznaczonych i nieformalnych pla\u017cach oznaczonych jako \u201eFKK\u201d.<\/p>\n<p>Opr\u00f3cz turystyki rekreacyjnej, podr\u00f3\u017ce medyczne sta\u0142y si\u0119 nisz\u0105. Kliniki stomatologiczne w Zagrzebiu, Splicie i Rijece, dostosowane do standard\u00f3w edukacyjnych UE, obs\u0142uguj\u0105 klient\u00f3w poszukuj\u0105cych kr\u00f3tkoterminowego leczenia.<\/p>\n<p>Odwiedzaj\u0105cym zaleca si\u0119 przestrzeganie zasad bezpiecze\u0144stwa i zdrowia. Pogotowie ratunkowe mo\u017cna uzyska\u0107 pod numerem 112, a osoby s\u0105 prawnie zobowi\u0105zane do posiadania przy sobie dokumentu to\u017csamo\u015bci. Wska\u017aniki przest\u0119pczo\u015bci pozostaj\u0105 niskie w por\u00f3wnaniu ze standardami regionalnymi, a przypadki korupcji lub wymusze\u0144 zdarzaj\u0105 si\u0119 rzadko. Mi\u0142o\u015bnicy aktywnego wypoczynku powinni skonsultowa\u0107 si\u0119 z lokalnymi w\u0142adzami w sprawie pozosta\u0142ych p\u00f3l minowych na terenach wiejskich \u2014 pozosta\u0142o\u015bci po konflikcie z lat 1991\u20131995 \u2014 ale utwardzone drogi s\u0105 uwa\u017cane za bezpieczne. Wiatr bura, szczeg\u00f3lnie wzd\u0142u\u017c masywu Welebitu, mo\u017ce osi\u0105ga\u0107 pr\u0119dko\u015b\u0107 przekraczaj\u0105c\u0105 200 km\/h; w\u0142adze zamykaj\u0105 drogi, gdy warunki staj\u0105 si\u0119 niebezpieczne. Turystom odradza si\u0119 odwiedzanie nielegalnych klub\u00f3w ze striptizem, w kt\u00f3rych cz\u0119sto pobierane s\u0105 zbyt wysokie op\u0142aty. Podczas gdy dyskryminacja os\u00f3b LGBT jest mo\u017cliwa, zw\u0142aszcza na terenach wiejskich, o\u015brodki miejskie s\u0105 zazwyczaj bardziej tolerancyjne. Woda z kranu jest powszechnie uwa\u017cana za wyj\u0105tkowo czyst\u0105, chocia\u017c odwiedzaj\u0105cy mog\u0105 preferowa\u0107 marki butelkowane, takie jak Jamnica lub Jana. Podr\u00f3\u017cni wybieraj\u0105cy si\u0119 do las\u00f3w kontynentalnych w miesi\u0105cach letnich powinni chroni\u0107 si\u0119 przed kleszczami i pokrewnymi chorobami, nosz\u0105c odzie\u017c ochronn\u0105 i stosuj\u0105c repelenty. Nie ma obowi\u0105zku szczepie\u0144 przed wjazdem.<\/p>\n<p>Gobelin krajobraz\u00f3w, warstw historycznych i witalno\u015bci kulturowej Chorwacji oferuje wyj\u0105tkowe spotkanie z niezliczonymi spu\u015bciznami Europy. Od mur\u00f3w miast Adriatyku otoczonych fortecami po wn\u0119trza wyrze\u017abione krasem, od ciep\u0142a ulic Zagrzebia po ciche g\u0142\u0119biny jaski\u0144, kraj ten prezentuje studium kontrast\u00f3w. Jego podr\u00f3\u017c \u2014 od wczesnych ksi\u0119stw przez \u015bredniowieczne kr\u00f3lestwa, imperium i federacj\u0119 do wsp\u00f3\u0142czesnej republiki \u2014 odbija si\u0119 echem w ka\u017cdym kamieniu i strumieniu, w festiwalach i sto\u0142ach, wok\u00f3\u0142 kt\u00f3rych gromadz\u0105 si\u0119 rodzina i przyjaciele. W tej \u017cywej z\u0142o\u017cono\u015bci le\u017cy nieprzemijaj\u0105cy urok Chorwacji.<\/p>","protected":false},"excerpt":{"rendered":"<p>Chorwacja, po\u0142o\u017cona w Europie \u015arodkowej i Po\u0142udniowo-Wschodniej, ma strategiczne po\u0142o\u017cenie wzd\u0142u\u017c wybrze\u017ca Adriatyku. Ten kraj o niezwyk\u0142ym bogactwie i r\u00f3\u017cnorodno\u015bci, licz\u0105cy oko\u0142o 3,9 miliona mieszka\u0144c\u00f3w, zajmuje powierzchni\u0119 56 594 kilometr\u00f3w kwadratowych (21 851 mil kwadratowych). Przez tysi\u0105clecia niezwyk\u0142a topografia kraju mia\u0142a kluczowe znaczenie dla okre\u015blenia jego geopolitycznego znaczenia, to\u017csamo\u015bci kulturowej i wzrostu gospodarczego.<\/p>","protected":false},"author":1,"featured_media":4899,"parent":24078,"menu_order":0,"comment_status":"closed","ping_status":"closed","template":"elementor_theme","meta":{"_eb_attr":"","footnotes":""},"class_list":["post-14435","page","type-page","status-publish","has-post-thumbnail"],"_links":{"self":[{"href":"https:\/\/travelshelper.com\/pl\/wp-json\/wp\/v2\/pages\/14435","targetHints":{"allow":["GET"]}}],"collection":[{"href":"https:\/\/travelshelper.com\/pl\/wp-json\/wp\/v2\/pages"}],"about":[{"href":"https:\/\/travelshelper.com\/pl\/wp-json\/wp\/v2\/types\/page"}],"author":[{"embeddable":true,"href":"https:\/\/travelshelper.com\/pl\/wp-json\/wp\/v2\/users\/1"}],"replies":[{"embeddable":true,"href":"https:\/\/travelshelper.com\/pl\/wp-json\/wp\/v2\/comments?post=14435"}],"version-history":[{"count":0,"href":"https:\/\/travelshelper.com\/pl\/wp-json\/wp\/v2\/pages\/14435\/revisions"}],"up":[{"embeddable":true,"href":"https:\/\/travelshelper.com\/pl\/wp-json\/wp\/v2\/pages\/24078"}],"wp:featuredmedia":[{"embeddable":true,"href":"https:\/\/travelshelper.com\/pl\/wp-json\/wp\/v2\/media\/4899"}],"wp:attachment":[{"href":"https:\/\/travelshelper.com\/pl\/wp-json\/wp\/v2\/media?parent=14435"}],"curies":[{"name":"wp","href":"https:\/\/api.w.org\/{rel}","templated":true}]}}