{"id":14401,"date":"2024-09-19T13:12:23","date_gmt":"2024-09-19T13:12:23","guid":{"rendered":"https:\/\/travelshelper.com\/staging\/?page_id=14401"},"modified":"2026-03-11T22:44:06","modified_gmt":"2026-03-11T22:44:06","slug":"cypr","status":"publish","type":"page","link":"https:\/\/travelshelper.com\/pl\/destinations\/europe\/cyprus\/","title":{"rendered":"Cypr"},"content":{"rendered":"<p>Cypr zajmuje osobliw\u0105 przestrze\u0144 na skrzy\u017cowaniu kontynent\u00f3w, jego brzegi ukszta\u0142towane przez tysi\u0105clecia spotka\u0144, a tera\u017aniejszo\u015b\u0107 zdefiniowana zar\u00f3wno przez podzia\u0142, jak i jedno\u015b\u0107. Rozci\u0105gni\u0119ta na wschodnim Morzu \u015ar\u00f3dziemnym, wyspa \u2014 d\u0142uga i w\u0105ska, nie d\u0142u\u017csza ni\u017c 240 kilometr\u00f3w od czubka do czubka \u2014 le\u017cy bli\u017cej Lewantu ni\u017c serca Europy. Jednak j\u0119zyk, zwyczaje i struktury polityczne, kt\u00f3re panuj\u0105 na po\u0142udniu, najsilniej rezonuj\u0105 ze \u015bwiatem helle\u0144skim. Na p\u00f3\u0142nocy odr\u0119bna administracja wywodzi swoj\u0105 w\u0142adz\u0119 ze zwi\u0105zk\u00f3w z Anatoli\u0105. Przez ca\u0142y czas dwie suwerenne brytyjskie bazy wojskowe trzymaj\u0105 si\u0119 po\u0142udniowego wybrze\u017ca, relikty imperium, kt\u00f3rego obecno\u015b\u0107 tutaj trwa w konwencjach drogowych i szumie czerwonych budek telefonicznych.<\/p>\n<p>Geograficznie, sylwetka wyspy jest zdefiniowana przez dwa \u0142a\u0144cuchy g\u00f3rskie, kt\u00f3re flankuj\u0105 \u017cyzn\u0105 centraln\u0105 r\u00f3wnin\u0119. G\u00f3ry Troodos, masywne i pofa\u0142dowane, dominuj\u0105 na po\u0142udniowym zachodzie, wznosz\u0105c si\u0119 na prawie 1952 metr\u00f3w na g\u00f3rze Olimp. Z ich ch\u0142odnych, poro\u015bni\u0119tych cedrami szczyt\u00f3w wyp\u0142ywa rzeka Pedieos, najd\u0142u\u017cszy ciek wodny Cypru, kt\u00f3ry wije si\u0119 na wsch\u00f3d, zanim rozproszy si\u0119 w gliniastych glebach r\u00f3wniny Mesaoria. Wzd\u0142u\u017c p\u00f3\u0142nocnego brzegu smuk\u0142y \u0142a\u0144cuch Kyrenia oferuje \u0142agodniejsze podej\u015bcie, jego szczyty ledwo osi\u0105gaj\u0105 tysi\u0105c metr\u00f3w, zanim gwa\u0142townie opadn\u0105 na skaliste wybrze\u017ce. Pomi\u0119dzy tymi wzniesieniami ziemia opada w pola pszenicy, j\u0119czmienia i warzyw, kt\u00f3re karmi\u0142y mieszka\u0144c\u00f3w wyspy od czas\u00f3w neolitu.<\/p>\n<p>Ludzkie \u015blady na Cyprze si\u0119gaj\u0105 oko\u0142o 13 000 lat wstecz, kiedy to ma\u0142e grupy \u0142owc\u00f3w-zbieraczy chroni\u0142y si\u0119 w przybrze\u017cnych jaskiniach. Kilka tysi\u0105cleci p\u00f3\u017aniej oswoili ziemi\u0119, zak\u0142adaj\u0105c pierwsze wioski rolnicze, k\u0142ad\u0105c podwaliny pod osiad\u0142e spo\u0142ecze\u0144stwo. Pod koniec epoki br\u0105zu wyspa by\u0142a nazywana Alashiya w egipskich i hetyckich zapisach, s\u0142yn\u0105c z miedzi i tkactwa, kt\u00f3re wplata\u0142o j\u0105 w szersz\u0105 sie\u0107 \u015br\u00f3dziemnomorsk\u0105. Kiedy myke\u0144scy Grecy przybyli oko\u0142o 1400 r. p.n.e., przywie\u017ali ze sob\u0105 dialekt, obrz\u0119dy pogrzebowe i style ceramiki, kt\u00f3re przetrwa\u0142y nawet wtedy, gdy p\u00f3\u017aniejsze imperia ro\u015bci\u0142y sobie prawo do wyspy jako nagrody.<\/p>\n<p>Persowie sprawowali w\u0142adz\u0119 do VI wieku p.n.e., ale Aleksander Wielki przej\u0105\u0142 w\u0142adz\u0119 w 333 r. p.n.e. Pod rz\u0105dami Ptolemeusz\u00f3w, a nast\u0119pnie Rzymu, Cypr zachowa\u0142 sw\u00f3j helle\u0144ski charakter, jednocze\u015bnie wch\u0142aniaj\u0105c rzymskie prawo i infrastruktur\u0119: drogi, wille i amfiteatry zdobi\u0105 jego krajobraz do dzi\u015b. Wschodnia po\u0142owa Cesarstwa Rzymskiego rz\u0105dzi\u0142a wysp\u0105 a\u017c do arabskich najazd\u00f3w w VII wieku, kiedy to enklawy przybrze\u017cne i twierdze \u015br\u00f3dl\u0105dowe zosta\u0142y porzucone na rzecz klasztornych schronie\u0144 wysoko w\u015br\u00f3d szczyt\u00f3w Troodos. Wieki p\u00f3\u017aniej kr\u00f3lowie Lusignan i kupcy weneccy ufortyfikowali miasta, wznosz\u0105c kamienne mury i fosy, kt\u00f3re nadal otaczaj\u0105 stare dzielnice Nikozji i Famagusty.<\/p>\n<p>\u017bo\u0142nierze osma\u0144scy przekroczyli granic\u0119 w 1571 r., inauguruj\u0105c er\u0119, kt\u00f3ra mia\u0142a si\u0119 przeci\u0105gn\u0105\u0107 do ko\u0144ca XIX wieku. Pod rz\u0105dami osma\u0144skimi system feudalny przyzna\u0142 tureckim osadnikom ziemi\u0119 obok greckich ch\u0142op\u00f3w, ustanawiaj\u0105c podw\u00f3jne spo\u0142eczno\u015bci, kt\u00f3re pozostaj\u0105 sercem wsp\u00f3\u0142czesnej z\u0142o\u017cono\u015bci Cypru. Ko\u015bcio\u0142y bizantyjskie zosta\u0142y przekszta\u0142cone w meczety, ale wsie nadal odprawia\u0142y nabo\u017ce\u0144stwa w swoich stuletnich sanktuariach. W 1878 r. wyspa przesz\u0142a pod administracj\u0119 brytyjsk\u0105, a w 1914 r. zosta\u0142a ca\u0142kowicie zaanektowana. Brytyjskie znaczki i spu\u015bcizny \u2014 ruch lewostronny, system szk\u00f3\u0142 publicznych, a nawet rozk\u0142ady jazdy autobus\u00f3w \u2014 przetrwa\u0142y znacznie d\u0142u\u017cej ni\u017c niepodleg\u0142o\u015b\u0107.<\/p>\n<p>Republika narodzona w 1960 r. by\u0142a delikatnym kompromisem mi\u0119dzy interesami brytyjskimi, greckimi i tureckimi. Prezydent za\u0142o\u017cyciel Makarios III, arcybiskup, kt\u00f3ry sta\u0142 si\u0119 m\u0119\u017cem stanu, uosabia\u0142 nadziej\u0119 wi\u0119kszo\u015bci Grek\u00f3w cypryjskich na samostanowienie. Cypryjczycy tureccy, obawiaj\u0105cy si\u0119 ambicji helle\u0144skich, widzieli, \u017ce wkr\u00f3tce mo\u017ce nast\u0105pi\u0107 unia z Grecj\u0105 \u2014 enosis. W miar\u0119 up\u0142ywu lat 60. impas konstytucyjny przerodzi\u0142 si\u0119 w przemoc. Starcia mi\u0119dzy spo\u0142eczno\u015bciami zmusi\u0142y tysi\u0105ce Cypryjczyk\u00f3w tureccy do osiedlenia si\u0119 w enklawach. Na pocz\u0105tku lat 70. nadzieje na pojednanie praktycznie znikn\u0119\u0142y.<\/p>\n<p>15 lipca 1974 r. zamach stanu wspierany przez elementy greckiej junty ustanowi\u0142 nacjonalistyczny rz\u0105d w Nikozji. Pi\u0119\u0107 dni p\u00f3\u017aniej si\u0142y tureckie wyl\u0105dowa\u0142y na p\u00f3\u0142nocnym wybrze\u017cu, rzekomo w celu ochrony swojej spo\u0142eczno\u015bci. W ci\u0105gu kilku dni kontrolowa\u0142y mniej wi\u0119cej jedn\u0105 trzeci\u0105 wyspy, a setki tysi\u0119cy os\u00f3b zosta\u0142o wysiedlonych z obu spo\u0142eczno\u015bci. W 1983 r. strefa kontrolowana przez Turcj\u0119 og\u0142osi\u0142a si\u0119 republik\u0105, uznan\u0105 na arenie mi\u0119dzynarodowej jedynie przez Ankar\u0119. Strefa buforowa ONZ \u2014 cienka i zielona \u2014 przecina teraz wysp\u0119 ze wschodu na zach\u00f3d, podczas gdy rozmowy pokojowe i mediacje europejskie trwaj\u0105 w d\u0142ugim cieniu spornych historii.<\/p>\n<p>Pomimo politycznych roz\u0142am\u00f3w Cypr zbudowa\u0142 zaawansowan\u0105, wysokodochodow\u0105 gospodark\u0119 opart\u0105 na turystyce, us\u0142ugach finansowych i \u017cegludze. Od czasu przyst\u0105pienia do Unii Europejskiej w maju 2004 r. i przyj\u0119cia euro w styczniu 2008 r. Republika Cypru przyci\u0105gn\u0119\u0142a inwestycje w nieruchomo\u015bci, go\u015bcinno\u015b\u0107 i us\u0142ugi profesjonalne. Brytyjskie suwerenne bazy w Akrotiri i Dhekelia zachowuj\u0105 strategiczne znaczenie, a w 2024 r. Nikozja potwierdzi\u0142a sw\u00f3j zamiar przyst\u0105pienia do NATO \u2014 kolejny poziom w skomplikowanym rachunku polityki zagranicznej wyspy. P\u00f3\u0142noc Turcji, obj\u0119ta embargiem i ograniczonym uznaniem, w du\u017cym stopniu polega na dotacjach Ankary i szarej strefie.<\/p>\n<p>\u017byzne r\u00f3wniny, surowe g\u00f3ry i prawie 1000 kilometr\u00f3w linii brzegowej przyci\u0105gaj\u0105 ka\u017cdego roku blisko cztery miliony turyst\u00f3w. O\u015bwietlone s\u0142o\u0144cem pla\u017ce \u2014 d\u0142ugie odcinki piasku i kamieni \u2014 wydaj\u0105 si\u0119 niemal ci\u0105g\u0142e, przerywane jedynie portami rybackimi i okazjonalnymi klasztornymi odosobnieniami. W g\u0142\u0119bi l\u0105du, na wy\u017cynach Troodos znajduj\u0105 si\u0119 wioski, w kt\u00f3rych winnice czepiaj\u0105 si\u0119 tarasowych zboczy, a wiekowe ko\u015bcio\u0142y l\u015bni\u0105 bizantyjskimi freskami. Na p\u00f3\u0142nocy staro\u017cytne miasto Salamis i klasyczne pozosta\u0142o\u015bci w Pafos stoj\u0105 jako muzea na \u015bwie\u017cym powietrzu wsp\u00f3lnej staro\u017cytno\u015bci. Jednak w stolicy, Nikozji, nowoczesne kawiarnie i galerie wylewaj\u0105 si\u0119 na ulice otoczone murami przez Wenecjan pi\u0119\u0107set lat temu.<\/p>\n<p>Klimat wyspy, \u015br\u00f3dziemnomorski wzd\u0142u\u017c wybrze\u017ca i p\u00f3\u0142pustynny na p\u00f3\u0142nocnym wschodzie, nale\u017cy do najcieplejszych w UE. Zimy przynosz\u0105 deszcze \u2014 g\u0142\u00f3wnie od listopada do marca \u2014 i sporadyczny \u015bnieg na wy\u017cynach. Lata trwaj\u0105 prawie osiem miesi\u0119cy, \u0142agodzone przez morskie bryzy, ale przerywane falami upa\u0142\u00f3w. \u015awiat\u0142o s\u0142oneczne o\u015blepia \u015brednio przez ponad trzy tysi\u0105ce godzin rocznie, prawie dwa razy d\u0142u\u017cej ni\u017c w stolicach p\u00f3\u0142nocnej Europy. To \u015bwiat\u0142o ukszta\u0142towa\u0142o zar\u00f3wno rolnictwo, jak i wypoczynek: kwitn\u0105 sady cytrusowe, gaje oliwne i winnice; p\u0142ywanie i \u017ceglarstwo definiuj\u0105 d\u0142ugi sezon szczytowy.<\/p>\n<p>Nowoczesna sie\u0107 dr\u00f3g rozchodzi si\u0119 promieni\u015bcie od pasa przybrze\u017cnego, gdzie autostrady \u0142\u0105cz\u0105 g\u0142\u00f3wne porty Limassol i Larnaka z Nikozj\u0105, Larnak\u0119 z Pafos i Nikozj\u0119 zar\u00f3wno ze wschodem, jak i zachodem. Autobusy obs\u0142uguj\u0105 wszystkie g\u0142\u00f3wne miasta, chocia\u017c liczba prywatnych samochod\u00f3w osobowych pozostaje wysoka. Na p\u00f3\u0142nocy Turcji mniejsze minibusy kursuj\u0105 cz\u0119\u015bciej, ale z mniejsz\u0105 przewidywalno\u015bci\u0105. Dwa mi\u0119dzynarodowe lotniska \u2014 Larnaka i Pafos \u2014 przyjmuj\u0105 regularne loty z Europy, Bliskiego Wschodu i innych miejsc, podczas gdy lotnisko Ercan na p\u00f3\u0142nocy obs\u0142uguje loty przez Turcj\u0119. Promy, odnowione w 2022 r., \u0142\u0105cz\u0105 Limassol z Pireusem w Grecji, oferuj\u0105c alternatywne, spokojne podej\u015bcie do wyspy.<\/p>\n<p>Populacja Cypru, licz\u0105ca nieco ponad dziewi\u0119\u0107set tysi\u0119cy mieszka\u0144c\u00f3w kontrolowanego przez rz\u0105d po\u0142udnia, pozostaje w przewa\u017caj\u0105cej mierze greckoprawos\u0142awna, z niewielk\u0105 mozaik\u0105 mniejszo\u015bci ormia\u0144skich, maronickich, \u0142aci\u0144skich katolik\u00f3w i protestant\u00f3w. Wska\u017aniki edukacji i zdrowia plasuj\u0105 si\u0119 w\u015br\u00f3d najwy\u017cszych w Europie. Na p\u00f3\u0142nocy wi\u0119kszo\u015b\u0107 stanowi\u0105 sunnici, wsp\u00f3\u0142istniej\u0105cy \u2014 cho\u0107 nieco osobno \u2014 ze wsp\u00f3lnymi tradycjami kulinarnymi i muzycznymi, kt\u00f3re poprzedzaj\u0105 podzia\u0142y z XX wieku. Obie spo\u0142eczno\u015bci ceni\u0105 go\u015bcinno\u015b\u0107: oferuj\u0105 go\u015bciom kaw\u0119 lub sch\u0142odzon\u0105 zivani\u0119 i zapraszaj\u0105 do udzia\u0142u w weselach, festiwalach i \u015bwi\u0119tach \u017cniw.<\/p>\n<p>J\u0119zyk odzwierciedla t\u0119 dwoisto\u015b\u0107. Grecki i turecki s\u0105 j\u0119zykami urz\u0119dowymi, podczas gdy angielski nadal jest silnym drugim j\u0119zykiem, dziedzictwem rz\u0105d\u00f3w kolonialnych i narz\u0119dziem handlu i turystyki. Ormia\u0144ski i cypryjski maronicki arabski maj\u0105 uznany status j\u0119zyk\u00f3w mniejszo\u015bciowych. W \u017cyciu codziennym dialekty wernakularne cypryjskiego greckiego i cypryjskiego tureckiego znacznie odbiegaj\u0105 od swoich standardowych form, przenosz\u0105c idiomy i d\u017awi\u0119ki ukszta\u0142towane przez lokaln\u0105 histori\u0119. Niedawno rosyjski sta\u0142 si\u0119 popularny w Limassol i Pafos, gdzie rosyjskoj\u0119zyczne znaki i firmy obs\u0142uguj\u0105 rosn\u0105c\u0105 spo\u0142eczno\u015b\u0107 ekspatriant\u00f3w.<\/p>\n<p>Wyraz kulturowy jest tutaj nierozerwalnie zwi\u0105zany z miejscem. Malowane ko\u015bcio\u0142y w g\u00f3rach Troodos \u2014 dziesi\u0119\u0107 obiekt\u00f3w wpisanych na list\u0119 UNESCO \u2014 nosz\u0105 \u017cywe freski, kt\u00f3re mapuj\u0105 teologiczne narracje na kamiennych murach. Hammamy odrestaurowane w starym mie\u015bcie Nikozji przypominaj\u0105 frankijskie i osma\u0144skie warstwy miasta, oferuj\u0105c parowanie i masa\u017ce pod staro\u017cytnymi kopu\u0142ami. Karnawa\u0142 w Limassol wybucha co roku w lutym, jest to kolorowa przerwa, kt\u00f3ra rozpocz\u0119\u0142a si\u0119 dopiero w XX wieku, ale honoruje zwyczaje wyst\u0119p\u00f3w w maskach si\u0119gaj\u0105ce jeszcze dalej. Tradycyjny taniec, od tsifteteli do sousta, o\u017cywia zar\u00f3wno wesela, jak i wiejskie jarmarki, \u0142\u0105cz\u0105c mieszka\u0144c\u00f3w wyspy ponad podzia\u0142ami j\u0119zykowymi i wiar\u0105.<\/p>\n<p>Jednak pod t\u0105 towarzysk\u0105 powierzchni\u0105 kryje si\u0119 \u015bwiadomo\u015b\u0107 krucho\u015bci. My\u015bliwi z licencjonowanymi strzelbami w\u0119druj\u0105 po otwartych terenach zim\u0105, a zab\u0142\u0105kane \u015bruty mog\u0105 zb\u0142\u0105dzi\u0107 na szlakach pieszych. Zielona linia pozostaje w codziennej \u015bwiadomo\u015bci: szko\u0142y ucz\u0105 r\u00f3wnoleg\u0142ych historii, a wysi\u0142ki na rzecz pojednania trwaj\u0105 w inicjatywach artystycznych i wsp\u00f3lnych przedsi\u0119wzi\u0119ciach gospodarczych. Wska\u017aniki przest\u0119pczo\u015bci pozostaj\u0105 niskie, ale odwiedzaj\u0105cym zaleca si\u0119 zabezpieczenie mienia przed kradzie\u017c\u0105 oportunistyczn\u0105, a ostro\u017cno\u015b\u0107 panuje w dzielnicach nocnego \u017cycia, gdzie kluby kabaretowe czasami kryj\u0105 mroczniejszy podtekst.<\/p>\n<p>Mozaika Cypru \u2014 jego geologia, historia, spo\u0142eczno\u015bci i gospodarki \u2014 nie daje si\u0119 prosto opisa\u0107. Jest zar\u00f3wno \u015bwiadectwem ludzkiej wytrwa\u0142o\u015bci, jak i korytarzem spor\u00f3w, gdzie imperia si\u0119 \u015bciera\u0142y, a s\u0105siedzi wci\u0105\u017c ostro\u017cnie st\u0105pali po strefach buforowych. Jednak ciep\u0142o s\u0142o\u0144ca i morza, hojno\u015b\u0107 rozci\u0105gni\u0119ta na sto\u0142ach pachn\u0105cych cytrusami i odporno\u015b\u0107 tradycji, kt\u00f3re \u0142\u0105cz\u0105 elementy helle\u0144skie, lewanty\u0144skie i anatolijskie, wszystko to trwa. Dla tych, kt\u00f3rzy zatrzymaj\u0105 si\u0119, by spojrze\u0107, Cypr oferuje intymn\u0105 kronik\u0119 wyspy, kt\u00f3ra zna\u0142a zar\u00f3wno jedno\u015b\u0107, jak i podzia\u0142, gdzie zwyk\u0142e \u017cycie toczy si\u0119 pod \u015br\u00f3dziemnomorskim niebem tak sta\u0142ym i z\u0142o\u017conym, jak same p\u0142ywy.<\/p>","protected":false},"excerpt":{"rendered":"<p>The island nation of\u00a0Cyprus, located in the\u00a0Eastern Mediterranean Sea, occupies a strategic position at the intersection of\u00a0Europe,\u00a0Asia, and\u00a0Africa.\u00a0Cyprus, with a population of approximately 1.2 million, ranks as the\u00a0third-largest\u00a0and most populous island in the\u00a0Mediterranean, offering a unique combination of\u00a0ancient history,\u00a0diverse culture, and contemporary development. This island nation, officially termed the\u00a0Republic of Cyprus, is geographically situated in\u00a0West Asia; however, its cultural connections and political associations predominantly align with\u00a0Southeast Europe, thereby establishing a significant\u00a0geopolitical position\u00a0for the nation.<\/p>","protected":false},"author":1,"featured_media":3022,"parent":24078,"menu_order":0,"comment_status":"closed","ping_status":"closed","template":"elementor_theme","meta":{"_eb_attr":"","footnotes":""},"class_list":["post-14401","page","type-page","status-publish","has-post-thumbnail"],"_links":{"self":[{"href":"https:\/\/travelshelper.com\/pl\/wp-json\/wp\/v2\/pages\/14401","targetHints":{"allow":["GET"]}}],"collection":[{"href":"https:\/\/travelshelper.com\/pl\/wp-json\/wp\/v2\/pages"}],"about":[{"href":"https:\/\/travelshelper.com\/pl\/wp-json\/wp\/v2\/types\/page"}],"author":[{"embeddable":true,"href":"https:\/\/travelshelper.com\/pl\/wp-json\/wp\/v2\/users\/1"}],"replies":[{"embeddable":true,"href":"https:\/\/travelshelper.com\/pl\/wp-json\/wp\/v2\/comments?post=14401"}],"version-history":[{"count":0,"href":"https:\/\/travelshelper.com\/pl\/wp-json\/wp\/v2\/pages\/14401\/revisions"}],"up":[{"embeddable":true,"href":"https:\/\/travelshelper.com\/pl\/wp-json\/wp\/v2\/pages\/24078"}],"wp:featuredmedia":[{"embeddable":true,"href":"https:\/\/travelshelper.com\/pl\/wp-json\/wp\/v2\/media\/3022"}],"wp:attachment":[{"href":"https:\/\/travelshelper.com\/pl\/wp-json\/wp\/v2\/media?parent=14401"}],"curies":[{"name":"wp","href":"https:\/\/api.w.org\/{rel}","templated":true}]}}