{"id":14328,"date":"2024-09-19T08:40:52","date_gmt":"2024-09-19T08:40:52","guid":{"rendered":"https:\/\/travelshelper.com\/staging\/?page_id=14328"},"modified":"2026-03-11T23:19:55","modified_gmt":"2026-03-11T23:19:55","slug":"karkonosze","status":"publish","type":"page","link":"https:\/\/travelshelper.com\/pl\/destinations\/europe\/czech-republic\/krkonose\/","title":{"rendered":"Karkonosze"},"content":{"rendered":"<p>Karkonosze, znane jako Krkono\u0161e w j\u0119zyku czeskim, Karkonosze w j\u0119zyku polskim i Riesengebirge w j\u0119zyku niemieckim, zajmuj\u0105 najbardziej wysuni\u0119te na p\u00f3\u0142noc kra\u0144ce Republiki Czeskiej i po\u0142udniowo-zachodnie kra\u0144ce Polski. Tworz\u0105 najwy\u017cszy segment Sudet\u00f3w w obr\u0119bie szerszego Masywu Czeskiego. G\u0142\u00f3wny grzbiet rozci\u0105ga si\u0119 mniej wi\u0119cej ze wschodu na zach\u00f3d i wyznacza zar\u00f3wno granic\u0119 pa\u0144stwow\u0105, jak i historyczne rozgraniczenie mi\u0119dzy Czechami a \u015al\u0105skiem. \u015anie\u017cka, wznosz\u0105ca si\u0119 na wysoko\u015b\u0107 1603 metr\u00f3w, ro\u015bci sobie prawo do tytu\u0142u najwy\u017cszego naturalnego punktu Republiki Czeskiej. W przeciwie\u0144stwie do wielu pasm o por\u00f3wnywalnej wielko\u015bci, Olbrzymy wykazuj\u0105 cechy charakterystyczne dla wysokich g\u00f3r \u2014 kot\u0142y lodowcowe, osady peryglacjalne i nag\u0142\u0105 granic\u0119 drzew alpejskich \u2014 pomimo zajmowania \u0142\u0105cznej powierzchni zaledwie 631 km\u00b2 (454 km\u00b2 w Republice Czeskiej; 177 km\u00b2 w Polsce).<\/p>\n<p>Najwcze\u015bniejsza pisemna wzmianka o \u201eKrkono\u0161\u201d pojawia si\u0119 w zapisie z 1492 r. odnosz\u0105cym si\u0119 do dworu \u0160t\u011bpanice, podczas gdy mapa Klaudy\u00e1na z 1518 r. okre\u015bla pasmo jako \u201eKrkonoss\u201d. J\u0119zykoznawcy powszechnie wywodz\u0105 nazw\u0119 od staros\u0142owia\u0144skiego \u201ekrk\/krak\u201d, oznaczaj\u0105cego kar\u0142owate sosny g\u00f3rskie (Krummholz), oraz \u201eno\u0161\u201d, od \u201enosit\u201d, oznaczaj\u0105cego nie\u015b\u0107 \u2014 by\u0107 mo\u017ce nawi\u0105zuj\u0105c do uci\u0105\u017cliwego grzbietu. Alternatywna teoria \u0142\u0105czy wsp\u00f3\u0142czesne nazwy z \u201eCorconti\u201d Ptolemeusza, oznaczaj\u0105cym plemi\u0119 przedceltyckie lub germa\u0144skie. Niemieckie okre\u015blenia, takie jak Hrisenpergisches Gebirge i Riesen Gebirge, pojawi\u0142y si\u0119 po raz pierwszy w kronikach z XVI wieku, podczas gdy czeski kronikarz Bohuslav Balb\u00edn, pisz\u0105c w 1679 roku, skatalogowa\u0142 szereg nazw, w tym Sn\u011b\u017en\u00e9 hory (G\u00f3ry \u015anie\u017cne) i Cerconossios. Dopiero w XIX wieku Krkono\u0161e, Karkonosze i Riesengebirge skrystalizowa\u0142y si\u0119 jako standardowe okre\u015blenia.<\/p>\n<p>Olbrzymy s\u0105 kolebk\u0105 kilku znanych rzek. Na czeskim zboczu \u0141aba (Labe) wyp\u0142ywa w pobli\u017cu g\u0142\u00f3wnego grzbietu, zanim wyrze\u017abi strome, lodowcowe doliny. Jej kaskady obejmuj\u0105 Wodospad \u0141aby (50 m) i Wodospad Panczawy (140 m), ten ostatni jest czeskim rekordem wysoko\u015bci. Dalsze kaskady \u2014 Horn\u00ed \u00dapsk\u00fd, Doln\u00ed \u00dapsk\u00fd i Mumlava (8,9 m) \u2014 demonstruj\u0105 erozyjn\u0105 moc w\u00f3d wysokog\u00f3rskich. W Polsce rzeki Kamienna, \u0141omnica i B\u00f3br spadaj\u0105 z klif\u00f3w, tworz\u0105c wodospady Kamie\u0144czyk (27 m), Szklarki (13,3 m), Wodospad na \u0141omnicy (10 m) i Podg\u00f3rna (10 m). G\u0142\u00f3wny grzbiet przecina zlewiska Morza P\u00f3\u0142nocnego (poprzez \u0141ab\u0119) i Ba\u0142tyku (poprzez p\u00f3\u0142nocne dop\u0142ywy), tworz\u0105c o\u015b o kontynentalnym znaczeniu hydrologicznym.<\/p>\n<p>Ochrona przyrody od dawna kieruje dzia\u0142alno\u015bci\u0105 cz\u0142owieka po obu stronach granicy. Czeski Karkonoski Park Narodowy (KRNAP), za\u0142o\u017cony w 1963 r. jako drugi park narodowy Czechos\u0142owacji, obejmuje 370 km\u00b2, od g\u00f3rskich \u0142\u0105k po subalpejskie wrzosowiska. Jego polski odpowiednik, Karkonoski Park Narodowy (KPN), za\u0142o\u017cony w 1959 r., obejmuje 55,8 km\u00b2 najwy\u017cszych stok\u00f3w pasma (900\u20131000 m i wy\u017cej). Razem tworz\u0105 one Transgraniczny Rezerwat Biosfery Karkonosze\/Karkonosze, wpisany na list\u0119 UNESCO w ramach Programu Cz\u0142owiek i Biosfera. Filozofie zarz\u0105dzania s\u0105 rozbie\u017cne: KPN egzekwuje \u015bcis\u0142\u0105 nieinterwencj\u0119, zabraniaj\u0105c ponownego zalesiania martwych drzewostan\u00f3w, podczas gdy KRNAP prowadzi rozleg\u0142e zalesianie w celu stabilizacji gleb i rekultywacji ogo\u0142oconych obszar\u00f3w.<\/p>\n<p>Warunki meteorologiczne w Karkonoszach s\u0105 notorycznie kapry\u015bne. Zimy przynosz\u0105 trwa\u0142e pokrywy \u015bnie\u017cne \u2014 cz\u0119sto przekraczaj\u0105ce trzy metry \u2014 i znaczn\u0105 mg\u0142\u0119, szczeg\u00f3lnie na szczycie \u015anie\u017cki, kt\u00f3ry jest spowity przez 296 dni w roku. Jego \u015brednia roczna temperatura oscyluje wok\u00f3\u0142 0,2 \u00b0C, podobnie jak na szeroko\u015bciach geograficznych daleko na p\u00f3\u0142nocy. Grzbiet do\u015bwiadcza jednych z najsilniejszych wiatr\u00f3w w Europie, wzmacnianych przez cz\u0119ste zjawiska fenowe na p\u00f3\u0142nocnym zboczu. Opady wzrastaj\u0105 z oko\u0142o 700 mm na dnach dolin do ponad 1230 mm na szczycie \u015anie\u017cki; do\u0142y \u015bnie\u017cne w pobli\u017cu g\u0142\u00f3wnego grzbietu rejestruj\u0105 do 1512 mm rocznie. Takie warunki rze\u017abi\u0105 cechy peryglacjalne i dyktuj\u0105 sezonowe rytmy u\u017cytkowania przez cz\u0142owieka.<\/p>\n<p>Rozrzucone powy\u017cej linii drzew i wzd\u0142u\u017c g\u0142\u00f3wnej osi le\u017c\u0105 dziesi\u0105tki tradycyjnych chat: bouda po czesku, Baude po niemiecku, schronisko po polsku. Wywodz\u0105ce si\u0119 z j\u0119zyka \u015brednio-wysoko-niemieckiego Buode (\u201esza\u0142as\u201d lub \u201eschronisko\u201d), te konstrukcje pierwotnie by\u0142y pasterskimi schronieniami dla letnich pasterzy. Od pocz\u0105tku XIX wieku przyci\u0105ga\u0142y alpinist\u00f3w, ewoluuj\u0105c w schroniska pod koniec stulecia. Wiele z nich zosta\u0142o nast\u0119pnie powi\u0119kszonych, aby pomie\u015bci\u0107 rosn\u0105c\u0105 liczb\u0119 odwiedzaj\u0105cych. Godne uwagi przyk\u0142ady obejmuj\u0105 Lu\u010dn\u00ed bouda, Martinova bouda i Voseck\u00e1 bouda w sektorze czeskim oraz Schronisko Strzecha Akademicka, Samotnia i na Hali Szrenickiej w Polsce. Dodatki z XX wieku, takie jak Petrova bouda i schronisko szczytowe na \u015anie\u017cce, odzwierciedlaj\u0105 zmian\u0119 w kierunku projektowania specyficznego dla turystyki.<\/p>\n<p>Granitowe tory wyznaczaj\u0105 lini\u0119 horyzontu, rze\u017abion\u0105 przez tysi\u0105clecia mrozu i wiatru. Na g\u0142\u00f3wnym grzbiecie D\u00edv\u010d\u00ed kameny (\u015al\u0105skie Kamienie) i Mu\u017esk\u00e9 kameny (Czeskie Kamienie) wznosz\u0105 si\u0119 na wysoko\u015b\u0107 ponad 1400 m; gdzie indziej czeskie Harrachovy kameny oraz polskie wie\u017ce Pielgrzymki i S\u0142onecznik wznosz\u0105 si\u0119 na wysoko\u015b\u0107 zbli\u017caj\u0105c\u0105 si\u0119 do 30 m. Te kszta\u0142ty przypominaj\u0105ce kszta\u0142tem cz\u0142owieka nadaj\u0105 pasmu rze\u017abiarski charakter i \u0142\u0105cz\u0105 je z analogicznymi masywami sudeckimi. Erozja podlodowcowa i wietrzenie polodowcowe wyrze\u017abi\u0142y amfiteatry, g\u0142azy narzutowe i pola blok\u00f3w, kt\u00f3re intryguj\u0105 zar\u00f3wno geolog\u00f3w, jak i turyst\u00f3w.<\/p>\n<p>Na d\u0142ugo przed pojawieniem si\u0119 wsp\u00f3\u0142czesnej turystyki Karkonosze przyci\u0105ga\u0142y odkrywc\u00f3w i artyst\u00f3w. Poeta Theodor K\u00f6rner i Johann Wolfgang Goethe wspi\u0119li si\u0119 na \u015anie\u017ck\u0119 pod koniec XVIII i na pocz\u0105tku XIX wieku, podczas gdy malarze Caspar David Friedrich i Carl Gustav Carus szukali inspiracji w\u015br\u00f3d jej grzbiet\u00f3w. W 1800 roku m\u0142ody John Quincy Adams przemierzy\u0142 pasmo podczas swojego pobytu w Europie. W po\u0142owie XIX wieku na przeciwleg\u0142ych brzegach pojawi\u0142y si\u0119 niemieckie i austriackie kluby \u201eRiesengebirgsverein\u201d, kt\u00f3rych zadaniem by\u0142o wytyczanie i utrzymywanie rozleg\u0142ej sieci 3000 km szlak\u00f3w \u2014 500 km samych na g\u0142\u00f3wnych i wewn\u0119trznych grzbietach.<\/p>\n<p>Zagro\u017cenia g\u00f3rskie odnotowywane s\u0105 od XVII wieku. Najwcze\u015bniejszy zachowany pomnik upami\u0119tniaj\u0105cy ofiar\u0119 wypadku g\u00f3rskiego, po\u015bwi\u0119cony Janowi Pieni\u0105\u017ckowi\u2011Odrow\u0105\u017cowi, stoi na szczycie \u015anie\u017cki i upami\u0119tnia jego \u015bmier\u0107 w 1828 roku. Katastrofalna lawina w w\u0105wozie Bia\u0142y Jar w 1968 roku poch\u0142on\u0119\u0142a 19 ofiar i zrani\u0142a pi\u0119\u0107, mobilizuj\u0105c zesp\u00f3\u0142 ratunkowy licz\u0105cy 1100 os\u00f3b. Wydarzenia te spowodowa\u0142y systematyczny monitoring lawin, wzniesienie barier ochronnych i utworzenie system\u00f3w ostrzegawczych, kt\u00f3re nadal ewoluuj\u0105.<\/p>\n<p>Pod koniec XIX wieku Giants plasowa\u0142o si\u0119 w\u015br\u00f3d g\u0142\u00f3wnych kurort\u00f3w Cesarstwa Niemieckiego, odwiedzanych g\u0142\u00f3wnie przez Niemc\u00f3w i Polak\u00f3w. Od po\u0142owy XVIII wieku pojawia\u0142y si\u0119 przewodniki w j\u0119zyku polskim, a odwiedzaj\u0105cym towarzyszyli rodzimi polscy przewodnicy g\u00f3rscy. Czescy pisarze z okresu odrodzenia narodowego czcili \u015anie\u017ck\u0119 jako symbol s\u0142owia\u0144skiej to\u017csamo\u015bci. W okresie rozkwitu gr\u00fcnderzeit berli\u0144scy kupcy wznosili wille w Szklarskiej Por\u0119bie (dawniej Schreiberhau), do kt\u00f3rej mo\u017cna by\u0142o dojecha\u0107 kolej\u0105 z g\u0142\u00f3wnych o\u015brodk\u00f3w miejskich, a nawet wczesnymi trasami lotniczymi Lufthansy przez Jeleni\u0105 G\u00f3r\u0119.<\/p>\n<p>Jazda na sankach zaprz\u0105ta\u0142a wyobra\u017ani\u0119 miejscowych na d\u0142ugo przed narciarstwem. W 1817 roku August Neidhardt von Gneisenau opisa\u0142 dziesi\u0119ciokilometrowy zjazd z Pomezn\u00ed boudy do Kowar. Dwa rodzaje sa\u0144 \u2014 solidne wozid\u0142a do transportu drewna i zwinne \u201eHitsch&#039;n\u201d \u2014 sta\u0142y si\u0119 widowiskami wy\u015bcigowymi pod koniec XIX wieku; oko\u0142o 1900 roku w u\u017cyciu by\u0142o prawie 4000 sa\u0144 d\u0142ugodystansowych i 6000 modeli sportowych. Narciarstwo biegowe pojawi\u0142o si\u0119 po niemieckim t\u0142umaczeniu z 1891 roku relacji Fridtjofa Nansena z wyprawy na Grenlandi\u0119. W tym samym roku w Mlad\u00e9 Buky otwarto pierwsz\u0105 austro\u2011w\u0119giersk\u0105 fabryk\u0119 nart. Zim\u0105 1892\u201393 odnotowano pierwsze przej\u015bcie g\u0142\u00f3wnego grzbietu na nartach. Pomagali w tym stra\u017cnicy le\u015bni, nauczyciele i patroni przemys\u0142owi, kt\u00f3rzy sfinansowali infrastruktur\u0119 i sprz\u0119t dla narciarzy pochodz\u0105cych z ubogich rodzin.<\/p>\n<p>Na prze\u0142omie wiek\u00f3w powsta\u0142o wiele klub\u00f3w narciarskich. Warto zauwa\u017cy\u0107, \u017ce pi\u0119ciu z dwunastu cz\u0142onk\u00f3w za\u0142o\u017cycieli Austriackiej Federacji Narciarskiej (\u00d6SV) mia\u0142o siedzib\u0119 w Gigantach. Vrchlab\u00ed (Hohenelbe) go\u015bci\u0142o siedzib\u0119 \u00d6SV przez pierwsze trzy lata, a jej pierwszy prezes, Guido Rotter, pochodzi\u0142 z g\u00f3r. Po stronie \u015bl\u0105skiej kluby by\u0142y zrzeszone w Niemieckim Zwi\u0105zku Narciarskim (DSV). Po I wojnie \u015bwiatowej i powstaniu Czechos\u0142owacji, niemieckoj\u0119zyczne kluby do\u0142\u0105czy\u0142y do \u200b\u200bHDW, podczas gdy czeskie grupy utworzy\u0142y Svaz ly\u017ea\u0159\u016f. Region go\u015bci\u0142 krajowe i mi\u0119dzynarodowe zawody w kombinacji norweskiej, skokach narciarskich i saneczkarstwie; lokalni sportowcy, tacy jak Martin i Friedel Tietze, zdobyli europejskie tytu\u0142y w saneczkarstwie.<\/p>\n<p>Oznakowany szlak \u2014 Polsko-Czeski Szlak Przyja\u017ani \u2014 biegnie g\u0142\u00f3wnym grzbietem przez oko\u0142o 30 km mi\u0119dzy Szrenic\u0105 a Prze\u0142\u0119cz\u0105 Okraj (Pomezn\u00ed boudy). Sklasyfikowany jako \u015brednio trudny, dzieli odcinki z zimowymi trasami narciarskimi i mo\u017cna go pokona\u0107 w ci\u0105gu dw\u00f3ch lub trzech dni. Noclegi odbywaj\u0105 si\u0119 w historycznych chatach lub wyznaczonych miejscach biwakowych, chocia\u017c biwakowanie jest nadal zabronione w granicach parku. Poza w\u0119dr\u00f3wkami po grzbiecie setki kilometr\u00f3w \u015bcie\u017cek po\u0142o\u017conych na ni\u017cszych wysoko\u015bciach s\u0105 odpowiednie dla jednodniowych w\u0119drowc\u00f3w. Sie\u0107 rowerowa pasma obejmuje naturalne single tracki i trudne trasy zjazdowe, wij\u0105ce si\u0119 przez lasy, \u0142\u0105ki i wzd\u0142u\u017c zbiornika \u0141aby, gdzie znajduj\u0105 si\u0119 r\u00f3wnie\u017c obiekty do wio\u015blarstwa, w\u0119dkowania, tenisa i squasha.<\/p>\n<p>To\u017csamo\u015b\u0107 kulturowa g\u00f3r jest nierozerwalnie zwi\u0105zana z legend\u0105 R\u00fcbezahl \u2013 znanego jako Krakono\u0161 po czesku i Liczyrzepa po polsku \u2013 kapry\u015bny duch lokalnej legendy. Jego posta\u0107 zdobi drogowskazy, pami\u0105tki, a nawet nowoczesne szlaki. W literaturze pasmo stanowi\u0142o t\u0142o dla noweli Friedricha de la Motte Fouqu\u00e9 Der Hirt des Riesengeb\u00fcrgs (\u201ePasterz Karkonoszy\u201d), podkre\u015blaj\u0105c jego trwa\u0142y wp\u0142yw na wyobra\u017ani\u0119 niemieckiego romantyzmu.<\/p>\n<p>Podr\u00f3\u017c do krainy z\u0142ocistej i r\u00f3\u017cowej barwy mo\u017cliwa jest autobusem, kolej\u0105 lub prywatnym pojazdem. Bezpo\u015brednie autokary z praskiej stacji \u010cern\u00fd Most kursuj\u0105 do Harrachova, Szpindlerowego M\u0142yna i Janskich \u0141a\u017ani \u2013 op\u0142ata za przejazd oko\u0142o 200 CZK, czas podr\u00f3\u017cy oko\u0142o trzech godzin. Koleje Czeskie \u0142\u0105cz\u0105 Harrachov co godzin\u0119 z Libercem, Tanvaldem i Szklarsk\u0105 Por\u0119b\u0105, a po\u0142\u0105czenia ekspresowe z Pragi o 07:25 i 13:25. Rokytnice nad Jizerou oferuj\u0105 po\u0142\u0105czenia tylko w weekendy, natomiast Pec pod Sn\u011b\u017ekou i Szpindlerowy M\u0142yn wymagaj\u0105 przesiadki autobusowej z Trutnova lub Vrchlab\u00ed. Dost\u0119p drogowy wymaga pozwolenia na niekt\u00f3re trasy wysokog\u00f3rskie; serpentynowe podjazdy z Polski ods\u0142aniaj\u0105 panoramiczne widoki.<\/p>\n<p>Wst\u0119p na czeskie tereny chronione jest bezp\u0142atny; jednak \u015bcis\u0142e przestrzeganie oznakowanych szlak\u00f3w jest egzekwowane, szczeg\u00f3lnie w okresach l\u0119gowych zwierz\u0105t. Polski Karkonoski Park Narodowy pobiera op\u0142aty za wst\u0119p do niekt\u00f3rych stref, chocia\u017c przejazd g\u0142\u00f3wnym szlakiem grzbietowym nie wi\u0105\u017ce si\u0119 z \u017cadnymi op\u0142atami. Pojazdy terenowe pozostaj\u0105 zabronione poza g\u0142\u00f3wnymi drogami, co chroni delikatne gleby i faun\u0119. W obr\u0119bie sieci autobusowych trasy s\u0105 dostosowane zar\u00f3wno do turyst\u00f3w pieszych, jak i rowerzyst\u00f3w \u2014 trasa 1 (czerwona) \u0142\u0105czy Harrachov, Jansk\u00e9 L\u00e1zn\u011b, Pec pod Sn\u011b\u017ekou i Pomezn\u00ed boudy dwa razy dziennie, u\u0142atwiaj\u0105c w\u0119dr\u00f3wki z punktu do punktu w towarzystwie baga\u017cu na k\u00f3\u0142kach. Kolejki linowe \u2014 z Pec na \u015anie\u017ck\u0119, Jansk\u00e9 L\u00e1zn\u011b do \u010cern\u00e1 Hora i Hn\u011bd\u00fd Vrch w Pecu \u2014 stanowi\u0105 alternatyw\u0119 dla wyczerpuj\u0105cych podej\u015b\u0107, kursuj\u0105c wed\u0142ug rozk\u0142ad\u00f3w jazdy latem i zim\u0105, a ceny bilet\u00f3w s\u0105 okresowo aktualizowane.<\/p>\n<p>Karkonosze to studium kontrast\u00f3w: od wietrznych grzbiet\u00f3w i g\u0142\u0119bokich pokryw \u015bnie\u017cnych po meandruj\u0105ce rzeki i granitowe wychodnie; od staro\u017cytnych legend po nowoczesne trasy narciarskie. Ich chroniony status, bogata przesz\u0142o\u015b\u0107 i wieloaspektowa oferta rekreacyjna plasuj\u0105 je w\u015br\u00f3d najtrwalszych g\u00f3rskich destynacji Europy \u015arodkowej, zach\u0119caj\u0105c zar\u00f3wno do refleksji, jak i wyzwa\u0144 o ka\u017cdej porze roku.<\/p>","protected":false},"excerpt":{"rendered":"<p>Karkonosze, zwane po czesku Krkono\u0161e, a po polsku Karkonosze, stanowi\u0105 widoczne pasmo g\u00f3rskie wzd\u0142u\u017c granicy Czech i Polski. Ta godna uwagi struktura geologiczna, zintegrowana z szerszym systemem g\u00f3r Sudet\u00f3w Masywu Czeskiego, mie\u015bci oko\u0142o 30 000 sta\u0142ych mieszka\u0144c\u00f3w rozproszonych w kilku miastach i wsiach po\u0142o\u017conych w jego dolinach i podg\u00f3rzach. Pasmo obejmuje oko\u0142o 650 kilometr\u00f3w kwadratowych, a jego najwy\u017cszy szczyt, \u015anie\u017cka (po polsku \u015anie\u017cka), osi\u0105ga wysoko\u015b\u0107 1603 metr\u00f3w (5259 st\u00f3p) nad poziomem morza, stanowi\u0105c tym samym najwy\u017cszy punkt w Czechach.<\/p>","protected":false},"author":1,"featured_media":3588,"parent":14322,"menu_order":0,"comment_status":"closed","ping_status":"closed","template":"elementor_theme","meta":{"_eb_attr":"","footnotes":""},"class_list":["post-14328","page","type-page","status-publish","has-post-thumbnail"],"_links":{"self":[{"href":"https:\/\/travelshelper.com\/pl\/wp-json\/wp\/v2\/pages\/14328","targetHints":{"allow":["GET"]}}],"collection":[{"href":"https:\/\/travelshelper.com\/pl\/wp-json\/wp\/v2\/pages"}],"about":[{"href":"https:\/\/travelshelper.com\/pl\/wp-json\/wp\/v2\/types\/page"}],"author":[{"embeddable":true,"href":"https:\/\/travelshelper.com\/pl\/wp-json\/wp\/v2\/users\/1"}],"replies":[{"embeddable":true,"href":"https:\/\/travelshelper.com\/pl\/wp-json\/wp\/v2\/comments?post=14328"}],"version-history":[{"count":0,"href":"https:\/\/travelshelper.com\/pl\/wp-json\/wp\/v2\/pages\/14328\/revisions"}],"up":[{"embeddable":true,"href":"https:\/\/travelshelper.com\/pl\/wp-json\/wp\/v2\/pages\/14322"}],"wp:featuredmedia":[{"embeddable":true,"href":"https:\/\/travelshelper.com\/pl\/wp-json\/wp\/v2\/media\/3588"}],"wp:attachment":[{"href":"https:\/\/travelshelper.com\/pl\/wp-json\/wp\/v2\/media?parent=14328"}],"curies":[{"name":"wp","href":"https:\/\/api.w.org\/{rel}","templated":true}]}}