{"id":14301,"date":"2024-09-19T08:21:38","date_gmt":"2024-09-19T08:21:38","guid":{"rendered":"https:\/\/travelshelper.com\/staging\/?page_id=14301"},"modified":"2026-03-11T23:25:07","modified_gmt":"2026-03-11T23:25:07","slug":"kopenhaga","status":"publish","type":"page","link":"https:\/\/travelshelper.com\/pl\/destinations\/europe\/denmark\/copenhagen\/","title":{"rendered":"Copenhagen"},"content":{"rendered":"<p>Kopenhaga jest \u015bwiadectwem wielowiekowej historii \u2014 niegdy\u015b skromna osada rybacka, obecnie kwitn\u0105ca stolica p\u00f3\u0142nocnej Europy, gdzie \u015bredniowieczne ulice stykaj\u0105 si\u0119 z eleganckimi, nowoczesnymi fasadami, a instytucje kulturalne i nowatorskie ga\u0142\u0119zie przemys\u0142u zajmuj\u0105 r\u00f3wn\u0105 pozycj\u0119. Od czasu powstania w X wieku nad meandruj\u0105cymi wodami dzisiejszego Gammel Strand miasto by\u0142o \u015bwiadkiem wzlot\u00f3w i upadk\u00f3w imperi\u00f3w, grozy zarazy i bombardowa\u0144 oraz sta\u0142ego rozwoju wizji miejskiej. Obecnie Kopenhaga jest domem dla 1,4 miliona mieszka\u0144c\u00f3w w swoim miejskim centrum, rozci\u0105gaj\u0105cym si\u0119 na wyspach Zelandia i Amager i si\u0119gaj\u0105cym przez \u00d8resund do Malm\u00f6 za po\u015brednictwem eleganckiego mostu, kt\u00f3ry \u0142\u0105czy du\u0144skie i szwedzkie wybrze\u017ca. Jako polityczna stolica Danii, si\u0142a nap\u0119dowa gospodarki i kulturalne serce kraju, \u0142\u0105czy w sobie dziedzictwo kr\u00f3lewskich ambicji i o\u015bwieceniowej wiedzy z dynamik\u0105 XXI-wiecznego centrum przemys\u0142u farmaceutycznego, technologii informacyjnej i czystej energii, jednocze\u015bnie zachowuj\u0105c ludzk\u0105 skal\u0119 i zielone przestrzenie, dzi\u0119ki kt\u00f3rym jest to jedno z najbardziej przyjaznych do \u017cycia miast na \u015bwiecie.<\/p>\n<p>\u015aredniowieczne serce miasta najpierw rozgorza\u0142o pod auspicjami Wiking\u00f3w, a jego skromne chaty rybackie ust\u0105pi\u0142y miejsca ufortyfikowanym wa\u0142om, kt\u00f3re pewnego dnia mia\u0142y zdefiniowa\u0107 Pier\u015bcie\u0144 Umocnie\u0144. Na pocz\u0105tku XV wieku Kopenhaga zosta\u0142a wezwana do statusu stolicy, a w XVI wieku pe\u0142ni\u0142a funkcj\u0119 de facto monarchicznej siedziby Unii Kalmarskiej, wi\u0105\u017c\u0105c Dani\u0119, Szwecj\u0119 i Norwegi\u0119 pod jedn\u0105 koron\u0105. Handel p\u0142yn\u0105\u0142 przez jej renesansowe arterie, a miasto rozkwit\u0142o jako kulturowy tygiel Skandynawii. XVII wiek jeszcze bardziej umocni\u0142 jego rol\u0119 jako centrum w\u0142adzy \u2014 pa\u0142ace, arsena\u0142y i ministerstwa rz\u0105dowe emanowa\u0142y autorytetem z miejskiego rdzenia, kt\u00f3ry stale rozprzestrzenia\u0142 si\u0119 poza jego staro\u017cytne mury. Jednak XVIII wiek przyni\u00f3s\u0142 zar\u00f3wno nieszcz\u0119\u015bcie, jak i odnow\u0119: zaraza i wielkie po\u017cary zniszczy\u0142y pasma drewnianych dom\u00f3w, a urbani\u015bci odpowiedzieli Frederiksstaden, presti\u017cow\u0105 dzielnic\u0105 rokokowych rezydencji i szerokich alei. W tym w\u0142a\u015bnie okresie Teatr Kr\u00f3lewski i Akademia Sztuk Pi\u0119knych sta\u0142y si\u0119 filarami ambicji kulturalnych Kopenhagi, chocia\u017c miasto niestety czerpa\u0142o zyski z handlu niewolnikami, kt\u00f3ry odbywa\u0142 si\u0119 za po\u015brednictwem floty handlowej.<\/p>\n<p>Przewroty wojen napoleo\u0144skich dotar\u0142y do \u200b\u200bKopenhagi w 1807 r., kiedy brytyjska flota zbombardowa\u0142a miasto, zmuszaj\u0105c je do poddania si\u0119. Z popio\u0142\u00f3w tego nieszcz\u0119\u015bcia wy\u0142oni\u0142 si\u0119 du\u0144ski z\u0142oty wiek \u2014 okres neoklasycystycznej architektury, artystycznej innowacji i filozoficznego fermentu, kt\u00f3ry zmieni\u0142 oblicze miasta. W XX wieku powojenna odbudowa da\u0142a pocz\u0105tek Finger Plan, wizjonerskiemu projektowi, kt\u00f3ry ukierunkowa\u0142 rozw\u00f3j wzd\u0142u\u017c pi\u0119ciu korytarzy kolejowych, zapewniaj\u0105c, \u017ce budownictwo mieszkaniowe i handel rozwija\u0142y si\u0119 w zgodzie z infrastruktur\u0105 transportow\u0105. Uko\u0144czenie mostu \u00d8resund na prze\u0142omie tysi\u0105cleci jeszcze bardziej rozszerzy\u0142o zasi\u0119g Kopenhagi, w\u0142\u0105czaj\u0105c j\u0105 do szerszego regionu \u00d6resund ze Szwecj\u0105 i wspieraj\u0105c wymian\u0119 gospodarcz\u0105 i kulturaln\u0105 przez cie\u015bnin\u0119.<\/p>\n<p>Geograficznie Kopenhaga jest zdefiniowana przez swoje morskie obj\u0119cie. Zajmuje wschodnie wybrze\u017ce Zelandii, rozci\u0105ga si\u0119 na po\u0142udnie na Amager i ro\u015bci sobie prawa do konstelacji wysepek, kt\u00f3re unosz\u0105 si\u0119 w zatoce mi\u0119dzy Dani\u0105 a Szwecj\u0105. Po drugiej stronie cie\u015bniny \u00d8resund, Malm\u00f6 le\u017cy 42 kilometry na po\u0142udniowy wsch\u00f3d drog\u0105 l\u0105dow\u0105; N\u00e6stved i Odense le\u017c\u0105 odpowiednio 85 i 164 kilometry na po\u0142udniowy zach\u00f3d; Aarhus le\u017cy oko\u0142o 188 kilometr\u00f3w na p\u00f3\u0142nocny zach\u00f3d drog\u0105 l\u0105dow\u0105 i morsk\u0105. W tych odleg\u0142o\u015bciach wp\u0142yw miasta promieniuje \u2014 polityczny, handlowy i kulturalny \u2014 wi\u0105\u017c\u0105c wysp\u0119 z l\u0105dem sta\u0142ym tak zr\u0119cznie, jak sie\u0107 most\u00f3w, prom\u00f3w i tuneli \u0142\u0105czy jedn\u0105 dzielnic\u0119 z drug\u0105.<\/p>\n<p>Dawne mury obronne, kt\u00f3re kiedy\u015b chroni\u0142y Kopenhag\u0119, nadal nadaj\u0105 kszta\u0142t Pier\u015bcieniowi Umocnie\u0144, obecnie zielonej wst\u0119dze okr\u0105\u017caj\u0105cej \u015bredniowieczne centrum. Dalej, dzielnice klasy robotniczej XIX wieku \u2014 \u00d8sterbro, N\u00f8rrebro, Vesterbro, Amagerbro \u2014 pojawi\u0142y si\u0119 mi\u0119dzy 1870 a 1915 rokiem, ich ulice z siatk\u0105 kratow\u0105 by\u0142y rz\u0119dami ceglanych kamienic i przerywane ma\u0142ymi parkami. Przedmie\u015bcia, kt\u00f3re powsta\u0142y mi\u0119dzy 1920 a 1960 rokiem \u2014 Kongens Enghave, Valby, Vanl\u00f8se i inne \u2014 przybra\u0142y bardziej \u0142agodny charakter, gdzie skupiska niskich budynk\u00f3w mieszkalnych dzieli\u0142y przestrze\u0144 z zielonymi przestrzeniami. Sie\u0107 miejskich park\u00f3w i linia brzegowa stanowi\u0105 nieod\u0142\u0105czny element codziennego \u017cycia: Amager Strandpark, sztuczny park pla\u017cowy otwarty w 2005 r., oferuje 4,6 km piasku i promenad, oddalonych od centrum o mniej ni\u017c 15 minut jazdy rowerem, a pla\u017ca Bellevue na p\u00f3\u0142nocy i s\u0142ynne k\u0105pieliska Harbour Baths w Islands Brygge zach\u0119caj\u0105 do p\u0142ywania i relaksu przez ca\u0142y rok.<\/p>\n<p>Oceaniczny klimat Kopenhagi przynosi kapry\u015bn\u0105 gr\u0119 ni\u017c\u00f3w atlantyckich, \u0142agodnych lat i ch\u0142odnych zim. Opady deszczu s\u0105 umiarkowane, cho\u0107 od lipca do wrze\u015bnia mog\u0105 by\u0107 nieco bardziej wilgotne, a \u015bnieg zwykle pada mi\u0119dzy ko\u0144cem grudnia a pocz\u0105tkiem marca, czasami gromadz\u0105c si\u0119 do p\u00f3\u0142 metra w ci\u0105gu dwudziestu czterech godzin. Liczba godzin s\u0142onecznych waha si\u0119 dramatycznie \u2014 od oko\u0142o o\u015bmiu dziennie w czerwcu do zaledwie p\u00f3\u0142torej w \u015brodku zimy \u2014 co sprawia, \u017ce \u200b\u200bkontrast mi\u0119dzy dniem w \u015brodku lata, kt\u00f3ry rozci\u0105ga si\u0119 od 04:26 do 21:58, a kr\u00f3tkim zimowym \u015bwiat\u0142em dziennym od 08:37 do 15:39 jest tym bardziej wyra\u017any. Maksymalne temperatury wynosz\u0105 \u015brednio 21 \u00b0C w lipcu pe\u0142nym upa\u0142\u00f3w, podczas gdy najch\u0142odniejsze tygodnie oscyluj\u0105 w pobli\u017cu zera.<\/p>\n<p>Pod wzgl\u0119dem demograficznym Kopenhaga jest najwi\u0119ksz\u0105 gmin\u0105 w Danii, w kt\u00f3rej mieszka oko\u0142o 644 000 mieszka\u0144c\u00f3w w 2022 r., a liczba ta wzrasta do 764 000, gdy do cel\u00f3w statystycznych w\u0142\u0105czy si\u0119 jej przedmie\u015bcia w Frederiksberg, Drag\u00f8r i T\u00e5rnby. Ostatni wzrost ukszta\u0142towa\u0142a imigracja: prawie 27 procent populacji gminy na pocz\u0105tku 2022 r. mia\u0142o korzenie poza Dani\u0105, przy czym najwi\u0119ksze spo\u0142eczno\u015bci urodzone za granic\u0105 pochodzi\u0142y z Pakistanu, Turcji, Iraku, Niemiec i Polski. \u017bycie religijne odzwierciedla t\u0119 r\u00f3\u017cnorodno\u015b\u0107. Du\u0144ski Ko\u015bci\u00f3\u0142 Narodowy stanowi nieco ponad po\u0142ow\u0119 populacji, podczas gdy islam sta\u0142 si\u0119 drug\u0105 co do wielko\u015bci wiar\u0105, obejmuj\u0105c oko\u0142o 10 procent mieszka\u0144c\u00f3w i zakotwiczaj\u0105c \u017cywe spo\u0142eczno\u015bci w N\u00f8rrebro i Vestegnen. \u017bydowskie dziedzictwo Kopenhagi si\u0119ga XVII wieku i pozostaje widoczne w czynnych synagogach i Du\u0144skim Muzeum \u017bydowskim.<\/p>\n<p>Jako siedziba rz\u0105du Danii, Kopenhaga jest siedzib\u0105 Folketingu i ministerstw, kt\u00f3re kieruj\u0105 polityk\u0105 krajow\u0105. Jest r\u00f3wnie\u017c centrum finansowym kraju, zakotwiczonym przez Kopenhask\u0105 Gie\u0142d\u0119 Papier\u00f3w Warto\u015bciowych, i pot\u0119g\u0105 w us\u0142ugach \u2014 transport, komunikacja, handel i finanse zatrudniaj\u0105 wi\u0119kszo\u015b\u0107 z 350 000 pracownik\u00f3w. Na pocz\u0105tku XXI wieku inwestycje w technologie informacyjne, farmaceutyki i czyste technologie nap\u0119dza\u0142y szybk\u0105 ekspansj\u0119 w sektorze us\u0142ug. Szerszy region sto\u0142eczny odnotowa\u0142 PKB wynosz\u0105cy oko\u0142o 120 miliard\u00f3w euro w 2017 r., co plasuje go w\u015br\u00f3d najlepiej ocenianych region\u00f3w Europy pod wzgl\u0119dem produkcji na mieszka\u0144ca. Reputacja Kopenhagi jako \u015bwiatowego lidera w zielonej gospodarce opiera si\u0119 na d\u0142ugoterminowych zobowi\u0105zaniach do wzrostu niskoemisyjnego, efektywno\u015bci energetycznej i zr\u00f3wnowa\u017conego projektowania miast.<\/p>\n<p>\u017bycie akademickie t\u0119tni w ca\u0142ym mie\u015bcie. Uniwersytet Kopenhaski, za\u0142o\u017cony w 1479 r., nale\u017cy do najstarszych europejskich instytucji szkolnictwa wy\u017cszego, podczas gdy Politechnika Du\u0144ska, Copenhagen Business School i IT University of Copenhagen przyci\u0105gaj\u0105 naukowc\u00f3w z ca\u0142ego \u015bwiata. Sport r\u00f3wnie\u017c zajmuje wa\u017cne miejsce: FC Copenhagen i Br\u00f8ndby IF maj\u0105 zagorza\u0142ych fan\u00f3w w pi\u0142ce no\u017cnej, coroczny maraton kopenhaski od 1980 r. przebiega przez jego aleje, a s\u0142yn\u0105ce z przyjazno\u015bci dla rowerzyst\u00f3w ulice miasta kryj\u0105 sie\u0107 transportu publicznego \u2014 autobusy Movia, metro kopenhaskie od 2002 r., poci\u0105g S, linie Lokaltog i Coast Line \u2014 wszystkie zbiegaj\u0105ce si\u0119, aby s\u0142u\u017cy\u0107 zar\u00f3wno doje\u017cd\u017caj\u0105cym do pracy, jak i turystom. Lotnisko Kastrup, z 2,5 mln pasa\u017cer\u00f3w miesi\u0119cznie, plasuje si\u0119 na szczycie listy najbardziej ruchliwych w krajach nordyckich.<\/p>\n<p>Linia horyzontu Kopenhagi jest efektem celowej pow\u015bci\u0105gliwo\u015bci i \u015bmia\u0142ej innowacji. \u015aredniowieczne centrum znane jako Middelalderbyen przetrwa\u0142o w w\u0105skich uliczkach i staro\u017cytnych ko\u015bcio\u0142ach, zakotwiczonych przez Pa\u0142ac Christiansborg w Slotsholmen. Frederiksstaden, pomy\u015blane za czas\u00f3w Fryderyka V w XVIII wieku, umieszcza cztery rezydencje Amalienborg i kopu\u0142\u0119 ko\u015bcio\u0142a Frederika w rokokowej harmonii. Poza historycznym centrum, wsp\u00f3\u0142czesne projekty wznosz\u0105 si\u0119 na r\u00f3wninie \u00d8restad i w Holmen, w tym Opera House i nowoczesne kompleksy biurowe, jednak wola polityczna od dawna chroni\u0142a \u015br\u00f3dmie\u015bcie przed najazdem wie\u017cowc\u00f3w. Rezultatem jest miasto, kt\u00f3re honoruje swoje pionowe akcenty \u2014 zwie\u0144czone iglicami ko\u015bcio\u0142y Naszego Zbawiciela i \u015bw. Miko\u0142aja, wie\u017c\u0119 gie\u0142dow\u0105 z ogonem smoka Christiana IV \u2014 jednocze\u015bnie zachowuj\u0105c lini\u0119 horyzontu na skal\u0119 cz\u0142owieka.<\/p>\n<p>Ka\u017cda dzielnica oferuje w\u0142asne widowisko. Indre By t\u0119tni przestrzeni\u0105 dla pieszych Str\u00f8get, wystawami sztuki w Charlottenborg i urokiem kana\u0142u Nyhavn. Christianshavn, z holenderskimi drogami wodnymi i autonomiczn\u0105 enklaw\u0105 Christiania, przywo\u0142uje ducha tolerancji i kreatywno\u015bci; jego Ko\u015bci\u00f3\u0142 Naszego Zbawiciela wznosi si\u0119 w g\u00f3r\u0119 obok dom\u00f3w na wodzie i magazyn\u00f3w, kt\u00f3re obecnie s\u0142u\u017c\u0105 kuchni nordyckiej. Ogrody Tivoli w Vesterbro przywo\u0142uj\u0105 kaprys pod \u015bwiat\u0142ami diabelskich m\u0142yn\u00f3w, podczas gdy dzielnica Carlsberg zachowuje zabytki browar\u00f3w po\u015br\u00f3d miejsc kulturalnych. N\u00f8rrebro przekszta\u0142ci\u0142o si\u0119 z korzeni klasy robotniczej w t\u0119tni\u0105ce \u017cyciem wielokulturowe arterie, kt\u00f3rych kotwicami s\u0105 Sankt Hans Torv i zielone ukojenie cmentarza Assistens. Ambasady i nabrze\u017ce \u00d8sterbro oferuj\u0105 majestatyczne promenady do pos\u0105gu Ma\u0142ej Syrenki, a jej Fontanna Gefion z mitycznymi rze\u017abami znajduje si\u0119 w pobli\u017cu wa\u0142\u00f3w obronnych Kastellet. Frederiksberg wyr\u00f3\u017cnia si\u0119, jest zielon\u0105 gmin\u0105 z w\u0142asnym pa\u0142acem, zoo i alejami teatr\u00f3w. Na po\u0142udnie od mostu do Amager sklepy i kawiarnie Amagerbro przypominaj\u0105 odwiedzaj\u0105cym, \u017ce codzienne \u017cycie toczy si\u0119 tu w tempie zar\u00f3wno \u017cywym, jak i lokalnym.<\/p>\n<p>Muzea Kopenhagi wyznaczaj\u0105 kulturowe nurty miasta. Muzeum Narodowe bada histori\u0119 Danii i \u015bwiata; Statens Museum for Kunst \u015bledzi sztuk\u0119 od \u015bredniowiecznych o\u0142tarzy po wsp\u00f3\u0142czesne instalacje. Ny Carlsberg Glyptotek mie\u015bci klasyczne rze\u017aby i obrazy impresjonist\u00f3w pod przeszklonymi galeriami; Louisiana wznosi si\u0119 na brzegu na p\u00f3\u0142noc od miasta, \u0142\u0105cz\u0105c sztuk\u0119 nowoczesn\u0105 z ogrodami rze\u017ab z widokiem na \u00d8resund. Danish Design Museum, Thorvaldsens Museum neoklasycystycznej rze\u017aby, podziemne galerie Cisternerne i kolekcja sztuki XIX wieku Ordrupgaard dope\u0142niaj\u0105 konstelacj\u0119 instytucji, kt\u00f3re nagradzaj\u0105 ciekawo\u015b\u0107 i wywo\u0142uj\u0105 dialog.<\/p>\n<p>Na scenie i w salach koncertowych kopenhaskie sztuki performatywne ciesz\u0105 si\u0119 mi\u0119dzynarodowym szacunkiem. Royal Danish Playhouse i opera na Holmen organizuj\u0105 koncerty baletowe, dramatyczne i symfoniczne w miejscach cenionych zar\u00f3wno za akustyk\u0119, jak i architektoniczn\u0105 \u015bmia\u0142o\u015b\u0107. Sala koncertowa Tivoli i Jazz Festival \u2014 przyci\u0105gaj\u0105cy ameryka\u0144skich emigrant\u00f3w i rodzimych talent\u00f3w ka\u017cdego lipca \u2014 \u015bwiadcz\u0105 o tradycji jazzu \u017cywej od lat 60. XX wieku. Vega w Vesterbro, oceniana jako jedna z najlepszych europejskich sal koncertowych, oraz niszowe wydarzenia, takie jak Festival of Endless Gratitude, ukazuj\u0105 miasto dostrojone zar\u00f3wno do g\u0142\u00f3wnego nurtu, jak i eksperyment\u00f3w undergroundowych. Latem Str\u00f8get staje si\u0119 teatrem plenerowym dla ulicznych artyst\u00f3w, magik\u00f3w i muzyk\u00f3w, gdzie improwizowane wyst\u0119py przerywaj\u0105 ruch pieszych.<\/p>\n<p>Kulinarny renesans Kopenhagi wyni\u00f3s\u0142 j\u0105 na czo\u0142o \u015bwiatowej gastronomii. Ameryka\u0144scy szefowie kuchni i du\u0144scy wizjonerzy wspierali Now\u0105 Kuchni\u0119 Nordyck\u0105, a Noma i Geranium zyska\u0142y mi\u0119dzynarodowe uznanie. Sto\u0142y w mie\u015bcie zdobi pi\u0119tna\u015bcie gwiazdek Michelin, od wyrafinowanych menu degustacyjnych po eksperymentalne mieszanki lokalnych sk\u0142adnik\u00f3w pozyskiwanych w spos\u00f3b naturalny. Opr\u00f3cz haute cuisine miasto czci sm\u00f8rrebr\u00f8d \u2014 kanapki z \u017cytnim chlebem, kt\u00f3re \u0142\u0105cz\u0105 proste dodatki z rzemie\u015blniczym kunsztem \u2014 oraz du\u0144skie ciasto, kt\u00f3re niesie s\u0142odkie dziedzictwo stuleci. Conditori La Glace, nieprzerwanie dzia\u0142aj\u0105ce od 1870 roku, jest \u017cywym archiwum cukierniczego rzemios\u0142a. Tymczasem tradycja i innowacja wsp\u00f3\u0142istniej\u0105 na kopenhaskiej scenie piwnej: historyczny browar Carlsberga przewodniczy obok mikrobrowar\u00f3w, kt\u00f3re uprawiaj\u0105 piwa ale z nut\u0105 chmielu w dawnych przestrzeniach przemys\u0142owych.<\/p>\n<p>Gdy zapada noc, Kopenhaga ujawnia \u017cywotno\u015b\u0107, kt\u00f3ra zaprzecza postrzeganiu skandynawskiej pow\u015bci\u0105gliwo\u015bci. Bary i kluby w Vesterbro, N\u00f8rrebro, Frederiksberg i Amagerbro s\u0105 otwarte do p\u00f3\u017ana \u2014 niekt\u00f3re a\u017c do \u015bwitu \u2014 podczas gdy liberalna kultura alkoholowa \u0142agodzi pob\u0142a\u017cliwo\u015b\u0107 spo\u0142eczn\u0105 odpowiedzialno\u015bci\u0105. Miejsca takie jak Culture Box, Jolene i ARCH goszcz\u0105 r\u00f3\u017cnorodne t\u0142umy przyci\u0105gane muzyk\u0105 elektroniczn\u0105 i wyst\u0119pami na \u017cywo. Festiwale podkre\u015blaj\u0105 kalendarz: Copenhagen Carnival przekszta\u0142ca F\u00e6lledparken w ka\u017cd\u0105 niedziel\u0119 Zielonych \u015awi\u0105tek, Copenhell zaprasza metalowc\u00f3w do przebudowanej stoczni, Pride zst\u0119puje na City Hall Square w sierpniu, a Copenhagen Distortion o\u017cywia ulice w ca\u0142ym mie\u015bcie na pocz\u0105tku czerwca, potwierdzaj\u0105c swoj\u0105 reputacj\u0119 \u015bwi\u0119towania opartego na spo\u0142eczno\u015bci.<\/p>\n<p>To w\u0142a\u015bnie ta interakcja \u2014 mi\u0119dzy g\u0142\u0119bok\u0105 histori\u0105 a przysz\u0142o\u015bciowym designem, kr\u00f3lewskim przepychem a oddoln\u0105 kreatywno\u015bci\u0105, spokojnymi parkami i t\u0119tni\u0105cymi \u017cyciem ulicami \u2014 definiuje Kopenhag\u0119. Pod jej wie\u017cami i na nadbrze\u017cnych promenadach miasto ukazuje si\u0119 nie jako statyczny pomnik, ale jako \u017cywa narracja, nieustannie tworzona przez tych, kt\u00f3rzy spaceruj\u0105 jej alejami, wios\u0142uj\u0105 po kana\u0142ach i kszta\u0142tuj\u0105 jej lini\u0119 horyzontu. Dla ka\u017cdego odwiedzaj\u0105cego lub mieszka\u0144ca Kopenhaga oferuje zaproszenie: bycie \u015bwiadkiem tego, jak staro\u017cytna osada rozros\u0142a si\u0119 w nowoczesn\u0105 stolic\u0119, nie rezygnuj\u0105c z ludzkiej skali i \u015bwiadomo\u015bci ekologicznej, kt\u00f3re pozostaj\u0105 jej najwi\u0119kszym dziedzictwem.<\/p>","protected":false},"excerpt":{"rendered":"<p>Kopenhaga, stolica i najwi\u0119ksze miasto Danii, ma populacj\u0119 1,4 miliona mieszka\u0144c\u00f3w na swoim obszarze miejskim. Po\u0142o\u017cone na wyspach Zealand i Amager, miasto to jest przyk\u0142adem d\u0142ugiej historii, znaczenia kulturowego i si\u0142y gospodarczej. Strategiczne po\u0142o\u017cenie Kopenhagi, oddzielonej od Malm\u00f6 cie\u015bnin\u0105 \u00d8resund, znacz\u0105co wp\u0142yn\u0119\u0142o na jej rol\u0119 jako wa\u017cnego uczestnika spraw skandynawskich i europejskich.<\/p>","protected":false},"author":1,"featured_media":3002,"parent":14261,"menu_order":0,"comment_status":"closed","ping_status":"closed","template":"elementor_theme","meta":{"_eb_attr":"","footnotes":""},"class_list":["post-14301","page","type-page","status-publish","has-post-thumbnail"],"_links":{"self":[{"href":"https:\/\/travelshelper.com\/pl\/wp-json\/wp\/v2\/pages\/14301","targetHints":{"allow":["GET"]}}],"collection":[{"href":"https:\/\/travelshelper.com\/pl\/wp-json\/wp\/v2\/pages"}],"about":[{"href":"https:\/\/travelshelper.com\/pl\/wp-json\/wp\/v2\/types\/page"}],"author":[{"embeddable":true,"href":"https:\/\/travelshelper.com\/pl\/wp-json\/wp\/v2\/users\/1"}],"replies":[{"embeddable":true,"href":"https:\/\/travelshelper.com\/pl\/wp-json\/wp\/v2\/comments?post=14301"}],"version-history":[{"count":0,"href":"https:\/\/travelshelper.com\/pl\/wp-json\/wp\/v2\/pages\/14301\/revisions"}],"up":[{"embeddable":true,"href":"https:\/\/travelshelper.com\/pl\/wp-json\/wp\/v2\/pages\/14261"}],"wp:featuredmedia":[{"embeddable":true,"href":"https:\/\/travelshelper.com\/pl\/wp-json\/wp\/v2\/media\/3002"}],"wp:attachment":[{"href":"https:\/\/travelshelper.com\/pl\/wp-json\/wp\/v2\/media?parent=14301"}],"curies":[{"name":"wp","href":"https:\/\/api.w.org\/{rel}","templated":true}]}}