{"id":14292,"date":"2024-09-19T08:09:57","date_gmt":"2024-09-19T08:09:57","guid":{"rendered":"https:\/\/travelshelper.com\/staging\/?page_id=14292"},"modified":"2026-03-11T23:25:28","modified_gmt":"2026-03-11T23:25:28","slug":"aalborg","status":"publish","type":"page","link":"https:\/\/travelshelper.com\/pl\/destinations\/europe\/denmark\/aalborg\/","title":{"rendered":"Aalborg"},"content":{"rendered":"<p>Aalborg rozci\u0105ga si\u0119 wzd\u0142u\u017c najw\u0119\u017cszego odcinka Limfjordu, jego nisko po\u0142o\u017cone nabrze\u017ce jest mocno zakorzenione na \u015bredniej wysoko\u015bci zaledwie pi\u0119ciu metr\u00f3w nad poziomem morza, ale otoczone wzg\u00f3rzami, kt\u00f3re wznosz\u0105 si\u0119 na ponad sze\u015b\u0107dziesi\u0105t metr\u00f3w. Z tego punktu widokowego miasto spogl\u0105da na wsch\u00f3d w kierunku Kattegatu, oko\u0142o trzydziestu pi\u0119ciu kilometr\u00f3w dalej, podczas gdy jego \u017cy\u0142y handlowe i kulturalne rozci\u0105gaj\u0105 si\u0119 na p\u00f3\u0142noc do N\u00f8rresundby i na po\u0142udniowy zach\u00f3d w kierunku Randers, Aarhus i Kopenhagi. Czwarty co do wielko\u015bci obszar miejski Danii \u2014 zamieszkiwany przez oko\u0142o 144 000 mieszka\u0144c\u00f3w w po\u0142owie 2022 r. \u2014 Aalborg jest r\u00f3wnie\u017c kotwic\u0105 regionu P\u00f3\u0142nocnej Jutlandii, pe\u0142ni\u0105c funkcj\u0119 jego g\u0142\u00f3wnego portu, centrum przemys\u0142owego i akademickiego serca.<\/p>\n<p>Archeologiczne \u015blady wskazuj\u0105 na pierwsze osady oko\u0142o 700 r. n.e., kiedy to meandruj\u0105ce pr\u0105dy Limfjordu i bogate \u0142owiska przyci\u0105ga\u0142y na jego brzegi wytrwa\u0142ych mieszka\u0144c\u00f3w Jutlandii P\u00f3\u0142nocnej. W \u015bredniowieczu po\u0142o\u017cenie Aalborga w najw\u0119\u017cszym punkcie fiordu zapewnia\u0142o strategiczn\u0105 przewag\u0119: statki p\u0142yn\u0105ce do Kattegat lub towar\u00f3w na po\u0142udnie, wszystkie przep\u0142ywa\u0142y obok jego nabrze\u017cy. Skromny punkt handlowy przekszta\u0142ci\u0142 si\u0119 w t\u0119tni\u0105ce \u017cyciem \u015bredniowieczne miasto, kt\u00f3rego dobrobyt odzwierciedlaj\u0105 dzi\u015b szachulcowe rezydencje kupieckie, kt\u00f3re ci\u0105gn\u0105 si\u0119 wzd\u0142u\u017c \u00d8ster\u00e5gade, pozosta\u0142o\u015bci kupieckiego spo\u0142ecze\u0144stwa opartego na cechach.<\/p>\n<p>Pod koniec XIV wieku ko\u015bci\u00f3\u0142 parafialny w Budolfi zosta\u0142 przekszta\u0142cony w gotyck\u0105 katedr\u0119 po\u015bwi\u0119con\u0105 \u015bw. Botolphowi \u2014 pomnik z ceg\u0142y i ostro\u0142ukowego \u0142uku, kt\u00f3ry przetrwa\u0142 jako siedziba biskupia Aalborga. Niedaleko, na cyplu z widokiem na wod\u0119, stoi zamek Aalborghus, wzniesiony w 1550 roku za kr\u00f3la Christiana III. Jego bielone panele i pomalowane na czerwono belki przypominaj\u0105 er\u0119, w kt\u00f3rej du\u0144ska administracja kr\u00f3lewska pobiera\u0142a podatki w murach z muru pruskiego. Chocia\u017c zamek obecnie mie\u015bci urz\u0119dy miejskie, jego letnie ogrody i lochy wci\u0105\u017c przywodz\u0105 na my\u015bl inspirowane Tudorami dworskie widowiska XVI wieku.<\/p>\n<p>Dwa z najwspanialszych dom\u00f3w miejskich z XVII wieku w Danii przetrwa\u0142y na \u00d8ster\u00e5gade: Dom Jensa Banga (1624) i Dom J\u00f8rgena Olufsena (1616). Oba zbudowane z piaskowca w stylu holenderskiego renesansu, maj\u0105 wznosz\u0105ce si\u0119 szczyty, rze\u017abione ramy uszne, a w przypadku Olufsena, nienaruszony portyk magazynowy z \u017celaznym hakiem na wagi. Przez ponad trzy stulecia czteropi\u0119trowa rezydencja Jensa Banga kry\u0142a najstarsz\u0105 aptek\u0119 w mie\u015bcie; po drugiej stronie ulicy dawna siedziba Olufsena \u015bwiadczy o \u015bcis\u0142ym zwi\u0105zku mi\u0119dzy w\u0142adz\u0105 miejsk\u0105 a bogactwem handlowym, poniewa\u017c jej pierwotny w\u0142a\u015bciciel piastowa\u0142 r\u00f3wnie\u017c urz\u0105d burmistrza.<\/p>\n<p>W XIX wieku Aalborg wyr\u00f3s\u0142 ze swojego \u015bredniowiecznego zasi\u0119gu. Pod koniec XIX wieku nast\u0105pi\u0142o po\u0142\u0105czenie okolicznych wiosek \u2014 \u00d8ster Sundby, R\u00f8rdal Fabriksby, Tranders \u2014 w konurbacj\u0119 przemys\u0142ow\u0105, kt\u00f3rej populacja wzros\u0142a z czternastu tysi\u0119cy w 1880 roku do oko\u0142o trzydziestu jeden tysi\u0119cy w 1901 roku. Produkcja cementu, mielenie zbo\u017ca i destylacja akwawitu by\u0142y filarami lokalnej gospodarki. Firmy takie jak Aalborg Portland Cement i De Danske Spritfabrikker (du\u0144skie destylarnie) zyska\u0142y globaln\u0105 s\u0142aw\u0119, a nadal istniej\u0105ce kamienio\u0142omy kredowe w R\u00f8rdal i Vokslev stanowi\u0142y podstaw\u0119 regionalnych cementowni.<\/p>\n<p>W ostatnich dekadach szum ci\u0119\u017ckich maszyn ust\u0105pi\u0142 miejsca precyzji przemys\u0142u opartego na wiedzy. Produkcja wirnik\u00f3w turbin wiatrowych w Siemens Gamesa Renewable Energy, in\u017cynieria kot\u0142\u00f3w morskich w Alfa Laval i badania nad zielon\u0105 energi\u0105 na Uniwersytecie w Aalborgu nap\u0119dzaj\u0105 obecnie gospodark\u0119 miasta. Jednak obiekty portowe nadal wysy\u0142aj\u0105 zbo\u017ce, cement i spirytus na ca\u0142y \u015bwiat, podczas gdy samo nabrze\u017ce jest przeobra\u017cane w przestrze\u0144 dla przemys\u0142u kreatywnego i wypoczynku.<\/p>\n<p>Centrum miasta, po\u0142o\u017cone na glinianych brzegach biegn\u0105cych ze wschodu na zach\u00f3d, utworzonych przez dawno zaginione strumienie Vester\u00e5 i Lille\u00e5, zachowa\u0142o \u015bredniowieczn\u0105 siatk\u0119 Algade (starej ulicy targowej) flankowan\u0105 przez Bispengade i kulminuj\u0105c\u0105 na Gammeltorv, starym placu targowym. Tutaj katedra Budolfi patrzy na zach\u00f3d przez barokow\u0105 fasad\u0119 ratusza z 1762 roku, jej dach z czarnej glazury i wej\u015bcie z pilastrami oznaczaj\u0105 zmian\u0119 w kierunku formalno\u015bci o\u015bwieceniowej. Za obszarem stacji na zachodzie, Hasseris wyr\u00f3s\u0142 w XX wieku jako dzielnica willi, podczas gdy g\u0142\u00f3wny nacisk budowy skierowa\u0142 si\u0119 teraz na wsch\u00f3d od centrum, gdzie osiedla mieszkaniowe flankuj\u0105 doki robocze \u00d8sthavnen, a Centrum Utzona stoi na stra\u017cy obok nowo pomy\u015blanej sali koncertowej Musikkens Hus.<\/p>\n<p>Reputacja Aalborga jako centrum kultury opiera si\u0119 na konstelacji instytucji. Muzeum Historyczne Aalborga (za\u0142o\u017cone w 1863 r.) i Muzeum Sztuki Nowoczesnej KUNSTEN s\u0105 filarami dzielnicy muze\u00f3w, to drugie znane jest z budynku Alvara Aalto z 1972 r. i jego ogrodu rze\u017ab. Wsp\u00f3\u0142czesne dzie\u0142a znajduj\u0105 dom w Nordkraft \u2014 odnowionej elektrowni \u2014 podczas gdy Centrum Utzona, honoruj\u0105ce urodzonego w mie\u015bcie architekta J\u00f8rna Utzona, prezentuje wystawy na temat jego tw\u00f3rczo\u015bci i szerszych temat\u00f3w projektowania. Miejska orkiestra symfoniczna, opera i Aalborg Teater (1878) o\u017cywiaj\u0105 sceny przez ca\u0142y rok; wielofunkcyjne Centrum Kongres &amp; Kultur \u2014 otwarte w 1952 r. i rozbudowane w 1991 r. \u2014 go\u015bci do 2500 widz\u00f3w na balet, koncerty pop i mi\u0119dzynarodowe gwiazdy.<\/p>\n<p>Jednak najbardziej demokratycznym wydarzeniem jest coroczny karnawa\u0142 w Aalborg, odbywaj\u0105cy si\u0119 pod koniec maja. Przez trzy dni oko\u0142o 100 000 uczestnik\u00f3w gromadzi si\u0119 na paradach dla dzieci, konkursach zespo\u0142\u00f3w karnawa\u0142owych i wielkiej procesji w maskach \u2014 najwi\u0119kszej tego typu w Europie P\u00f3\u0142nocnej. R\u00f3wnie czcigodny jest targ Hjallerup, trzydniowy targ koni, kt\u00f3ry ka\u017cdego czerwca przyci\u0105ga ponad 200 000 go\u015bci, aby kupowali, sprzedawali i handlowali ko\u0144mi w wioskach na p\u00f3\u0142nocny wsch\u00f3d od miasta.<\/p>\n<p>Od momentu za\u0142o\u017cenia w 1974 r. Uniwersytet Aalborg (AAU) rozkwit\u0142 jako wiod\u0105ca instytucja akademicka w Jutlandii P\u00f3\u0142nocnej, rejestruj\u0105c ponad 20 000 student\u00f3w w 2018 r. Jego model nauczania opartego na problemach zyska\u0142 mi\u0119dzynarodowe uznanie, a jego wydzia\u0142y obejmuj\u0105 in\u017cynieri\u0119, nauki spo\u0142eczne, humanistyczne i nauki o zdrowiu. W pobli\u017cu znajduj\u0105 si\u0119 University College of Northern Denmark i Royal School of Library and Information Science, kt\u00f3re oferuj\u0105 studia zawodowe i specjalistyczne, podczas gdy Szpital Uniwersytecki w Aalborgu \u2014 za\u0142o\u017cony w 1881 r. \u2014 pozostaje najwa\u017cniejszym o\u015brodkiem medycznym regionu. Logistyka wojskowa i szkolenia w zakresie medycyny ratunkowej s\u0105 zapewniane przez Tr\u00e6nregimentet, kt\u00f3ry stacjonuje w mie\u015bcie.<\/p>\n<p>Nordjyske Arena, siedziba klubu pi\u0142karskiego Aalborg BK od momentu jego za\u0142o\u017cenia w 1885 r., by\u0142a \u015bwiadkiem czterech triumf\u00f3w w du\u0144skiej Superlidze (1994\u201395, 1998\u201399, 2007\u201308, 2013\u201314). Inne kluby to graj\u0105cy w hokeja na lodzie Aalborg Pirates, graj\u0105cy w pi\u0142k\u0119 r\u0119czn\u0105 Aalborg H\u00e5ndbold, a tak\u017ce stowarzyszenia rugby i krykieta. Parki publiczne \u2014 \u00d8stre Anl\u00e6g, Lindholm Fjordpark, Kildeparken i M\u00f8lleparken \u2014 oferuj\u0105 trasy do joggingu, pola golfowe i mokrad\u0142a b\u0119d\u0105ce rezerwatami ptak\u00f3w. Co roku \u00d8stre Anl\u00e6g przyci\u0105ga oko\u0142o 175 000 go\u015bci na swoje trawniki i jezioro, kiedy\u015b gliniank\u0119, a obecnie g\u00f3ruje nad nim ko\u015bci\u00f3\u0142 \u015bw. Marka. Tymczasem Lindholm Fjordpark, odrestaurowany ze statusu dawnego wysypiska \u015bmieci, jest miejscem, gdzie mo\u017cna obserwowa\u0107 migruj\u0105ce g\u0119si i kuliki wielkie, a tak\u017ce uprawia\u0107 windsurfing i skorzysta\u0107 z sze\u015bciodo\u0142kowego pola golfowego.<\/p>\n<p>Poszukiwania zoologiczne znajduj\u0105 dom w Aalborg Zoo (1935), gdzie w odtworzonych siedliskach mieszka oko\u0142o 1300 zwierz\u0105t z 138 gatunk\u00f3w \u2014 tygrysy, nied\u017awiedzie polarne i pingwiny. Karolinelund, zamkni\u0119ty park rozrywki z 1946 r., zosta\u0142 reaktywowany przez wolontariuszy z Platform4, kt\u00f3rych seminaria, koncerty i wystawy utrzymuj\u0105 park jako miejsce sztuki i technologii, cho\u0107 bez dawnych mechanicznych przeja\u017cd\u017cek.<\/p>\n<p>Wp\u0142ywy morskiego klimatu Aalborga \u0142agodz\u0105 pory roku: lata rzadko przekraczaj\u0105 dwadzie\u015bcia stopni Celsjusza, a zimy \u015brednio od minus trzech do plus dw\u00f3ch, z rzadkimi spadkami poni\u017cej minus pi\u0119tnastu. Opady wyst\u0119puj\u0105 przez ca\u0142y rok \u2014 pa\u017adziernik odnotowuje najwi\u0119ksze opady \u2014 a czerwiec \u015brednio ma najwi\u0119cej godzin s\u0142onecznych. Na po\u0142udniowy wsch\u00f3d le\u017cy Lille Vildmose, najwi\u0119ksze wysokie torfowisko w p\u00f3\u0142nocnej Europie, podczas gdy wrzosowiska Lasu Rold, w tym Wzg\u00f3rza Rebild, rozci\u0105gaj\u0105 si\u0119 oko\u0142o trzydziestu kilometr\u00f3w od bram miasta. Nibe Bredning w Limfjordzie, z rozleg\u0142ymi pasami trawy morskiej, jest siedliskiem tysi\u0119cy ptak\u00f3w w\u0119drownych i sygna\u0142em ekologicznej witalno\u015bci regionu.<\/p>\n<p>Po\u0142\u0105czenia kolejowe \u0142\u0105cz\u0105 Aalborg z Randers i dalej od 1869 r., a us\u0142ugi Nordjyske Jernbaner i DSB zbiegaj\u0105 si\u0119 na odnowionej stacji z 1902 r. na John F. Kennedy&#039;s Plads. Dost\u0119p drogowy odbywa si\u0119 przez E45 \u2014 rozci\u0105gaj\u0105c\u0105 si\u0119 od norweskiego Finnmarku do w\u0142oskiej Kalabrii \u2014 a tak\u017ce przez drogi krajowe do Aarhus, Frederikshavn i Kopenhagi, ta ostatnia przez Great Belt Fixed Link oddalon\u0105 o oko\u0142o 414 kilometr\u00f3w. Podr\u00f3\u017c lotnicz\u0105 obs\u0142uguje lotnisko Aalborg, sze\u015b\u0107 kilometr\u00f3w na p\u00f3\u0142nocny zach\u00f3d od centrum, kt\u00f3re obs\u0142uguje 1,4 miliona pasa\u017cer\u00f3w rocznie na dwudziestu bezpo\u015brednich trasach przez Europ\u0119 i sezonowych po\u0142\u0105czeniach dalej. S\u0105siednia baza lotnicza Aalborg uzupe\u0142nia ruch cywilny o operacje wojskowe.<\/p>\n<p>Lokalny transport publiczny ewoluowa\u0142 od bezp\u0142atnego systemu rower\u00f3w miejskich (2009\u20132014) do sieci szybkiego transportu autobusowego \u2014 Plusbus \u2014 uruchomionej we wrze\u015bniu 2023 r. Trasy autobusowe przecinaj\u0105 \u015br\u00f3dmie\u015bcie i przedmie\u015bcia, podczas gdy 44 procent mieszka\u0144c\u00f3w je\u017adzi na rowerze kilka razy w tygodniu, a 27 procent doje\u017cd\u017ca do pracy rowerem. Mosty i tunele \u0142\u0105cz\u0105 miasta partnerskie: most drogowy Limfjordsbroen (1933), dziewi\u0119cioprz\u0119s\u0142owy most kolejowy zwodzony (1938) \u2014 podnoszony oko\u0142o 4000 razy w roku dla przep\u0142ywaj\u0105cych statk\u00f3w \u2014 oraz tunel Limfjord (1969), pierwszy du\u0144ski tunel autostradowy, kt\u00f3rego trzy pasy prowadz\u0105 ruch E45 pod fiordem.<\/p>\n<p>Kiedy\u015b zdominowane przez stocznie, gorzelnie i piece cementowe, Aalborg dzi\u015b harmonizuje swoje dziedzictwo przemys\u0142owe z kulturow\u0105 odnow\u0105 i ochron\u0105 \u015brodowiska. Nabrze\u017ca ust\u0105pi\u0142y miejsca halom wystawowym, kawiarniom i deptakom; dawne dzielnice fabryczne s\u0105 teraz gospodarzami start-up\u00f3w, galerii i inkubator\u00f3w uniwersyteckich. Kr\u0119te dachy Utzon Center spogl\u0105daj\u0105 przez wod\u0119 w kierunku dawnego \u00d8stre Havn, gdzie d\u017awigi kiedy\u015b roz\u0142adowywa\u0142y w\u0119giel, a teraz przekszta\u0142cono je w pochylnie dla klub\u00f3w kajakowych i szk\u00f3\u0142 windsurfingu.<\/p>\n<p>Przez ka\u017cde stulecie swojej niemal trzynastoletniej historii Aalborg by\u0142 kszta\u0142towany przez wod\u0119 \u2014 jej pr\u0105dy, handel i zdolno\u015b\u0107 do \u0142\u0105czenia spo\u0142eczno\u015bci. W chwili obecnej ten sam fiord zaprasza mieszka\u0144c\u00f3w i turyst\u00f3w do zastanowienia si\u0119 nad przysz\u0142o\u015bci\u0105 tak dynamiczn\u0105 jak p\u0142ywy, kt\u00f3re nim kieruje, przysz\u0142o\u015bci\u0105, w kt\u00f3rej tradycja i innowacja zbiegaj\u0105 si\u0119 na brzegach Limfjordu.<\/p>","protected":false},"excerpt":{"rendered":"<p>Aalborg, czwarta co do wielko\u015bci osada miejska w Danii, ma populacj\u0119 119 862 mieszka\u0144c\u00f3w w samym mie\u015bcie i populacj\u0119 miejsk\u0105 143 598 mieszka\u0144c\u00f3w na dzie\u0144 1 lipca 2022 r. Po\u0142o\u017cone w p\u00f3\u0142nocnej cz\u0119\u015bci P\u00f3\u0142wyspu Jutlandzkiego, to dynamiczne miasto pe\u0142ni funkcj\u0119 istotnego centrum gospodarczego i kulturalnego dla tego obszaru. Strategiczne po\u0142o\u017cenie Aalborga w najw\u0119\u017cszym punkcie Limfjordu mia\u0142o kluczowe znaczenie dla jego historycznego rozwoju i znaczenia w Danii.<\/p>","protected":false},"author":1,"featured_media":2734,"parent":14261,"menu_order":0,"comment_status":"closed","ping_status":"closed","template":"elementor_theme","meta":{"_eb_attr":"","footnotes":""},"class_list":["post-14292","page","type-page","status-publish","has-post-thumbnail"],"_links":{"self":[{"href":"https:\/\/travelshelper.com\/pl\/wp-json\/wp\/v2\/pages\/14292","targetHints":{"allow":["GET"]}}],"collection":[{"href":"https:\/\/travelshelper.com\/pl\/wp-json\/wp\/v2\/pages"}],"about":[{"href":"https:\/\/travelshelper.com\/pl\/wp-json\/wp\/v2\/types\/page"}],"author":[{"embeddable":true,"href":"https:\/\/travelshelper.com\/pl\/wp-json\/wp\/v2\/users\/1"}],"replies":[{"embeddable":true,"href":"https:\/\/travelshelper.com\/pl\/wp-json\/wp\/v2\/comments?post=14292"}],"version-history":[{"count":0,"href":"https:\/\/travelshelper.com\/pl\/wp-json\/wp\/v2\/pages\/14292\/revisions"}],"up":[{"embeddable":true,"href":"https:\/\/travelshelper.com\/pl\/wp-json\/wp\/v2\/pages\/14261"}],"wp:featuredmedia":[{"embeddable":true,"href":"https:\/\/travelshelper.com\/pl\/wp-json\/wp\/v2\/media\/2734"}],"wp:attachment":[{"href":"https:\/\/travelshelper.com\/pl\/wp-json\/wp\/v2\/media?parent=14292"}],"curies":[{"name":"wp","href":"https:\/\/api.w.org\/{rel}","templated":true}]}}