{"id":14282,"date":"2024-09-19T08:01:29","date_gmt":"2024-09-19T08:01:29","guid":{"rendered":"https:\/\/travelshelper.com\/staging\/?page_id=14282"},"modified":"2026-03-11T23:24:36","modified_gmt":"2026-03-11T23:24:36","slug":"vejle","status":"publish","type":"page","link":"https:\/\/travelshelper.com\/pl\/destinations\/europe\/denmark\/vejle\/","title":{"rendered":"Vejle"},"content":{"rendered":"<p>Vejle, dziewi\u0105te co do wielko\u015bci miasto Danii, licz\u0105ce 62 011 mieszka\u0144c\u00f3w (stan na 1 stycznia 2025 r.), rozci\u0105ga si\u0119 tam, gdzie dwie doliny rzeczne spotykaj\u0105 si\u0119 z g\u0142ow\u0105 fiordu Vejle na P\u00f3\u0142wyspie Jutlandzkim. Tutaj zalesione wzg\u00f3rza stromo wznosz\u0105 si\u0119 po obu stronach wyspy z gliny lodowcowej, kt\u00f3ra niegdy\u015b by\u0142a zakotwiczeniem wczesnego osadnictwa. Przez stulecia port, w\u0119z\u0142y kolejowe, po\u0142\u0105czenia autostradowe i innowacyjna architektura kszta\u0142towa\u0142y zar\u00f3wno przemys\u0142, jak i charakter miasta. Trwaj\u0105cy dialog Vejle mi\u0119dzy naturalnymi konturami a ludzk\u0105 ambicj\u0105 ujawnia si\u0119 w ka\u017cdym zakr\u0119cie fiordu, ka\u017cdym odrestaurowanym brzegu i ka\u017cdej nowoczesnej sylwetce panoramy.<\/p>\n<p>Na skraju wody fiord Vejle rozci\u0105ga si\u0119 w g\u0142\u0105b l\u0105du od Ma\u0142ego Be\u0142tu, przyci\u0105gaj\u0105c statki na p\u00f3\u0142noc w kierunku Ba\u0142tyku i dalej przez Kattegat do Atlantyku. Pierwotne centrum miasta znajduje si\u0119 na szczycie wyspy z gliny naniesionej przez ostatni\u0105 epok\u0119 lodowcow\u0105; tutaj Torvegade pod\u0105\u017ca \u015bcie\u017ckami pierwotnie wyrze\u017abionymi przez wczesnych kupc\u00f3w, podczas gdy szklane panele osadzone w chodniku dla pieszych ods\u0142aniaj\u0105 teraz \u015blady \u015bredniowiecznej drogi targowej poni\u017cej. Chocia\u017c miasto zacz\u0119\u0142o si\u0119 jako skromny skupisko nadrzeczne, jego po\u0142o\u017cenie na dw\u00f3ch zbiegaj\u0105cych si\u0119 szlakach wodnych \u2014 rzece Vejle i w\u0119\u017cszej rzece Grejs \u2014 zapewnia\u0142o sta\u0142y przep\u0142yw towar\u00f3w, ludzi i idei.<\/p>\n<p>Nad miastem skromne wzniesienia regionu nabieraj\u0105 nieproporcjonalnie wielkiego dramatyzmu. Z najwy\u017cszym naturalnym punktem Danii ledwo przekraczaj\u0105cym 170 metr\u00f3w, wzg\u00f3rza na p\u00f3\u0142noc i po\u0142udnie od Vejle wyznaczaj\u0105 horyzont. Dolina rzeki Vejle, rozci\u0105gaj\u0105ca si\u0119 nieprzerwanie jako najd\u0142u\u017csza dolina tunelowa w kraju, kieruje wod\u0119 deszczow\u0105 w stron\u0119 fiordu przez \u0142agodnie opadaj\u0105ce brzegi; Dolina Grejs przecina si\u0119 ostrzej, rze\u017abi\u0105c najg\u0142\u0119bszy w\u0105w\u00f3z Danii. Obie doliny kiedy\u015b by\u0142y schronieniem dla ma\u0142ych spo\u0142eczno\u015bci rolniczych; dzi\u015b przecinaj\u0105 je szlaki turystyczne, kt\u00f3re ods\u0142aniaj\u0105 warstwy wapiennych wychodni, poro\u015bni\u0119te mchem g\u0142azy i szelest buk\u00f3w i d\u0119b\u00f3w.<\/p>\n<p>Serce miasta dla pieszych le\u017cy wzd\u0142u\u017c Algade, szerokiej, brukowanej ulicy pe\u0142nej sklep\u00f3w, kawiarni i centrum handlowego Bryggen. Otwarte pod koniec XX wieku Bryggen mie\u015bci trzydzie\u015bci osiem sklep\u00f3w pod jednym szklanym baldachimem, kt\u00f3rego ostre k\u0105ty odbijaj\u0105 \u015bwiat\u0142o fiordu. Niedaleko znajduje si\u0119 koncepcja Paladspassagen Social Dining, kt\u00f3ra mie\u015bci si\u0119 w dawnym centrum handlowym Mary&#039;s, przekszta\u0142caj\u0105c dawne pi\u0119tra dom\u00f3w towarowych w wsp\u00f3lne d\u0142ugie sto\u0142y i otwarte kuchnie, gdzie regionalni producenci prezentuj\u0105 dania w stylu ulicznego jedzenia na wsp\u00f3lnych d\u0142ugich sto\u0142ach, wnosz\u0105c nowe \u017cycie do niegdy\u015b cichych korytarzy.<\/p>\n<p>Przestrze\u0144 publiczna Vejle zosta\u0142a przekszta\u0142cona z r\u00f3wn\u0105 staranno\u015bci\u0105. W latach 90. plani\u015bci miejscy przyj\u0119li pierwsz\u0105 formaln\u0105 polityk\u0119 architektoniczn\u0105 Danii, nakazuj\u0105c\u0105 jako\u015b\u0107 i sp\u00f3jno\u015b\u0107 nowych inwestycji. Na brzegu wody The Wave \u2014 B\u00f8lgen \u2014 wznosi si\u0119 czterema kr\u0119tymi poziomami z bia\u0142ego betonu i szk\u0142a, z kt\u00f3rych ka\u017cdy wspornikowy wznosi si\u0119 ku niebu, na\u015bladuj\u0105c wzburzone morze. W pobli\u017cu instalacje artystyczne podkre\u015blaj\u0105 dawne nabrze\u017ca przemys\u0142owe; a w niedawnym projekcie odkryto przepust, kt\u00f3ry kiedy\u015b zakopywa\u0142 rzek\u0119 Grejs pod ulicami \u015br\u00f3dmie\u015bcia. Dzi\u015b jej czyste wody p\u0142yn\u0105 wzd\u0142u\u017c zagospodarowanego kana\u0142u, obramowanego granitowymi blokami i rodzimymi nasadzeniami.<\/p>\n<p>Sam port pochodzi z 1827 r., kiedy to otwarto pierwszy basen dla handlu przybrze\u017cnego. W po\u0142owie XX wieku Vejle sta\u0142o si\u0119 drugim najbardziej ruchliwym portem Danii po Kopenhadze. Parowce takie jak Hvidbjerg i Jeppe Jensen kiedy\u015b p\u0142ywa\u0142y po fiordzie i wybrze\u017cu, \u0142\u0105cz\u0105c Vejle z nadmorskimi kurortami i posiad\u0142o\u015bciami. Podczas gdy nowoczesne terminale towarowe nadal obs\u0142uguj\u0105 towary masowe, urbani\u015bci proponuj\u0105 teraz przekszta\u0142cenie p\u00f3\u0142nocnych dok\u00f3w w parki nadbrze\u017cne i osiedla mieszkaniowe \u2014 dzia\u0142ania, kt\u00f3re przywr\u00f3ci\u0142yby bezpo\u015brednie wizualne i fizyczne po\u0142\u0105czenie mi\u0119dzy miastem a morzem.<\/p>\n<p>Sie\u0107 transportowa Vejle rozci\u0105ga si\u0119 daleko poza fiord i port. Europejska autostrada E45 rozci\u0105ga si\u0119 nad Ma\u0142ym Be\u0142tem przez most Vejle Fjord Bridge, kt\u00f3rego dwa \u0142uki \u0142\u0105cz\u0105 wod\u0119 i niebo. Tu\u017c za mostem znajduje si\u0119 zjazd 59 \u2014 pieszczotliwie nazywany \u201eGateway E45\u201d \u2014 gdzie centra logistyczne, punkty fast-food i parkingi carpoolingowe wyznaczaj\u0105 jeden z najbardziej ruchliwych w\u0119z\u0142\u00f3w towarowych w Danii, zakotwiczony przez krajowe Centrum Transportu (DTC). Na p\u00f3\u0142nocy autostrada Mid-Jutland i g\u0142\u00f3wna droga 28 przecinaj\u0105 faliste tereny rolnicze, \u0142\u0105cz\u0105c Vejle z Herning i dalej.<\/p>\n<p>Po\u0142\u0105czenia kolejowe zbiegaj\u0105 si\u0119 tutaj tak zdecydowanie jak rzeki. Stacja kolejowa Vejle \u2014 otwarta w 1868 r. \u2014 s\u0142u\u017cy jako w\u0119ze\u0142 mi\u0119dzy lini\u0105 East Jutland Line z Aarhus a lini\u0105 Central Jutland Line ze Struer. W kierunku po\u0142udniowym linia biegnie przez Fredericia, gdzie trasy rozga\u0142\u0119ziaj\u0105 si\u0119 w kierunku Odense i Kopenhagi, w kierunku Esbjerg przez Kolding, a nawet w kierunku Hamburga. Jednak przysz\u0142o\u015b\u0107 stacji pozostaje przedmiotem debaty: niekt\u00f3rzy decydenci opowiadaj\u0105 si\u0119 za drug\u0105 przepraw\u0105 przez fiord, aby skr\u00f3ci\u0107 czas podr\u00f3\u017cy mi\u0119dzy Odense a Aarhus, co stanowi propozycj\u0119, kt\u00f3ra mog\u0142aby ca\u0142kowicie omin\u0105\u0107 stacj\u0119 Vejle.<\/p>\n<p>Dzielnice miasta oferuj\u0105 gobelin kontrast\u00f3w. Blisko centrum N\u00f8rremarken rozci\u0105ga si\u0119 na zalesionych zboczach, gdzie Vejle Stadion stoi po\u015br\u00f3d sosen. Na po\u0142udniu S\u00f8ndermarken rozci\u0105ga si\u0119 tam, gdzie kiedy\u015b sta\u0142 dawny dw\u00f3r; jego wiatrak stoi na szczycie klifu, pomalowany na bia\u0142o na tle linii drzew i pe\u0142ni\u0105cy funkcj\u0119 symbolu miasta. Dalej, dno doliny Grejsdalen jest domem dla rodzin i ciasnymi uliczkami; Hover, Lille Grundet i Store Grundet skupiaj\u0105 si\u0119 na s\u0105siaduj\u0105cych wzg\u00f3rzach. Na wschodzie M\u00f8lholm i Vinding g\u00f3ruj\u0105 nad fiordem, podczas gdy na zachodzie le\u017c\u0105 Skibet i Knabberup, wyznaczaj\u0105c granic\u0119 miasta z rozrastaj\u0105c\u0105 si\u0119 wsi\u0105.<\/p>\n<p>Przemys\u0142 i handel zawsze kszta\u0142towa\u0142y kompas Vejle. Kiedy\u015b fabryki tekstyli\u00f3w i metalurgii przyci\u0105ga\u0142y pracownik\u00f3w z ca\u0142ej Jutlandii; dzi\u015b firmy high-tech, dostawcy us\u0142ug i przedsi\u0119biorstwa logistyczne dominuj\u0105 w statystykach zatrudnienia w regionie Triangle, obok Kolding i Fredericia. Handel detaliczny nadal ma lokalne znaczenie: mieszka\u0144cy i tury\u015bci znajd\u0105 zr\u00f3\u017cnicowany wyb\u00f3r sklep\u00f3w sieciowych i specjalistycznych wzd\u0142u\u017c g\u0142\u00f3wnej promenady \u2014 a w ka\u017cdym kierunku od centrum przesiadkowego lokalne autobusy rozchodz\u0105 si\u0119 na dziewi\u0119ciu trasach, aby obs\u0142u\u017cy\u0107 ka\u017cd\u0105 dzielnic\u0119.<\/p>\n<p>Jednak Vejle to co\u015b wi\u0119cej ni\u017c przemys\u0142 i architektura; to tak\u017ce centrum sztuki i nauki. Muzeum Sztuki Vejle, odnowione w dawnej hali przemys\u0142owej, prezentuje kolekcj\u0119 W\u00f6rznera \u2014 obejmuj\u0105c\u0105 prace COBRA z po\u0142owy XX wieku \u2014 obok rzadkiej miedziorytu Rembrandta. W Muzeum Miejskim eksponaty przedstawiaj\u0105 rozw\u00f3j miasta od \u015bredniowiecznego targowiska do nowoczesnego centrum, mieszcz\u0105cego si\u0119 w dawnej prz\u0119dzalni. Po drugiej stronie miasta \u00d8kolariet oferuje interaktywne wystawy na temat ekologii i recyklingu, a jego interaktywne wystawy przyci\u0105gaj\u0105 rodziny i grupy szkolne.<\/p>\n<p>Tradycje muzyczne odbijaj\u0105 si\u0119 echem tak samo mocno, jak architektoniczne. Kompozytor Jacob Gade, znany ze swojego Tango Jalousie, urodzi\u0142 si\u0119 w pobli\u017cu; jego melodie wci\u0105\u017c rozbrzmiewaj\u0105 w programie Vejle Musikteater, kt\u00f3rego nowoczesne audytorium wychodzi na rzek\u0119. Postacie literackie, takie jak Ulrik Gr\u00e4s i Inger Christensen, r\u00f3wnie\u017c czerpa\u0142y inspiracj\u0119 z pag\u00f3rkowatych teren\u00f3w. Staranne skupienie poety na szczeg\u00f3\u0142ach odzwierciedla wielowarstwow\u0105 narracj\u0119 miasta, gdzie ka\u017cdy kamienny mur i brzeg rzeki skrywa histori\u0119 przemys\u0142u, wiary, sztuki i spo\u0142eczno\u015bci.<\/p>\n<p>Historyczne osobliwo\u015bci zaludniaj\u0105 najstarsze dzielnice Vejle. Ko\u015bci\u00f3\u0142 \u015bw. Miko\u0142aja, pochodz\u0105cy z po\u0142owy XIII wieku, kryje cia\u0142o z bagna znane jako kobieta Haraldsk\u00e6r, ekshumowane z pobliskiego torfowiska z nienaruszon\u0105 sk\u00f3r\u0105 i w\u0142osami. Na jednej ze \u015bcian, s\u0142abe wg\u0142\u0119bienia, jak si\u0119 m\u00f3wi, s\u0105 odciskami czaszek straconych rabusi\u00f3w, kt\u00f3rzy czaili si\u0119 w lesie \u2014 lokalna legenda, kt\u00f3ra nadaje kamiennej krypcie niepokoj\u0105cy charakter. S\u0105siedni Stary Dom Wi\u0119zienny, zintegrowany z Ratuszem, otrzyma\u0142 nagrod\u0119 za upi\u0119kszanie po renowacji w 1984 roku, a jego ma\u0142e cele teraz rozbrzmiewaj\u0105 opowie\u015bciami z przewodnikiem, a nie wi\u0119ziennymi pie\u015bniami.<\/p>\n<p>Tu\u017c za fiordem znajduj\u0105 si\u0119 kolejne atrakcje. Rodziny pielgrzymuj\u0105 do oryginalnego Legolandu w Billund, trzydzie\u015bci kilometr\u00f3w na po\u0142udniowy zach\u00f3d, docieraj\u0105c tam regularnym autobusem z centrum przesiadkowego Vejle. Mi\u0142o\u015bnicy historii zapuszczaj\u0105 si\u0119 do Jelling, kt\u00f3rego kamienie runiczne z X wieku i kurhany stanowi\u0105 najwa\u017cniejsze du\u0144skie miejsce \u015bwiatowego dziedzictwa UNESCO, upami\u0119tniaj\u0105ce kr\u00f3lewskie nawr\u00f3cenia z epoki wiking\u00f3w. Blisko\u015b\u0107 tych miejsc w Vejle wzbogaca jego w\u0142asn\u0105 sie\u0107 kulturaln\u0105, pozycjonuj\u0105c miasto jako bram\u0119 i cel podr\u00f3\u017cy.<\/p>\n<p>Cho\u0107 skromne w skali, narracyjne \u0142uki Vejle s\u0105 rozleg\u0142e. To miejsce, w kt\u00f3rym geologia lodowcowa spotyka si\u0119 z najnowocze\u015bniejszym designem, gdzie \u015bredniowieczne drogi targowe le\u017c\u0105 pod nowoczesnymi promenadami, a doliny wydeptane przez drogi wodne staj\u0105 si\u0119 zielonymi arteriami do eksploracji. W swoich sklepach i salach koncertowych, m\u0142ynach i muzeach Vejle podtrzymuje dialog mi\u0119dzy przesz\u0142o\u015bci\u0105 a przysz\u0142o\u015bci\u0105. Tutaj, w fa\u0142dach zalesionych wzg\u00f3rz i wzd\u0142u\u017c zakr\u0119tu fiordu, miasto nadal definiuje siebie \u2014 nie przez pust\u0105 retoryk\u0119, ale przez trwa\u0142\u0105 interakcj\u0119 krajobrazu, pracy i tw\u00f3rczej wizji.<\/p>","protected":false},"excerpt":{"rendered":"<p>Vejle, malownicze miasto fiordowe po\u0142o\u017cone w po\u0142udniowej Jutlandii w Danii, ma populacj\u0119 61 706 os\u00f3b w 2024 r., co plasuje je na dziewi\u0105tym miejscu pod wzgl\u0119dem wielko\u015bci w kraju. Po\u0142o\u017cone na skrzy\u017cowaniu Vejle\u00c5dal i Grejsdalen, gdzie zbiegaj\u0105 si\u0119 one z wewn\u0119trzn\u0105 cz\u0119\u015bci\u0105 fiordu Vejle, obszar ten jest przyk\u0142adem historycznego znaczenia i naturalnej estetyki Danii.<\/p>","protected":false},"author":1,"featured_media":4494,"parent":14261,"menu_order":0,"comment_status":"closed","ping_status":"closed","template":"elementor_theme","meta":{"_eb_attr":"","footnotes":""},"class_list":["post-14282","page","type-page","status-publish","has-post-thumbnail"],"_links":{"self":[{"href":"https:\/\/travelshelper.com\/pl\/wp-json\/wp\/v2\/pages\/14282","targetHints":{"allow":["GET"]}}],"collection":[{"href":"https:\/\/travelshelper.com\/pl\/wp-json\/wp\/v2\/pages"}],"about":[{"href":"https:\/\/travelshelper.com\/pl\/wp-json\/wp\/v2\/types\/page"}],"author":[{"embeddable":true,"href":"https:\/\/travelshelper.com\/pl\/wp-json\/wp\/v2\/users\/1"}],"replies":[{"embeddable":true,"href":"https:\/\/travelshelper.com\/pl\/wp-json\/wp\/v2\/comments?post=14282"}],"version-history":[{"count":0,"href":"https:\/\/travelshelper.com\/pl\/wp-json\/wp\/v2\/pages\/14282\/revisions"}],"up":[{"embeddable":true,"href":"https:\/\/travelshelper.com\/pl\/wp-json\/wp\/v2\/pages\/14261"}],"wp:featuredmedia":[{"embeddable":true,"href":"https:\/\/travelshelper.com\/pl\/wp-json\/wp\/v2\/media\/4494"}],"wp:attachment":[{"href":"https:\/\/travelshelper.com\/pl\/wp-json\/wp\/v2\/media?parent=14282"}],"curies":[{"name":"wp","href":"https:\/\/api.w.org\/{rel}","templated":true}]}}