{"id":14261,"date":"2024-09-18T23:04:01","date_gmt":"2024-09-18T23:04:01","guid":{"rendered":"https:\/\/travelshelper.com\/staging\/?page_id=14261"},"modified":"2026-03-11T23:25:49","modified_gmt":"2026-03-11T23:25:49","slug":"dania","status":"publish","type":"page","link":"https:\/\/travelshelper.com\/pl\/destinations\/europe\/denmark\/","title":{"rendered":"Dania"},"content":{"rendered":"<p>Dania wy\u0142ania si\u0119 na p\u00f3\u0142nocnym kra\u0144cu kontynentu europejskiego jako kr\u00f3lestwo zdefiniowane w r\u00f3wnym stopniu przez dziedzictwo morskie i ciche rozleg\u0142e r\u00f3wniny. Nordycki nar\u00f3d o skromnym l\u0105dzie, ale znacznym wp\u0142ywie, zajmuje po\u0142udniowe kra\u0144ce P\u00f3\u0142wyspu Skandynawskiego i rozprzestrzenia si\u0119 na ponad czterysta wysp. Jego to\u017csamo\u015b\u0107 jest nierozerwalnie zwi\u0105zana z morzem, jego historia ukszta\u0142towana przez morsk\u0105 pot\u0119g\u0119, a jego nowoczesny charakter ukszta\u0142towany we wzajemnym oddzia\u0142ywaniu p\u0142askich, \u017cyznych p\u00f3l i zmieniaj\u0105cych si\u0119 p\u0142yw\u00f3w Morza P\u00f3\u0142nocnego i Ba\u0142tyku.<\/p>\n<p>Przyleg\u0142a cz\u0119\u015b\u0107 Danii, cz\u0119sto nazywana \u201eDani\u0105 kontynentaln\u0105\u201d lub \u201eDania w\u0142a\u015bciw\u0105\u201d, obejmuje P\u00f3\u0142wysep Jutlandzki i archipelag 406 wysp, z kt\u00f3rych 78 utrzymuje sta\u0142e spo\u0142eczno\u015bci. Na p\u00f3\u0142nocy i wschodzie smuk\u0142e zatoki Morza Ba\u0142tyckiego i P\u00f3\u0142nocnego eroduj\u0105 piaszczyste brzegi, daj\u0105c pocz\u0105tek wydmom w p\u00f3\u0142nocnych rejonach Jutlandii i rozleg\u0142ym p\u0142askim terenom p\u0142ywowym wzd\u0142u\u017c po\u0142udniowo-zachodniego wybrze\u017ca, gdzie przyp\u0142yw mo\u017ce cofn\u0105\u0107 si\u0119 nawet o dziesi\u0119\u0107 kilometr\u00f3w. \u017baden punkt nie le\u017cy dalej ni\u017c pi\u0119\u0107dziesi\u0105t dwa kilometry od morza, a samo morze otacza oko\u0142o 8750 kilometr\u00f3w linii brzegowej p\u0142yw\u00f3w, \u015bledz\u0105c kontury ma\u0142ych zatok i p\u00f3\u0142wysp\u00f3w, kt\u00f3re definiuj\u0105 p\u0142ynn\u0105 granic\u0119 kraju.<\/p>\n<p>W\u015br\u00f3d tych wysp prym wiedzie Zelandia. Znajduje si\u0119 tam Kopenhaga, stolica kraju i jego kulturalne serce, a tak\u017ce mieszka tam prawie czterdzie\u015bci procent ludno\u015bci kraju, a jej skromny pi\u0119tnastoprocentowy udzia\u0142 w terytorium Danii jest niewielki. Nast\u0119pna jest Fionia i wyspa p\u00f3\u0142nocnej Jutlandii, a Bornholm jest osobnym miejscem, uwi\u0119zionym na Ba\u0142tyku, oko\u0142o 150 kilometr\u00f3w od reszty kr\u00f3lestwa. G\u0142\u00f3wne wyspy \u0142\u0105cz\u0105 mosty: po\u0142\u0105czenie \u00d8resund z Malm\u00f6 w Szwecji, sta\u0142e po\u0142\u0105czenie Wielkiego Be\u0142tu mi\u0119dzy Zelandi\u0105 a Fioni\u0105 oraz most Ma\u0142ego Be\u0142tu \u0142\u0105cz\u0105cy Fioni\u0119 z Jutlandi\u0105. Promy i lekkie samoloty zapewniaj\u0105 \u0142\u0105czno\u015b\u0107 z bardziej odleg\u0142ymi enklawami.<\/p>\n<p>L\u0105d le\u017cy nisko. \u015arednia wysoko\u015b\u0107 trzydziestu jeden metr\u00f3w nad poziomem morza daje w du\u017cej mierze p\u0142askie wn\u0119trze, przerywane jedynie \u0142agodnie faluj\u0105cymi r\u00f3wninami i najwy\u017cszym punktem kraju, M\u00f8lleh\u00f8j, na wysoko\u015bci 170,86 metr\u00f3w. Ten skromny szczyt mimo wszystko zapewnia Danii miejsce w\u015br\u00f3d kraj\u00f3w nordyckich jako najni\u017cszy \u201enajwy\u017cszy punkt\u201d ze wszystkich. Ludzkie wysi\u0142ki na rzecz odzyskania ziemi przeciwdzia\u0142aj\u0105 nieustannej pracy fal, podczas gdy polodowcowe odbicie \u2014 subtelne, ale sta\u0142e \u2014 wprowadza now\u0105 lini\u0119 brzegow\u0105 w tempie oko\u0142o jednego centymetra rocznie na p\u00f3\u0142nocy i wschodzie.<\/p>\n<p>Od 2007 r. Dania podzieli\u0142a si\u0119 na pi\u0119\u0107 region\u00f3w, z kt\u00f3rych ka\u017cdy podzielony jest na gminy \u2014 dziewi\u0119\u0107dziesi\u0105t osiem po konsolidacji, kt\u00f3ra zmniejszy\u0142a poprzedni\u0105 liczb\u0119 271. Te w\u0142adze regionalne i gminne nadzoruj\u0105 opiek\u0119 zdrowotn\u0105, edukacj\u0119 i infrastruktur\u0119 na szczeblu lokalnym. Prowincje, konstrukcje statystyczne, kt\u00f3re zagnie\u017cd\u017caj\u0105 si\u0119 mi\u0119dzy regionami i gminami, kieruj\u0105 planowaniem bez sprawowania w\u0142adzy politycznej. Ostatnie wybory gminne, kt\u00f3re odby\u0142y si\u0119 w listopadzie 2021 r., potwierdzi\u0142y praktyk\u0119 reprezentacji proporcjonalnej, kt\u00f3ra jest r\u00f3wnoleg\u0142a z krajowym systemem wyborczym.<\/p>\n<p>Pocz\u0105tki Danii si\u0119gaj\u0105 VIII wieku n.e., kiedy wodzowie Wiking\u00f3w zjednoczyli si\u0119 pod morskim sztandarem, aby walczy\u0107 o kontrol\u0119 nad ba\u0142tyckim handlem. W 1397 r. Unia Kalmarska zwi\u0105za\u0142a Dani\u0119, Norwegi\u0119 i Szwecj\u0119 pod jedn\u0105 koron\u0105, unia, kt\u00f3ra rozpad\u0142a si\u0119 wraz z wyj\u015bciem Szwecji w 1523 r. i przetrwa\u0142a jako Dania\u2013Norwegia, a\u017c wojny XVII wieku zmusi\u0142y Dani\u0119 do oddania dalszych terytori\u00f3w rosn\u0105cemu w si\u0142\u0119 kr\u00f3lestwu niemieckiemu.<\/p>\n<p>To\u017csamo\u015b\u0107 narodowa ukszta\u0142towa\u0142a si\u0119 w XIX wieku. Kl\u0119ska w pierwszej wojnie szlezwickiej (1848\u20131851) i utrata ksi\u0119stw na rzecz Prus i Austrii sk\u0142oni\u0142y Du\u0144czyk\u00f3w do sp\u00f3jno\u015bci spo\u0142ecznej. Wrzosowiska w Jutlandii zosta\u0142y wykarczowane pod upraw\u0119 roln\u0105, gdy r\u00f3s\u0142 ruch chrze\u015bcija\u0144ski Indremission, a nowa konstytucja z 5 czerwca 1849 r. zast\u0105pi\u0142a monarchi\u0119 absolutn\u0105 systemem parlamentarnym opartym na wolno\u015bciach obywatelskich i reprezentacji ludu.<\/p>\n<p>Industrializacja nast\u0105pi\u0142a w po\u0142owie XIX wieku. Dania wykorzysta\u0142a swoje \u017cyzne gleby, aby sta\u0107 si\u0119 g\u0142\u00f3wnym eksporterem produkt\u00f3w rolnych. Reformy spo\u0142eczne w prawie pracy i opieki spo\u0142ecznej na pocz\u0105tku XX wieku po\u0142o\u017cy\u0142y podwaliny pod gospodark\u0119 mieszan\u0105 i kompleksowe pa\u0144stwo opieku\u0144cze. Neutralna w I wojnie \u015bwiatowej Dania odkry\u0142a, \u017ce \u200b\u200bjej neutralno\u015b\u0107 zosta\u0142a zniszczona w kwietniu 1940 r., gdy wojska niemieckie dokona\u0142y inwazji, co wywo\u0142a\u0142o okupacj\u0119, kt\u00f3ra zako\u0144czy\u0142a si\u0119 wyzwoleniem w maju 1945 r. Secesja Islandii w 1944 r. oznacza\u0142a pierwszy krok od wsp\u00f3lnego kr\u00f3lestwa. W 1973 r. Dania do\u0142\u0105czy\u0142a do Europejskiej Wsp\u00f3lnoty Gospodarczej wraz z Grenlandi\u0105 (Wyspy Owcze zrezygnowa\u0142y z cz\u0142onkostwa), zapewniaj\u0105c korzystne wi\u0119zi gospodarcze, a jednocze\u015bnie chroni\u0105c pewne wyj\u0105tki, w szczeg\u00f3lno\u015bci koron\u0119.<\/p>\n<p>W styczniu 2025 r. populacja Danii osi\u0105gn\u0119\u0142a 5,99 mln, zamieszkuj\u0105c kraj znany z jednego z najwy\u017cszych na \u015bwiecie \u015brednich wieku \u2014 42,2 lat. Skromny wska\u017anik urodze\u0144, zr\u00f3wnowa\u017cony przez imigracj\u0119 netto, utrzymuje roczn\u0105 stop\u0119 wzrostu na poziomie 0,44 procent. Du\u0144ski model opieki spo\u0142ecznej, finansowany przez jedne z najwy\u017cszych na \u015bwiecie stawek podatkowych, zapewnia powszechn\u0105 opiek\u0119 zdrowotn\u0105, bezp\u0142atne szkolnictwo wy\u017csze ze stypendiami studenckimi, dotowan\u0105 opiek\u0119 nad dzie\u0107mi i emerytury. Redystrybucja dochod\u00f3w daje jeden z najni\u017cszych wsp\u00f3\u0142czynnik\u00f3w Giniego w Europie, a g\u0119sto\u015b\u0107 zwi\u0105zk\u00f3w zawodowych, zakotwiczona w negocjacjach zbiorowych, wynios\u0142a 68 procent w 2015 r. Minimalna p\u0142aca, po\u015brednio ustalana za po\u015brednictwem porozumie\u0144 sektorowych, przy\u0107miewa t\u0119 w wi\u0119kszo\u015bci kraj\u00f3w rozwini\u0119tych.<\/p>\n<p>Du\u0144skie spo\u0142ecze\u0144stwo niezmiennie plasuje si\u0119 w\u015br\u00f3d najszcz\u0119\u015bliwszych na \u015bwiecie. Edukacja i jako\u015b\u0107 opieki zdrowotnej, obok niskich nier\u00f3wno\u015bci i powszechnego poczucia odpowiedzialno\u015bci spo\u0142ecznej, le\u017c\u0105 u podstaw tej pozycji. Wielokrotne umieszczanie Danii na szczycie lub w jego pobli\u017cu w World Happiness Report odzwierciedla zaufanie spo\u0142ecze\u0144stwa do instytucji i namacalne korzy\u015bci stabilnej umowy spo\u0142ecznej.<\/p>\n<p>Dania, po\u0142o\u017cona pomi\u0119dzy wp\u0142ywami kontynentalnymi i morskimi, cieszy si\u0119 umiarkowanym klimatem. Zimy s\u0105 ch\u0142odne, stycze\u0144 oznacza oko\u0142o 1,5 \u00b0C, a lata \u0142agodne, ze \u015bredni\u0105 sierpniow\u0105 w pobli\u017cu 17,2 \u00b0C. Pogoda zmienia si\u0119 szybko \u2014 jesie\u0144 przynosi najwi\u0119ksze roczne opady, a wiosna najsuchsze. Rekordowe temperatury wahaj\u0105 si\u0119 od \u201331,2 \u00b0C w 1982 r. do 36,4 \u00b0C w 1975 r. Ekstremalne warunki dzienne odzwierciedlaj\u0105 wysokie szeroko\u015bci geograficzne kraju: dni w \u015brodku zimy trwaj\u0105 zaledwie siedem godzin, podczas gdy czas letni wyd\u0142u\u017ca \u015bwiat\u0142o s\u0142oneczne do prawie osiemnastu godzin. W \u015brodku lata przed\u0142u\u017caj\u0105cy si\u0119 zmierzch sprawia, \u017ce \u200b\u200bprawdziwa noc jest prawie niezauwa\u017calna.<\/p>\n<p>Du\u0144skie szlaki wodne i jeziora \u2014 ponad tysi\u0105c, szesna\u015bcie o powierzchni przekraczaj\u0105cej 500 hektar\u00f3w \u2014 krzy\u017cuj\u0105 si\u0119 na tym terenie. G\u0142\u00f3wne rzeki, takie jak Guden\u00e5 w Jutlandii oraz Odense i Sus\u00e5 na Fionii i Zelandii, odpowiednio, od\u017cywia\u0142y historyczne osady i obecnie wspieraj\u0105 rekreacyjne \u017ceglarstwo. Ekosystemy przybrze\u017cne, wydmy i wrzosowiska podtrzymuj\u0105 r\u00f3\u017cnorodn\u0105 flor\u0119 i faun\u0119. Odwiedzaj\u0105cy rzadko s\u0105 nara\u017ceni na niebezpiecze\u0144stwo ze strony dzikich zwierz\u0105t; jeden jadowity w\u0105\u017c, \u017cmija europejska, jest nie\u015bmia\u0142y i rzadko spotykany, podczas gdy morskie zagro\u017cenia, takie jak ostroszowiec wi\u0119kszy i okazjonalne meduzy, sk\u0142aniaj\u0105 do ostro\u017cno\u015bci, a nie strachu.<\/p>\n<p>Gospodarka Danii nale\u017cy do najbardziej konkurencyjnych i wolnych gospodarczo na \u015bwiecie. W 2022 r. zajmowa\u0142a \u00f3sme miejsce na \u015bwiecie pod wzgl\u0119dem dochodu narodowego brutto na mieszka\u0144ca (PPP) i dziesi\u0105te nominalnie. Us\u0142ugi stanowi\u0105 oko\u0142o siedemdziesi\u0119ciu pi\u0119ciu procent PKB, produkcja pi\u0119tna\u015bcie, a rolnictwo poni\u017cej dw\u00f3ch. G\u0142\u00f3wne sektory eksportowe obejmuj\u0105 turbiny wiatrowe \u2014 znak rozpoznawczy Danii w dziedzinie energii odnawialnej \u2014 farmaceutyki, maszyny, produkty spo\u017cywcze i meble. Wi\u0119kszo\u015b\u0107 handlu pozostaje w Unii Europejskiej, a g\u0142\u00f3wnymi partnerami eksportowymi Danii s\u0105 Niemcy, Szwecja, Wielka Brytania i Stany Zjednoczone.<\/p>\n<p>D\u0142ugotrwa\u0142a nadwy\u017cka bilansu p\u0142atniczego przekszta\u0142ci\u0142a Dani\u0119 w kraj wierzyciela netto w po\u0142owie 2018 r., podczas gdy polityka krajowa odzwierciedla silne zaanga\u017cowanie na rzecz wolnego handlu i globalizacji. Opinia publiczna przyjmuje otwarte rynki; badanie z 2016 r. wykaza\u0142o, \u017ce pi\u0119\u0107dziesi\u0105t siedem procent Du\u0144czyk\u00f3w uwa\u017ca globalizacj\u0119 za szans\u0119.<\/p>\n<p>Chocia\u017c Dania uczestniczy w jednolitym rynku europejskim i Mechanizmie Kursowym II, referendum z 2000 r. odrzuci\u0142o pe\u0142ne przyj\u0119cie euro. P\u00f3\u017aniejsze sonda\u017ce \u2014 ostatnio w listopadzie 2023 r. \u2014 pokazuj\u0105 sta\u0142\u0105 niech\u0119\u0107 w\u015br\u00f3d elektoratu, przy czym oko\u0142o dwie trzecie jest przeciwnych przyst\u0105pieniu do strefy euro.<\/p>\n<p>Kompaktowa geografia Danii i zaanga\u017cowanie w \u0142\u0105czno\u015b\u0107 zainspirowa\u0142y ambitn\u0105 infrastruktur\u0119. Sta\u0142e po\u0142\u0105czenie Fehmarn Belt, budowane od 2021 r., zapewni po\u0142\u0105czenie kolejowe i drogowe z Niemcami. W obr\u0119bie Danii sie\u0107 autostrad umo\u017cliwia teraz nieprzerwan\u0105 podr\u00f3\u017c z Frederikshavn na p\u00f3\u0142nocy do Kopenhagi na wschodzie. Us\u0142ugi kolei pasa\u017cerskiej, obs\u0142ugiwane przez DSB i wspierane przez konserwacj\u0119 tor\u00f3w Banedanmark, uzupe\u0142niaj\u0105 mi\u0119dzynarodowe trasy promowe przez Morze Ba\u0142tyckie i Morze P\u00f3\u0142nocne.<\/p>\n<p>Port lotniczy Kopenhaga, obs\u0142uguj\u0105cy prawie trzydzie\u015bci milion\u00f3w pasa\u017cer\u00f3w w 2024 r., plasuje si\u0119 na szczycie listy najbardziej ruchliwych lotnisk w Skandynawii. Regionalne lotniska w Billund, Aalborg i Aarhus rozszerzaj\u0105 krajowe i ograniczone po\u0142\u0105czenia mi\u0119dzynarodowe. Flagowy przewo\u017anik linii lotniczych, Scandinavian Airlines, \u0142\u0105czy Dani\u0119 z globaln\u0105 sieci\u0105.<\/p>\n<p>Jazda na rowerze pozostaje kamieniem w\u0119gielnym kultury. Sieci miejskie i wiejskie przekraczaj\u0105 12 000 kilometr\u00f3w, w tym oko\u0142o 7000 kilometr\u00f3w wydzielonych \u015bcie\u017cek. W Kopenhadze ponad po\u0142owa doje\u017cd\u017caj\u0105cych do pracy je\u017adzi na rowerze codziennie, co podkre\u015bla projekt miasta zorientowany na rowery. Wysokie podatki samochodowe \u2014 obejmuj\u0105ce 150-procentow\u0105 op\u0142at\u0119 rejestracyjn\u0105 i 25-procentowy podatek VAT \u2014 \u0142agodz\u0105 w\u0142asno\u015b\u0107 pojazd\u00f3w prywatnych, co daje jedn\u0105 z najstarszych flot samochodowych na \u015bwiecie, kt\u00f3rej \u015bredni wiek wynosi ponad dziewi\u0119\u0107 lat.<\/p>\n<p>Du\u0144ski jest j\u0119zykiem narodowym. Jest zrozumia\u0142y dla wszystkich, podobnie jak szwedzki i norweski, podczas gdy niemiecki jest oficjalnym j\u0119zykiem mniejszo\u015bciowym w po\u0142udniowej Jutlandii. Znajomo\u015b\u0107 j\u0119zyka angielskiego jest powszechna \u2014 osiemdziesi\u0105t sze\u015b\u0107 procent deklaruje umiej\u0119tno\u015b\u0107 konwersacji \u2014 a nast\u0119pnie niemiecki (czterdzie\u015bci siedem procent). J\u0119zyki tubylcze na zamorskich terytoriach kr\u00f3lestwa \u2014 farerski i kalaallisut \u2014 odzwierciedlaj\u0105 pluralistyczn\u0105 kompozycj\u0119 kr\u00f3lestwa.<\/p>\n<p>Chrze\u015bcija\u0144stwo dominuje w krajobrazie religijnym, siedemdziesi\u0105t jeden procent Du\u0144czyk\u00f3w jest zarejestrowanych w Ko\u015bciele lutera\u0144skim Danii. Jednak regularne nabo\u017ce\u0144stwa s\u0105 rzadko\u015bci\u0105; tylko trzy procent uczestniczy w cotygodniowych nabo\u017ce\u0144stwach, a wiara odgrywa ograniczon\u0105 rol\u0119 w codziennym \u017cyciu wielu os\u00f3b. Post\u0119powa polityka spo\u0142eczna okre\u015bli\u0142a nowoczesn\u0105 to\u017csamo\u015b\u0107 Danii: by\u0142a pierwszym krajem, kt\u00f3ry zalegalizowa\u0142 pornografi\u0119 w 1969 r., pierwszym, kt\u00f3ry ustanowi\u0142 zarejestrowane zwi\u0105zki partnerskie dla par tej samej p\u0142ci w 1989 r. i pierwszym, kt\u00f3ry zast\u0105pi\u0142 je pe\u0142n\u0105 r\u00f3wno\u015bci\u0105 ma\u0142\u017ce\u0144sk\u0105 w 2012 r.<\/p>\n<p>Od obserwacji nieba Tycho Brahego po kwantowe spostrze\u017cenia Nielsa Bohra, du\u0144scy naukowcy pozostawili niezatarty \u015blad na wiedzy o \u015bwiecie. Literackie wk\u0142ady \u2014 ba\u015bnie Hansa Christiana Andersena, egzystencjalne medytacje S\u00f8rena Kierkegaarda, sugestywne narracje Karen Blixen \u2014 nale\u017c\u0105 do klasyki literatury europejskiej. W XX wieku innowacja filmowa rozkwit\u0142a pod wp\u0142ywem ruchu Dogmy 95, rzucaj\u0105c \u015bwiat\u0142o na autor\u00f3w takich jak Lars von Trier i Thomas Vinterberg.<\/p>\n<p>Dziedzictwo architektoniczne obejmuje roma\u0144skie wie\u017ce ko\u015bcielne i gotyckie katedry, renesansowe pa\u0142ace budowane przez holenderskich mistrz\u00f3w i barokowe budowle z XVII wieku. Neoklasycyzm, narodowy romantyzm, a p\u00f3\u017aniej nordycki klasycyzm \u015bledz\u0105 ewolucj\u0119 du\u0144skiego gustu. Fala funkcjonalizmu lat 60., kt\u00f3rej or\u0119downikiem by\u0142 Arne Jacobsen, wynios\u0142a takie postacie jak J\u00f8rn Utzon do \u015bwiatowego uznania; jego projekt Opery w Sydney u\u015bwi\u0119ci\u0142 du\u0144sk\u0105 pomys\u0142owo\u015b\u0107 na \u015bwiatowej scenie. Wsp\u00f3\u0142czesne talenty, zw\u0142aszcza Bjarke Ingels, nadal rozwijaj\u0105 tradycj\u0119 pomys\u0142owej formy opartej na ludzkiej skali.<\/p>\n<p>Du\u0144ski design, charakteryzuj\u0105cy si\u0119 pow\u015bci\u0105gliwym minimalizmem i integralno\u015bci\u0105 materia\u0142u, przekszta\u0142ci\u0142 meble, produkty przemys\u0142owe i artyku\u0142y gospodarstwa domowego. Luminarze tacy jak Hans Wegner, Finn Juhl, Verner Panton i B\u00f8rge Mogensen pozostaj\u0105 punktami odniesienia dla przejrzysto\u015bci linii i funkcjonalnej elegancji. Wyrafinowana ceramika Royal Porcelain Factory jest przyk\u0142adem tradycji rzemie\u015blniczej podtrzymywanej przez stulecia.<\/p>\n<p>Zakorzeniona w polach i fiordach, kuchnia du\u0144ska odzwierciedla sezonowo\u015b\u0107 i lokalno\u015b\u0107. Otwarte kanapki z chleba \u017cytniego, sm\u00f8rrebr\u00f8d, prezentuj\u0105 kombinacje \u015bledzia, w\u0119dlin i marynowanych warzyw z kunsztown\u0105 prostot\u0105. Obfite dania \u2014 frikadeller (klopsiki), fl\u00e6skesteg (pieczona wieprzowina ze skwarkami) i kogt torsk (gotowany dorsz) \u2014 \u015bwiadcz\u0105 o dziedzictwie zrodzonym z zimnych zim i \u017cyznych r\u00f3wnin.<\/p>\n<p>Od lat 70. francuskie zasady kulinarne inspirowa\u0142y lokale gastronomiczne, co osi\u0105gn\u0119\u0142o punkt kulminacyjny w ruchu New Nordic. Szefowie kuchni przyj\u0119li sk\u0142adniki pozyskiwane ze zwierz\u0105t i czysto\u015b\u0107 smaku, co zapewni\u0142o kopenhaskim restauracjom Geranium i Noma s\u0142aw\u0119 oznaczon\u0105 gwiazdkami Michelin. Rezultatem jest krajowa reputacja gastronomiczna, kt\u00f3ra \u0142\u0105czy tradycj\u0119 i awangardow\u0105 kreatywno\u015b\u0107.<\/p>\n<p>Du\u0144skie obiekty \u015bwiatowego dziedzictwa UNESCO \u2014 od kopc\u00f3w Jelling i katedry w Roskilde po zamek Kronborg i par force krajobraz my\u015bliwski p\u00f3\u0142nocnej Zelandii \u2014 podkre\u015blaj\u0105 rozdzia\u0142y rz\u0105d\u00f3w wiking\u00f3w, \u015bredniowiecznej pobo\u017cno\u015bci i kr\u00f3lewskich prerogatyw. Na Grenlandii Ilulissat Icefjord i tereny \u0142owieckie Aasivissuit\u2013Nipisat upami\u0119tniaj\u0105 zar\u00f3wno si\u0142y lodowcowe, jak i styl \u017cycia Inuit\u00f3w pod sztandarem kr\u00f3lestwa.<\/p>\n<p>Miasta Danii prezentuj\u0105 r\u00f3\u017cnorodne uroki. Kopenhaga, z jej ulicami otoczonymi kana\u0142ami i okaza\u0142ymi pa\u0142acami, przeplata historyczn\u0105 tkank\u0119 z najnowocze\u015bniejszym wzornictwem. Aarhus, kulturalne centrum Jutlandii, jest gospodarzem wielu muze\u00f3w sztuki, zrekonstruowanego miasta na \u015bwie\u017cym powietrzu i m\u0142odzie\u0144czej energii zakotwiczonej przez uniwersytet. Aalborg zachowuje morski urok obok t\u0119tni\u0105cego \u017cyciem nocnego \u017cycia w Jomfru Ane Gade. Odense, miejsce urodzenia Andersena, zaprasza do eksploracji \u015bredniowiecznych uliczek i muzeum Funen Village. Esbjerg, miasto portowe przekszta\u0142cone w centrum energetyczne, le\u017cy u progu Parku Narodowego Morza Wattowego. Mniejsze o\u015brodki \u2014 Roskilde z muzeum statk\u00f3w wiking\u00f3w, Skagen na styku dw\u00f3ch m\u00f3rz, dzielnica zamkowa S\u00f8nderborg \u2014 oferuj\u0105 rozwa\u017cania na temat historii i miejsca.<\/p>\n<p>Poza l\u0105dem wyspy takie jak Bornholm kusz\u0105 okr\u0105g\u0142ymi ko\u015bcio\u0142ami i dramatycznymi klifami. Wiejska cisza Lolland-Falster zapewnia dost\u0119p do kredowego zbocza M\u00f8n, podczas gdy model energii odnawialnej Sams\u00f8 tworzy ramy zr\u00f3wnowa\u017conej sielanki. Odleg\u0142e wysepki \u2014 pustynne piaski Anholt, rezerwat ptak\u00f3w Ertholmene, kryte strzech\u0105 z wodorost\u00f3w domy L\u00e6s\u00f8 \u2014 nagradzaj\u0105 podr\u00f3\u017cnik\u00f3w ch\u0119tnych do poszukiwania samotno\u015bci. Ka\u017cda lokalizacja wnosi odr\u0119bny aspekt do sp\u00f3jnej, ale wieloaspektowej to\u017csamo\u015bci Danii.<\/p>\n<p>Dania nale\u017cy do najbezpieczniejszych kraj\u00f3w \u015bwiata. Kl\u0119ski \u017cywio\u0142owe zdarzaj\u0105 si\u0119 rzadko, a spotkania z dzikimi zwierz\u0119tami rzadko stanowi\u0105 powa\u017cne zagro\u017cenie. Odwiedzaj\u0105cym zaleca si\u0119 jednak uszanowanie u\u017c\u0105dlenia przez ostrosza wi\u0119kszego w p\u0142ytkich wodach i sprawdzenie, czy nie ma kleszczy po wycieczkach do lasu. Zakwity meduz mog\u0105 pojawi\u0107 si\u0119 wzd\u0142u\u017c brzeg\u00f3w, ale s\u0105 \u0142atwe do zauwa\u017cenia i unikni\u0119cia.<\/p>\n<p>W swojej zwartej formie Dania uosabia r\u00f3wnowag\u0119 mi\u0119dzy tradycj\u0105 a innowacj\u0105, mi\u0119dzy wolno\u015bci\u0105 jednostki a odpowiedzialno\u015bci\u0105 wsp\u00f3lnotow\u0105. Jej geografia zach\u0119ca do zaanga\u017cowania si\u0119 w morze, jej historia podkre\u015bla odporno\u015b\u0107, a jej struktury spo\u0142eczne demonstruj\u0105 determinacj\u0119 do sprawiedliwego podzia\u0142u szans. Dla podr\u00f3\u017cnika Dania nie oferuje parady poczt\u00f3wkowych scen, ale cich\u0105, uporczyw\u0105 opowie\u015b\u0107 o spo\u0142ecze\u0144stwie ukszta\u0142towanym przez wiatr i wod\u0119, przez rytmy rolnictwa i pr\u0105dy my\u015bli. Tutaj nowoczesne \u017cycie rozwija si\u0119 na tle p\u00f3l i fiord\u00f3w, designu i demokracji, zapraszaj\u0105c do refleksji nad tym, jak najstarsze wci\u0105\u017c istniej\u0105ce kr\u00f3lestwo r\u00f3wnowa\u017cy ci\u0105g\u0142o\u015b\u0107 ze zmian\u0105.<\/p>","protected":false},"excerpt":{"rendered":"<p>Dania, kraj nordycki po\u0142o\u017cony w po\u0142udniowo-centralnej cz\u0119\u015bci Europy P\u00f3\u0142nocnej, ma populacj\u0119 oko\u0142o 6 milion\u00f3w mieszka\u0144c\u00f3w. Kopenhaga, stolica i najwi\u0119ksze miasto kraju, ma populacj\u0119 oko\u0142o 767 000, podczas gdy jej obszar metropolitalny obejmuje oko\u0142o 1,9 miliona mieszka\u0144c\u00f3w. To suwerenne pa\u0144stwo stanowi najludniejsz\u0105 i najbardziej metropolitaln\u0105 cz\u0119\u015b\u0107 Kr\u00f3lestwa Danii, konstytucyjnie jednolitego podmiotu, kt\u00f3ry obejmuje autonomiczne terytoria Wysp Owczych i Grenlandii na p\u00f3\u0142nocnym Oceanie Atlantyckim.<\/p>","protected":false},"author":1,"featured_media":3056,"parent":24078,"menu_order":0,"comment_status":"closed","ping_status":"closed","template":"elementor_theme","meta":{"_eb_attr":"","footnotes":""},"class_list":["post-14261","page","type-page","status-publish","has-post-thumbnail"],"_links":{"self":[{"href":"https:\/\/travelshelper.com\/pl\/wp-json\/wp\/v2\/pages\/14261","targetHints":{"allow":["GET"]}}],"collection":[{"href":"https:\/\/travelshelper.com\/pl\/wp-json\/wp\/v2\/pages"}],"about":[{"href":"https:\/\/travelshelper.com\/pl\/wp-json\/wp\/v2\/types\/page"}],"author":[{"embeddable":true,"href":"https:\/\/travelshelper.com\/pl\/wp-json\/wp\/v2\/users\/1"}],"replies":[{"embeddable":true,"href":"https:\/\/travelshelper.com\/pl\/wp-json\/wp\/v2\/comments?post=14261"}],"version-history":[{"count":0,"href":"https:\/\/travelshelper.com\/pl\/wp-json\/wp\/v2\/pages\/14261\/revisions"}],"up":[{"embeddable":true,"href":"https:\/\/travelshelper.com\/pl\/wp-json\/wp\/v2\/pages\/24078"}],"wp:featuredmedia":[{"embeddable":true,"href":"https:\/\/travelshelper.com\/pl\/wp-json\/wp\/v2\/media\/3056"}],"wp:attachment":[{"href":"https:\/\/travelshelper.com\/pl\/wp-json\/wp\/v2\/media?parent=14261"}],"curies":[{"name":"wp","href":"https:\/\/api.w.org\/{rel}","templated":true}]}}