{"id":14246,"date":"2024-09-18T22:49:18","date_gmt":"2024-09-18T22:49:18","guid":{"rendered":"https:\/\/travelshelper.com\/staging\/?page_id=14246"},"modified":"2026-03-11T23:39:32","modified_gmt":"2026-03-11T23:39:32","slug":"tallinn","status":"publish","type":"page","link":"https:\/\/travelshelper.com\/pl\/destinations\/europe\/estonia\/tallinn\/","title":{"rendered":"Tallinn"},"content":{"rendered":"<p>Tallinn stoi na kraw\u0119dzi wiek\u00f3w zmieniaj\u0105cych si\u0119 imperi\u00f3w i nowoczesnej reinwencji, jego \u015bredniowieczne mury obronne ust\u0119puj\u0105 miejsca szklanym wie\u017com biurowym, kt\u00f3re pulsuj\u0105 cyfrow\u0105 ambicj\u0105. Jako stolica Estonii i g\u0142\u00f3wny o\u015brodek gospodarczy, daje schronienie oko\u0142o 461 000 mieszka\u0144c\u00f3w w hrabstwie Harju na po\u0142udniowym brzegu Zatoki Fi\u0144skiej. Tysi\u0105c lat handlu, podboj\u00f3w i wymiany kulturalnej pozostawi\u0142o miasto zar\u00f3wno czcigodne, jak i patrz\u0105ce w przysz\u0142o\u015b\u0107, gdzie wapienne klify spotykaj\u0105 si\u0119 z b\u0142yszcz\u0105cymi startupami, gdzie brukowane \u0142by prowadz\u0105 od klasztornych kru\u017cgank\u00f3w do przestrzeni coworkingowych.<\/p>\n<p>Od pierwszych ludzkich \u015blad\u00f3w oko\u0142o pi\u0119ciu tysi\u0119cy lat temu do zgie\u0142ku prom\u00f3w \u0142\u0105cz\u0105cych go z Helsinkami, Sztokholmem i Sankt Petersburgiem, istota Tallina zosta\u0142a ukszta\u0142towana przez morze i kamie\u0144. Jego Stare Miasto, kt\u00f3remu przyznano prawa miejskie Lubeki w 1248 r., pozostaje jednym z najwspanialszych \u015bredniowiecznych zespo\u0142\u00f3w Europy, zwie\u0144czonym ufortyfikowanym wzg\u00f3rzem Toompea i opasanym staro\u017cytnymi wie\u017cami mur\u00f3w miejskich. Jednak te same wybrze\u017ca, kt\u00f3re wita\u0142y hanzeatyckich kupc\u00f3w, teraz s\u0105 domem dla szerokopasmowych kabli i Centrum Doskona\u0142o\u015bci Obrony Cybernetycznej NATO, podkre\u015blaj\u0105c miasto b\u0119d\u0105ce jednocze\u015bnie stra\u017cnikiem dziedzictwa i awangard\u0105 ery cyfrowej.<\/p>\n<p>Rzut oka na horyzont ujawnia trzy p\u00f3\u0142wyspy \u2014 Kopli, Paljassaare, Kakum\u00e4e \u2014 wcinaj\u0105ce si\u0119 w Zatok\u0119, a ich publiczne pla\u017ce oferuj\u0105 wytchnienie od letnich temperatur, kt\u00f3re wynosz\u0105 \u015brednio od 19 do 22 \u00b0C dziennie. W g\u0142\u0119bi l\u0105du, Jezioro \u00dclemiste, o powierzchni 9,4 km\u00b2, najwi\u0119ksze jezioro miasta, cicho zaopatruje Tallin w wod\u0119; mniejsze Jezioro Harku le\u017cy na zachodzie. Ukryta sie\u0107 staro\u017cytnych dolin wyrze\u017abionych przez rzek\u0119, wype\u0142nionych piaskami i glinami czwartorz\u0119dowymi, stanowi podstaw\u0119 tkanki miejskiej, podczas gdy ods\u0142oni\u0119cia wapienia ordowickiego tworz\u0105 Ba\u0142tycki Klint, kt\u00f3ry przebiega przez Toompea i dalej. Najwy\u017cszy naturalny punkt, 64 m nad poziomem morza w dystrykcie Hiiu w N\u00f5mme, oferuje widoki zar\u00f3wno na zalesione grzbiety, jak i na odleg\u0142e rozrastaj\u0105ce si\u0119 nowoczesne przedmie\u015bcia.<\/p>\n<p>Pod wzgl\u0119dem klimatycznym Tallin r\u00f3wnowa\u017cy morsk\u0105 umiarkowan\u0105 temperatur\u0119 z kontynentalnymi ekstremami. Zimy utrzymuj\u0105 si\u0119 w pobli\u017cu zera, ze \u015bredni\u0105 temperatur\u0105 lutego wynosz\u0105c\u0105 \u20133,6 \u00b0C i sporadycznymi opadami zimna spadaj\u0105cymi poni\u017cej \u201318 \u00b0C; miasto pokrywa \u015bnieg, a zachmurzenie ogranicza grudniowe s\u0142o\u0144ce do zaledwie 21 godzin. Z kolei dni w \u015brodku lata rozci\u0105gaj\u0105 si\u0119 na ponad osiemna\u015bcie godzin \u015bwiat\u0142a, przy czym lipiec ma \u015bredni\u0105 temperatur\u0119 17,6 \u00b0C i mo\u017ce pochwali\u0107 si\u0119 ponad 300 godzinami s\u0142o\u0144ca. Roczne opady wynosz\u0105ce oko\u0142o 700 mm spadaj\u0105 r\u00f3wnomiernie, chocia\u017c miesi\u0105ce wiosenne s\u0105 najsuchsze, a \u015brodek lata przynosi najintensywniejsze deszcze. Ta zmienno\u015b\u0107 przynios\u0142a Tallinowi w\u0105tpliwe wyr\u00f3\u017cnienie najbardziej nieprzewidywalnej pogody w stolicy Europy w badaniu z 2021 r.<\/p>\n<p>Administracyjnie miasto dzieli si\u0119 na osiem linnaosa \u2014 dzielnic, kt\u00f3rych wybrani starsi doradzaj\u0105 rz\u0105dowi centralnemu w sprawach lokalnych. W ich obr\u0119bie znajduje si\u0119 osiemdziesi\u0105t cztery asum, dzielnice, z kt\u00f3rych ka\u017cda ma oficjalne granice i odr\u0119bn\u0105 to\u017csamo\u015b\u0107. Podmiejskie zabudowania z czas\u00f3w sowieckich, takie jak Mustam\u00e4e i Lasnam\u00e4e, ostro kontrastuj\u0105 z zalesionymi willami N\u00f5mme i dzielnic\u0105 rzemie\u015blnicz\u0105 Kalamaja. Niedawna rewitalizacja dawnych stref przemys\u0142owych \u2014 Rotermanni, Noblessner, Dvigatel \u2014 jeszcze bardziej zszy\u0142a talli\u0144sk\u0105 gobelin przesz\u0142o\u015bci i tera\u017aniejszo\u015bci.<\/p>\n<p>Demograficznie Tallin jest najbardziej kosmopolitycznym miastem Estonii. Przed II wojn\u0105 \u015bwiatow\u0105 etniczni Esto\u0144czycy stanowili ponad osiemdziesi\u0105t procent populacji; dekady okupacji sowieckiej zmniejszy\u0142y ten udzia\u0142 do nieco ponad po\u0142owy do 2022 roku. Spo\u0142eczno\u015bci rosyjskoj\u0119zyczne stanowi\u0105 obecnie prawie jedn\u0105 trzeci\u0105 mieszka\u0144c\u00f3w, wiele z nich posiada obywatelstwo esto\u0144skie obok znacz\u0105cych mniejszo\u015bci Ukrai\u0144c\u00f3w, Fin\u00f3w i innych narodowo\u015bci. Esto\u0144ski pozostaje j\u0119zykiem urz\u0119dowym, chocia\u017c rosyjski zachowuje wa\u017cne miejsce w \u017cyciu codziennym, a angielski s\u0142u\u017cy jako lingua franca biznesu i turystyki.<\/p>\n<p>Energia gospodarcza Tallina znajduje odzwierciedlenie w jego panoramie l\u015bni\u0105cych wie\u017cowc\u00f3w i cyfrowych kampus\u00f3w. Ponad po\u0142owa PKB Estonii pochodzi st\u0105d, nap\u0119dzana przez logistyk\u0119 port\u00f3w morskich, us\u0142ugi finansowe i pr\u0119\u017cnie rozwijaj\u0105cy si\u0119 sektor technologii informacyjnych. Reputacja Estonii jako \u201eDoliny Krzemowej nad Morzem Ba\u0142tyckim\u201d zosta\u0142a ugruntowana przez rodzimych gigant\u00f3w, takich jak Skype i Wise, a tak\u017ce przez obecno\u015b\u0107 agencji IT UE i cybercentrum NATO. W 2012 r. Tallin by\u0142 liderem wszystkich europejskich stolic pod wzgl\u0119dem liczby startup\u00f3w na mieszka\u0144ca; dekad\u0119 p\u00f3\u017aniej nadal plasuje si\u0119 w pierwszej dziesi\u0105tce miast cyfrowych na \u015bwiecie i \u015bwieci jako \u201e\u015bredniej wielko\u015bci europejskie miasto przysz\u0142o\u015bci\u201d.<\/p>\n<p>Port w Tallinie pozostaje jedn\u0105 z najbardziej ruchliwych bram morskich regionu ba\u0142tyckiego, obs\u0142uguj\u0105c \u0142adunki w Muuga i promy pasa\u017cerskie w Old City Harbour. Sam terminal wycieczkowy obs\u0142u\u017cy\u0142 ponad p\u00f3\u0142 miliona podr\u00f3\u017cnych w 2013 r., a po\u0142\u0105czenia do Helsinek odbywaj\u0105 si\u0119 osiem razy dziennie. Sie\u0107 transportu publicznego w mie\u015bcie \u2014 autobusy, tramwaje, trolejbusy \u2014 dzia\u0142a w ramach systemu taryf rycza\u0142towych, opartego na technologii RFID, kt\u00f3ry sta\u0142 si\u0119 bezp\u0142atny dla zarejestrowanych mieszka\u0144c\u00f3w w 2013 r. Us\u0142ugi kolei podmiejskiej rozci\u0105gaj\u0105 si\u0119 na wsch\u00f3d i zach\u00f3d od Baltic Station, podczas gdy poci\u0105gi mi\u0119dzymiastowe Elron \u0142\u0105cz\u0105 si\u0119 z Tartu, Narw\u0105 i dalej. Planowana infrastruktura, taka jak Rail Baltica i proponowany tunel helsi\u0144ski, obiecuj\u0105 jeszcze bardziej zintegrowa\u0107 Tallinn z europejsk\u0105 sieci\u0105.<\/p>\n<p>Kultura rozkwita zar\u00f3wno w galeriach, jak i na scenach plenerowych. Ponad sze\u015b\u0107dziesi\u0105t muze\u00f3w obejmuje \u015bredniowieczne sale cechowe, skrzyd\u0142a pa\u0142acowe i przerobione biura s\u0142u\u017cb specjalnych. Oddzia\u0142y Esto\u0144skiego Muzeum Sztuki \u2014 od nowoczesnych galerii Kumu po barokowe salony Pa\u0142acu Kadriorg \u2014 przedstawiaj\u0105 nurty artystyczne od XVIII wieku do wsp\u00f3\u0142czesnych eksperyment\u00f3w. Muzeum Okupacji i Wolno\u015bci Vabamu oraz Muzeum KGB s\u0105 \u015bwiadkami mroczniejszych rozdzia\u0142\u00f3w, podczas gdy muzea morskie i miejskie celebruj\u0105 morsk\u0105 wiedz\u0119 i ewolucj\u0119 miejsk\u0105.<\/p>\n<p>Dwa razy na dekad\u0119 Song Festival Grounds rozbrzmiewa harmoni\u0105 ponad trzydziestu tysi\u0119cy g\u0142os\u00f3w w Laulupidu, wpisanym na list\u0119 UNESCO pokazie odporno\u015bci kulturowej, kt\u00f3ry kiedy\u015b pom\u00f3g\u0142 rozpu\u015bci\u0107 w\u0142adz\u0119 sowieck\u0105. Niedaleko, Tallinn Black Nights Film Festival przyci\u0105ga co jesie\u0144 ponad siedemdziesi\u0105t pi\u0119\u0107 tysi\u0119cy kinoman\u00f3w, prezentuj\u0105c setki film\u00f3w i tworz\u0105c centrum kinematografii w Europie P\u00f3\u0142nocnej. Nawet miejskie sale degustacyjne i kawiarnie piel\u0119gnuj\u0105 tradycj\u0119: Maiasmokk, za\u0142o\u017cony w 1864 roku na ulicy Pikk, nadal serwuje marcepanowe s\u0142odycze, kt\u00f3re kiedy\u015b by\u0142y prezentowane na rosyjskim dworze cesarskim, podczas gdy browary rzemie\u015blnicze i gorzelnie w\u00f3dki produkuj\u0105 lokalne interpretacje wiekowych receptur.<\/p>\n<p>Kuchnia tutaj odzwierciedla przyp\u0142yw i odp\u0142yw p\u00f3\u0142nocnego handlu: szproty konserwowane go\u017adzikami i pieprzem tworz\u0105 v\u00fcrtsikilu, podawane na ciemnym \u017cytnim w kultowym kiluv\u00f5ileib; tre\u015bciwe gulasze i pikle odzwierciedlaj\u0105 hanzeatyckie powi\u0105zania z Lubek\u0105 i Nowogrodem. Martsipan, niegdy\u015b przepisywany jako lek w aptece ratusza w 1695 r., obecnie zdobi cukiernie wzd\u0142u\u017c w\u0105skich uliczek Starego Miasta. Latem kawiarnie na \u015bwie\u017cym powietrzu wylewaj\u0105 si\u0119 na bruk, oferuj\u0105c kanapki z czarnego chleba, sa\u0142atki fen seeon i sezonowe jagody \u015bwie\u017ce z pobliskich las\u00f3w.<\/p>\n<p>Turystyka przep\u0142ywa przez warstwy czasu miasta. W dolnych dzielnicach Starego Miasta, Raekoja Platts t\u0119tni \u017cyciem pod smuk\u0142\u0105 iglic\u0105 ko\u015bcio\u0142a \u015bw. Olafa, podczas gdy powy\u017cej, na Toompea, majestatyczne kopu\u0142y i wie\u017cyczki oznaczaj\u0105 siedziby w\u0142adzy. Cebulowe kopu\u0142y katedry Aleksandra Newskiego stoj\u0105 w surowym dialogu z gotyck\u0105 sylwetk\u0105 katedry \u015bw. Marii. Za \u015bredniowiecznym rdzeniem, zadbane ogrody Kadriorg skrywaj\u0105 letni pa\u0142ac Piotra Wielkiego i Muzeum Sztuki Kumu. W Pirita, bia\u0142e \u017cagle zdobi\u0105 marin\u0119 zbudowan\u0105 na regaty \u017ceglarskie Olympic w 1980 roku, a Ogr\u00f3d Botaniczny i Wie\u017ca Telewizyjna \u015bwiadcz\u0105 o nowoczesnych ambicjach Estonii.<\/p>\n<p>Niezale\u017cnie od tego, czy \u015bledzimy \u015bcie\u017ck\u0119 ukrytego strumienia, kt\u00f3ry jest teraz pogrzebany pod ulicami miasta, czy \u015bledzimy zmieniaj\u0105ce si\u0119 kontury obcych w\u0142adc\u00f3w Estonii, Tallin nagradza tych, kt\u00f3rzy s\u0142uchaj\u0105 jego warstwowych ech. Zach\u0119ca do refleksji nad wytrzyma\u0142o\u015bci\u0105 spo\u0142eczno\u015bci w obliczu surowych p\u00f3\u0142nocnych klimat\u00f3w, nad bezproblemowym przyjmowaniem nowych technologii w staro\u017cytnych murach. W ka\u017cdym wapiennym \u0142uku, w ka\u017cdej starannie zaplanowanej drodze i ka\u017cdym w\u0142\u00f3knie danych pod portem miasto opowiada histori\u0119 przetrwania i ponownego wynalezienia. Urok Tallina nie le\u017cy w powierzchownym oczarowaniu, ale w jasno\u015bci, z jak\u0105 ujawnia swoj\u0105 w\u0142asn\u0105 histori\u0119 \u2014 i w obietnicy to\u017csamo\u015bci, kt\u00f3re maj\u0105 si\u0119 dopiero ujawni\u0107.<\/p>","protected":false},"excerpt":{"rendered":"<p>Tallin, stolica i najwi\u0119ksze miasto Estonii, jest symbolem historii, kultury i innowacji wzd\u0142u\u017c Morza Ba\u0142tyckiego. Ta dynamiczna metropolia, licz\u0105ca ponad 461 000 mieszka\u0144c\u00f3w (stan na 2024 r.), pe\u0142ni funkcj\u0119 g\u0142\u00f3wnego o\u015brodka administracyjnego, finansowego, przemys\u0142owego i kulturalnego kraju. Po\u0142o\u017cony nad zatok\u0105 w p\u00f3\u0142nocnej Estonii, Tallinn ma korzystne po\u0142o\u017cenie nad Zatok\u0105 Fi\u0144sk\u0105, kt\u00f3re od wiek\u00f3w wp\u0142ywa na jego los, czyni\u0105c z niego wa\u017cny w\u0119ze\u0142 komunikacyjny w regionie Morza Ba\u0142tyckiego.<\/p>","protected":false},"author":1,"featured_media":3666,"parent":14240,"menu_order":0,"comment_status":"closed","ping_status":"closed","template":"elementor_theme","meta":{"_eb_attr":"","footnotes":""},"class_list":["post-14246","page","type-page","status-publish","has-post-thumbnail"],"_links":{"self":[{"href":"https:\/\/travelshelper.com\/pl\/wp-json\/wp\/v2\/pages\/14246","targetHints":{"allow":["GET"]}}],"collection":[{"href":"https:\/\/travelshelper.com\/pl\/wp-json\/wp\/v2\/pages"}],"about":[{"href":"https:\/\/travelshelper.com\/pl\/wp-json\/wp\/v2\/types\/page"}],"author":[{"embeddable":true,"href":"https:\/\/travelshelper.com\/pl\/wp-json\/wp\/v2\/users\/1"}],"replies":[{"embeddable":true,"href":"https:\/\/travelshelper.com\/pl\/wp-json\/wp\/v2\/comments?post=14246"}],"version-history":[{"count":0,"href":"https:\/\/travelshelper.com\/pl\/wp-json\/wp\/v2\/pages\/14246\/revisions"}],"up":[{"embeddable":true,"href":"https:\/\/travelshelper.com\/pl\/wp-json\/wp\/v2\/pages\/14240"}],"wp:featuredmedia":[{"embeddable":true,"href":"https:\/\/travelshelper.com\/pl\/wp-json\/wp\/v2\/media\/3666"}],"wp:attachment":[{"href":"https:\/\/travelshelper.com\/pl\/wp-json\/wp\/v2\/media?parent=14246"}],"curies":[{"name":"wp","href":"https:\/\/api.w.org\/{rel}","templated":true}]}}