{"id":14240,"date":"2024-09-18T22:41:43","date_gmt":"2024-09-18T22:41:43","guid":{"rendered":"https:\/\/travelshelper.com\/staging\/?page_id=14240"},"modified":"2026-03-11T23:33:52","modified_gmt":"2026-03-11T23:33:52","slug":"estonia","status":"publish","type":"page","link":"https:\/\/travelshelper.com\/pl\/destinations\/europe\/estonia\/","title":{"rendered":"Estonia"},"content":{"rendered":"<p>Estonia le\u017cy na wschodnim brzegu Morza Ba\u0142tyckiego, smuk\u0142a republika licz\u0105ca oko\u0142o 1,37 miliona mieszka\u0144c\u00f3w, kt\u00f3rej gleba i duch zrodzi\u0142y zar\u00f3wno poga\u0144skie obrz\u0119dy, jak i rewolucje cyfrowe. Na obszarze 45 335 km\u00b2 \u2014 obejmuj\u0105cym ponad 2300 wysp \u2014 ta p\u00f3\u0142nocna kraina ewoluowa\u0142a od osad neolitycznych z 9 000 r. p.n.e. w jedn\u0105 z najbardziej zaawansowanych cyfrowo demokracji w Europie, szczyc\u0105c\u0105 si\u0119 cz\u0142onkostwem w strefie euro, sojuszem NATO i reputacj\u0105 przejrzystego zarz\u0105dzania. Od wapiennych urwisk p\u00f3\u0142nocnego wybrze\u017ca po torfowiska po\u0142udniowych wy\u017cyn, teren i ludzie Estonii \u015bledz\u0105 histori\u0119 obcego panowania, narodowego przebudzenia, okupacji radzieckiej i pokojowej \u201e\u015bpiewaj\u0105cej rewolucji\u201d, kt\u00f3ra przywr\u00f3ci\u0142a niepodleg\u0142o\u015b\u0107 20 sierpnia 1991 r.<\/p>\n<p>Od niepami\u0119tnych czas\u00f3w plemiona esto\u0144skie gromadzi\u0142y si\u0119 wzd\u0142u\u017c rzek i jezior. \u015aredniowieczna konwersja na chrze\u015bcija\u0144stwo zosta\u0142a narzucona dopiero po krucjatach p\u00f3\u0142nocnych w XIII wieku, jednak pozosta\u0142o\u015bci przedchrze\u015bcija\u0144skich zwyczaj\u00f3w przetrwa\u0142y w folklorze i pie\u015bniach runicznych. Wieki wp\u0142yw\u00f3w Krzy\u017cak\u00f3w, du\u0144skich monarch\u00f3w, polskich kr\u00f3l\u00f3w, szwedzkich pan\u00f3w i wreszcie Imperium Rosyjskiego niewiele zrobi\u0142y, aby st\u0142umi\u0107 rodzim\u0105 to\u017csamo\u015b\u0107, kt\u00f3ra rozgorza\u0142a w narodowym przebudzeniu w po\u0142owie XIX wieku. Deklaracja niepodleg\u0142o\u015bci w lutym 1918 r. zainaugurowa\u0142a mi\u0119dzywojenn\u0105 republik\u0119 opart\u0105 na idea\u0142ach demokratycznych, tylko po to, aby neutralno\u015b\u0107 za\u0142ama\u0142a si\u0119 pod okupacj\u0105 sowieck\u0105 i niemieck\u0105. Przez ca\u0142\u0105 zimn\u0105 wojn\u0119 dyplomaci emigracyjni i rz\u0105d na uchod\u017astwie zachowali ci\u0105g\u0142o\u015b\u0107 prawn\u0105 Estonii, dop\u00f3ki pa\u0144stwo ba\u0142tyckie nie odzyska\u0142o swojej suwerenno\u015bci poprzez pokojowe masowe protesty i ch\u00f3ralny op\u00f3r.<\/p>\n<p>Topograficznie republika rozwija si\u0119 \u0142agodnymi gradientami. P\u00f3\u0142nocne i zachodnie niziny ust\u0119puj\u0105 miejsca wy\u017cynom Pandivere, Sakala i Otep\u00e4\u00e4, podczas gdy Suur Munam\u00e4gi, na wysoko\u015bci 318 metr\u00f3w, g\u00f3ruje nad wzg\u00f3rzami Haanja. Z 1560 naturalnych jezior Estonii, rozleg\u0142y obszar Peipus graniczy z Rosj\u0105, a V\u00f5rtsj\u00e4rv le\u017cy ca\u0142kowicie w jej obr\u0119bie. Mniej ni\u017c tuzin rzek przekracza 100 kilometr\u00f3w, a najwa\u017cniejsze z nich to V\u00f5handu i P\u00e4rnu. Prawie jedna czwarta powierzchni kraju jest oznaczona bagnami i mokrad\u0142ami \u2014 spl\u0105tanymi terenami podmok\u0142ymi, gdzie torf i las bagienny zbiegaj\u0105 si\u0119 \u2014 oferuj\u0105c schronienie gatunkom wymar\u0142ym gdzie indziej w Europie.<\/p>\n<p>Klimat tutaj nie jest ani ca\u0142kowicie kontynentalny, ani czysto morski, ale kszta\u0142towany przez p\u00f3\u0142nocnoatlantyckie cyklony i \u0142agodz\u0105cy zasi\u0119g Ba\u0142tyku. Zimowe odwil\u017ce przybywaj\u0105 przedwcze\u015bnie na wybrze\u017ca, podczas gdy letnie ciep\u0142o utrzymuje si\u0119, gdy zachodnie bryzy \u0142agodz\u0105 upa\u0142y \u015br\u00f3dl\u0105dowe. \u015arednie temperatury oscyluj\u0105 mi\u0119dzy -3,8 \u00b0C w lutym a 17,8 \u00b0C w lipcu, przy czym ekstremalne warto\u015bci odnotowano na poziomie -43,5 \u00b0C w 1940 r. i 35,6 \u00b0C w 1992 r. Roczne opady wynosz\u0105 \u015brednio 662 mm; nas\u0142onecznienie trwa od zaledwie trzech tuzin\u00f3w godzin w grudniu do prawie 300 w sierpniu. Dzie\u0144 wyd\u0142u\u017ca si\u0119 do 18 godzin i 40 minut w \u015brodku lata i kurczy si\u0119 do sze\u015bciu godzin po przesileniu zimowym, zapewniaj\u0105c \u201ebia\u0142e noce\u201d od maja do lipca.<\/p>\n<p>Mozaika las\u00f3w, p\u00f3l, wysp i teren\u00f3w podmok\u0142ych stanowi podstaw\u0119 jednej z najbogatszych bior\u00f3\u017cnorodno\u015bci w Europie. Oko\u0142o 19,4 procent powierzchni Estonii jest formalnie chronione \u2014 sze\u015b\u0107 park\u00f3w narodowych, ponad dwie\u015bcie obszar\u00f3w chronionych i ponad sto rezerwat\u00f3w krajobrazowych. Korytarze migracyjne przenosz\u0105 miliony ptak\u00f3w wr\u00f3blowatych i ptactwa wodnego przez niebo, ustanawiaj\u0105c europejskie rekordy pod wzgl\u0119dem r\u00f3\u017cnorodno\u015bci i liczebno\u015bci. Sosny, brzozy i \u015bwierki dominuj\u0105 w lasach, zapewniaj\u0105c schronienie du\u017cym ssakom, od rysia i nied\u017awiedzia brunatnego po reintrodukowan\u0105 nork\u0119 europejsk\u0105 na Hiiumaa. W\u0105sate kr\u00f3lestwa p\u0142az\u00f3w i gad\u00f3w rozwijaj\u0105 si\u0119 po\u015br\u00f3d 330 gatunk\u00f3w ptak\u00f3w zarejestrowanych w ca\u0142ym kraju, w\u015br\u00f3d nich jask\u00f3\u0142ki dym\u00f3wki, narodowego symbolu ptak\u00f3w.<\/p>\n<p>Estonia, republika parlamentarna licz\u0105ca pi\u0119tna\u015bcie maakond\u00f3w, cieszy si\u0119 jedn\u0105 z najmniej skorumpowanych administracji w Europie. Jej transformacja z zale\u017cno\u015bci od \u0142upk\u00f3w bitumicznych \u2014 niegdy\u015b odpowiedzialnej za ponad osiemdziesi\u0105t pi\u0119\u0107 procent produkcji energii \u2014 w zr\u00f3\u017cnicowan\u0105 mieszank\u0119 odnawialnych \u017ar\u00f3de\u0142 energii podkre\u015bla adaptacyjn\u0105 wol\u0119 narodu. Finansowy dno spowodowane kryzysem z 2008 r. ust\u0105pi\u0142o w 2012 r. jedynej nadwy\u017cce bud\u017cetowej strefy euro i zad\u0142u\u017ceniu krajowemu wynosz\u0105cemu zaledwie sze\u015b\u0107 procent PKB. Obecnie telekomunikacja, bankowo\u015b\u0107, us\u0142ugi oprogramowania, tekstylia, elektronika i budownictwo okr\u0119towe nap\u0119dzaj\u0105 zaawansowan\u0105 gospodark\u0119 z PKB per capita PPP wynosz\u0105cym oko\u0142o 46 385 USD (dane z 2023 r.). Estonia plasuje si\u0119 w \u015bwiatowej czo\u0142\u00f3wce pod wzgl\u0119dem rozwoju cz\u0142owieka, wolno\u015bci prasy, wynik\u00f3w edukacyjnych \u2014 od podstawowego do wy\u017cszego \u2014 i us\u0142ug e-rz\u0105dowych.<\/p>\n<p>Arterie morskie zbiegaj\u0105 si\u0119 w porcie w Tallinie i jego wolnym od lodu satelicie w Muuga, gdzie elewatory zbo\u017cowe, ch\u0142odnie i nabrze\u017ca dla tankowc\u00f3w obs\u0142uguj\u0105 handel ba\u0142tycki. Promy Tallink \u0142\u0105cz\u0105 szlaki morskie do Helsinek i Sztokholmu, podczas gdy lokalne linie przewo\u017c\u0105 pasa\u017cer\u00f3w do Saaremaa i Hiiumaa. L\u0105dowe, ponad szesna\u015bcie tysi\u0119cy kilometr\u00f3w dr\u00f3g krajowych, w tym arterie E20, E263 i E67, wspieraj\u0105 wysoki wska\u017anik posiadania samochod\u00f3w prywatnych. Rail Baltica, budowana od 2017 r., obiecuje po\u0142\u0105czenie o europejskim rozstawie szyn z Tallina przez Ryg\u0119 do Warszawy, uzupe\u0142niaj\u0105c istniej\u0105c\u0105 sie\u0107 Eesti Raudtee i jej historyczny w\u0105skotorowy tramwaj w stolicy. Lotniska w Tallinie, Tartu, P\u00e4rnu, Kuressaare i K\u00e4rdla \u0142\u0105cz\u0105 Estoni\u0119 z Europ\u0105 P\u00f3\u0142nocn\u0105 i \u015arodkow\u0105 za po\u015brednictwem przewo\u017anik\u00f3w takich jak AirBaltic i LOT.<\/p>\n<p>Pod wzgl\u0119dem etnicznym Estonia jest w du\u017cej mierze jednorodna: etniczni Esto\u0144czycy stanowi\u0105 prawie siedemdziesi\u0105t procent populacji, a rosyjskoj\u0119zyczna mniejszo\u015b\u0107 stanowi oko\u0142o dwudziestu czterech procent, skoncentrowana w Ida-Viru i okolicach Tallina. Od 1991 r. populacja wzros\u0142a do 1 369 285 (1 stycznia 2025 r.), co odzwierciedla migracj\u0119 i skromny nadwy\u017ck\u0119 urodze\u0144. Poziom wykszta\u0142cenia jest wyj\u0105tkowy \u2014 czterdzie\u015bci trzy procent doros\u0142ych w wieku 25\u201364 lat posiada dyplomy uniwersyteckie \u2014 a r\u00f3\u017cnorodno\u015b\u0107 wzros\u0142a, z ponad dwiema grupami etnicznymi i prawie tak\u0105 sam\u0105 liczb\u0105 j\u0119zyk\u00f3w ojczystych. Ba\u0142tycka spo\u0142eczno\u015b\u0107 niemiecka kiedy\u015b sygnalizowa\u0142a niemieck\u0105 hegemoni\u0119 kulturow\u0105 do po\u0142owy XX wieku; obecnie Ingrian Finowie i esto\u0144scy Szwedzi ciesz\u0105 si\u0119 autonomi\u0105 kulturow\u0105 obok niewielkiej obecno\u015bci Rom\u00f3w.<\/p>\n<p>Przynale\u017cno\u015b\u0107 religijna zmala\u0142a, czyni\u0105c Estoni\u0119 jednym z najbardziej \u015bwieckich pa\u0144stw Europy. Nieco mniej ni\u017c jedna trzecia obywateli wyznaje wiar\u0119, wi\u0119kszo\u015b\u0107 z nich w ramach wyznania chrze\u015bcija\u0144skiego. Prawos\u0142awie wschodnie, praktykowane przez wielu w mniejszo\u015bci rosyjskiej i rdzennej ludno\u015bci Seto, wyprzedza obecnie luteranizm pod wzgl\u0119dem liczby wyznawc\u00f3w. Sauny dymne w tradycji V\u00f5ru \u2014 wpisane na list\u0119 UNESCO od 2014 r. \u2014 podtrzymuj\u0105 rytua\u0142 przodk\u00f3w, podobnie jak ogniska Jaanip\u00e4ev w \u015brodku lata i parady z okazji Dnia Niepodleg\u0142o\u015bci, kt\u00f3re odpowiednio 24 czerwca i 24 lutego upami\u0119tniaj\u0105 zbiorow\u0105 pami\u0119\u0107.<\/p>\n<p>J\u0119zykowo przewa\u017ca esto\u0144ski, kt\u00f3rego u\u017cywa oko\u0142o osiemdziesi\u0119ciu czterech procent populacji jako pierwszego lub drugiego j\u0119zyka. Dialekty po\u0142udniowoesto\u0144skie \u2014 V\u00f5ro, Seto, Mulgi i Tartu \u2014 nadal s\u0105 u\u017cywane przez prawie sto tysi\u0119cy os\u00f3b. Angielski i rosyjski s\u0105 powszechnymi j\u0119zykami obcymi lub dziedzicznymi, wzmacnianymi przez publiczne szko\u0142y; nast\u0119pnie niemiecki i francuski. Esto\u0144ski j\u0119zyk migowy, formalnie uznany w 2007 r., obs\u0142uguje oko\u0142o 4500 g\u0142uchych obywateli.<\/p>\n<p>To\u017csamo\u015b\u0107 kulturowa splata si\u0119 z ziemi\u0105. Folklorystyczne pie\u015bni runiczne opowiadaj\u0105 o kosmogonii i gigantach, takich jak Kalevipoeg. Kampania folklorysty Jakoba Hurta z XIX wieku zebra\u0142a ponad dwana\u015bcie tysi\u0119cy stron tradycji ustnej; Matthias Johann Eisen skompilowa\u0142 dziewi\u0119\u0107dziesi\u0105t tysi\u0119cy wi\u0119cej, kt\u00f3re obecnie znajduj\u0105 si\u0119 w Archiwum Esto\u0144skiego Folkloru. Architektura obejmuje drewniane zagrody rehielamu, \u015bredniowieczne kamienne forty na wzg\u00f3rzach, roma\u0144skie ko\u015bcio\u0142y i gotyckie hale kupieckie \u2014 najbardziej \u017cywo zachowane na wpisanym na list\u0119 UNESCO Starym Mie\u015bcie w Tallinie. Budynek parlamentu mi\u0119dzywojennego na wzg\u00f3rzu Toompea wyr\u00f3\u017cnia si\u0119 jako jedyna na \u015bwiecie ekspresjonistyczna izba ustawodawcza, podczas gdy trendy XX wieku oscylowa\u0142y od ogo\u0142oconego klasycyzmu do radzieckiej prefabrykacji, a ostatnio do przeszklonych wie\u017c biurowych zaprojektowanych przez architekt\u00f3w, takich jak Vilen K\u00fcnnapu.<\/p>\n<p>Kuchnia esto\u0144ska, zrodzona z p\u00f3l, las\u00f3w i morza, pozostaje oparta na chlebie \u017cytnim, ziemniakach, wieprzowinie i nabiale, o\u017cywionym sezonowymi jagodami, zio\u0142ami i grzybami. Otwarte kanapki z dodatkiem \u015bledzia ba\u0142tyckiego lub szprotek s\u0105 uosobieniem zami\u0142owania narodu do najprostszych, naj\u015bwie\u017cszych da\u0144. Piwo, wina owocowe i destylowane wino towarzysz\u0105 posi\u0142kom, tak jak przez wieki \u017cycia rolniczego i nadmorskiego.<\/p>\n<p>Dla podr\u00f3\u017cnik\u00f3w Estonia rozwija si\u0119 w regionach, ale bez tyranii odleg\u0142o\u015bci: cztery godziny dziel\u0105 po\u0142udniowe wzg\u00f3rza od p\u00f3\u0142nocnych pla\u017c, a dwie godziny wystarcz\u0105 mi\u0119dzy Tallinem a ka\u017cdym wi\u0119kszym miastem. P\u00f3\u0142nocna Estonia t\u0119tni przemys\u0142em i miejskim urokiem, \u015bredniowieczna stolica na tle wiosek pla\u017cowych i dwor\u00f3w Lahemaa. Wschodnia Estonia nosi swoje rosyjskie wp\u0142ywy w zamku Hermann w Narwie i uzdrowiskach wzd\u0142u\u017c Zatoki. Wyspy i zachodnie wybrze\u017ce oferuj\u0105 wietrzne wioski Saaremy, letni\u0105 wspania\u0142o\u015b\u0107 Parnawy i odradzaj\u0105ce si\u0119 dziedzictwo nadmorskich Szwed\u00f3w na Ruhnu. Na po\u0142udniu akademicki gwar Tartu ust\u0119puje miejsca domom modlitwy Setomaa, tradycjom pie\u015bni Mulgimaa i stokom narciarskim Otep\u00e4\u00e4.<\/p>\n<p>Urok Estonii tkwi w takich kontrastach: cyfrowej republice rozkwitaj\u0105cej po\u015br\u00f3d pokrytych mchem las\u00f3w, staro\u017cytnych bagien i hanzeatyckich wa\u0142\u00f3w; ludzie, kt\u00f3rzy \u015bpiewaj\u0105 o niepodleg\u0142o\u015bci i witaj\u0105 go\u015bci jednym tchem. Oto ziemia zdefiniowana mniej przez \u0142a\u0144cuchy, kt\u00f3re j\u0105 kiedy\u015b wi\u0105za\u0142y, a bardziej przez odporno\u015b\u0107, kt\u00f3ra jednoczy jej przesz\u0142o\u015b\u0107 z ka\u017cdym klikni\u0119ciem, ka\u017cd\u0105 kol\u0119d\u0105 i ka\u017cdym krokiem na jej legendarnym terenie.<\/p>","protected":false},"excerpt":{"rendered":"<p>Estonia, po\u0142o\u017cona w Europie P\u00f3\u0142nocnej nad malowniczym Morzem Ba\u0142tyckim, jest przyk\u0142adem wytrzyma\u0142o\u015bci, pomys\u0142owo\u015bci i r\u00f3\u017cnorodno\u015bci kulturowej. Po\u0142o\u017cona na skrzy\u017cowaniu Europy P\u00f3\u0142nocnej i Wschodniej, Estonia posiada pozycj\u0119 strategiczn\u0105, kt\u00f3ra historycznie okre\u015bli\u0142a jej trajektori\u0119 i nadal wp\u0142ywa na jej obecne okoliczno\u015bci. Pomimo populacji wynosz\u0105cej oko\u0142o 1,4 miliona, Estonia znacz\u0105co wp\u0142ywa na technologi\u0119, zarz\u0105dzanie cyfrowe i ochron\u0119 \u015brodowiska.<\/p>","protected":false},"author":1,"featured_media":3347,"parent":24078,"menu_order":0,"comment_status":"closed","ping_status":"closed","template":"elementor_theme","meta":{"_eb_attr":"","footnotes":""},"class_list":["post-14240","page","type-page","status-publish","has-post-thumbnail"],"_links":{"self":[{"href":"https:\/\/travelshelper.com\/pl\/wp-json\/wp\/v2\/pages\/14240","targetHints":{"allow":["GET"]}}],"collection":[{"href":"https:\/\/travelshelper.com\/pl\/wp-json\/wp\/v2\/pages"}],"about":[{"href":"https:\/\/travelshelper.com\/pl\/wp-json\/wp\/v2\/types\/page"}],"author":[{"embeddable":true,"href":"https:\/\/travelshelper.com\/pl\/wp-json\/wp\/v2\/users\/1"}],"replies":[{"embeddable":true,"href":"https:\/\/travelshelper.com\/pl\/wp-json\/wp\/v2\/comments?post=14240"}],"version-history":[{"count":0,"href":"https:\/\/travelshelper.com\/pl\/wp-json\/wp\/v2\/pages\/14240\/revisions"}],"up":[{"embeddable":true,"href":"https:\/\/travelshelper.com\/pl\/wp-json\/wp\/v2\/pages\/24078"}],"wp:featuredmedia":[{"embeddable":true,"href":"https:\/\/travelshelper.com\/pl\/wp-json\/wp\/v2\/media\/3347"}],"wp:attachment":[{"href":"https:\/\/travelshelper.com\/pl\/wp-json\/wp\/v2\/media?parent=14240"}],"curies":[{"name":"wp","href":"https:\/\/api.w.org\/{rel}","templated":true}]}}