{"id":14059,"date":"2024-09-18T17:29:07","date_gmt":"2024-09-18T17:29:07","guid":{"rendered":"https:\/\/travelshelper.com\/staging\/?page_id=14059"},"modified":"2026-03-12T00:10:24","modified_gmt":"2026-03-12T00:10:24","slug":"saint-tropez","status":"publish","type":"page","link":"https:\/\/travelshelper.com\/pl\/destinations\/europe\/france\/saint-tropez\/","title":{"rendered":"Saint Tropez"},"content":{"rendered":"<p>Saint-Tropez zajmuje w\u0105ski cypel na Francuskiej Riwierze, po\u0142o\u017cony w po\u0142owie drogi mi\u0119dzy Nice\u0105 a Marsyli\u0105. Jego oficjalny status jako gminy w departamencie Var zaprzecza obszarowi zaledwie ponad pi\u0119ciu kilometr\u00f3w kwadratowych, obejmuj\u0105cemu populacj\u0119 4103 os\u00f3b (spis z 2018 r.). Po\u0142o\u017cone na czele w\u0105skiej zatoki \u2014 Golfe de Saint-Tropez \u2014 le\u017cy u podn\u00f3\u017ca Massif des Maures, a jego kontury s\u0105 kszta\u0142towane przez wiatr i pr\u0105d. Z tej perspektywy zwarte j\u0105dro miasta rozchodzi si\u0119 na zewn\u0105trz w kierunku przyleg\u0142ych wydm Pampelonne, co sprawia, \u017ce \u200b\u200bSaint-Tropez jest zar\u00f3wno nadmorsk\u0105 enklaw\u0105, jak i bram\u0105 do prowansalskiego zaplecza.<\/p>\n<p>Klimat jest zgodny z gor\u0105cym letnim re\u017cimem \u015br\u00f3dziemnomorskim. Zimy pozostaj\u0105 \u0142agodne, a temperatury w ci\u0105gu dnia rzadko spadaj\u0105 poni\u017cej dziesi\u0119ciu stopni Celsjusza. Lata przynosz\u0105 ciep\u0142o \u0142agodzone przez przybrze\u017cny przeci\u0105g Mistrala, dzi\u0119ki czemu temperatury w po\u0142udnie s\u0105 bardziej zno\u015bne ni\u017c w g\u0142\u0119bi l\u0105du. Roczne opady deszczu koncentruj\u0105 si\u0119 w kr\u00f3tkich jesiennych i wiosennych ulewach, pozostawiaj\u0105c wysokie lato w du\u017cej mierze suche. Ro\u015blinno\u015b\u0107, uczciwa do swojego \u015br\u00f3dziemnomorskiego pochodzenia, obejmuje gaje oliwne, sosny, d\u0119by krzewiaste i \u015br\u00f3dziemnomorsk\u0105 maki\u0119, kt\u00f3rych stonowana ziele\u0144 jest zmi\u0119kczona przez s\u00f3l i s\u0142o\u0144ce.<\/p>\n<p>Za\u0142o\u017cone jako ufortyfikowana plac\u00f3wka w staro\u017cytno\u015bci, najwcze\u015bniejsza gospodarka miasta obraca\u0142a si\u0119 wok\u00f3\u0142 rybo\u0142\u00f3wstwa i budowy ma\u0142ych statk\u00f3w. W 1789 r. jego port pomie\u015bci\u0142 osiemdziesi\u0105t statk\u00f3w; lokalne stocznie produkowa\u0142y tartany i tr\u00f3jmasztowe statki handlowe, z kt\u00f3rych niekt\u00f3re mog\u0142y przewozi\u0107 do dwunastu tysi\u0119cy bary\u0142ek. W ci\u0105gu kolejnych dekad pojawi\u0142y si\u0119 powi\u0105zane z tym zawody \u2014 zbieranie kork\u00f3w, uprawa winoro\u015bli i drewno. Szko\u0142a hydrografii kszta\u0142ci\u0142a \u017ceglarzy i nawigator\u00f3w. W po\u0142owie XIX wieku flagowe statki, takie jak La Reine des Anges, uciele\u015bnia\u0142y morskie rzemios\u0142o gminy.<\/p>\n<p>Wojenny rozdzia\u0142 Saint-Tropez zako\u0144czy\u0142 si\u0119 w sierpniu 1944 r., kiedy si\u0142y alianckie, b\u0119d\u0105ce cz\u0119\u015bci\u0105 operacji Dragoon, wyzwoli\u0142y miasto przed s\u0105siednimi osiedlami Lazurowego Wybrze\u017ca. Ten wyj\u0105tkowy moment oznacza\u0142 zar\u00f3wno koniec, jak i pocz\u0105tek. Nast\u0119pna dekada by\u0142a \u015bwiadkiem przybycia filmowc\u00f3w i muzyk\u00f3w poszukuj\u0105cych krajobraz\u00f3w nieska\u017conych przez masow\u0105 turystyk\u0119. Autorzy Nouvelle Vague, w\u015br\u00f3d nich Roger Vadim \u2014 kt\u00f3rego produkcja z 1956 r. And God Created Woman obsadzi\u0142a Brigitte Bardot pod kamiennymi wa\u0142ami Saint-Tropez \u2014 uczynili wizerunek miasta niezatartym. Jednocze\u015bnie ruch Y\u00e9-y\u00e9 przyci\u0105gn\u0105\u0142 m\u0142odych artyst\u00f3w, kt\u00f3rych wyczyny wszy\u0142y miasto w kulturowe sumienie Europy.<\/p>\n<p>W latach 60. XX wieku europejska i ameryka\u0144ska elita turystyczna uzna\u0142a Saint-Tropez za sezonowy azyl. Hotele takie jak Byblos otwiera\u0142y si\u0119 z ceremoniami u\u015bwietnianymi przez Bardot i Guntera Sachsa. \u017bycie nocne w \u015brodku, kt\u00f3rego przyk\u0142adem jest Caves du Roy, odzwierciedla\u0142o globaln\u0105 fascynacj\u0119 przepychem. Chocia\u017c ceny nieruchomo\u015bci i us\u0142ug odpowiednio wzros\u0142y, rdze\u0144 miasta zachowa\u0142 swoj\u0105 XVII-wieczn\u0105 tkank\u0119: w\u0105skie uliczki flankowane pastelowymi fasadami, okiennice z plamami soli i s\u0142o\u0144ca oraz port otoczony smuk\u0142ymi masztami.<\/p>\n<p>Na po\u0142udnie od centrum miasta le\u017cy zatoka Pampelonne, kt\u00f3rej pi\u0119ciokilometrowy odcinek piasku ociera si\u0119 o gmin\u0119 Ramatuelle. Ka\u017cda pla\u017ca ma trzydzie\u015bci metr\u00f3w szeroko\u015bci i drobnego ziarna, a na niej znajduj\u0105 si\u0119 publiczne obszary lub prywatne kluby pla\u017cowe. Sprz\u0119t do sport\u00f3w wodnych nap\u0119dzanych wiatrem i silnikiem jest gotowy do wypo\u017cyczenia \u2014 \u017cagle, deski, kajaki, \u0142odzie motorowe, skutery wodne, a nawet sprz\u0119t do nurkowania. Za parasolami cie\u0144 oferuj\u0105 lasy sosnowe; z przodu czyste wody zatoki ods\u0142aniaj\u0105 skaliste wychodnie i traw\u0119 morsk\u0105. Od ko\u0144ca lat 50. XX wieku opalanie si\u0119 topless sta\u0142o si\u0119 zwyczajem po lokalnych kontrowersjach, kt\u00f3re zako\u0144czy\u0142y si\u0119 uchwaleniem zarz\u0105dze\u0144 miejskich reguluj\u0105cych Frisks wzd\u0142u\u017c brzegu.<\/p>\n<p>Obecnie ruch morski koncentruje si\u0119 w marinie, kt\u00f3ra mo\u017ce pomie\u015bci\u0107 do o\u015bmiuset jednostek p\u0142ywaj\u0105cych w dw\u00f3ch basenach. Odwiedzaj\u0105cy przybywaj\u0105 promami Les Bateaux Verts \u0142\u0105cz\u0105cymi Saint-Tropez z Sainte-Maxime, Port Grimaud i r\u00f3\u017cnymi portami riwiery. Prywatne czartery i regaty \u017ceglarskie podkre\u015blaj\u0105 letni kalendarz, podczas gdy rozleg\u0142o\u015b\u0107 morza, uchwycona w miejskim muzeum marynarki wojennej na szczycie Citadelle, nawi\u0105zuje do jego korzeni stoczniowych.<\/p>\n<p>Kalendarz Saint-Tropez koncentruje si\u0119 wok\u00f3\u0142 Les Bravades de Saint-Tropez, corocznego trzydniowego wydarzenia w maju, kt\u00f3re honoruje \u015bwi\u0119tego Torpesa, patrona gminy. Obchody, kt\u00f3rych pocz\u0105tki si\u0119gaj\u0105 kr\u00f3lewskiego nadania przywilej\u00f3w milicji, przyznanych oko\u0142o 450 lat temu, zwo\u0142uj\u0105 lokalne kompanie ubrane w mundury z epoki. Muszkiety strzelaj\u0105 w ceremonialnym salucie, orkiestry maszeruj\u0105 g\u0142\u00f3wnymi arteriami, a popiersie Torpesa przechodzi obok fasad ko\u015bcio\u0142\u00f3w. Uczestnicy zak\u0142adaj\u0105 tradycyjne stroje prowansalskie, zbieraj\u0105c si\u0119 na msz\u0119 i wsp\u00f3lne \u015bwi\u0119towanie, kt\u00f3re \u0142\u0105czy wsp\u00f3\u0142czesne \u017cycie z wczesno\u015bredniowieczn\u0105 obron\u0105 przed najazdami Barbarzy\u0144c\u00f3w.<\/p>\n<p>Po\u0142\u0105czenia l\u0105dowe pozostaj\u0105 ograniczone przez geografi\u0119 i ruch uliczny. \u017badna kolej nie dociera do centrum; najbli\u017csza stacja znajduje si\u0119 w Saint-Rapha\u00ebl, czterdzie\u015bci kilometr\u00f3w dalej, z dalszymi po\u0142\u0105czeniami \u0142odzi\u0105 lub autobusem. Dost\u0119p drogowy odbywa si\u0119 trzema g\u0142\u00f3wnymi trasami: A8 przez Le Muy do Sainte-Maxime i dawn\u0105 N98; A57 przez Cannet des Maures do Grimaud; i nadmorska N98, kt\u00f3ra biegnie wzd\u0142u\u017c linii brzegowej od Tulonu do Monako, zag\u0142\u0119biaj\u0105c si\u0119 w l\u0105d, aby obs\u0142ugiwa\u0107 Pampelonne. W szczycie sezonu kierowcy cz\u0119sto napotykaj\u0105 korki; miejscowi preferuj\u0105 skutery, rowery i wsp\u00f3\u0142dzielone minibusy kursuj\u0105ce mi\u0119dzy miastem a pla\u017cami. Piesze wycieczki zapewniaj\u0105 wiele mo\u017cliwo\u015bci podr\u00f3\u017cowania wewn\u0105trz miasta, a zwarto\u015b\u0107 miasta zach\u0119ca pieszych do eksplorowania alejek, mur\u00f3w nabrze\u017ca i zacienionych plac\u00f3w.<\/p>\n<p>Saint-Tropez nie posiada w\u0142asnego lotniska, ale helikoptery przewo\u017c\u0105 go\u015bci mi\u0119dzy tropezowskimi l\u0105dowiskami, prywatnymi klubami i us\u0142ugami czarterowymi. Loty cywilne odbywaj\u0105 si\u0119 z lotniska La M\u00f4le\u2013Saint-Tropez oddalonego o pi\u0119tna\u015bcie kilometr\u00f3w na po\u0142udniowy zach\u00f3d oraz z Tulon\u2013Hy\u00e8res dalej na zach\u00f3d. G\u0142\u00f3wne mi\u0119dzynarodowe bramy \u2014 Nicea Lazurowe Wybrze\u017ce i Marsylia Prowansja \u2014 znajduj\u0105 si\u0119 w odleg\u0142o\u015bci dw\u00f3ch godzin jazdy samochodem lub autokarem, obs\u0142uguj\u0105c klient\u00f3w, kt\u00f3rych podr\u00f3\u017ce \u0142\u0105cz\u0105 wygod\u0119 z malowniczym podej\u015bciem.<\/p>\n<p>W granicach gminy udogodnienia obywatelskie odzwierciedlaj\u0105 populacj\u0119 o skromnej skali. Kino wy\u015bwietla wsp\u00f3\u0142czesne filmy francuskie i mi\u0119dzynarodowe; biblioteka wspiera lokalne stypendia; a m\u0142odzie\u017cowe centrum rekreacyjne oferuje edukacj\u0119 na \u015bwie\u017cym powietrzu i programy sportowe. Us\u0142ugi zdrowotne obejmuj\u0105 klinik\u0119 spo\u0142eczn\u0105 i prywatnych lekarzy. Edukacja rozci\u0105ga si\u0119 od przedszkola do poziomu szko\u0142y \u015bredniej: przedszkole l&#039;Escouleto, dwie szko\u0142y podstawowe \u2014 Louis Blanc i Les Lauriers \u2014 oraz szko\u0142a \u015brednia Moulin Blanc, kt\u00f3ra w 2011 r. liczy\u0142a 275 uczni\u00f3w wspieranych przez 51 pracownik\u00f3w.<\/p>\n<p>Rezonans Saint-Tropez przewy\u017csza jego dane spisowe. Muzycy od Pink Floyd po Taylor Swift uwiecznili miasto w piosenkach, podczas gdy arty\u015bci rapowi przywo\u0142uj\u0105 jego presti\u017c jako symbol wypoczynku. Broadwayowski La Cage aux Folles umieszcza swoj\u0105 fars\u0119 w tropezowskim \u017cyciu nocnym. Dziesi\u0119ciolecia tw\u00f3rczych skojarze\u0144, od ikon mody, takich jak Coco Chanel w latach 20. XX wieku, po najbardziej emblematyczne gwiazdy kina, wplataj\u0105 warstwy pami\u0119ci kulturowej w to\u017csamo\u015b\u0107 miasta. Jednak pod odniesieniami kryje si\u0119 \u015br\u00f3dziemnomorska osada, kt\u00f3ra przetrwa\u0142a jako morska twierdza, port rybacki, a obecnie globalny cel podr\u00f3\u017cy \u2014 jej tera\u017aniejszo\u015b\u0107 zakorzeniona w wiekach ci\u0105g\u0142o\u015bci.<\/p>\n<p>Saint-Tropez jest dzi\u015b \u017cywym palimpsestem. Jego mury obronne i cytadela przypominaj\u0105 o potrzebach obronnych minionych epok; jego port i stocznie przywo\u0142uj\u0105 komercyjne przedsi\u0119wzi\u0119cia; jego w\u0105skie uliczki i rynek m\u00f3wi\u0105 o prowansalskiej tradycji; jego pla\u017ce i porty \u015bwiadcz\u0105 o rozwijaj\u0105cej si\u0119 gospodarce czasu wolnego. Dla podr\u00f3\u017cnika miasto oferuje wi\u0119cej ni\u017c roz\u015bwietlone s\u0142o\u0144cem fasady i spotkania z celebrytami. Stanowi okazj\u0119 do poczucia \u015bladu czasu na kamieniu, morzu i zwyczajach \u2014 miejsce, w kt\u00f3rym codzienne rytmy i sezonowe widowiska wsp\u00f3\u0142istniej\u0105. W tym po\u0142\u0105czeniu Saint-Tropez objawia si\u0119 nie tylko jako symbol blasku, ale jako osada nieustannie przekszta\u0142cana przez histori\u0119, geografi\u0119 i ludzkie aspiracje.<\/p>","protected":false},"excerpt":{"rendered":"<p>Saint-Tropez, malownicza gmina po\u0142o\u017cona w departamencie Var w regionie Prowansja-Alpy-Lazurowe Wybrze\u017ce w po\u0142udniowej Francji, w 2018 roku liczy\u0142a 4103 mieszka\u0144c\u00f3w. To urzekaj\u0105ce nadmorskie miasteczko, po\u0142o\u017cone 68 kilometr\u00f3w na zach\u00f3d od Nicei i 100 kilometr\u00f3w na wsch\u00f3d od Marsylii, sta\u0142o si\u0119 symbolicznym przyk\u0142adem uroku i elegancji Lazurowego Wybrze\u017ca. Po\u0142o\u017cone wzd\u0142u\u017c b\u0142\u0119kitnych w\u00f3d Zatoki Saint-Tropez, rozci\u0105gaj\u0105ce si\u0119 na p\u00f3\u0142noc do Sainte-Maxime za pot\u0119\u017cnym masywem Maur\u00f3w, Saint-Tropez przekszta\u0142ci\u0142o si\u0119 z ma\u0142ej spo\u0142eczno\u015bci rybackiej w rozpoznawalny na ca\u0142ym \u015bwiecie o\u015brodek wypoczynkowy.<\/p>","protected":false},"author":1,"featured_media":4790,"parent":13952,"menu_order":0,"comment_status":"closed","ping_status":"closed","template":"elementor_theme","meta":{"_eb_attr":"","footnotes":""},"class_list":["post-14059","page","type-page","status-publish","has-post-thumbnail"],"_links":{"self":[{"href":"https:\/\/travelshelper.com\/pl\/wp-json\/wp\/v2\/pages\/14059","targetHints":{"allow":["GET"]}}],"collection":[{"href":"https:\/\/travelshelper.com\/pl\/wp-json\/wp\/v2\/pages"}],"about":[{"href":"https:\/\/travelshelper.com\/pl\/wp-json\/wp\/v2\/types\/page"}],"author":[{"embeddable":true,"href":"https:\/\/travelshelper.com\/pl\/wp-json\/wp\/v2\/users\/1"}],"replies":[{"embeddable":true,"href":"https:\/\/travelshelper.com\/pl\/wp-json\/wp\/v2\/comments?post=14059"}],"version-history":[{"count":0,"href":"https:\/\/travelshelper.com\/pl\/wp-json\/wp\/v2\/pages\/14059\/revisions"}],"up":[{"embeddable":true,"href":"https:\/\/travelshelper.com\/pl\/wp-json\/wp\/v2\/pages\/13952"}],"wp:featuredmedia":[{"embeddable":true,"href":"https:\/\/travelshelper.com\/pl\/wp-json\/wp\/v2\/media\/4790"}],"wp:attachment":[{"href":"https:\/\/travelshelper.com\/pl\/wp-json\/wp\/v2\/media?parent=14059"}],"curies":[{"name":"wp","href":"https:\/\/api.w.org\/{rel}","templated":true}]}}