{"id":13851,"date":"2024-09-18T12:07:05","date_gmt":"2024-09-18T12:07:05","guid":{"rendered":"https:\/\/travelshelper.com\/staging\/?page_id=13851"},"modified":"2026-03-12T00:28:59","modified_gmt":"2026-03-12T00:28:59","slug":"bremen","status":"publish","type":"page","link":"https:\/\/travelshelper.com\/pl\/destinations\/europe\/germany\/bremen\/","title":{"rendered":"Bremen"},"content":{"rendered":"<p>Brema prezentuje precyzyjne po\u0142\u0105czenie dr\u00f3g wodnych, tkanki miejskiej i odporno\u015bci. Z populacj\u0105 oko\u0142o 577 000 i powierzchni\u0105 318,21 kilometr\u00f3w kwadratowych, jest stolic\u0105 Wolnego Miasta Hanzeatyckiego Brema, dwumiasta w p\u00f3\u0142nocnych Niemczech. Po\u0142o\u017cona nad rzek\u0105 Wezer\u0105 oko\u0142o 60 kilometr\u00f3w w g\u00f3r\u0119 rzeki od jej uj\u015bcia w Bremerhaven, Brema pozostaje ca\u0142kowicie otoczona Doln\u0105 Saksoni\u0105 i stanowi kotwic\u0119 regionu metropolitalnego licz\u0105cego oko\u0142o 2,8 miliona mieszka\u0144c\u00f3w.<\/p>\n<p>W Bremie rzeka Wezera wyznacza szlak przez stulecia handlu i adaptacji. Port tutaj, w tandemie z Bremerhaven u uj\u015bcia Wezery, zajmuje pozycj\u0119 drugiego co do wielko\u015bci niemieckiego w\u0119z\u0142a morskiego po Hamburgu. Ten kompleks portowy kszta\u0142tuje zar\u00f3wno krajobraz fizyczny, jak i pr\u0105dy ekonomiczne, kt\u00f3re podtrzymuj\u0105 miasto. Statki towarowe p\u0142yn\u0105ce w d\u00f3\u0142 rzeki, barki rzeczne p\u0142yn\u0105ce w g\u00f3r\u0119 rzeki i mijaj\u0105ce si\u0119 promy potwierdzaj\u0105 powi\u0105zanie Bremy z Morzem P\u00f3\u0142nocnym i globalnymi szlakami.<\/p>\n<p>Klimat tutaj mie\u015bci si\u0119 w kategorii umiarkowanych oceanicznych. Systemy pogodowe Atlantyku rozwijaj\u0105 si\u0119 pod wp\u0142ywem wiatr\u00f3w zachodnich, \u0142agodz\u0105c lata i zimy. Ekstremalne zjawiska termiczne pozostaj\u0105 rzadkie; odnotowana najwy\u017csza temperatura 37,6\u00b0C 9 sierpnia 1992 r. i najni\u017csza temperatura \u221223,6\u00b0C 13 lutego 1940 r. le\u017c\u0105 na marginesach tego zr\u00f3wnowa\u017conego zakresu. Hybrydowe wp\u0142ywy powietrza kontynentalnego mog\u0105 nadal wprowadza\u0107 kr\u00f3tkie fale upa\u0142\u00f3w lub mr\u00f3z, jednak Brema rzadko zmaga si\u0119 z przed\u0142u\u017caj\u0105cymi si\u0119 ekstremami.<\/p>\n<p>Kontury gospodarki Bremy si\u0119gaj\u0105 czas\u00f3w powojennych, kiedy migranci zarobkowi przybyli w trakcie Wirtschaftswunder, kt\u00f3ry zmieni\u0142 kszta\u0142t Niemiec Zachodnich w po\u0142owie wieku. Pracownicy przybywali g\u0142\u00f3wnie z Turcji i po\u0142udniowej Europy; w p\u00f3\u017aniejszych dekadach przybysze z by\u0142ych kraj\u00f3w bloku wschodniego i z region\u00f3w kryzysowych, takich jak Syria, zmienili mozaik\u0119 demograficzn\u0105. Obecnie w Bremie dzia\u0142aj\u0105 mi\u0119dzynarodowe firmy, od producenta czekolady Hachez po specjalistyczn\u0105 in\u017cynieri\u0119 w Vector Foiltec. Jednostki Airbusa montuj\u0105 elementy skrzyde\u0142 i systemy wysokiego unoszenia dla szerokokad\u0142ubowych samolot\u00f3w odrzutowych w fabrykach w Bremie.<\/p>\n<p>Pr\u0105dy kulturowe w Bremie odzwierciedlaj\u0105 sojusz dziedzictwa i adaptacji. Galerie i muzea obejmuj\u0105 rze\u017ab\u0119 historyczn\u0105 i sztuk\u0119 wsp\u00f3\u0142czesn\u0105. \u00dcbersee-Museum bada kultury zagraniczne i histori\u0119 naturaln\u0105; Weserburg rejestruje sztuk\u0119 nowoczesn\u0105 w odnowionym magazynie na wyspie rzecznej; Kunsthalle eksponuje malarstwo europejskie XIX i XX wieku. Ka\u017cda instytucja zakotwicza narracj\u0119 wymiany kulturalnej.<\/p>\n<p>Na Marktplatz gotycki rdze\u0144 Bremy wznosi si\u0119 z kamienia. Zbudowany w latach 1405\u20131410 ratusz ma renesansow\u0105 fasad\u0119 z lat 1609\u20131612. Obok stoi pos\u0105g Rolanda z 1404 r., symbol przywilej\u00f3w miejskich w ramach \u015awi\u0119tego Cesarstwa Rzymskiego. Niedaleko znajduje si\u0119 br\u0105zowa grupa Gerharda Marcksa, kt\u00f3ra przypomina opowie\u015b\u0107 braci Grimm o czterech zwierz\u0119tach szukaj\u0105cych miejskiego schronienia. Elementy te stanowi\u0105 obiekt \u015bwiatowego dziedzictwa UNESCO, kt\u00f3ry nadal jest aktywnie wykorzystywany przez organy ustawodawcze i turyst\u00f3w.<\/p>\n<p>Spaceruj\u0105c na p\u00f3\u0142nocny wsch\u00f3d od placu, dzielnica Schnoor zachowuje w\u0105skie uliczki dom\u00f3w rybak\u00f3w z XVII wieku. Obecnie kawiarnie, pracownie rzemie\u015blnicze i galerie zajmuj\u0105 zniszczone fasady. Od po\u0142udnia Marktplatz, B\u00f6ttcherstra\u00dfe rozci\u0105ga si\u0119 wybrukowana ceg\u0142\u0105 mi\u0119dzy motywami secesyjnymi i gotyckimi. Zlecona w latach 20. XX wieku przez przemys\u0142owca Ludwiga Roseliusa, go\u015bci\u0142a awangardowe formy, kt\u00f3re nazi\u015bci p\u00f3\u017aniej sklasyfikowali jako \u201ezdegenerowane\u201d. Ulica z dzwonkami porcelanowymi nadal jest osadzona w Glockenspiel House.<\/p>\n<p>Pomniki religijne wyra\u017caj\u0105 \u015bredniowieczny rozw\u00f3j Bremy. Katedra \u015bw. Piotra, pochodz\u0105ca z XIII wieku, integruje rze\u017aby aposto\u0142\u00f3w i wczesnych cesarzy niemieckich. Liebfrauenkirche z XI-wiecznymi malowid\u0142ami w kryptach jest najstarszym miejscem kultu w mie\u015bcie. Na Katherinenklosterhof nadal mo\u017cna zobaczy\u0107 pozosta\u0142o\u015bci XIII-wiecznego klasztoru \u015bw. Katarzyny, podczas gdy wsp\u00f3\u0142czesny Birgittenkloster jest siedzib\u0105 ma\u0142ej spo\u0142eczno\u015bci oferuj\u0105cej duchowe schronienie.<\/p>\n<p>Poza Starym Miastem dzielnica Viertel odzwierciedla dziewi\u0119tnastowieczn\u0105 ekspansj\u0119 miejsk\u0105. Domy szeregowe z ozdobami ze stiuku wyznaczaj\u0105 aleje, przy kt\u00f3rych znajduj\u0105 si\u0119 teatry, niezale\u017cne kawiarnie i ma\u0142e sklepy. Tramwaje i autobusy BSAG przemierzaj\u0105 t\u0119 \u201emil\u0119 kulturaln\u0105\u201d, \u0142\u0105cz\u0105c dzielnic\u0119 zar\u00f3wno z historycznymi centrami, jak i nowoczesnymi przedmie\u015bciami. Po drugiej stronie rzeki Wezery, Schlachte oferuje publiczny bulwar nadbrze\u017cnych tawern i promenad, przypominaj\u0105cy \u015bredniowieczny port, kt\u00f3ry kiedy\u015b definiowa\u0142 morsk\u0105 to\u017csamo\u015b\u0107 Bremy.<\/p>\n<p>Tereny zielone przesi\u0105kni\u0119te s\u0105 miejsk\u0105 siatk\u0105 Bremy. Knoops Park, jeden z najwi\u0119kszych w mie\u015bcie, oferuje \u0142\u0105ki, lasy i centralny staw, gdzie tury\u015bci wynajmuj\u0105 \u0142odzie wios\u0142owe w cieplejszych miesi\u0105cach. Rhododendron-Park posiada rozleg\u0142e kolekcje r\u00f3\u017canecznik\u00f3w i azalii, kt\u00f3rym towarzyszy Botanika, muzeum po\u015bwi\u0119cone r\u00f3\u017cnorodno\u015bci biologicznej. Universum Science Center prezentuje interaktywne wystawy, kt\u00f3re \u0142\u0105cz\u0105 nauk\u0119 i zaanga\u017cowanie publiczne.<\/p>\n<p>Infrastruktura Bremy integruje linie tramwajowe i regionaln\u0105 sie\u0107 S-Bahn zainaugurowan\u0105 w 2010 r. Bremen S-Bahn \u0142\u0105czy dworzec centralny z okolicznymi miastami, w tym Bremerhaven i Oldenburg, zgodnie z ujednolicon\u0105 taryf\u0105 Bremen-Lower Saxony Transport Association. Lotnisko w Neustadt-Neuenland odnotowuje dwunast\u0105 co do wielko\u015bci liczb\u0119 pasa\u017cer\u00f3w w Niemczech, obs\u0142uguj\u0105c trasy w ca\u0142ej Europie i poza ni\u0105.<\/p>\n<p>\u017bycie sportowe kr\u0119ci si\u0119 wok\u00f3\u0142 SV Werder Bremen, kt\u00f3rego mecze na Weserstadion przyci\u0105gaj\u0105 lokalne wsparcie na brzeg rzeki. Kluby i ligi amatorskie stanowi\u0105 podstaw\u0119 silnej kultury aktywno\u015bci rekreacyjnej, od wio\u015blarstwa po jazd\u0119 na rowerze wzd\u0142u\u017c szlak\u00f3w rzecznych.<\/p>\n<p>W ca\u0142ym swoim zabudowanym i naturalnym \u015brodowisku Brema wykazuje ci\u0105g\u0142o\u015b\u0107 po\u015br\u00f3d zmian. \u015aredniowieczne Stare Miasto nadal jest w centrum, ale miasto rozci\u0105ga si\u0119 na nowoczesne dzielnice i obiekty przemys\u0142owe z p\u0142ynn\u0105 funkcjonaln\u0105 sp\u00f3jno\u015bci\u0105. Historyczne domy cechowe stoj\u0105 obok warsztat\u00f3w lotniczych, a muzea w przebudowanych dokach znajduj\u0105 si\u0119 obok zabytkowych ko\u015bcio\u0142\u00f3w. To\u017csamo\u015b\u0107 Bremy tkwi w tym produktywnym warstwowaniu.<\/p>\n<p>Gdy \u015bwiat\u0142o dzienne s\u0142abnie, bursztynowe \u015bwiat\u0142o zarysowuje fasad\u0119 ratusza. Odbicia rzeki migocz\u0105 pod gotyckimi \u0142ukami ko\u015bcio\u0142\u00f3w. W tawernach nad Schlachte rozmowy kr\u0105\u017c\u0105 wok\u00f3\u0142 lokalnych piw i codziennych ruch\u00f3w. Zwiedzaj\u0105cy s\u0105 \u015bwiadkami miasta, kt\u00f3re mierzy swoj\u0105 si\u0142\u0119 \u017cyciow\u0105 tonami \u0142adunk\u00f3w i liniami na mapie tramwajowej, a jednocze\u015bnie przekracza ilo\u015bciowe momenty cichego odkrywania. Narracja Bremy nie jest ani pojedyncza, ani statyczna. Rozwija si\u0119 w ka\u017cdej kamiennej rze\u017abie, nabrze\u017cu fabrycznym i galerii artysty, zach\u0119caj\u0105c do obserwacji ponad proklamacj\u0119.<\/p>","protected":false},"excerpt":{"rendered":"<p>Brema, licz\u0105ca oko\u0142o 570 000 mieszka\u0144c\u00f3w, jest stolic\u0105 Wolnego Miasta Hanzeatyckiego Brema i jedenastym co do wielko\u015bci miastem w Niemczech. Brema, po\u0142o\u017cona w p\u00f3\u0142nocnej cz\u0119\u015bci kraju, jest drugim co do wielko\u015bci miastem w p\u00f3\u0142nocnych Niemczech, po Hamburgu. To dynamiczne miasto, bogate w histori\u0119 i t\u0119tni\u0105ce wsp\u00f3\u0142czesn\u0105 aktywno\u015bci\u0105, prezentuje fascynuj\u0105ce po\u0142\u0105czenie dziedzictwa kulturowego, znaczenia gospodarczego i wp\u0142ywu morza, kt\u00f3re przez lata definiowa\u0142o jego to\u017csamo\u015b\u0107.<\/p>","protected":false},"author":1,"featured_media":2777,"parent":13736,"menu_order":0,"comment_status":"closed","ping_status":"closed","template":"elementor_theme","meta":{"_eb_attr":"","footnotes":""},"class_list":["post-13851","page","type-page","status-publish","has-post-thumbnail"],"_links":{"self":[{"href":"https:\/\/travelshelper.com\/pl\/wp-json\/wp\/v2\/pages\/13851","targetHints":{"allow":["GET"]}}],"collection":[{"href":"https:\/\/travelshelper.com\/pl\/wp-json\/wp\/v2\/pages"}],"about":[{"href":"https:\/\/travelshelper.com\/pl\/wp-json\/wp\/v2\/types\/page"}],"author":[{"embeddable":true,"href":"https:\/\/travelshelper.com\/pl\/wp-json\/wp\/v2\/users\/1"}],"replies":[{"embeddable":true,"href":"https:\/\/travelshelper.com\/pl\/wp-json\/wp\/v2\/comments?post=13851"}],"version-history":[{"count":0,"href":"https:\/\/travelshelper.com\/pl\/wp-json\/wp\/v2\/pages\/13851\/revisions"}],"up":[{"embeddable":true,"href":"https:\/\/travelshelper.com\/pl\/wp-json\/wp\/v2\/pages\/13736"}],"wp:featuredmedia":[{"embeddable":true,"href":"https:\/\/travelshelper.com\/pl\/wp-json\/wp\/v2\/media\/2777"}],"wp:attachment":[{"href":"https:\/\/travelshelper.com\/pl\/wp-json\/wp\/v2\/media?parent=13851"}],"curies":[{"name":"wp","href":"https:\/\/api.w.org\/{rel}","templated":true}]}}