{"id":13800,"date":"2024-09-18T11:15:24","date_gmt":"2024-09-18T11:15:24","guid":{"rendered":"https:\/\/travelshelper.com\/staging\/?page_id=13800"},"modified":"2026-03-12T00:13:48","modified_gmt":"2026-03-12T00:13:48","slug":"akwizgran","status":"publish","type":"page","link":"https:\/\/travelshelper.com\/pl\/destinations\/europe\/germany\/aachen\/","title":{"rendered":"Akwizgran"},"content":{"rendered":"<p>Akwizgran zajmuje charakterystyczne miejsce na zachodnim kra\u0144cu Niemiec, jego ulice i budynki wyznaczaj\u0105 kontury historii, kt\u00f3ra obejmuje ponad dwa tysi\u0105clecia. Miasto, w kt\u00f3rym mieszka oko\u0142o 261 000 mieszka\u0144c\u00f3w, rozci\u0105ga si\u0119 na terenie rozci\u0105gaj\u0105cym si\u0119 na oko\u0142o 21,6 km z p\u00f3\u0142nocy na po\u0142udnie i 17,2 km ze wschodu na zach\u00f3d. Po\u0142o\u017cone u p\u00f3\u0142nocnych podn\u00f3\u017cy High Fens i wy\u017cyn Eifel, stoi tam, gdzie rzeka Wurm, dop\u0142yw Rur i ostatecznie Mozy, kieruje wody regionu do wi\u0119kszego Euroregionu Moza-Ren. Belgia graniczy z po\u0142udniowo-zachodni\u0105 granic\u0105 miasta na 23,8 km, podczas gdy Holandia przylega do jego p\u00f3\u0142nocno-zachodnich granic na 21,8 km, kszta\u0142tuj\u0105c tr\u00f3jnarodowy charakter, kt\u00f3ry ukszta\u0142towa\u0142 gospodark\u0119, kultur\u0119 i poczucie miejsca w Akwizgranie.<\/p>\n<p>Najwcze\u015bniejsza znana osada w Aquae Granni \u2013 \u201ewody Grannusa\u201d \u2013 zawdzi\u0119cza swoje pocz\u0105tki ludom celtyckim, kt\u00f3re jako pierwsze rozpozna\u0142y lecznicze w\u0142a\u015bciwo\u015bci \u017ar\u00f3de\u0142 termalnych. Pod rz\u0105dami Rzymian \u017ar\u00f3d\u0142a te sta\u0142y si\u0119 centrum kilku term zbudowanych w pierwszym wieku, przyci\u0105gaj\u0105c go\u015bci z ca\u0142ej prowincji. Po wycofaniu garnizon\u00f3w cesarskich w V wieku, vicus przybra\u0142 to\u017csamo\u015b\u0107 frankijsk\u0105, a to pod auspicjami Merowing\u00f3w, a p\u00f3\u017aniej Karoling\u00f3w, wybitne miejsce Akwizgranu naprawd\u0119 si\u0119 ujawni\u0142o. Pod koniec VIII wieku Karol Wielki wybra\u0142 miejsce na sw\u00f3j g\u0142\u00f3wny pa\u0142ac, ko\u0144cz\u0105c rdze\u0144 tego, co mia\u0142o sta\u0107 si\u0119 Kaplic\u0105 Palaty\u0144sk\u0105 oko\u0142o 800 r. n.e. Ta struktura, obecnie serce katedry, obdarza Akwizgran trwa\u0142ym epitetem \u201ekolebki Europy\u201d, odzwierciedlaj\u0105c jego kluczow\u0105 rol\u0119 jako siedziby Imperium Frank\u00f3w.<\/p>\n<p>Przez ca\u0142y okres \u015bredniowiecza Akwizgran zachowa\u0142 swoje kr\u00f3lewskie powi\u0105zania. Traktat z Verdun z 843 r. umie\u015bci\u0142 miasto w \u015arodkowej Francji, a na mocy Traktatu z Meerssen w 870 r. znalaz\u0142o si\u0119 ono w Republice Wschodniej Francji. W 1166 r. cesarz Fryderyk Barbarossa nada\u0142 Akwizgranowi formalne prawa miejskie, podnosz\u0105c je do rangi Cesarskiego Wolnego Miasta w ramach \u015awi\u0119tego Cesarstwa Rzymskiego. Od 936 do 1531 r. ka\u017cda koronacja kr\u00f3l\u00f3w niemieckich i cesarzy rzymskich \u2014 \u0142\u0105cznie trzydzie\u015bci jeden \u2014 odbywa\u0142a si\u0119 tutaj, pod z\u0142otymi mozaikami i sklepieniami katedry. Dopiero gdy Frankfurt nad Menem zyska\u0142 na znaczeniu, Akwizgran przekaza\u0142 swoj\u0105 funkcj\u0119 ceremonialn\u0105 swojemu wschodniemu s\u0105siadowi.<\/p>\n<p>W kolejnych stuleciach gospodarka Akwizgranu dostosowa\u0142a si\u0119 do zmieniaj\u0105cych si\u0119 pr\u0105d\u00f3w handlu i przemys\u0142u. Zag\u0142\u0119bia w\u0119glowe na p\u00f3\u0142nocnym wschodzie przyci\u0105gn\u0119\u0142y do \u200b\u200bmiasta biura administracyjne, podczas gdy jego sektor wytw\u00f3rczy zdywersyfikowa\u0142 si\u0119 w kierunku towar\u00f3w elektrycznych, cienkich we\u0142nianych tekstyli\u00f3w, szk\u0142a, czekolady i s\u0142odyczy, maszyn, wyrob\u00f3w gumowych, mebli, wyrob\u00f3w metalowych i szeregu towar\u00f3w chemicznych i plastikowych. Na pocz\u0105tku XXI wieku szk\u0142o i tekstylia stanowi\u0142y zaledwie jedn\u0105 dziesi\u0105t\u0105 zatrudnienia w fabrykach, co \u015bwiadczy o przej\u015bciu miasta na wysokotechnologiczne spin-offy pobliskiego uniwersytetu.<\/p>\n<p>Ta instytucja, Rheinisch-Westf\u00e4lisch Technische Hochschule Aachen, lub RWTH Aachen University, sta\u0142a si\u0119 jednym z czo\u0142owych niemieckich o\u015brodk\u00f3w in\u017cynierii i nauk stosowanych. Jej szpital uniwersytecki, Uniklinikum Aachen, posiada tytu\u0142 najwi\u0119kszego szpitala w Europie, kt\u00f3ry sk\u0142ada si\u0119 z jednego budynku. Z liczb\u0105 student\u00f3w przekraczaj\u0105c\u0105 40 000 \u2014 ponad jedn\u0105 czwart\u0105 mieszka\u0144c\u00f3w miasta \u2014 uniwersytet nadaje wyra\u017anie m\u0142odzie\u0144cz\u0105 obecno\u015b\u0107 historycznym dzielnicom Akwizgranu, jednocze\u015bnie nap\u0119dzaj\u0105c badania naukowe i innowacje. W 2009 roku Akwizgran zaj\u0105\u0142 \u00f3sme miejsce w\u015br\u00f3d niemieckich miast pod wzgl\u0119dem innowacji, podkre\u015blaj\u0105c swoje sta\u0142e zaanga\u017cowanie w post\u0119p w dziedzinie technologii informacyjnej, in\u017cynierii i nauk \u015bcis\u0142ych.<\/p>\n<p>Klimat Akwizgranu odzwierciedla zar\u00f3wno jego wysoko\u015b\u0107 na skraju Eifel, jak i szeroko\u015b\u0107 geograficzn\u0105 w umiarkowanej strefie kontynentalnej. Sklasyfikowane jako Cfb, miasto do\u015bwiadcza wilgotnych warunk\u00f3w, \u0142agodnych zim i ciep\u0142ych lat. \u015arednie roczne opady wynosz\u0105 805 milimetr\u00f3w, wi\u0119cej ni\u017c 669 milimetr\u00f3w odnotowanych w pobliskim Bonn, co jest konsekwencj\u0105 zachodnich wiatr\u00f3w nios\u0105cych wilgo\u0107 nad wy\u017cynami. Wiatry fenowe na pr\u0105dach po\u0142udniowych mog\u0105 powodowa\u0107 nag\u0142e wzrosty temperatury, podczas gdy otaczaj\u0105ce miasto wzg\u00f3rza czasami zatrzymuj\u0105 ch\u0142odniejsze powietrze, co prowadzi do smogu zwi\u0105zanego z inwersj\u0105. Urbani\u015bci zachowali liczne korytarze zimnego powietrza, aby u\u0142atwi\u0107 przep\u0142yw powietrza i z\u0142agodzi\u0107 efekty wysp ciep\u0142a na terenach zabudowanych.<\/p>\n<p>R\u00f3wnie bogata jest j\u0119zykowa mozaika Akwizgranu. Mieszka\u0144cy rozmawiaj\u0105 w odmianie ripuaria\u0144skiej \u015brodkowofranko\u0144skiego, a ich mowa zabarwiona jest limburskimi akcentami zza holenderskiej granicy. Ka\u017cdej zimy miasto do\u0142\u0105cza do Kolonii i Moguncji jako jedno z g\u0142\u00f3wnych centr\u00f3w karnawa\u0142u w Nadrenii, kiedy to ulice i place roj\u0105 si\u0119 od maskarad, orkiestr d\u0119tych i dono\u015bnego wiwatu lokalnej tradycji. Gdzie indziej Aachener Printen \u2014 solidny piernik z miodem, przyprawami, a czasami orzechami lub czekolad\u0105 \u2014 pozostaje kulinarnym znakiem rozpoznawczym, a jego przepis przekazywany jest z pokolenia na pokolenie lokalnym piekarzom.<\/p>\n<p>Sieci transportowe od dawna stanowi\u0105 podstaw\u0119 transgranicznych po\u0142\u0105cze\u0144 Akwizgranu. Oryginalny Hauptbahnhof, otwarty w 1841 r. dla linii Kolonia\u2013Akwizgran, zosta\u0142 przeniesiony bli\u017cej centrum miasta w 1905 r. Obecnie mi\u0119dzymiastowe poci\u0105gi ICE \u0142\u0105cz\u0105 Akwizgran z Bruksel\u0105, Koloni\u0105 i Frankfurtem, podczas gdy us\u0142ugi Eurostar z Pary\u017ca zatrzymuj\u0105 si\u0119 w drodze do Niemiec. Regionalne linie RE i RB \u0142\u0105cz\u0105 si\u0119 z Zag\u0142\u0119biem Ruhry, M\u00f6nchengladbach, Spa w Belgii, D\u00fcsseldorfem i Siegerlandem. Euregiobahn przebiega przez s\u0105siednie miasta, a cztery mniejsze stacje \u2014 Aachen West, Aachen Schanz, Aachen-Rothe Erde i Eilendorf \u2014 zapewniaj\u0105 lokalne przystanki, przy czym Aachen West jest bardziej wykorzystywany od czasu rozbudowy RWTH.<\/p>\n<p>Ewolucja transportu publicznego przebiega\u0142a \u0142ukiem od tramwaj\u00f3w konnych w 1880 r. do elektryfikacji w 1895 r., kiedy to sie\u0107 Akwizgranu rozszerzy\u0142a si\u0119 o ponad 213 kilometr\u00f3w, co zapewni\u0142o jej miano czwartego najd\u0142u\u017cszego systemu tramwajowego w Niemczech. Linie transgraniczne kiedy\u015b przewozi\u0142y pasa\u017cer\u00f3w do Herzogenrath, Stolberg, Alsdorf, Vaals, Kelmis i Eupen. Decyzje polityczne i pogarszanie si\u0119 infrastruktury doprowadzi\u0142y do \u200b\u200bostatecznego zaprzestania jazdy tramwajem w 1974 r., co ust\u0105pi\u0142o miejsca sieci autobusowej ASEAG. Obecnie 68 tras obejmuje 1240,8 kilometr\u00f3w, docieraj\u0105c do Belgii i Holandii na liniach obs\u0142ugiwanych wsp\u00f3lnie z Transport en Commun i Veolia Nederland. ASEAG uczestniczy w stowarzyszeniu taryfowym Aachener Verkehrsverbund, koordynuj\u0105c ceny bilet\u00f3w z prywatnymi przewo\u017anikami i DB Regio Bus. Autokary mi\u0119dzymiastowe odje\u017cd\u017caj\u0105 z dw\u00f3ch w\u0119z\u0142\u00f3w: Aachen West i Wilmersdorfer Stra\u00dfe.<\/p>\n<p>Podr\u00f3\u017c samochodem \u0142\u0105czy Akwizgran trzema autostradami: osi\u0105 A4 wsch\u00f3d\u2013zach\u00f3d, korytarzem A44 p\u00f3\u0142noc\u2013po\u0142udnie i odnog\u0105 A544 prowadz\u0105c\u0105 do Europaplatz. W\u0142adze miejskie nadal projektuj\u0105 ulepszenia, aby zmniejszy\u0107 korki na w\u0119\u017ale drogowym. Podr\u00f3\u017cni samolotem korzystaj\u0105 z lotniska Maastricht Aachen, pi\u0119tna\u015bcie mil morskich na p\u00f3\u0142nocny zach\u00f3d od centrum miasta, a us\u0142ugi wahad\u0142owe zapewniaj\u0105 bezproblemowe przesiadki. W pobli\u017cu znajduje si\u0119 dawne lotnisko wojskowe w Merzbr\u00fcck, kt\u00f3re obs\u0142uguje lotnictwo rekreacyjne.<\/p>\n<p>Dziedzictwo architektoniczne Akwizgranu i atrakcje kulturalne \u015bwiadcz\u0105 o jego wieloaspektowym charakterze. Katedra, wpisana na List\u0119 \u015awiatowego Dziedzictwa UNESCO w 1978 r., prezentuje po\u0142\u0105czenie karoli\u0144skiego rdzenia i gotyckiego ch\u00f3ru, jej z\u0142ote mozaiki i witra\u017ce przywodz\u0105 na my\u015bl stulecia artystycznego wysi\u0142ku. Zwiedzanie katedry i jej skarbca ujawnia artefakty z okresu antycznego, karoli\u0144skiego, otto\u0144skiego i staufowskiego, w tym Krzy\u017c Lotara i Popiersie Karola Wielkiego. Op\u0142aty i harmonogramy r\u00f3\u017cni\u0105 si\u0119 sezonowo, a wycieczki z przewodnikiem s\u0105 dost\u0119pne w j\u0119zyku angielskim. Obok stoi Rathaus, \u015bredniowieczny ratusz, w kt\u00f3rym nadal mieszcz\u0105 si\u0119 biura burmistrza.<\/p>\n<p>W obr\u0119bie starego miasta Fontanna Elizy, zbudowana w 1827 roku na termalnych \u017ar\u00f3d\u0142ach, jest uosobieniem trwa\u0142ego dziedzictwa uzdrowiskowego Akwizgranu. Muzeum Couven, dom kupiecki z XVIII wieku, eksponuje meble z epoki i wn\u0119trza domowe, podczas gdy Grashaus \u2014 dawniej pierwotny ratusz \u2014 pochodzi z 1267 roku. Haus L\u00f6wenstein, Ponttor i Marschiertor oferuj\u0105 wgl\u0105d w architektur\u0119 miejsk\u0105 z XIV i XIII wieku. Mi\u0142o\u015bnicy sztuki znajd\u0105 schronienie w Suermondt-Ludwig Museum z kolekcj\u0105 niemieckich i holenderskich rze\u017ab i obraz\u00f3w oraz w Ludwig Forum for International Art, gdzie prezentowane s\u0105 dzie\u0142a Warhola, Lichtensteina i Haringa.<\/p>\n<p>Osoby zainteresowane modernistycznym i postmodernistycznym designem mog\u0105 zwiedzi\u0107 kampus RWTH, gdzie budynki z pocz\u0105tku XX wieku a\u017c do dzi\u015b si\u0119 ze sob\u0105 \u0142\u0105cz\u0105. W\u015br\u00f3d nich wyr\u00f3\u017cniaj\u0105 si\u0119 Main Building, K\u00e1rm\u00e1n Auditorium, Audimax lecture hall i Super-C reception building \u2014 jego forma w kszta\u0142cie litery C jest cz\u0119\u015bciowo podziemna \u2014 podczas gdy Uniklinik przypomina high-techowy entuzjazm paryskiego Centre Pompidou. W pobli\u017cu, wyspecjalizowane instytucje, takie jak Zollmuseum Friedrichs, opowiadaj\u0105 histori\u0119 przekraczania granic, a International Newspaper Museum \u015bledzi ewolucj\u0119 medi\u00f3w drukowanych. Na szczycie wzg\u00f3rza Lousberg, obracaj\u0105ca si\u0119 wie\u017ca ci\u015bnie\u0144 Belvedere, obecnie restauracja, oferuje panoramiczne widoki na miasto poni\u017cej.<\/p>\n<p>Odwiedzaj\u0105cy szukaj\u0105cy spokojniejszych chwil mog\u0105 wspi\u0105\u0107 si\u0119 po zalesionych \u015bcie\u017ckach Lousberg, gdzie ka\u017cdy zakr\u0119t ods\u0142ania uj\u0119te w ramy widoki czerwonych dach\u00f3wek i ko\u015bcielnych iglic. Wieczorem centralny Market Place o\u017cywa dzi\u0119ki studentom i ulicznym muzykom, a go\u015bcie zatrzymuj\u0105 si\u0119 przy skromnym jedzeniu zakupionym w kawiarniach na rogu. Frankenberger Viertel, alternatywna dzielnica na po\u0142udniu miasta, mie\u015bci tureckie i arabskie restauracje, w kt\u00f3rych autentyczne smaki przyci\u0105gaj\u0105 zar\u00f3wno miejscowych, jak i przybysz\u00f3w.<\/p>\n<p>Kalendarz wydarze\u0144 w Akwizgranie odzwierciedla zar\u00f3wno historyczne zwyczaje, jak i wsp\u00f3\u0142czesne gusta. Karnawa\u0142 wczesn\u0105 wiosn\u0105 zamienia miasto w ca\u0142oroczne \u015bwi\u0119to, podczas gdy festiwal muzyki Pinkpop w pobliskim Landgraaf przyci\u0105ga co roku mi\u0119dzynarodowe t\u0142umy. Nied\u0142ugo potem odbywaj\u0105 si\u0119 mistrzostwa je\u017adzieckie CHIO, sta\u0142y element \u015bwiatowych zawod\u00f3w je\u017adzieckich. We wrze\u015bniu w centrum miasta odbywa si\u0119 coroczny jarmark kulturalny, a od ko\u0144ca listopada do 23 grudnia jarmark bo\u017conarodzeniowy rozci\u0105ga si\u0119 na Katschhof i M\u00fcnsterplatz, a jego drewniane stragany l\u015bni\u0105 na tle o\u015bwietlonej katedry i ratusza.<\/p>\n<p>Obiekty sportowe i wellness \u015bwiadcz\u0105 o d\u0142ugoletniej to\u017csamo\u015bci Akwizgranu jako miasta uzdrowiskowego. Carolus Thermen oferuje rozleg\u0142e termy, sauny i zabiegi wellness, a odkryty basen Hangeweiher \u2014 czynny od maja do po\u0142owy wrze\u015bnia \u2014 \u0142\u0105czy baseny treningowe z zacienionymi \u0142\u0105kami, na kt\u00f3rych mo\u017cna si\u0119 zrelaksowa\u0107. Pi\u0119\u0107 krytych basen\u00f3w jest dost\u0119pnych przez ca\u0142y rok, zar\u00f3wno dla sportowc\u00f3w, jak i rodzin.<\/p>\n<p>Pomimo wielu zalet Akwizgran \u2014 jak ka\u017cde \u015brodowisko miejskie \u2014 stawia wyzwania. Wi\u0119kszo\u015b\u0107 dzielnic zapewnia poczucie bezpiecze\u0144stwa przypadkowym go\u015bciom, cho\u0107 okolice Hauptbahnhof i lokalnego dworca autobusowego czasami przyci\u0105gaj\u0105 osoby zmagaj\u0105ce si\u0119 z uzale\u017cnieniem. Dzielnice na po\u0142udnie od centrum miasta, ukszta\u0142towane przez postindustrialny upadek, mog\u0105 wydawa\u0107 si\u0119 nieatrakcyjne dla tych, kt\u00f3rzy nie znaj\u0105 ich rytmu. Blisko\u015b\u0107 granicy przynosi pewien nielegalny handel, cho\u0107 rzadko wp\u0142ywa on na codzienne \u017cycie mieszka\u0144c\u00f3w i turyst\u00f3w.<\/p>\n<p>W swojej fizycznej formie i \u017cyciu kulturalnym Akwizgran jest \u015bwiadectwem ci\u0105g\u0142o\u015bci i adaptacji. Echa celtyckich pielgrzym\u00f3w, rzymskich k\u0105pi\u0105cych si\u0119 i karoli\u0144skich dworzan wci\u0105\u017c trwaj\u0105 w arkadowych placach, \u015bredniowiecznych bramach i wy\u0142o\u017conych mozaik\u0105 kaplicach. Jednak puls uniwersyteckich laboratori\u00f3w, nowoczesnych tramwaj\u00f3w wyobra\u017conych na nowo jako autobusy i transgranicznej wsp\u00f3\u0142pracy odzwierciedlaj\u0105 miasto jednocze\u015bnie staro\u017cytne i przysz\u0142o\u015bciowe. Tutaj, u zbiegu trzech narod\u00f3w, historia i innowacja p\u0142yn\u0105 razem tak pewnie, jak wody Wurm do Rur.<\/p>","protected":false},"excerpt":{"rendered":"<p>Akwizgran, po\u0142o\u017cony w najbardziej wysuni\u0119tym na zach\u00f3d regionie Niemiec, jest 13. co do wielko\u015bci miastem w Nadrenii P\u00f3\u0142nocnej-Westfalii i 27. co do wielko\u015bci w kraju, z populacj\u0105 ponad 261 000 mieszka\u0144c\u00f3w. To historyczne miasto o bogatym znaczeniu kulturowym le\u017cy na styku trzech kraj\u00f3w: Niemiec, Belgii i Holandii. Geografia Akwizgranu, po\u0142o\u017conego na p\u00f3\u0142nocnych przedg\u00f3rzach High Fens i g\u00f3r Eifel, ma faliste wzg\u00f3rza i zielone lasy, tworz\u0105c malownicze \u015brodowisko, kt\u00f3re od wiek\u00f3w zachwyca turyst\u00f3w.<\/p>","protected":false},"author":1,"featured_media":2912,"parent":13736,"menu_order":0,"comment_status":"closed","ping_status":"closed","template":"elementor_theme","meta":{"_eb_attr":"","footnotes":""},"class_list":["post-13800","page","type-page","status-publish","has-post-thumbnail"],"_links":{"self":[{"href":"https:\/\/travelshelper.com\/pl\/wp-json\/wp\/v2\/pages\/13800","targetHints":{"allow":["GET"]}}],"collection":[{"href":"https:\/\/travelshelper.com\/pl\/wp-json\/wp\/v2\/pages"}],"about":[{"href":"https:\/\/travelshelper.com\/pl\/wp-json\/wp\/v2\/types\/page"}],"author":[{"embeddable":true,"href":"https:\/\/travelshelper.com\/pl\/wp-json\/wp\/v2\/users\/1"}],"replies":[{"embeddable":true,"href":"https:\/\/travelshelper.com\/pl\/wp-json\/wp\/v2\/comments?post=13800"}],"version-history":[{"count":0,"href":"https:\/\/travelshelper.com\/pl\/wp-json\/wp\/v2\/pages\/13800\/revisions"}],"up":[{"embeddable":true,"href":"https:\/\/travelshelper.com\/pl\/wp-json\/wp\/v2\/pages\/13736"}],"wp:featuredmedia":[{"embeddable":true,"href":"https:\/\/travelshelper.com\/pl\/wp-json\/wp\/v2\/media\/2912"}],"wp:attachment":[{"href":"https:\/\/travelshelper.com\/pl\/wp-json\/wp\/v2\/media?parent=13800"}],"curies":[{"name":"wp","href":"https:\/\/api.w.org\/{rel}","templated":true}]}}