{"id":13736,"date":"2024-09-18T01:52:44","date_gmt":"2024-09-18T01:52:44","guid":{"rendered":"https:\/\/travelshelper.com\/staging\/?page_id=13736"},"modified":"2026-03-12T00:14:06","modified_gmt":"2026-03-12T00:14:06","slug":"niemcy","status":"publish","type":"page","link":"https:\/\/travelshelper.com\/pl\/destinations\/europe\/germany\/","title":{"rendered":"Niemcy"},"content":{"rendered":"<p>Republika Federalna Niemiec zajmuje centralne miejsce w Europie, zajmuj\u0105c powierzchni\u0119 357 596 kilometr\u00f3w kwadratowych mi\u0119dzy Morzem Ba\u0142tyckim i Morzem P\u00f3\u0142nocnym na p\u00f3\u0142nocy oraz Alpami na po\u0142udniu, i utrzymuj\u0105c populacj\u0119 oko\u0142o 84,7 miliona wed\u0142ug spisu z 2023 r. Graniczy z dziewi\u0119cioma krajami \u2014 Dani\u0105, Polsk\u0105, Czechami, Austri\u0105, Szwajcari\u0105, Francj\u0105, Luksemburgiem, Belgi\u0105 i Holandi\u0105 \u2014 jest najludniejszym pa\u0144stwem cz\u0142onkowskim Unii Europejskiej. Jej teren opada od o\u015bnie\u017conych szczyt\u00f3w Alp Bawarskich, gdzie Zugspitze osi\u0105ga 2963 metr\u00f3w, przez zalesione wy\u017cyny i \u017cyzne doliny rzek do niskich, smaganych wiatrem r\u00f3wnin wzd\u0142u\u017c Morza P\u00f3\u0142nocnego i Ba\u0142tyckiego. Berlin jest stolic\u0105 i sercem kulturalnym, Frankfurt jest finansowym w\u0119z\u0142em, a aglomeracja Ruhry jest jej najwi\u0119ksz\u0105 aglomeracj\u0105 miejsk\u0105.<\/p>\n<p>Obecno\u015b\u0107 cz\u0142owieka na ziemi niemieckiej si\u0119ga czas\u00f3w dolnopaleolitycznych \u0142owc\u00f3w-zbieraczy, po kt\u00f3rych nast\u0105pi\u0142y plemiona celtyckie, a nast\u0119pnie germa\u0144skie. W pierwszym wieku naszej ery rzymscy kronikarze nazwali ten region Germani\u0105, krajobrazem las\u00f3w i plemion poza ich granicami. W 962 r. wschodnie kr\u00f3lestwo kr\u00f3l\u00f3w saskich sta\u0142o si\u0119 j\u0105drem \u015awi\u0119tego Cesarstwa Rzymskiego. W XVI wieku p\u00f3\u0142nocnoniemieckie miasta sta\u0142y si\u0119 o\u015brodkami reformacji protestanckiej, a ich debaty na ambonach przekszta\u0142ci\u0142y wiar\u0119 w ca\u0142ej Europie. Przewr\u00f3t napoleo\u0144ski rozwi\u0105za\u0142 \u015bredniowieczne imperium w 1806 r.; do 1815 r. utworzono lu\u017an\u0105 Konfederacj\u0119 Niemieck\u0105 sk\u0142adaj\u0105c\u0105 si\u0119 z trzydziestu dziewi\u0119ciu ksi\u0119stw, jednocz\u0105c\u0105 dynastie bardziej poprzez pochodzenie ni\u017c j\u0119zyk lub prawo.<\/p>\n<p>Nowoczesna narodowo\u015b\u0107 zjednoczy\u0142a si\u0119 po wojnie austriacko-pruskiej w 1866 r., kiedy Zwi\u0105zek P\u00f3\u0142nocnoniemiecki pod pruskim przyw\u00f3dztwem utorowa\u0142 drog\u0119 do proklamacji Cesarstwa Niemieckiego w 1871 r. To imperialne przedsi\u0119wzi\u0119cie zako\u0144czy\u0142o si\u0119 pora\u017ck\u0105 w 1918 r.; z popio\u0142\u00f3w wojny i rewolucji wyros\u0142a Republika Weimarska, krucha demokracja n\u0119kana politycznymi i gospodarczymi zawirowaniami. Wzrost znaczenia partii nazistowskiej Adolfa Hitlera w 1933 r. zapocz\u0105tkowa\u0142 brutaln\u0105 dyktatur\u0119, globalny konflikt i ludob\u00f3jstwo. W 1949 r. Niemcy zosta\u0142y podzielone na dwa pa\u0144stwa: demokratyczn\u0105, zorientowan\u0105 na zach\u00f3d Republik\u0119 Federaln\u0105 Niemiec i komunistyczn\u0105 Niemieck\u0105 Republik\u0119 Demokratyczn\u0105 na wschodzie, przy czym Berlin pozosta\u0142 pod nadzorem Czterech Mocarstw. Upadek re\u017cimu Niemiec Wschodnich w 1989 r. zako\u0144czy\u0142 si\u0119 zjednoczeniem 3 pa\u017adziernika 1990 r., dat\u0105 obecnie obchodzon\u0105 jako Dzie\u0144 Jedno\u015bci Niemiec.<\/p>\n<p>Niemcy s\u0105 dzi\u015b jedn\u0105 z wiod\u0105cych gospodarek \u015bwiata. Ich system rynku socjalnego \u0142\u0105czy solidny przemys\u0142 z kompleksow\u0105 opiek\u0105 spo\u0142eczn\u0105: powszechn\u0105 opiek\u0105 zdrowotn\u0105, programami emerytalnymi, zasi\u0142kami dla bezrobotnych i bezp\u0142atnymi uniwersytetami publicznymi. Nominalny PKB kraju jest najwi\u0119kszy w Europie i trzeci co do wielko\u015bci na \u015bwiecie, podczas gdy produkcja na mieszka\u0144ca, skorygowana o si\u0142\u0119 nabywcz\u0105, przekracza \u015bredni\u0105 UE o ponad 20 procent. Sektor us\u0142ug odpowiada za oko\u0142o 72 procent ca\u0142kowitej produkcji, przemys\u0142 za oko\u0142o 27 procent \u2014 co czyni Niemcy wiod\u0105cym producentem w Europie \u2014 a rolnictwo za reszt\u0119. Bezrobocie historycznie pozostawa\u0142o poni\u017cej \u015bredniej UE, osi\u0105gaj\u0105c 3,2 procent w styczniu 2020 r.<\/p>\n<p>Jako pot\u0119ga handlowa Niemcy zajmuj\u0105 trzecie miejsce na \u015bwiecie zar\u00f3wno pod wzgl\u0119dem eksportu, jak i importu, utrzymuj\u0105c drug\u0105 co do wielko\u015bci nadwy\u017ck\u0119 handlow\u0105 po Chinach. Ich g\u0142\u00f3wnymi partnerami handlowymi w 2024 r. by\u0142y Stany Zjednoczone, Chiny i Holandia. Pojazdy, maszyny i produkty chemiczne stanowi\u0105 trzon niemieckiego eksportu. Przemys\u0142 motoryzacyjny, w kt\u00f3rym dzia\u0142aj\u0105 producenci tacy jak Volkswagen Group, BMW, Mercedes-Benz, Porsche i Audi, jest najwi\u0119kszym producentem na kontynencie pod wzgl\u0119dem warto\u015bci i globalnym innowatorem w dziedzinie in\u017cynierii i wzornictwa. Frankfurt jest kotwic\u0105 europejskiej polityki pieni\u0119\u017cnej jako gospodarz Europejskiego Banku Centralnego, podczas gdy port w Hamburgu jest trzecim najbardziej ruchliwym w\u0119z\u0142em kontenerowym w Europie.<\/p>\n<p>Krajobrazy Niemiec dziel\u0105 si\u0119 na pi\u0119\u0107 g\u0142\u00f3wnych region\u00f3w naturalnych. Nizina P\u00f3\u0142nocnoniemiecka rozci\u0105ga si\u0119 od Wysp Fryzyjskich do wybrze\u017ca Ba\u0142tyku, a jej niskie wydmy i bagna rze\u017abione s\u0105 przez silne wiatry zachodnie. Dwa razy dziennie Morze Wattowe cofa si\u0119, ods\u0142aniaj\u0105c rozleg\u0142e p\u0142ywy, gdzie spacery po bagnach z przewodnikiem ukazuj\u0105 nieziemski \u015bwiat skorupiak\u00f3w i ptak\u00f3w brodz\u0105cych. Na morzu le\u017c\u0105 Wyspy Wschodniofryzyjskie i P\u00f3\u0142nocnofryzyjskie, miejsca wolne od samochod\u00f3w, preferowane przez turyst\u00f3w krajowych. Centralne wy\u017cyny \u2014 pikowana mozaika zalesionych pasm g\u00f3rskich, takich jak Harz, Schwarzwald i Las Bawarski \u2014 \u0142\u0105cz\u0105 pasterskie doliny z ma\u0142ymi miasteczkami, kt\u00f3rych domy z muru pruskiego przypominaj\u0105 czasy \u015bredniowiecza. Na po\u0142udniowym zachodzie \u017cyzna Dolina Renu przynosi wina znane od R\u00fcdesheim do Koblencji.<\/p>\n<p>Skrajne po\u0142udnie obejmuje p\u00f3\u0142nocn\u0105 kraw\u0119d\u017a Alp, gdzie sie\u0107 wyci\u0105g\u00f3w zabiera go\u015bci na szczyt Zugspitze, a alpejskie szlaki przecinaj\u0105 szmaragdowe pastwiska i jeziora polodowcowe. Jezioro Bode\u0144skie, dzielone z Austri\u0105 i Szwajcari\u0105, odzwierciedla o\u015bnie\u017cone szczyty, oferuj\u0105c jednocze\u015bnie sporty wodne i sady na swoich brzegach. W tych regionach pi\u0119\u0107 ekoregion\u00f3w l\u0105dowych jest gospodarzem bogatej bior\u00f3\u017cnorodno\u015bci: od atlantyckich i ba\u0142tyckich las\u00f3w mieszanych po \u015brodkowoeuropejskie lasy li\u015bciaste i alpejskie lasy iglaste. Ponad po\u0142owa ziemi w Niemczech jest przeznaczona pod upraw\u0119 roln\u0105, prawie jedna trzecia pozostaje zalesiona, a pozosta\u0142\u0105 cz\u0119\u015b\u0107 zajmuj\u0105 osady. Kluczowe zasoby naturalne obejmuj\u0105 mi\u0119dzy innymi rud\u0119 \u017celaza, w\u0119giel, potas, drewno i lignit.<\/p>\n<p>Flora Niemiec obejmuje buk, d\u0105b, \u015bwierk i sosn\u0119, obok paproci, grzyb\u00f3w i kwiat\u00f3w polnych, takich jak chaber b\u0142awatek, niegdy\u015b symbol narodowy. Fauna obejmuje sarny i dziki, bobry euroazjatyckie i okazjonalnie muflony. Ochrona przyrody zaowocowa\u0142a szesnastoma parkami narodowymi \u2014 w\u015br\u00f3d nich Jasmund na wyspie Rugia, Las Bawarski i Berchtesgaden \u2014 a tak\u017ce siedemnastoma rezerwatami biosfery i ponad setk\u0105 park\u00f3w przyrody. Ogrody zoologiczne r\u00f3wnie\u017c obfituj\u0105, a berli\u0144skie zoo, za\u0142o\u017cone w 1844 r., posiada najwi\u0119ksz\u0105 na \u015bwiecie kolekcj\u0119 gatunk\u00f3w i s\u0142u\u017cy jako o\u015brodek hodowli zagro\u017conych zwierz\u0105t.<\/p>\n<p>Umiarkowany klimat Niemiec waha si\u0119 od oceanicznego na p\u00f3\u0142nocnym zachodzie, gdzie morski wp\u0142yw ma umiarkowane temperatury, do kontynentalnego na wschodzie i po\u0142udniowym wschodzie z bardziej wyra\u017anymi sezonowymi ekstremami. \u015arednie miesi\u0119czne temperatury od lutego 2019 r. do lutego 2020 r. waha\u0142y si\u0119 od 3,3 \u00b0C w styczniu 2020 r. do 19,8 \u00b0C w czerwcu 2019 r. Opady waha\u0142y si\u0119 od 30 l\/m\u00b2 wiosn\u0105 do 125 l\/m\u00b2 p\u00f3\u017an\u0105 zim\u0105, podczas gdy liczba godzin s\u0142onecznych waha\u0142a si\u0119 od 45 w listopadzie 2019 r. do 300 w czerwcu 2019 r. D\u0142ugoterminowa zmiana klimatu nasila fale upa\u0142\u00f3w i powodzie oraz zagra\u017ca zaopatrzeniu w wod\u0119 i rolnictwu, a prognozowane szkody gospodarcze si\u0119gaj\u0105 do 900 miliard\u00f3w euro do po\u0142owy wieku.<\/p>\n<p>Kultura w Niemczech odzwierciedla stulecia filozoficznych, naukowych i artystycznych wysi\u0142k\u00f3w. Kraj ten posiada 54 obiekty \u015bwiatowego dziedzictwa UNESCO \u2014 jedne z najwy\u017cszych na \u015bwiecie \u2014 w tym katedr\u0119 w Kolonii, rezydencj\u0119 w W\u00fcrzburgu i wyryte jaskinie Messel Pit. Tradycje ludowe, takie jak monachijski Oktoberfest i zwyczaje bo\u017conarodzeniowe, takie jak wie\u0144ce adwentowe i ciasta Stollen, nadal przyci\u0105gaj\u0105 t\u0142umy. \u015awi\u0119ta pa\u0144stwowe r\u00f3\u017cni\u0105 si\u0119 w zale\u017cno\u015bci od stanu, ale 3 pa\u017adziernika jednoczy wszystkich Niemc\u00f3w w \u015bwi\u0119towaniu zjednoczenia. Tkanina spo\u0142eczna obejmuje 49,7 procent chrze\u015bcijan (protestant\u00f3w i katolik\u00f3w), szacunkowo 6,7 procent muzu\u0142man\u00f3w i mniejsze spo\u0142eczno\u015bci \u017byd\u00f3w, buddyst\u00f3w i innych, podczas gdy \u015bwiecko\u015b\u0107 znacznie wzros\u0142a w ostatnich dekadach.<\/p>\n<p>Kuchnia niemiecka zachwyca regionaln\u0105 r\u00f3\u017cnorodno\u015bci\u0105. Piekarnie produkuj\u0105 ponad 600 r\u00f3\u017cnych rodzaj\u00f3w pieczywa i 1200 wypiek\u00f3w; sery stanowi\u0105 oko\u0142o 22 procent europejskiej produkcji; kie\u0142basy obejmuj\u0105 prawie 1500 odmian, od tre\u015bciwych bratwurst\u00f3w po delikatne weissw\u00fcrste. Piwo, czczone na mocy praw czysto\u015bci si\u0119gaj\u0105cych XVI wieku, pozostaje narodowym napojem, kt\u00f3rego roczna produkcja przekracza 110 litr\u00f3w na mieszka\u0144ca, podczas gdy produkcja wina zajmuje dziewi\u0105te miejsce na \u015bwiecie. W o\u015brodkach miejskich kwitnie r\u00f3wnie\u017c kuchnia mi\u0119dzynarodowa, od tureckiego kebaba po azjatyckie i \u015br\u00f3dziemnomorskie specja\u0142y.<\/p>\n<p>Sport, zw\u0142aszcza pi\u0142ka no\u017cna, fascynuje nar\u00f3d. Niemiecki Zwi\u0105zek Pi\u0142ki No\u017cnej, licz\u0105cy ponad siedem milion\u00f3w cz\u0142onk\u00f3w, jest najwi\u0119ksz\u0105 na \u015bwiecie organizacj\u0105 jednosportow\u0105. Bundesliga przyci\u0105ga drug\u0105 co do wielko\u015bci \u015bredni\u0105 frekwencj\u0119 w\u015br\u00f3d profesjonalnych lig na \u015bwiecie, a m\u0119ska reprezentacja zdoby\u0142a cztery Mistrzostwa \u015awiata FIFA, trzy Mistrzostwa Europy UEFA i Puchar Konfederacji FIFA 2017.<\/p>\n<p>Pomimo stereotypu precyzji i zachowa\u0144 opartych na regu\u0142ach, Niemcy ujawniaj\u0105 bogactwo r\u00f3\u017cnorodno\u015bci regionalnej. Szesna\u015bcie kraj\u00f3w zwi\u0105zkowych (\u201eL\u00e4nder\u201d) \u2014 z kt\u00f3rych trzy s\u0105 miastami-pa\u0144stwami \u2014 wywodzi si\u0119 z historycznych ksi\u0119stw i ksi\u0119stw. Mieszka\u0144cy p\u00f3\u0142nocy m\u00f3wi\u0105 dolnoniemieckim i ciesz\u0105 si\u0119 wietrznymi wybrze\u017cami; zachodnie regiony winiarskie ceni\u0105 wina znad Mozeli i Renu; \u015brodkowa Hesja i Turyngia s\u0105 siedliskiem g\u0119stych las\u00f3w i \u015bredniowiecznych miast; wschodnie kraje zwi\u0105zkowe nosz\u0105 pi\u0119tno NRD, podczas gdy po\u0142udnie szczyci si\u0119 alpejskim urokiem Bawarii i szwabsk\u0105 finezj\u0105 kulinarn\u0105. Dziewi\u0119\u0107 miast wyr\u00f3\u017cnia si\u0119: kulturalny renesans Berlina po jego podzielonej przesz\u0142o\u015bci; dzielnica nadmorska Bremy; rzymskie dziedzictwo i g\u00f3ruj\u0105ca katedra Kolonii; \u017cmudna przebudowa Drezna; moda i nadrzeczne promenady D\u00fcsseldorfu; panorama i muzea Frankfurtu; kana\u0142y i Elbphilharmonie w Hamburgu; piwiarnie i alpejska brama Monachium; oraz \u015bredniowieczne mury Norymbergi i ponure miejsca zbrodni wojennych.<\/p>\n<p>Poza tym podr\u00f3\u017cni szukaj\u0105 ba\u0142tyckich brzeg\u00f3w Binz i Uznam; bajkowych widok\u00f3w zamku Neuschwanstein; krasowych klif\u00f3w Szwajcarii Franko\u0144skiej; mistycznych szlak\u00f3w szczytu Brocken w Harzu; spokojnych w\u00f3d Jeziora Bode\u0144skiego; i winnic Doliny \u015arodkowego Renu. Historyczne szlaki wij\u0105 si\u0119 obok ufortyfikowanych wa\u0142\u00f3w Rothenburg ob der Tauber i wznosz\u0105cego si\u0119 M\u00fcnster w Ulm, podczas gdy Szlak Braci Grimm \u0142\u0105czy wioski, kt\u00f3re zainspirowa\u0142y opowie\u015bci o Roszpunce i Rumpelsztyku.<\/p>\n<p>Jako nowoczesny nar\u00f3d przemys\u0142owy, \u201ecud gospodarczy\u201d Niemiec znajduje konkretn\u0105 form\u0119 w dziedzictwie w\u0119gla i stali Zag\u0142\u0119bia Ruhry, globalnych arteriach \u017ceglugowych Hamburga, finansowych wie\u017cowcach Frankfurtu, dzielnicach w stylu D\u00fcsseldorfu, przedsi\u0119biorstwach medialnych Kolonii i muzeach motoryzacyjnych Stuttgartu. Berlin, jednocze\u015bnie podzielony i zjednoczony, zestawia wie\u017ce Bauhausu i barokowe pa\u0142ace, sztuk\u0119 uliczn\u0105 i podziemne kluby, pomniki Holokaustu i symbole odnowy demokratycznej.<\/p>\n<p>\u017bycie codzienne w Niemczech rz\u0105dzi si\u0119 swoimi prawami: czerwone \u015bwiat\u0142o wzbudza szacunek o ka\u017cdej porze; formalne zwracanie si\u0119 po nazwisku i zaimku Sie podkre\u015bla profesjonaln\u0105 uprzejmo\u015b\u0107; szczero\u015b\u0107 jest ceniona bardziej ni\u017c pogaw\u0119dki; humor sk\u0142ania si\u0119 ku ironii i grze s\u0142\u00f3w. Przestrzenie publiczne wymagaj\u0105 dobrego wychowania: picie ze Steina jest powszechne, ale ha\u0142a\u015bliwe zachowanie wi\u0105\u017ce si\u0119 z szybk\u0105 nagan\u0105; pomniki i miejsca kultu religijnego maj\u0105 regulamin domowy, kt\u00f3ry zas\u0142uguje na \u015bcis\u0142e przestrzeganie; dzieci pozostaj\u0105 pod opiek\u0105 rodzic\u00f3w, aby \u201eEltern haften f\u00fcr ihre Kinder\u201d nie sta\u0142o si\u0119 dos\u0142owne. Opalanie si\u0119 topless i nago\u015b\u0107 os\u00f3b obu p\u0142ci s\u0105 zwyczajowe na pla\u017cach i w saunach; zakaz palenia obowi\u0105zuje w pomieszczeniach i poci\u0105gach, podczas gdy wapowanie znajduje si\u0119 w szarej strefie prawnej. Jako go\u015b\u0107 odwzajemniasz si\u0119 go\u015bcinno\u015bci\u0105 w postaci prezent\u00f3w konsumpcyjnych \u2014 dobrego lokalnego wina lub rzemie\u015blniczego przysmaku \u2014 cenionych bardziej ni\u017c bibeloty.<\/p>","protected":false},"excerpt":{"rendered":"<p>Niemcy, formalnie znane jako Republika Federalna Niemiec, znajduj\u0105 si\u0119 w Europie \u015arodkowej i maj\u0105 ponad 82 miliony mieszka\u0144c\u00f3w na obszarze 357 569 kilometr\u00f3w kwadratowych (138 058 mil kwadratowych). Niemcy s\u0105 najludniejszym pa\u0144stwem cz\u0142onkowskim Unii Europejskiej i wybitnym aktorem na scenie europejskiej i \u015bwiatowej. Wa\u017cne po\u0142o\u017cenie Niemiec na skrzy\u017cowaniu kontynentu wp\u0142ywa\u0142o na ich histori\u0119, kultur\u0119 i wzrost gospodarczy przez tysi\u0105clecia.<\/p>","protected":false},"author":1,"featured_media":3923,"parent":24078,"menu_order":0,"comment_status":"closed","ping_status":"closed","template":"elementor_theme","meta":{"_eb_attr":"","footnotes":""},"class_list":["post-13736","page","type-page","status-publish","has-post-thumbnail"],"_links":{"self":[{"href":"https:\/\/travelshelper.com\/pl\/wp-json\/wp\/v2\/pages\/13736","targetHints":{"allow":["GET"]}}],"collection":[{"href":"https:\/\/travelshelper.com\/pl\/wp-json\/wp\/v2\/pages"}],"about":[{"href":"https:\/\/travelshelper.com\/pl\/wp-json\/wp\/v2\/types\/page"}],"author":[{"embeddable":true,"href":"https:\/\/travelshelper.com\/pl\/wp-json\/wp\/v2\/users\/1"}],"replies":[{"embeddable":true,"href":"https:\/\/travelshelper.com\/pl\/wp-json\/wp\/v2\/comments?post=13736"}],"version-history":[{"count":0,"href":"https:\/\/travelshelper.com\/pl\/wp-json\/wp\/v2\/pages\/13736\/revisions"}],"up":[{"embeddable":true,"href":"https:\/\/travelshelper.com\/pl\/wp-json\/wp\/v2\/pages\/24078"}],"wp:featuredmedia":[{"embeddable":true,"href":"https:\/\/travelshelper.com\/pl\/wp-json\/wp\/v2\/media\/3923"}],"wp:attachment":[{"href":"https:\/\/travelshelper.com\/pl\/wp-json\/wp\/v2\/media?parent=13736"}],"curies":[{"name":"wp","href":"https:\/\/api.w.org\/{rel}","templated":true}]}}