{"id":13671,"date":"2024-09-18T01:03:38","date_gmt":"2024-09-18T01:03:38","guid":{"rendered":"https:\/\/travelshelper.com\/staging\/?page_id=13671"},"modified":"2026-03-12T00:58:08","modified_gmt":"2026-03-12T00:58:08","slug":"wolos","status":"publish","type":"page","link":"https:\/\/travelshelper.com\/pl\/destinations\/europe\/greece\/volos\/","title":{"rendered":"Wolos"},"content":{"rendered":"<p>Wolos, nadmorskie miasto portowe, kt\u00f3re s\u0142u\u017cy jako morska brama do Tesalii, w r\u00f3wnym stopniu dominuje zar\u00f3wno pod wzgl\u0119dem geograficznym, jak i historycznym. Z populacj\u0105 85 803 mieszka\u0144c\u00f3w w 2021 r. zajmuje najg\u0142\u0119bszy punkt Zatoki Pagasyjskiej, gdzie r\u00f3wnina u podn\u00f3\u017ca g\u00f3ry Pelion rozci\u0105ga si\u0119 na wsch\u00f3d w kierunku Agrii i na po\u0142udniowy zach\u00f3d w kierunku Nea Anchialos. Jako stolica jednostki regionalnej Magnezja, Wolos funkcjonuje nie tylko jako regionalne centrum administracyjne, ale tak\u017ce jako jedyny uj\u015bcie Tesalii do Morza Egejskiego, \u0142\u0105cz\u0105c najwi\u0119ksze rolnicze zaplecze Grecji z szerszymi nurtami handlu europejskiego i azjatyckiego.<\/p>\n<p>Od mitycznych pocz\u0105tk\u00f3w w staro\u017cytnej osadzie Iolkos \u2014 gdzie Jazon i Argonauci mieli wyp\u0142yn\u0105\u0107 na Argo \u2014 Volos nieustannie si\u0119 odradza\u0142o. Nowoczesne miasto powsta\u0142o po katastrofalnych trz\u0119sieniach ziemi w 1955 r., kt\u00f3re zr\u00f3wna\u0142y z ziemi\u0105 wi\u0119kszo\u015b\u0107 neoklasycystycznych rezydencji i historycznego nabrze\u017ca. Na ich miejscu powsta\u0142a sie\u0107 wsp\u00f3\u0142czesnych budowli, podczas gdy gar\u015b\u0107 odrestaurowanych rezydencji s\u0142u\u017cy obecnie celom publicznym, zanikaj\u0105c \u015blady minionej pomy\u015blno\u015bci handlowej. Architekt Aristotelis Zachos odcisn\u0105\u0142 swoje pi\u0119tno na panoramie miasta ko\u015bcio\u0142ami \u015bw. Miko\u0142aja i \u015bw. Konstantyna i Heleny, dyskretnymi latarniami na nadmorskiej promenadzie, kt\u00f3re m\u00f3wi\u0105 o morskim dziedzictwie i duchowych fundamentach miasta.<\/p>\n<p>Geograficznie Volos jest definiowany przez trzy g\u00f3rskie potoki \u2014 Anavros, Krafsidonas i Xirias \u2014 ka\u017cdy sp\u0142ywaj\u0105cy ze szczytu g\u00f3ry Pelion o wysoko\u015bci 1610 metr\u00f3w. Rze\u017abi\u0105 one naturalne barykady w miejskim krajobrazie, kszta\u0142tuj\u0105c granice dzielnic i tworz\u0105c zielone korytarze, kt\u00f3re \u0142agodz\u0105 przemys\u0142owe serce miasta. Krafsidonas w szczeg\u00f3lno\u015bci s\u0142u\u017cy jako zielone p\u0142uca metropolii, oddzielaj\u0105c gminy Volos i Nea Ionia, jednocze\u015bnie od\u017cywiaj\u0105c parki i \u015bcie\u017cki dla pieszych. Masyw Pelion, wznosz\u0105cy si\u0119 bezpo\u015brednio na po\u0142udniu, rzuca deszczowy cie\u0144, kt\u00f3ry \u0142agodzi opady, podczas gdy spokojne wody zatoki nasycaj\u0105 miasto klimatem, kt\u00f3ry r\u00f3wnowa\u017cy ciep\u0142e lata z \u0142agodnymi zimami, dopuszczaj\u0105c sporadyczne opady \u015bniegu bez przerywania codziennego \u017cycia.<\/p>\n<p>Gospodarka Wolos jest \u015bwiadectwem strategicznej geografii i ewolucji przemys\u0142owej. Po\u0142o\u017cone na skrzy\u017cowaniu autostrady E75 (PATHE), z po\u0142\u0105czeniami kolejowymi do Aten, Salonik i Larissy, i zakotwiczone przez terminale cargo portu \u2014 trzecie co do wielko\u015bci w Grecji \u2014 Wolos utrzymuje wieloaspektow\u0105 gospodark\u0119 produkcji, handlu, us\u0142ug i turystyki. Ci\u0119\u017cki przemys\u0142 rozwija si\u0119 w produkcji stali \u2014 poprzez METKA, SIDENOR i Hellenic Steel \u2014 oraz w produkcji cementu w zak\u0142adzie AGET Heracles, kt\u00f3ry wysy\u0142a ponad siedem milion\u00f3w ton rocznie za po\u015brednictwem swojego prywatnego nabrze\u017ca. Inicjatywy badawcze uzupe\u0142niaj\u0105 te filary przemys\u0142owe: Instytut Biogospodarki i Agrotechnologii, cz\u0119\u015b\u0107 Centrum Bada\u0144 i Technologii \u2014 Hellas, podkre\u015bla rol\u0119 Wolos w innowacjach rolniczych i wsp\u00f3\u0142pracy naukowej.<\/p>\n<p>\u017bycie akademickie t\u0119tni w mie\u015bcie za po\u015brednictwem Uniwersytetu Tesalii, kt\u00f3rego sale konferencyjne i przestrzenie wystawowe goszcz\u0105 mi\u0119dzynarodowe spotkania naukowe i kulturalne. Udzia\u0142 Wolos w Igrzyskach Olimpijskich 2004 zapocz\u0105tkowa\u0142 tradycj\u0119 wydarze\u0144 sportowych, od Mistrzostw Europy w Lekkoatletyce po Mi\u0119dzynarodow\u0105 Olimpiad\u0119 Astronomii i Astrofizyki 2013. Okazje te wzmacniaj\u0105 to\u017csamo\u015b\u0107 obywatelsk\u0105, kt\u00f3ra ceni zar\u00f3wno wysi\u0142ek fizyczny, jak i intelektualn\u0105 eksploracj\u0119.<\/p>\n<p>Pod nowoczesn\u0105 fasad\u0105 Volos kryj\u0105 si\u0119 warstwy staro\u017cytno\u015bci. Na p\u00f3\u0142nocny wsch\u00f3d od miasta stanowiska archeologiczne Ancient Dimini i Sesklo wskazuj\u0105 na obecno\u015b\u0107 cz\u0142owieka w okresie neolitu, ods\u0142aniaj\u0105c ufortyfikowane osady, groby ofiarne i pa\u0142acowe fundamenty, kt\u00f3re zapowiadaj\u0105 myke\u0144sk\u0105 wspania\u0142o\u015b\u0107. Dom N Dimini z poruszaj\u0105cymi pozosta\u0142o\u015bciami ca\u0142opale\u0144 pod pod\u0142og\u0105 i imponuj\u0105cy gr\u00f3b Tombi zach\u0119caj\u0105 do refleksji nad wczesnymi praktykami rytualnymi. Po\u0142o\u017cenie Sesklo na szczycie wzg\u00f3rza oferuje dominuj\u0105ce widoki na zatok\u0119, ale daje mniej zachowanych struktur, co sugeruje z\u0142o\u017con\u0105 relacj\u0119 \u2014 by\u0107 mo\u017ce rywalizacj\u0119 lub handel \u2014 z s\u0105siadem. Do obu miejsc mo\u017cna dotrze\u0107 za pomoc\u0105 audioprzewodnik\u00f3w w j\u0119zyku greckim i angielskim, a wsp\u00f3lny wst\u0119p uprawnia zwiedzaj\u0105cych do zwiedzania ka\u017cdego z nich po kolei.<\/p>\n<p>W obr\u0119bie miasta, Muzeum Archeologiczne Athanasakeion prezentuje zwart\u0105, ale wszechstronn\u0105 kronik\u0119 historii Magnezji, podczas gdy Muzeum Cegielni N. &amp; S. Tsalapata przekszta\u0142ca kompleks przemys\u0142owy z 1926 r. w \u017cywy obraz produkcji z pocz\u0105tku XX wieku. Piece Hoffmanna, zbiorniki gliny i systemy transportu przywo\u0142uj\u0105 rytmy produkcji cegie\u0142 i dach\u00f3wek, kt\u00f3ra kiedy\u015b zatrudnia\u0142a setki os\u00f3b i kszta\u0142towa\u0142a \u015brodowisko zabudowane Wolos. Muzeum Miejskie Wolos uzupe\u0142nia t\u0119 ofert\u0119 o eksponaty dotycz\u0105ce \u017cycia obywatelskiego, ruch\u00f3w pracowniczych \u2014 Wolos by\u0142o domem pierwszego zwi\u0105zku zawodowego w Grecji w 1908 r. \u2014 oraz kulturowej infuzji po katastrofie w Azji Mniejszej w 1922 r., kiedy uchod\u017acy z Anatolii zmienili kszta\u0142t lokalnej kuchni, muzyki i zwyczaj\u00f3w spo\u0142ecznych.<\/p>\n<p>Spacer po centrum miasta ujawnia inn\u0105 stron\u0119 uroku Volos. Ulica Ermou, d\u0142uga, wybrukowana o\u015b r\u00f3wnoleg\u0142a do nabrze\u017ca, przechodzi w Argonafton Avenue, gdzie sklepy ka\u017cdego rodzaju ust\u0119puj\u0105 miejsca kameralnym barom i kawiarniom skupionym wok\u00f3\u0142 placu Saint Nicholas. Tutaj katedra po\u015bwi\u0119cona patronowi \u017ceglarzy przewodniczy codziennemu rytmowi handlu i wypoczynku. Nadmorski park rozci\u0105ga si\u0119 mi\u0119dzy budynkiem uniwersyteckiego Papastratos a ko\u015bcio\u0142em Saint Constantine, podczas gdy park Anavros, zaczynaj\u0105cy si\u0119 za tym samym ko\u015bcio\u0142em, rozci\u0105ga si\u0119 na wsch\u00f3d do miejskiej pla\u017cy, gdzie p\u0142ywacy odwa\u017caj\u0105 si\u0119 na ch\u0142odniejsze miesi\u0105ce.<\/p>\n<p>Dla tych, kt\u00f3rzy szukaj\u0105 s\u0142o\u0144ca i morza, Volos oferuje zar\u00f3wno miejskie pla\u017ce, jak i nadmorskie schronienia. Pla\u017ca Anavros, do kt\u00f3rej mo\u017cna dotrze\u0107 pieszo z promenady, oferuje dost\u0119pn\u0105 k\u0105piel blisko kraw\u0119dzi miasta. Kr\u00f3tki przejazd samochodem \u2014 lub autobusem miejskim nr 6 z ratusza \u2014 prowadzi do Alykes, nadmorskiej dzielnicy, gdzie symboliczna op\u0142ata za wst\u0119p zapewnia le\u017caki, ratownik\u00f3w i napoje pod nocnymi \u015bwiat\u0142ami bar\u00f3w pla\u017cowych. Jednak lokalne punkty wiedzy znajduj\u0105 si\u0119 dalej: autobusy do Agrii i Platanidii przewo\u017c\u0105 podr\u00f3\u017cnych poza cementownie do w\u00f3d o wy\u017cszej przejrzysto\u015bci, gdzie zatoczki otoczone sosnami na p\u00f3\u0142nocnym brzegu zatoki nagradzaj\u0105 cierpliwych podr\u00f3\u017cnych.<\/p>\n<p>Po\u0142\u0105czenia morskie rozszerzaj\u0105 wp\u0142ywy Wolos na Morze Egejskie. Codzienne promy i wodoloty \u0142\u0105cz\u0105 miasto z wyspami Sporady \u2014 Skiathos, Skopelos i Alonissos \u2014 oraz z Lemnos, Lesbos, Chios i Skyros. W miesi\u0105cach letnich statki wycieczkowe pod\u0105\u017caj\u0105 s\u0142abo ustalonymi trasami, przywo\u017c\u0105c ponad sto tysi\u0119cy go\u015bci w ostatnich sezonach, aby wysi\u0105\u015b\u0107 na nabrze\u017cu. Na l\u0105dzie mi\u0142o\u015bnicy kolei mog\u0105 doceni\u0107 dziedzictwo kolei Pelion, jej parowozy przemierzaj\u0105ce g\u00f3rskie zakr\u0119ty dla turyst\u00f3w od po\u0142owy kwietnia do pa\u017adziernika, a tak\u017ce codziennie w szczycie lata.<\/p>\n<p>Patrz\u0105c na zewn\u0105trz, Volos wkr\u00f3tce rozszerzy swoj\u0105 sie\u0107 transportu l\u0105dowego o zachodnie rami\u0119 autostrady E65, tworz\u0105c nowy korytarz do portu Igoumenitsa. Mi\u0119dzynarodowy Port Lotniczy Grecji \u015arodkowej w Nea Anchialos, z drugim najd\u0142u\u017cszym pasem startowym w Grecji, utrzymuje po\u0142\u0105czenia z krajowymi i wybranymi europejskimi destynacjami. Pionierska us\u0142uga wodnosamolot\u00f3w, obs\u0142ugiwana przez Argo Airways, sprawia, \u017ce \u200b\u200bVolos jest pierwszym europejskim miastem z regularnymi po\u0142\u0105czeniami amfibijnymi do Aten, Salonik i Sporad \u2014 nowoczesnym echem argonautycznego dziedzictwa miasta.<\/p>\n<p>To po\u0142\u0105czenie naturalnego otoczenia, archeologicznej g\u0142\u0119bi, przemys\u0142owej werwy i kulturowej witalno\u015bci czyni z Volos wyj\u0105tkowego rozm\u00f3wc\u0119 mi\u0119dzy przesz\u0142o\u015bci\u0105 a tera\u017aniejszo\u015bci\u0105. Linia brzegowa miasta, wyznaczona przez neoklasycystyczne fasady i wsp\u00f3\u0142czesne mola, spotyka krajobrazy ukszta\u0142towane zar\u00f3wno przez mit, jak i maszyn\u0119. Jego muzea i staro\u017cytne ruiny, huty stali i sale uniwersyteckie \u015bwiadcz\u0105 o trwa\u0142ym wsp\u00f3\u0142dzia\u0142aniu tradycji i innowacji. Tutaj puls Tesalii znajduje sw\u00f3j morski g\u0142os, a ludzka podr\u00f3\u017c \u2014 od neolitycznych mieszka\u0144c\u00f3w wzg\u00f3rza Goritsa do uczonych XXI wieku \u2014 rozwija si\u0119 wok\u00f3\u0142 \u0142uku Zatoki Pagasyjskiej.<\/p>\n<p>W Volos podr\u00f3\u017cnik spotyka si\u0119 z czym\u015b wi\u0119cej ni\u017c tylko miastem portowym: odkrywa palimpsest ludzkich wysi\u0142k\u00f3w, gdzie ka\u017cdy potok rzeczny i grzbiet Pelionu wpisuje swoj\u0105 opowie\u015b\u0107 na r\u00f3wnin\u0119 poni\u017cej. Klimat miasta, \u0142agodzony przez morskie bryzy i cienie g\u00f3r, zaprasza do eksploracji o ka\u017cdej porze roku. Jego arterie transportowe \u2014 morskie, kolejowe, drogowe i lotnicze \u2014 \u0142\u0105cz\u0105 je ze \u015bwiatem, nawet gdy jego ulice, muzea i parki archeologiczne potwierdzaj\u0105 wyj\u0105tkowe poczucie miejsca. Dla tych, kt\u00f3rzy pod\u0105\u017caj\u0105 \u015bcie\u017ckami historii i przemys\u0142u lub po prostu szukaj\u0105 nadmorskiej promenady w cieniu ko\u015bcielnych dzwonnic, Volos oferuje wci\u0105gaj\u0105ce spotkanie z pr\u0105dami, kt\u00f3re od dawna definiuj\u0105 ten port nios\u0105cy Argo.<\/p>","protected":false},"excerpt":{"rendered":"<p>Wolos, dynamiczne nadmorskie miasto portowe w Tesalii w Grecji, jest strategicznie po\u0142o\u017cone w pobli\u017cu \u015brodka greckiego l\u0105du sta\u0142ego, oko\u0142o 330 kilometr\u00f3w na p\u00f3\u0142noc od Aten i 220 kilometr\u00f3w na po\u0142udnie od Salonik. Od 2021 roku Wolos, licz\u0105ce 85 803 mieszka\u0144c\u00f3w, pe\u0142ni funkcj\u0119 stolicy regionalnej jednostki Magnesia w regionie Tesalii, pe\u0142ni\u0105c funkcj\u0119 wy\u0142\u0105cznego punktu dost\u0119pu do morza dla Tesalii, najwi\u0119kszego obszaru rolniczego Grecji. Ten t\u0119tni\u0105cy \u017cyciem o\u015brodek metropolitalny, po\u0142o\u017cony mi\u0119dzy b\u0142\u0119kitnymi wodami Zatoki Pagasyjskiej a bujnymi zboczami g\u00f3ry Pelion, stanowi p\u0142ynne po\u0142\u0105czenie historycznego znaczenia i wsp\u00f3\u0142czesnego wzrostu, ustanawiaj\u0105c je jako kluczowe ogniwo \u0142\u0105cz\u0105ce Europ\u0119 i Azj\u0119.<\/p>","protected":false},"author":1,"featured_media":4664,"parent":13510,"menu_order":0,"comment_status":"closed","ping_status":"closed","template":"elementor_theme","meta":{"_eb_attr":"","footnotes":""},"class_list":["post-13671","page","type-page","status-publish","has-post-thumbnail"],"_links":{"self":[{"href":"https:\/\/travelshelper.com\/pl\/wp-json\/wp\/v2\/pages\/13671","targetHints":{"allow":["GET"]}}],"collection":[{"href":"https:\/\/travelshelper.com\/pl\/wp-json\/wp\/v2\/pages"}],"about":[{"href":"https:\/\/travelshelper.com\/pl\/wp-json\/wp\/v2\/types\/page"}],"author":[{"embeddable":true,"href":"https:\/\/travelshelper.com\/pl\/wp-json\/wp\/v2\/users\/1"}],"replies":[{"embeddable":true,"href":"https:\/\/travelshelper.com\/pl\/wp-json\/wp\/v2\/comments?post=13671"}],"version-history":[{"count":0,"href":"https:\/\/travelshelper.com\/pl\/wp-json\/wp\/v2\/pages\/13671\/revisions"}],"up":[{"embeddable":true,"href":"https:\/\/travelshelper.com\/pl\/wp-json\/wp\/v2\/pages\/13510"}],"wp:featuredmedia":[{"embeddable":true,"href":"https:\/\/travelshelper.com\/pl\/wp-json\/wp\/v2\/media\/4664"}],"wp:attachment":[{"href":"https:\/\/travelshelper.com\/pl\/wp-json\/wp\/v2\/media?parent=13671"}],"curies":[{"name":"wp","href":"https:\/\/api.w.org\/{rel}","templated":true}]}}