{"id":13445,"date":"2024-09-17T17:54:42","date_gmt":"2024-09-17T17:54:42","guid":{"rendered":"https:\/\/travelshelper.com\/staging\/?page_id=13445"},"modified":"2026-03-12T22:11:36","modified_gmt":"2026-03-12T22:11:36","slug":"serbia","status":"publish","type":"page","link":"https:\/\/travelshelper.com\/pl\/destinations\/europe\/serbia\/","title":{"rendered":"Serbia"},"content":{"rendered":"<p>Serbia przedstawia si\u0119 jako suwerenna republika licz\u0105ca oko\u0142o 6,6 miliona mieszka\u0144c\u00f3w (bez Kosowa), rozci\u0105gaj\u0105ca si\u0119 na obszarze oko\u0142o 88 499 kilometr\u00f3w kwadratowych w sercu P\u00f3\u0142wyspu Ba\u0142ka\u0144skiego, granicz\u0105ca z W\u0119grami na p\u00f3\u0142nocy, Rumuni\u0105 na p\u00f3\u0142nocnym wschodzie, Bu\u0142gari\u0105 na po\u0142udniowym wschodzie, Macedoni\u0105 P\u00f3\u0142nocn\u0105 na po\u0142udniu, Chorwacj\u0105 oraz Bo\u015bni\u0105 i Hercegowin\u0105 na zachodzie i Czarnog\u00f3r\u0105 na po\u0142udniowym zachodzie. Po\u0142o\u017cony mi\u0119dzy szeroko\u015bciami geograficznymi 41\u00b0 i 47\u00b0 N oraz d\u0142ugo\u015bciami geograficznymi 18\u00b0 i 23\u00b0 E, ten \u015br\u00f3dl\u0105dowy nar\u00f3d zajmuje skrzy\u017cowanie Europy \u015arodkowej i Po\u0142udniowo-Wschodniej, oferuj\u0105c z\u0142o\u017con\u0105 mieszank\u0119 terenu, kt\u00f3ra rozci\u0105ga si\u0119 od \u017cyznych r\u00f3wnin Wojwodiny na p\u00f3\u0142nocy po wznosz\u0105ce si\u0119 szczyty \u0142a\u0144cuch\u00f3w g\u00f3rskich Dynarskich i Karpackich na po\u0142udniu.<\/p>\n<p>Nieprzerwanie zamieszkane od czas\u00f3w paleolitu, terytorium wsp\u00f3\u0142czesnej Serbii wch\u0142on\u0119\u0142o kolejne fale osadnik\u00f3w s\u0142owia\u0144skich w VI wieku n.e., k\u0142ad\u0105c podwaliny pod s\u0142owia\u0144skie pa\u0144stwo, kt\u00f3re mia\u0142o si\u0119 skrystalizowa\u0107 w \u015bredniowieczne kr\u00f3lestwa i ksi\u0119stwa. Do 1217 r. uznanie przez Stolic\u0119 Apostolsk\u0105 i Konstantynopol wynios\u0142o kr\u00f3lestwo serbskie do rangi kr\u00f3lestwa, kt\u00f3re pod rz\u0105dami Du\u0161ana Pot\u0119\u017cnego osi\u0105gn\u0119\u0142o apogeum w 1346 r. jako imperium obejmuj\u0105ce wielkie po\u0142acie Ba\u0142kan\u00f3w. Podb\u00f3j osma\u0144ski w po\u0142owie XVI wieku zmi\u00f3t\u0142 t\u0119 niepodleg\u0142o\u015b\u0107, chocia\u017c sporadyczne najazdy Habsburg\u00f3w z zachodu zachowa\u0142y enklawy katolickie na r\u00f3wninie pano\u0144skiej Wojwodiny.<\/p>\n<p>Na pocz\u0105tku XIX wieku rewolucja serbska ukszta\u0142towa\u0142a pierwsz\u0105 nowoczesn\u0105 monarchi\u0119 konstytucyjn\u0105 regionu, kt\u00f3rej jurysdykcja stale si\u0119 rozszerza\u0142a, a\u017c w nast\u0119pstwie I wojny \u015bwiatowej Kr\u00f3lestwo Serbii po\u0142\u0105czy\u0142o si\u0119 z s\u0105siednimi ziemiami po\u0142udniowos\u0142owia\u0144skimi, tworz\u0105c pierwsze pa\u0144stwo jugos\u0142owia\u0144skie. Nast\u0105pi\u0142y dziesi\u0119ciolecia unitarnych i socjalistycznych federacji, kt\u00f3re rozpad\u0142y si\u0119 w burzliwych latach 90. Ostateczne pokojowe oddzielenie si\u0119 od Czarnog\u00f3ry w 2006 r. przywr\u00f3ci\u0142o pe\u0142n\u0105 suwerenno\u015b\u0107 Serbii, podczas gdy jednostronna deklaracja niepodleg\u0142o\u015bci przez zgromadzenie wi\u0119kszo\u015bci alba\u0144skiej Kosowa w 2008 r. pozostaje nieuznana przez Belgrad, kt\u00f3ry uwa\u017ca Kosowo za okr\u0119g administracyjny pod wsp\u00f3lnym nadzorem.<\/p>\n<p>Geograficznie p\u00f3\u0142nocna cz\u0119\u015b\u0107 Serbii le\u017cy pod niebotycznie wysokimi terenami Niziny Pano\u0144skiej, kt\u00f3rej gliniaste gleby przecinaj\u0105 wody rzek Dunaj, Cisa i Begej. Na po\u0142udniu faliste wzg\u00f3rza ust\u0119puj\u0105 miejsca Alpom Dynarskim wzd\u0142u\u017c zachodniej granicy, Karpatom i Ba\u0142kanom na wschodzie oraz staro\u017cytnym wy\u017cynom Rodop\u00f3w na po\u0142udniowym wschodzie. Wzniesienia rozci\u0105gaj\u0105 si\u0119 od szczytu Mid\u017eor w G\u00f3rach Ba\u0142ka\u0144skich na wysoko\u015bci 2169 metr\u00f3w \u2014 najwy\u017cszego punktu Serbii z wy\u0142\u0105czeniem Kosowa \u2014 do zaledwie 17 metr\u00f3w nad poziomem morza w Prahovie nad Dunajem. Najd\u0142u\u017cszy ciek wodny kraju, Dunaj, wije si\u0119 przez jego terytorium na d\u0142ugo\u015bci 587 kilometr\u00f3w, tworz\u0105c arterie gospodarcze \u0142\u0105cz\u0105ce Europ\u0119 \u015arodkow\u0105 z Morzem Czarnym i dalej. Jezioro \u0110erdap o powierzchni 163 kilometr\u00f3w kwadratowych jest najwi\u0119kszym sztucznym zbiornikiem wodnym Serbii, wykorzystuj\u0105cym przep\u0142yw Dunaju w w\u0105wozie \u017belaznej Bramy.<\/p>\n<p>Klimatycznie Serbia zajmuje stref\u0119 przej\u015bciow\u0105 ukszta\u0142towan\u0105 przez kontynentalno\u015b\u0107 euroazjatyck\u0105, fronty atlantyckie i pr\u0105dy \u015br\u00f3dziemnomorskie. \u015arednie temperatury utrzymuj\u0105 si\u0119 w pobli\u017cu 0 \u00b0C w styczniu i osi\u0105gaj\u0105 oko\u0142o 22 \u00b0C w lipcu, co wyznacza ciep\u0142y i wilgotny klimat kontynentalny na p\u00f3\u0142nocy i bardziej subtropikalny re\u017cim z suchszymi latami na po\u0142udniu. Nier\u00f3wna topografia kieruje wiatrem Ko\u0161ava, gwa\u0142townym szkwa\u0142em, kt\u00f3ry przyspiesza przez \u017belazn\u0105 Bram\u0119 w kierunku Belgradu, gdzie mo\u017ce porusza\u0107 dachami miasta i powierzchni\u0105 Dunaju. Wy\u017cynne p\u0142askowy\u017ce, takie jak Pe\u0161ter, znosz\u0105 surowe zimy pod otaczaj\u0105cymi szczytami, podczas gdy wp\u0142yw Adriatyku \u0142agodzi warunki w po\u0142udniowych dolinach.<\/p>\n<p>Demograficznie, spis powszechny z 2022 r. zarejestrowa\u0142 6 647 003 mieszka\u0144c\u00f3w (z wy\u0142\u0105czeniem Kosowa), co daje \u015bredni\u0105 g\u0119sto\u015b\u0107 85,8 mieszka\u0144c\u00f3w na kilometr kwadratowy. Utrzymuj\u0105cy si\u0119 spadek demograficzny od lat 90. XX wieku spowodowa\u0142 spadek wska\u017anik\u00f3w urodze\u0144 poni\u017cej \u015bmiertelno\u015bci, a emigracja zmniejszy\u0142a populacj\u0119 o setki tysi\u0119cy, zw\u0142aszcza w\u015br\u00f3d wykszta\u0142conych m\u0142odych doros\u0142ych. Ze \u015bredni\u0105 wieku 43,3 lat Serbia nale\u017cy do najbardziej wiekowych spo\u0142ecze\u0144stw w Europie. Gospodarstwa domowe jednoosobowe stanowi\u0105 jedn\u0105 pi\u0105t\u0105 wszystkich mieszka\u0144, \u015brednia d\u0142ugo\u015b\u0107 \u017cycia wynosi 76,1 lat, a diaspora emigracyjna utrzymuje silne wi\u0119zi z ojczyzn\u0105.<\/p>\n<p>Konstytucja gwarantuje \u015bwiecko\u015b\u0107 i wolno\u015b\u0107 religijn\u0105, cho\u0107 to\u017csamo\u015b\u0107 Serbii pozostaje \u015bci\u015ble zwi\u0105zana z Serbskim Ko\u015bcio\u0142em Prawos\u0142awnym. Oko\u0142o 84,5% mieszka\u0144c\u00f3w identyfikuje si\u0119 jako prawos\u0142awni chrze\u015bcijanie, w tym Serbowie, Rumuni, Wo\u0142osi i inne mniejszo\u015bci. Spo\u0142eczno\u015bci islamskie, katolickie i protestanckie wywodz\u0105 swoje korzenie z migracji osma\u0144skich, austro-w\u0119gierskich i wsp\u00f3\u0142czesnych, wzbogacaj\u0105c mozaik\u0119 wiary kraju.<\/p>\n<p>J\u0119zykowo serbski kr\u00f3luje jako jedyny j\u0119zyk urz\u0119dowy, kt\u00f3rym m\u00f3wi ojczystym j\u0119zykiem oko\u0142o 88 procent populacji. Wyj\u0105tkowy w\u015br\u00f3d j\u0119zyk\u00f3w europejskich, serbski u\u017cywa zar\u00f3wno cyrylicy, jak i alfabetu \u0142aci\u0144skiego; konstytucja okre\u015bla cyrylic\u0119 jako \u201epismo urz\u0119dowe\u201d, chocia\u017c preferencje publiczne s\u0105 podzielone niemal po r\u00f3wno.<\/p>\n<p>Ekonomicznie Serbia jest gospodark\u0105 rynkow\u0105 o wy\u017cszym \u015brednim dochodzie, z nominalnym PKB w 2024 r. szacowanym na 81,9 mld USD (oko\u0142o 12 385 USD na mieszka\u0144ca), a PKB wed\u0142ug parytetu si\u0142y nabywczej na 185 mld USD (27 985 USD na mieszka\u0144ca). Us\u0142ugi stanowi\u0105 67,9 proc. produkcji, przemys\u0142 odpowiada za 26,1 proc., a rolnictwo za oko\u0142o 6 proc. Dziedzictwo bada\u0144 i inwestycji obronnych z czas\u00f3w Jugos\u0142awii \u2014 jej przemys\u0142 zbrojeniowy pozostaje wiod\u0105cym eksporterem Ba\u0142kan\u00f3w Zachodnich i dwudziestym pi\u0105tym co do wielko\u015bci na \u015bwiecie, generuj\u0105c ponad 1,6 mld USD w 2023 r. \u2014 uzupe\u0142nia zr\u00f3\u017cnicowan\u0105 baz\u0119 przemys\u0142ow\u0105 obejmuj\u0105c\u0105 komponenty samochodowe, g\u00f3rnictwo, przetw\u00f3rstwo \u017cywno\u015bci i farmaceutyki. Dinar serbski, zarz\u0105dzany przez Narodowy Bank Serbii, wspiera stabilno\u015b\u0107 monetarn\u0105; Gie\u0142da Papier\u00f3w Warto\u015bciowych w Belgradzie, cho\u0107 skromna z kapitalizacj\u0105 rynkow\u0105 na poziomie 8,65 mld USD, zakotwicza rynki kapita\u0142owe za po\u015brednictwem swojego indeksu BELEX15. Wed\u0142ug wska\u017anik\u00f3w mi\u0119dzynarodowych Serbia zajmuje pi\u0119\u0107dziesi\u0105te drugie miejsce w Indeksie Post\u0119pu Spo\u0142ecznego i pi\u0119\u0107dziesi\u0105te czwarte miejsce w Globalnym Indeksie Pokoju.<\/p>\n<p>Infrastruktura Serbii wykorzystuje jej strategiczne po\u0142o\u017cenie na skrzy\u017cowaniu dr\u00f3g Europy wsch\u00f3d-zach\u00f3d i p\u00f3\u0142noc-po\u0142udnie. Dolina Morawy zapewnia naturalny korytarz l\u0105dowy z kontynentalnej Europy do Azji Mniejszej. Sieci drogowe rozci\u0105gaj\u0105 si\u0119 na 45 419 kilometr\u00f3w \u2014 z czego 962 kilometry to autostrady \u2014 chocia\u017c niedobory w utrzymaniu w ci\u0105gu dw\u00f3ch dekad sprawi\u0142y, \u017ce wiele dr\u00f3g drugorz\u0119dnych jest poni\u017cej standard\u00f3w zachodnioeuropejskich. Ostatnie inwestycje doda\u0142y ponad 300 kilometr\u00f3w autostrad, a nowe odcinki A2 i A5 s\u0105 w budowie. Tranzyt autokarowy \u0142\u0105czy nawet najbardziej odleg\u0142e wioski z regionalnymi w\u0119z\u0142ami komunikacyjnymi, podczas gdy prywatna w\u0142asno\u015b\u0107 samochod\u00f3w osi\u0105ga jeden samoch\u00f3d na 3,5 mieszka\u0144ca.<\/p>\n<p>3819 kilometr\u00f3w linii kolejowych Serbii, z czego 1279 kilometr\u00f3w jest zelektryfikowanych, \u0142\u0105czy Belgrad i Nisz z Budapesztem, Barem, Zagrzebiem, Sofi\u0105 i Salonikami wzd\u0142u\u017c paneuropejskich korytarzy. 75-kilometrowa szybka kolej Belgrad\u2013Nowy Sad, zainaugurowana w 2022 r., obecnie biegnie w kierunku Suboticy, a dalsza rozbudowa do Niszu ma po\u0142\u0105czy\u0107 cztery najwi\u0119ksze miasta kraju do ko\u0144ca dekady. Us\u0142ugi pasa\u017cerskie Srbija Voz i towarowe Srbija Kargo uzupe\u0142niaj\u0105 arterie kolejowe.<\/p>\n<p>Podr\u00f3\u017ce lotnicze odbywaj\u0105 si\u0119 przez trzy mi\u0119dzynarodowe lotniska, na czele z Belgradzkim Portem Lotniczym im. Nikoli Tesli, kt\u00f3ry w 2022 r. obs\u0142u\u017cy\u0142 2,75 mln pasa\u017cer\u00f3w. Narodowy przewo\u017anik Air Serbia \u0142\u0105czy Belgrad z oko\u0142o 80 miejscami docelowymi w 32 krajach, w tym trasami mi\u0119dzykontynentalnymi do Nowego Jorku, Chicago i Tianjin. \u015ar\u00f3dl\u0105dowe drogi wodne, skupione na Dunaju, ale tak\u017ce na Sawie, Cisie i Begej, obs\u0142uguj\u0105 ponad 1700 kilometr\u00f3w \u017ceglownych kana\u0142\u00f3w, przewo\u017c\u0105c ponad osiem milion\u00f3w ton \u0142adunk\u00f3w w 2018 r. Porty rzeczne w Nowym Sadzie, Belgradzie, Pan\u010devie i innych \u0142\u0105cz\u0105 Serbi\u0119 zar\u00f3wno z Morzem P\u00f3\u0142nocnym przez Kana\u0142 Ren-Men-Dunaj, jak i z Morzem Czarnym przez \u017belazn\u0105 Bram\u0119.<\/p>\n<p>Turystyka, cho\u0107 skromna w por\u00f3wnaniu do nadmorskich s\u0105siad\u00f3w, oferuje gobelin uzdrowisk termalnych, kurort\u00f3w g\u00f3rskich i t\u0119tni\u0105cych \u017cyciem o\u015brodk\u00f3w miejskich. W 2019 r. ponad 3,6 miliona go\u015bci zatrzyma\u0142o si\u0119 w zarejestrowanych obiektach noclegowych, z czego po\u0142owa przyby\u0142a z zagranicy, generuj\u0105c oko\u0142o 1,5 miliarda dolar\u00f3w w walucie obcej. Tury\u015bci krajowi przybywaj\u0105 t\u0142umnie do Kopaonik, Starej Planiny i Zlatiboru, aby uprawia\u0107 sporty zimowe i letni\u0105 rekreacj\u0119, podczas gdy Vrnja\u010dka Banja, Soko Banja i Banja Kovilja\u010da przyci\u0105gaj\u0105 poszukiwaczy uzdrowisk do \u017ar\u00f3de\u0142 termalnych. Belgrad i Nowy Sad przyci\u0105gaj\u0105 dwie trzecie turyst\u00f3w zagranicznych, a ich festiwale kulturalne \u2014 EXIT w Nowym Sadzie i festiwal tr\u0105bek w Gu\u010di \u2014 przyci\u0105gaj\u0105 mi\u0119dzynarodow\u0105 uwag\u0119. Odleg\u0142e naturalne widowiska, takie jak formacja skalna \u0110avolja Varo\u0161, prawos\u0142awne szlaki pielgrzymkowe do \u015bredniowiecznych klasztor\u00f3w i rejsy po Dunaju wzd\u0142u\u017c \u017belaznej Bramy, dodatkowo urozmaicaj\u0105 ofert\u0119 Serbii.<\/p>\n<p>Wieki naprzemiennego panowania hellenistycznego, rzymskiego, bizantyjskiego, osma\u0144skiego i habsburskiego wyku\u0142y dualizm kulturowy: p\u00f3\u0142nocne r\u00f3wniny kraju wykazuj\u0105 \u015brodkowoeuropejskie powinowactwa, od architektury barokowej po wieloetniczne wsp\u00f3\u0142istnienie, podczas gdy po\u0142udniowe wy\u017cyny odzwierciedlaj\u0105 szersze tradycje ba\u0142ka\u0144skie i \u015br\u00f3dziemnomorskie. Wp\u0142ywy weneckie przesi\u0105ka\u0142y przez \u015bredniowieczny handel i literatur\u0119, pozostawiaj\u0105c sporadyczne \u015blady w sztuce i architekturze inspirowanej wybrze\u017cem.<\/p>\n<p>Uznanie przez UNESCO podkre\u015bla dziedzictwo Serbii. Pi\u0119\u0107 obiekt\u00f3w \u015bwiatowego dziedzictwa obejmuje wczesno\u015bredniowieczn\u0105 stolic\u0119 Stari Ras z klasztorem Sopo\u0107ani, XII-wieczny kompleks Studenica, rzymski pa\u0142ac Gamzigrad\u2013Felix Romuliana, \u015bredniowieczne nagrobki Ste\u0107ci i zagro\u017cone klasztory Kosowa, w tym Visoki De\u010dani, Gra\u010danica i klasztor patriarchalny Pe\u0107. Rejestr Pami\u0119ci \u015awiata przechowuje Ewangeli\u0119 Miros\u0142awa, archiwa Nikoli Tesli, austro-w\u0119gierski telegram o wypowiedzeniu wojny i dokumenty za\u0142o\u017cycielskie sekretariatu Ruchu Pa\u0144stw Niezaanga\u017cowanych. Niematerialne dobra dziedzictwa \u2014 kult \u015bwi\u0119tego patrona Slava, ludowy taniec Kolo, \u015bpiew ballad gusle, ceramika Zlakusa, destylacja \u015bliwowicy i naiwni malarze Kova\u010dicy \u2014 \u015bwiadcz\u0105 o trwa\u0142ych tradycjach wsp\u00f3lnotowych.<\/p>\n<p>Granice regionalne dziel\u0105 Serbi\u0119 na Belgrad; Podunavlje; Podrinje; \u0160umadija, s\u0142yn\u0105c\u0105 z jab\u0142ek, winogron i \u015bliwek; oraz wielokulturow\u0105 prowincj\u0119 Wojwodin\u0119, w kt\u00f3rej znajduj\u0105 si\u0119 prawos\u0142awne klasztory, muzea w stylu austro-w\u0119gierskim i pole wydmowe Deliblatska Pe\u0161\u010dara. Kosowo, cho\u0107 roszczone przez Serbi\u0119, funkcjonuje jako de facto niezale\u017cna republika z w\u0142asnymi atrakcjami, od meczet\u00f3w z czas\u00f3w Imperium Osma\u0144skiego po alpejskie szlaki turystyczne.<\/p>\n<p>O\u015brodki miejskie dodatkowo wzbogacaj\u0105 mozaik\u0119 narodow\u0105. Belgrad, stolica i najwi\u0119ksze miasto, le\u017cy u zbiegu Sawy i Dunaju, a jego warstwy rzymskich, osma\u0144skich i austro-w\u0119gierskich fortyfikacji przerywaj\u0105 wsp\u00f3\u0142czesne dzielnice \u017cycia nocnego wzd\u0142u\u017c brzeg\u00f3w rzeki. Kragujevac, miejsce pierwszej nowoczesnej stolicy Serbii, r\u00f3wnowa\u017cy produkcj\u0119 przemys\u0142ow\u0105 z instytucjami kulturalnymi; pobliskie jezioro Gru\u017eansko zach\u0119ca do spokojnej refleksji. Kraljevo, po\u0142o\u017cone mi\u0119dzy rzekami Moraw\u0105 i Ibar, g\u00f3ruje nad klasztorem \u017di\u010da, \u015bredniowiecznym ko\u015bcio\u0142em koronacyjnym i przyleg\u0142ymi \u017ar\u00f3d\u0142ami termalnymi. Nisz, miejsce urodzenia Konstantyna Wielkiego, wykorzystuje swoj\u0105 strategiczn\u0105 pozycj\u0119 jako w\u0119ze\u0142 transportowy i piel\u0119gnuje sw\u00f3j uniwersytet i plac\u00f3wki medyczne obok zabytk\u00f3w, takich jak uzdrowisko Ni\u0161ka Banja i staro\u017cytna twierdza Nisz. Nowy Sad, chwalony jako \u201eserbskie Ateny\u201d, rozci\u0105ga si\u0119 nad Dunajem z barokowymi budowlami, jest gospodarzem festiwalu twierdzy Petrovaradin i s\u0105siaduje z Fru\u0161k\u0105 Gor\u0105, kt\u00f3rej rozleg\u0142e winnice i klasztorne miejsca zyska\u0142y przydomek \u201eDrugiej \u015awi\u0119tej G\u00f3ry\u201d. Po\u017earevac, jedno z najstarszych miast Serbii, le\u017cy obok Velika Morava i w pobli\u017cu rzymskiego miasta granicznego Viminacium, podczas gdy secesyjny ratusz Suboticy g\u00f3ruje nad letnimi promenadami jeziora Pali\u0107. Sremska Mitrovica przypomina o swojej rzymskiej przesz\u0142o\u015bci jako Sirmium, rezydencji cesarskiej w IV wieku, a Vr\u0161ac stanowi kotwic\u0119 pokrytych winoro\u015bl\u0105 wzg\u00f3rz w pobli\u017cu granicy z Rumuni\u0105.<\/p>\n<p>Poza miastami, uzdrowiska takie jak Sokobanja, po\u0142o\u017cone pomi\u0119dzy szczytami Rtanj i Ozren, przyci\u0105gaj\u0105 turyst\u00f3w \u017ar\u00f3d\u0142ami mineralnymi i zalesionymi zboczami; g\u0119ste lasy Parku Narodowego Tara, wapienne jaskinie i w\u0105wozy rzeki Drina oferuj\u0105 dzik\u0105 przyrod\u0119 i dobre samopoczucie; pastwiska i wioski etniczne Zlatiboru prezentuj\u0105 wiejskie \u017cycie na szczycie 1000-metrowego p\u0142askowy\u017cu.<\/p>\n<p>Kuchnia serbska odzwierciedla swoje kulturowe zbie\u017cno\u015bci z daniami odziedziczonymi zar\u00f3wno po panowaniu osma\u0144skim, jak i rz\u0105dach austro-w\u0119gierskich. Mi\u0119so kr\u00f3luje niepodzielnie: \u0107evap\u010di\u0107i, grillowane mielone kie\u0142baski; pljeskavica, pikantne paszteciki mi\u0119sne; sarma, go\u0142\u0105bki; i kultowe Kara\u0111or\u0111eva \u0161nicla. Ciastka burek, pasztety serowe gibanica i zupy pasulj na bazie fasoli odzwierciedlaj\u0105 tradycje ch\u0142opskie, kt\u00f3re nadal s\u0105 smakowane przy \u015bwi\u0105tecznych sto\u0142ach. Chleb i s\u00f3l witaj\u0105 go\u015bci w rytualnej go\u015bcinno\u015bci, podczas gdy \u015bliwowica na bazie moreli \u2014 dumna serbska rakia \u2014 uzyska\u0142a status niematerialnego dziedzictwa UNESCO w 2021 r. Winnice rozci\u0105gaj\u0105 si\u0119 na 22 apelacje, produkuj\u0105c g\u0142\u00f3wnie wina bia\u0142e, poniewa\u017c krajowe piwa, takie jak Jelen i Lav, pieni\u0105 si\u0119 w tawernach. Kultura picia kawy, odziedziczona po kawiarniach osma\u0144skich, przetrwa\u0142a w formie mocnej, niefiltrowanej serbskiej kawy serwowanej w ma\u0142ych fili\u017cankach w kawiarniach.<\/p>\n<p>Przez swoje koleje losu imperium i federacji, przez przyp\u0142ywy i odp\u0142ywy zdobywc\u00f3w i rewolucji, Serbia trwa jako kr\u00f3lestwo \u0142agodnych wzg\u00f3rz i wznosz\u0105cych si\u0119 szczyt\u00f3w, rzek, kt\u00f3re prowadzi\u0142y armie i kupc\u00f3w, i ludu, kt\u00f3ry w r\u00f3wnym stopniu \u0142\u0105czy to, co \u015bwi\u0119te, i to, co \u015bwieckie. \u015awiat\u0142a jej stolicy migocz\u0105 na staro\u017cytnych murach, podczas gdy g\u00f3rskie kurorty rozbrzmiewaj\u0105 echem nart na \u015bniegu, a wody termalne obiecuj\u0105 ulg\u0119 o ka\u017cdej porze roku. Po\u015br\u00f3d zmieniaj\u0105cych si\u0119 granic historii, serbski duch go\u015bcinno\u015bci, jej szczere zaanga\u017cowanie w edukacj\u0119 i opiek\u0119 zdrowotn\u0105 oraz jej d\u0105\u017cenie do integracji europejskiej do 2030 r. stanowi\u0105 \u015bwiadectwo narodu, kt\u00f3ry szanuje swoj\u0105 przesz\u0142o\u015b\u0107, nawet gdy wytycza \u015bcie\u017ck\u0119 ku stabilnej, pokojowej przysz\u0142o\u015bci.<\/p>","protected":false},"excerpt":{"rendered":"<p>Serbia, formalnie znana jako Republika Serbii, jest \u015br\u00f3dl\u0105dow\u0105 republik\u0105 po\u0142o\u017con\u0105 na styku Europy Po\u0142udniowo-Wschodniej i \u015arodkowej, le\u017c\u0105c\u0105 mi\u0119dzy Ba\u0142kanami i Nizin\u0105 Pano\u0144sk\u0105. Serbia, z populacj\u0105 oko\u0142o 6,6 miliona mieszka\u0144c\u00f3w, nie licz\u0105c spornego obszaru Kosowa, jest znacz\u0105cym krajem w regionie. Belgrad, stolica i najwi\u0119ksze miasto, dzia\u0142a jako polityczne, gospodarcze i kulturalne serce kraju, zdefiniowane przez histori\u0119, kt\u00f3ra rozci\u0105ga si\u0119 na tysi\u0105ce lat.<\/p>","protected":false},"author":1,"featured_media":4507,"parent":24078,"menu_order":0,"comment_status":"closed","ping_status":"closed","template":"elementor_theme","meta":{"_eb_attr":"","footnotes":""},"class_list":["post-13445","page","type-page","status-publish","has-post-thumbnail"],"_links":{"self":[{"href":"https:\/\/travelshelper.com\/pl\/wp-json\/wp\/v2\/pages\/13445","targetHints":{"allow":["GET"]}}],"collection":[{"href":"https:\/\/travelshelper.com\/pl\/wp-json\/wp\/v2\/pages"}],"about":[{"href":"https:\/\/travelshelper.com\/pl\/wp-json\/wp\/v2\/types\/page"}],"author":[{"embeddable":true,"href":"https:\/\/travelshelper.com\/pl\/wp-json\/wp\/v2\/users\/1"}],"replies":[{"embeddable":true,"href":"https:\/\/travelshelper.com\/pl\/wp-json\/wp\/v2\/comments?post=13445"}],"version-history":[{"count":1,"href":"https:\/\/travelshelper.com\/pl\/wp-json\/wp\/v2\/pages\/13445\/revisions"}],"predecessor-version":[{"id":88936,"href":"https:\/\/travelshelper.com\/pl\/wp-json\/wp\/v2\/pages\/13445\/revisions\/88936"}],"up":[{"embeddable":true,"href":"https:\/\/travelshelper.com\/pl\/wp-json\/wp\/v2\/pages\/24078"}],"wp:featuredmedia":[{"embeddable":true,"href":"https:\/\/travelshelper.com\/pl\/wp-json\/wp\/v2\/media\/4507"}],"wp:attachment":[{"href":"https:\/\/travelshelper.com\/pl\/wp-json\/wp\/v2\/media?parent=13445"}],"curies":[{"name":"wp","href":"https:\/\/api.w.org\/{rel}","templated":true}]}}