{"id":13402,"date":"2024-09-17T17:06:15","date_gmt":"2024-09-17T17:06:15","guid":{"rendered":"https:\/\/travelshelper.com\/staging\/?page_id=13402"},"modified":"2026-03-12T23:27:24","modified_gmt":"2026-03-12T23:27:24","slug":"ptuj","status":"publish","type":"page","link":"https:\/\/travelshelper.com\/pl\/destinations\/europe\/slovenia\/ptuj\/","title":{"rendered":"Ptuj"},"content":{"rendered":"<p>Ptuj, najstarsze udokumentowane miasto w S\u0142owenii, po\u0142o\u017cone jest na wysoko\u015bci 232 m n.p.m. na szelfie dyluwialnym poni\u017cej Wzg\u00f3rza Zamkowego, zajmuj\u0105c powierzchni\u0119 66,7 km\u00b2 w p\u00f3\u0142nocno-wschodniej Styrii i pe\u0142ni\u0105c funkcj\u0119 stolicy gminy. W 2023 r. miasto liczy\u0142o 18 000 mieszka\u0144c\u00f3w w swoim centrum miejskim i prawie 24 000 w gminach powiatowych. Miasto ma strategiczne znaczenie przy przeprawie przez rzek\u0119 Draw\u0119, kt\u00f3ra kiedy\u015b \u0142\u0105czy\u0142a Morze Ba\u0142tyckie i Adriatyckie.<\/p>\n<p>Od pozosta\u0142o\u015bci osadnictwa p\u00f3\u017anej epoki kamienia \u0142upanego po celtyck\u0105 okupacj\u0119 p\u00f3\u017anej epoki \u017celaza, teren Ptuja by\u0142 \u015bwiadkiem tysi\u0105cleci ludzkich wysi\u0142k\u00f3w. W I wieku p.n.e. rodz\u0105ca si\u0119 spo\u0142eczno\u015b\u0107 zosta\u0142a wch\u0142oni\u0119ta przez rzymsk\u0105 prowincj\u0119 pano\u0144sk\u0105, jej znaczenie wzros\u0142o, gdy Legio XIII Gemina za\u0142o\u017cy\u0142 twierdz\u0119 \u2014 castrum \u2014 w Poetovium. W 69 r. n.e., po\u015br\u00f3d legion\u00f3w prowincji, Wespazjan zapewni\u0142 sobie wyniesienie na cesarza na tych samych brzegach, pozostawiaj\u0105c nast\u0119pnie pierwsz\u0105 zachowan\u0105 pisemn\u0105 wzmiank\u0119 o osadzie. Za cesarza Trajana w 103 r. uzyska\u0142a status municipium jako Colonia Ulpia Traiana Poetovio, umacniaj\u0105c swoj\u0105 rol\u0119 jako centrum wojskowego, handlowego i administracyjnego; na pocz\u0105tku IV wieku pojawili si\u0119 duchowni, tacy jak biskup Wiktoryn, a p\u00f3\u017aniejsze dramaty cesarskie \u2014 aresztowanie Konstancjusza Gallusa w 354 r. i zwyci\u0119stwo Teodozjusza I nad Maksymusem w 388 r. \u2014 rozegra\u0142y si\u0119 na tle ufortyfikowanych mur\u00f3w.<\/p>\n<p>Epoka rzymska osi\u0105gn\u0119\u0142a apogeum oko\u0142o po\u0142owy V wieku, kiedy to miasto t\u0142oczy\u0142o si\u0119 oko\u0142o 40 000 mieszka\u0144c\u00f3w, a\u017c Hunowie Attyli dokonali zniszcze\u0144 w 450 r., rozbijaj\u0105c jego tkank\u0119 miejsk\u0105. Kolejne stulecia przynios\u0142y eurazjatyckie plemiona Awar\u00f3w i S\u0142owian w 570 r., a pod koniec VIII wieku Ptuj przeszed\u0142 pod panowanie Frank\u00f3w. W latach 840\u2013874 stanowi\u0142 cz\u0119\u015b\u0107 s\u0142owia\u0144skiego Ksi\u0119stwa Balatonu, a nast\u0119pnie znalaz\u0142 si\u0119 pod podw\u00f3jnym duchowym i doczesnym panowaniem arcybiskup\u00f3w Salzburga \u2014 uk\u0142ad, kt\u00f3ry przetrwa\u0142 do czasu nadania praw miejskich w 1376 r., co zapocz\u0105tkowa\u0142o o\u017cywienie gospodarcze i budow\u0119 mur\u00f3w obronnych.<\/p>\n<p>Ponownie w\u0142\u0105czone do sfery Habsburg\u00f3w w 1490 r. po przewrotach Macieja Korwina, Ptuj \u2014 znany niemieckoj\u0119zycznym jako Pettau \u2014 wszed\u0142 do Ksi\u0119stwa Styrii w 1555 r., a jego miejskie zarz\u0105dzanie by\u0142o teraz zgodne z Wiedniem, a nie z Salzburgiem. Najazdy Imperium Osma\u0144skiego w XVI i XVII wieku przekszta\u0142ci\u0142y miasto w pole bitwy, dodatkowo zagro\u017cone przez po\u017cary w 1684, 1705, 1710 i 1744 r. Te nieszcz\u0119\u015bcia, spot\u0119gowane okresowymi powodziami i epidemiami, zapowiada\u0142y stopniowy upadek; chocia\u017c \u015bredniowieczne j\u0105dro miasta pozosta\u0142o nienaruszone, jego kupcy i rzemie\u015blnicy byli coraz bardziej przy\u0107miewani przez powstaj\u0105ce o\u015brodki regionalne.<\/p>\n<p>Pojawienie si\u0119 Austriackiej Kolei Po\u0142udniowej w po\u0142owie XIX wieku przyspieszy\u0142o marginalizacj\u0119 Ptuja: linia Maribor-Triest omin\u0119\u0142a miasto, przekierowuj\u0105c pr\u0105dy handlowe w stron\u0119 Marburga (Mariboru). Niemniej jednak spis ludno\u015bci Austro-W\u0119gier z 1910 r. wykaza\u0142, \u017ce oko\u0142o 86 procent mieszka\u0144c\u00f3w starego miasta m\u00f3wi\u0142o po niemiecku, podczas gdy w okolicznych wioskach dominowa\u0142 s\u0142owe\u0144ski. Upadek monarchii dualnej w 1918 r. przyspieszy\u0142 w\u0142\u0105czenie do Republiki Niemieckiej Austrii, ale interwencja genera\u0142a Rudolfa Maistera zapewni\u0142a Doln\u0105 Styri\u0119 dla nowo utworzonego Pa\u0144stwa S\u0142owe\u0144c\u00f3w, Chorwat\u00f3w i Serb\u00f3w \u2014 p\u00f3\u017aniejszej Jugos\u0142awii.<\/p>\n<p>Mi\u0119dzywojenny Ptuj do\u015bwiadczy\u0142 szybkiego zmniejszenia si\u0119 etnicznej ludno\u015bci niemieckiej, nawet gdy znacz\u0105ca mniejszo\u015b\u0107 przetrwa\u0142a. Kataklizm II wojny \u015bwiatowej ponownie wp\u0119dzi\u0142 miasto w zam\u0119t: od 1941 do 1944 roku nazistowskie w\u0142adze okupacyjne pozbawi\u0142y S\u0142owe\u0144c\u00f3w maj\u0105tku i deportowa\u0142y ich, przenosz\u0105c ich domy do niemieckoj\u0119zycznych ewakuowanych z Po\u0142udniowego Tyrolu i Gottschee. Po zako\u0144czeniu wojny w 1945 roku przybysze ci do\u0142\u0105czyli do rodowitego Niemca Pettauera w exodusie do Austrii i dalej, pozostawiaj\u0105c Ptuj ponownie niemal w ca\u0142o\u015bci s\u0142owe\u0144skim.<\/p>\n<p>W Socjalistycznej Federalnej Republice Jugos\u0142awii Ptuj pe\u0142ni\u0142 funkcj\u0119 administracyjnego i kulturalnego j\u0105dra regionu Dolnego Podravje. W okresie powojennym w 1965 r. nast\u0105pi\u0142a reorganizacja miejska, kt\u00f3ra po\u0142\u0105czy\u0142a stare miasto i przyleg\u0142e przedmie\u015bcia \u2014 Breg, Budino, Kr\u010devino, Ore\u0161je, Spuhlja, \u0160tuke, Rabel\u010dja vas i Vi\u010dava \u2014 a w 1977 r. powi\u0119kszy\u0142a jego terytorium o Rogoznic\u0119 i Zgornj\u0119 Hajdin\u0119. W kolejnych dekadach nast\u0105pi\u0142o wytyczenie granic poszczeg\u00f3lnych spo\u0142eczno\u015bci powiatowych, nawet gdy ekspansja mieszkaniowa post\u0119powa\u0142a na p\u00f3\u0142nocny zach\u00f3d w kierunku doliny Grajena, na p\u00f3\u0142noc do podn\u00f3\u017cy g\u00f3r Ptuj i na p\u00f3\u0142nocny wsch\u00f3d wzd\u0142u\u017c strumienia Rogoznica.<\/p>\n<p>Trwa\u0142\u0105 cech\u0105 kulturow\u0105 Ptuja jest Kurentovanje, dziesi\u0119ciodniowy karnawa\u0142 zakorzeniony w staro\u017cytnych s\u0142owia\u0144skich obrz\u0119dach wiosny i p\u0142odno\u015bci. Centralnym punktem widowiska jest Kurent \u2014 lub Korant \u2014 kt\u00f3rego posta\u0107 odziana w owczy ko\u017cuch, maska, wystaj\u0105cy czerwony j\u0119zyk, krowie dzwonki i wielobarwne wst\u0105\u017cki (a w s\u0105siednich wioskach pi\u00f3ra lub rogi) symbolizuj\u0105 b\u00f3stwo hedonistycznej odnowy, by\u0107 mo\u017ce nawi\u0105zuj\u0105c do mitycznego Priaposa. Zorganizowani w konwoje Kurentowie przemierzaj\u0105 miasto, z perkusj\u0105 w d\u0142oniach, aby wyp\u0119dzi\u0107 zimow\u0105 z\u0142o\u015b\u0107 i zwiastowa\u0107 odrodzenie sezonu.<\/p>\n<p>Ufortyfikowany nad miastem Zamek Ptuj dominuje nad panoram\u0105 miasta, jego pocz\u0105tki w epoce \u015bredniowiecza przeplataj\u0105 si\u0119 z renesansowymi i barokowymi renowacjami. U jego podstawy znajduje si\u0119 Muzeum Regionalne, kustosz zbior\u00f3w archeologicznych, etnologicznych i dzie\u0142 sztuki, kt\u00f3re \u015bledz\u0105 ewolucj\u0119 miasta od obozowisk z epoki kamiennej do rzymskiej metropolii. W pobli\u017cu szpital Jo\u017ee Potr\u010d i Teatr Miejski Ptuj podkre\u015blaj\u0105 rol\u0119 miasta jako kotwicy medycznej i kulturalnej, podczas gdy Galeria Miejska Ptuj i Galeria Miheli\u010d prezentuj\u0105 nowoczesne i wsp\u00f3\u0142czesne nurty artystyczne S\u0142owenii.<\/p>\n<p>Przedsi\u0119wzi\u0119cia naukowe i edukacyjne znalaz\u0142y swoje miejsce w Bistra Ptuj Science and Research Centre, interfejsie mi\u0119dzy instytucjami publicznymi i prywatnymi przedsi\u0119biorstwami promuj\u0105cymi regionaln\u0105 innowacyjno\u015b\u0107. Obok znajduje si\u0119 Regional Higher Education Centre Ptuj, mieszcz\u0105cy Ptuj College pod parasolem REVIVIS \u2014 pocz\u0105tkuj\u0105cego centrum studi\u00f3w stosowanych, kt\u00f3re \u015bwiadczy o zaanga\u017cowaniu miasta w rozpowszechnianie wiedzy i rozw\u00f3j si\u0142y roboczej.<\/p>\n<p>Geograficznie Ptuj zamieszkuje Dolne Podravje na Nizinie Pano\u0144skiej, otoczone \u0142agodnymi wzniesieniami g\u00f3r Slovenske Gorice i Haloze, a tak\u017ce rozleg\u0142ymi polami Dravy i Ptuja. Jego subpano\u0144ski klimat zapewnia \u015bredni\u0105 roczn\u0105 temperatur\u0119 10 \u00b0C, \u0142agodzon\u0105 przez wiatry rzeczne i os\u0142on\u0119 otaczaj\u0105cych wy\u017cyn. Na zachodzie wody Drawy s\u0105 spi\u0119trzane przez elektrowni\u0119 wodn\u0105 Formin, a powsta\u0142e w ten spos\u00f3b jezioro Ptuj \u2014 najwi\u0119kszy sztuczny sta\u0142y zbiornik w kraju \u2014 oferuje zar\u00f3wno rekreacj\u0119, jak i ekologiczne siedlisko.<\/p>\n<p>Nowoczesne arterie transportowe zbiegaj\u0105 si\u0119 w Ptuj: autostrada A4 \u0142\u0105czy Maribor z granic\u0105 chorwack\u0105 w Gru\u0161kovje i dalej do Zagrzebia, podczas gdy g\u0142\u00f3wna arteria z Slovenska Bistrica biegnie na wsch\u00f3d przez Ormo\u017e i Sredi\u0161\u010de ob Drava w drodze do Chorwacji. Drogi regionalne rozchodz\u0105 si\u0119 przez pola Dravy i Ptuj, a linia kolejowa Pragersko\u2013Ormo\u017e s\u0142u\u017cy jako kana\u0142 do Murskiej Soboty, W\u0119gier i Chorwacji, zapewniaj\u0105c, \u017ce pomimo staro\u017cytnego rodowodu, Ptuj pozostaje integralnie po\u0142\u0105czony z systemami kr\u0105\u017cenia Europy \u015arodkowej.<\/p>\n<p>Cho\u0107 stulecia zmienia\u0142y jego losy, Ptuj przetrwa\u0142 zmienne koleje losu imperium, wojny i ognia, by sta\u0107 si\u0119 miastem jarmark\u00f3w, piwnic winnych i \u017ar\u00f3de\u0142 termalnych, gdzie wsp\u00f3\u0142czesna turystyka wellness uzupe\u0142nia jego historyczny magnetyzm. Jego winne otoczenie \u2014 po\u0142o\u017cone w Haloze i Slovenske Gorice \u2014 kontynuuje tradycj\u0119 uprawy winoro\u015bli si\u0119gaj\u0105c\u0105 czas\u00f3w rzymskich, a piwnice i sale degustacyjne zapraszaj\u0105 go\u015bci do spr\u00f3bowania odmian odzwierciedlaj\u0105cych topografi\u0119 i terroir regionu.<\/p>\n<p>\u0179r\u00f3d\u0142a termalne \u2014 wykorzystywane w nowoczesnych kompleksach spa \u2014 oferuj\u0105 wytchnienie zar\u00f3wno turystom, jak i mieszka\u0144com, a ich bogate w minera\u0142y wody maj\u0105 rzekomo koi\u0107 mi\u0119\u015bnie i pobudza\u0107 kr\u0105\u017cenie. W tych obiektach mo\u017cna wyczu\u0107 t\u0119 sam\u0105 interakcj\u0119 zasob\u00f3w naturalnych i ludzkiej pomys\u0142owo\u015bci, kt\u00f3ra tysi\u0105ce lat temu sk\u0142oni\u0142a osadnik\u00f3w do za\u0142o\u017cenia obozu przy tym brodzie Drawy.<\/p>\n<p>Narracja Ptuja jest zatem opowie\u015bci\u0105 o ci\u0105g\u0142ej adaptacji: od prehistorycznych \u0142owc\u00f3w-zbieraczy do rzymskich legionist\u00f3w; od \u015bredniowiecznych mieszczan do austro-w\u0119gierskich kupc\u00f3w; od wojennego wyw\u0142aszczenia do socjalistycznej przebudowy; od wsp\u00f3\u0142czesnych uczonych do rzemie\u015blniczych winiarzy. Ka\u017cda epoka pozostawi\u0142a sw\u00f3j \u015blad \u2014 warstwy archeologiczne pod kocimi \u0142bami, gotyckie i barokowe fasady wzd\u0142u\u017c w\u0105skich uliczek, nowoczesne budynki edukacyjne na peryferiach miasta \u2014 tak, \u017ce zwiedzaj\u0105cy przemieszczaj\u0105cy si\u0119 mi\u0119dzy przesz\u0142o\u015bci\u0105 a tera\u017aniejszo\u015bci\u0105 do\u015bwiadcza nie tylko sekwencji relikt\u00f3w, ale \u017cywego kontinuum.<\/p>\n<p>W obecnej postaci Ptuj nie jest jedynie stanowiskiem archeologicznym lub eksponatem muzealnym, ale dynamiczn\u0105 stolic\u0105 regionu, kt\u00f3rej instytucje zdrowia, kultury, nauki i edukacji \u015bwiadcz\u0105 o jej trwa\u0142ej centralno\u015bci. Pozostaje miejscem, w kt\u00f3rym rytmy rzeki i drogi przecinaj\u0105 si\u0119 z rytmem stuleci, gdzie ceremonialna tradycja wsp\u00f3\u0142istnieje z naukowymi d\u0105\u017ceniami, a patyna historii pog\u0142\u0119bia, a nie przes\u0142ania \u017cywotno\u015b\u0107 wsp\u00f3\u0142czesnego \u017cycia miejskiego.<\/p>","protected":false},"excerpt":{"rendered":"<p>Ptuj, po\u0142o\u017cony w p\u00f3\u0142nocno-wschodniej cz\u0119\u015bci S\u0142owenii, jest ho\u0142dem dla bogatej tkanki europejskiej historii, z populacj\u0105 oko\u0142o 18 000 os\u00f3b. Ta dogodnie po\u0142o\u017cona nad rzek\u0105 Draw\u0105 staro\u017cytna osada jest najwcze\u015bniejszym znanym miastem w S\u0142owenii, kt\u00f3re powsta\u0142o w p\u00f3\u017anej epoce kamiennej. Poza sam\u0105 staro\u017cytno\u015bci\u0105 Ptuj jest \u017cywym \u015bwiadectwem kulturowych i historycznych zbieg\u00f3w okoliczno\u015bci, kt\u00f3re kszta\u0142towa\u0142y t\u0119 cz\u0119\u015b\u0107 Europy przez tysi\u0105clecia.<\/p>","protected":false},"author":1,"featured_media":4587,"parent":13345,"menu_order":0,"comment_status":"closed","ping_status":"closed","template":"elementor_theme","meta":{"_eb_attr":"","footnotes":""},"class_list":["post-13402","page","type-page","status-publish","has-post-thumbnail"],"_links":{"self":[{"href":"https:\/\/travelshelper.com\/pl\/wp-json\/wp\/v2\/pages\/13402","targetHints":{"allow":["GET"]}}],"collection":[{"href":"https:\/\/travelshelper.com\/pl\/wp-json\/wp\/v2\/pages"}],"about":[{"href":"https:\/\/travelshelper.com\/pl\/wp-json\/wp\/v2\/types\/page"}],"author":[{"embeddable":true,"href":"https:\/\/travelshelper.com\/pl\/wp-json\/wp\/v2\/users\/1"}],"replies":[{"embeddable":true,"href":"https:\/\/travelshelper.com\/pl\/wp-json\/wp\/v2\/comments?post=13402"}],"version-history":[{"count":0,"href":"https:\/\/travelshelper.com\/pl\/wp-json\/wp\/v2\/pages\/13402\/revisions"}],"up":[{"embeddable":true,"href":"https:\/\/travelshelper.com\/pl\/wp-json\/wp\/v2\/pages\/13345"}],"wp:featuredmedia":[{"embeddable":true,"href":"https:\/\/travelshelper.com\/pl\/wp-json\/wp\/v2\/media\/4587"}],"wp:attachment":[{"href":"https:\/\/travelshelper.com\/pl\/wp-json\/wp\/v2\/media?parent=13402"}],"curies":[{"name":"wp","href":"https:\/\/api.w.org\/{rel}","templated":true}]}}