{"id":13360,"date":"2024-09-17T16:41:43","date_gmt":"2024-09-17T16:41:43","guid":{"rendered":"https:\/\/travelshelper.com\/staging\/?page_id=13360"},"modified":"2026-03-12T22:51:22","modified_gmt":"2026-03-12T22:51:22","slug":"kranj","status":"publish","type":"page","link":"https:\/\/travelshelper.com\/pl\/destinations\/europe\/slovenia\/kranj\/","title":{"rendered":"Kranj"},"content":{"rendered":"<p>Kranj, trzecia pod wzgl\u0119dem liczby ludno\u015bci gmina w S\u0142owenii i najwa\u017cniejsza aglomeracja miejska G\u00f3rnej Krainy, rozci\u0105ga si\u0119 na powierzchni oko\u0142o 26 kilometr\u00f3w kwadratowych, oko\u0142o 20 kilometr\u00f3w na p\u00f3\u0142nocny zach\u00f3d od Lublany. Po\u0142o\u017cona u zbiegu rzek Kokra i Sawa, na wysoko\u015bci oko\u0142o 386 metr\u00f3w nad poziomem morza, pe\u0142ni funkcj\u0119 centrum administracyjnego swojej imiennej gminy miejskiej. Od czas\u00f3w staro\u017cytnych osada ta \u2014 po\u015bwiadczona jako Carnium w V wieku i rozwijaj\u0105ca si\u0119 poprzez takie formy jak via Chreinariorum w 973 r. i Chrainburch w 1291 r. \u2014 zachowa\u0142a swoje strategiczne i kulturowe znaczenie w s\u0142owe\u0144skich Alpach.<\/p>\n<p>\u015aredniowieczne centrum miasta, niezwykle zachowane, rozci\u0105ga si\u0119 na skalistym cyplu, gdzie zbiegaj\u0105ce si\u0119 drogi wodne wyrze\u017abi\u0142y g\u0142\u0119bokie kaniony w zlepionym skale. Tutaj Kokra, przecinaj\u0105ca w\u0105w\u00f3z o g\u0142\u0119boko\u015bci oko\u0142o czterdziestu metr\u00f3w, ujawnia sw\u00f3j kr\u0119ty bieg w miejscach takich jak Kosorep na p\u00f3\u0142nocnych obrze\u017cach Kranj \u2014 panorama dost\u0119pna za pomoc\u0105 kr\u0119tej \u015bcie\u017cki, kt\u00f3ra biegnie wzd\u0142u\u017c stromych klif\u00f3w do zielonych punkt\u00f3w widokowych. W d\u00f3\u0142 rzeki, w Drulovce, Sava, ujarzmiona przez zapor\u0119 elektrowni wodnej Mav\u010di\u010de, zatrzymuje si\u0119 w szerokim basenie, a jej nurt jest stonowany pod wysokimi brzegami osadowego zlepionego kamienia. Ta gra hydrografii i geologii nie tylko nadaje miastu jego definiuj\u0105c\u0105 fizjonomi\u0119, ale tak\u017ce informuje o rytmach lokalnego \u017cycia, od spokojnych promenad wzd\u0142u\u017c brzeg\u00f3w rzeki po przedsi\u0119wzi\u0119cia in\u017cynieryjne wykorzystuj\u0105ce ukryt\u0105 moc Savy.<\/p>\n<p>Klimatologicznie Kranj znajduje si\u0119 w strefie kontynentalnej wilgotnego ciep\u0142ego lata (K\u00f6ppen Dfb), charakteryzuj\u0105cej si\u0119 umiarkowanymi latami \u0142agodzonymi przez alpejskie bryzy i zimami, kt\u00f3re \u2014 cho\u0107 cz\u0119sto rze\u015bkie \u2014 rzadko zanurzaj\u0105 si\u0119 w g\u0142\u0119bokich mrozach wy\u017cszych wysoko\u015bci. Sezonowe opady deszczu padaj\u0105 stosunkowo r\u00f3wnomiernie, piel\u0119gnuj\u0105c zar\u00f3wno nadrzeczn\u0105 flor\u0119, jak i liczne miejskie ogrody publiczne, podczas gdy sporadyczne opady \u015bniegu pokrywaj\u0105 dachy nieskaziteln\u0105 biel\u0105, przypominaj\u0105c \u015bredniowieczne sceny dawno uchwycone przez rytownik\u00f3w i kronikarzy.<\/p>\n<p>Przemierzanie miasta oznacza pod\u0105\u017canie za chronologi\u0105 architektonicznych i przemys\u0142owych transformacji. Dworzec kolejowy na Kolodvorskiej cesta \u0142\u0105czy Kranj z Lublan\u0105, Jesenicami i dalej do Monachium przez Villach w Austrii, podczas gdy autostrada A2 zapewnia bezproblemow\u0105 podr\u00f3\u017c, sytuuj\u0105c miasto zaledwie dwadzie\u015bcia pi\u0119\u0107 minut jazdy samochodem od lotniska Jo\u017ee Pu\u010dnika w Brniku w Lublanie \u2014 paradoksalnie bli\u017cej Kranj ni\u017c stolicy S\u0142owenii. Regularne po\u0142\u0105czenia autobusowe \u2014 trzydzie\u015bci cztery odjazdy dziennie mi\u0119dzy Kranj a Lublan\u0105 \u2014 utrzymuj\u0105 cen\u0119 biletu w jedn\u0105 stron\u0119 na poziomie 3,60 euro, a taks\u00f3wki czekaj\u0105 na podr\u00f3\u017cnych zar\u00f3wno na centralnym dworcu autobusowym, jak i na placach przed dworcem, gotowe do przewiezienia go\u015bci przez labirynt uliczek miasta.<\/p>\n<p>Historyczna tkanina Kranj jest utkana z ko\u015bcielnych i szlacheckich spu\u015bcizn. W dzielnicy niegdy\u015b zdominowanej przez hrabi\u00f3w, Ko\u015bci\u00f3\u0142 Parafialny \u015bw. Kancjana i Towarzyszy wznosi si\u0119 w surowej gotyckiej formie \u2014 jego oryginalna czternastowieczna struktura obejmuje oko\u0142o 442 metr\u00f3w sze\u015bciennych sakralnej przestrzeni. Zlecony przez miejscow\u0105 szlacht\u0119, od dawna s\u0142u\u017cy jako siedziba biskupia parafii i diakonat\u00f3w Kranj, jego wysokie sklepienia i rze\u017abione \u0142awki s\u0105 \u015bwiadkami pokole\u0144 obrz\u0119d\u00f3w i procesji. Niedaleko, Zamek Kieselstein \u2014 cz\u0119sto nazywany Khislstein na cze\u015b\u0107 jego szesnastowiecznego za\u0142o\u017cyciela, barona Johanna Jakoba Khisla \u2014 stoi jako \u015bwiadectwo feudalnej przesz\u0142o\u015bci miasta. Kolejni opiekunowie z rod\u00f3w Moscon, Ravbar, Apfaltrer, Auersperg i Pagliaruzzi nadzorowali przebudowy, ale to wizjonerski architekt Jo\u017ee Ple\u010dnik w 1952 r. przeprowadzi\u0142 p\u00f3\u017an\u0105 renowacj\u0119, \u0142\u0105cz\u0105c renesansow\u0105 solidno\u015b\u0107 z modernistyczn\u0105 przejrzysto\u015bci\u0105; dzisiaj tarasowe ogrody zamkowe go\u015bcinne letnie koncerty pod go\u0142ym niebem.<\/p>\n<p>Przez ca\u0142y XIX i XX wiek losy Kranj splata\u0142y si\u0119 z rozwojem przemys\u0142u. Elektronika i fabryki gumy \u2014 niegdy\u015b si\u0142a nap\u0119dowa lokalnej gospodarki \u2014 rozkwita\u0142y pod rz\u0105dami Habsburg\u00f3w, a p\u00f3\u017aniej w Jugos\u0142awii, zanim turbulencje niepodleg\u0142o\u015bci w 1991 r. przyspieszy\u0142y fal\u0119 deindustrializacji. Tereny poprzemys\u0142owe powsta\u0142y tam, gdzie kiedy\u015b kominy wypuszcza\u0142y siarkowe chmury, jednak w ostatnich dekadach nast\u0105pi\u0142 odrodzenie, gdy zakorzeni\u0142y si\u0119 przedsi\u0119biorstwa nastawione na eksport. Najwa\u017cniejszymi z nich s\u0105 Goodyear Dunlop Sava, kt\u00f3rego opony obecnie przemierzaj\u0105 kontynenty; Iskratel, specjalista w systemach telekomunikacyjnych; i Hidria, producent podzespo\u0142\u00f3w samochodowych i energetycznych. Ich nowoczesne obiekty, otoczone zagospodarowanymi terenami, sygnalizuj\u0105 odrodzenie miasta dzi\u0119ki zwinno\u015bci technologicznej, a nie czystej skali fizycznej.<\/p>\n<p>\u017bycie obywatelskie w Kranj nosi pi\u0119tno zar\u00f3wno tradycji, jak i innowacji. Roczny Festiwal Carniola zaprasza muzyk\u00f3w, tancerzy i rzemie\u015blnik\u00f3w do wyst\u0119p\u00f3w na tle \u015bredniowiecznych mur\u00f3w i brukowanych plac\u00f3w, podczas gdy Teden Mladih (Tydzie\u0144 M\u0142odzie\u017cy) zamienia brzegi rzek w sceny dla wschodz\u0105cych talent\u00f3w. Obiekty sportowe mno\u017c\u0105 si\u0119 w ca\u0142ym mie\u015bcie: korty tenisowe znajduj\u0105 si\u0119 obok boisk pi\u0142karskich, a hale sportowe goszcz\u0105 mecze koszyk\u00f3wki; jednak klejnotem pozostaje o\u015brodek wodny \u2014 najwi\u0119kszy w S\u0142owenii \u2014 kt\u00f3ry wsp\u00f3\u0142organizowa\u0142 Mistrzostwa Europy w pi\u0142ce wodnej m\u0119\u017cczyzn w 2003 r. obok obiekt\u00f3w w Lublanie. Jego basen olimpijski, otoczony galeriami dla widz\u00f3w, nadal przyci\u0105ga zar\u00f3wno konkurencyjne wydarzenia, jak i programy spo\u0142eczno\u015bciowe.<\/p>\n<p>Uczony go\u015b\u0107 znajdzie w publicznych instytucjach Kranj celebracj\u0119 s\u0142owe\u0144skiego panteonu kulturowego. Na ulicy Pre\u0161erenova, w Domu Pav\u0161lara mie\u015bci si\u0119 Galeria Laureat\u00f3w Pre\u0161erena, eksponuj\u0105ca obrazy i rze\u017aby laureat\u00f3w najwy\u017cszego odznaczenia artystycznego kraju. Rzut kamieniem dalej Teatr Pre\u0161erena \u2014 za\u0142o\u017cony w 1902 roku \u2014 zajmuje budynek inspirowany barokiem, gdzie na jego czcigodnej scenie naprzemiennie odbywaj\u0105 si\u0119 produkcje klasyczne i wsp\u00f3\u0142czesne. Niedaleko Dom Pre\u0161erena zachowuje proste mieszkanie, w kt\u00f3rym France Pre\u0161eren, narodowy poeta S\u0142owenii, \u017cy\u0142 i umar\u0142; jego salon, umeblowany w stylu empire, przywo\u0142uje atmosfer\u0119, w kt\u00f3rej po raz pierwszy ukszta\u0142towa\u0142y si\u0119 takie wiersze jak \u201eZdravljica\u201d. Po drugiej stronie ulicy, w pieczo\u0142owicie piel\u0119gnowanym gaju, stoi jego nagrobek po\u015br\u00f3d R\u00f3\u017cy Pre\u0161erena, botanicznej odmiany nazwanej na jego cze\u015b\u0107.<\/p>\n<p>Urbanistyka w Kranj rozwija si\u0119 naj\u017cywiej wok\u00f3\u0142 G\u0142\u00f3wnego Rynku, kt\u00f3rego trzydziestometrowa rozpi\u0119to\u015b\u0107 jest ograniczona domami mieszcza\u0144skimi z XVI i XVII wieku. Ich portale, wyrze\u017abione w lokalnym wapieniu, prowadz\u0105 do fasad w pastelowych odcieniach o\u017cywionych balkonami z kutego \u017celaza i fryzami renesansowymi. Fontanna z XIX wieku \u2014 niedawno zrekonstruowana, aby odtworzy\u0107 jej oryginaln\u0105 form\u0119 \u2014 zajmuje centrum placu, gdzie kupcy niegdy\u015b handlowali zbo\u017cem i suknem. Obok znajduje si\u0119 Ratusz \u0142\u0105cz\u0105cy dwa r\u00f3\u017cne budynki: jeden dawny budynek wagi, drugi mieszkanie bogatego mieszczanina, obecnie mieszcz\u0105cy wystawy Muzeum Gorenjska i s\u0142u\u017c\u0105cy jako eleganckie miejsce na uroczysto\u015bci miejskie.<\/p>\n<p>Po\u0142o\u017cona nad starym miastem wie\u017ca \u0160krlovec przypomina czasy najazd\u00f3w osma\u0144skich. Jej kamienne mury, niegdy\u015b przeznaczone do obrony, obecnie mieszcz\u0105 Galeri\u0119 Janeza Puhara \u2014 przestrze\u0144 po\u015bwi\u0119con\u0105 sztuce fotograficznej \u2014 podczas gdy na parterze pod sklepionymi sufitami odbywaj\u0105 si\u0119 wyk\u0142ady i koncerty. Niedaleko znajduje si\u0119 Layer House upami\u0119tniaj\u0105cy Leopolda Layera, XVIII-wiecznego malarza s\u0142yn\u0105cego z religijnych o\u0142tarzy; w jego galeriach odbywaj\u0105 si\u0119 wystawy i warsztaty po\u015bwi\u0119cone jego pami\u0119ci.<\/p>\n<p>Wernakularna architektura Jo\u017ee Ple\u010dnika od\u017cywa na ulicy Vodopiv\u010deva, gdzie ikoniczne schody wznosz\u0105 si\u0119 mi\u0119dzy arkadami na ma\u0142y placyk zwie\u0144czony delikatnie bulgocz\u0105c\u0105 fontann\u0105. Tutaj charakterystyczna dla architekta r\u00f3wnowaga formalno\u015bci i fantazji nadaje poczucie procesyjnej pogody ducha, jakby ka\u017cdy krok by\u0142 zwrotk\u0105 hymnu na cze\u015b\u0107 ewoluuj\u0105cej to\u017csamo\u015bci Kranja.<\/p>\n<p>Dalej wzd\u0142u\u017c skalistego molo, kt\u00f3re wcina si\u0119 w Saw\u0119, stoi Pungert, kolejna szesnastowieczna wie\u017ca obronna, kt\u00f3rej cylindryczna sylwetka niegdy\u015b odpiera\u0142a ataki. Jej solidne mury obecnie stanowi\u0105 ram\u0119 dla komnaty wystawowej po\u015bwi\u0119conej lokalnej historii. Niedaleko gotycki ko\u015bci\u00f3\u0142 \u015bw. Bo\u0161tjana, Fabiana i Roka \u2014 wzniesiony podczas wybuchu zarazy w XV wieku \u2014 przetrwa\u0142 jako ma\u0142e sanktuarium, jego ostro\u0142ukowe \u0142uki i okna lancetowe \u015bwiadcz\u0105 o wierze spo\u0142eczno\u015bci w czasach pr\u00f3by.<\/p>\n<p>Pod roz\u015bwietlonymi s\u0142o\u0144cem uliczkami miasta znajduje si\u0119 inna kraina: okopy pod starym Kranjem, podziemna sie\u0107 wykuta podczas II wojny \u015bwiatowej, aby chroni\u0107 cywil\u00f3w przed bombardowaniami z powietrza. Dzi\u015b te tunele, niegdy\u015b tajne i budz\u0105ce groz\u0119, s\u0105 otwarte dla wycieczek z przewodnikiem, kt\u00f3re rzucaj\u0105 \u015bwiat\u0142o na wojenne okoliczno\u015bci i lokaln\u0105 odporno\u015b\u0107.<\/p>\n<p>W ten spos\u00f3b Kranj ukazuje si\u0119 jako palimpsest epok: jego rzymska etymologia \u2014 wywodz\u0105ca si\u0119 z celtyckiego Carn\u012b, kt\u00f3rego sama nazwa sugeruje \u201eszczyty\u201d lub \u201estosy kamieni\u201d \u2014 odbija si\u0119 echem w granitowych klifach, z kt\u00f3rych wyp\u0142ywaj\u0105 jego rzeki; jego \u015bredniowieczne mury obronne i przemys\u0142 Habsburg\u00f3w odciskaj\u0105 pi\u0119tno na powierzchni; a jego wsp\u00f3\u0142czesne przedsi\u0119biorstwa i instytucje kulturalne projektuj\u0105 przysz\u0142o\u015b\u0107 opart\u0105 na innowacjach i pami\u0119ci. Pomi\u0119dzy rzek\u0105 a wie\u017c\u0105, mi\u0119dzy ko\u015bcio\u0142em a fabryk\u0105, Kranj stoi jako \u015bwiadectwo ci\u0105g\u0142o\u015bci i zmiany \u2014 miasto, w kt\u00f3rym ka\u017cdy kamie\u0144, ka\u017cdy architektoniczny rozkwit, ka\u017cdy baner festiwalowy przyczynia si\u0119 do narracji wykraczaj\u0105cej poza prowincjonalno\u015b\u0107, oferuj\u0105c rezonuj\u0105cy rozdzia\u0142 w szerszej historii Europy \u015arodkowej.<\/p>","protected":false},"excerpt":{"rendered":"<p>Kranj jest trzecim co do wielko\u015bci miastem S\u0142owenii, licz\u0105cym oko\u0142o 37 000 mieszka\u0144c\u00f3w. Znajduje si\u0119 na p\u00f3\u0142nocnym zachodzie kraju i pe\u0142ni funkcj\u0119 g\u0142\u00f3wnego w\u0119z\u0142a metropolitalnego, a tak\u017ce bij\u0105cego serca tradycyjnego regionu G\u00f3rnej Krainy i s\u0142owe\u0144skich Alp. Strategicznie po\u0142o\u017cone oko\u0142o 20 kilometr\u00f3w na p\u00f3\u0142nocny zach\u00f3d od Lublany, stolicy kraju, to historycznie wa\u017cne miasto jest centrum administracyjnym gminy miejskiej Kranj.<\/p>","protected":false},"author":1,"featured_media":3281,"parent":13345,"menu_order":0,"comment_status":"closed","ping_status":"closed","template":"elementor_theme","meta":{"_eb_attr":"","footnotes":""},"class_list":["post-13360","page","type-page","status-publish","has-post-thumbnail"],"_links":{"self":[{"href":"https:\/\/travelshelper.com\/pl\/wp-json\/wp\/v2\/pages\/13360","targetHints":{"allow":["GET"]}}],"collection":[{"href":"https:\/\/travelshelper.com\/pl\/wp-json\/wp\/v2\/pages"}],"about":[{"href":"https:\/\/travelshelper.com\/pl\/wp-json\/wp\/v2\/types\/page"}],"author":[{"embeddable":true,"href":"https:\/\/travelshelper.com\/pl\/wp-json\/wp\/v2\/users\/1"}],"replies":[{"embeddable":true,"href":"https:\/\/travelshelper.com\/pl\/wp-json\/wp\/v2\/comments?post=13360"}],"version-history":[{"count":0,"href":"https:\/\/travelshelper.com\/pl\/wp-json\/wp\/v2\/pages\/13360\/revisions"}],"up":[{"embeddable":true,"href":"https:\/\/travelshelper.com\/pl\/wp-json\/wp\/v2\/pages\/13345"}],"wp:featuredmedia":[{"embeddable":true,"href":"https:\/\/travelshelper.com\/pl\/wp-json\/wp\/v2\/media\/3281"}],"wp:attachment":[{"href":"https:\/\/travelshelper.com\/pl\/wp-json\/wp\/v2\/media?parent=13360"}],"curies":[{"name":"wp","href":"https:\/\/api.w.org\/{rel}","templated":true}]}}