{"id":13345,"date":"2024-09-17T16:25:54","date_gmt":"2024-09-17T16:25:54","guid":{"rendered":"https:\/\/travelshelper.com\/staging\/?page_id=13345"},"modified":"2026-03-12T22:41:04","modified_gmt":"2026-03-12T22:41:04","slug":"slowenia","status":"publish","type":"page","link":"https:\/\/travelshelper.com\/pl\/destinations\/europe\/slovenia\/","title":{"rendered":"S\u0142owenia"},"content":{"rendered":"<p>S\u0142owenia, w\u0105ski korytarz zielonego terenu i stromych szczyt\u00f3w w sercu kontynentu europejskiego, zajmuje powierzchni\u0119 20 271 kilometr\u00f3w kwadratowych i jest domem dla oko\u0142o 2,1 miliona mieszka\u0144c\u00f3w. Otoczona jest przez W\u0142ochy na zachodzie, Austri\u0119 na p\u00f3\u0142nocy, W\u0119gry na p\u00f3\u0142nocnym wschodzie, Chorwacj\u0119 na po\u0142udniu i po\u0142udniowym wschodzie, a od po\u0142udniowego zachodu obejmuje kr\u00f3tki pas wybrze\u017ca Adriatyku. Strategiczne po\u0142o\u017cenie tej republiki na styku alpejskich wzg\u00f3rz, r\u00f3wnin pano\u0144skich i wp\u0142yw\u00f3w \u015br\u00f3dziemnomorskich podkre\u015bla jej wyj\u0105tkowy charakter.<\/p>\n<p>Od najwcze\u015bniejszego w\u0142\u0105czenia do domini\u00f3w Cesarstwa Bizantyjskiego, a nast\u0119pnie Karoling\u00f3w i \u015awi\u0119tego Cesarstwa Rzymskiego, przez stulecia pod jurysdykcj\u0105 Kr\u00f3lestwa W\u0119gier, zasi\u0119giem handlowym Republiki Weneckiej, napoleo\u0144skimi prowincjami iliryjskimi i rozleg\u0142\u0105 monarchi\u0105 Habsburg\u00f3w, terytorium znane obecnie jako S\u0142owenia by\u0142o \u015bwiadkiem przyp\u0142ywu i odp\u0142ywu pr\u0105d\u00f3w imperialnych \u2014 ka\u017cda warstwa rz\u0105d\u00f3w pozostawia\u0142a niezatarte \u015blady na swojej kulturowej topografii. Jesieni\u0105 1918 r. S\u0142owe\u0144cy potwierdzili swoj\u0105 zbiorow\u0105 sprawczo\u015b\u0107, wsp\u00f3\u0142tworz\u0105c Pa\u0144stwo S\u0142owe\u0144c\u00f3w, Chorwat\u00f3w i Serb\u00f3w, tylko po to, aby kilka miesi\u0119cy p\u00f3\u017aniej po\u0142\u0105czy\u0107 si\u0119 z rodz\u0105cym si\u0119 Kr\u00f3lestwem Serb\u00f3w, Chorwat\u00f3w i S\u0142owe\u0144c\u00f3w (przemianowanym na Jugos\u0142awi\u0119 w 1929 r.). Wstrz\u0105sy II wojny \u015bwiatowej, podczas kt\u00f3rej Niemcy, W\u0142ochy i W\u0119gry podzieli\u0142y i zaanektowa\u0142y ziemi\u0119 \u2014 uzupe\u0142nion\u0105 o skrawek przekazany Niepodleg\u0142emu Pa\u0144stwu Chorwackiemu \u2014 zosta\u0142y zast\u0105pione przez reintegracj\u0119 z socjalistyczn\u0105 Jugos\u0142awi\u0105. Uwolniona od zewn\u0119trznej opieki w czerwcu 1991 r., deklaracja suwerenno\u015bci S\u0142owenii zainaugurowa\u0142a nowy rozdzia\u0142, w kt\u00f3rym wytyczy\u0142a kurs jako cz\u0142onek Unii Europejskiej, NATO i innych globalnych organ\u00f3w, jednocze\u015bnie rozwijaj\u0105c gospodark\u0119 o wysokich dochodach, kt\u00f3ra r\u00f3wnowa\u017cy szanowane przedsi\u0119biorstwa produkcyjne i rolnicze z najnowocze\u015bniejsz\u0105 technologi\u0105 informatyczn\u0105 i us\u0142ugami finansowymi.<\/p>\n<p>Geograficznie S\u0142owenia rozci\u0105ga si\u0119 mi\u0119dzy 45\u00b0 i 47\u00b0 szeroko\u015bci geograficznej p\u00f3\u0142nocnej i 13\u00b0 i 17\u00b0 d\u0142ugo\u015bci geograficznej wschodniej, przeci\u0119ta niemal na p\u00f3\u0142 pi\u0119tnastym po\u0142udnikiem wschodnim i skupiona na wsp\u00f3\u0142rz\u0119dnych 46\u00b007\u203211.8\u2033 N, 14\u00b048\u203255.2\u2033 E, punkcie w pobli\u017cu Slivny w gminie Litija. Jej r\u00f3\u017cnorodno\u015b\u0107 topograficzna jest osza\u0142amiaj\u0105ca: cztery g\u0142\u00f3wne regiony europejskie \u2014 Alpy, G\u00f3ry Dynarskie, Nizina Pano\u0144ska i basen Morza \u015ar\u00f3dziemnego \u2014 zbiegaj\u0105 si\u0119 w jej granicach. P\u00f3\u0142nocne kra\u0144ce s\u0105 zdominowane przez Alpy Julijskie, Alpy Kamnicko-Sawi\u0144skie i Karawanki, wraz z masywem Pohorje; zenit narodu, G\u00f3ra Triglav, wznosi si\u0119 na 2864 metry i zdobi zar\u00f3wno flag\u0119, jak i herb jako pot\u0119\u017cny symbol to\u017csamo\u015bci narodowej. Na po\u0142udniowym zachodzie 47-kilometrowa linia Adriatyku \u2014 gdzie s\u0142owe\u0144skie wybrze\u017ce wtula si\u0119 w obj\u0119cia Morza \u015ar\u00f3dziemnego \u2014 ust\u0119puje miejsca Krasowemu P\u0142askowy\u017cowi, kt\u00f3rego rozpuszczalny wapie\u0144 wyrze\u017abi\u0142 podziemny \u015bwiat rzek, w\u0105woz\u00f3w i jaski\u0144, kt\u00f3re s\u0105 celebrowane w jaskini Postojna i wpisanych na list\u0119 UNESCO jaskiniach \u0160kocjan. Natomiast wschodnie przestrzenie sp\u0142aszczaj\u0105 si\u0119 w Nizin\u0119 Pano\u0144sk\u0105, podczas gdy ponad 90 procent terytorium le\u017cy ponad 200 metr\u00f3w nad poziomem morza.<\/p>\n<p>Klimatycznie, umiarkowane szeroko\u015bci geograficzne S\u0142owenii s\u0105 podzielone na trzy cz\u0119\u015bci: kontynentalny re\u017cim na p\u00f3\u0142nocnym wschodzie, charakteryzuj\u0105cy si\u0119 wyra\u017anymi sezonowymi zmianami temperatury; wp\u0142yw sub\u015br\u00f3dziemnomorski wzd\u0142u\u017c wybrze\u017ca i dolnych partii doliny So\u010da; oraz alpejski klimat na wysoko\u015bci. Opady, cz\u0119sto niesione przez pr\u0105dy z Zatoki Genue\u0144skiej, oscyluj\u0105 mi\u0119dzy ponad 3500 milimetr\u00f3w w zachodnich enklawach i oko\u0142o 800 milimetr\u00f3w w Prekmurje; rekordowa pokrywa \u015bnie\u017cna w Lublanie osi\u0105gn\u0119\u0142a 146 centymetr\u00f3w w lutym 1952 roku. Chocia\u017c S\u0142owenia jest stosunkowo os\u0142oni\u0119ta od uporczywych sztorm\u00f3w, do\u015bwiadcza charakterystycznych wiatr\u00f3w \u2014 wilgotnego, po\u0142udniowego jugo i porywistego, p\u00f3\u0142nocnego bora wzd\u0142u\u017c wybrze\u017ca, a tak\u017ce fenu w dystryktach alpejskich \u2014 podczas gdy lokalne pr\u0105dy pionowe powstaj\u0105 z codziennych cykli termicznych nier\u00f3wnego terenu.<\/p>\n<p>Pod stopami geologia kraju jest r\u00f3wnie o\u017cywiona. Po\u0142o\u017cona na male\u0144kiej p\u0142ycie adriatyckiej, kt\u00f3ra obraca si\u0119 w przeciwnych kierunkach mi\u0119dzy p\u0142ytami afryka\u0144sk\u0105 i eurazjatyck\u0105, S\u0142owenia zajmuje sejsmicznie aktywn\u0105 stref\u0119, w kt\u00f3rej w historycznych anna\u0142ach odnotowano sze\u015b\u0107dziesi\u0105t niszczycielskich wstrz\u0105s\u00f3w. Formacje krasowe rozci\u0105gaj\u0105 si\u0119 poza p\u0142askowy\u017c, aby nasyci\u0107 znaczn\u0105 cz\u0119\u015b\u0107 pod\u0142o\u017ca w\u0119glanem, piel\u0119gnuj\u0105c labirynt jaski\u0144, kt\u00f3re \u015bwiadcz\u0105 o powolnej sztuce w\u00f3d podziemnych. Te zr\u00f3\u017cnicowane ustawienia fizjograficzne zosta\u0142y podzielone przez geograf\u00f3w na makroregiony \u2014 alpejski, subalpejski, sub\u015br\u00f3dziemnomorski, dynarski i subpano\u0144ski \u2014 podczas gdy wsp\u00f3\u0142czesne klasyfikacje przyrodniczo-geograficzne \u0142\u0105cz\u0105 je w cztery nadrz\u0119dne krajobrazy: alpejski, \u015br\u00f3dziemnomorski, dynarski i pano\u0144ski, cz\u0119sto przeplatane przej\u015bciowymi niszami.<\/p>\n<p>Prawie 58 procent powierzchni S\u0142owenii, obejmuj\u0105cej oko\u0142o 11 823 kilometr\u00f3w kwadratowych, jest poro\u015bni\u0119te lasami \u2014 g\u0142\u00f3wnie bukowymi, jod\u0142owo-bukowymi i bukowo-d\u0119bowymi \u2014 co plasuje kraj na trzecim miejscu w Europie pod wzgl\u0119dem powierzchni le\u015bnej po Finlandii i Szwecji; pozosta\u0142o\u015bci pierwotnych las\u00f3w przetrwa\u0142y w regionie Ko\u010devje. \u0141\u0105ki, pola, ogrody, sady i winnice zajmuj\u0105 dodatkowe obszary, podczas gdy 286 stref Natura 2000 chroni 36 procent powierzchni, co stanowi najbardziej rozleg\u0142\u0105 sie\u0107 w\u015br\u00f3d pa\u0144stw Unii Europejskiej. Park Narodowy Triglav, jedyny park narodowy, jest bastionem flory i fauny, a s\u0142owe\u0144ska troska o \u015brodowisko zyska\u0142a uznanie w indeksach, takich jak Wska\u017anik Wydajno\u015bci \u015arodowiskowej Uniwersytetu Yale.<\/p>\n<p>Hydrologicznie oko\u0142o 81 procent terytorium S\u0142owenii zasila basen Morza Czarnego poprzez systemy rzek Mura, Drawa i Sawa \u2014 z Kolp\u0105 jako jednym z dop\u0142yw\u00f3w tej ostatniej \u2014 podczas gdy pozosta\u0142e 19 procent sp\u0142ywa na po\u0142udnie do Adriatyku. G\u00f3rskie \u017ar\u00f3d\u0142a dostarczaj\u0105 wody o wyj\u0105tkowej czysto\u015bci, chocia\u017c sp\u0142yw rolniczy stwarza lokalne wyzwania. Jeziora takie jak Bohinj, najwi\u0119ksze naturalne jezioro S\u0142owenii i \u017ar\u00f3d\u0142o rzeki Sawy, przerywaj\u0105 g\u00f3rski teren, uzupe\u0142niaj\u0105c krystaliczne pr\u0105dy rzeki So\u010da, kt\u00f3rej szmaragdowy odcie\u0144 przep\u0142ywa przez dolin\u0119 Trenta.<\/p>\n<p>Ekonomicznie, transformacja S\u0142owenii od czasu uzyskania niepodleg\u0142o\u015bci by\u0142a niezwyk\u0142a: kraj szczyci si\u0119 jedn\u0105 z najbardziej rozwini\u0119tych gospodarek przej\u015bciowych, a PKB na mieszka\u0144ca przewy\u017csza PKB kraj\u00f3w s\u0142owia\u0144skich. Tradycyjne sektory \u2014 g\u00f3rnictwo, hutnictwo, produkcja chemiczna i rolnictwo \u2014 wsp\u00f3\u0142istniej\u0105 z rozwijaj\u0105c\u0105 si\u0119 technologi\u0105 informatyczn\u0105, us\u0142ugami finansowymi i turystyk\u0105 \u015bwiadom\u0105 ekologicznie. Handel zagraniczny stanowi znaczn\u0105 cz\u0119\u015b\u0107 krajowej produkcji, u\u0142atwion\u0105 przez cz\u0142onkostwo w Unii Europejskiej, Organizacji Wsp\u00f3\u0142pracy Gospodarczej i Rozwoju oraz \u015awiatowej Organizacji Handlu. Regionalny dobrobyt jest r\u00f3\u017cny, przy czym region Centralnej S\u0142owenii (zakotwiczony w Lublanie) i obszary Coastal-Karst przoduj\u0105 pod wzgl\u0119dem bogactwa, podczas gdy Mura, Central Sava i Littoral-Inner Carniola odnotowuj\u0105 ni\u017csze wska\u017aniki.<\/p>\n<p>Turystyka w S\u0142owenii obejmuje ca\u0142e spektrum zasob\u00f3w naturalnych i kulturowych, z kt\u00f3rych ka\u017cdy jest wpleciony w tkank\u0119 zr\u00f3wnowa\u017conych praktyk: w 2017 r. National Geographic Traveller uzna\u0142 S\u0142oweni\u0119 za najbardziej zr\u00f3wnowa\u017cony kierunek podr\u00f3\u017cy na \u015bwiecie, a kolejne wyr\u00f3\u017cnienia potwierdzi\u0142y jej zielone referencje, w tym nagrod\u0119 Europejskiego Regionu Gastronomii w 2021 r. Dziedzictwo architektury miejskiej \u2014 kt\u00f3rego przyk\u0142adem s\u0105 barokowe i secesyjne budowle w Lublanie, z kt\u00f3rych wiele zosta\u0142o zaprojektowanych przez rodzimego architekta Jo\u017ee Ple\u010dnika \u2014 wsp\u00f3\u0142istnieje ze \u015bredniowiecznymi ko\u015bcio\u0142ami, tysi\u0105cem szcz\u0105tkowych zamk\u00f3w, dworami i tradycyjnymi stodo\u0142ami (kozolci). Cztery obiekty \u015bwiatowego dziedzictwa UNESCO \u2014 Jaskinie \u0160kocjan, stare lasy Goteni\u0161ki Sne\u017enik i Ko\u010devski Rog, kopalnia rt\u0119ci Idrija i prehistoryczne domy na palach w Ljubljana Marsh \u2014 podkre\u015blaj\u0105 kulturowe i naturalne dziedzictwo narodu. Historyczne miasta, takie jak Ptuj i \u0160kofja Loka, g\u00f3ruj\u0105cy nad ska\u0142ami Zamek Predjama i bogate w torf z\u0142o\u017ca soli w Se\u010dovlje stanowi\u0105 rozdzia\u0142y szerszej opowie\u015bci o ludzkiej pomys\u0142owo\u015bci i spektaklach geologicznych.<\/p>\n<p>W\u015br\u00f3d miast nadmorskich, fasady Piranu w stylu wenecko-gotyckim zwr\u00f3cone ku lagunie i letnia serdeczno\u015b\u0107 Portoro\u017ea \u015bwiadcz\u0105 o \u015br\u00f3dziemnomorskim dziedzictwie; w g\u0142\u0119bi l\u0105du wzg\u00f3rza pasa winnego otaczaj\u0105cego Maribor celebruj\u0105 tradycje winiarskie uosobione przez 400-letni\u0105 winoro\u015bl \u017dametovka, uwa\u017can\u0105 za najstarsz\u0105 na \u015bwiecie. O\u015brodki uzdrowiskowe \u2014 Roga\u0161ka Slatina, Radenci, \u010cate\u017e ob Savi, Dobrna i Moravske Toplice \u2014 oferuj\u0105 lecznicze wody w pastwiskowym otoczeniu, podczas gdy poszukiwacze przyg\u00f3d sprawdzaj\u0105 swoj\u0105 odwag\u0119 w Alpach Julijskich i dorzeczu So\u010dy: kanioning, rafting, paralotniarstwo i kolarstwo g\u00f3rskie s\u0105 uprawiane w cenach z pocz\u0105tku XX wieku, cz\u0119sto por\u00f3wnywanych z dro\u017cszymi odpowiednikami alpejskimi.<\/p>\n<p>Kuchnia odzwierciedla tr\u00f3jdzielne dziedzictwo kulturowe narodu \u2014 germa\u0144skie, \u0142aci\u0144skie i s\u0142owia\u0144skie \u2014 z ponad czterdziestoma regionalnymi wariantami da\u0144 zakorzenionych w skromnych potrawach: potrawy jednogarnkowe, takie jak ri\u010det, jota i mine\u0161tra; gryczane \u017eganci; (w Prekmurje) bujta repa i warstwowa prekmurska gibanica; w\u0119dzony na miejscu pr\u0161ut z Littoral; oraz emblematyczna potica nut roll, kt\u00f3rej symbolika diaspory odbija si\u0119 echem w s\u0142owe\u0144skich spo\u0142eczno\u015bciach za granic\u0105. Festiwale kulinarne \u2014 w\u015br\u00f3d nich coroczny Festiwal Pieczonych Ziemniak\u00f3w, zainaugurowany w 2000 r. \u2014 celebruj\u0105 codzienne tradycje, podczas gdy kie\u0142basa kranjska klobasa i czcigodna winoro\u015bl \u017dametovka wzmacniaj\u0105 poczucie terroir, kt\u00f3re ceni zar\u00f3wno pochodzenie, jak i rytmy sezonowe.<\/p>\n<p>\u0141\u0105czno\u015b\u0107 w ca\u0142ej S\u0142owenii jest kszta\u0142towana przez jej fizjografi\u0119: paneuropejskie korytarze V (\u0142\u0105cz\u0105ce p\u00f3\u0142nocny Adriatyk z Europ\u0105 \u015arodkow\u0105 i Wschodni\u0105) i X (\u0142\u0105cz\u0105ce Europ\u0119 \u015arodkow\u0105 z Ba\u0142kanami) zbiegaj\u0105 si\u0119 na jej terytorium, u\u0142atwiaj\u0105c ruch drogowy, kolejowy, portowy i lotniczy. Autostrady, kt\u00f3rych ekspansja przyspieszy\u0142a po 1994 r., obecnie tworz\u0105 g\u0119st\u0105 sie\u0107, kt\u00f3ra odpowiada za osiemdziesi\u0105t procent transportu towarowego i pasa\u017cerskiego, chocia\u017c drugorz\u0119dne drogi krajowe uleg\u0142y pogorszeniu pod wp\u0142ywem zwi\u0119kszonego obci\u0105\u017cenia. Koleje, utrudnione przez przestarza\u0142\u0105 infrastruktur\u0119 i rozproszone wzorce osadnicze, znajduj\u0105 si\u0119 we wst\u0119pnych fazach modernizacji na osi Koper\u2013Diva\u010da, podczas gdy port Koper kr\u00f3luje jako p\u00f3\u0142nocnoadriatycki hub kontenerowy \u2014 obs\u0142uguj\u0105cy rocznie prawie 590 000 dwudziestostopowych jednostek r\u00f3wnowa\u017cnych \u2014 i podtrzymuje morski ruch towarowy i pasa\u017cerski, uzupe\u0142niany przez Izol\u0119 i Piran. Podr\u00f3\u017ce lotnicze pozostaj\u0105 skromne, ale rosn\u0105: lotnisko Jo\u017ee Pu\u010dnik w Lublanie stanowi g\u0142\u00f3wn\u0105 bram\u0119, obok Maribora Edvarda Rusjana i Portoro\u017ea, a tani przewo\u017anicy wype\u0142niaj\u0105 pustk\u0119 pozostawion\u0105 po upad\u0142o\u015bci Adria Airways w 2019 r.<\/p>\n<p>Demograficznie, spis powszechny republiki z pa\u017adziernika 2024 r. odnotowa\u0142 2 129 052 mieszka\u0144c\u00f3w, co daje g\u0119sto\u015b\u0107 105 os\u00f3b na kilometr kwadratowy \u2014 niewielk\u0105 w zestawieniu z Holandi\u0105 lub W\u0142ochami i nier\u00f3wnomiernie roz\u0142o\u017con\u0105 w regionach statystycznych, od centralnego centrum S\u0142owenii po s\u0142abo zaludnion\u0105 Wewn\u0119trzn\u0105 Krain\u0119\u2013Karst. Zachowanie j\u0119zyka s\u0142owe\u0144skiego, piel\u0119gnowanego przez pokolenia przez katolickich opiekun\u00f3w zakonnych w czasach germanizacji, stanowi podstaw\u0119 jedno\u015bci j\u0119zykowej odr\u0119bnej od s\u0105siednich j\u0119zyk\u00f3w serbsko-chorwackich.<\/p>\n<p>Dla podr\u00f3\u017cnika, kt\u00f3ry chce uchwyci\u0107 istot\u0119 S\u0142owenii, rytmiczny obraz, kt\u00f3ry rozwija si\u0119 od Potr\u00f3jnego Mostu \u0142\u0105cz\u0105cego Ljubljanic\u0119 w Lublanie do legendarnej wyspy na jeziorze Bled; od podziemnych katedr stalaktyt\u00f3w do wypalonych s\u0142o\u0144cem taras\u00f3w krasu \u0160kocjan; od szepcz\u0105cej sielankowej ciszy alpejskich pastwisk do nadmorskich promenad, gdzie weneckie blanki \u0142api\u0105 adriatyck\u0105 bryz\u0119 \u2014 ka\u017cdy z nich oferuje rozdzia\u0142 w trwaj\u0105cym dialogu mi\u0119dzy monumentalno\u015bci\u0105 natury a ludzkim rzemios\u0142em. Niezale\u017cnie od tego, czy podr\u00f3\u017cuje si\u0119 autostrad\u0105, kolej\u0105 czy strumieniem, S\u0142owenia ukazuje si\u0119 jako kraina przecinaj\u0105cych si\u0119 krain, miejsce, w kt\u00f3rym zbiegaj\u0105 si\u0119 kontynentalne t\u0119tno i \u015br\u00f3dziemnomorskie rytmy, gdzie pami\u0119\u0107 i nowoczesno\u015b\u0107 utrzymuj\u0105 nieustanny balans, a wzrok podr\u00f3\u017cnika jest zapraszany do zatrzymania si\u0119 na zawi\u0142ej wsp\u00f3\u0142zale\u017cno\u015bci ziemi, historii i kultury.<\/p>","protected":false},"excerpt":{"rendered":"<p>S\u0142owenia, ma\u0142y, ale intryguj\u0105cy kraj po\u0142o\u017cony w po\u0142udniowej Europie \u015arodkowej, zajmuje strategiczne miejsce na skrzy\u017cowaniu wa\u017cnych europejskich szlak\u00f3w kulturalnych i handlowych. S\u0142owenia prezentuje wyj\u0105tkow\u0105 mieszank\u0119 naturalnego pi\u0119kna, bogatej historii i nowoczesnego rozwoju z populacj\u0105 oko\u0142o 2,1 miliona ludzi rozproszonych na 20 271 kilometrach kwadratowych (7827 mil kwadratowych) zr\u00f3\u017cnicowanej topografii. Graniczy z W\u0142ochami na zachodzie, Austri\u0105 na p\u00f3\u0142nocy, W\u0119grami na p\u00f3\u0142nocnym wschodzie, Chorwacj\u0105 na po\u0142udniu i po\u0142udniowym wschodzie i formalnie nazywany Republik\u0105 S\u0142owenii (Republika Slovenija po s\u0142owe\u0144sku), kraj ten ro\u015bci sobie r\u00f3wnie\u017c prawo do kawa\u0142ka wybrze\u017ca Adriatyku na po\u0142udniowym zachodzie.<\/p>","protected":false},"author":1,"featured_media":4335,"parent":24078,"menu_order":0,"comment_status":"closed","ping_status":"closed","template":"elementor_theme","meta":{"_eb_attr":"","footnotes":""},"class_list":["post-13345","page","type-page","status-publish","has-post-thumbnail"],"_links":{"self":[{"href":"https:\/\/travelshelper.com\/pl\/wp-json\/wp\/v2\/pages\/13345","targetHints":{"allow":["GET"]}}],"collection":[{"href":"https:\/\/travelshelper.com\/pl\/wp-json\/wp\/v2\/pages"}],"about":[{"href":"https:\/\/travelshelper.com\/pl\/wp-json\/wp\/v2\/types\/page"}],"author":[{"embeddable":true,"href":"https:\/\/travelshelper.com\/pl\/wp-json\/wp\/v2\/users\/1"}],"replies":[{"embeddable":true,"href":"https:\/\/travelshelper.com\/pl\/wp-json\/wp\/v2\/comments?post=13345"}],"version-history":[{"count":0,"href":"https:\/\/travelshelper.com\/pl\/wp-json\/wp\/v2\/pages\/13345\/revisions"}],"up":[{"embeddable":true,"href":"https:\/\/travelshelper.com\/pl\/wp-json\/wp\/v2\/pages\/24078"}],"wp:featuredmedia":[{"embeddable":true,"href":"https:\/\/travelshelper.com\/pl\/wp-json\/wp\/v2\/media\/4335"}],"wp:attachment":[{"href":"https:\/\/travelshelper.com\/pl\/wp-json\/wp\/v2\/media?parent=13345"}],"curies":[{"name":"wp","href":"https:\/\/api.w.org\/{rel}","templated":true}]}}