{"id":13330,"date":"2024-09-17T16:12:03","date_gmt":"2024-09-17T16:12:03","guid":{"rendered":"https:\/\/travelshelper.com\/staging\/?page_id=13330"},"modified":"2026-03-12T22:41:13","modified_gmt":"2026-03-12T22:41:13","slug":"zylina","status":"publish","type":"page","link":"https:\/\/travelshelper.com\/pl\/destinations\/europe\/slovakia\/zilina\/","title":{"rendered":"\u017bylina"},"content":{"rendered":"<p>\u017bylina, po\u0142o\u017cona u zbiegu rzek Wag, Kisuca i Raj\u010danka w p\u00f3\u0142nocno-zachodniej S\u0142owacji, zajmuje osiemdziesi\u0105t kilometr\u00f3w kwadratowych kotliny otoczonej pasmami Ma\u0142ej Fatry, S\u00fa\u013eovsk\u00fdch vrch\u00f3w, Jawornik\u00f3w i Kisuckiej vrchoviny. Le\u017cy na wysoko\u015bci 342 metr\u00f3w nad poziomem morza, oko\u0142o 170 kilometr\u00f3w od Bratys\u0142awy, w pobli\u017cu granic Czech i Polski. Jest czwart\u0105 co do wielko\u015bci gmin\u0105 w kraju, licz\u0105c\u0105 80 020 mieszka\u0144c\u00f3w (stan na 31 pa\u017adziernika 2024 r.) i pe\u0142ni funkcj\u0119 siedziby administracyjnej zar\u00f3wno kraju, jak i powiatu \u017cyli\u0144skiego, kluczowego o\u015brodka przemys\u0142owego i najwa\u017cniejszej aglomeracji miejskiej nad Wagiem, kt\u00f3rej historyczny i kulturowy rezonans zyska\u0142y miano \u201eper\u0142y nad Wagiem\u201d.<\/p>\n<p>Od osad paleolitycznych \u015bledzonych do oko\u0142o 20 000 p.n.e. poprzez migracyjny nap\u0142yw plemion s\u0142owia\u0144skich w V wieku, teren \u017byliny by\u0142 \u015bwiadkiem kolejnych warstw ludzkich wysi\u0142k\u00f3w; jednak to w \u015bredniowiecznym powstaniu \u2014 po raz pierwszy udokumentowanym w 1208 r. jako terra de Selinan \u2014 skrystalizowa\u0142a si\u0119 obywatelska to\u017csamo\u015b\u0107 miasta. Na pocz\u0105tku XIV wieku miejscowo\u015b\u0107 po\u0142\u0105czy\u0142a si\u0119 w miasto, kt\u00f3rego status zosta\u0142 podniesiony do rangi wolnego miasta kr\u00f3lewskiego przez kr\u00f3la Karola I w 1321 r. i dodatkowo zdefiniowany w 1381 r., kiedy Privilegium pro Slavis kr\u00f3la Ludwika I zagwarantowa\u0142o r\u00f3wno\u015b\u0107 reprezentacji obywateli s\u0142owia\u0144skich i niemieckich w radzie miejskiej. Po\u017car z 1431 r. spowodowany najazdami husyt\u00f3w oznacza\u0142 moment spustoszenia, jednak zdolno\u015b\u0107 osady do odnowy okaza\u0142a si\u0119 trwa\u0142a.<\/p>\n<p>XVII wiek by\u0142 \u015bwiadkiem dominacji \u017byliny jako centrum handlu, rzemios\u0142a i nauki; wra\u017cliwo\u015b\u0107 barokowa ukszta\u0142towa\u0142a panoram\u0119 miasta poprzez budow\u0119 klasztor\u00f3w, ko\u015bcio\u0142\u00f3w i ufortyfikowanego zamku Budat\u00edn. Podczas rewolucyjnego zapa\u0142u w 1848 roku s\u0142owaccy ochotnicy w ramach habsburskiej struktury wojskowej odnie\u015bli taktyczne zwyci\u0119stwo nad w\u0119gierskimi oddzia\u0142ami honwed\u00f3w i gardyst\u00f3w w pobli\u017cu, co by\u0142o symbolem z\u0142o\u017conych powi\u0105za\u0144 politycznych regionu. Nadej\u015bcie po\u0142\u0105cze\u0144 kolejowych w drugiej po\u0142owie XIX wieku \u2014 czego przyk\u0142adem by\u0142o uko\u0144czenie w 1872 roku linii Kassa\u2013Oderberg i po\u0142\u0105czenie z Bratys\u0142aw\u0105 w 1883 roku \u2014 przyspieszy\u0142o rozkwit przemys\u0142u: za\u0142o\u017cenie w 1891 roku s\u0142owe\u0144skich zak\u0142ad\u00f3w sukienniczych i otwarcie w 1892 roku zak\u0142ad\u00f3w chemicznych Pova\u017eie zasygnalizowa\u0142o integracj\u0119 miasta z szerszymi sieciami produkcji i wymiany.<\/p>\n<p>Wraz z rozpadem Austro-W\u0119gier pod koniec pa\u017adziernika 1918 r. \u017bylina sta\u0142a si\u0119 jedn\u0105 z pierwszych gmin, kt\u00f3re popar\u0142y Deklaracj\u0119 Martina, goszcz\u0105c rodz\u0105cy si\u0119 s\u0142owacki rz\u0105d tymczasowy do marca nast\u0119pnego roku; dwie dekady p\u00f3\u017aniej, w druzgoc\u0105cych skutkach Uk\u0142adu Monachijskiego, miasto sta\u0142o si\u0119 scen\u0105 proklamacji autonomii S\u0142owacji w ramach Republiki Czechos\u0142owackiej. Okres wojny przyni\u00f3s\u0142 r\u00f3wnie\u017c ponure \u015bwiadectwo deportacji dziesi\u0105tek tysi\u0119cy \u017cydowskich mieszka\u0144c\u00f3w \u2014 ponury rozdzia\u0142 w kontek\u015bcie szerszej tragedii Holokaustu na S\u0142owacji. Wyzwolenie nast\u0105pi\u0142o 30 kwietnia 1945 r., kiedy czechos\u0142owackie i radzieckie si\u0142y 4. Frontu Ukrai\u0144skiego odbi\u0142y miasto, przywracaj\u0105c je czechos\u0142owackiej suwerenno\u015bci. Powojenne dekady by\u0142y \u015bwiadkiem rozbudowy zak\u0142ad\u00f3w produkcyjnych, plac\u00f3wek edukacyjnych i osiedli mieszkaniowych; Po okresie pe\u0142nienia funkcji stolicy regionu w latach 1949\u20131960 \u017bylina odzyska\u0142a t\u0119 rol\u0119 wraz z rekonstytucj\u0105 kraju \u017cyli\u0144skiego w 1996 r.<\/p>\n<p>W swojej wsp\u00f3\u0142czesnej inkarnacji \u017bylina plasuje si\u0119 na trzecim miejscu w\u015br\u00f3d najwa\u017cniejszych o\u015brodk\u00f3w przemys\u0142owych S\u0142owacji i jest gospodarzem \u017dilinsk\u00e1 univerzita \u2014 za\u0142o\u017conej w 1953 r. \u2014 kt\u00f3rej naukowe podej\u015bcie odzwierciedla wieloletnie zaanga\u017cowanie miasta w edukacj\u0119 techniczn\u0105 i zawodow\u0105. Od czasu transformacji politycznej w 1990 r. historyczne centrum przesz\u0142o gruntown\u0105 renowacj\u0119, a w 1994 r. miasto zainaugurowa\u0142o us\u0142ugi trolejbusowe, uzupe\u0142nione w marcu 2019 r. o sie\u0107 rower\u00f3w miejskich BikeKIA, kt\u00f3ra mo\u017ce pochwali\u0107 si\u0119 dwudziestoma stacjami i 120 rowerami.<\/p>\n<p>Pod wzgl\u0119dem klimatycznym \u017bylina znajduje si\u0119 w p\u00f3\u0142nocnej strefie umiarkowanej o klimacie kontynentalnym, kt\u00f3rego roczne wahania rozci\u0105gaj\u0105 si\u0119 od ciep\u0142ych lat, kiedy \u015brednia temperatura w lipcu osi\u0105ga 18 \u00b0C, do zimowych miesi\u0119cy ze \u015bredni\u0105 temperatur\u0105 w styczniu wynosz\u0105c\u0105 -4 \u00b0C, pokryw\u0105 \u015bnie\u017cn\u0105 zalegaj\u0105c\u0105 przez oko\u0142o sze\u015b\u0107dziesi\u0105t do osiemdziesi\u0119ciu dni i roczn\u0105 sum\u0105 opad\u00f3w wynosz\u0105c\u0105 od 600 do 700 mm, koncentruj\u0105c\u0105 si\u0119 na pocz\u0105tku lata.<\/p>\n<p>Pod wzgl\u0119dem demograficznym miasto liczy\u0142o 82 664 mieszka\u0144c\u00f3w (stan na wrzesie\u0144 2020 r.), a jego szersze obszary miejskie liczy\u0142y 108 114 mieszka\u0144c\u00f3w, a obszar metropolitalny obejmowa\u0142 159 729 os\u00f3b; spis z 2001 r. wykaza\u0142, \u017ce 96,9% populacji stanowi\u0105 S\u0142owacy, obok mniejszo\u015bci czeskiej, romskiej, w\u0119gierskiej i morawskiej, a podzia\u0142 religijny obejmowa\u0142 g\u0142\u00f3wnie rzymskich katolik\u00f3w (74,9%), niezrzeszonych (16,7%) i luteran (3,7%).<\/p>\n<p>Ekonomiczny obraz charakteryzuje si\u0119 zr\u00f3\u017cnicowan\u0105 baz\u0105 przemys\u0142ow\u0105 zakotwiczon\u0105 w znacznych inwestycjach Kia Motors \u2014 jej s\u0142owacka fabryka, otwarta w 2006 r., do 2009 r. osi\u0105gn\u0119\u0142a roczn\u0105 produkcj\u0119 300 000 pojazd\u00f3w i zatrudnia\u0142a oko\u0142o 3000 pracownik\u00f3w, a bezpo\u015bredni zastrzyk kapita\u0142u przekroczy\u0142 1,5 mld USD \u2014 produkuj\u0105ca takie modele jak Cee&#039;d, Sportage i Hyundai ix35, a obecnie rozszerzaj\u0105ca si\u0119 o produkcj\u0119 silnik\u00f3w spalinowych we wsp\u00f3\u0142pracy z czeskimi zak\u0142adami Hyundai w No\u0161ovicach. Lokalnie znacz\u0105c\u0105 pozycj\u0119 zajmuje firma in\u017cynieryjno-budowlana V\u00e1hostav, podczas gdy sektor chemiczny reprezentowany jest przez Pova\u017esk\u00e9 chemick\u00e9 z\u00e1vody i producenta papieru Tento; globalny konglomerat technologiczny Siemens utrzymuje centrum in\u017cynierii mobilno\u015bci w mie\u015bcie.<\/p>\n<p>Pod wzgl\u0119dem kulturowym i architektonicznym historyczne centrum \u2014 wyznaczone jako miejski rezerwat zabytk\u00f3w \u2014 rozchodzi si\u0119 od arkadowej przestrzeni Mari\u00e1nske n\u00e1mestie, gdzie 106 sklepionych przej\u015b\u0107 otacza 44 domy mieszcza\u0144skie, a widoki s\u0105 zdominowane przez ko\u015bci\u00f3\u0142 \u015bw. Paw\u0142a Aposto\u0142a, dawny budynek rady miejskiej i barokow\u0105 figur\u0119 maryjn\u0105. W pobli\u017cu znajduje si\u0119 sakralny ko\u015bci\u00f3\u0142 \u015awi\u0119tej Tr\u00f3jcy, wzniesiony oko\u0142o 1400 roku i podniesiony w lutym 2008 roku do rangi katedry diecezji \u017cyli\u0144skiej. Na obrze\u017cach ko\u015bci\u00f3\u0142 \u015bw. Stefana Kr\u00f3la \u2014 pochodz\u0105cy z pocz\u0105tku XIII wieku i b\u0119d\u0105cy jednym z najwcze\u015bniejszych sanktuari\u00f3w roma\u0144skich na S\u0142owacji \u2014 zachowa\u0142 freski odkryte oko\u0142o 1950 roku przez Mojm\u00edra Vlkol\u00e1\u010dka, co czyni go ulubionym miejscem obrz\u0119d\u00f3w \u015blubnych. Niedaleko znajduje si\u0119 Zamek Budat\u00edn, w kt\u00f3rym mie\u015bci si\u0119 Muzeum Powa\u017ca, kt\u00f3rego zbiory obejmuj\u0105 kunszt druciarzy z tego regionu. Drewniany ko\u015bci\u00f3\u0142 \u015bw. Jerzego w Trnov\u00e9 jest jednym z nielicznych przyk\u0142ad\u00f3w karpackiej sztuki drewnianej, wykraczaj\u0105cych poza p\u00f3\u0142nocno-wschodni\u0105 cz\u0119\u015b\u0107 kraju. Z kolei dawna synagoga prawos\u0142awna i Nowa Synagoga, obecnie przekszta\u0142cone w centrum kulturalne, \u015bwiadcz\u0105 o tym, \u017ce w mie\u015bcie kiedy\u015b t\u0119tni\u0142a \u017cycie spo\u0142eczno\u015b\u0107 \u017cydowska.<\/p>\n<p>Strategiczne po\u0142o\u017cenie \u017byliny od dawna czyni j\u0105 w\u0119z\u0142em szlak\u00f3w l\u0105dowych: ju\u017c w 1364 r. kr\u00f3l Ludwik I zleci\u0142 budow\u0119 drogi \u0142\u0105cz\u0105cej Koszyce z Powa\u017cem, a zapisy z 1438 r. wymieniaj\u0105 pierwszy most nad Wagiem w pobli\u017cu Budat\u00edna. Obecnie przez miasto przebiegaj\u0105 trzy transnarodowe autostrady \u2014 E 50, E 75 i E 442 \u2014 kt\u00f3rych zbiegiem zarz\u0105dza obwodnica, kt\u00f3ra odwraca ci\u0119\u017cki ruch od miejskiego centrum; autostrada D1 okr\u0105\u017ca po\u0142udniowy zach\u00f3d, rozci\u0105gaj\u0105c si\u0119 od Bratys\u0142awy w kierunku Koszyc z dojazdem do Lietaskiej \u0141uczki, podczas gdy D3, uko\u0144czona w 2017 r., biegnie na p\u00f3\u0142nocny zach\u00f3d w kierunku Czadcy i Polski, uzupe\u0142niona o miejskie \u0142\u0105czniki do obu g\u0142\u00f3wnych autostrad.<\/p>\n<p>Po\u0142\u0105czenia kolejowe odzwierciedlaj\u0105 trwa\u0142\u0105 rol\u0119 \u017byliny w tranzycie kontynentalnym, gdy\u017c w\u0119ze\u0142 kolejowy przecina Paneuropejski Korytarz V i obs\u0142uguje ekspresowe us\u0142ugi na osi Bratys\u0142awa\u2013Koszyce, obs\u0142ugiwane przez linie 120, 126, 127 i 180. Niedalekie lotnisko Doln\u00fd Hri\u010dov, dzia\u0142aj\u0105ce od 1975 r., z pasem startowym o d\u0142ugo\u015bci 1200 metr\u00f3w, obs\u0142uguje kszta\u0142cenie uniwersyteckie i lotnictwo prywatne, cho\u0107 brakuje na nim regularnych po\u0142\u0105cze\u0144 komercyjnych.<\/p>\n<p>Dla zwiedzaj\u0105cych wje\u017cd\u017caj\u0105cych do \u017byliny, historyczna dzielnica rozci\u0105ga si\u0119 tu\u017c przed stacj\u0105: ulica N\u00e1rodn\u00e1 \u2014 g\u0142\u00f3wna arteria handlowa \u2014 prowadzi do placu Andreja Hlinki, gdzie bli\u017aniacze wie\u017ce katedry Tr\u00f3jcy \u015awi\u0119tej i dzwonnica stoj\u0105 w surowej rze\u017abie na tle balustrady teatru miejskiego; stamt\u0105d wchodzi si\u0119 po schodach Farsk\u00e9 schody, przecina w\u0105sk\u0105 uliczk\u0119 i wychodzi si\u0119 na arkadow\u0105 promenad\u0119 Mari\u00e1nske n\u00e1mestie. Ta trasa stanowi kwintesencj\u0119 wprowadzenia, po kt\u00f3rym nieustraszeni mog\u0105 zapu\u015bci\u0107 si\u0119 na p\u00f3\u0142nocny zach\u00f3d w kierunku skrzy\u017cowania ulic JM Hurbana i Kuzm\u00e1nyho, gdzie Pa\u0142ac Rosenfelda, Nowa Synagoga i Dom Katolicki czekaj\u0105 na docenienie.<\/p>\n<p>Opr\u00f3cz dziedzictwa \u015bredniowiecznego i barokowego, \u017bylina mo\u017ce pochwali\u0107 si\u0119 znacz\u0105cym korpusem funkcjonalistycznej architektury pochodz\u0105cej z Pierwszej Republiki Czechos\u0142owackiej: Nowa Synagoga Petera Behrensa jest uosobieniem geometrycznej surowo\u015bci stylu; lutera\u0144ski ko\u015bci\u00f3\u0142 MM Harminca jest przyk\u0142adem nacisku na form\u0119 i materialno\u015b\u0107; a dworzec kolejowy i hala targowa dodatkowo ilustruj\u0105 wczesno XX-wieczne przyj\u0119cie przez miasto zasad modernistycznych. Razem te budowle podkre\u015blaj\u0105 wieloaspektowy charakter \u017byliny \u2014 miejsca, w kt\u00f3rym rzeki zbiegaj\u0105 si\u0119, a historie si\u0119 przecinaj\u0105, gdzie przemys\u0142owa wigor i dziedzictwo kulturowe \u0142\u0105cz\u0105 si\u0119 w krajobrazie jednocze\u015bnie elementarnym i miejskim.<\/p>","protected":false},"excerpt":{"rendered":"<p>\u017bylina, miasto po\u0142o\u017cone w p\u00f3\u0142nocno-zachodniej cz\u0119\u015bci S\u0142owacji, jest pi\u0105tym pod wzgl\u0119dem liczby ludno\u015bci o\u015brodkiem miejskim w kraju, licz\u0105cym 85 399 mieszka\u0144c\u00f3w. Po\u0142o\u017cone w pobli\u017cu potr\u00f3jnej granicy z Czechami i Polsk\u0105, to historyczne miasto zajmuje strategiczne miejsce u zbiegu rzek Kisu\u0107a i Raj\u010danka, gdzie \u0142\u0105cz\u0105 si\u0119 one z Wagiem. Po\u0142o\u017cenie miasta w kotlinie otoczonej majestatycznymi Karpatami Zachodnimi od dawna czyni je kluczowym skrzy\u017cowaniem, \u0142\u0105cz\u0105cym r\u00f3\u017cne regiony Europy od czas\u00f3w staro\u017cytnych do dnia dzisiejszego.<\/p>","protected":false},"author":1,"featured_media":3578,"parent":13300,"menu_order":0,"comment_status":"closed","ping_status":"closed","template":"elementor_theme","meta":{"_eb_attr":"","footnotes":""},"class_list":["post-13330","page","type-page","status-publish","has-post-thumbnail"],"_links":{"self":[{"href":"https:\/\/travelshelper.com\/pl\/wp-json\/wp\/v2\/pages\/13330","targetHints":{"allow":["GET"]}}],"collection":[{"href":"https:\/\/travelshelper.com\/pl\/wp-json\/wp\/v2\/pages"}],"about":[{"href":"https:\/\/travelshelper.com\/pl\/wp-json\/wp\/v2\/types\/page"}],"author":[{"embeddable":true,"href":"https:\/\/travelshelper.com\/pl\/wp-json\/wp\/v2\/users\/1"}],"replies":[{"embeddable":true,"href":"https:\/\/travelshelper.com\/pl\/wp-json\/wp\/v2\/comments?post=13330"}],"version-history":[{"count":0,"href":"https:\/\/travelshelper.com\/pl\/wp-json\/wp\/v2\/pages\/13330\/revisions"}],"up":[{"embeddable":true,"href":"https:\/\/travelshelper.com\/pl\/wp-json\/wp\/v2\/pages\/13300"}],"wp:featuredmedia":[{"embeddable":true,"href":"https:\/\/travelshelper.com\/pl\/wp-json\/wp\/v2\/media\/3578"}],"wp:attachment":[{"href":"https:\/\/travelshelper.com\/pl\/wp-json\/wp\/v2\/media?parent=13330"}],"curies":[{"name":"wp","href":"https:\/\/api.w.org\/{rel}","templated":true}]}}