{"id":13312,"date":"2024-09-17T16:00:19","date_gmt":"2024-09-17T16:00:19","guid":{"rendered":"https:\/\/travelshelper.com\/staging\/?page_id=13312"},"modified":"2026-03-12T22:34:26","modified_gmt":"2026-03-12T22:34:26","slug":"koszyce","status":"publish","type":"page","link":"https:\/\/travelshelper.com\/pl\/destinations\/europe\/slovakia\/kosice\/","title":{"rendered":"Koszyce"},"content":{"rendered":"<p>Koszyce s\u0105 g\u0142\u00f3wn\u0105 metropoli\u0105 wschodniej S\u0142owacji, po\u0142o\u017cone na brzegach rzeki Hornad u podn\u00f3\u017ca S\u0142owackich Rudaw, zaledwie dwadzie\u015bcia kilometr\u00f3w od granicy z W\u0119grami. Z populacj\u0105 zbli\u017caj\u0105c\u0105 si\u0119 do 230 000 mieszka\u0144c\u00f3w i obejmuj\u0105c\u0105 oko\u0142o 242,77 kilometr\u00f3w kwadratowych na wysoko\u015bci 206 metr\u00f3w nad poziomem morza, Koszyce pe\u0142ni\u0105 funkcj\u0119 administracyjnego serca zar\u00f3wno regionu koszyckiego, jak i samorz\u0105dowego regionu koszyckiego, i stanowi\u0105 cz\u0119\u015b\u0107 wi\u0119kszej aglomeracji koszycko-preszowskiej.<\/p>\n<p>Od momentu powstania jako pierwsza europejska osada, kt\u00f3ra uzyska\u0142a w\u0142asne herby, Koszyce ewoluowa\u0142y w centrum przemys\u0142u, kultury i nauki. Historyczne kru\u017cganki, gotyckie wie\u017ce i fasady w stylu secesyjnym zbiegaj\u0105 si\u0119 wzd\u0142u\u017c wyj\u0105tkowej g\u0142\u00f3wnej ulicy, kt\u00f3ra rozwija si\u0119 jako centralna arteria dla pieszych, o\u017cywiona kawiarniami, galeriami i butikami. Katedra \u015bw. El\u017cbiety wie\u0144czy t\u0119 arteri\u0119 jako najwi\u0119kszy ko\u015bci\u00f3\u0142 S\u0142owacji, symbol zachowanego \u015bredniowiecznego rdzenia miasta, kt\u00f3ry nie ma sobie r\u00f3wnych pod wzgl\u0119dem rozleg\u0142o\u015bci w\u015br\u00f3d s\u0142owackich miast.<\/p>\n<p>Bieg historii, kt\u00f3ry ukszta\u0142towa\u0142 Koszyce, rozpocz\u0105\u0142 si\u0119 w \u015bredniowieczu, kiedy miasto sta\u0142o si\u0119 o\u015brodkiem handlowym na granicy karpackiej. Fale rz\u0105d\u00f3w w\u0119gierskich pozostawi\u0142y niezatarte pi\u0119tno na jego statutach i to\u017csamo\u015bci obywatelskiej, po kt\u00f3rych nast\u0105pi\u0142y okresy pod panowaniem Habsburg\u00f3w i, kr\u00f3tko, najazdy osma\u0144skie. Ka\u017cda zmiana polityczna gromadzi\u0142a nowe warstwy patronatu architektonicznego, od pa\u0142ac\u00f3w renesansowych po kaplice barokowe. W nast\u0119pstwie I wojny \u015bwiatowej rozpad imperium i powstanie Czechos\u0142owacji zdefiniowa\u0142y na nowo sk\u0142ad demograficzny Koszyc, gdy osadnicy s\u0142owaccy zbiegli si\u0119 z d\u0142ugoletnimi spo\u0142eczno\u015bciami w\u0119gierskimi i ruskimi. Lata mi\u0119dzywojenne by\u0142y \u015bwiadkami rozwoju instytucji obywatelskich, podczas gdy powojenny wzrost przemys\u0142owy zakotwiczy\u0142 przeznaczenie miasta w wielkich piecach US Steel Ko\u0161ice.<\/p>\n<p>Geograficznie Koszyce zajmuj\u0105 kotlin\u0119 na wschodnim kra\u0144cu S\u0142owackich G\u00f3r Rudawskich, otoczone od p\u00f3\u0142nocnego zachodu przez podzia\u0142 Czarnej G\u00f3ry, a od po\u0142udniowego zachodu przez pasmo Volovec. Na wschodzie faliste wzg\u00f3rza Slansk\u00e9 zapewniaj\u0105 zielone t\u0142o. Rzeka Horn\u00e1d op\u0142ywa p\u00f3\u0142nocn\u0105 cz\u0119\u015b\u0107 historycznego centrum, chocia\u017c jej wody przez d\u0142ugi czas ogranicza\u0142y si\u0119 do obrze\u017cy rozrastaj\u0105cych si\u0119 przedmie\u015b\u0107, a nie do miejskiego rdzenia. Przedmie\u015bcia takie jak Kave\u010dany, Jahodn\u00e1, Bankov i \u010cerme\u013esk\u00e1 dolina rozci\u0105gaj\u0105 si\u0119 na zalesione zbocza, kt\u00f3re zapewniaj\u0105 lokalnym mieszka\u0144com \u0142atwe przej\u015bcie do szlak\u00f3w turystycznych i wiejski spok\u00f3j.<\/p>\n<p>Klimat w Koszycach przyjmuje parametry wilgotnej strefy kontynentalnej, wyznaczaj\u0105c cztery odr\u0119bne pory roku. Lata s\u0105 d\u0142ugie i umiarkowane, ze \u015bredni\u0105 lipcow\u0105 temperatur\u0105 maksymaln\u0105 19,3\u00b0C, kt\u00f3rej towarzysz\u0105 ch\u0142odne noce. Zimy s\u0105 przed\u0142u\u017caj\u0105ce si\u0119 i mro\u017ane, ze \u015bredni\u0105 styczniow\u0105 \u22122,6\u00b0C i punktowymi opadami \u015bniegu, kt\u00f3re wie\u0144cz\u0105 gotyckie iglice. Opady deszczu pozostaj\u0105 stosunkowo sta\u0142e przez ca\u0142y rok, osi\u0105gaj\u0105c szczyt w postaci letnich ulew i przechodz\u0105c w spokojniejsze, l\u017cejsze opady w miesi\u0105cach zimowych.<\/p>\n<p>Gobelin demograficzny miasta jest utkany z rodzimych S\u0142owak\u00f3w (stanowi\u0105cych oko\u0142o 84 procent populacji w spisie z 2021 r.) obok mniejszo\u015bci w\u0119gierskiej i romskiej, z kt\u00f3rych ka\u017cda stanowi oko\u0142o dw\u00f3ch procent mieszka\u0144c\u00f3w. Spo\u0142eczno\u015bci czeskie, rusi\u0144skie, ukrai\u0144skie i wietnamskie uzupe\u0142niaj\u0105 t\u0119 mozaik\u0119. Po\u0142owa populacji wyznaje katolicyzm, podczas gdy prawie trzydzie\u015bci procent nie deklaruje przynale\u017cno\u015bci religijnej. W wieku czterdziestu czterech lat obywatele Koszyc stoj\u0105 na progu tradycji i odnowy.<\/p>\n<p>Instytucje kulturalne Koszyc od dawna potwierdzaj\u0105 swoj\u0105 regionaln\u0105 dominacj\u0119. Pa\u0144stwowa Filharmonia Koszyce, zainaugurowana w 1968 r. jako druga profesjonalna symfonia S\u0142owacji, utrzymuje coroczny kalendarz festiwali, w tym Koszyck\u0105 Wiosn\u0119 Muzyczn\u0105, Mi\u0119dzynarodowy Festiwal Muzyki Organowej i Festiwal Sztuki Wsp\u00f3\u0142czesnej. Jej trzyteatralny Teatr Pa\u0144stwowy, za\u0142o\u017cony w 1945 r., kultywuje dramat, oper\u0119 i balet, podczas gdy Teatr Marionetek i Teatr Starego Miasta zachowuj\u0105 intymno\u015b\u0107 wyst\u0119p\u00f3w kameralnych. Odr\u0119bne zespo\u0142y zajmuj\u0105 si\u0119 diaspor\u0105 w\u0119giersk\u0105 i romsk\u0105 odpowiednio w teatrach Th\u00e1lia i Romathan.<\/p>\n<p>Ponadto Muzeum Wschodnios\u0142owackie, za\u0142o\u017cone w 1872 r. jako Muzeum G\u00f3rnych W\u0119gier, opowiada histori\u0119 regionu poprzez archeologi\u0119 i etnografi\u0119, podczas gdy S\u0142owackie Muzeum Techniczne, ze swoim planetarium, przedstawia naukowe i technologiczne dziedzictwo. Galeria Wschodnios\u0142owacka, zainaugurowana w 1951 r., dokumentuje ewoluuj\u0105ce pr\u0105dy w sztukach wizualnych. Ka\u017cda instytucja zajmuje zabytkow\u0105 architektur\u0119, kt\u00f3ra sama \u015bwiadczy o warstwowej przesz\u0142o\u015bci miasta.<\/p>\n<p>Przyznanie tytu\u0142u Europejskiej Stolicy Kultury w 2013 r., wsp\u00f3lnie z Marsyli\u0105 we Francji, oznacza\u0142o kluczow\u0105 zmian\u0119 Koszyc z przemys\u0142u ci\u0119\u017ckiego na gospodark\u0119 kreatywn\u0105. Projekt Interface, strategiczna wizja le\u017c\u0105ca u podstaw tego tytu\u0142u, przekszta\u0142ci\u0142 koszary z XIX wieku w Kas\u00e1rne Kulturpark, zaprosi\u0142 sztuk\u0119 wsp\u00f3\u0142czesn\u0105 do zamkni\u0119tej hali basenowej z lat 60. XX wieku, znanej obecnie jako Kunsthalle Ko\u0161ice, i przekszta\u0142ci\u0142 wymienniki ciep\u0142a z czas\u00f3w zimnej wojny w wsp\u00f3lne SPOT-y w dzielnicach panel\u00e1k. Parki i promenady przy ulicach Komensk\u00e9ho i Moyzesova przesz\u0142y rewitalizacj\u0119, podczas gdy \u015bredniowieczny Zamek w Koszycach, Amfiteatr i Dw\u00f3r Kr\u00e1sna zosta\u0142y starannie odrestaurowane. Taba\u010dka Kulturfabrik, powsta\u0142a w XIX-wiecznej fabryce tytoniu, sta\u0142a si\u0119 miejscem niezale\u017cnej produkcji kulturalnej, z galeriami, przestrzeniami do wyst\u0119p\u00f3w i pracowniami artystycznymi o\u017cywiaj\u0105cymi jej ceglane galerie.<\/p>\n<p>Ekonomicznie Koszyce przyczyniaj\u0105 si\u0119 do prawie dziewi\u0119ciu procent s\u0142owackiego produktu krajowego brutto. Huta US Steel Ko\u0161ice, zatrudniaj\u0105ca oko\u0142o 13 500 pracownik\u00f3w, jest kotwic\u0105 miasta jako najwi\u0119kszego prywatnego pracodawcy i g\u0142\u00f3wnego w\u0119z\u0142a w globalnych sieciach stalowych. Deutsche Telekom IT Solutions Slovakia, za\u0142o\u017cona lokalnie w 2006 r., sta\u0142a si\u0119 drugim co do wielko\u015bci centrum us\u0142ug wsp\u00f3lnych w kraju, w\u015br\u00f3d czo\u0142owych pracodawc\u00f3w na S\u0142owacji. Sektory handlu detalicznego i us\u0142ug kwitn\u0105 wok\u00f3\u0142 takich w\u0119z\u0142\u00f3w jak Aupark Shopping Centre, podczas gdy planowane rozbudowy autostrad obiecuj\u0105 dalsz\u0105 \u0142\u0105czno\u015b\u0107 z Preszowem i szerszym regionem karpackim.<\/p>\n<p>G\u0119sto\u015b\u0107 zabytk\u00f3w w Koszycach przewy\u017csza g\u0119sto\u015b\u0107 zabytk\u00f3w w jakiejkolwiek s\u0142owackiej gminie. Trzynastowieczna kaplica \u015bw. Micha\u0142a, wie\u017ca \u015bw. Urbana i neobarokowy Teatr Pa\u0144stwowy napieraj\u0105 na cie\u0144 katedry \u015bw. El\u017cbiety, kt\u00f3ra sama jest najbardziej wysuni\u0119tym na wsch\u00f3d przyk\u0142adem zachodnio-gotyckiej architektury ko\u015bcielnej w Europie \u015arodkowej. Pozosta\u0142o\u015bci \u015bredniowiecznych fortyfikacji, zw\u0142aszcza bastiony Kata i M\u0142yna, przywo\u0142uj\u0105 wojenne rozdzia\u0142y obrony obywatelskiej. R\u00f3\u017cnorodno\u015b\u0107 religijna trwa w greckokatolickim ko\u015bciele Narodzenia Naj\u015bwi\u0119tszej Marii Panny, podczas gdy duma obywatelska znajduje wyraz w odrestaurowanym Starym Ratuszu, budynku Starego Uniwersytetu i Pa\u0142acu Kapitana. Plac Wyzwolenia, otoczony domami mieszcza\u0144skimi i Park Miejski, kt\u00f3ry \u0142\u0105czy historyczne centrum ze stacj\u0105 kolejow\u0105, oferuj\u0105 miejsk\u0105 przestrze\u0144 zielon\u0105. Park zoologiczny na p\u00f3\u0142nocnym zachodzie, w Kave\u010danach, rozszerza atrakcyjno\u015b\u0107 miasta w naturalne otoczenie.<\/p>\n<p>Arterie mobilno\u015bci Koszyc odzwierciedlaj\u0105 ich historyczn\u0105 rol\u0119 jako skrzy\u017cowania dr\u00f3g. Miejskie przedsi\u0119biorstwo transportowe, dzia\u0142aj\u0105ce od czasu wprowadzenia tramwaj\u00f3w konnych w 1891 r. i elektryfikacji linii tramwajowych w 1914 r., obecnie zarz\u0105dza trasami autobusowymi, tramwajowymi i trolejbusowymi, kt\u00f3re \u0142\u0105cz\u0105 rdze\u0144 i peryferie. \u017delezni\u010dn\u00e1 stanica Koszyce s\u0142u\u017cy jako w\u0119ze\u0142 kolejowy dla wschodniej S\u0142owacji, z szerokotorowym po\u0142\u0105czeniem z Ukrain\u0105, bezpo\u015brednimi po\u0142\u0105czeniami z Prag\u0105, Bratys\u0142aw\u0105 i Miszkolcem oraz us\u0142ugami wahad\u0142owymi do Humenn\u00e9 i \u010cierna nad Tisou. Autostrada D1 tworzy po\u0142udniowy korytarz do Preszowa, podczas gdy kolejne projekty autostradowe pojawiaj\u0105 si\u0119 na sto\u0142ach planistycznych.<\/p>\n<p>Mi\u0119dzynarodowy Port Lotniczy Koszyce, po\u0142o\u017cony na po\u0142udnie od dzielnicy miejskiej, obs\u0142uguje regularne trasy do Londynu Luton i Stansted, Wiednia, Warszawy, D\u00fcsseldorfu i Pragi. Przewo\u017anicy tacy jak Czech Airlines, Austrian Airlines, LOT Polish Airlines, Eurowings i Wizz Air, wraz z partnerami wsp\u00f3\u0142dziel\u0105cymi kody, \u0142\u0105cz\u0105 wschodni\u0105 S\u0142owacj\u0119 z Europ\u0105 Zachodni\u0105, chocia\u017c liczba pasa\u017cer\u00f3w osi\u0105gn\u0119\u0142a szczyt w 2008 r., zanim wesz\u0142a w okres spadku.<\/p>\n<p>Po\u015br\u00f3d przemys\u0142owych horyzont\u00f3w i akademickich cytadel Koszyce zachowuj\u0105 atmosfer\u0119 cichej intymno\u015bci. Szeroki pas ruchu pieszego Hlavn\u00e1 ulica, niegdy\u015b \u015bredniowieczne zbocze wyrze\u017abione przez \u010cerme\u013esk\u00fd potok, teraz p\u0142ynie bez przeszk\u00f3d mi\u0119dzy Placem Maratonu Pokoju na p\u00f3\u0142nocy a Placem Wyzwolicieli na po\u0142udniu, przerywany \u015bpiewaj\u0105c\u0105 fontann\u0105, wyj\u0105tkow\u0105 atrakcj\u0105 wodn\u0105 w Europie. Wzd\u0142u\u017c niej ci\u0105gn\u0105 si\u0119 zabytkowe domy, oferuj\u0105c bywalcom kawiarni i galerii sztuki promenad\u0119 przez stulecia architektonicznych ozd\u00f3b.<\/p>\n<p>Poza wybrukowanymi terenami, otaczaj\u0105ce je wzg\u00f3rza Czarnej G\u00f3ry i Slansk\u00e9 Hills wabi\u0105 miejscowych w\u0119drowc\u00f3w, podczas gdy wiejskie wioski w kotlinie przypominaj\u0105 o rolniczej przesz\u0142o\u015bci, kt\u00f3ra trwa w rodzinnych gospodarstwach i tradycjach ludowych. Przydomek miasta jako Miasta Pokoju, zrodzonego z tysi\u0105cleci etnicznej pluralno\u015bci i wzgl\u0119dnej harmonii, podkre\u015bla obywatelsk\u0105 to\u017csamo\u015b\u0107 zakorzenion\u0105 w tolerancji i symbiozie kulturowej. Odwiedzaj\u0105cy przybywaj\u0105cy do Koszyc wkraczaj\u0105 do \u017cywej kroniki, w kt\u00f3rej up\u0142yw czasu widoczny jest w zwietrza\u0142ym kamieniu i w rytmie wyk\u0142ad\u00f3w uniwersyteckich, w szumie piec\u00f3w stalowych i d\u017awi\u0119kach uwertury filharmonicznej.<\/p>\n<p>W miarowym \u015bwietle \u015bwitu, gdy mg\u0142a unosi si\u0119 z Horn\u00e1du, a wie\u017ce ko\u015bcio\u0142a \u015bw. El\u017cbiety wznosz\u0105 si\u0119 na tle \u0142upkowego nieba, Koszyce ukazuj\u0105 krucho\u015b\u0107 ludzkich osi\u0105gni\u0119\u0107. Jego sklepione nawy i ciche bastiony \u015bwiadcz\u0105 o wytrwa\u0142o\u015bci spo\u0142eczno\u015bci, kt\u00f3re przetrwa\u0142y zarazy, wojny i ideologiczne wstrz\u0105sy. Jednak miasto ilustruje r\u00f3wnie\u017c potencja\u0142 odnowy, gdy przemys\u0142owe relikty przekszta\u0142caj\u0105 si\u0119 w tygle artystycznej inwencji, a linie tramwajowe brz\u0119cz\u0105 w kierunku nowych dzielnic osiedli mieszkaniowych. Historia Koszyc nie ogranicza si\u0119 do zapis\u00f3w jego muze\u00f3w; jest pisana codziennie \u015bladami student\u00f3w, rozmowami na dziedzi\u0144cach kawiarni i festiwalami, kt\u00f3re o\u017cywiaj\u0105 jego place.<\/p>\n<p>Taka ci\u0105g\u0142o\u015b\u0107 i transformacja definiuj\u0105 Koszyce w XXI wieku. Trwaj\u0105 jako \u015bwiadectwo odporno\u015bci wschodnioeuropejskiej tradycji miejskiej, miejsce, w kt\u00f3rym staro\u017cytno\u015b\u0107 wsp\u00f3\u0142istnieje z innowacj\u0105, gdzie echo gotyckich sklepie\u0144 odpowiada pulsowi dynamicznego spo\u0142ecze\u0144stwa postindustrialnego. Miasto zaprasza do kontemplacji trwa\u0142o\u015bci \u017cycia obywatelskiego, przyk\u0142ad tego, jak historia mo\u017ce by\u0107 zachowana, nawet gdy na jego ulicach zapisywane s\u0105 nowe rozdzia\u0142y.<\/p>","protected":false},"excerpt":{"rendered":"<p>Koszyce, drugie co do wielko\u015bci miasto na S\u0142owacji, ma populacj\u0119 oko\u0142o 230 000 i pe\u0142ni funkcj\u0119 znacz\u0105cego w\u0119z\u0142a metropolitalnego we wschodniej cz\u0119\u015bci kraju. Korzystne po\u0142o\u017cenie Koszyc w pobli\u017cu granicy z W\u0119grami wzd\u0142u\u017c rzeki Hornad na wschodnim skraju S\u0142owackich G\u00f3r Rudawskich w znacznym stopniu wp\u0142yn\u0119\u0142o na jego bogat\u0105 histori\u0119 i zr\u00f3\u017cnicowan\u0105 scen\u0119 kulturaln\u0105. Po\u0142o\u017cenie geograficzne miasta w znacznym stopniu wp\u0142yn\u0119\u0142o na jego rozw\u00f3j jako g\u0142\u00f3wnego w\u0119z\u0142a gospodarczego i kulturalnego dla wschodniej S\u0142owacji, a tak\u017ce zach\u0119ci\u0142o do unikalnego po\u0142\u0105czenia element\u00f3w z kilku tradycji \u015brodkowoeuropejskich.<\/p>","protected":false},"author":1,"featured_media":3066,"parent":13300,"menu_order":0,"comment_status":"closed","ping_status":"closed","template":"elementor_theme","meta":{"_eb_attr":"","footnotes":""},"class_list":["post-13312","page","type-page","status-publish","has-post-thumbnail"],"_links":{"self":[{"href":"https:\/\/travelshelper.com\/pl\/wp-json\/wp\/v2\/pages\/13312","targetHints":{"allow":["GET"]}}],"collection":[{"href":"https:\/\/travelshelper.com\/pl\/wp-json\/wp\/v2\/pages"}],"about":[{"href":"https:\/\/travelshelper.com\/pl\/wp-json\/wp\/v2\/types\/page"}],"author":[{"embeddable":true,"href":"https:\/\/travelshelper.com\/pl\/wp-json\/wp\/v2\/users\/1"}],"replies":[{"embeddable":true,"href":"https:\/\/travelshelper.com\/pl\/wp-json\/wp\/v2\/comments?post=13312"}],"version-history":[{"count":0,"href":"https:\/\/travelshelper.com\/pl\/wp-json\/wp\/v2\/pages\/13312\/revisions"}],"up":[{"embeddable":true,"href":"https:\/\/travelshelper.com\/pl\/wp-json\/wp\/v2\/pages\/13300"}],"wp:featuredmedia":[{"embeddable":true,"href":"https:\/\/travelshelper.com\/pl\/wp-json\/wp\/v2\/media\/3066"}],"wp:attachment":[{"href":"https:\/\/travelshelper.com\/pl\/wp-json\/wp\/v2\/media?parent=13312"}],"curies":[{"name":"wp","href":"https:\/\/api.w.org\/{rel}","templated":true}]}}