{"id":13300,"date":"2024-09-17T15:52:09","date_gmt":"2024-09-17T15:52:09","guid":{"rendered":"https:\/\/travelshelper.com\/staging\/?page_id=13300"},"modified":"2026-03-12T22:35:25","modified_gmt":"2026-03-12T22:35:25","slug":"slowacja","status":"publish","type":"page","link":"https:\/\/travelshelper.com\/pl\/destinations\/europe\/slovakia\/","title":{"rendered":"S\u0142owacja"},"content":{"rendered":"<p>S\u0142owacja, oficjalnie Republika S\u0142owacka, jest krajem \u015br\u00f3dl\u0105dowym o powierzchni 49 000 kilometr\u00f3w kwadratowych w Europie \u015arodkowej, otoczonym przez Polsk\u0119 na p\u00f3\u0142nocy, Ukrain\u0119 na wschodzie, W\u0119gry na po\u0142udniu, Austri\u0119 na zachodzie i Republik\u0119 Czesk\u0105 na p\u00f3\u0142nocnym zachodzie. Z populacj\u0105 przekraczaj\u0105c\u0105 5,4 miliona, wyr\u00f3\u017cnia si\u0119 g\u0142\u00f3wnie g\u00f3rzystym terenem przeplatanym \u017cyznymi nizinami. Stolica, Bratys\u0142awa, le\u017cy na po\u0142udniowo-zachodnim kra\u0144cu kraju, podczas gdy Koszyce dominuj\u0105 nad wschodnimi kra\u0144cami jako drugie co do wielko\u015bci miasto. Ta zwarta republika oferuje skomplikowan\u0105 mozaik\u0119 historii \u2014 od przybycia S\u0142owian Zachodnich w VI wieku, przez stulecia panowania W\u0119gier i Habsburg\u00f3w, a\u017c po powstanie niepodleg\u0142ego pa\u0144stwa w 1993 roku \u2014 na tle wznosz\u0105cych si\u0119 szczyt\u00f3w Karpat, staro\u017cytnych zamk\u00f3w, podziemnych jaski\u0144 i gospodarki, kt\u00f3ra plasuje j\u0105 w\u015br\u00f3d najbardziej dynamicznych historii sukcesu postkomunistycznego w Europie.<\/p>\n<p>Po\u0142o\u017cone w p\u00f3\u0142nocnych Karpatach Wysokie Tatry s\u0105 alpejskim klejnotem S\u0142owacji. Ich poszarpana sylwetka, naznaczona dwudziestoma dziewi\u0119cioma szczytami przekraczaj\u0105cymi 2500 metr\u00f3w i zwie\u0144czona Gerlachovsk\u00fdm \u0161t\u00edtem na wysoko\u015bci 2655 metr\u00f3w, stanowi zar\u00f3wno naturaln\u0105 granic\u0119 z Polsk\u0105, jak i magnes dla piechur\u00f3w i narciarzy. Krywa\u0144, tr\u00f3jk\u0105tny szczyt o kulturowym rezonansie, g\u00f3ruje nad g\u0142\u0119bokimi dolinami i jeziorami polodowcowymi, podczas gdy Zachodnie i Bielskie Tatry rozszerzaj\u0105 majestat pasma na szersze panoramy. Poni\u017cej w\u0142a\u015bciwych Tatr, Ni\u017cne Tatry rozci\u0105gaj\u0105 si\u0119 \u0142agodniejszymi falami zwie\u0144czonymi Dziumbierem na wysoko\u015bci nieco ponad 2000 metr\u00f3w. Na p\u00f3\u0142nocy kraju znajduje si\u0119 dziewi\u0119\u0107 park\u00f3w narodowych, w tym S\u0142owacki Raj z wapiennymi kanionami i w\u0105wozami o schodkowych \u015bcianach, a tak\u017ce odleg\u0142y Poloniny, gdzie rosn\u0105 pierwotne lasy bukowe. Parki te zajmuj\u0105 6,5 proc. powierzchni kraju i chroni\u0105 niezwyk\u0142\u0105 ekologiczn\u0105 mozaik\u0119.<\/p>\n<p>Pod tymi g\u00f3rami kryje si\u0119 ukryte kr\u00f3lestwo jaski\u0144. Oko\u0142o 30 z nich jest otwartych dla zwiedzaj\u0105cych, ich sklepienia l\u015bni\u0105 stalaktytami i stalagmitami \u2014 w\u015br\u00f3d nich Dob\u0161in\u00e1 Ice Cave i Ochtinsk\u00e1 Aragonite Cave, ka\u017cda obj\u0119ta ochron\u0105 UNESCO. System Dem\u00e4novsk\u00e1 w pobli\u017cu Popradu rze\u017abi labiryntowe przej\u015bcia alabastrowych kom\u00f3r, podczas gdy Domica si\u0119ga krasowego krajobrazu granicy s\u0142owacko-w\u0119gierskiej. Rzeki gnie\u017cd\u017c\u0105ce si\u0119 mi\u0119dzy grzbietami rze\u017abi\u0105 doliny i niziny: Wag, najd\u0142u\u017cszy na S\u0142owacji, o d\u0142ugo\u015bci 403 kilometr\u00f3w, p\u0142ynie na zach\u00f3d; Dunaj wije si\u0119 przez po\u0142udniowy kraniec Bratys\u0142awy; podczas gdy Dunajec i Morava wyznaczaj\u0105 naturalne granice. Ponad 49 700 kilometr\u00f3w dr\u00f3g wodnych zasila te arterie, p\u0119czniej\u0105c wiosn\u0105 pod wp\u0142ywem topniej\u0105cego \u015bniegu alpejskiego, a w przypadku Dunaju osi\u0105gaj\u0105c szczyt latem, gdy alpejskie potoki \u0142\u0105cz\u0105 si\u0119 z wielkim europejskim ciekiem wodnym.<\/p>\n<p>Umiarkowany kontynentalny klimat kraju daje cztery wyra\u017ane pory roku. Kapry\u015bne odwil\u017ce wiosenne nast\u0119puj\u0105 po r\u00f3wnonocy wiosennej, przynosz\u0105c \u015brednie dzienne temperatury rosn\u0105ce z 9 \u00b0C w marcu do 17 \u00b0C w czerwcu. Lato, zainaugurowane 22 czerwca, przynosi dzienne maksima zwykle powy\u017cej 30 \u00b0C na Nizinie Naddunajskiej, z upa\u0142ami osi\u0105gaj\u0105cymi szczyt w pobli\u017cu 40 \u00b0C w po\u0142udniowych enklawach; szczyty g\u00f3rskie pozostaj\u0105 przyjemne przy 25 \u00b0C. Wilgotne wiatry jesieni przewa\u017caj\u0105 od ko\u0144ca wrze\u015bnia, chocia\u017c babie lato mo\u017ce u\u015bwietni\u0107 pierwsze tygodnie ciep\u0142em i s\u0142o\u0144cem. Zima, rozpoczynaj\u0105ca si\u0119 21 grudnia, przynosi \u015bnieg na wy\u017cynach \u2014 gdzie utrzymuje si\u0119 do marca \u2014 i temperatury spadaj\u0105ce do \u201320 \u00b0C na wysoko\u015bci, podczas gdy przymrozki na nizinach i okresowy \u015bnieg oferuj\u0105 bardziej zmienny krajobraz \u015bnie\u017cny.<\/p>\n<p>Na d\u0142ugo przed ukszta\u0142towaniem si\u0119 wsp\u00f3\u0142czesnych granic, plemiona zachodnios\u0142owia\u0144skie zasiedli\u0142y te doliny w V i VI wieku. Na kr\u00f3tko wch\u0142oni\u0119te przez Kaganat Awar\u00f3w, zyska\u0142y na znaczeniu w Imperium Samo oko\u0142o 631 r. n.e. Ksi\u0119stwo Nitry powsta\u0142o w IX wieku, wkr\u00f3tce wch\u0142oni\u0119te przez Wielkie Morawy, kt\u00f3re pozostawi\u0142y po sobie dziedzictwo literackie i ko\u015bcielne. Jego upadek pod najazdami W\u0119gr\u00f3w zapocz\u0105tkowa\u0142 dziesi\u0119\u0107 wiek\u00f3w panowania W\u0119gier, przerwanych przez post\u0119py Imperium Osma\u0144skiego, kt\u00f3re ogo\u0142oci\u0142o po\u0142udniowe rubie\u017ce w XVI i XVII wieku. Odbudowa kr\u00f3la Beli IV po mongolskich spustoszeniach w latach 1241\u20131242 po\u0142o\u017cy\u0142a podwaliny pod odnowione \u017cycie miejskie i fortyfikacje.<\/p>\n<p>Narodowe przebudzenia XIX wieku znalaz\u0142y odd\u017awi\u0119k w\u015br\u00f3d S\u0142owak\u00f3w, kt\u00f3rzy w 1848 r. utworzyli S\u0142owack\u0105 Rad\u0119 Narodow\u0105 po\u015br\u00f3d rewolucji rozprzestrzeniaj\u0105cych si\u0119 w Europie. Chocia\u017c ich powstanie nie zapewni\u0142o autonomii, okaza\u0142o si\u0119 prze\u0142omowe w kszta\u0142towaniu odr\u0119bnej s\u0142owackiej to\u017csamo\u015bci. Kompromis z 1867 r. zwi\u0105za\u0142 kr\u00f3lestwo z Austro-W\u0119grami, jednak pr\u0105dy kulturowe i j\u0119zykowe nadal p\u0142yn\u0119\u0142y. Koniec I wojny \u015bwiatowej doprowadzi\u0142 do rozpadu imperi\u00f3w i do proklamowania Republiki Czechos\u0142owackiej w 1918 r., integruj\u0105cej S\u0142owacj\u0119 na mocy traktat\u00f3w z Saint-Germain i Trianon. Kr\u00f3tki okres faszyzmu kleru pod patronatem nazist\u00f3w ust\u0105pi\u0142 w 1945 r. miejsca odrodzonej Czechos\u0142owacji. Wspierany przez Zwi\u0105zek Radziecki zamach stanu z 1948 r. utrwali\u0142 rz\u0105dy komunistyczne a\u017c do st\u0142umienia Praskiej Wiosny w 1968 r. Dopiero pokojowa rewolucja z 1989 r. \u2014 Aksamitna Rewolucja \u2014 przywr\u00f3ci\u0142a demokracj\u0119, a jej kulminacj\u0105 by\u0142o 1 stycznia 1993 r., kiedy to w stonowanych tonach narodzi\u0142a si\u0119 Republika S\u0142owacka.<\/p>\n<p>Dzisiejsza S\u0142owacja \u0142\u0105czy gospodark\u0119 rynkow\u0105 z kompleksow\u0105 sieci\u0105 zabezpiecze\u0144 spo\u0142ecznych: powszechn\u0105 opiek\u0105 zdrowotn\u0105, bezp\u0142atn\u0105 edukacj\u0105, jednym z najni\u017cszych na kontynencie wiekiem emerytalnym i urlopem rodzicielskim, kt\u00f3ry plasuje si\u0119 w\u015br\u00f3d najbardziej hojnych w OECD. W 2024 r. jej PKB per capita wed\u0142ug parytetu si\u0142y nabywczej przekroczy\u0142o 44 000 USD, co plasuje j\u0105 w\u015br\u00f3d kraj\u00f3w o wysokich dochodach w Europie. Eksport \u2014 g\u0142\u00f3wnie do Niemiec, Czech i Polski \u2014 stanowi podstaw\u0119 jej produkcji przemys\u0142owej; sama produkcja samochod\u00f3w wygenerowa\u0142a 1,1 miliona pojazd\u00f3w w 2019 r., co jest najwy\u017csz\u0105 warto\u015bci\u0105 per capita na \u015bwiecie. Jednak dysproporcje gospodarcze utrzymuj\u0105 si\u0119: region Bratys\u0142awy ma prawie trzykrotnie wi\u0119ksz\u0105 si\u0142\u0119 nabywcz\u0105 ni\u017c regiony wschodnie, nawet gdy krajowy wska\u017anik posiadania dom\u00f3w wzrasta do 90 procent.<\/p>\n<p>\u017bycie administracyjne toczy si\u0119 w o\u015bmiu samorz\u0105dnych regionach, z kt\u00f3rych ka\u017cdy nosi nazw\u0119 swojego g\u0142\u00f3wnego miasta i od 2002 r. posiada kompetencje ustawodawcze. Pod nimi znajduje si\u0119 79 powiat\u00f3w i 2890 gmin, tworz\u0105cych ramy \u0142\u0105cz\u0105ce historyczne wzorce osadnictwa z nowoczesnym zarz\u0105dzaniem. Arterie transportowe odzwierciedlaj\u0105 t\u0119 integracj\u0119: autostrada D1 biegnie 600 kilometr\u00f3w od Bratys\u0142awy przez Trnaw\u0119, Nitr\u0119, Trenczyn i \u017bylin\u0119, podczas gdy D2 \u0142\u0105czy si\u0119 z Prag\u0105 i Budapesztem. Koleje \u0142\u0105cz\u0105 o\u015brodki miejskie i wsie, a porty rzeczne w Bratys\u0142awie i Komarnie obs\u0142uguj\u0105 zar\u00f3wno przewozy towarowe, jak i pasa\u017cerskie wzd\u0142u\u017c szlaku wodnego Ren-Men-Dunaj. Trzy lotniska \u2014 Bratys\u0142awa, Koszyce i wysokog\u00f3rski Poprad\u2013Tatry \u2014 \u0142\u0105cz\u0105 S\u0142owacj\u0119 z Europ\u0105 i poza ni\u0105.<\/p>\n<p>Turystyka opiera si\u0119 na naturalnych panoramach, \u015bredniowiecznej architekturze i \u017cywej tradycji ludowej. UNESCO wpisa\u0142o osiem obiekt\u00f3w: od drewnianych ko\u015bcio\u0142\u00f3w na p\u00f3\u0142nocy, takich jak Ko\u015bci\u00f3\u0142 Ducha \u015awi\u0119tego w \u017dehrze, po \u015bredniowieczne centrum Bardejowa, a tak\u017ce od dominuj\u0105cych ruin Zamku Spiskiego po mro\u017ane komnaty Jaskini Lodowej w Dobszynie. Zamek Bojnice zachowa\u0142 swoje romantyczne wn\u0119trza; Zamek Tren\u010d\u00edn g\u00f3ruje nad rzek\u0105 Wag z bazaltowych klif\u00f3w; Zamek Dev\u00edn niesie echa celtyckiej i wielkomorawskiej przesz\u0142o\u015bci nad zakolem Dunaju. Uzdrowiska \u2014 na czele z Pieszczanami \u2014 oferuj\u0105 lecznicze \u017ar\u00f3d\u0142a mineralne, podczas gdy o\u015brodki narciarskie w Jasnej i Wysokich Tatrach przyci\u0105gaj\u0105 wielbicieli sport\u00f3w zimowych. W sklepach \u00da\u013dUV nadal mo\u017cna podziwia\u0107 rzemios\u0142o ludowe: fujary, ozdobne toporki, lalki z \u0142upin kukurydzy i rze\u017aby z drutu s\u0105 \u015bwiadectwem wiejskiego kunsztu, kt\u00f3ry ceni zar\u00f3wno form\u0119, jak i funkcjonalno\u015b\u0107.<\/p>\n<p>Demografia S\u0142owacji odzwierciedla zar\u00f3wno stabilno\u015b\u0107, jak i r\u00f3\u017cnorodno\u015b\u0107. Spis powszechny z 2021 r. wykaza\u0142 83,8% S\u0142owak\u00f3w, 7,8% W\u0119gr\u00f3w i mniejsze odsetki Rom\u00f3w, Czech\u00f3w, Rusin\u00f3w i innych grup; 5,4% zdecydowa\u0142o si\u0119 nie podawa\u0107 przynale\u017cno\u015bci etnicznej. Przy medianie wieku 42,8 lat g\u0119sto\u015b\u0107 zaludnienia wynosi \u015brednio 110 mieszka\u0144c\u00f3w na kilometr kwadratowy \u2014 gwa\u0142townie wzrastaj\u0105c w o\u015brodkach miejskich i spadaj\u0105c w odleg\u0142ych g\u00f3rskich wioskach. S\u0142owacki, j\u0119zyk zachodnios\u0142owia\u0144ski, jest j\u0119zykiem urz\u0119dowym, podczas gdy w\u0119gierski i ruski maj\u0105 status wsp\u00f3\u0142oficjalny, gdzie lokalne mniejszo\u015bci spe\u0142niaj\u0105 progi prawne. S\u0142owacy wyr\u00f3\u017cniaj\u0105 si\u0119 w nauce j\u0119zyk\u00f3w obcych: prawie wszyscy uczniowie szk\u00f3\u0142 \u015brednich ucz\u0105 si\u0119 dw\u00f3ch lub wi\u0119cej j\u0119zyk\u00f3w, cz\u0119sto czeskiego, angielskiego, niemieckiego lub rosyjskiego.<\/p>\n<p>Tradycje kulinarne opieraj\u0105 si\u0119 na produktach z g\u00f3rskich \u0142\u0105k i potrawach opartych na wieprzowinie: bryndzov\u00e9 halu\u0161ky \u2014 knedle ziemniaczane z serem owczym \u2014 zajmuj\u0105 pozycj\u0119 narodowego szacunku, obok zup kapu\u015bcianych, kaszanek i pirohy ziemniaczanych. W regionach winiarskich wzd\u0142u\u017c dop\u0142yw\u00f3w Dunaju kiedy\u015b dominowa\u0142y bia\u0142e i s\u0142odkie odmiany; rozwijaj\u0105ca si\u0119 kultura rzemie\u015blniczego browarnictwa obejmuje teraz zar\u00f3wno jasne, jak i ciemne lagery. Sezonowe targi na placach zamkowych umo\u017cliwiaj\u0105 odwiedzaj\u0105cym spr\u00f3bowanie miodowych ciast, w\u0119dzonego pstr\u0105ga z g\u00f3rskich strumieni i regionalnych ser\u00f3w, podczas gdy rzemie\u015blnicza \u017cywno\u015b\u0107 \u2014 od miodu z kwiat\u00f3w lipy po \u015bliwowic\u0119 \u2014 dodaje wiejskiego posmaku do gastronomicznej eksploracji.<\/p>\n<p>Zwyczaje go\u015bcinno\u015bci i szacunku przenikaj\u0105 zar\u00f3wno \u017cycie miejskie, jak i wiejskie. Go\u015bcie wchodz\u0105cy do s\u0142owackich dom\u00f3w zdejmuj\u0105 buty do chodzenia po \u015bwie\u017cym powietrzu i cz\u0119sto zak\u0142adaj\u0105 kapcie; gospodarze mog\u0105 oferowa\u0107 posi\u0142ki sk\u0142adaj\u0105ce si\u0119 z wielu da\u0144, szczeg\u00f3lnie podczas lunchu, g\u0142\u00f3wnego posi\u0142ku dnia. Gestami grzeczno\u015bciowymi s\u0105 poca\u0142unki w policzek \u2014 zazwyczaj w\u015br\u00f3d kobiet \u2014 i ma\u0142e prezenty dla gospody\u0144, cho\u0107 nie zaleca si\u0119 sk\u0142adania ofiar pieni\u0119\u017cnych. Uprzejmo\u015b\u0107 obejmuje r\u00f3wnie\u017c wra\u017cliwo\u015b\u0107 historyczn\u0105: odniesienia do oddzielenia si\u0119 S\u0142owacji od Czechos\u0142owacji w 1993 r. s\u0105 przyjmowane bez urazy, jednak skojarzenia ze S\u0142oweni\u0105 lub dawn\u0105 austro-w\u0119giersk\u0105 przesz\u0142o\u015bci\u0105 mog\u0105 sk\u0142oni\u0107 do delikatnej korekty. Dyskusje na temat s\u0142owackiego pa\u0144stwa z czas\u00f3w II wojny \u015bwiatowej lub epoki komunistycznej wymagaj\u0105 taktu, a jawna sympatia dla Rosji mo\u017ce wywo\u0142a\u0107 ukryte urazy zakorzenione w dziesi\u0119cioleciach rz\u0105d\u00f3w wspieranych przez Zwi\u0105zek Radziecki.<\/p>\n<p>W wioskach na p\u00f3\u0142nocnych przedg\u00f3rzach drewniane ko\u015bcio\u0142y \u2014 katolickie, lutera\u0144skie i obrz\u0105dku wschodniego \u2014 wznosz\u0105 si\u0119 po\u015br\u00f3d zalesionych zboczy, a ich \u015bciany z bali i dachy kryte gontem harmonizuj\u0105 z pasterskimi polami. Bazylika \u015bw. Jakuba w Lewoczy kryje najwy\u017cszy na \u015bwiecie rze\u017abiony drewniany o\u0142tarz, a dwana\u015bcie ko\u015bcio\u0142\u00f3w Trnavy stanowi kotwic\u0119 jej barokowych ulic. Festiwale ludowe \u2014 zwiastuj\u0105ce \u017cniwa i Wielkanoc \u2014 o\u017cywiaj\u0105 muzyk\u0119 przodk\u00f3w, taniec i kostiumy, cz\u0119sto kulminuj\u0105c wieczornymi serenadami przypominaj\u0105cymi kol\u0119dy, znanymi jako \u201ekoliedy\u201d. W o\u015brodkach miejskich festiwale sztuki i galerie prezentuj\u0105 wsp\u00f3\u0142czesne s\u0142owackie kino, sztuk\u0119 wizualn\u0105 i design, odzwierciedlaj\u0105c spo\u0142ecze\u0144stwo w dynamicznym dialogu mi\u0119dzy tradycj\u0105 a innowacj\u0105.<\/p>\n<p>Taka r\u00f3\u017cnorodno\u015b\u0107 do\u015bwiadcze\u0144 sprawia, \u017ce \u200b\u200bS\u0142owacja to studium kontrast\u00f3w: od ciszy g\u00f3rskich jezior pod rozgwie\u017cd\u017conym niebem po miejski puls bratys\u0142awskich kawiarni wzd\u0142u\u017c promenady nad Dunajem; od odosobnionego spokoju uzdrowisk termalnych po ch\u00f3ry turyst\u00f3w wje\u017cd\u017caj\u0105cych kolejkami linowymi w Tatrza\u0144skiej \u0141omnicy; od uroczystych krypt \u015bredniowiecznych zamk\u00f3w po musuj\u0105ce melodie skrzypiec dryfuj\u0105ce przez targi na \u015bwie\u017cym powietrzu. Jej kompaktowy rozmiar zaprzecza ogromnej gamie ofert, splataj\u0105c geografi\u0119 i histori\u0119 w intymnej mozaice.<\/p>\n<p>Postawienie stopy na S\u0142owacji oznacza przemierzanie epok i wzniesie\u0144, odczuwanie stuleci pod stopami i zdobywanie szczyt\u00f3w w ci\u0105gu kilku godzin. Oznacza wkraczanie na tereny dzikie, kt\u00f3re nie zwa\u017caj\u0105 na granice, stawanie na otoczonych kamiennymi murami placach miejskich, kt\u00f3rych brukowane ulice pami\u0119taj\u0105 zar\u00f3wno cesarskie procesje, jak i jarmarki rolnik\u00f3w. Oznacza smakowanie s\u0142onego i kwa\u015bnego sera owczego, s\u0142uchanie ludowych tekst\u00f3w, kt\u00f3re oznaczaj\u0105 pory roku rytua\u0142em i t\u0119sknot\u0105. Oznacza odkrywanie, \u017ce w narodzie zrodzonym w pokojowej zgodzie samo odkrywanie nie jest mierzone podbojem, ale ciekawo\u015bci\u0105 \u2014 prawdziw\u0105 gwiazd\u0105 przewodni\u0105 podr\u00f3\u017cy ka\u017cdego podr\u00f3\u017cnika.<\/p>","protected":false},"excerpt":{"rendered":"<p>S\u0142owacja jest krajem \u015br\u00f3dl\u0105dowym po\u0142o\u017conym w Europie \u015arodkowej, z populacj\u0105 ponad 5,4 miliona os\u00f3b rozproszonych po g\u0142\u00f3wnie g\u00f3rzystym krajobrazie, kt\u00f3ry obejmuje oko\u0142o 49 000 kilometr\u00f3w kwadratowych. Strategicznie po\u0142o\u017cona w Europie Republika S\u0142owacka jest ograniczona od p\u00f3\u0142nocy przez Polsk\u0119, od wschodu przez Ukrain\u0119, od po\u0142udnia przez W\u0119gry, od zachodu przez Austri\u0119, a od p\u00f3\u0142nocnego zachodu przez Republik\u0119 Czesk\u0105. Podczas gdy Koszyce s\u0105 identyfikowane jako drugi co do wielko\u015bci region metropolitalny, Bratys\u0142awa, stolica i najwi\u0119ksze miasto, s\u0142u\u017cy jako polityczne, gospodarcze i kulturalne serce narodu.<\/p>","protected":false},"author":1,"featured_media":4021,"parent":24078,"menu_order":0,"comment_status":"closed","ping_status":"closed","template":"elementor_theme","meta":{"_eb_attr":"","footnotes":""},"class_list":["post-13300","page","type-page","status-publish","has-post-thumbnail"],"_links":{"self":[{"href":"https:\/\/travelshelper.com\/pl\/wp-json\/wp\/v2\/pages\/13300","targetHints":{"allow":["GET"]}}],"collection":[{"href":"https:\/\/travelshelper.com\/pl\/wp-json\/wp\/v2\/pages"}],"about":[{"href":"https:\/\/travelshelper.com\/pl\/wp-json\/wp\/v2\/types\/page"}],"author":[{"embeddable":true,"href":"https:\/\/travelshelper.com\/pl\/wp-json\/wp\/v2\/users\/1"}],"replies":[{"embeddable":true,"href":"https:\/\/travelshelper.com\/pl\/wp-json\/wp\/v2\/comments?post=13300"}],"version-history":[{"count":0,"href":"https:\/\/travelshelper.com\/pl\/wp-json\/wp\/v2\/pages\/13300\/revisions"}],"up":[{"embeddable":true,"href":"https:\/\/travelshelper.com\/pl\/wp-json\/wp\/v2\/pages\/24078"}],"wp:featuredmedia":[{"embeddable":true,"href":"https:\/\/travelshelper.com\/pl\/wp-json\/wp\/v2\/media\/4021"}],"wp:attachment":[{"href":"https:\/\/travelshelper.com\/pl\/wp-json\/wp\/v2\/media?parent=13300"}],"curies":[{"name":"wp","href":"https:\/\/api.w.org\/{rel}","templated":true}]}}