{"id":13266,"date":"2024-09-17T15:24:30","date_gmt":"2024-09-17T15:24:30","guid":{"rendered":"https:\/\/travelshelper.com\/staging\/?page_id=13266"},"modified":"2026-03-12T23:23:08","modified_gmt":"2026-03-12T23:23:08","slug":"kordoba","status":"publish","type":"page","link":"https:\/\/travelshelper.com\/pl\/destinations\/europe\/spain\/cordoba\/","title":{"rendered":"Kordoba"},"content":{"rendered":"<p>C\u00f3rdoba, trzecia pod wzgl\u0119dem liczby ludno\u015bci gmina w Andaluzji, zajmuje powierzchni\u0119 1 254,25 km\u00b2 na prawym brzegu Gwadalkiwiru w po\u0142udniowych rejonach P\u00f3\u0142wyspu Iberyjskiego. Za\u0142o\u017cona jako kolonia rzymska na pocz\u0105tku I wieku p.n.e., struktura miasta nosi pi\u0119tno hegemonii Wizygot\u00f3w, a nast\u0119pnie \u2014 pocz\u0105wszy od VIII wieku \u2014 Emiratu Umajjad\u00f3w i Kalifatu, kt\u00f3re przekszta\u0142ci\u0142y je w wiod\u0105ce centrum nauki i zarz\u0105dzania w ca\u0142ym Al-Andalus. Ze \u015bredni\u0105 letni\u0105 temperatur\u0105 maksymaln\u0105 37 \u00b0C, ekstremalna si\u0142a termiczna definiuje jej klimat; jednak \u0142agodne zimy, przerywane zimowymi burzami znad Atlantyku, podtrzymuj\u0105 zielon\u0105 mozaik\u0119 wzd\u0142u\u017c rzeki i otaczaj\u0105cej j\u0105 Campi\u00f1a, stromych zboczy Sierra i delikatnych falowa\u0144 jej taras\u00f3w rzecznych.<\/p>\n<p>Najwcze\u015bniejsze \u015blady Kordoby pojawiaj\u0105 si\u0119 w mo\u015bcie rzymskim, zleconym za czas\u00f3w Augusta i odnowionym w VIII wieku, 250-metrowym prz\u0119\u015ble szesnastu \u0142uk\u00f3w, kt\u00f3re przez dwa tysi\u0105clecia pozostawa\u0142y jedyn\u0105 przepraw\u0105 przez miasto. W pobli\u017cu stoi mauzoleum na Paseo de la Victoria, Teatro Romano oraz pozosta\u0142o\u015bci Forum Adiectum i pa\u0142acu Maksymiana \u2014 milcz\u0105ce \u015bwiadectwa imperialnych ambicji. Rz\u0105dy Wizygot\u00f3w pozostawi\u0142y mniej namacalnych relikt\u00f3w, jednak przej\u015bcie do suwerenno\u015bci islamskiej w 711 r. n.e. zainaugurowa\u0142o architektoniczne dzie\u0142o niepor\u00f3wnywalne na Zachodzie. W latach 784\u2013786 n.e. Abd al-Rahman I po\u0142o\u017cy\u0142 fundamenty pod Wielki Meczet, kt\u00f3ry dzi\u0119ki kolejnym rozbudowom Umajjad\u00f3w \u2014 w tym rozbudowie w X wieku, kt\u00f3ra wprowadzi\u0142a s\u0142ynny mihrab i ozdobn\u0105 sal\u0119 modlitewn\u0105 \u2014 sta\u0142 si\u0119 na wieki trzecim co do wielko\u015bci meczetem na \u015bwiecie. Podkowiaste \u0142uki i przeplataj\u0105ce si\u0119 arkady, pe\u0142ne rzymskich i wizygockich akcent\u00f3w, podtrzymuj\u0105 obecnie sklepion\u0105 naw\u0119 katedry, palimpsest konsekrowany w XVI wieku, ale zachowuj\u0105cy ogromn\u0105 sal\u0119 hypostylow\u0105, wpisan\u0105 na List\u0119 \u015awiatowego Dziedzictwa UNESCO w 1984 roku.<\/p>\n<p>Za meczetem dziedzictwo islamskie Kordoby rozci\u0105ga si\u0119 w smuk\u0142ym Minarecie San Juan \u2014 jego podw\u00f3jne okno w kszta\u0142cie podkowy oznacza miejsce zaginionego meczetu \u2014 a tak\u017ce wzd\u0142u\u017c brzeg\u00f3w rzeki, gdzie m\u0142yny wodne, takie jak Albolafia i Lope Garc\u00eda, \u015bledz\u0105 hydrauliczn\u0105 pomys\u0142owo\u015b\u0107 kolejnych epok. Ufortyfikowana wie\u017ca Calahorra, przypisywana Almohadom, stanowi obramowanie po\u0142udniowego kra\u0144ca rzymskiego mostu i obecnie mie\u015bci Museo Vivo de Al-Andalus, repozytorium pami\u0119ci kulturowej. Obok Alc\u00e1zar de los Reyes Cristianos, kt\u00f3ry sam w sobie by\u0142 miejscem Inkwizycji i dawnej rezydencji kr\u00f3lewskiej, znajduj\u0105 si\u0119 \u0141a\u017anie Kalifa, cz\u0119\u015bciowo zrekonstruowany hammam, kt\u00f3rego \u0142a\u017anie z X wieku obecnie przekazuj\u0105 rytualn\u0105 precyzj\u0119 codziennego \u017cycia islamskiego.<\/p>\n<p>Na peryferiach miasta Madinat al-Zahra wyrasta z niskiego zaro\u015bla \u2014 jego miasto-pa\u0142ac rozpocz\u0119te w X wieku i wykopane w 1911 roku \u2014 projektuj\u0105c polityczne i estetyczne ambicje dworu kalifatu. W historycznym centrum w\u0105skie uliczki zbiegaj\u0105 si\u0119 w Juder\u00eda, dawnej dzielnicy \u017cydowskiej, kt\u00f3rej nieregularny plan chroni synagog\u0119 z 1315 roku i Casa de Sefarad, sceny z\u0142o\u017conego wsp\u00f3\u0142istnienia wyzna\u0144 a\u017c do XIII-wiecznej rekonkwisty. Po podboju dokonanym przez kr\u00f3la Ferdynanda III w 1236 r. Kordoba zosta\u0142a wch\u0142oni\u0119ta przez Koron\u0119 Kastylii jako stolica kr\u00f3lestwa o tej samej nazwie. Dwana\u015bcie ko\u015bcio\u0142\u00f3w zbudowanych w odzyskanych dzielnicach \u2013 w\u015br\u00f3d nich Santa Marina de Aguas Santas, San Nicol\u00e1s de la Villa i San Miguel \u2013 pe\u0142ni\u0142o zar\u00f3wno funkcje ko\u015bcielne, jak i miejskie, a ich fasady \u0142\u0105czy\u0142y motywy roma\u0144skie, mud\u00e9jar i gotyckie.<\/p>\n<p>Chrze\u015bcija\u0144skie pi\u0119tno przejawia si\u0119 r\u00f3wnie\u017c w zachowanych bramach mur\u00f3w rzymskich: Puerta de Almod\u00f3var, Puerta de Sevilla i Puerta del Puente, flankowanych przez Torre de la Malmuerta i Torre de Bel\u00e9n. W po\u0142udniowych kra\u0144cach Starego Miasta, Plaza del Potro zachowuje Posad\u0119 del Potro \u2014 uwiecznion\u0105 w Don Kichocie Cervantesa \u2014 podczas gdy Arco del Portillo wygina si\u0119 nad portalem z XIV wieku. Ogrody Alc\u00e1zar, Kr\u00f3lewskie Stajnie hoduj\u0105ce andaluzyjskie klacze oraz pa\u0142acowe rezydencje Viany i Merced przypominaj\u0105 o arystokratycznej paradzie Kordoby, podczas gdy mniej znane ulice, takie jak Cuesta del Bail\u00edo, pozwalaj\u0105 dostrzec pionowe rozwarstwienie miasta.<\/p>\n<p>Rze\u017aby upami\u0119tniaj\u0105ce wyznaczaj\u0105 przestrze\u0144 publiczn\u0105: dziesi\u0119\u0107 triumf\u00f3w \u015bwi\u0119tego Rafaela oznacza obecno\u015b\u0107 niebia\u0144skiego opiekuna na mostach i placach; na Plaza de las Tendillas stoi konna figura Gonzala Fern\u00e1ndeza de C\u00f3rdoba; w pobli\u017cu Puerta de la Luna i Puerta de Almod\u00f3var pos\u0105gi Awerroesa i Seneki \u015bwiadcz\u0105 o intelektualnym rodowodzie miasta; a w ogrodach Alc\u00e1zar pomniki oddaj\u0105 cze\u015b\u0107 monarchom katolickim i Kolumbowi. Wzd\u0142u\u017c nurtu Gwadalkiwiru Wyspa Rze\u017ab i \u201eHombre R\u00edo\u201d uciele\u015bniaj\u0105 wsp\u00f3\u0142czesny dialog mi\u0119dzy sztuk\u0105 a wod\u0105, subtelnie zmieniaj\u0105c orientacj\u0119 wraz z pr\u0105dem.<\/p>\n<p>Ponadto mosty Kordoby s\u0105 \u015bwiadectwem nowoczesnej in\u017cynierii: Most San Rafael, otwarty 29 kwietnia 1953 r., ma d\u0142ugo\u015b\u0107 217 metr\u00f3w i osiem 25-metrowych \u0142uk\u00f3w; wisz\u0105cy Most Andaluzyjski i rdzawy Puente de Miraflores (2003) rozpraszaj\u0105 ruch ko\u0142owy i pieszy; Most Autov\u00eda del Sur i Most Abbasa Ibn Firnasa - otwarte w styczniu 2011 r. jako cz\u0119\u015b\u0107 zachodniej obwodnicy - zwi\u0119kszaj\u0105 \u0142\u0105czno\u015b\u0107; a Puente del Arenal \u0142\u0105czy Campo de la Verdad z Recinto Ferial.<\/p>\n<p>Zielone przestrzenie miasta stanowi\u0105 dialog mi\u0119dzy form\u0105 budowlan\u0105 a natur\u0105: Jardines de la Victoria s\u0105siaduj\u0105 z modernistycznymi fontannami i pergol\u0105 Duque de Rivas; Jardines de la Agricultura \u0142\u0105cz\u0105 si\u0119 wok\u00f3\u0142 stawu z kaczkami i ogrodu r\u00f3\u017canego, kt\u00f3ry jest artystycznie zaaran\u017cowany, pomimo braku g\u0119stych labirynt\u00f3w krzew\u00f3w; Parque de Miraflores opada tarasowo w kierunku most\u00f3w Salam i Miraflores; Parque Cruz Conde otwiera si\u0119 jako otwarta, pozbawiona barier przestrze\u0144 w stylu angielskiego ogrodu; Paseo de C\u00f3rdoba, po\u0142o\u017cone nad zakopanymi torami kolejowymi, rozci\u0105ga si\u0119 przez fontanny \u2014 niekt\u00f3re kaskadowo sp\u0142ywaj\u0105ce nad wielopoziomowymi basenami \u2014 i obejmuje dawn\u0105 stacj\u0119 RENFE; Jardines Juan Carlos I i Jardines del Conde de Vallellano otaczaj\u0105 stawy, pozosta\u0142o\u015bci archeologiczne i rzymskie cysterny; Parque de la Asomadilla, o powierzchni 27 hektar\u00f3w, jest drugim co do wielko\u015bci parkiem miejskim w Andaluzji; a Sotos de la Albolafia, pomnik przyrody o powierzchni 21,36 hektar\u00f3w, daje schronienie migruj\u0105cej awifaunie wzd\u0142u\u017c rzeki.<\/p>\n<p>W\u015br\u00f3d muze\u00f3w Kordoby znajduj\u0105 si\u0119 Muzeum Archeologiczne i Etnologiczne, mieszcz\u0105ce si\u0119 od 1960 r. w renesansowym Pa\u0142acu P\u00e1ez de Castillo, kt\u00f3re przedstawia histori\u0119 obecno\u015bci cz\u0142owieka na ziemiach tego miasta od epoki br\u0105zu po kultur\u0119 islamsk\u0105; Muzeum Julio Romero de Torresa przechowuje dzie\u0142a malarza w jego nadrzecznej rezydencji; Muzeum Sztuk Pi\u0119knych, dawniej Szpital Charytatywny, prezentuje dzie\u0142a od baroku po czasy wsp\u00f3\u0142czesne; Muzeum Diecezjalne, znajduj\u0105ce si\u0119 w Pa\u0142acu Biskupim (znajduj\u0105cym si\u0119 na terenie alkazaru Umajjad\u00f3w), eksponuje sztuk\u0119 i wyposa\u017cenie ko\u015bcielne; kompleks \u0141a\u017ani Kalifatu pozwala na archeologiczne zanurzenie si\u0119 w rytua\u0142ach k\u0105pielowych z X wieku.<\/p>\n<p>Kulturowe rytmy osi\u0105gaj\u0105 szczyt w maju, kiedy Kordoba organizuje trzy kolejne festiwale, kt\u00f3re o\u017cywiaj\u0105 place i patio flor\u0105 i muzyk\u0105: Las Cruces de Mayo, podczas kt\u00f3rego trzymetrowe krzy\u017ce, ozdobione kwiatami, stanowi\u0105 centralny punkt konkurs\u00f3w kwiatowych i towarzyskich spotka\u0144; Los Patios de C\u00f3rdoba, w kt\u00f3rym prywatne dziedzi\u0144ce otwarte dla publiczno\u015bci, oceniane s\u0105 pod wzgl\u0119dem walor\u00f3w architektonicznych i sztuki ogrodniczej (oznaczenie wpisane na List\u0119 Niematerialnego Dziedzictwa Kulturowego UNESCO); oraz La Feria de C\u00f3rdoba, targi przypominaj\u0105ce sw\u00f3j sewilski odpowiednik, ale wyr\u00f3\u017cniaj\u0105ce si\u0119 g\u0142\u00f3wnie publicznymi casetas. Dost\u0119pno\u015b\u0107 miejsc noclegowych drastycznie si\u0119 kurczy, odzwierciedlaj\u0105c intensywno\u015b\u0107 pielgrzymek \u2014 zar\u00f3wno \u015bwieckich, jak i naukowych \u2014 do tego bogatego w dziedzictwo miasta.<\/p>\n<p>Nowoczesna infrastruktura transportowa zapewnia Kordobie istotne miejsce w mie\u015bcie: szybka kolej AVE \u0142\u0105czy j\u0105 z Madrytem, \u200b\u200bBarcelon\u0105, Sewill\u0105, Malag\u0105 i Saragoss\u0105; dworzec w Kordobie oferuje ponad dwadzie\u015bcia codziennych po\u0142\u0105cze\u0144 do Malagi Mar\u00eda Zambrano w pi\u0119\u0107dziesi\u0105t cztery minuty, u\u0142atwiaj\u0105c dalsz\u0105 podr\u00f3\u017c wzd\u0142u\u017c Costa del Sol; chocia\u017c w\u0142asne lotnisko w Kordobie nie obs\u0142uguje lot\u00f3w komercyjnych, miasto le\u017cy w zasi\u0119gu r\u0119ki \u2014 110 km do Sewilli, 118 km do Granady i 136 km do lotniska w Maladze; autostrady A-45 i A-4 \u0142\u0105cz\u0105 Kordob\u0119 z sieciami andaluzyjskimi i portugalskimi; a s\u0105siaduj\u0105cy z nim mi\u0119dzymiastowy dworzec autobusowy zwi\u0119ksza zasi\u0119g wolniejszych, ale bardziej ekonomicznych po\u0142\u0105cze\u0144 na ca\u0142ym p\u00f3\u0142wyspie.<\/p>\n<p>Kordoba przetrwa\u0142a jako wielowarstwowa kronika \u2014 jej rzymska siatka przesi\u0105kni\u0119ta pozosta\u0142o\u015bciami wizygockimi, pokryta odwa\u017cn\u0105 architektur\u0105 Umajjad\u00f3w i za\u0142amana przez kastylijskie i nowoczesne ramy. Ekstremalne temperatury miasta, ukszta\u0142towane przez jego po\u0142o\u017cenie w depresji Gwadalkiwiru i blisko\u015b\u0107 Sierra Morena i Systemu Penibaetic, kontrastuj\u0105 z nieustannym przep\u0142ywem rzeki i kultywowanym spokojem jej ogrod\u00f3w. Od kolumnad Wielkiego Meczetu po rozproszone pos\u0105gi poet\u00f3w, filozof\u00f3w i \u015bwi\u0119tych; od pa\u0142ac\u00f3w pokrytych freskami po otwart\u0105 kadencj\u0119 jej callejas; od spalonych s\u0142o\u0144cem majowych patio po ch\u0142odne bryzy rzeki, Kordoba pozostaje jednocze\u015bnie \u015bwiadectwem d\u0142ugiego trwania \u015br\u00f3dziemnomorskiej cywilizacji i \u017cywym \u015bwiadectwem ci\u0105g\u0142ej syntezy kulturowej. Jej historia \u2013 maj\u0105ca swoje korzenie w staro\u017cytno\u015bci, przekszta\u0142cona przez kalif\u00f3w i chrze\u015bcija\u0144skich monarch\u00f3w, a na nowo o\u017cywiona we wsp\u00f3\u0142czesno\u015bci \u2013 pozostaje nieustaj\u0105cym zaproszeniem do naukowych obserwacji i subtelnego zachwytu.<\/p>","protected":false},"excerpt":{"rendered":"<p>Kordoba, miasto o bogatym znaczeniu historycznym i kulturowym, znajduje si\u0119 w centralnym regionie Andaluzji w Hiszpanii. Z populacj\u0105 oko\u0142o 325 000, trzecia najbardziej zaludniona gmina w regionie Andaluzji jest siedzib\u0105 prowincji o tej samej nazwie. Pierwotnie po\u0142o\u017cone g\u0142\u00f3wnie na prawym brzegu rzeki Gwadalkiwir w po\u0142udniowej Iberii, to historyczne miasto by\u0142o \u015bwiadkiem wzlot\u00f3w i upadk\u00f3w wielu cywilizacji, z kt\u00f3rych ka\u017cda w znacznym stopniu wp\u0142yn\u0119\u0142a na jego \u015brodowisko i charakter.<\/p>","protected":false},"author":1,"featured_media":3242,"parent":13090,"menu_order":0,"comment_status":"closed","ping_status":"closed","template":"elementor_theme","meta":{"_eb_attr":"","footnotes":""},"class_list":["post-13266","page","type-page","status-publish","has-post-thumbnail"],"_links":{"self":[{"href":"https:\/\/travelshelper.com\/pl\/wp-json\/wp\/v2\/pages\/13266","targetHints":{"allow":["GET"]}}],"collection":[{"href":"https:\/\/travelshelper.com\/pl\/wp-json\/wp\/v2\/pages"}],"about":[{"href":"https:\/\/travelshelper.com\/pl\/wp-json\/wp\/v2\/types\/page"}],"author":[{"embeddable":true,"href":"https:\/\/travelshelper.com\/pl\/wp-json\/wp\/v2\/users\/1"}],"replies":[{"embeddable":true,"href":"https:\/\/travelshelper.com\/pl\/wp-json\/wp\/v2\/comments?post=13266"}],"version-history":[{"count":0,"href":"https:\/\/travelshelper.com\/pl\/wp-json\/wp\/v2\/pages\/13266\/revisions"}],"up":[{"embeddable":true,"href":"https:\/\/travelshelper.com\/pl\/wp-json\/wp\/v2\/pages\/13090"}],"wp:featuredmedia":[{"embeddable":true,"href":"https:\/\/travelshelper.com\/pl\/wp-json\/wp\/v2\/media\/3242"}],"wp:attachment":[{"href":"https:\/\/travelshelper.com\/pl\/wp-json\/wp\/v2\/media?parent=13266"}],"curies":[{"name":"wp","href":"https:\/\/api.w.org\/{rel}","templated":true}]}}