{"id":13177,"date":"2024-09-17T13:51:22","date_gmt":"2024-09-17T13:51:22","guid":{"rendered":"https:\/\/travelshelper.com\/staging\/?page_id=13177"},"modified":"2026-03-12T23:41:20","modified_gmt":"2026-03-12T23:41:20","slug":"sierra-nevada","status":"publish","type":"page","link":"https:\/\/travelshelper.com\/pl\/destinations\/europe\/spain\/sierra-nevada\/","title":{"rendered":"Sierra Nevada"},"content":{"rendered":"<p>Sierra Nevada zajmuje wyj\u0105tkowe miejsce w po\u0142udniowych kra\u0144cach P\u00f3\u0142wyspu Iberyjskiego: rozleg\u0142y masyw rozci\u0105gaj\u0105cy si\u0119 na prawie 80 kilometr\u00f3w d\u0142ugo\u015bci, kt\u00f3rego szeroko\u015b\u0107 waha si\u0119 mi\u0119dzy 15 a 30 kilometr\u00f3w, obejmuj\u0105cy obszar przekraczaj\u0105cy 2000 kilometr\u00f3w kwadratowych. Wznosz\u0105cy si\u0119 z andaluzyjskich prowincji Granada i Almer\u00eda, ten historyczny \u0142a\u0144cuch g\u00f3rski prezentuje nieprzerwany profil szczyt\u00f3w, kt\u00f3re \u2014 na znacznym grzbiecie od zachodniego\u2013po\u0142udniowego zachodu do wschodniego\u2013p\u00f3\u0142nocno-wschodniego \u2014 pozostaj\u0105 niezmiennie pokryte \u015bniegiem przez wi\u0119ksz\u0105 cz\u0119\u015b\u0107 roku. W apogeum wznosi si\u0119 Mulhac\u00e9n, wznosz\u0105cy si\u0119 na 3479 metr\u00f3w, najwy\u017cszy punkt zar\u00f3wno w kontynentalnej Hiszpanii, jak i na P\u00f3\u0142wyspie Iberyjskim. Najwy\u017csze szczyty pasma stanowi\u0105 niezwyk\u0142\u0105 przeciwwag\u0119 dla sk\u0105panego w s\u0142o\u0144cu wybrze\u017ca Morza \u015ar\u00f3dziemnego, oddalonego o zaledwie dziesi\u0105tki kilometr\u00f3w. Dzi\u0119ki temu Sierra Nevada jawi si\u0119 jako kraina klimatycznych, geologicznych i historycznych kontrast\u00f3w, kt\u00f3re wymagaj\u0105 wnikliwej uwagi naukowc\u00f3w i poetyckiej refleksji.<\/p>\n<p>Od czas\u00f3w staro\u017cytnych do dzi\u015b zbocza Sierra Nevada by\u0142y \u015bwiadkami wstrz\u0105s\u00f3w tektonicznych i rze\u017abienia lodowcowego. Powsta\u0142e w wyniku orogenezy alpejskiej w epoce trzeciorz\u0119du pasmo to manifestuje si\u0119 g\u0142\u00f3wnie poprzez mi\u0119kkie \u0142upki mikowe, kt\u00f3re stromo nachylaj\u0105 si\u0119 ku p\u00f3\u0142nocy, ale ust\u0119puj\u0105 miejsca bardziej stopniowym zboczom w kierunku po\u0142udniowym i po\u0142udniowo-wschodnim. Powy\u017cej oko\u0142o 2400 metr\u00f3w \u2014 niegdy\u015b granicy wiecznego lodu do holocenu \u2014 staro\u017cytne lodowce wyrze\u017abi\u0142y doliny w kszta\u0142cie litery U i pozostawi\u0142y po sobie konstelacj\u0119 wysokog\u00f3rskich lagun, w\u015br\u00f3d nich Laguna de Aguas Verdes i skromn\u0105 Laguna de la Mosca. Te stawy, po\u0142o\u017cone w po\u0142udniowych kot\u0142ach, kieruj\u0105 wody roztopowe do systemu Guadalfeo, podobnie jak czcigodne arterie rzeczne przecinaj\u0105ce zar\u00f3wno stoki \u015br\u00f3dziemnomorskie, jak i atlantyckie: Genil, powsta\u0142y w pobli\u017cu Mulhac\u00e9n i fundamentalny dla basenu Gwadalkiwiru; D\u00farcal i \u00cdzbor, Trev\u00e9lez i Poqueira, a tak\u017ce dop\u0142ywy rzek Andarax i Adra.<\/p>\n<p>Geograficznie Sierra Nevada jest ograniczona przez dolin\u0119 Lecr\u00edn na zachodzie, dolin\u0119 Guadalfeo na po\u0142udniu, depresj\u0119 B\u00e9tica na p\u00f3\u0142nocy, rzek\u0119 Nacimiento na wschodzie i dolin\u0119 Andarax na po\u0142udniowym wschodzie. Jej wsp\u00f3\u0142rz\u0119dne geograficzne \u2014 w przybli\u017ceniu od 36\u00b055\u2032 do 37\u00b015\u2032 szeroko\u015bci geograficznej p\u00f3\u0142nocnej i od 2\u00b056\u2032 do 3\u00b038\u2032 d\u0142ugo\u015bci geograficznej zachodniej \u2014 mocno osadzaj\u0105 j\u0105 w historycznym krajobrazie Andaluzji. \u200b\u200bU jej po\u0142udniowych podn\u00f3\u017cy le\u017cy historyczne miasto Granada, a dalej na wsch\u00f3d nadmorskie enklawy Motril i Almer\u00eda, kt\u00f3rych \u015br\u00f3dziemnomorski klimat stanowi dramatyczny kontrast termiczny z pokrytymi \u015bniegiem szczytami powy\u017cej.<\/p>\n<p>Profil klimatologiczny Sierra Nevada nie poddaje si\u0119 prostej klasyfikacji. Zgodnie z systemem K\u00f6ppena masyw ten w przewa\u017caj\u0105cej mierze mie\u015bci si\u0119 w \u015br\u00f3dziemnomorskich kategoriach Csa\/Csb; jednak powy\u017cej 2500 metr\u00f3w \u015brednie temperatury latem oscyluj\u0105 wok\u00f3\u0142 progu 10 \u00b0C, nadaj\u0105c wysokim zboczom charakter subarktyczny Dsc. Na nieznacznie ni\u017cszych wysoko\u015bciach kr\u00f3tkie, ch\u0142odne lata i niskie opady daj\u0105 wilgotny kontynentalny re\u017cim Dsa\/Dsb, podczas gdy dalsze obni\u017canie si\u0119 powoduje ch\u0142odno-letni\u0105 form\u0119 \u015br\u00f3dziemnomorsk\u0105, kt\u00f3ra stopniowo przechodzi w odmian\u0119 gor\u0105cego lata na otaczaj\u0105cych nizinach. Ca\u0142oroczna temperatura w Pradollano \u2014 \u015brednio 3,9 \u00b0C \u2014 wyra\u017anie odstaje od 15,7 \u00b0C w Granadzie i 18,5 \u00b0C w nadmorskiej Maladze. Dobowe temperatury w kurorcie latem i zim\u0105 s\u0105 zwykle ni\u017csze o oko\u0142o 12 \u00b0C ni\u017c w mie\u015bcie po\u0142o\u017conym ni\u017cej, przy czym nadej\u015bcie wiosny jest szczeg\u00f3lnie op\u00f3\u017anione \u2013 dzienne maksima w maju na wy\u017cynach utrzymuj\u0105 si\u0119 w okolicach 4 \u00b0C, podczas gdy w Granadzie \u015brednia temperatura wynosi 24 \u00b0C.<\/p>\n<p>Badania naukowe znalaz\u0142y niezwyk\u0142e schronienie na tych wysoko\u015bciach. Obserwatorium Sierra Nevada, Obserwatorium Calar Alto i 30-metrowy teleskop Institut de Radioastronomie Millim\u00e9trique (IRAM) zajmuj\u0105 p\u00f3\u0142nocne stoki na wysoko\u015bci oko\u0142o 2800 metr\u00f3w nad poziomem morza. Ich teleskopowe otwory zagl\u0105daj\u0105 w kosmiczne g\u0142\u0119biny, nieskr\u0119powane miejskim blaskiem i korzystaj\u0105ce z wysokiego, suchego p\u0142askowy\u017cu. Tymczasem ekologiczne znaczenie masywu zosta\u0142o od dawna uznane: w 1986 r. UNESCO uzna\u0142o go za rezerwat biosfery, a w 1989 r., a nast\u0119pnie w 1999 r., hiszpa\u0144ski rz\u0105d og\u0142osi\u0142 rozleg\u0142e po\u0142acie najpierw parkiem naturalnym, a p\u00f3\u017aniej parkiem narodowym, \u0142\u0105cznie chroni\u0105c oko\u0142o 169 239 hektar\u00f3w terenu.<\/p>\n<p>W obr\u0119bie tej chronionej domeny znajduje si\u0119 niezwyk\u0142a bior\u00f3\u017cnorodno\u015b\u0107, cz\u0119\u015bciowo przypisywana izolacji pasma i polodowcowym schronieniom. Hiszpa\u0144skie Ministerstwo \u015arodowiska rejestruje 66 endemicznych gatunk\u00f3w ro\u015blin naczyniowych \u2014 stanowi\u0105cych prawie jedn\u0105 pi\u0105t\u0105 endemizmu Europy w obr\u0119bie pasma \u2014 i oko\u0142o 80 rodzimych takson\u00f3w fauny. Ca\u0142kowita flora naczyniowa liczy oko\u0142o 2100 wy\u017cszych ro\u015blin, co stanowi jedn\u0105 czwart\u0105 bogactwa botanicznego Hiszpanii. Aby chroni\u0107 to dziedzictwo botaniczne, powsta\u0142a konstelacja instalacji konserwatorskich: Ogr\u00f3d Botaniczny Cortijuela na dolnym zboczu g\u00f3ry Trevenque na wysoko\u015bci 1600 metr\u00f3w, odpowiedzialny za propagowanie i badanie oko\u0142o 100 gatunk\u00f3w nara\u017conych lub zagro\u017conych, w tym Pinus sylvestris nevadensis; centrum Hoya de Pedraza (zainicjowane w 2007 r.) na wysoko\u015bci 1980 metr\u00f3w; oraz Ogr\u00f3d Botaniczny Uniwersytetu Hoya de la Mora, za\u0142o\u017cony w 1965 r. na wysoko\u015bci oko\u0142o 2500 m n.p.m., w ca\u0142o\u015bci po\u015bwi\u0119cony endemicznej florze Sierra Nevada.<\/p>\n<p>Ludzka tkanina utkana wok\u00f3\u0142 g\u00f3r ods\u0142ania rytm tradycyjnego utrzymania i nowoczesnej rekreacji. Pokolenia lokalnych mieszka\u0144c\u00f3w uprawia\u0142y tarasowe dzia\u0142ki \u2014 borreguiles pastwiska po\u0142o\u017cone nawet powy\u017cej 2000 metr\u00f3w \u2014 i opiekowa\u0142y si\u0119 stadami w transhumancyjnych wzorcach, kt\u00f3re przycina\u0142y sezonowe \u0142\u0105ki alpejskie. Mechanizacja rolnictwa okaza\u0142a si\u0119 niemo\u017cliwa na stromych zboczach, podtrzymuj\u0105c w ten spos\u00f3b wiedz\u0119 przodk\u00f3w o kana\u0142ach nawadniaj\u0105cych oraz gajach oliwnych, brzoskwiniowych i migda\u0142owych. Jednak ostatnie dekady by\u0142y \u015bwiadkami namacalnego zwrotu w kierunku turystyki, katalizowanego przez utworzenie najbardziej wysuni\u0119tego na po\u0142udnie o\u015brodka narciarskiego w Europie i najwy\u017cszego na P\u00f3\u0142wyspie Iberyjskim. Pradollano, urbanizacja na wysoko\u015bci 2100 metr\u00f3w, stanowi najwy\u017csz\u0105 osad\u0119 Andaluzji poza enklawami Pirenej\u00f3w, a jej wyci\u0105gi narciarskie i trasy przyci\u0105gaj\u0105 mi\u0142o\u015bnik\u00f3w sport\u00f3w zimowych poszukuj\u0105cych niezawodnego \u015bniegu i obfitego s\u0142o\u0144ca.<\/p>\n<p>Historia transportu w wysokich pasmach g\u00f3rskich jest r\u00f3wnie godna uwagi. W 1935 r. otwarto drog\u0119 samochodow\u0105 na szczyt Veleta, zyskuj\u0105c miano najwy\u017cszej dost\u0119pnej drogi w Hiszpanii \u2014 a przez pewien czas w Europie \u2014 a\u017c do zamkni\u0119cia g\u00f3rnego odcinka od Hoya de la Mora do szczytu dla ruchu pojazd\u00f3w w 1999 r. Jednocze\u015bnie, je\u015bli pozwala na to pogoda, dzia\u0142a sezonowa High Peaks Interpretation Service od czerwca do pa\u017adziernika, zatrudniaj\u0105ca minibusy i przewodnik\u00f3w do przewo\u017cenia go\u015bci z hostelu uniwersyteckiego na wysoko\u015bci 2500 metr\u00f3w do platformy Veleta na wysoko\u015bci 3100 metr\u00f3w, a tak\u017ce dowo\u017c\u0105ca turyst\u00f3w na po\u0142udniowym zboczu z Capileira do Alto del Chorrillo na wysoko\u015bci 2740 metr\u00f3w.<\/p>\n<p>Uzupe\u0142niaj\u0105c narciarstwo alpejskie, Puerto de la Ragua \u2014 rozci\u0105gaj\u0105ce si\u0119 nad prowincjami Granada i Almer\u00eda na wysoko\u015bci 2000 metr\u00f3w \u2014 oferuje obiekty do uprawiania narciarstwa biegowego, podobnie jak mniej znany korytarz Ragua na autostradzie A-337. Mi\u0142o\u015bnicy pieszych w\u0119dr\u00f3wek mog\u0105 przemierzy\u0107 Vereda de la Estrella, omijaj\u0105c \u017ar\u00f3d\u0142a rzeki Genil, lub podj\u0105\u0107 si\u0119 Integral of the 3000 Meter Peaks, wyczerpuj\u0105cej przeprawy z J\u00e9rez del Marquesado przez niemal ka\u017cdy szczyt powy\u017cej 3000 metr\u00f3w, wymagaj\u0105cej zar\u00f3wno wytrzyma\u0142o\u015bci, jak i ostro\u017cno\u015bci po\u015br\u00f3d resztkowych p\u00f3l \u015bnie\u017cnych nawet w \u015brodku lata. Trasa Sulayr, 340-kilometrowa p\u0119tla okr\u0105\u017caj\u0105ca masyw, przywraca do \u017cycia historyczne \u015bcie\u017cki dla byd\u0142a i chodniki w trasie zaprojektowanej przez instytucje publiczne, aby uczci\u0107 zar\u00f3wno natur\u0119, jak i dziedzictwo.<\/p>\n<p>Dla tych, kt\u00f3rzy szukaj\u0105 schronienia pod gwiazdami, pasmo oferuje trzy schroniska z obs\u0142ug\u0105: Poqueira Refuge na wysoko\u015bci 2500 metr\u00f3w, mieszcz\u0105ce 87 go\u015bci u zbiegu Mulhac\u00e9n i R\u00edo Seco; Postero Alto na wysoko\u015bci 1880 metr\u00f3w, z miejscem dla 68 os\u00f3b na Loma de Enmedio; oraz hostel Puerto de la Ragua na wysoko\u015bci 2000 metr\u00f3w z 32 miejscami do cumowania. Rozproszone schroniska i biwaki \u2014 mi\u0119dzy innymi La Carihuela, Elorrieta, Pe\u00f1a Partida \u2014 nadal znajduj\u0105 si\u0119 w r\u00f3\u017cnym stanie naprawy, podczas gdy naturalne jaskinie, takie jak Cueva Secreta i wn\u0119ka Siete Lagunas, \u015bwiadcz\u0105 o geologicznej intrydze g\u00f3ry.<\/p>\n<p>R\u00f3wnie\u017c rowerzy\u015bci znajduj\u0105 wyzwanie i urok w zawrotnych podjazdach Sierra Nevada. S\u0142ynny podjazd z Monachil \u2014 2627 metr\u00f3w wzniesienia na 45,3 kilometra przy \u015brednim nachyleniu 5,8 procent, z nachyleniami si\u0119gaj\u0105cymi 15 procent \u2014 oferuje trudny test przed zako\u0144czeniem w Pradollano lub Pico Veleta (3367 metr\u00f3w). Trasa G\u00fc\u00e9jar Sierra rozci\u0105ga si\u0119 na 44,3 kilometra do Veleta, zyskuj\u0105c 2557 metr\u00f3w przy \u015brednim nachyleniu 5,77 procent. Cele po\u015brednie obejmuj\u0105 Ogr\u00f3d Botaniczny Uniwersytetu Hoya de la Mora i Obserwatorium IRAM na wysoko\u015bci 2850 metr\u00f3w, z kt\u00f3rych ka\u017cdy jest dowodem naukowego i estetycznego magnetyzmu pasma.<\/p>\n<p>Mity i legendy rozwijaj\u0105 si\u0119 tak bogato, jak panoramy g\u00f3rskie. Opowie\u015b\u0107 o Miotle Diab\u0142a przywo\u0142uje lawin\u0119 wywo\u0142an\u0105 przez diabelski dar, kt\u00f3ry wci\u0105\u017c ma zmie\u015b\u0107 zbocza szczytu Alcazaba \u015bnie\u017cnymi potokami. Wiedza o lagunie Vacares opowiada o zbrodni ksi\u0119cia Maur\u00f3w i \u0142zach ksi\u0119\u017cniczki uwiecznionych w skale, a ich lamenty rzekomo rozbrzmiewaj\u0105 w zamarzni\u0119tych g\u0142\u0119binach. Takie opowie\u015bci \u2014 przekazywane przez pasterzy, mieszka\u0144c\u00f3w wsi i pielgrzym\u00f3w \u2014 nadaj\u0105 krajobrazowi, kt\u00f3ry zosta\u0142 ju\u017c ukszta\u0142towany przez tysi\u0105clecia si\u0142 geologicznych i kulturowych, nieziemski wymiar.<\/p>\n<p>Ostatecznie Sierra Nevada obejmuje znacznie wi\u0119cej ni\u017c granice kartograficzne i rejestry ekologiczne. Jest aren\u0105, na kt\u00f3rej zbiegaj\u0105 si\u0119 gradienty klimatyczne, schronienia biotyczne i ludzkie wysi\u0142ki. Od staro\u017cytnych \u0142upk\u00f3w wypaczonych przez zderzenie kontynent\u00f3w po \u015bwietlist\u0105 przejrzysto\u015b\u0107 powy\u017cej 2800 metr\u00f3w, od endemicznych sosen czepiaj\u0105cych si\u0119 ska\u0142 po labirynt \u015bcie\u017cek przecinaj\u0105cych grzbiety i doliny, pasmo g\u00f3rskie obejmuje kontinuum docieka\u0144 \u2014 geograficznych, naukowych i humanistycznych. Tutaj le\u017cy wzniesienie nie tylko ska\u0142 i lodu, ale tak\u017ce intelektu i wyobra\u017ani: szczyt historii naturalnej i ludzkich aspiracji przeplataj\u0105cych si\u0119 pod andaluzyjskim niebem.<\/p>","protected":false},"excerpt":{"rendered":"<p>Po\u0142o\u017cona w po\u0142udniowo-wschodnim pa\u015bmie g\u00f3rskim Sierra Nevada w Hiszpanii, stacja narciarska Sierra Nevada jest dowodem harmonijnego po\u0142\u0105czenia ludzkiej kreatywno\u015bci i naturalnego pi\u0119kna. Po\u0142o\u017cony w prowincji Grenada, ten znany o\u015brodek narciarski cieszy si\u0119 dominuj\u0105c\u0105 lokalizacj\u0105 na p\u00f3\u0142nocno-zachodnich stokach Velety, trzeciej co do wysoko\u015bci g\u00f3ry P\u00f3\u0142wyspu Iberyjskiego. Osiedle Pradollano jest energicznym centrum tej alpejskiej lokalizacji, goszcz\u0105c setki entuzjast\u00f3w sport\u00f3w zimowych i mi\u0142o\u015bnik\u00f3w przyrody przez ca\u0142y rok, pomimo sezonowej populacji.<\/p>","protected":false},"author":1,"featured_media":4260,"parent":13090,"menu_order":0,"comment_status":"closed","ping_status":"closed","template":"elementor_theme","meta":{"_eb_attr":"","footnotes":""},"class_list":["post-13177","page","type-page","status-publish","has-post-thumbnail"],"_links":{"self":[{"href":"https:\/\/travelshelper.com\/pl\/wp-json\/wp\/v2\/pages\/13177","targetHints":{"allow":["GET"]}}],"collection":[{"href":"https:\/\/travelshelper.com\/pl\/wp-json\/wp\/v2\/pages"}],"about":[{"href":"https:\/\/travelshelper.com\/pl\/wp-json\/wp\/v2\/types\/page"}],"author":[{"embeddable":true,"href":"https:\/\/travelshelper.com\/pl\/wp-json\/wp\/v2\/users\/1"}],"replies":[{"embeddable":true,"href":"https:\/\/travelshelper.com\/pl\/wp-json\/wp\/v2\/comments?post=13177"}],"version-history":[{"count":0,"href":"https:\/\/travelshelper.com\/pl\/wp-json\/wp\/v2\/pages\/13177\/revisions"}],"up":[{"embeddable":true,"href":"https:\/\/travelshelper.com\/pl\/wp-json\/wp\/v2\/pages\/13090"}],"wp:featuredmedia":[{"embeddable":true,"href":"https:\/\/travelshelper.com\/pl\/wp-json\/wp\/v2\/media\/4260"}],"wp:attachment":[{"href":"https:\/\/travelshelper.com\/pl\/wp-json\/wp\/v2\/media?parent=13177"}],"curies":[{"name":"wp","href":"https:\/\/api.w.org\/{rel}","templated":true}]}}