{"id":13072,"date":"2024-09-17T12:09:27","date_gmt":"2024-09-17T12:09:27","guid":{"rendered":"https:\/\/travelshelper.com\/staging\/?page_id=13072"},"modified":"2026-03-12T23:47:06","modified_gmt":"2026-03-12T23:47:06","slug":"andermatt","status":"publish","type":"page","link":"https:\/\/travelshelper.com\/pl\/destinations\/europe\/switzerland\/andermatt\/","title":{"rendered":"Andermatt"},"content":{"rendered":"<p>Andermatt, g\u00f3rska wioska i gmina po\u0142o\u017cona na wysoko\u015bci 1437 m n.p.m., zajmuje centralne miejsce w masywie Saint-Gotthard, stanowi\u0105c historyczny w\u0119ze\u0142 szlak\u00f3w Szwajcarii biegn\u0105cych z p\u00f3\u0142nocy na po\u0142udnie i ze wschodu na zach\u00f3d. W 2020 r. miejscowo\u015b\u0107 liczy\u0142a 1527 mieszka\u0144c\u00f3w, a jej powierzchnia wynosi\u0142a 62,2 km\u00b2. Le\u017cy ona oko\u0142o 28 kilometr\u00f3w na po\u0142udnie od Altdorfu, stolicy kantonu Uri, zakotwiczaj\u0105cego \u017ar\u00f3d\u0142a rzeki Reuss w dolinie Urseren.<\/p>\n<p>Otoczone szczytami Alp Adula\u0144skich, Andermatt stanowi obraz alpejskiego terenu, w kt\u00f3rym 40,8 procent powierzchni s\u0142u\u017cy celom rolniczym, 5,5 procent pokrywaj\u0105 lasy, a 52 procent jest nieproduktywne, zdefiniowane przez rzeki, lodowce i strome zbocza. Taki uk\u0142ad, zmierzony w badaniu z 2006 r., odzwierciedla dolin\u0119 ukszta\u0142towan\u0105 przez aktywno\u015b\u0107 lodowcow\u0105 i wieki u\u017cytkowania pasterskiego, gdzie alpejskie \u0142\u0105ki ust\u0119puj\u0105 miejsca skalistym klifom zbyt nier\u00f3wnym dla ro\u015blinno\u015bci, a w\u0105skie korytarze kieruj\u0105 rzek\u0119 Reuss w stron\u0119 w\u0105wozu Sch\u00f6llenen, stromego zbocza \u0142\u0105cz\u0105cego wiosk\u0119 z G\u00f6schenen i ostatecznie z jeziorem Urnersee przy Jeziorze Czterech Kanton\u00f3w.<\/p>\n<p>Od momentu powstania jako korytarz \u0142\u0105cz\u0105cy wschodnie kantony, takie jak Gryzonia (przez prze\u0142\u0119cz Oberalp na wysoko\u015bci 2044 m n.p.m.) i zachodnie regiony, w tym Valais (przez prze\u0142\u0119cz Furka na wysoko\u015bci 2436 m n.p.m.), a\u017c po rol\u0119 \u0142\u0105cz\u0105c\u0105 Ticino przez prze\u0142\u0119cz \u015bw. Gotarda na wysoko\u015bci 2106 m n.p.m., Andermatt pe\u0142ni funkcj\u0119 skrzy\u017cowania dr\u00f3g od pocz\u0105tku XIII wieku, kiedy to otwarcie szlaku Sch\u00f6llenen formalnie ustanowi\u0142o po\u0142\u0105czenie przez prze\u0142\u0119cz Gotarda. Te g\u00f3rskie przej\u015bcia \u2014 wraz z pot\u0119\u017cnym w\u0105wozem Sch\u00f6llenen, na kt\u00f3rym znajduje si\u0119 Most Diab\u0142a \u2014 wyznaczaj\u0105 granice wioski jako punktu orientacyjnego i stra\u017cnika alpejskiego transportu.<\/p>\n<p>Dowody archeologiczne wskazuj\u0105 na obecno\u015b\u0107 cz\u0142owieka w dolinie Urseren ju\u017c 4000 p.n.e., a neolityczne artefakty \u015bwiadcz\u0105 o osadnictwie lud\u00f3w \u0142owc\u00f3w-zbieraczy; w okresie panowania Rzymian w wysokiej dolinie prawdopodobnie \u017cy\u0142y plemiona celtyckie Helwet\u00f3w, chocia\u017c podwaliny dzisiejszego Andermatt wywodz\u0105 si\u0119 od alema\u0144skich migrant\u00f3w z plemienia Walser, kt\u00f3rzy w poszukiwaniu pastwisk i schronienia na du\u017cych wysoko\u015bciach zak\u0142adali osady, kt\u00f3re mia\u0142y po\u0142\u0105czy\u0107 si\u0119 wok\u00f3\u0142 skromnej parafii wspomnianej w 1203 r. jako \u201ede Prato\u201d, a p\u00f3\u017aniej, w 1290 r., jako \u201eA der Matte\u201d.<\/p>\n<p>Powi\u0105zanie z benedykty\u0144skim opactwem Disentis rz\u0105dzi\u0142o lokalnym \u017cyciem przez stulecia; nadz\u00f3r ko\u015bcielny trwa\u0142 do 1649 r., kiedy rodz\u0105ca si\u0119 Konfederacja Szwajcarska przekaza\u0142a jurysdykcj\u0119 duchown\u0105 w r\u0119ce cywilne, odzwierciedlaj\u0105c szersze zmiany w szwajcarskim zarz\u0105dzaniu. Jednak strategiczne znaczenie doliny wykracza\u0142o poza sprawy duchowne: w dniu \u015bw. Patryka w 1608 r. irlandzcy hrabiowie podr\u00f3\u017cuj\u0105cy przez Prze\u0142\u0119cz \u015awi\u0119tego Gotarda podobno zgubili skarb z\u0142ota na Mo\u015bcie Diab\u0142a, incydent uwieczniony w lokalnej legendzie jako Zaginiony Skarb Prze\u0142\u0119czy \u015awi\u0119tego Gotarda, chocia\u017c nie odnotowano \u017cadnego odzyskania.<\/p>\n<p>Topografia Sch\u00f6llenen przekazuje wi\u0119cej ni\u017c mit, poniewa\u017c w 1799 r. rosyjski genera\u0142 Aleksander Suworow poprowadzi\u0142 wojska przez w\u0105w\u00f3z podczas swojej kampanii alpejskiej; pami\u0105tkowy pomnik w pobli\u017cu Andermatt upami\u0119tnia trudn\u0105 przepraw\u0119, a na jego polerowanym kamieniu umieszczono inskrypcje upami\u0119tniaj\u0105ce \u017co\u0142nierzy, kt\u00f3rzy znie\u015bli wymagania g\u00f3ry. Dwie dekady p\u00f3\u017aniej, od 1818 do 1831 r., szlak \u015bw. Gotarda sta\u0142 si\u0119 op\u0142acalny dla podr\u00f3\u017cy dyli\u017cansem; jako ostatnie sanktuarium przed szczytem, \u200b\u200bAndermatt korzysta\u0142o z rozwijaj\u0105cej si\u0119 gospodarki uzdrowiskowej, a go\u015bci przyci\u0105ga\u0142y zabiegi termalne i obietnica zdrowego powietrza.<\/p>\n<p>Otwarcie tunelu kolejowego St Gotthard w 1881 r. przeorganizowa\u0142o tranzyt pod dnem doliny, zatapiaj\u0105c rol\u0119 Andermatt jako g\u0142\u00f3wnej alpejskiej arterii; budowa, kt\u00f3ra poch\u0142on\u0119\u0142a \u017cycie miejscowych robotnik\u00f3w i wywo\u0142a\u0142a niepokoje st\u0142umione przez interwencj\u0119 wojskow\u0105, zapocz\u0105tkowa\u0142a er\u0119, w kt\u00f3rej poci\u0105gi omija\u0142y wiosk\u0119 powy\u017cej. Niemniej jednak Andermatt dostosowa\u0142o si\u0119: w 1885 r. Szwajcarska Armia Federalna nada\u0142a mu status miasta garnizonowego, wznosz\u0105c podziemne obiekty dowodzenia zaprojektowane z my\u015bl\u0105 o odporno\u015bci na wojn\u0119, a p\u00f3\u017aniej ustanawiaj\u0105c o\u015brodek szkoleniowy, kt\u00f3ry nadal jest miejscem szkolenia wojskowego.<\/p>\n<p>W 1946 r. opracowano plany budowy zapory wodnej w dolinie Urseren, aby zbudowa\u0107 zbiorniki wodne, co wywo\u0142a\u0142o zdecydowany sprzeciw, kt\u00f3ry w 1950 r. wstrzyma\u0142 rozw\u00f3j w Andermatt i przekierowa\u0142 projekt do s\u0105siedniego G\u00f6schenertal. Ten incydent podkre\u015bla lokalne zaanga\u017cowanie w ochron\u0119 krajobrazu, nawet gdy dolina zmaga\u0142a si\u0119 z wyzwaniami wynikaj\u0105cymi ze zmienno\u015bci warunk\u00f3w naturalnych, zw\u0142aszcza zim\u0105 1951 r. i 1975 r., gdy lawiny nawiedzi\u0142y obszary mieszkalne, wyrz\u0105dzaj\u0105c szkody i odbieraj\u0105c \u017cycie.<\/p>\n<p>W latach 30. XX wieku gospodarka zacz\u0119\u0142a podupada\u0107, gdy\u017c turystyka alpejska przenios\u0142a si\u0119 do istniej\u0105cych kurort\u00f3w, a wiele hoteli Ursental \u2014 w tym te wybudowane przez rodzin\u0119 M\u00fcller, w\u0142a\u015bcicieli Grand Hotel Bellevue i innych obiekt\u00f3w, kt\u00f3re kiedy\u015b znajdowa\u0142y si\u0119 w dolinie \u2014 zamilk\u0142o lub zmieni\u0142o przeznaczenie. Sam Bellevue, przekszta\u0142cony w apartamenty w latach 70. XX wieku, sta\u0142 opuszczony do 1990 roku, zanim zosta\u0142 poddany kontrolowanej rozbi\u00f3rce.<\/p>\n<p>Odrodzenie nast\u0105pi\u0142o pod koniec XX wieku, kiedy Andermatt zmieni\u0142o swoj\u0105 pozycj\u0119 jako alternatywa dla ekskluzywnych destynacji narciarskich, przyjmuj\u0105c strategi\u0119 rozwoju, kt\u00f3ra po\u0142\u0105czy\u0142a stoki N\u00e4tschen wioski z Gemsstock na jej po\u0142udniowym zboczu i, za po\u015brednictwem Glacier Express, po\u0142\u0105czy\u0142a si\u0119 z Sedrun i Disentis, tworz\u0105c po\u0142\u0105czon\u0105 sie\u0107 ca\u0142orocznych o\u015brodk\u00f3w. Sojusz Andermatt-Sedrun-Disentis, zjednoczony pod auspicjami Matterhorn Gotthard Bahn, odzwierciedla aspiracje XXI wieku, wzmocnione dost\u0119pno\u015bci\u0105 kolei, kt\u00f3ra jeszcze bardziej integruje N\u00e4tschen ze stokami Oberalp \u2014 obecnie dost\u0119pnymi tylko poci\u0105giem \u2014 i obiecuje rozszerzone trasy narciarskie.<\/p>\n<p>Tej transformacji towarzyszy\u0142y zach\u0119ty w sektorze nieruchomo\u015bci; zwolnione z ogranicze\u0144 Lex Koller na mocy dekretu federalnego z 2006 r., Andermatt Swiss Alps zezwoli\u0142o obcokrajowcom na nabywanie nieruchomo\u015bci bez specjalnego zezwolenia do 2040 r., umo\u017cliwiaj\u0105c inwestycj\u0119 o warto\u015bci 1,8 mld CHF pod przewodnictwem przedsi\u0119biorcy Samiha Sawirisa i przyci\u0105gaj\u0105c mi\u0119dzynarodowych nabywc\u00f3w, w szczeg\u00f3lno\u015bci inwestor\u00f3w ameryka\u0144skich, kt\u00f3rych zakupy mieszka\u0144 na pocz\u0105tku 2025 r. o warto\u015bci 14,2 mln CHF by\u0142y odpowiedzi\u0105 na geopolityczn\u0105 niepewno\u015b\u0107 za granic\u0105.<\/p>\n<p>Pod wzgl\u0119dem demograficznym wie\u015b przyp\u0142ywa\u0142a i odp\u0142ywa\u0142a: od 605 mieszka\u0144c\u00f3w w 1799 r. do 1589 w 1970 r., zmniejszaj\u0105c si\u0119 do 1282 do 2000 r. i dostosowuj\u0105c si\u0119 do 1527 pod koniec 2020 r. Niemiecki dominuje jako j\u0119zyk lokalny (95,2 procent w 2000 r.), kt\u00f3remu towarzysz\u0105 skromne spo\u0142eczno\u015bci portugalskie i w\u0142oskie, a dziesi\u0105ta cz\u0119\u015b\u0107 mieszka\u0144c\u00f3w nie posiada obywatelstwa szwajcarskiego; poziom wykszta\u0142cenia jest znaczny, przy czym trzy czwarte os\u00f3b w wieku od 25 do 64 lat uko\u0144czy\u0142o studia \u015brednie lub wy\u017csze, a stopa bezrobocia wynosi poni\u017cej jednego procenta. Ekonomicznie sektor podstawowy zatrudnia pi\u0119\u0107dziesi\u0119ciu jeden pracownik\u00f3w w dwudziestu dw\u00f3ch przedsi\u0119biorstwach, sektor wt\u00f3rny zatrudnia dziewi\u0119\u0107dziesi\u0105t os\u00f3b w trzynastu przedsi\u0119biorstwach, a sektor trzeci utrzymuje 599 pracownik\u00f3w w siedemdziesi\u0119ciu o\u015bmiu firmach.<\/p>\n<p>Pod wzgl\u0119dem klimatycznym Andermatt znajduje si\u0119 w strefie klimatu subarktycznego (\u201edfc\u201d wed\u0142ug K\u00f6ppena), ze \u015bredni\u0105 roczn\u0105 139,4 dni deszczowych i sum\u0105 opad\u00f3w wynosz\u0105c\u0105 1423 milimetry w latach 1991\u20132020; w listopadzie odnotowuje si\u0119 najwy\u017csze opady \u2013 142 milimetry w ci\u0105gu 11,8 dnia, w czerwcu odnotowuje si\u0119 najcz\u0119stsze opady \u2013 13,2 dnia i 131 milimetr\u00f3w, a luty pozostaje najsuchszym miesi\u0105cem \u2013 91 milimetr\u00f3w w ci\u0105gu 11,4 dnia.<\/p>\n<p>Zimowa rekreacja koncentruje si\u0119 wok\u00f3\u0142 dw\u00f3ch g\u0142\u00f3wnych o\u015brodk\u00f3w narciarskich: N\u00e4tschen, wznosz\u0105cego si\u0119 na p\u00f3\u0142nocnym wschodzie i dost\u0119pnego kolej\u0105, oraz Gemsstock na po\u0142udniu. Oba o\u015brodki oferuj\u0105 stoki z obs\u0142ug\u0105 wyci\u0105g\u00f3w i trasy w dolinach, z kt\u00f3rych mo\u017cna korzysta\u0107 do po\u0142owy marca. Amatorzy narciarstwa ceni\u0105 sobie zjazdy poza trasami i g\u0142\u0119boki \u015bnieg, kt\u00f3re charakteryzuj\u0105 te g\u00f3ry. Strategiczne plany przewiduj\u0105 utworzenie jednolitych tras narciarskich obejmuj\u0105cych trasy Oberalp.<\/p>\n<p>Pod wzgl\u0119dem kulturalnym Andermatt otworzy\u0142o specjalnie wybudowan\u0105 sal\u0119 koncertow\u0105, pierwsz\u0105 plac\u00f3wk\u0119 artystyczn\u0105 stworzon\u0105 specjalnie z my\u015bl\u0105 o alpejskiej wiosce. Zainaugurowano j\u0105 pod batut\u0105 Constantinosa Carydisa, dyrygenta Berli\u0144skiej Filharmonii. Hala zaprojektowana przez Christin\u0119 Seilern i sfinansowana przez Sawirisa symbolizuje ewolucj\u0119 Andermatt od w\u0119z\u0142a komunikacyjnego do o\u015brodka alpejskiej sztuki, potwierdzaj\u0105c jego zdolno\u015b\u0107 do organizowania wyst\u0119p\u00f3w o mi\u0119dzynarodowym kalibrze w g\u00f3rskim otoczeniu.<\/p>\n<p>Przez ca\u0142\u0105 swoj\u0105 chronologi\u0119 Andermatt porusza\u0142 si\u0119 w zmieniaj\u0105cych si\u0119 pr\u0105dach tranzytu, konflikt\u00f3w i handlu, zachowuj\u0105c odr\u0119bny alpejski charakter, nawet gdy jego gospodarka i spo\u0142ecze\u0144stwo dostosowuj\u0105 si\u0119 do wsp\u00f3\u0142czesnych nakaz\u00f3w. Jego dolina, przecinana staro\u017cytnymi szlakami i nowoczesnymi liniami kolejowymi, zr\u00f3wnowa\u017cona mi\u0119dzy upraw\u0105 a surowym terenem, pozostaje symbolem z\u0142o\u017conej interakcji Szwajcarii mi\u0119dzy topografi\u0105 a ludzkim wysi\u0142kiem, zapraszaj\u0105c do obserwacji wykraczaj\u0105cej poza zwyk\u0142\u0105 turystyk\u0119, aby rozwa\u017cy\u0107 wytrzyma\u0142o\u015b\u0107 spo\u0142eczno\u015bci wysokog\u00f3rskich.<\/p>\n<table>\n<thead>\n<tr>\n<th>Kategoria<\/th>\n<th>Informacja<\/th>\n<\/tr>\n<\/thead>\n<tbody>\n<tr>\n<td>Lokalizacja<\/td>\n<td>Andermatt, Szwajcaria (Centralna Szwajcaria, Uri)<\/td>\n<\/tr>\n<tr>\n<td>Wysoko\u015b\u0107 o\u015brodka<\/td>\n<td>1444 m \u2013 2600 m (4738 st\u00f3p \u2013 8530 st\u00f3p)<\/td>\n<\/tr>\n<tr>\n<td>Sezon narciarski<\/td>\n<td>Od po\u0142owy grudnia do pocz\u0105tku kwietnia<\/td>\n<\/tr>\n<tr>\n<td>Ceny karnet\u00f3w narciarskich<\/td>\n<td>Doro\u015bli: 89 CHF (95 EUR), M\u0142odzie\u017c: 63 CHF (67 EUR), Dzieci: 45 CHF (48 EUR)<\/td>\n<\/tr>\n<tr>\n<td>Godziny otwarcia<\/td>\n<td>08:45 &#8211; 16:45<\/td>\n<\/tr>\n<tr>\n<td>Liczba tras zjazdowych<\/td>\n<td>\u0141\u0105cznie 70 km (43,5 mil)<\/td>\n<\/tr>\n<tr>\n<td>Ca\u0142kowita d\u0142ugo\u015b\u0107 trasy<\/td>\n<td>70 kilometr\u00f3w (43,5 mil)<\/td>\n<\/tr>\n<tr>\n<td>Najd\u0142u\u017cszy bieg<\/td>\n<td>Nie okre\u015blono w danych<\/td>\n<\/tr>\n<tr>\n<td>\u0141atwe stoki<\/td>\n<td>18 kilometr\u00f3w (26%)<\/td>\n<\/tr>\n<tr>\n<td>Umiarkowane stoki<\/td>\n<td>40 kilometr\u00f3w (57%)<\/td>\n<\/tr>\n<tr>\n<td>Zaawansowane stoki<\/td>\n<td>12 kilometr\u00f3w (17%)<\/td>\n<\/tr>\n<tr>\n<td>Kierunki stok\u00f3w<\/td>\n<td>\/<\/td>\n<\/tr>\n<tr>\n<td>Jazda na nartach noc\u0105<\/td>\n<td>Dost\u0119pne (SnowNight Sedrun)<\/td>\n<\/tr>\n<tr>\n<td>Wytwarzanie \u015bniegu<\/td>\n<td>Dost\u0119pny<\/td>\n<\/tr>\n<tr>\n<td>\u0141\u0105czna liczba podniesie\u0144<\/td>\n<td>13<\/td>\n<\/tr>\n<tr>\n<td>Pojemno\u015b\u0107 pod g\u00f3r\u0119<\/td>\n<td>\/<\/td>\n<\/tr>\n<tr>\n<td>Najwy\u017cszy podno\u015bnik<\/td>\n<td>2600 metr\u00f3w (8530 st\u00f3p)<\/td>\n<\/tr>\n<tr>\n<td>Gondole\/Kolejki linowe<\/td>\n<td>1<\/td>\n<\/tr>\n<tr>\n<td>Wyci\u0105gi krzese\u0142kowe<\/td>\n<td>3<\/td>\n<\/tr>\n<tr>\n<td>Wyci\u0105gi orczykowe<\/td>\n<td>8<\/td>\n<\/tr>\n<tr>\n<td>Parki \u015bnie\u017cne<\/td>\n<td>Dost\u0119pny<\/td>\n<\/tr>\n<tr>\n<td>Wypo\u017cyczalnie nart<\/td>\n<td>Dost\u0119pny<\/td>\n<\/tr>\n<tr>\n<td>Po nartach<\/td>\n<td>Dost\u0119pne (ocenione jako najwa\u017cniejsza funkcja)<\/td>\n<\/tr>\n<\/tbody>\n<\/table>\n<article>\n<\/article>","protected":false},"excerpt":{"rendered":"<p>Andermatt, po\u0142o\u017cone w Alpach Szwajcarskich, jest \u015bwiadectwem nieprzemijaj\u0105cej atrakcyjno\u015bci g\u00f3rskich wiosek w Szwajcarii. Po\u0142o\u017cone w kantonie Uri, to urocze miasteczko ma populacj\u0119 prawie 1500 os\u00f3b i pe\u0142ni funkcj\u0119 wa\u017cnego skrzy\u017cowania w z\u0142o\u017conej strukturze szwajcarskiej geografii. Wznosz\u0105c si\u0119 na wysoko\u015b\u0107 1437 metr\u00f3w (4715 st\u00f3p) nad poziomem morza, Andermatt jest epicentrum masywu Saint-Gotthard, formacji geologicznej, kt\u00f3ra ukszta\u0142towa\u0142a nie tylko fizyczny teren, ale tak\u017ce historyczn\u0105 i kulturow\u0105 warto\u015b\u0107 tego obszaru.<\/p>","protected":false},"author":1,"featured_media":2748,"parent":12907,"menu_order":0,"comment_status":"closed","ping_status":"closed","template":"elementor_theme","meta":{"_eb_attr":"","footnotes":""},"class_list":["post-13072","page","type-page","status-publish","has-post-thumbnail"],"_links":{"self":[{"href":"https:\/\/travelshelper.com\/pl\/wp-json\/wp\/v2\/pages\/13072","targetHints":{"allow":["GET"]}}],"collection":[{"href":"https:\/\/travelshelper.com\/pl\/wp-json\/wp\/v2\/pages"}],"about":[{"href":"https:\/\/travelshelper.com\/pl\/wp-json\/wp\/v2\/types\/page"}],"author":[{"embeddable":true,"href":"https:\/\/travelshelper.com\/pl\/wp-json\/wp\/v2\/users\/1"}],"replies":[{"embeddable":true,"href":"https:\/\/travelshelper.com\/pl\/wp-json\/wp\/v2\/comments?post=13072"}],"version-history":[{"count":0,"href":"https:\/\/travelshelper.com\/pl\/wp-json\/wp\/v2\/pages\/13072\/revisions"}],"up":[{"embeddable":true,"href":"https:\/\/travelshelper.com\/pl\/wp-json\/wp\/v2\/pages\/12907"}],"wp:featuredmedia":[{"embeddable":true,"href":"https:\/\/travelshelper.com\/pl\/wp-json\/wp\/v2\/media\/2748"}],"wp:attachment":[{"href":"https:\/\/travelshelper.com\/pl\/wp-json\/wp\/v2\/media?parent=13072"}],"curies":[{"name":"wp","href":"https:\/\/api.w.org\/{rel}","templated":true}]}}