{"id":12913,"date":"2024-09-17T00:30:14","date_gmt":"2024-09-17T00:30:14","guid":{"rendered":"https:\/\/travelshelper.com\/staging\/?page_id=12913"},"modified":"2026-03-13T00:07:31","modified_gmt":"2026-03-13T00:07:31","slug":"lucerna","status":"publish","type":"page","link":"https:\/\/travelshelper.com\/pl\/destinations\/europe\/switzerland\/lucerne\/","title":{"rendered":"Lucerna"},"content":{"rendered":"<p>Lucerna, po\u0142o\u017cona w miejscu, gdzie rzeka Reuss wyp\u0142ywa z zachodniego kra\u0144ca Jeziora Czterech Kanton\u00f3w, pe\u0142ni funkcj\u0119 administracyjnego serca kantonu o tej samej nazwie i jest najludniejszym o\u015brodkiem miejskim w \u015brodkowej Szwajcarii. Zajmuj\u0105c obszar 29,1 km\u00b2 i licz\u0105c oko\u0142o 82 771 mieszka\u0144c\u00f3w w granicach gminy (z szersz\u0105 aglomeracj\u0105 miejsk\u0105 rozci\u0105gaj\u0105c\u0105 si\u0119 na 19 gmin, obejmuj\u0105c\u0105 oko\u0142o 220 000 dusz), miasto zajmuje oba brzegi rzeki bezpo\u015brednio poni\u017cej uj\u015bcia jeziora. Otoczona pokrytymi \u015bniegiem szczytami Pilatus na po\u0142udniowym zachodzie i Rigi na po\u0142udniowym wschodzie, Lucerna zajmuje strategiczne po\u0142o\u017cenie w niemieckoj\u0119zycznej cz\u0119\u015bci Szwajcarii, co przez wieki sprzyja\u0142o jej pojawieniu si\u0119 jako centrum przedsi\u0119wzi\u0119\u0107 gospodarczych, patronatu kulturalnego i wymiany transportowej.<\/p>\n<p>Od najwcze\u015bniejszych dni topografia Lucerny dyktowa\u0142a jej ewolucj\u0119. G\u0142\u00f3wne miasto rozci\u0105ga si\u0119 nad najw\u0119\u017cszym odcinkiem Jeziora Czterech Kanton\u00f3w, a spokojne wody wdzieraj\u0105 si\u0119 w kr\u0119ty bieg rzeki Reuss, kt\u00f3ra rze\u017abi \u015bcie\u017ck\u0119 przez zalesione wzg\u00f3rza na p\u00f3\u0142nocny wsch\u00f3d i po\u0142udniowy zach\u00f3d. Za ci\u0105g\u0142ym rozrostem miejskim le\u017cy eksklawa kantonu na p\u00f3\u0142nocnych zboczach przyl\u0105dka B\u00fcrgenstock, oko\u0142o o\u015bmiu kilometr\u00f3w dalej, dost\u0119pna tylko \u0142odzi\u0105 lub okr\u0119\u017cnymi drogami g\u00f3rskimi. Chocia\u017c pozbawiony znacz\u0105cej osady, ten le\u015bny dodatek \u015bwiadczy o zr\u00f3\u017cnicowanej fizjografii gminy, osi\u0105gaj\u0105c sw\u00f3j szczyt na skalistym szczycie B\u00fcrgenstock. W obr\u0119bie ci\u0105g\u0142ego rdzenia gospodarstwa rolne nadal zajmuj\u0105 28,0 procent ziemi, podczas gdy lasy pokrywaj\u0105 22,3 procent; \u015brodowisko zabudowane zajmuje 47,6 procent, a rzeki lub strome zbocza wype\u0142niaj\u0105 pozosta\u0142e 2,1 procent terytorium.<\/p>\n<p>Klimat, klasyfikowany jako Cfb wed\u0142ug schematu K\u00f6ppena, charakteryzuje si\u0119 \u0142agodnymi odchyleniami termicznymi i obfitymi opadami rozproszonymi w ci\u0105gu ca\u0142ego roku. W latach 1961\u20131990 Lucerna odnotowa\u0142a \u015brednio 138,1 dni deszczu rocznie, a skumulowane opady osi\u0105gn\u0119\u0142y 1 171 mm. Czerwiec okaza\u0142 si\u0119 najbardziej hojny, dostarczaj\u0105c 153 mm w ci\u0105gu 14,2 dni, podczas gdy luty, z 61 mm w ci\u0105gu 10,2 dni, by\u0142 najsuchszym miesi\u0105cem. Taka regularno\u015b\u0107 klimatyczna historycznie wspiera\u0142a produktywno\u015b\u0107 rolnicz\u0105 regionu i od\u017cywia\u0142a lasy, kt\u00f3re otulaj\u0105 zbocza wzg\u00f3rz, tworz\u0105c zielone t\u0142o dla lustrzanego nabrze\u017ca miasta i zalesionych zboczy.<\/p>\n<p>Pod wzgl\u0119dem demograficznym Lucerna odnotowa\u0142a sta\u0142y wzrost, jej populacja ros\u0142a w tempie oko\u0142o 1,2 procent rocznie w ci\u0105gu ostatniej dekady. Na dzie\u0144 31 grudnia 2021 r. obcokrajowcy stanowili 24,78 procent mieszka\u0144c\u00f3w, g\u0142\u00f3wnie pochodzenia europejskiego (18,22 procent), a nast\u0119pnie azjatyckiego (3,63 procent), afryka\u0144skiego (1,85 procent) i ameryka\u0144skiego (0,97 procent). Niemiecki nadal dominuje, jako pierwszy j\u0119zyk m\u00f3wi 83,26 procent mieszka\u0144c\u00f3w, podczas gdy angielski (7,45 procent), w\u0142oski (5,06 procent) i serbsko-chorwacki (3,80 procent) zajmuj\u0105 kolejne poziomy; portugalski, hiszpa\u0144ski, alba\u0144ski i francuski r\u00f3wnie\u017c przyczyniaj\u0105 si\u0119 do poliglotycznej mozaiki miasta. Podzia\u0142 wiekowy przechyla si\u0119 w stron\u0119 doros\u0142ych w wieku produkcyjnym: 15,7 procent ma mniej ni\u017c dwadzie\u015bcia lat, 33,8 procent mie\u015bci si\u0119 w przedziale od dwudziestu do trzydziestu dziewi\u0119ciu lat, a 32,1 procent mie\u015bci si\u0119 w przedziale od czterdziestu do sze\u015b\u0107dziesi\u0119ciu czterech lat; seniorzy stanowi\u0105 19,4 proc. populacji, z czego 5,2 proc. to osoby osiemdziesi\u0119cioletnie, a 1,1 proc. dziewi\u0119\u0107dziesi\u0119cioletnie.<\/p>\n<p>Wzory sk\u0142adu gospodarstw domowych i forma zabudowy odzwierciedlaj\u0105 miejsk\u0105 dojrza\u0142o\u015b\u0107 Lucerny. Z oko\u0142o 30 586 gospodarstw domowych zarejestrowanych w 2000 r., domy jednoosobowe stanowi\u0142y 50,5 procent, podczas gdy du\u017ce gospodarstwa domowe (pi\u0119cioosobowe lub wi\u0119ksze) stanowi\u0142y zaledwie 2,8 procent. \u0141\u0105czna liczba zamieszkanych struktur wynios\u0142a 5 707, obejmuj\u0105c 1 152 domy jednorodzinne, 348 bli\u017aniak\u00f3w i 2 550 dom\u00f3w wielorodzinnych. Przewa\u017ca\u0142y budynki dwu- lub trzypi\u0119trowe, chocia\u017c bloki wysokie (cztery lub wi\u0119ksze pi\u0119tra) liczy\u0142y 1 721, a budynki jednopi\u0119trowe 74. Taka r\u00f3\u017cnorodno\u015b\u0107 form \u015bwiadczy zar\u00f3wno o \u015bredniowiecznym rdzeniu miasta, jak i jego ekspansji w okresie industrializacji i wsp\u00f3\u0142czesnego wzrostu.<\/p>\n<p>Edukacja osi\u0105ga znacz\u0105ce wy\u017cyny, 73,6 procent mieszka\u0144c\u00f3w Lucerny w wieku od dwudziestu pi\u0119ciu do sze\u015b\u0107dziesi\u0119ciu czterech lat posiada nieobowi\u0105zkowe kwalifikacje \u015brednie lub wy\u017csze. Ekonomicznie dominuje sektor trzeci, zapewniaj\u0105c 70 149 miejsc pracy w 6929 przedsi\u0119biorstwach w 2012 r. Sektor wt\u00f3rny zatrudnia 7326 os\u00f3b w 666 firmach, podczas gdy stanowiska w sektorze podstawowym \u2014 g\u0142\u00f3wnie w rolnictwie i le\u015bnictwie \u2014 licz\u0105 zaledwie 166 w 53 firmach. Udzia\u0142 w zatrudnieniu wynosi 51,7 procent populacji miejskiej, r\u00f3wnowa\u017cone przez niemal parytet p\u0142ci na poziomie 47,9 procent reprezentacji kobiet. Pomoc spo\u0142eczna osi\u0105gn\u0119\u0142a 11,0 procent w 2013 r., odzwierciedlaj\u0105c zar\u00f3wno struktury wsparcia socjalnego, jak i miejskie koszty utrzymania.<\/p>\n<p>Krajobraz handlowy Lucerny jest domem dla zar\u00f3wno szanowanych szwajcarskich firm, jak i przedsi\u0119biorstw mi\u0119dzynarodowych. Kolej Gotthard (AlpTransit), producent wind Schindler, zegarmistrz Chronoswiss, gigant mleczarski Emmi i Luzerner Kantonalbank utrzymuj\u0105 swoje siedziby w granicach miasta. Suva, wiod\u0105cy ubezpieczyciel od wypadk\u00f3w w kraju, i EF Education First dodatkowo rozszerzaj\u0105 list\u0119 korporacyjn\u0105. Polityka fiskalna kantonu, wyr\u00f3\u017cniaj\u0105ca si\u0119 kolejnymi obni\u017ckami podatk\u00f3w, nadaje Lucernie miano najbardziej przyjaznego biznesowi kantonu w Szwajcarii, z najni\u017csz\u0105 stawk\u0105 podatku od os\u00f3b prawnych odnotowan\u0105 w 2012 r. i jedynie marginaln\u0105 r\u00f3\u017cnic\u0105 2 procent od lidera krajowego wska\u017anika podatkowego.<\/p>\n<p>Wywodz\u0105c swoje korzenie przemys\u0142owe z XIV wieku, Lucerna kultywowa\u0142a wczesny handel eksportowy produkcj\u0105 kos. Korzystaj\u0105c z importu \u017celaza i stali, lokalni kowale wykuwali narz\u0119dzia, kt\u00f3re znajdowa\u0142y rynki zbytu w zachodniej Szwajcarii i p\u00f3\u0142nocnych W\u0142oszech. Warsztaty zlokalizowane wzd\u0142u\u017c strumienia Krienbach wykorzystywa\u0142y m\u0142oty nap\u0119dzane wod\u0105, a ich peryferyjne po\u0142o\u017cenie \u0142agodzi\u0142o ryzyko po\u017caru. Ten rzemie\u015blniczy przemys\u0142 zapowiada\u0142 szersz\u0105 baz\u0119 produkcyjn\u0105 miasta, kt\u00f3ra p\u00f3\u017aniej mia\u0142a si\u0119 zdywersyfikowa\u0107 w kierunku precyzyjnej in\u017cynierii i niszowego rzemios\u0142a.<\/p>\n<p>Dziedzictwo kulturowe Lucerny przejawia si\u0119 w jej zabytkach architektonicznych. Most Kapellbr\u00fccke, pierwotnie wzniesiony w 1333 r., jest najstarszym krytym drewnianym mostem w Europie, a jego 204-metrowa rozpi\u0119to\u015b\u0107 przerywa o\u015bmiok\u0105tna trzynastowieczna wie\u017ca ci\u015bnie\u0144. Cho\u0107 w sierpniu 1993 r. zosta\u0142 spustoszony przez po\u017car \u2014 podobno spowodowany niedopa\u0142kiem papierosa \u2014 jego zrekonstruowane belki ponownie strzeg\u0105 rzeki Reuss pod baldachimem, na kt\u00f3rym widniej\u0105 XVII-wieczne malowid\u0142a opowiadaj\u0105ce o bogatej przesz\u0142o\u015bci Lucerny. W d\u00f3\u0142 rzeki most Spreuerbr\u00fccke, pochodz\u0105cy z 1408 r., biegnie zygzakiem przez nurt, jego belki zdobi\u0105 cykle zarazy Ta\u0144ca \u015amierci Kaspara Meglingera, a jego kaplica o \u015bredniej rozpi\u0119to\u015bci jest \u015bwiadectwem post\u015bredniowiecznej pobo\u017cno\u015bci.<\/p>\n<p>Wzg\u00f3rze nad Starym Miastem zachowa\u0142o \u015blady \u015bredniowiecznych fortyfikacji, ich mury i osiem wie\u017c stra\u017cniczych, kt\u00f3re nadaj\u0105 blankowan\u0105 sylwetk\u0119 na tle Alp. Poni\u017cej, bli\u017aniacze iglice ko\u015bcio\u0142a \u015bw. Leodegara, wzniesionego w 1633 r., g\u00f3ruj\u0105 nad brzegiem jeziora, a ich p\u00f3\u017anorenesansowa fasada oprawia bli\u017aniacze wie\u017ce ig\u0142owe, kt\u00f3re przetrwa\u0142y z wcze\u015bniejszego ko\u015bcio\u0142a z VII wieku. Wn\u0119trze rozkoszuje si\u0119 barokowymi zdobieniami, pasuj\u0105cymi do bazyliki patrona, znanej potocznie jako Hofkirche lub, w szwajcarskim niemieckim, Hofchile.<\/p>\n<p>W zielonej dzielnicy L\u00f6wenplatz lew Bertela Thorvaldsena \u2014 wyrze\u017abiony w 1820 r. w \u017cywej skale \u2014 upami\u0119tnia m\u0119stwo Gwardii Szwajcarskiej, kt\u00f3ra poleg\u0142a w 1792 r. broni\u0105c Tuileries. Bolesny realizm pomnika i odosobnione otoczenie wywo\u0142uj\u0105 przejmuj\u0105c\u0105 refleksj\u0119 na temat lojalno\u015bci i po\u015bwi\u0119cenia. Niedaleko znajduje si\u0119 Szwajcarskie Muzeum Transportu, kt\u00f3re oferuje kompleksowy przegl\u0105d lokomocji, od zabytkowych lokomotyw i samochod\u00f3w po statki morskie i artefakty lotnicze, podkre\u015blaj\u0105c rol\u0119 Lucerny zar\u00f3wno jako w\u0119z\u0142a tranzytowego, jak i opiekuna dziedzictwa technologicznego.<\/p>\n<p>Tu\u017c obok znajduje si\u0119 Centrum Kultury i Kongres\u00f3w Jeana Nouvela, kt\u00f3rego akustyk\u0119 skalibrowa\u0142 Russell Johnson, co stanowi nowoczesny kontrapunkt dla \u015bredniowiecznej tkanki miasta. Jego sala koncertowa, powszechnie chwalona za czysto\u015b\u0107 d\u017awi\u0119ku, stanowi kotwic\u0119 dzielnicy Musegg, podczas gdy przyleg\u0142e Kunstmuseum Luzern organizuje wystawy sztuki pi\u0119knej, kt\u00f3re przyci\u0105gaj\u0105 zar\u00f3wno lokaln\u0105, jak i mi\u0119dzynarodow\u0105 publiczno\u015b\u0107. Na brzegu jeziora w Tribschen, Muzeum Richarda Wagnera zajmuje dawn\u0105 will\u0119 kompozytora, przypominaj\u0105c jego pobyt w latach 1866\u20131872 i przechowuj\u0105c r\u0119kopisy, instrumenty i przedmioty osobiste, kt\u00f3re obrazuj\u0105 jego tw\u00f3rcz\u0105 pomys\u0142owo\u015b\u0107.<\/p>\n<p>Ekosystem kulturalny Lucerny opiera si\u0119 na wynegocjowanej r\u00f3wnowadze mi\u0119dzy ugruntowanymi instytucjami a impulsami awangardy. Kulturkompromiss z ko\u0144ca lat 80. sprzyja\u0142y wsp\u00f3\u0142istnieniu KKL, Luzerner Theater, Kleintheater i Stadtkeller obok powstaj\u0105cych miejsc. Dawna fabryka rur Boa, odrodzona jako podziemny inkubator alternatywnych wyst\u0119p\u00f3w, ostatecznie uleg\u0142a wtargni\u0119ciu zabudowy mieszkaniowej, co sk\u0142oni\u0142o do plan\u00f3w nowej lokalizacji poza \u015br\u00f3dmie\u015bciem. S\u00fcdpol, otwarty w 2008 roku u st\u00f3p Pilatusa, organizuje interdyscyplinarne wydarzenia muzyczne, taneczne i teatralne, podczas gdy Luzerner Sinfonieorchester i 21st Century Symphony Orchestra przejmuj\u0105 scen\u0119 KKL, wzmacniaj\u0105c status Lucerny jako miasta d\u017awi\u0119ku.<\/p>\n<p>Infrastruktura transportowa stanowi podstaw\u0119 \u0142\u0105czno\u015bci Lucerny. W 1909 r. l\u0105dowanie Ferdinanda von Zeppelina zapowiada\u0142o rodz\u0105cy si\u0119 przemys\u0142 sterowc\u00f3w w Szwajcarii, kt\u00f3ry w 1910 r. wystawi\u0142 pierwsze w kraju komercyjne przedsi\u0119biorstwo transportu lotniczego i zbudowa\u0142 drugi w kraju hangar sterowc\u00f3w. Na l\u0105dzie Verkehrsbetriebe Luzern obs\u0142uguje trolejbusy i autokary, uzupe\u0142nione o PostAuto i Auto AG Rothenburg \u015bwiadcz\u0105ce us\u0142ugi dla gmin peryferyjnych. Cztery stacje kolejowe \u2014 Lucerna, Allmend\/Messe, Littau i Verkehrshaus \u2014 \u0142\u0105cz\u0105 miasto z Zurychem w czterdziestominutowych odst\u0119pach (czterdzie\u015bci poci\u0105g\u00f3w dziennie), a z lotniskiem w Zurychu w nieco ponad godzin\u0119, podczas gdy Gotthard Panorama Express \u0142\u0105czy statek i historyczny poci\u0105g mi\u0119dzy kwietniem a po\u0142ow\u0105 pa\u017adziernika.<\/p>\n<p>Po\u0142\u0105czenia wodne trwaj\u0105 w Bahnhofquai, sk\u0105d Lake Lucerne Navigation Company wysy\u0142a statki do zatoczek przypominaj\u0105cych fiordy i g\u00f3rskich przysi\u00f3\u0142k\u00f3w. Lokalna sie\u0107 taryfowa, passepartout, integruje trolejbusy, autobusy, kolej i statki w ramach jednolitego sojuszu biletowego obejmuj\u0105cego Lucern\u0119, Obwalden i Nidwalden. Koleje linowo-terenowe \u2014 zw\u0142aszcza G\u00fctschbahn do Ch\u00e2teau G\u00fctsch i Standseilbahn do Hotel Montana \u2014 pokonuj\u0105 zbocza o d\u0142ugo\u015bci oko\u0142o dziewi\u0119\u0107dziesi\u0119ciu metr\u00f3w, oferuj\u0105c panoramiczne widoki na aglomeracj\u0119 miejsk\u0105, l\u015bni\u0105ce jezioro i alpejsk\u0105 sylwetk\u0119 poza nim, co jest odpowiedni\u0105 kod\u0105 do narracji o mie\u015bcie, kt\u00f3re w swoim po\u0142\u0105czeniu wody, g\u00f3r, historii i innowacji pozostaje jednocze\u015bnie czujnym opiekunem swojej przesz\u0142o\u015bci i elastycznym protagonist\u0105 swojej przysz\u0142o\u015bci.<\/p>","protected":false},"excerpt":{"rendered":"<p>Lucerna, urokliwe miasto po\u0142o\u017cone w centrum Szwajcarii, jest symbolem szwajcarskiej kultury, historii i osza\u0142amiaj\u0105cych krajobraz\u00f3w. Licz\u0105ce 82 000 mieszka\u0144c\u00f3w, to ma\u0142e miasto jest najludniejsze w \u015brodkowej Szwajcarii. Jego po\u0142o\u017cenie to 47\u00b003\u2032N 8\u00b018\u2032E. Lucerna rozwija\u0142a si\u0119 i zmienia\u0142a przez lata w odpowiedzi na korzystne po\u0142o\u017cenie wzd\u0142u\u017c rzeki Reuss i na p\u00f3\u0142nocno-zachodnim kra\u0144cu Jeziora Czterech Kanton\u00f3w (Vierwaldst\u00e4ttersee). Stolica kantonu, kt\u00f3ry nosi t\u0119 nazw\u0119, Lucerna jest r\u00f3wnie\u017c wa\u017cnym w\u0119z\u0142em medialnym, kulturalnym, gospodarczym i transportowym. Cz\u0119\u015b\u0107 miejska Lucerny sk\u0142ada si\u0119 z dziewi\u0119tnastu miast i gmin licz\u0105cych \u0142\u0105cznie oko\u0142o 220 000 mieszka\u0144c\u00f3w.<\/p>","protected":false},"author":1,"featured_media":2757,"parent":12907,"menu_order":0,"comment_status":"closed","ping_status":"closed","template":"elementor_theme","meta":{"_eb_attr":"","footnotes":""},"class_list":["post-12913","page","type-page","status-publish","has-post-thumbnail"],"_links":{"self":[{"href":"https:\/\/travelshelper.com\/pl\/wp-json\/wp\/v2\/pages\/12913","targetHints":{"allow":["GET"]}}],"collection":[{"href":"https:\/\/travelshelper.com\/pl\/wp-json\/wp\/v2\/pages"}],"about":[{"href":"https:\/\/travelshelper.com\/pl\/wp-json\/wp\/v2\/types\/page"}],"author":[{"embeddable":true,"href":"https:\/\/travelshelper.com\/pl\/wp-json\/wp\/v2\/users\/1"}],"replies":[{"embeddable":true,"href":"https:\/\/travelshelper.com\/pl\/wp-json\/wp\/v2\/comments?post=12913"}],"version-history":[{"count":0,"href":"https:\/\/travelshelper.com\/pl\/wp-json\/wp\/v2\/pages\/12913\/revisions"}],"up":[{"embeddable":true,"href":"https:\/\/travelshelper.com\/pl\/wp-json\/wp\/v2\/pages\/12907"}],"wp:featuredmedia":[{"embeddable":true,"href":"https:\/\/travelshelper.com\/pl\/wp-json\/wp\/v2\/media\/2757"}],"wp:attachment":[{"href":"https:\/\/travelshelper.com\/pl\/wp-json\/wp\/v2\/media?parent=12913"}],"curies":[{"name":"wp","href":"https:\/\/api.w.org\/{rel}","templated":true}]}}