{"id":12907,"date":"2024-09-17T00:26:15","date_gmt":"2024-09-17T00:26:15","guid":{"rendered":"https:\/\/travelshelper.com\/staging\/?page_id=12907"},"modified":"2026-03-12T23:47:53","modified_gmt":"2026-03-12T23:47:53","slug":"szwajcaria","status":"publish","type":"page","link":"https:\/\/travelshelper.com\/pl\/destinations\/europe\/switzerland\/","title":{"rendered":"Szwajcaria"},"content":{"rendered":"<p>Szwajcaria jest zwartym pa\u0144stwem o powierzchni 41 285 kilometr\u00f3w kwadratowych po\u0142o\u017conym w zachodnio-\u015brodkowej Europie, kt\u00f3rego granice przylegaj\u0105 do W\u0142och na po\u0142udniu, Francji na zachodzie, Niemiec na p\u00f3\u0142nocy oraz Austrii i Liechtensteinu na wschodzie. Konfederacja Szwajcarska, b\u0119d\u0105ca domem dla oko\u0142o dziewi\u0119ciu milion\u00f3w mieszka\u0144c\u00f3w, jednoczy r\u00f3\u017cne regiony j\u0119zykowe i kulturowe \u2014 niemiecki, francuski, w\u0142oski i retoroma\u0144ski \u2014 w ramach struktury federalnej sk\u0142adaj\u0105cej si\u0119 z 26 kanton\u00f3w, przy czym Berno jest siedzib\u0105 w\u0142adz federalnych. Geograficznie podzielony mi\u0119dzy Wy\u017cyn\u0119 Szwajcarsk\u0105, Alpy i Jur\u0119, nar\u00f3d koncentruje swoj\u0105 populacj\u0119 i g\u0142\u00f3wne o\u015brodki miejskie \u2014 Zurych, Genew\u0119 i Lozann\u0119 \u2014 na p\u0142askowy\u017cu, podczas gdy wysokie Alpy zajmuj\u0105 wi\u0119ksz\u0105 cz\u0119\u015b\u0107 terytorium.<\/p>\n<p>Od swoich pocz\u0105tk\u00f3w w p\u00f3\u017anym XIII wieku jako sojusz obronny i handlowy zawarty na mocy Karty Federalnej z 1291 roku, Szwajcaria ewoluowa\u0142a poprzez cykle zewn\u0119trznych wyzwa\u0144 i wewn\u0119trznych transformacji, aby wy\u0142oni\u0107 si\u0119 jako republika wyr\u00f3\u017cniaj\u0105ca si\u0119 zasadami federalizmu i demokracji bezpo\u015bredniej. Pok\u00f3j westfalski z 1648 roku uzna\u0142 niezale\u017cno\u015b\u0107 konfederacji od \u015awi\u0119tego Cesarstwa Rzymskiego, ustanawiaj\u0105c j\u0105 w\u015br\u00f3d niewielu trwa\u0142ych republik wczesnej nowo\u017cytnej Europy. Wstrz\u0105sy ko\u0144ca XVIII i pocz\u0105tku XIX wieku \u2014 naznaczone narzuceniem i p\u00f3\u017aniejszym rozwi\u0105zaniem Republiki Helweckiej pod auspicjami Napoleona \u2014 osi\u0105gn\u0119\u0142y punkt kulminacyjny w konstytucji z 1848 roku, kt\u00f3ra ustanowi\u0142a prawa jednostki, rozdzia\u0142 w\u0142adzy i dwuizbowe rz\u0105dy parlamentarne, k\u0142ad\u0105c tym samym podwaliny nowoczesnego pa\u0144stwa federalnego.<\/p>\n<p>Trwa\u0142a polityka neutralno\u015bci zbrojnej Szwajcarii, utrzymywana od XVI wieku i nieprzerwana przez konflikt mi\u0119dzynarodowy od 1815 r., wzmocni\u0142a jej rol\u0119 w dyplomacji globalnej. Chocia\u017c Konfederacja przyst\u0105pi\u0142a do Organizacji Narod\u00f3w Zjednoczonych dopiero w 2002 r., prowadzi aktywn\u0105 polityk\u0119 zagraniczn\u0105 poprzez udzia\u0142 w wysi\u0142kach na rzecz budowania pokoju i globalnego zarz\u0105dzania. Czerwony Krzy\u017c, za\u0142o\u017cony w Genewie w 1863 r., oraz obecno\u015b\u0107 g\u0142\u00f3wnych instytucji mi\u0119dzynarodowych \u2014 w\u015br\u00f3d nich \u015awiatowej Organizacji Handlu, \u015awiatowej Organizacji Zdrowia, Mi\u0119dzynarodowej Organizacji Pracy, FIFA, \u015awiatowego Forum Ekonomicznego i biur Organizacji Narod\u00f3w Zjednoczonych \u2014 \u015bwiadcz\u0105 o statusie Szwajcarii jako centrum wielostronnego zaanga\u017cowania. Jako cz\u0142onek za\u0142o\u017cyciel Europejskiego Stowarzyszenia Wolnego Handlu, Szwajcaria pozostaje poza Uni\u0105 Europejsk\u0105, Europejskim Obszarem Gospodarczym i stref\u0105 euro, ale uczestniczy w jednolitym rynku europejskim i strefie Schengen za po\u015brednictwem um\u00f3w dwustronnych.<\/p>\n<p>Pod wzgl\u0119dem ekonomicznym Konfederacja plasuje si\u0119 w\u015br\u00f3d najbardziej rozwini\u0119tych kraj\u00f3w \u015bwiata. Odnotowuje najwy\u017cszy nominalny maj\u0105tek na osob\u0119 doros\u0142\u0105 i zajmuje pozycj\u0119 w\u015br\u00f3d wiod\u0105cych gospodarek na mieszka\u0144ca wed\u0142ug produktu krajowego brutto. Indeksy konkurencyjno\u015bci, wska\u017aniki rz\u0105d\u00f3w demokratycznych i oceny wolno\u015bci prasy plasuj\u0105 Szwajcari\u0119 w czo\u0142\u00f3wce kraj\u00f3w. Zurych, Genewa i Bazylea stale znajduj\u0105 si\u0119 w rankingach jako\u015bci \u017cycia, pomimo r\u00f3wnoczesnego statusu tych o\u015brodk\u00f3w w\u015br\u00f3d miast \u015bwiata o podwy\u017cszonych kosztach utrzymania. Sektor bankowy kraju i wyspecjalizowane ga\u0142\u0119zie przemys\u0142u \u2014 w szczeg\u00f3lno\u015bci precyzyjne zegarmistrzostwo i produkcja czekolady \u2014 od dawna kszta\u0142tuj\u0105 jego mi\u0119dzynarodow\u0105 reputacj\u0119 i przyczyniaj\u0105 si\u0119 do jego pozycji jako trzynastego co do wielko\u015bci eksportera na \u015bwiecie i pi\u0105tego co do wielko\u015bci eksportera w przeliczeniu na mieszka\u0144ca.<\/p>\n<p>Topograficznie Szwajcaria rozci\u0105ga si\u0119 mi\u0119dzy szeroko\u015bciami geograficznymi 45\u00b0 i 48\u00b0 N oraz d\u0142ugo\u015bciami geograficznymi 5\u00b0 i 11\u00b0 E, obejmuj\u0105c trzy g\u0142\u00f3wne regiony. Na po\u0142udniu Alpy Szwajcarskie stanowi\u0105 prawie sze\u015b\u0107dziesi\u0105t procent terytorium kraju, wznosz\u0105c si\u0119 na wysoko\u015bci ponad cztery tysi\u0105ce metr\u00f3w na czterdziestu o\u015bmiu szczytach. Monte Rosa osi\u0105ga 4634 metry, podczas gdy Matterhorn \u2014 na wysoko\u015bci 4478 metr\u00f3w \u2014 jest rozpoznawalny jako symbol. Alpy Penni\u0144skie s\u0105 r\u00f3wnie\u017c \u017ar\u00f3d\u0142em g\u0142\u00f3wnych rzek \u2014 Renu, Innu, Ticino i Rodanu \u2014 kt\u00f3re rozchodz\u0105 si\u0119 w kierunku wszystkich stron \u015bwiata, podtrzymuj\u0105c europejsk\u0105 sie\u0107 hydrograficzn\u0105 i zasilaj\u0105c Jezioro Genewskie (Lac L\u00e9man), Jezioro Bode\u0144skie (Bodensee) i Jezioro Maggiore. Lodowce pokrywaj\u0105 oko\u0142o 1063 kilometr\u00f3w kwadratowych, a p\u00f3\u0142tora tysi\u0105ca jezior kraju stanowi sze\u015b\u0107 procent zasob\u00f3w s\u0142odkiej wody w Europie. Szeroko zakrojona regulacja rzek \u2014 ich kanalizowanie, stawianie tam i podziemny transport \u2014 ogranicza ryzyko powodzi, osuwisk i lawin, a wody gruntowe dostarczaj\u0105 osiemdziesi\u0105t procent wody pitnej.<\/p>\n<p>Na p\u00f3\u0142noc od wysokich Alp, Szwajcarski P\u0142askowy\u017c rozci\u0105ga si\u0119 na falistych pastwiskach, sadach i terenach le\u015bnych, a jego gleby s\u0105 uprawne i zapewniaj\u0105 wypas byd\u0142a. P\u0142askowy\u017c mie\u015bci g\u0142\u00f3wne aglomeracje miejskie i wi\u0119kszo\u015b\u0107 z dziewi\u0119ciomilionowej populacji. Na p\u00f3\u0142nocnym zachodzie g\u00f3ry Jura stanowi\u0105 ni\u017cszy, cz\u0119\u015bciowo zalesiony \u0142a\u0144cuch. W tych regionach znajduj\u0105 si\u0119 dwie enklawy \u2014 B\u00fcsingen, administrowane przez Niemcy, i Campione d&#039;Italia, administrowane przez W\u0142ochy \u2014 ka\u017cda w ca\u0142o\u015bci otoczona terytorium Szwajcarii.<\/p>\n<p>Klimatycznie, umiarkowany re\u017cim Konfederacji zmienia si\u0119 gwa\u0142townie wraz z wysoko\u015bci\u0105. Alpejskie wysoko\u015bci znosz\u0105 warunki lodowcowe przez ca\u0142y rok, podczas gdy ni\u017csze po\u0142udniowe doliny do\u015bwiadczaj\u0105 ciep\u0142a zbli\u017conego do \u015br\u00f3dziemnomorskiego, co umo\u017cliwia wzrost odpornych na zimno palm w odosobnionych zag\u0142\u0119bieniach. Letnie miesi\u0105ce przynosz\u0105 ciep\u0142o i epizodyczne opady korzystne dla pastwisk, podczas gdy stabilne zimowe warunki antycykloniczne w g\u00f3rach mog\u0105 uwi\u0119zi\u0107 zimniejsze powietrze poni\u017cej, tworz\u0105c warstwy inwersyjne, kt\u00f3re przes\u0142aniaj\u0105 s\u0142o\u0144ce w dolinach. Zjawisko fen \u2014 niezwykle ciep\u0142y, suchy wiatr schodz\u0105cy z p\u00f3\u0142nocnych stok\u00f3w podczas opad\u00f3w deszczu skierowanych na po\u0142udnie \u2014 mo\u017ce wyst\u0119powa\u0107 przez ca\u0142y rok, a jego skutki s\u0105 najbardziej widoczne w dolinach po\u0142o\u017conych wzd\u0142u\u017c korytarzy po\u0142udnie-p\u00f3\u0142noc. Wewn\u0119trzne baseny alpejskie, takie jak te w Gryzonii i Valais, znosz\u0105 ni\u017csze opady, warunki, kt\u00f3re wspiera\u0142y upraw\u0119 winoro\u015bli od czas\u00f3w rzymskich i nadal daj\u0105 wina \u2014 g\u0142\u00f3wnie Chasselas w winnicach nazwanych przez Fendanta i Pinot Noir, z Merlot dominuj\u0105cym we w\u0142oskoj\u0119zycznym kantonie Ticino. Najbardziej wilgotne miejsca znajduj\u0105 si\u0119 w wysokich Alpach i Ticino, gdzie sporadyczne, intensywne burze przerywaj\u0105 d\u0142ugie okresy s\u0142oneczne.<\/p>\n<p>Struktura polityczna opiera si\u0119 na federacji 26 kanton\u00f3w, z kt\u00f3rych ka\u017cdy ma w\u0142asn\u0105 konstytucj\u0119, parlament, rz\u0105d, s\u0105downictwo i policj\u0119. Populacja kanton\u00f3w waha si\u0119 od nieco ponad szesnastu tysi\u0119cy w Appenzell Innerrhoden do prawie 1,5 miliona w Zurychu, podczas gdy ich zasi\u0119g terytorialny waha si\u0119 od czternastu mil kwadratowych w Bazylei-Mia\u015bcie do 7 105 kilometr\u00f3w kwadratowych w Gryzonii. Zgodnie z Konstytucj\u0105 Federaln\u0105 ka\u017cdy kanton ma parytet w statusie, z wyj\u0105tkiem sze\u015bciu \u201ep\u00f3\u0142-kanton\u00f3w\u201d, kt\u00f3rych reprezentacja w Radzie Pa\u0144stw jest zmniejszona o po\u0142ow\u0119.<\/p>\n<p>Infrastruktura transportowa odzwierciedla zaanga\u017cowanie Konfederacji w \u0142\u0105czno\u015b\u0107 i zr\u00f3wnowa\u017cony rozw\u00f3j. Jej sie\u0107 kolejowa \u2014 o d\u0142ugo\u015bci pi\u0119ciu tysi\u0119cy dwustu pi\u0119\u0107dziesi\u0119ciu kilometr\u00f3w i praktycznie w pe\u0142ni zelektryfikowana \u2014 przewozi rocznie ponad sze\u015b\u0107set milion\u00f3w pasa\u017cer\u00f3w. W 2015 r. mieszka\u0144cy Szwajcarii pokonywali \u015brednio 2550 kilometr\u00f3w rocznie kolej\u0105, co stanowi europejski rekord. Nale\u017c\u0105ce do pa\u0144stwa Szwajcarskie Koleje Federalne obs\u0142uguj\u0105 sze\u015b\u0107dziesi\u0105t procent sieci o standardowym rozstawie szyn, podczas gdy firmy takie jak BLS AG, Rhaetian Railway i Matterhorn Gotthard Bahn obs\u0142uguj\u0105 dodatkowe trasy, w tym linie uznane przez UNESCO i Glacier Express. Centralny dla alpejskiego transportu, tunel Gotthard Base Tunnel rozci\u0105ga si\u0119 na d\u0142ugo\u015bci 57,1 kilometra pod Alpami, staj\u0105c si\u0119 najd\u0142u\u017cszym i najg\u0142\u0119bszym tunelem kolejowym na \u015bwiecie i stanowi\u0105c rdze\u0144 Nowego Po\u0142\u0105czenia Kolejowego przez Alpy. Autostrady, bezp\u0142atne, ale obj\u0119te wymogiem corocznej winiety, rozci\u0105gaj\u0105 si\u0119 na 1638 kilometr\u00f3w, plasuj\u0105c si\u0119 w\u015br\u00f3d najg\u0119stszych system\u00f3w autostrad na \u015bwiecie.<\/p>\n<p>Podr\u00f3\u017ce lotnicze obs\u0142uguje g\u0142\u00f3wnie lotnisko w Zurychu, kt\u00f3re obs\u0142u\u017cy\u0142o dwadzie\u015bcia dwa i p\u00f3\u0142 miliona pasa\u017cer\u00f3w w 2012 r., a nast\u0119pnie lotniska w Genewie, EuroAirport Basel Mulhouse Freiburg, Bernie, Lugano, St. Gallen-Altenrhein i Sion. Swiss International Air Lines \u2014 z siedzib\u0105 w Bazylei, z w\u0119z\u0142em w Zurychu \u2014 pe\u0142ni funkcj\u0119 przewo\u017anika narodowego.<\/p>\n<p>Demograficznie populacja Szwajcarii wzros\u0142a czterokrotnie mi\u0119dzy 1800 a 1990 rokiem, nap\u0119dzana przez industrializacj\u0119 i imigracj\u0119. Obecne prognozy przewiduj\u0105 dalszy wzrost do 2035 roku, nap\u0119dzany g\u0142\u00f3wnie przez nap\u0142yw mieszka\u0144c\u00f3w. Wsp\u00f3\u0142czynnik dzietno\u015bci oscyluje w pobli\u017cu zast\u0119powalno\u015bci, a mediana wieku czterdziestu czterech i p\u00f3\u0142 roku oznacza jedn\u0105 z najstarszych populacji narodowych na \u015bwiecie. Etnicznie obywatele Szwajcarii stanowi\u0105 oko\u0142o sze\u015b\u0107dziesi\u0119ciu dziewi\u0119ciu procent mieszka\u0144c\u00f3w, a Niemcy, W\u0142osi, Portugalczycy, Francuzi, Kosowianie, Turcy i inne spo\u0142eczno\u015bci stanowi\u0105 reszt\u0119, obok mniejszo\u015bci romskiej szacowanej na trzydzie\u015bci tysi\u0119cy. Obywatele zagraniczni stanowi\u0105 jedn\u0105 czwart\u0105 prawie dziewi\u0119ciomilionowej populacji, reprezentuj\u0105c niezwyk\u0142\u0105 szeroko\u015b\u0107 globalnego pochodzenia.<\/p>\n<p>\u017bycie kulturalne wy\u0142ania si\u0119 z przeplatania si\u0119 region\u00f3w j\u0119zykowych i wsp\u00f3lnego dziedzictwa alpejskiego. Cztery j\u0119zyki narodowe kszta\u0142tuj\u0105 lokalne zwyczaje i ekspresj\u0119 artystyczn\u0105, podczas gdy enklawy Gryzonii, w kt\u00f3rych m\u00f3wi si\u0119 po retoroma\u0144sku, zachowuj\u0105 wyj\u0105tkowe tradycje j\u0119zykowe w dolinach g\u00f3rnego Renu i Inu. Tw\u00f3rcze postacie \u2014 od pisarzy po kompozytor\u00f3w \u2014 pojawi\u0142y si\u0119 w Szwajcarii i zosta\u0142y tam przyci\u0105gni\u0119te, zw\u0142aszcza w okresach konflikt\u00f3w kontynentalnych. Oko\u0142o tysi\u0105ca muze\u00f3w odzwierciedla oddanie sztuce, historii i nauce, podczas gdy coroczne wydarzenia \u2014 Festiwal Pal\u00e9o, Festiwal Lucerny, Festiwal Jazzowy w Montreux, Mi\u0119dzynarodowy Festiwal Filmowy w Locarno i Art Basel \u2014 przyci\u0105gaj\u0105 mi\u0119dzynarodow\u0105 publiczno\u015b\u0107. Konfederacja by\u0142a gospodarzem Konkursu Piosenki Eurowizji trzykrotnie: jego inauguracyjna edycja w 1956 r. w Lugano, inscenizacja w 1989 r. w Lozannie i konkurs w 2025 r. w Bazylei; w\u015br\u00f3d szwajcarskich zwyci\u0119zc\u00f3w znale\u017ali si\u0119 Lys Assia w 1956 r., C\u00e9line Dion w 1988 r. i Nemo w 2024 r.<\/p>\n<p>Symbolika alpejska stanowi podstaw\u0119 szwajcarskiej to\u017csamo\u015bci, przywo\u0142ywanej w muzyce, ta\u0144cu, rze\u017abie w drewnie, poezji i hafcie. Instytucje sztuki ludowej piel\u0119gnuj\u0105 tradycje, kt\u00f3re obejmuj\u0105 wyst\u0119py na alphornach \u2014 ich dono\u015bne drewniane tuby przywodz\u0105 na my\u015bl g\u00f3rskie doliny \u2014 po jod\u0142owanie i muzyk\u0119 akordeonow\u0105. \u017bycie pasterskie pozostaje wszechobecne w spo\u0142eczno\u015bciach g\u00f3rskich, gdzie skromne gospodarstwa i wypas byd\u0142a reprezentuj\u0105 ci\u0105g\u0142o\u015b\u0107 z wielowiekowymi praktykami.<\/p>\n<p>Kuchnia odzwierciedla regionalne klimaty i kulturowe pokrewie\u0144stwa. Uniwersalne dania \u2014 fondue, raclette i r\u00f6sti \u2014 s\u0105siaduj\u0105 z lokalnymi specja\u0142ami, takimi jak Z\u00fcrcher Geschnetzeltes, z kt\u00f3rych ka\u017cdy jest przygotowywany z regionalnych produkt\u00f3w mlecznych i znanych ser\u00f3w, takich jak Gruy\u00e8re i Emmental. Zachodnia Szwajcaria jest gospodarzem skupiska lokali gastronomicznych, podczas gdy produkcja czekolady \u2014 si\u0119gaj\u0105ca XVIII wieku \u2014 osi\u0105gn\u0119\u0142a techniczne udoskonalenie pod koniec XIX wieku dzi\u0119ki wynalazcom, takim jak Daniel Peter, kt\u00f3rego formu\u0142a sta\u0142ej mlecznej czekolady z 1875 r. sprawi\u0142a, \u017ce \u200b\u200bSzwajcaria sta\u0142a si\u0119 \u015bwiatowym liderem w spo\u017cyciu czekolady na osob\u0119.<\/p>\n<p>Tradycje winiarskie si\u0119gaj\u0105 staro\u017cytnych rzymskich precedens\u00f3w, ale kwitn\u0105 we wsp\u00f3\u0142czesnych winnicach Valais, Vaud, Genewy i Ticino. Chasselas i Pinot Noir dominuj\u0105 w\u015br\u00f3d bia\u0142ych i czerwonych odmian, odpowiednio, ich uprawa kszta\u0142towana jest przez zr\u00f3\u017cnicowane gleby i mikroklimaty.<\/p>\n<p>Rekreacja na \u015bwie\u017cym powietrzu \u0142\u0105czy si\u0119 z korytarzami transportowymi, czyni\u0105c sam\u0105 podr\u00f3\u017c integralnym elementem do\u015bwiadczenia. Narciarstwo zjazdowe cieszy si\u0119 \u015bwiatow\u0105 s\u0142aw\u0105, podczas gdy piesze w\u0119dr\u00f3wki i kolarstwo g\u00f3rskie przemierzaj\u0105 alpejskie szlaki, kt\u00f3re rozci\u0105gaj\u0105 si\u0119 od dost\u0119pnych dolin po gro\u017an\u0105 p\u00f3\u0142nocn\u0105 \u015bcian\u0119 Eigeru, kt\u00f3rej wej\u015bcia \u2014 pe\u0142ne historycznych po\u015bwi\u0119ce\u0144 \u2014 osi\u0105gn\u0119\u0142y niemal mityczny status. Koleje i drogi przecinaj\u0105ce g\u00f3rskie prze\u0142\u0119cze ods\u0142aniaj\u0105 panoramy szczyt\u00f3w, lodowc\u00f3w i jezior, zapewniaj\u0105c, \u017ce bogactwo topograficzne Szwajcarii jest postrzegane nie tylko jako przedmiot kontemplacji, ale tak\u017ce jako wektory ruchu.<\/p>\n<p>Dzi\u0119ki konwergencji rz\u0105d\u00f3w federalnych, r\u00f3\u017cnorodno\u015bci geograficznej, witalno\u015bci gospodarczej i pluralizmu kulturowego Szwajcaria zachowuje sp\u00f3jn\u0105 to\u017csamo\u015b\u0107 narodow\u0105 zakorzenion\u0105 we wsp\u00f3lnych warto\u015bciach demokracji bezpo\u015bredniej i symbolice alpejskiej. Jej ewolucja od konfederacji \u015bredniowiecznych kanton\u00f3w do nowoczesnego pa\u0144stwa jest przyk\u0142adem syntezy lokalnej autonomii i zbiorowej woli \u2014 modelu, kt\u00f3ry nadal kszta\u0142tuje kontury szwajcarskiego \u017cycia po\u015br\u00f3d wyzwa\u0144 zmieniaj\u0105cego si\u0119 \u015bwiata.<\/p>\n<p>Daj\u0105c \u015bwiadectwo stuleci innowacji politycznych, osi\u0105gni\u0119\u0107 in\u017cynieryjnych i przedsi\u0119wzi\u0119\u0107 artystycznych, Szwajcaria jawi si\u0119 nie tylko jako cel podr\u00f3\u017cy, ale tak\u017ce jako przyk\u0142ad tego, w jaki spos\u00f3b rozwa\u017cne zarz\u0105dzanie, poszanowanie r\u00f3\u017cnorodno\u015bci regionalnej i zdecydowane zachowanie neutralno\u015bci mog\u0105 prze\u0142o\u017cy\u0107 si\u0119 na dobrobyt i stabilno\u015b\u0107 spo\u0142ecze\u0144stwa, kt\u00f3rego naturalna wielko\u015b\u0107 i osi\u0105gni\u0119cia spo\u0142eczne pozostaj\u0105 nierozerwalnie ze sob\u0105 powi\u0105zane.<\/p>","protected":false},"excerpt":{"rendered":"<p>Szwajcaria, kraj \u015br\u00f3dl\u0105dowy po\u0142o\u017cony w centrum Europy Zachodniej, licz\u0105cy oko\u0142o 8,7 miliona mieszka\u0144c\u00f3w w 2023 r. Strategicznie po\u0142o\u017cony na skrzy\u017cowaniu kilku znacz\u0105cych pa\u0144stw europejskich, ten ma\u0142y, ale pot\u0119\u017cny kraj graniczy z Niemcami na p\u00f3\u0142nocy, Francj\u0105 na zachodzie, W\u0142ochami na po\u0142udniu, Austri\u0105 i Liechtensteinem na wschodzie. Chocia\u017c wi\u0119kszo\u015b\u0107 ludzi \u017cyje na Wy\u017cynie Szwajcarskiej, gdzie znajduj\u0105 si\u0119 najwi\u0119ksze miasta i pot\u0119gi gospodarcze, takie jak Zurych, Genewa i Bazylea, wspania\u0142e Alpy dominuj\u0105 nad szwajcarskim krajobrazem i stanowi\u0105 znaczn\u0105 cz\u0119\u015b\u0107 powierzchni kraju.<\/p>","protected":false},"author":1,"featured_media":3506,"parent":24078,"menu_order":0,"comment_status":"closed","ping_status":"closed","template":"elementor_theme","meta":{"_eb_attr":"","footnotes":""},"class_list":["post-12907","page","type-page","status-publish","has-post-thumbnail"],"_links":{"self":[{"href":"https:\/\/travelshelper.com\/pl\/wp-json\/wp\/v2\/pages\/12907","targetHints":{"allow":["GET"]}}],"collection":[{"href":"https:\/\/travelshelper.com\/pl\/wp-json\/wp\/v2\/pages"}],"about":[{"href":"https:\/\/travelshelper.com\/pl\/wp-json\/wp\/v2\/types\/page"}],"author":[{"embeddable":true,"href":"https:\/\/travelshelper.com\/pl\/wp-json\/wp\/v2\/users\/1"}],"replies":[{"embeddable":true,"href":"https:\/\/travelshelper.com\/pl\/wp-json\/wp\/v2\/comments?post=12907"}],"version-history":[{"count":0,"href":"https:\/\/travelshelper.com\/pl\/wp-json\/wp\/v2\/pages\/12907\/revisions"}],"up":[{"embeddable":true,"href":"https:\/\/travelshelper.com\/pl\/wp-json\/wp\/v2\/pages\/24078"}],"wp:featuredmedia":[{"embeddable":true,"href":"https:\/\/travelshelper.com\/pl\/wp-json\/wp\/v2\/media\/3506"}],"wp:attachment":[{"href":"https:\/\/travelshelper.com\/pl\/wp-json\/wp\/v2\/media?parent=12907"}],"curies":[{"name":"wp","href":"https:\/\/api.w.org\/{rel}","templated":true}]}}