{"id":12865,"date":"2024-09-17T00:02:43","date_gmt":"2024-09-17T00:02:43","guid":{"rendered":"https:\/\/travelshelper.com\/staging\/?page_id=12865"},"modified":"2026-03-12T23:49:44","modified_gmt":"2026-03-12T23:49:44","slug":"szwecja","status":"publish","type":"page","link":"https:\/\/travelshelper.com\/pl\/destinations\/europe\/sweden\/","title":{"rendered":"Szwecja"},"content":{"rendered":"<p>Szwecja, oficjalnie Kr\u00f3lestwo Szwecji, zajmuje wschodni\u0105 cz\u0119\u015b\u0107 P\u00f3\u0142wyspu Skandynawskiego w Europie P\u00f3\u0142nocnej, obejmuj\u0105c obszar 450 295 kilometr\u00f3w kwadratowych i utrzymuj\u0105c populacj\u0119 oko\u0142o 10,6 miliona, z czego 88 procent mieszka w o\u015brodkach miejskich, w du\u017cej mierze skupionych w \u015brodkowej i po\u0142udniowej po\u0142owie kraju. Granicz\u0105ca od zachodu i p\u00f3\u0142nocy z Norwegi\u0105, a od wschodu z Finlandi\u0105, Szwecja jest najwi\u0119kszym krajem nordyckim pod wzgl\u0119dem powierzchni i demografii oraz pi\u0105tym co do wielko\u015bci na kontynencie europejskim. Jej stolica, Sztokholm, rozci\u0105ga si\u0119 na konstelacji wysp u zbiegu jeziora Melar i Morza Ba\u0142tyckiego, s\u0142u\u017c\u0105c jako punkt zwrotny w \u017cyciu politycznym, gospodarczym i kulturalnym pa\u0144stwa, kt\u00f3re od czasu konsolidacji pod koniec X wieku utka\u0142o trwa\u0142\u0105 narracj\u0119 o morskiej pot\u0119dze, terytorialnej dominacji i post\u0119powej polityce spo\u0142ecznej.<\/p>\n<p>Najwcze\u015bniejsza obecno\u015b\u0107 cz\u0142owieka na terenie dzisiejszej Szwecji datuje si\u0119 na oko\u0142o 12 000 p.n.e., kiedy pionierzy my\u015bliwych i zbieraczy posuwali si\u0119 na p\u00f3\u0142noc w \u015blad za cofaj\u0105cymi si\u0119 pokrywami lodowymi. W ci\u0105gu kolejnych tysi\u0105cleci te rozproszone grupy po\u0142\u0105czy\u0142y si\u0119 w Geat\u00f3w i Svear\u00f3w \u2014 ludy, kt\u00f3rych zr\u0119czno\u015b\u0107 morska z czasem zapewni\u0142a im miejsce w\u015br\u00f3d norweskich \u017ceglarzy, kt\u00f3rzy mapowali p\u00f3\u0142nocny Atlantyk. Pod koniec X wieku zacz\u0119\u0142a wy\u0142ania\u0107 si\u0119 zjednoczona szwedzka polityka, kt\u00f3rej autorytet umocni\u0142 si\u0119 pod rz\u0105dami monarchii, kt\u00f3ra p\u00f3\u017aniej przep\u0142yn\u0119\u0142a przez kraj poprzez Uni\u0119 Kalmarsk\u0105 (1397\u20131523) obok Danii i Norwegii, a nast\u0119pnie przez zamieszanie wojny trzydziestoletniej. Ten konflikt zapocz\u0105tkowa\u0142 er\u0119 imperialnych ambicji; szwedzkie sztandary powiewa\u0142y nad wi\u0119ksz\u0105 cz\u0119\u015bci\u0105 wybrze\u017ca Ba\u0142tyku, gdy rodz\u0105ce si\u0119 imperium utwierdza\u0142o si\u0119 jako europejska pot\u0119ga a\u017c do pocz\u0105tku XVIII wieku. Chocia\u017c wschodnia prowincja Finlandii zosta\u0142a przekazana carskiej Rosji w 1809 r., a ostatnie przedsi\u0119wzi\u0119cie wojenne Szwecji \u2013 przymusowa unia z Norwegi\u0105 w 1814 r. \u2013 okaza\u0142o si\u0119 ulotne, nar\u00f3d od tego czasu przyj\u0105\u0142 kurs neutralno\u015bci i reform spo\u0142ecznych, kt\u00f3re sta\u0142y si\u0119 zapowiedzi\u0105 jego wsp\u00f3\u0142czesnej to\u017csamo\u015bci.<\/p>\n<p>W obecnej monarchii konstytucyjnej i demokracji parlamentarnej w\u0142adza ustawodawcza spoczywa w jednoizbowym Riksdagu, sk\u0142adaj\u0105cym si\u0119 z 349 cz\u0142onk\u00f3w wybieranych do reprezentowania jednolitego pa\u0144stwa podzielonego na 21 hrabstw i 290 gmin. Cech\u0105 charakterystyczn\u0105 szwedzkich rz\u0105d\u00f3w od XIX wieku jest rozszerzenie powszechnej opieki spo\u0142ecznej: opieka zdrowotna i edukacja wy\u017csza s\u0105 finansowane ze \u015brodk\u00f3w publicznych, co stanowi podstaw\u0119 spo\u0142ecze\u0144stwa zajmuj\u0105cego pi\u0105te miejsce na \u015bwiecie w Indeksie Rozwoju Spo\u0142ecznego i znanego z doskona\u0142o\u015bci w tak r\u00f3\u017cnych obszarach, jak r\u00f3wno\u015b\u0107 p\u0142ci, parytet dochod\u00f3w i swobody obywatelskie. Po przyst\u0105pieniu do Unii Europejskiej 1 stycznia 1995 r. i do NATO 7 marca 2024 r. Szwecja utrzymuje aktywne cz\u0142onkostwo w Organizacji Narod\u00f3w Zjednoczonych, Strefie Schengen, Radzie Europy, Radzie Nordyckiej, WTO i OECD, jednocze\u015bnie zachowuj\u0105c swoj\u0105 historyczn\u0105 ambiwalencj\u0119 wobec konflikt\u00f3w zbrojnych.<\/p>\n<p>Geograficznie Szwecja rozci\u0105ga si\u0119 od szeroko\u015bci geograficznej 55\u00b0 do 69\u00b0 N, a g\u0142\u00f3wnie od d\u0142ugo\u015bci geograficznej 11\u00b0 do 25\u00b0 E, tworz\u0105c krain\u0119 o niezwyk\u0142ej r\u00f3\u017cnorodno\u015bci topograficznej. Skandynawski \u0142a\u0144cuch g\u00f3rski wyznacza zachodni\u0105 granic\u0119 z Norwegi\u0105, daj\u0105c pocz\u0105tek rzekom o imponuj\u0105cej szeroko\u015bci \u2014 znanym lokalnie jako \u00e4lvar \u2014 kt\u00f3rych najd\u0142u\u017cszy bieg, system \u00e4lv Klar\u00e4lven\u2013G\u00f6ta, wyp\u0142ywa ze \u015brodkowej Norwegii i rozci\u0105ga si\u0119 na przestrzeni 1160 kilometr\u00f3w, zanim dotrze do morza w G\u00f6teborgu. Natomiast m\u0142yny w po\u0142udniowej po\u0142owie wykorzystuj\u0105 w\u0119\u017csze \u00e5ar do obs\u0142ugi g\u0119stej sieci osad miejskich i rolniczych. W g\u0142\u0119bi l\u0105du lasy pokrywaj\u0105 oko\u0142o 65 procent terenu, dostarczaj\u0105c zasob\u00f3w drewna, kt\u00f3re obok energii wodnej i rudy \u017celaza stanowi\u0105 podstaw\u0119 gospodarki zorientowanej na eksport, w kt\u00f3rej in\u017cynieria stanowi po\u0142ow\u0119 produkcji i sprzeda\u017cy zagranicznej. Jezioro Wener \u2013 trzecie co do wielko\u015bci jezioro w Europie \u2013 wraz z jeziorami Wetter, Melar i Hj\u00e4lmaren kszta\u0142tuje niziny G\u00f6taland i Svealand, podczas gdy na p\u00f3\u0142noc od ko\u0142a podbiegunowego fj\u00e4ll i p\u00f3\u0142nocna dzicz \u0142\u0105cz\u0105 si\u0119 w obszary, po kt\u00f3rych w\u0119druj\u0105 stada renifer\u00f3w, a zorza polarna ta\u0144czy na niebie o p\u00f3\u0142nocy.<\/p>\n<p>Klimatologicznie Szwecja przeczy uproszczonym oczekiwaniom p\u00f3\u0142nocnych szeroko\u015bci geograficznych, jej strefy umiarkowane s\u0105 moderowane przez Zatokowy Pr\u0105d i przewa\u017caj\u0105ce wiatry zachodnie; lata przynosz\u0105 dzienne maksima od 19 \u00b0C do 24 \u00b0C, zimy maj\u0105 \u015brednie od \u22129 \u00b0C do 3 \u00b0C, a dalekie po\u0142udnie mo\u017ce ca\u0142kowicie zrezygnowa\u0107 z ci\u0105g\u0142ej pokrywy \u015bnie\u017cnej. Liczba godzin dziennych waha si\u0119 dramatycznie: Sztokholm k\u0105pie si\u0119 w ponad 18 godzinach s\u0142o\u0144ca w \u015brodku lata, ale w grudniu wytrzymuje zaledwie sze\u015b\u0107 godzin dziennych. Roczne opady wahaj\u0105 si\u0119 od 500 do 800 milimetr\u00f3w w wi\u0119kszo\u015bci region\u00f3w, wzrastaj\u0105c do 1200 milimetr\u00f3w na po\u0142udniowym zachodzie i przekraczaj\u0105c 2000 milimetr\u00f3w w wybranych lokalizacjach g\u00f3rskich, podczas gdy d\u0142ugoterminowe trendy sugeruj\u0105, \u017ce zmniejszona pokrywa lodowa na Morzu Barentsa mo\u017ce zwi\u0119kszy\u0107 przysz\u0142e opady \u015bniegu w Skandynawii.<\/p>\n<p>Dziedzictwo kulturowe Szwecji jest r\u00f3wnie zr\u00f3\u017cnicowane. Jej architektoniczny rodow\u00f3d rozci\u0105ga si\u0119 od drewnianych budowli z wczesnego \u015bredniowiecza do kamiennych ko\u015bcio\u0142\u00f3w roma\u0144skich i gotyckich \u2014 czego przyk\u0142adem jest katedra w Lund (XI w.) i ceglana katedra w Skara (XIV w.) \u2014 a stamt\u0105d do barokowych zamk\u00f3w i rokokowych miejskich pejza\u017cy z XVII wieku, w tym bastionu morskiego w Karlskronie (wpisanego na list\u0119 \u015bwiatowego dziedzictwa UNESCO) i kr\u00f3lewskiego pa\u0142acu Drottningholm na Eker\u00f6. Funkcjonalistyczna \u201ewystawa sztokholmska\u201d z 1930 r. zapocz\u0105tkowa\u0142a fal\u0119 modernizmu znan\u0105 jako funkis, kt\u00f3ra w kolejnych dekadach zamanifestowa\u0142a si\u0119 w rozleg\u0142ych osiedlach mieszkaniowych Million Programme. Spo\u015br\u00f3d wsp\u00f3\u0142czesnych zabytk\u00f3w uwag\u0119 przyci\u0105ga Avicii Arena w Sztokholmie, najwi\u0119ksza na \u015bwiecie p\u00f3\u0142kulista konstrukcja, kt\u00f3rej kopu\u0142a ma 110 metr\u00f3w rozpi\u0119to\u015bci.<\/p>\n<p>Kuchnia szwedzka, historycznie surowa i ukszta\u0142towana przez ryby, mi\u0119so, ziemniaki i nabia\u0142, rozwin\u0119\u0142a si\u0119 w wyrafinowan\u0105 tradycj\u0119. Kultowe dania \u2014 klopsiki z sosem i konfitur\u0105 z bor\u00f3wki brusznicy, hasz pyttipanna i sezonowy surstr\u00f6mming ferment \u2014 stoj\u0105 obok towarzyskiego sm\u00f6rg\u00e5sbord i ceremonialnych toast\u00f3w nad snaps i aquavit. Chrupkie pieczywo dor\u00f3wnuje teraz swoim przodkom p\u0142askim formom r\u00f3\u017cnorodno\u015bci\u0105, a regionalne specja\u0142y, takie jak w\u0119gorz na po\u0142udniu i fermentowany \u015bled\u017a na p\u00f3\u0142nocy, \u015bwiadcz\u0105 o trwa\u0142ym zwi\u0105zku mi\u0119dzy geografi\u0105 a gastronomi\u0105.<\/p>\n<p>Infrastruktura transportowa kraju odzwierciedla jego podw\u00f3jne zaanga\u017cowanie w \u0142\u0105czno\u015b\u0107 i ochron\u0119 \u015brodowiska. Ponad 162 000 kilometr\u00f3w utwardzonych dr\u00f3g, 1428 kilometr\u00f3w dr\u00f3g ekspresowych i most \u00d6resund \u0142\u0105cz\u0105 Szwecj\u0119 zar\u00f3wno wewn\u0119trznie, jak i z Dani\u0105; linie kolejowe, cho\u0107 obs\u0142ugiwane prywatnie, pozostaj\u0105 w du\u017cej mierze w\u0142asno\u015bci\u0105 pa\u0144stwa pod Trafikverket, a metro sztokholmskie \u2014 jedyny system podziemny \u2014 obs\u0142uguje 100 stacji. G\u0142\u00f3wne lotniska w Arlanda, Landvetter i Skavsta u\u0142atwiaj\u0105 podr\u00f3\u017ce mi\u0119dzynarodowe, podczas gdy rozleg\u0142a sie\u0107 prom\u00f3w samochodowych i szlak\u00f3w \u017ceglugi morskiej \u0142\u0105czy Szwecj\u0119 z jej ba\u0142tyckimi s\u0105siadami i morsk\u0105 sfer\u0105 Morza P\u00f3\u0142nocnego. W samym archipelagu sztokholmskim go\u015bcie mog\u0105 korzysta\u0107 z prawa publicznego dost\u0119pu do w\u0119drowania po wyspach i drogach wodnych, biwakowania w wyznaczonych miejscach i nawi\u0105zywania intymnych spotka\u0144 z morskim \u015brodowiskiem, kt\u00f3re kszta\u0142tuje szwedzk\u0105 to\u017csamo\u015b\u0107 od stuleci.<\/p>\n<p>Administracyjnie i kulturowo Szwecja przetrwa\u0142a w trzech historycznych krainach: Norrland na p\u00f3\u0142nocy, Svealand w centrum i G\u00f6taland na po\u0142udniu, z kt\u00f3rych ka\u017cda sk\u0142ada si\u0119 z prowincji, kt\u00f3re nadal istniej\u0105 w powszechnej wyobra\u017ani, pomimo braku formalnej w\u0142adzy rz\u0105dowej. Norrland \u2014 obejmuj\u0105cy pi\u0119\u0107 hrabstw \u2014 obejmuje prawie 60 procent powierzchni kraju, ale pozostaje s\u0142abo zaludniony, a jego lasy, rzeki i alpejskie p\u0142askowy\u017ce oferuj\u0105 zar\u00f3wno sporty zimowe, jak i mo\u017cliwo\u015bci ekoturystyki. Svealand, siedziba krajowych instytucji politycznych i religijnych, obejmuje Sztokholm, Uppsal\u0119 i \u00d6rebro i wywodzi si\u0119 z wczesnych o\u015brodk\u00f3w metalurgicznych, kt\u00f3re nap\u0119dza\u0142y kampanie szwedzkiej wojny trzydziestoletniej. G\u00f6taland, rodowe pa\u0144stwo Geat\u00f3w, jest \u015bwiadkiem \u015bredniowiecznych katedr, rodowych pomnik\u00f3w grobowych i nowoczesnych obiekt\u00f3w rekreacyjnych, a jego \u017cyzne gleby i rozleg\u0142e szlaki wodne podtrzymywa\u0142y sieci handlowe, kt\u00f3re by\u0142y zapowiedzi\u0105 przemys\u0142owego rozwoju takich miast jak G\u00f6teborg i Malm\u00f6.<\/p>\n<p>\u017bycie miejskie w Szwecji skupia si\u0119 wok\u00f3\u0142 g\u0142\u00f3wnych miast. Barokowe pa\u0142ace i muzea sztuki wsp\u00f3\u0142czesnej w Sztokholmie stanowi\u0105 ramy historycznego centrum; G\u00f6teborg, niegdy\u015b najwa\u017cniejszy port kraju, \u0142\u0105czy dziedzictwo przemys\u0142owe ze s\u0142ynnym ogrodem botanicznym; Malm\u00f6, po\u0142\u0105czone mostem z Kopenhag\u0105, jest przyk\u0142adem kosmopolitycznej odnowy; Uppsala, staro\u017cytna siedziba szwedzkich arcybiskup\u00f3w, zachowa\u0142a najwi\u0119ksz\u0105 \u015bredniowieczn\u0105 katedr\u0119 na kontynencie; Lund t\u0119tni witalno\u015bci\u0105 swojego uniwersytetu i echami fundament\u00f3w wiking\u00f3w; otoczona murem dzielnica Visby przypomina hanzeatyck\u0105 zamo\u017cno\u015b\u0107; a Ume\u00e5, najbardziej wysuni\u0119te na p\u00f3\u0142noc miasto, rozkwita po\u015br\u00f3d las\u00f3w brzozowych i innowacji edukacyjnych. Poza tym kampus lotniczy Link\u00f6ping, drewniane nabrze\u017ca Karlskrony oraz kopalnia rudy \u017celaza i Icehotel w Kirunie przyczyniaj\u0105 si\u0119 do odr\u0119bnych rozdzia\u0142\u00f3w historii kraju.<\/p>\n<p>Krajobraz kulturowy Szwecji wykracza poza miejskie obszary, wkraczaj\u0105c w sfery surowej dziczy i tradycji folklorystycznej. Dwadzie\u015bcia dziewi\u0119\u0107 park\u00f3w narodowych, od subarktycznej przestrzeni Sarek \u2014 od dawna uznawanej za ostatni\u0105 dzicz Europy \u2014 po zatopione rafy Kosterhavet, chroni siedliska, w kt\u00f3rych \u0142osie i rosomaki swobodnie w\u0119druj\u0105, a pod falami kwitnie \u017cycie morskie. Bogactwo tej ziemi sprzyja zaj\u0119ciom sezonowym: narciarstwu biegowemu i czcigodnemu maratonowi Vasaloppet zim\u0105; w\u0119dr\u00f3wkom szlakiem Kungsleden latem; sp\u0142ywom kajakowym przez korytarze rzeczne; \u017ceglarstwu mi\u0119dzy wysepkami archipelagu; i odwiecznej pogoni za jagodami i grzybami. Szwedzki Klasyczny Obw\u00f3d, czterob\u00f3j wytrzyma\u0142o\u015bciowy sk\u0142adaj\u0105cy si\u0119 z jazdy na nartach, biegania, jazdy na rowerze i p\u0142ywania, uciele\u015bnia etos obywatelstwa na \u015bwie\u017cym powietrzu, kt\u00f3ry przenika \u017cycie narodowe.<\/p>\n<p>W sferze obywatelskiej szwedzkie instytucje odzwierciedlaj\u0105 etos zbiorowego dobrobytu i egalitarnych obietnic. Z PKB na mieszka\u0144ca jednym z najwy\u017cszych na \u015bwiecie i dwunastym najbogatszym krajem, r\u00f3wnowa\u017cy pot\u0119g\u0119 przemys\u0142ow\u0105 \u2014 czego przyk\u0142adem s\u0105 Volvo, Ericsson, SAAB i IKEA \u2014 z opiek\u0105 nad spo\u0142ecze\u0144stwem obywatelskim poprzez stowarzyszenia, kt\u00f3re chroni\u0105 kultur\u0119 ludow\u0105, rzemios\u0142o i \u017cycie wsp\u00f3lnotowe. Muzea na wolnym powietrzu, takie jak Skansen, chroni\u0105 architektur\u0119 wernakularn\u0105 i tradycyjne rzemios\u0142o; hembygdsf\u00f6reningar (lokalne stowarzyszenia dziedzictwa) zakotwiczaj\u0105 ci\u0105g\u0142o\u015b\u0107 kulturow\u0105; a prawo dost\u0119pu publicznego (allemansr\u00e4tten) ustanawia wsp\u00f3ln\u0105 odpowiedzialno\u015b\u0107 za skarby natury.<\/p>\n<p>Podr\u00f3\u017cowanie po Szwecji to ogl\u0105danie krainy, w kt\u00f3rej topografia lodowcowa spotyka si\u0119 z szumem \u017cycia metropolitalnego, gdzie wiekowe kamienne iglice przerywaj\u0105 lasy sosnowe, a etos otwarto\u015bci wp\u0142ywa na ka\u017cdy aspekt publicznych i prywatnych przedsi\u0119wzi\u0119\u0107. Od zamarzni\u0119tych fjells Laponii po brukowane nabrze\u017ca Malm\u00f6, wielowarstwowa historia narodu \u2014 wodz\u00f3w wiking\u00f3w i budowniczych imperi\u00f3w, przemys\u0142owych innowator\u00f3w i reformator\u00f3w spo\u0142ecznych \u2014 pozostaje namacalna zar\u00f3wno w \u015brodowisku fizycznym, jak i w zbiorowej wyobra\u017ani. Jest to kraj zdefiniowany zar\u00f3wno przez ci\u0105g\u0142o\u015b\u0107, jak i zmian\u0119, kraj, w kt\u00f3rym \u017cywio\u0142owe si\u0142y natury wsp\u00f3\u0142istniej\u0105 z wyrafinowanymi wyrazami literatury, designu i porz\u0105dku obywatelskiego, tworz\u0105c trwa\u0142\u0105 narracj\u0119 o rezonansie kulturowym i \u015brodowiskowym.<\/p>","protected":false},"excerpt":{"rendered":"<p>Szwecja, oficjalnie nazywana Kr\u00f3lestwem Szwecji, jest krajem nordyckim po\u0142o\u017conym na P\u00f3\u0142wyspie Skandynawskim w Europie P\u00f3\u0142nocnej, z populacj\u0105 oko\u0142o 10,6 miliona mieszka\u0144c\u00f3w. Strategicznie mi\u0119dzy Norwegi\u0105 na zachodzie i p\u00f3\u0142nocy a Finlandi\u0105 na wschodzie znajduje si\u0119 Szwecja. Zajmuj\u0105c niesamowity obszar 450 295 kilometr\u00f3w kwadratowych (173 656 mil kwadratowych) o zr\u00f3\u017cnicowanym terenie, jest najwi\u0119kszym krajem nordyckim, a tak\u017ce pi\u0105tym co do wielko\u015bci krajem w Europie. Niska g\u0119sto\u015b\u0107 zaludnienia wynosz\u0105ca oko\u0142o 25,5 os\u00f3b na kilometr kwadratowy, wynikaj\u0105ca z ogromnej rozleg\u0142o\u015bci tego terenu w po\u0142\u0105czeniu z jego do\u015b\u0107 ma\u0142\u0105 populacj\u0105, definiuje region nordycki.<\/p>","protected":false},"author":1,"featured_media":3377,"parent":24078,"menu_order":0,"comment_status":"closed","ping_status":"closed","template":"elementor_theme","meta":{"_eb_attr":"","footnotes":""},"class_list":["post-12865","page","type-page","status-publish","has-post-thumbnail"],"_links":{"self":[{"href":"https:\/\/travelshelper.com\/pl\/wp-json\/wp\/v2\/pages\/12865","targetHints":{"allow":["GET"]}}],"collection":[{"href":"https:\/\/travelshelper.com\/pl\/wp-json\/wp\/v2\/pages"}],"about":[{"href":"https:\/\/travelshelper.com\/pl\/wp-json\/wp\/v2\/types\/page"}],"author":[{"embeddable":true,"href":"https:\/\/travelshelper.com\/pl\/wp-json\/wp\/v2\/users\/1"}],"replies":[{"embeddable":true,"href":"https:\/\/travelshelper.com\/pl\/wp-json\/wp\/v2\/comments?post=12865"}],"version-history":[{"count":0,"href":"https:\/\/travelshelper.com\/pl\/wp-json\/wp\/v2\/pages\/12865\/revisions"}],"up":[{"embeddable":true,"href":"https:\/\/travelshelper.com\/pl\/wp-json\/wp\/v2\/pages\/24078"}],"wp:featuredmedia":[{"embeddable":true,"href":"https:\/\/travelshelper.com\/pl\/wp-json\/wp\/v2\/media\/3377"}],"wp:attachment":[{"href":"https:\/\/travelshelper.com\/pl\/wp-json\/wp\/v2\/media?parent=12865"}],"curies":[{"name":"wp","href":"https:\/\/api.w.org\/{rel}","templated":true}]}}