{"id":12464,"date":"2024-09-16T01:26:46","date_gmt":"2024-09-16T01:26:46","guid":{"rendered":"https:\/\/travelshelper.com\/staging\/?page_id=12464"},"modified":"2026-03-12T18:30:03","modified_gmt":"2026-03-12T18:30:03","slug":"bar","status":"publish","type":"page","link":"https:\/\/travelshelper.com\/pl\/destinations\/europe\/montenegro\/bar\/","title":{"rendered":"Bar"},"content":{"rendered":"<p>Bar jest g\u0142\u00f3wn\u0105 morsk\u0105 bram\u0105 Czarnog\u00f3ry, miastem licz\u0105cym 15 868 dusz, po\u0142o\u017conym na 598-kilometrowym p\u0142\u00f3tnie linii brzegowej i zaplecza, a tak\u017ce siedzib\u0105 gminy, kt\u00f3rej 46 171 mieszka\u0144c\u00f3w zamieszkuje 85 osad rozci\u0105gaj\u0105cych si\u0119 od Adriatyku do brzeg\u00f3w Jeziora Szkoderskiego. Po\u0142o\u017cony sze\u015b\u0107dziesi\u0105t kilometr\u00f3w na po\u0142udniowy zach\u00f3d od Podgoricy, stolicy kraju, i bezpo\u015brednio po drugiej stronie morza od w\u0142oskiego miasta Bari, Bar zajmuje liminalne miejsce, w kt\u00f3rym rytmy Morza \u015ar\u00f3dziemnego mieszaj\u0105 si\u0119 z wewn\u0119trznym pulsem Ba\u0142kan\u00f3w.<\/p>\n<p>Od staro\u017cytnych pocz\u0105tk\u00f3w jako Antibarium \u2014 \u201enaprzeciwko Bari\u201d w j\u0119zyku rzymskich \u017ceglarzy \u2014 miasto by\u0142o \u015bwiadkiem epok imperium, wiary i handlu morskiego. Dzi\u015b przetrwa\u0142o nie jako eksponat muzealny, ale jako \u017cywa spo\u0142eczno\u015b\u0107, kt\u00f3rej gospodarka opiera si\u0119 na g\u0142\u0119bokowodnym porcie, kt\u00f3rej zabudowa nosi blizny i triumfy weneckich, osma\u0144skich i s\u0142owia\u0144skich rz\u0105d\u00f3w, a kt\u00f3rej krajobrazy rozci\u0105gaj\u0105 si\u0119 od kamienistych brzeg\u00f3w po pokryte d\u0119bami grzbiety. W Barze geografia i historia splataj\u0105 si\u0119 w spos\u00f3b zar\u00f3wno elementarny, jak i niezg\u0142\u0119biony, zach\u0119caj\u0105c do refleksji r\u00f3wnie mocno, jak do ciekawo\u015bci.<\/p>\n<p>Topografia Baru rozwija si\u0119 w trzech koncentrycznych strefach. Na zachodzie Adriatyk rozwija si\u0119 w pasmach bladej akwamaryny, jego p\u0142ywy obmywaj\u0105 wybrze\u017ce usiane portami, gajami oliwnymi i okazjonalnymi wa\u0142ami obronnymi. Na wschodzie l\u0105d \u0142agodnie wspina si\u0119 w kierunku grzbiet\u00f3w Rumija i Sutorman, ich zbocza pokryte s\u0105 maki\u0105 i lasem d\u0119bowym, zanim ust\u0105pi\u0105 miejsca rozleg\u0142ym obszarom Jeziora Szkoderskiego \u2014 najwi\u0119kszego jeziora w po\u0142udniowej Europie. Pomi\u0119dzy morzem a jeziorem le\u017cy mozaika sad\u00f3w cytrusowych, winnic i p\u00f3l granat\u00f3w, \u015bwiadectwo stuleci subtropikalnego rolnictwa piel\u0119gnowanego przez s\u0142oneczny klimat.<\/p>\n<p>Klimat Baru nosi pi\u0119tno dw\u00f3ch odr\u0119bnych re\u017cim\u00f3w \u015br\u00f3dziemnomorskich. Zimy pozostaj\u0105 \u0142agodne i stale wilgotne, ze \u015brednimi temperaturami w styczniu oscyluj\u0105cymi wok\u00f3\u0142 12,3 \u00b0C w ci\u0105gu dnia i spadaj\u0105cymi do 4,3 \u00b0C w nocy, a opady \u015bniegu pojawiaj\u0105 si\u0119 tylko w rzadkich, mierzonych zaspach \ufe58 najbardziej zauwa\u017calne by\u0142y dziewi\u0119ciocentymetrowe zaspy ze stycznia 2000 r. Lata s\u0105 d\u0142ugie i \u015bwietliste, z lipcowymi maksimami od 27 \u00b0C do 28 \u00b0C i nocnymi minimami 18 \u00b0C, przerywanymi kr\u00f3tkimi, umiarkowanymi deszczami. Przez ca\u0142y rok miasto wygrzewa si\u0119 w ponad 2500 godzinach s\u0142o\u0144ca, maluj\u0105c swoje kamienne \u015bciany i dach\u00f3wki w ci\u0105gle zmieniaj\u0105cym si\u0119 \u015bwietle i cieniu.<\/p>\n<p>Jednak to w cichych ruinach Starego Baru, cztery kilometry w g\u0142\u0105b l\u0105du u podn\u00f3\u017ca g\u00f3ry Rumija, wielowarstwowa historia regionu najbardziej namacalnie si\u0119 ujawnia. Tutaj, za bramami, kt\u00f3re kiedy\u015b strzeg\u0142y \u015bredniowiecznej twierdzy, le\u017c\u0105 rozpadaj\u0105ce si\u0119 pozosta\u0142o\u015bci ko\u015bcio\u0142\u00f3w, meczet\u00f3w i akwedukt\u00f3w. Brama z X wieku stoi na stra\u017cy ruin katedry \u015bw. Jerzego, za\u0142o\u017conej w XI wieku, obok fragment\u00f3w ko\u015bcio\u0142a \u015bw. Katarzyny i meczetu w Omerba\u0161i\u0107, zbudowanego w 1662 roku. Po\u015br\u00f3d nich le\u017c\u0105 pozosta\u0142o\u015bci \u0142uk\u00f3w osma\u0144skiego akweduktu \u2014 odbudowanego po trz\u0119sieniu ziemi w 1979 roku \u2014 i gr\u00f3b XVII-wiecznego kaznodziei Derwisza Hasana. Te kamienie, po\u0142amane i zwietrza\u0142e, s\u0105 cichym \u015bwiadectwem miasta, kt\u00f3re kiedy\u015b przechodzi\u0142o z r\u0105k do r\u0105k s\u0142owia\u0144skich ksi\u0105\u017c\u0105t, weneckich do\u017c\u00f3w i osma\u0144skich pasz\u00f3w.<\/p>\n<p>W dzielnicach otaczaj\u0105cych nowoczesny port, narracja Baru rozwija si\u0119 r\u00f3wnolegle mi\u0119dzy tradycyjnym przemys\u0142em a rozwijaj\u0105c\u0105 si\u0119 turystyk\u0105. Port w Barze, z 3100 metrami nabrze\u017ca, 800 hektarami l\u0105du i 200 hektarami os\u0142oni\u0119tych w\u00f3d, obs\u0142uguje oko\u0142o pi\u0119ciu milion\u00f3w ton \u0142adunk\u00f3w rocznie. Jego d\u017awigi i stosy kontener\u00f3w stanowi\u0105 ram\u0119 dla linii horyzontu, nieustannie przypominaj\u0105c o strategicznym znaczeniu miasta dla sieci handlowej Czarnog\u00f3ry. Obok, linia kolejowa Belgrad\u2013Bar \u2014 uko\u0144czona w 1976 r. po dziesi\u0119cioleciach wyzwa\u0144 in\u017cynieryjnych \u2014 przecina g\u00f3rskie tunele i wiadukty dolinowe, \u0142\u0105cz\u0105c Adriatyk ze stolic\u0105 Serbii i otwieraj\u0105c zaplecze dla turyst\u00f3w i towar\u00f3w.<\/p>\n<p>Rolnictwo pozostaje integraln\u0105 cz\u0119\u015bci\u0105 to\u017csamo\u015bci Bar. Gleba gminy jest siedliskiem oko\u0142o 95 000 drzew oliwnych i 80 000 okaz\u00f3w cytrus\u00f3w \u2014 cytryn, mandarynek, pomara\u0144czy i grejpfrut\u00f3w \u2014 kt\u00f3re kwitn\u0105 pod subtropikalnym s\u0142o\u0144cem. Centrum Upraw Subtropikalnych, za\u0142o\u017cone w 1937 r., jest najstarsz\u0105 instytucj\u0105 naukow\u0105 Czarnog\u00f3ry, a jego pola badawcze i szk\u00f3\u0142ki s\u0105 \u017cywym archiwum adaptacji ogrodniczej. Lokalny producent \u017cywno\u015bci Primorka, dzia\u0142aj\u0105cy od ponad p\u00f3\u0142 wieku, t\u0142oczy oliw\u0119 z oliwek i butelkuje sok z granat\u00f3w, utrwalaj\u0105c tradycje kulinarne si\u0119gaj\u0105ce wczesnych operacji przemys\u0142owych w latach 20. XX wieku.<\/p>\n<p>Architektura religijna miasta odzwierciedla jego z\u0142o\u017con\u0105 tkank\u0119 spo\u0142eczn\u0105. Ko\u015bcio\u0142y prawos\u0142awne i katolickie dziel\u0105 dzielnice z meczetami wzniesionymi pod patronatem Imperium Osma\u0144skiego. W nowszej dzielnicy Nowego Baru, Ko\u015bci\u00f3\u0142 \u015bw. Miko\u0142aja mie\u015bci arcybiskupstwo ustanowione w XI wieku, podczas gdy w pobli\u017cu znajduje si\u0119 nowoczesna Katedra \u015bw. Jana W\u0142odzimierza \u2014 uko\u0144czona w latach 2009\u20132015 \u2014 dor\u00f3wnuj\u0105ca rozmiarem g\u0142\u00f3wnemu prawos\u0142awnemu budynkowi Podgoricy, kt\u00f3rego freskowane galerie po\u015bwi\u0119cone s\u0105 pierwszemu \u015bredniowiecznemu \u015bwi\u0119temu regionu. Po drugiej stronie miasta, Meczet Omerba\u0161i\u0107 w Starym Barze zachowa\u0142 sw\u00f3j smuk\u0142y minaret i sal\u0119 modlitewn\u0105, odwiedzan\u0105 przez pielgrzym\u00f3w przyci\u0105ganych jego XVII-wiecznymi fundamentami.<\/p>\n<p>Sk\u0142ad demograficzny Baru odzwierciedla fale migracji i przesuwaj\u0105ce si\u0119 granice. Wed\u0142ug spisu z 2011 r. etniczni Czarnog\u00f3rcy i Serbowie stanowi\u0105 \u0142\u0105cznie oko\u0142o osiemdziesi\u0119ciu czterech procent populacji miasta, podczas gdy Bo\u015bniacy, muzu\u0142manie, Alba\u0144czycy i Chorwaci tworz\u0105 mniejsze spo\u0142eczno\u015bci. Religia pod\u0105\u017ca podobnymi liniami: wyznawcy prawos\u0142awia stanowi\u0105 prawie osiemdziesi\u0105t procent, a muzu\u0142manie i katolicy odpowiednio dziesi\u0119\u0107 i pi\u0119\u0107 procent. Liczby te, cho\u0107 podlegaj\u0105 stopniowym zmianom, wskazuj\u0105 na spo\u0142ecze\u0144stwo zakorzenione we wsp\u00f3lnych tradycjach Adriatyku i Ba\u0142kan\u00f3w.<\/p>\n<p>Pomimo strategicznego portu, Bar pozostaje skromnie skalowany. Jego \u015bredniowieczne centrum \u2014 gdzie w\u0105skie uliczki wspinaj\u0105 si\u0119 w kierunku zrujnowanych blank\u00f3w \u2014 mierzy zaledwie kilka hektar\u00f3w, a wsp\u00f3\u0142czesne centrum miasta, otoczone torami kolejowymi i zbiornikami na rop\u0119, rozci\u0105ga si\u0119 w nieregularnych blokach niskich budynk\u00f3w. Garstka hoteli zajmuje nabrze\u017ce, ale wi\u0119kszo\u015b\u0107 zakwaterowania znajduje si\u0119 w pensjonatach i prywatnych kwaterach na p\u00f3\u0142noc od strefy przemys\u0142owej, w dzielnicach takich jak \u0160u\u0161anj. Tutaj pla\u017ce otoczone sosnami ust\u0119puj\u0105 miejsca kamienistym pla\u017com, a szum letniej turystyki pozostaje mierzony nawet w szczytowym okresie.<\/p>\n<p>Po\u0142\u0105czenia transportowe rozchodz\u0105 si\u0119 promieni\u015bcie od miasta jak szprychy w kole. Autostrada Adriatycka biegnie wzd\u0142u\u017c wybrze\u017ca, \u0142\u0105cz\u0105c Bar z Budv\u0105 na p\u00f3\u0142nocy i Ulcinj na po\u0142udniu. Tunel Sozina, otwarty w 2006 r., wytyczy\u0142 bezpo\u015bredni\u0105 tras\u0119 przez g\u00f3ry Golija do Podgoricy, skracaj\u0105c czas podr\u00f3\u017cy do mniej ni\u017c godziny. Prom samochodowy kursuje na osiemdziesi\u0119ciokilometrowej przeprawie do Bari we W\u0142oszech, a jego sezonowy rozk\u0142ad jazdy odzwierciedla przyp\u0142yw i odp\u0142yw turystyki; us\u0142uga do Ancony zosta\u0142a przerwana pod koniec 2016 r. W g\u0142\u0119bi l\u0105du us\u0142ugi autobusowe \u0142\u0105cz\u0105 Bar z Sutomore, pla\u017cami Riwiery Budva i wioskami otaczaj\u0105cymi Jezioro Szkoderskie, podczas gdy poci\u0105gi kursuj\u0105ce co godzin\u0119 przyje\u017cd\u017caj\u0105 i odje\u017cd\u017caj\u0105 ze stacji, a ich wagony przypominaj\u0105 o przemys\u0142owym dziedzictwie miasta.<\/p>\n<p>\u017bycie kulturalne w Barze opiera si\u0119 na dw\u00f3ch instytucjach mieszcz\u0105cych si\u0119 w kr\u00f3lewskich pozosta\u0142o\u015bciach. Pa\u0142ac Kr\u00f3la Nikoli, budynek z 1885 roku w eklektycznym stylu, stoi po\u015br\u00f3d zielonych ogrod\u00f3w, jego oran\u017ceria i balkony z kutego \u017celaza sugeruj\u0105 wp\u0142ywy secesji. Obecnie pe\u0142ni funkcj\u0119 lokalnego muzeum historycznego, a jego pomieszczenia zaaran\u017cowano tak, aby przypomina\u0142y wn\u0119trze dworu z ko\u0144ca XIX wieku, z meblami z epoki, portretami i dokumentami archiwalnymi. Niedaleko znajduje si\u0119 \u015bredniowieczna twierdza Old Bar, kt\u00f3ra zosta\u0142a cz\u0119\u015bciowo przekszta\u0142cona w muzeum na \u015bwie\u017cym powietrzu, gdzie \u015bcie\u017cki z przewodnikiem prowadz\u0105 zwiedzaj\u0105cych mi\u0119dzy cysternami, wa\u0142ami obronnymi i s\u0142ynn\u0105 \u201eStar\u0105 Oliwk\u0105\u201d \u2014 s\u0119katym drzewem, o kt\u00f3rym m\u00f3wi si\u0119, \u017ce ma dwa tysi\u0105ce lat.<\/p>\n<p>\u017bycie targowe kwitnie wzd\u0142u\u017c Bulevar 24. Novembra, gdzie stragany oferuj\u0105 sery w drewnianych beczkach, a pawilon rybny dostarcza codzienne po\u0142owy Adriatyku w lokalnych cenach. Supermarket VOLI w pobli\u017cu stacji obs\u0142uguje mieszka\u0144c\u00f3w, oferuj\u0105c hipermarket, aptek\u0119 i kulinarne emporium. Kawiarnie wylewaj\u0105 si\u0119 na brukowan\u0105 ulic\u0119, kt\u00f3ra wznosi si\u0119 od parkingu do bramy Old Bar, a ich stoliki s\u0105 w r\u00f3\u017cnych stylach \u2014 niekt\u00f3re skromne drewniane \u0142awki przy murach twierdzy, inne stylowo urz\u0105dzone pasiastymi markizami i krzes\u0142ami z kutego \u017celaza. W\u015br\u00f3d nich jest \u0107evabd\u017einica Dino, gdzie doprawione klopsiki jagni\u0119ce dziel\u0105 sto\u0142y z sokiem z granat\u00f3w, oraz Fish Bar Cvijo, kt\u00f3rego menu w kszta\u0142cie mezzaluny oferuje grillowane specja\u0142y w otoczeniu morskiego szk\u0142a.<\/p>\n<p>\u017bycie nocne w Barze jest niespieszne. Podczas gdy inne kurorty nad Adriatykiem wlewaj\u0105 \u015bwiat\u0142o i muzyk\u0119 do wczesnych godzin porannych, wieczory w Barze ko\u0144cz\u0105 si\u0119 o p\u00f3\u0142nocy, przerywane barami z piwem rzemie\u015blniczym, takimi jak 501 Darts Bar i Varadero. Taks\u00f3wki gromadz\u0105 si\u0119 w pobli\u017cu dworc\u00f3w autobusowych i kolejowych, obs\u0142uguj\u0105c autobusy odje\u017cd\u017caj\u0105ce co godzin\u0119 na pla\u017ce \u0160u\u0161anj i dalej. Dla tych, kt\u00f3rzy szukaj\u0105 bardziej o\u017cywionego towarzystwa, Sutomore \u2014 wioska dziesi\u0119\u0107 minut drogi na po\u0142udnie \u2014 oferuje piaszczyste brzegi i sezonowe kluby, podczas gdy bogate \u017cycie nocne Budvy znajduje si\u0119 godzin\u0119 drogi na p\u00f3\u0142noc.<\/p>\n<p>W g\u0142\u0119bi l\u0105du ruiny klasztoru Ratac i twierdzy Tabiya znajduj\u0105 si\u0119 na zalesionych wzg\u00f3rzach, oferuj\u0105c widoki na morze i jezioro. Drugorz\u0119dna droga prowadzi do pomnika upami\u0119tniaj\u0105cego bitw\u0119 pod Barem w 1042 r., w kt\u00f3rej si\u0142y serbskie pod wodz\u0105 Stefana Vojislava pokona\u0142y Bizantyjczyk\u00f3w \u2014 miejsca, kt\u00f3rego betonowe coko\u0142y s\u0142u\u017c\u0105 obecnie jako panoramiczny punkt widokowy. Na wschodzie zbocza wok\u00f3\u0142 jeziora Szkoderskiego otwieraj\u0105 si\u0119 na Szkodersk\u0105 Krajin\u0119, mozaik\u0119 wiosek rybackich i bogatych w ptaki mokrade\u0142, kt\u00f3re nagradzaj\u0105 wczesnoporanne eksploracje \u0142odzi\u0105.<\/p>\n<p>Modern Bar opiera si\u0119 stereotypom Riwiery. Nie jest ani przebojowym kurortem, ani sennym prowincjonalnym portem, ale raczej miejscem corocznych rytm\u00f3w zakorzenionych w handlu morskim i rolnictwie, jak i w turystyce s\u0142onecznej i morskiej. Przez ca\u0142y rok d\u017awigi w porcie zaczynaj\u0105 si\u0119 porusza\u0107, oliwki opadaj\u0105 jesieni\u0105, szko\u0142y i sklepy otwieraj\u0105 si\u0119 we wrze\u015bniu, a \u015bwi\u0119ta prawos\u0142awne i islamskie oznaczaj\u0105 wiosn\u0119 i lato. \u017bycie codzienne jest tu solidne, podtekst historyczny, kt\u00f3ry ujawnia si\u0119 za ka\u017cdym razem, gdy wiatr znad morza porusza cyprysami lub poci\u0105g gwi\u017cd\u017ce przez tunel do stacji.<\/p>\n<p>Dla podr\u00f3\u017cnika, kt\u00f3ry chce zobaczy\u0107 prawdziwe miasto nad Adriatykiem, Bar oferuje r\u00f3wnowag\u0119 mi\u0119dzy \u017cywio\u0142owo\u015bci\u0105 a codzienno\u015bci\u0105. Mo\u017cna prze\u015bledzi\u0107 \u015blady st\u00f3p obok weneckiej bramy, zatrzyma\u0107 si\u0119 przed meczetem osma\u0144skim lub zatrzyma\u0107 si\u0119 przy stole z lokalnymi serami, nie czuj\u0105c tempa narzuconego przez tras\u0119 przewodnika. Tutaj Adriatyk nie jest ani towarem, ani tylko t\u0142em, ale sta\u0142ym rozm\u00f3wc\u0105 \u2014 od \u0142odzi rybackich o \u015bwicie po promy odp\u0142ywaj\u0105ce do W\u0142och o zmierzchu.<\/p>\n<p>Ostatecznie Bar ujawnia si\u0119 nie w pojedynczej panoramie, ale w serii ma\u0142ych spotka\u0144: staccato zegara wie\u017cowego w po\u0142udnie, zapach ja\u015bminu przeplataj\u0105cy si\u0119 ze spalinami silnik\u00f3w Diesla w pobli\u017cu nabrze\u017ca, echo \u015bmiechu dzieci w\u015br\u00f3d zrujnowanych \u0142uk\u00f3w ko\u015bcio\u0142a \u015bw. Katarzyny. Te szczeg\u00f3\u0142y \u0142\u0105cz\u0105 si\u0119 w obraz miasta zakorzenionego w swoim dziedzictwie i otwartego na pr\u0105dy zmian \u2014 gdzie staro\u017cytno\u015b\u0107 i nowoczesno\u015b\u0107 znajduj\u0105 tymczasowe zakwaterowanie, a historia jest zawsze w trakcie tworzenia.<\/p>","protected":false},"excerpt":{"rendered":"<p>Bar, nadmorskie miasto w Czarnog\u00f3rze, le\u017cy 75 kilometr\u00f3w od stolicy Podgoricy. Bar, z 13 719 mieszka\u0144cami, pe\u0142ni funkcj\u0119 centrum szerszej gminy, kt\u00f3ra obejmuje 83 osady i ma \u0142\u0105czn\u0105 populacj\u0119 40 037 os\u00f3b. To t\u0119tni\u0105ce \u017cyciem miasto jest znane ze swojej r\u00f3\u017cnorodnej tkanki kulturowej, goszcz\u0105c imponuj\u0105ce 25 r\u00f3\u017cnych narodowo\u015bci, kt\u00f3re \u017cyj\u0105 razem w harmonii w jego granicach. Unikalny charakter Baru odzwierciedla jego historyczne znaczenie jako tygla wp\u0142yw\u00f3w \u015br\u00f3dziemnomorskich i orientalnych, co skutkuje wyj\u0105tkow\u0105 mieszank\u0105 kultur, kt\u00f3ra do dzi\u015b definiuje jego to\u017csamo\u015b\u0107.<\/p>","protected":false},"author":1,"featured_media":3036,"parent":12406,"menu_order":0,"comment_status":"closed","ping_status":"closed","template":"elementor_theme","meta":{"_eb_attr":"","footnotes":""},"class_list":["post-12464","page","type-page","status-publish","has-post-thumbnail"],"_links":{"self":[{"href":"https:\/\/travelshelper.com\/pl\/wp-json\/wp\/v2\/pages\/12464","targetHints":{"allow":["GET"]}}],"collection":[{"href":"https:\/\/travelshelper.com\/pl\/wp-json\/wp\/v2\/pages"}],"about":[{"href":"https:\/\/travelshelper.com\/pl\/wp-json\/wp\/v2\/types\/page"}],"author":[{"embeddable":true,"href":"https:\/\/travelshelper.com\/pl\/wp-json\/wp\/v2\/users\/1"}],"replies":[{"embeddable":true,"href":"https:\/\/travelshelper.com\/pl\/wp-json\/wp\/v2\/comments?post=12464"}],"version-history":[{"count":0,"href":"https:\/\/travelshelper.com\/pl\/wp-json\/wp\/v2\/pages\/12464\/revisions"}],"up":[{"embeddable":true,"href":"https:\/\/travelshelper.com\/pl\/wp-json\/wp\/v2\/pages\/12406"}],"wp:featuredmedia":[{"embeddable":true,"href":"https:\/\/travelshelper.com\/pl\/wp-json\/wp\/v2\/media\/3036"}],"wp:attachment":[{"href":"https:\/\/travelshelper.com\/pl\/wp-json\/wp\/v2\/media?parent=12464"}],"curies":[{"name":"wp","href":"https:\/\/api.w.org\/{rel}","templated":true}]}}