{"id":12406,"date":"2024-09-16T00:39:00","date_gmt":"2024-09-16T00:39:00","guid":{"rendered":"https:\/\/travelshelper.com\/staging\/?page_id=12406"},"modified":"2026-03-12T18:32:52","modified_gmt":"2026-03-12T18:32:52","slug":"czarnogora","status":"publish","type":"page","link":"https:\/\/travelshelper.com\/pl\/destinations\/europe\/montenegro\/","title":{"rendered":"Czarnog\u00f3ra"},"content":{"rendered":"<p>Czarnog\u00f3ra, kraj licz\u0105cy 623 633 mieszka\u0144c\u00f3w, rozci\u0105gaj\u0105cy si\u0119 na obszarze 13 883 km\u00b2, zajmuje w\u0105ski odcinek P\u00f3\u0142wyspu Ba\u0142ka\u0144skiego w po\u0142udniowo-wschodniej Europie. Otoczona Morzem Adriatyckim na po\u0142udniowym zachodzie i ograniczona przez Chorwacj\u0119, Bo\u015bni\u0119 i Hercegowin\u0119, Serbi\u0119, Kosowo i Albani\u0119, ta republika 25 gmin uosabia tysi\u0105clecia wielowarstwowej historii i niezwyk\u0142\u0105 r\u00f3\u017cnorodno\u015b\u0107 geograficzn\u0105. Od wznosz\u0105cych si\u0119 alpejskich szczyt\u00f3w po w\u0105sk\u0105 r\u00f3wnin\u0119 przybrze\u017cn\u0105, od \u015bredniowiecznych ko\u015bcio\u0142\u00f3w po fortyfikacje z czas\u00f3w Imperium Osma\u0144skiego, kompaktowe terytorium Czarnog\u00f3ry zaprasza do uwa\u017cnego, kontemplacyjnego spojrzenia.<\/p>\n<p>Na d\u0142ugo przed migracjami S\u0142owian w VI i VII wieku n.e. plemiona iliryjskie ukszta\u0142towa\u0142y surowe wy\u017cyny, kt\u00f3re obecnie definiuj\u0105 wi\u0119ksz\u0105 cz\u0119\u015b\u0107 p\u00f3\u0142nocnej Czarnog\u00f3ry. W kolejnych stuleciach trzy \u015bredniowieczne ksi\u0119stwa \u2014 Duklja na po\u0142udniu, Travunia na zachodzie i Ra\u0161ka na p\u00f3\u0142nocy \u2014 po\u0142o\u017cy\u0142y podwaliny pod wy\u0142aniaj\u0105cy si\u0119 ustr\u00f3j polityczny o nazwie Zeta w XIV wieku. Weneccy kupcy i dow\u00f3dcy marynarki wojennej odcisn\u0119li swoje pi\u0119tno na wybrze\u017cu ju\u017c pod koniec XIV wieku, integruj\u0105c po\u0142udniowe wybrze\u017ca z domen\u0105 znan\u0105 jako Wenecka Albania. Najazdy osma\u0144skie dotar\u0142y do \u200b\u200bregionu pod koniec XV wieku, jednak klany g\u00f3rskie zachowa\u0142y pewien stopie\u0144 autonomii pod dynasti\u0105 Petrovi\u0107-Njego\u0161. W 1878 roku Kongres Berli\u0144ski formalnie uzna\u0142 niepodleg\u0142o\u015b\u0107 Czarnog\u00f3ry; do 1910 roku sta\u0142a si\u0119 ona Kr\u00f3lestwem Czarnog\u00f3ry. XX wiek przyni\u00f3s\u0142 uni\u0119 z Kr\u00f3lestwem Serb\u00f3w, Chorwat\u00f3w i S\u0142owe\u0144c\u00f3w (p\u00f3\u017aniejsz\u0105 Jugos\u0142awi\u0119), p\u00f3\u017aniejszy uk\u0142ad federalny z Serbi\u0105 i wreszcie, w czerwcu 2006 r., przywr\u00f3cenie suwerenno\u015bci pa\u0144stwowej w drodze referendum, w wyniku kt\u00f3rego powsta\u0142 kraj w obecnej postaci.<\/p>\n<p>Gospodarka Czarnog\u00f3ry, obecnie klasyfikowana jako kraj o wy\u017cszym \u015brednim dochodzie, opiera si\u0119 g\u0142\u00f3wnie na us\u0142ugach, a turystyka zyskuje coraz wi\u0119ksz\u0105 popularno\u015b\u0107 w ostatnich dekadach. Euro funkcjonuje jako waluta krajowa poprzez jednostronne przyj\u0119cie, podczas gdy rozw\u00f3j infrastruktury \u2014 zw\u0142aszcza uko\u0144czenie autostrad i modernizacja linii kolejowej Belgrad\u2013Bar \u2014 pozostaje deklarowanym priorytetem wspierania zr\u00f3wnowa\u017conego wzrostu. Dwa mi\u0119dzynarodowe lotniska w Podgoricy i Tivacie obs\u0142uguj\u0105 nap\u0142yw turyst\u00f3w przyci\u0105ganych przez pla\u017ce i zabytkowe miasta wybrze\u017ca Adriatyku; port w Barze, odbudowany po zniszczeniach wojennych, obs\u0142uguje \u0142adunki o wolumenie znacznie ni\u017cszym od jego projektowanej przepustowo\u015bci.<\/p>\n<p>Geograficznie Czarnog\u00f3ra to studium kontrast\u00f3w. Nadbrze\u017cna r\u00f3wnina o szeroko\u015bci zaledwie kilku kilometr\u00f3w ust\u0119puje nagle wapiennym masywom \u2014 w\u015br\u00f3d nich g\u00f3rze Lov\u0107en i Orjen \u2014 kt\u00f3re wpadaj\u0105 do Zatoki Kotorskiej. W g\u0142\u0119bi l\u0105du formacje krasowe wznosz\u0105 si\u0119 na wysoko\u015b\u0107 przekraczaj\u0105c\u0105 2000 m: g\u00f3ra Orjen na wysoko\u015bci 1894 m, Bobotov Kuk w pa\u015bmie Durmitor na wysoko\u015bci 2522 m, a wed\u0142ug triangulacji z 2018 r. Zla Kolata w pa\u015bmie Prokletije na wysoko\u015bci 2534 m. Wyg\u0142adzone przez lodowiec doliny i strome kaniony, takie jak wpisany na list\u0119 UNESCO w\u0105w\u00f3z rzeki Tara, rze\u017abi\u0105 p\u00f3\u0142nocne wy\u017cyny, podczas gdy Jezioro Szkoderskie \u2014 wsp\u00f3lne z Albani\u0105 i chronione jako park narodowy \u2014 zdobi po\u0142udniowo-zachodnie niziny mokrad\u0142ami pe\u0142nymi ptak\u00f3w w\u0119drownych.<\/p>\n<p>Zar\u00f3wno w o\u015brodkach miejskich, jak i ma\u0142ych miasteczkach, architektoniczne \u015blady wskazuj\u0105 na r\u00f3\u017cnych w\u0142adc\u00f3w Czarnog\u00f3ry. W \u015bredniowiecznym centrum Kotoru, wybrukowane piaskiem ulice wij\u0105 si\u0119 mi\u0119dzy weneckimi pa\u0142acami i roma\u0144skimi ko\u015bcio\u0142ami: XII-wieczna Katedra \u015awi\u0119tego Tryfona stoi okrakiem na g\u0142\u00f3wnym placu, podczas gdy Ko\u015bci\u00f3\u0142 \u015awi\u0119tego \u0141ukasza g\u00f3ruje nad cichym placem nad brzegiem wody. Budva, kolebka turystyki Adriatyku, zachowuje staro\u017cytn\u0105 cytadel\u0119 otoczon\u0105 dziewi\u0119cioma wiekami zabytk\u00f3w religijnych, osadzon\u0105 na tle nowoczesnych zabudowa\u0144 wzd\u0142u\u017c piaszczystego brzegu. Herceg Novi, u wej\u015bcia do zatoki, szczyci si\u0119 fortecami genue\u0144skiego projektu i stopniowanym amfiteatrem \u015br\u00f3dziemnomorskiej zieleni.<\/p>\n<p>Cetinje, niegdy\u015b stolica kr\u00f3lewska, a obecnie skarbnica dziedzictwa narodowego, wznosi si\u0119 pod g\u00f3r\u0105 Lov\u0107en. Na jej ulicach znajduj\u0105 si\u0119 muzea, ambasady z czas\u00f3w dyplomacji oraz prawos\u0142awny klasztor Cetinje, kustosz relikwii i ikonografii, kt\u00f3re \u015bwiadcz\u0105 o duchowych tradycjach Czarnog\u00f3ry. Na p\u00f3\u0142nocy \u017dabljak jest bram\u0105 do Parku Narodowego Durmitor, gdzie w odleg\u0142o\u015bci spaceru znajduje si\u0119 Czarne Jezioro, a zimowe \u015bniegi w r\u00f3wnym stopniu zach\u0119caj\u0105 do uprawiania turystyki sportowej.<\/p>\n<p>Mozaika demograficzna Czarnog\u00f3ry odzwierciedla jej po\u0142o\u017cenie na skrzy\u017cowaniu dr\u00f3g. \u017badna pojedyncza grupa etniczna nie stanowi bezwzgl\u0119dnej wi\u0119kszo\u015bci; Czarnog\u00f3rcy stanowi\u0105 oko\u0142o 41 procent populacji, Serbowie 33 procent, Bo\u015bniacy 9 procent, Alba\u0144czycy 5 procent, a Rosjanie 2 procent, w\u015br\u00f3d innych mniejszych spo\u0142eczno\u015bci. Chrze\u015bcijanie prawos\u0142awni, g\u0142\u00f3wnie zwi\u0105zani z Serbskim Ko\u015bcio\u0142em Prawos\u0142awnym, stanowi\u0105 71 procent wyznawc\u00f3w; muzu\u0142manie (g\u0142\u00f3wnie w regionie Sand\u017cak) i katolicy rzymscy (g\u0142\u00f3wnie wzd\u0142u\u017c wybrze\u017ca) stanowi\u0105 g\u0142\u00f3wne mniejszo\u015bci religijne. Wsp\u00f3\u0142istnienie wyzna\u0144 na przestrzeni wiek\u00f3w nada\u0142o rytm kulturowy, kt\u00f3ry pojawia si\u0119 zar\u00f3wno w \u017cyciu rytualnym, jak i podczas \u015bwi\u0105tecznych spotka\u0144.<\/p>\n<p>Koncepcja \u010cojstvo i Juna\u0161tvo \u2014 lu\u017ano t\u0142umaczona jako \u201ehumanitaryzm i waleczno\u015b\u0107\u201d \u2014 stanowi podstaw\u0119 etycznych i spo\u0142ecznych warto\u015bci regionu, od zwyczaj\u00f3w klanowych po wsp\u00f3\u0142czesn\u0105 to\u017csamo\u015b\u0107 obywatelsk\u0105. Tradycje ludowe znajduj\u0105 wyraz w Oro, \u201eta\u0144cu or\u0142a\u201d, w kt\u00f3rym tancerze tworz\u0105 koncentryczne kr\u0119gi, a przeplataj\u0105ce si\u0119 pary wspinaj\u0105 si\u0119 na ramiona w obrazie przywo\u0142uj\u0105cym zar\u00f3wno zwierz\u0119c\u0105 gracj\u0119, jak i solidarno\u015b\u0107 wsp\u00f3lnotow\u0105.<\/p>\n<p>Pr\u0105dy gastronomiczne p\u0142yn\u0105 ze wschodu na zach\u00f3d przez st\u00f3\u0142 Czarnog\u00f3ry. Wp\u0142ywy osma\u0144skie trwaj\u0105 w takich potrawach jak sarma (li\u015bcie winogron zwijane wok\u00f3\u0142 mi\u0119sa i ry\u017cu), musaka, pilav, pita i \u0107evapi. \u015arodkowoeuropejskie w\u0105tki pojawiaj\u0105 si\u0119 w nale\u015bnikach i p\u0105czkach, d\u017cemach, ciasteczkach i bogatych ciastach. Wzd\u0142u\u017c wybrze\u017ca Adriatyku, gdzie kr\u00f3luj\u0105 owoce morza, dominuje \u015br\u00f3dziemnomorska prostota: grillowane ryby, skorupiaki i charakterystyczne dla regionu czerwone wino, Vranac. W g\u0142\u0119bi l\u0105du g\u00f3ralska kuchnia celebruje nabia\u0142 i jagni\u0119cin\u0119: cicvara (m\u0105ka kukurydziana wzbogacona serem i \u015bmietan\u0105), gotowana jagni\u0119cina w mleku oraz sery pljevaljski i njegu\u0161ki. Njegu\u0161ki pr\u0161ut \u2014 w\u0119dzona szynka z wioski Njegu\u0161i \u2014 jest \u015bwiadectwem wiekowych technik peklowania, praktykowanych pod zboczami g\u00f3ry Lov\u0107en.<\/p>\n<p>Czarnog\u00f3rska uprawa winoro\u015bli koncentruje si\u0119 w posiad\u0142o\u015bciach Planta\u017ee w pobli\u017cu Podgoricy, kt\u00f3rych winnice daj\u0105 bia\u0142e wina Krsta\u010d i Cabernet, a tak\u017ce czerwone wina Vranac i Pro Corde. Ofert\u0119 uzupe\u0142niaj\u0105 butikowe winiarnie, takie jak Kne\u017eevi\u0107 w Golubovci i marka Monte Grande. Litr Vranaca w lokalnej restauracji kosztuje od o\u015bmiu do pi\u0119tnastu euro; ceny w supermarketach zaczynaj\u0105 si\u0119 od dw\u00f3ch euro, co podkre\u015bla dost\u0119pno\u015b\u0107 wina.<\/p>\n<p>Etyczne zachowanie wykracza poza czas posi\u0142ku. Instytucje publiczne cz\u0119sto wymagaj\u0105 skromnego ubioru; szorty mog\u0105 okaza\u0107 si\u0119 niemile widziane w szpitalach, budynkach rz\u0105dowych i miejscach kultu. Na pla\u017cach bezdenne opalanie pozostaje ograniczone do wyznaczonych obszar\u00f3w dla naturyst\u00f3w. Zwyczaje wznoszenia toast\u00f3w nakazuj\u0105 bezpo\u015bredni kontakt wzrokowy, w przeciwnym razie gest ten mo\u017ce zosta\u0107 \u017ale zinterpretowany. Rakija, mocna \u015bliwowica, kt\u00f3ra zawiera oko\u0142o pi\u0119\u0107dziesi\u0119ciu trzech procent alkoholu obj\u0119to\u015bciowo, wymaga trze\u017awego szacunku: gospodarze mog\u0105 zaoferowa\u0107 wiele kolejek, ale od go\u015bci oczekuje si\u0119, \u017ce b\u0119d\u0105 popija\u0107 ostro\u017cnie.<\/p>\n<p>Liczba turyst\u00f3w przekroczy\u0142a dwa miliony w ostatnich sezonach, przyci\u0105gni\u0119tych przez wpisan\u0105 na list\u0119 UNESCO panoram\u0119 Zatoki Kotorskiej, XVII-wieczny klasztor Ostrog wykuty w niemal pionowej \u015bcianie klifu i 12-kilometrowe piaski po\u0142udniowego wybrze\u017ca Ulcinj, niegdy\u015b wychwalane przez The New York Times w\u015br\u00f3d \u201e31 najlepszych miejsc do odwiedzenia w 2010 r.\u201d National Geographic Traveler umie\u015bci\u0142 Czarnog\u00f3r\u0119 w swoim dziesi\u0119cioletnim zestawieniu \u201e50 miejsc \u017cycia\u201d, a hotel na wyspie Sveti Stefan zdobi\u0142 ok\u0142adk\u0119 wydania. Jednak poza g\u0142\u00f3wnymi atrakcjami Czarnog\u00f3ra oferuje intymne spotkania: spacer w \u015bwietle ksi\u0119\u017cyca przez cytadel\u0119 Budvy, \u015bwiat\u0142o \u015bwitu roz\u015bwietlaj\u0105ce czerwone dachy Perastu lub wypraw\u0119 kajakow\u0105 pod szczytami Orjen, szorowanymi przez chmury.<\/p>\n<p>Wyzwania infrastrukturalne utrzymuj\u0105 si\u0119. Drogi rzadko spe\u0142niaj\u0105 zachodnioeuropejskie standardy, a d\u0105\u017cenie do uko\u0144czenia po\u0142\u0105cze\u0144 autostradowych wynika zar\u00f3wno z konieczno\u015bci ekonomicznej, jak i z ch\u0119ci bardziej r\u00f3wnomiernego roz\u0142o\u017cenia turystyki w ca\u0142ej republice. Kolej Belgrad\u2013Bar, cud in\u017cynierii przez g\u00f3rskie prze\u0142\u0119cze i tunele, d\u0105\u017cy do przywr\u00f3cenia ruchu towarowego do zamierzonej przepustowo\u015bci. Propozycje dostosowania skroplonego gazu ziemnego w porcie w Barze sygnalizuj\u0105 zwrot w kierunku dywersyfikacji energetycznej i regionalnej \u0142\u0105czno\u015bci.<\/p>\n<p>Na p\u00f3\u0142nocy zimowe \u015bniegi i alpejskie \u0142\u0105ki Durmitoru przyci\u0105gaj\u0105 mi\u0142o\u015bnik\u00f3w aktywno\u015bci na \u015bwie\u017cym powietrzu przez ca\u0142y rok. Kanion rzeki Tara, spadaj\u0105cy na brzegi z wysoko\u015bci ponad 1300 m, nale\u017cy do najd\u0142u\u017cszych i najg\u0142\u0119bszych na \u015bwiecie, oferuj\u0105c wycieczki raftingowe, kt\u00f3re \u0142\u0105cz\u0105 adrenalin\u0119 z cich\u0105 kontemplacj\u0105 wapiennych \u015bcian wyrze\u017abionych przez l\u00f3d i wod\u0119. Park Narodowy Jeziora Szkoderskiego, przeciwnie, promuje \u0142agodniejszy plan: obserwatorzy ptak\u00f3w \u015bledz\u0105 pelikany i czaple po\u015br\u00f3d trzcinowisk, podczas gdy tradycyjne \u0142odzie rybackie sun\u0105 po szklistej wodzie.<\/p>\n<p>Historyczne i kulturowe znaczenie ochrony odbija si\u0119 echem w krajobrazie Czarnog\u00f3ry. Staro\u017cytne klasztory \u2014 Savina w pobli\u017cu Herceg Novi, bazylika \u015bw. \u0141ukasza nad Kotorem i prawos\u0142awne enklawy Budimlja i Nik\u0161i\u0107 \u2014 chroni\u0105 freski, kt\u00f3re wyra\u017caj\u0105 \u015bredniowieczn\u0105 duchowo\u015b\u0107. Weneckie barokowe pa\u0142ace w Pera\u015bcie opowiadaj\u0105 o losach kapitan\u00f3w morskich, kt\u00f3rych morskie wyprawy \u0142\u0105czy\u0142y to wybrze\u017ce z szerszym Morzem \u015ar\u00f3dziemnym. Na g\u00f3rze Ostrog pielgrzymi przemierzaj\u0105 w\u0105skie \u015bcie\u017cki, aby dotrze\u0107 do cel, w kt\u00f3rych w XVII wieku biskup Bazyli z Ostroga szuka\u0142 samotno\u015bci, a p\u00f3\u017aniej \u015bwi\u0119to\u015bci; jego relikwie przyci\u0105gaj\u0105 teraz corocznie wyznawc\u00f3w z ca\u0142ych Ba\u0142kan\u00f3w.<\/p>\n<p>Podgorica, wsp\u00f3\u0142czesna stolica i najwi\u0119ksze miasto Czarnog\u00f3ry, tworzy w\u0142asn\u0105 narracj\u0119 odnowy. Kiedy\u015b znana jako Titograd pod auspicjami Jugos\u0142awii, obecnie ukazuje wsp\u00f3\u0142czesn\u0105 architektur\u0119 i miejsca kulturalne obok meczet\u00f3w z czas\u00f3w Imperium Osma\u0144skiego i pozosta\u0142o\u015bci rzymskich dr\u00f3g. Jest siedzib\u0105 g\u0142\u00f3wnego uniwersytetu kraju i pe\u0142ni funkcj\u0119 centrum administracyjnego, nawet gdy wiejskie gminy zachowuj\u0105 odr\u0119bne to\u017csamo\u015bci zakorzenione w przynale\u017cno\u015bci klanowej i regionalnej.<\/p>\n<p>Mimo rozmiar\u00f3w, wieloetniczny sk\u0142ad Czarnog\u00f3ry opiera si\u0119 homogenizacji. Napi\u0119cia serbsko-czarnog\u00f3rskie, cho\u0107 st\u0142umione w \u017cyciu codziennym, wyp\u0142ywaj\u0105 na powierzchni\u0119 w debatach na temat zarz\u0105dzania ko\u015bcio\u0142em i j\u0119zykowej samoidentyfikacji. Nieuznany Czarnog\u00f3rski Ko\u015bci\u00f3\u0142 Prawos\u0142awny pozostaje dla niekt\u00f3rych spornym symbolem suwerenno\u015bci narodowej, podczas gdy inni uwa\u017caj\u0105 kanoniczne powi\u0105zania z Serbskim Ko\u015bcio\u0142em Prawos\u0142awnym za integraln\u0105 cz\u0119\u015b\u0107 ci\u0105g\u0142o\u015bci religijnej. J\u0119zykowo, czarnog\u00f3rski, serbski, bo\u015bniacki i alba\u0144ski obieg odzwierciedla przynale\u017cno\u015b\u0107 wsp\u00f3lnotow\u0105 tak samo jak kwestie gramatyki i s\u0142ownictwa.<\/p>\n<p>Podsumowuj\u0105c, Czarnog\u00f3ra stoi na styku przesz\u0142o\u015bci i przysz\u0142o\u015bci. Jej miasta i dzikie miejsca, katedry i tradycje klanowe zbiegaj\u0105 si\u0119 w dialogu mi\u0119dzy zachowaniem a innowacj\u0105. Dla zwiedzaj\u0105cego, kt\u00f3ry zbli\u017ca si\u0119 bez oczekiwa\u0144 i po\u015bpiechu, kt\u00f3ry s\u0142ucha rytm\u00f3w \u015bwierszczy na g\u00f3rskich \u0142\u0105kach i obserwuje rybak\u00f3w wyci\u0105gaj\u0105cych sieci o \u015bwicie, republika ukazuje si\u0119 jako co\u015b wi\u0119cej ni\u017c korytarz do adriatyckiego s\u0142o\u0144ca. Zamiast tego oferuje zwart\u0105 kronik\u0119 ludzkich wysi\u0142k\u00f3w: odporn\u0105, osobliw\u0105 i przesi\u0105kni\u0119t\u0105 trwa\u0142ym poczuciem miejsca, kt\u00f3re wykracza poza zwyk\u0142\u0105 geografi\u0119. W Czarnog\u00f3rze ka\u017cdy zwietrza\u0142y kamie\u0144 i kr\u0119ta, przypominaj\u0105ca fiord zatoka zach\u0119caj\u0105 do refleksji nad up\u0142ywem czasu \u2014 i nad trwa\u0142ym zwi\u0105zkiem mi\u0119dzy l\u0105dem a lud\u017ami, kt\u00f3rzy go zamieszkuj\u0105.<\/p>","protected":false},"excerpt":{"rendered":"<p>Czarnog\u00f3ra, po\u0142o\u017cona w po\u0142udniowo-wschodniej Europie na P\u00f3\u0142wyspie Ba\u0142ka\u0144skim, ma populacj\u0119 633 158 os\u00f3b rozproszonych w 25 gminach, obejmuj\u0105cych obszar 13 812 kilometr\u00f3w kwadratowych (5333 mil kwadratowych). Ten zwarty i zr\u00f3\u017cnicowany kraj jest strategicznie po\u0142o\u017cony, dziel\u0105c granice z Bo\u015bni\u0105 i Hercegowin\u0105 na p\u00f3\u0142nocnym zachodzie, Serbi\u0105 na p\u00f3\u0142nocnym wschodzie, Kosowem na wschodzie i Albani\u0105 na po\u0142udniowym wschodzie. Zachodnia granica graniczy z Chorwacj\u0105, a po\u0142udniowo-zachodnie wybrze\u017ce rozci\u0105ga si\u0119 wzd\u0142u\u017c pi\u0119knych lazurowych w\u00f3d Morza Adriatyckiego, prezentuj\u0105c zapieraj\u0105cy dech w piersiach morski aspekt tego g\u00f3rzystego regionu.<\/p>","protected":false},"author":1,"featured_media":4896,"parent":24078,"menu_order":0,"comment_status":"closed","ping_status":"closed","template":"elementor_theme","meta":{"_eb_attr":"","footnotes":""},"class_list":["post-12406","page","type-page","status-publish","has-post-thumbnail"],"_links":{"self":[{"href":"https:\/\/travelshelper.com\/pl\/wp-json\/wp\/v2\/pages\/12406","targetHints":{"allow":["GET"]}}],"collection":[{"href":"https:\/\/travelshelper.com\/pl\/wp-json\/wp\/v2\/pages"}],"about":[{"href":"https:\/\/travelshelper.com\/pl\/wp-json\/wp\/v2\/types\/page"}],"author":[{"embeddable":true,"href":"https:\/\/travelshelper.com\/pl\/wp-json\/wp\/v2\/users\/1"}],"replies":[{"embeddable":true,"href":"https:\/\/travelshelper.com\/pl\/wp-json\/wp\/v2\/comments?post=12406"}],"version-history":[{"count":0,"href":"https:\/\/travelshelper.com\/pl\/wp-json\/wp\/v2\/pages\/12406\/revisions"}],"up":[{"embeddable":true,"href":"https:\/\/travelshelper.com\/pl\/wp-json\/wp\/v2\/pages\/24078"}],"wp:featuredmedia":[{"embeddable":true,"href":"https:\/\/travelshelper.com\/pl\/wp-json\/wp\/v2\/media\/4896"}],"wp:attachment":[{"href":"https:\/\/travelshelper.com\/pl\/wp-json\/wp\/v2\/media?parent=12406"}],"curies":[{"name":"wp","href":"https:\/\/api.w.org\/{rel}","templated":true}]}}