{"id":12305,"date":"2024-09-15T22:10:07","date_gmt":"2024-09-15T22:10:07","guid":{"rendered":"https:\/\/travelshelper.com\/staging\/?page_id=12305"},"modified":"2026-03-12T18:44:28","modified_gmt":"2026-03-12T18:44:28","slug":"macedonia-polnocna","status":"publish","type":"page","link":"https:\/\/travelshelper.com\/pl\/destinations\/europe\/north-macedonia\/","title":{"rendered":"Macedonia P\u00f3\u0142nocna"},"content":{"rendered":"<p>Republika Macedonii P\u00f3\u0142nocnej zajmuje obszar \u015br\u00f3dl\u0105dowy na po\u0142udniowych kra\u0144cach P\u00f3\u0142wyspu Ba\u0142ka\u0144skiego, obejmuj\u0105cy oko\u0142o 25 436 kilometr\u00f3w kwadratowych. Rozci\u0105gaj\u0105c si\u0119 na szeroko\u015bciach geograficznych od 40\u00b0 do 43\u00b0 N i d\u0142ugo\u015bciach geograficznych od 20\u00b0 do 23\u00b0 E, stanowi p\u00f3\u0142nocn\u0105 trzeci\u0105 cz\u0119\u015b\u0107 szerszego regionu geograficznego historycznie znanego jako Macedonia. Kraj graniczy od p\u00f3\u0142nocy z Serbi\u0105, od p\u00f3\u0142nocnego zachodu z Kosowem, od zachodu z Albani\u0105, od po\u0142udnia z Grecj\u0105, a od wschodu z Bu\u0142gari\u0105, przy czym ca\u0142kowita granica l\u0105dowa wynosi oko\u0142o 748 kilometr\u00f3w. Skopje, stolica kraju i najwi\u0119kszy o\u015brodek miejski, utrzymuje oko\u0142o jednej czwartej swojej populacji, kt\u00f3ra przekracza 1,83 miliona mieszka\u0144c\u00f3w. Wi\u0119kszo\u015b\u0107 demograficzn\u0105 stanowi\u0105 etniczni Macedo\u0144czycy, lud po\u0142udniowos\u0142owia\u0144ski, podczas gdy Alba\u0144czycy stanowi\u0105 oko\u0142o jednej czwartej populacji; mniejsze spo\u0142eczno\u015bci obejmuj\u0105 Turk\u00f3w, Rom\u00f3w, Serb\u00f3w, Bo\u015bniak\u00f3w, Aroman\u00f3w i inne grupy.<\/p>\n<p>Zapisy o osadnictwie ludzkim na terytorium znanym obecnie jako Macedonia P\u00f3\u0142nocna si\u0119gaj\u0105 staro\u017cytnego kr\u00f3lestwa Paeonia. Pod koniec VI wieku p.n.e. region ten znalaz\u0142 si\u0119 pod panowaniem Pers\u00f3w Achemenid\u00f3w, a w IV wieku p.n.e. zosta\u0142 wcielony do rozwijaj\u0105cego si\u0119 Kr\u00f3lestwa Macedonii. Republika Rzymska zaanektowa\u0142a ten obszar w II wieku p.n.e., integruj\u0105c go z prowincj\u0105 Macedonii. Po podziale kr\u00f3lestwa rzymskiego terytorium pozosta\u0142o pod w\u0142adz\u0105 bizantyjsk\u0105, pomimo powtarzaj\u0105cych si\u0119 najazd\u00f3w i osadnictwa plemion s\u0142owia\u0144skich od VI wieku n.e. Przez kolejne stulecia kontrola oscylowa\u0142a mi\u0119dzy konkuruj\u0105cymi ze sob\u0105 politykami bu\u0142garskimi, bizantyjskimi i serbskimi, a\u017c do momentu, gdy Imperium Osma\u0144skie podporz\u0105dkowa\u0142o sobie ten region w po\u0142owie XIV wieku. Panowanie osma\u0144skie trwa\u0142o do pocz\u0105tku XX wieku, kiedy to wojny ba\u0142ka\u0144skie z 1912 i 1913 roku umie\u015bci\u0142y wsp\u00f3\u0142czesne granice Macedonii P\u00f3\u0142nocnej pod serbsk\u0105 suwerenno\u015bci\u0105.<\/p>\n<p>Przewroty XX wieku przynios\u0142y dalsze zmiany w rz\u0105dach. Podczas I wojny \u015bwiatowej terytorium administrowa\u0142a Bu\u0142garia, ale koniec wojny przywr\u00f3ci\u0142 serbskie rz\u0105dy w nowo utworzonym Kr\u00f3lestwie Serb\u00f3w, Chorwat\u00f3w i S\u0142owe\u0144c\u00f3w. Podczas II wojny \u015bwiatowej kontrola ponownie przesz\u0142a w r\u0119ce Bu\u0142garii, a wraz z utworzeniem Socjalistycznej Federalnej Republiki Jugos\u0142awii w 1945 r. region sta\u0142 si\u0119 jedn\u0105 z sze\u015bciu jej republik sk\u0142adowych. Pokojowa secesja w 1991 r. przynios\u0142a pe\u0142n\u0105 niepodleg\u0142o\u015b\u0107, a w 1993 r. kraj przyst\u0105pi\u0142 do Organizacji Narod\u00f3w Zjednoczonych pod tymczasow\u0105 nazw\u0105 \u201eby\u0142a Jugos\u0142owia\u0144ska Republika Macedonii\u201d (FYR Macedonia), z powodu sporu o nazewnictwo z Grecj\u0105. Po przed\u0142u\u017caj\u0105cych si\u0119 negocjacjach, Porozumienie Prespy z 2018 r. rozwi\u0105za\u0142o ten sp\u00f3r, okre\u015blaj\u0105c oficjalny tytu\u0142 Republika Macedonii P\u00f3\u0142nocnej, kt\u00f3ry wszed\u0142 w \u017cycie na pocz\u0105tku 2019 r.<\/p>\n<p>Od czasu uzyskania niepodleg\u0142o\u015bci Macedonia P\u00f3\u0142nocna d\u0105\u017cy\u0142a do integracji ze strukturami euroatlantyckimi. Wst\u0105pi\u0142a do NATO w 2020 r. i jest cz\u0142onkiem Rady Europy, Banku \u015awiatowego, Organizacji Bezpiecze\u0144stwa i Wsp\u00f3\u0142pracy w Europie (OBWE), \u015arodkowoeuropejskiej Umowy o Wolnym Handlu (CEFTA), Organizacji Wsp\u00f3\u0142pracy Gospodarczej Morza Czarnego (BSEC) i \u015awiatowej Organizacji Handlu (WTO). B\u0119d\u0105c kandydatem do cz\u0142onkostwa w Unii Europejskiej od 2005 r., kraj ten wprowadzi\u0142 rozleg\u0142e reformy gospodarcze, aby przej\u015b\u0107 z socjalistycznego, centralnie planowanego systemu do gospodarki rynkowej. Sklasyfikowana przez Bank \u015awiatowy jako kraj o wy\u017cszych \u015brednich dochodach, Macedonia P\u00f3\u0142nocna wykazuje profil kraju rozwijaj\u0105cego si\u0119 z bardzo wysokim wska\u017anikiem rozwoju spo\u0142ecznego, niskimi nier\u00f3wno\u015bciami dochod\u00f3w i publicznie finansowanym zabezpieczeniem spo\u0142ecznym, powszechn\u0105 opiek\u0105 zdrowotn\u0105 oraz bezp\u0142atn\u0105 edukacj\u0105 podstawow\u0105 i \u015bredni\u0105.<\/p>\n<p>Topografia Macedonii P\u00f3\u0142nocnej jest zdominowana przez centraln\u0105 dolin\u0119 wyrze\u017abion\u0105 przez rzek\u0119 Wardar i otoczon\u0105 pasmami g\u00f3rskimi. Rozci\u0105gaj\u0105cy si\u0119 mi\u0119dzy g\u00f3rami \u0160ar na p\u00f3\u0142nocnym zachodzie a \u0142a\u0144cuchem Osogovo-Belasica na po\u0142udniowym wschodzie teren jest w du\u017cej mierze nier\u00f3wny. Trzy g\u0142\u00f3wne jeziora \u2014 Ochrydzkie, Prespa i Dojran \u2014 rozci\u0105gaj\u0105 si\u0119 wzd\u0142u\u017c po\u0142udniowych granic kraju, cz\u0119\u015bciowo dzielonych z Albani\u0105 i Grecj\u0105. Jezioro Ochrydzkie nale\u017cy do najstarszych jezior na \u015bwiecie, wraz ze swoim unikalnym ekosystemem wodnym. Region le\u017cy w aktywnej strefie sejsmicznej; co najwa\u017cniejsze, niszczycielskie trz\u0119sienie ziemi w 1963 r. powa\u017cnie uszkodzi\u0142o Skopje i spowodowa\u0142o ponad 1000 ofiar \u015bmiertelnych.<\/p>\n<p>Dwa g\u0142\u00f3wne systemy g\u00f3rskie okre\u015blaj\u0105 rze\u017ab\u0119 terenu kraju. G\u00f3ry \u0160ar i pasmo West Vardar\/Pelagonia, obejmuj\u0105ce szczyty takie jak Baba Mountain, Nid\u017ee, Ko\u017euf i Jakupica, stanowi\u0105 cz\u0119\u015b\u0107 systemu Dynarskiego i s\u0105 geologicznie m\u0142odsze i wy\u017csze ni\u017c \u0142a\u0144cuch Osogovo-Belasica (Rodopy). G\u00f3ra Korab, osi\u0105gaj\u0105ca 2764 metr\u00f3w na granicy z Albani\u0105, stanowi najwy\u017cszy szczyt kraju. Hydrologicznie, drogi wodne Macedonii P\u00f3\u0142nocnej sp\u0142ywaj\u0105 do trzech basen\u00f3w: Egejskiego, Adriatyckiego i Czarnego. Basen Egejski obejmuje oko\u0142o 22 075 kilometr\u00f3w kwadratowych \u2014 oko\u0142o 87 procent terytorium \u2014 a sama rzeka Wardar odprowadza wod\u0119 z 80 procent powierzchni l\u0105du. Basen Adriatycki, zdefiniowany przez rzek\u0119 Czarny Drin i zasilany przez jeziora Prespa i Ochrydzki, obejmuje 3320 kilometr\u00f3w kwadratowych lub 13 procent kraju. Basen Morza Czarnego jest najmniejszy, osuszaj\u0105c zaledwie 37 kilometr\u00f3w kwadratowych na p\u00f3\u0142noc od g\u00f3ry Skopska Crna Gora przez Bina\u010dka Morava i system Morava\u2013Dunaj. Opr\u00f3cz trzech naturalnych jezior, kraj ten zawiera oko\u0142o pi\u0119\u0107dziesi\u0119ciu sztucznych staw\u00f3w i jest gospodarzem dziewi\u0119ciu uzdrowisk i kurort\u00f3w s\u0142yn\u0105cych z w\u00f3d mineralnych.<\/p>\n<p>Klimatycznie Macedonia P\u00f3\u0142nocna do\u015bwiadcza czterech odr\u0119bnych p\u00f3r roku. Lata s\u0105 zazwyczaj ciep\u0142e i suche, a temperatury czasami wzrastaj\u0105 do 40 \u00b0C, szczeg\u00f3lnie w po\u0142udniowych miejscowo\u015bciach Demir Kapija i Gevgelija, gdzie subtropikalne naciski z Morza Egejskiego i wp\u0142ywy z Bliskiego Wschodu powoduj\u0105 przed\u0142u\u017caj\u0105ce si\u0119 okresy upa\u0142\u00f3w. Zimy s\u0105 umiarkowanie zimne i \u015bnie\u017cne, a niskie temperatury spadaj\u0105 do \u221220 \u00b0C pod wp\u0142ywem p\u00f3\u0142nocnych wiatr\u00f3w. Klimat dzieli si\u0119 na trzy g\u0142\u00f3wne strefy: \u0142agodnie kontynentalny re\u017cim na p\u00f3\u0142nocy, umiarkowany \u015br\u00f3dziemnomorski na po\u0142udniu i g\u00f3rski klimat na wy\u017cszych wysoko\u015bciach. Roczne opady r\u00f3\u017cni\u0105 si\u0119 znacznie, od 1 700 mm w g\u00f3rach zachodnich do 500 mm na nizinach wschodnich; dolina Wardaru podobnie odnotowuje oko\u0142o 500 mm rocznie. Te r\u00f3\u017cnice klimatyczne i nawadniaj\u0105ce sprzyjaj\u0105 uprawie r\u00f3\u017cnych ro\u015blin, w tym pszenicy, kukurydzy, ziemniak\u00f3w, maku, orzeszk\u00f3w ziemnych i ry\u017cu. Trzydzie\u015bci g\u0142\u00f3wnych stacji meteorologicznych w ca\u0142ym kraju monitoruje pogod\u0119 i klimat.<\/p>\n<p>Administracyjnie Macedonia P\u00f3\u0142nocna jest podzielona na osiem region\u00f3w statystycznych utworzonych wy\u0142\u0105cznie dla cel\u00f3w prawnych i statystycznych: Wschodni, P\u00f3\u0142nocno-wschodni, Pelagonia, Polog, Skopje, Po\u0142udniowo-wschodni, Po\u0142udniowo-zachodni i Wardar. W sierpniu 2004 r. reforma ustanowi\u0142a 84 gminy, z kt\u00f3rych dziesi\u0119\u0107 tworzy miasto Skopje \u2014 odr\u0119bn\u0105 jednostk\u0119 samorz\u0105dow\u0105 i stolic\u0119 kraju. Reforma skonsolidowa\u0142a wiele z 123 gmin, kt\u00f3re istnia\u0142y od 1996 r., zmieniaj\u0105c granice i \u0142\u0105cz\u0105c mniejsze jednostki w razie potrzeby. Przed wprowadzeniem gmin, lokalne zarz\u0105dzanie dzia\u0142a\u0142o poprzez 34 okr\u0119gi administracyjne lub gminy.<\/p>\n<p>Turystyka stanowi znacz\u0105cy segment gospodarki kraju, stanowi\u0105c 6,7 procent produktu krajowego brutto w 2016 r. i generuj\u0105c oko\u0142o 38,5 miliarda denar\u00f3w (616 milion\u00f3w euro) przychod\u00f3w. Konflikt zbrojny z 2001 r. stanowi\u0142 najpowa\u017cniejszy cios dla turystyki po uzyskaniu niepodleg\u0142o\u015bci; jednak liczba odwiedzaj\u0105cych od tego czasu wzros\u0142a o 14,6 procent w 2011 r. W 2019 r. kraj powita\u0142 1 184 963 przyjazd\u00f3w turyst\u00f3w, z czego 757 593 to go\u015bcie zagraniczni, g\u0142\u00f3wnie z Turcji, s\u0105siedniej Serbii, Grecji i Bu\u0142garii, a tak\u017ce z Polski i innych kraj\u00f3w Europy Zachodniej. Oko\u0142o 60 procent odwiedzaj\u0105cych koncentruje si\u0119 w Skopje i regionie po\u0142udniowo-zachodnim, przyci\u0105gni\u0119tych dziedzictwem kulturowym, udogodnieniami miejskimi i naturalnymi krajobrazami. Turystyka jeziorna, skoncentrowana na Ochrydzie, Prespie i Dojranie, stanowi najbardziej widoczn\u0105 ga\u0142\u0105\u017a, wspieran\u0105 przez ponad pi\u0119\u0107dziesi\u0105t mniejszych jezior polodowcowych. Dobrze rozwini\u0119ta jest tak\u017ce turystyka g\u00f3rska, gdzie szesna\u015bcie szczyt\u00f3w przekracza 2000 metr\u00f3w. Ponadto kwitnie turystyka wiejska, ekoturystyka, turystyka miejska i turystyka kulturalna dzi\u0119ki gastronomii, muzyce tradycyjnej, festiwalom i zabytkom.<\/p>\n<p>Infrastruktura transportowa pozostaje kluczowa dla rozwoju gospodarczego Macedonii P\u00f3\u0142nocnej. Jako pa\u0144stwo \u015br\u00f3dl\u0105dowe w sercu Ba\u0142kan\u00f3w, kraj ten s\u0142u\u017cy jako korytarz tranzytowy dla towar\u00f3w przemieszczaj\u0105cych si\u0119 z portu w Salonikach w Grecji przez wn\u0119trze Ba\u0142kan\u00f3w do Europy Zachodniej, \u015arodkowej i Wschodniej, a tak\u017ce przez Bu\u0142gari\u0119 na wsch\u00f3d. Do 2019 r. sie\u0107 drogowa wyd\u0142u\u017cy\u0142a si\u0119 o oko\u0142o 10 591 kilometr\u00f3w, z czego oko\u0142o 6000 kilometr\u00f3w by\u0142o utwardzonych. G\u0142\u00f3wna arteria przebiega wzd\u0142u\u017c osi p\u00f3\u0142noc-po\u0142udnie doliny Wardar, w szczeg\u00f3lno\u015bci europejska trasa E75 \u0142\u0105cz\u0105ca Grecj\u0119 z Serbi\u0105 i dalej. Sie\u0107 kolejowa, obs\u0142ugiwana przez Makedonski \u017deleznici, rozci\u0105ga si\u0119 na 922 kilometry; jej kluczowa linia biegnie od granicy serbskiej przez Kumanovo, Skopje i Veles do Gevgeliji na granicy greckiej. Od 2001 r. linia \u0142\u0105cz\u0105ca Macedoni\u0119 P\u00f3\u0142nocn\u0105 z Bu\u0142gari\u0105 w Beljakovci u\u0142atwi\u0142a przysz\u0142e po\u0142\u0105czenie Skopje\u2013Sofia. Skopje jest g\u0142\u00f3wnym w\u0119z\u0142em kolejowym, a Veles i Kumanovo pe\u0142ni\u0105 funkcj\u0119 w\u0119z\u0142\u00f3w drugorz\u0119dnych.<\/p>\n<p>Us\u0142ugi pocztowe \u015bwiadczy pa\u0144stwowe przedsi\u0119biorstwo North Macedonia Post, za\u0142o\u017cone w 1992 r. jako PTT Macedonia i przyj\u0119te do \u015awiatowego Zwi\u0105zku Pocztowego w 1993 r.; w 1997 r. funkcje pocztowe i telekomunikacyjne zosta\u0142y rozdzielone, co da\u0142o Macedonian Telekom i North Macedonia Post. Transport wodny jest ograniczony do ruchu jeziornego w Ochrydzie i Prespie, g\u0142\u00f3wnie w celach turystycznych. Infrastruktura lotnicza obejmuje siedemna\u015bcie lotnisk, jedena\u015bcie z utwardzonymi pasami startowymi i dwa lotniska mi\u0119dzynarodowe: Skopje International Airport i Ohrid St. Paul the Apostle Airport.<\/p>\n<p>Wed\u0142ug spisu powszechnego z 2021 r. populacja Macedonii P\u00f3\u0142nocnej wynosi\u0142a 1 836 713, co daje g\u0119sto\u015b\u0107 72,2 os\u00f3b na kilometr kwadratowy i \u015bredni wiek 40,08 lat. Spis odnotowa\u0142 598 632 gospodarstw domowych, \u015brednio 3,06 cz\u0142onk\u00f3w w ka\u017cdym i prawie r\u00f3wn\u0105 r\u00f3wnowag\u0119 p\u0142ci: 50,4 procent kobiet do 49,6 procent m\u0119\u017cczyzn. Pod wzgl\u0119dem etnicznym dominuj\u0105 Macedo\u0144czycy, a nast\u0119pnie Alba\u0144czycy \u2014 kt\u00f3rzy s\u0105 skoncentrowani na p\u00f3\u0142nocnym zachodzie \u2014 Turcy, kt\u00f3rych oficjalna liczba wynosi oko\u0142o 70 000, ale nieoficjalne szacunki m\u00f3wi\u0105 o 200 000, a prawdopodobnie nawet 260 000 Rom\u00f3w w niekt\u00f3rych ocenach. Mniejsze grupy obejmuj\u0105 Serb\u00f3w, Bo\u015bniak\u00f3w i Aroman\u00f3w.<\/p>\n<p>\u017bycie kulturalne w Macedonii P\u00f3\u0142nocnej odzwierciedla bogate dziedzictwo w sztuce, architekturze, literaturze i muzyce, z licznymi staro\u017cytnymi zabytkami religijnymi chronionymi jako skarby narodowe. Architektura ko\u015bcielna obfituje w bizantyjskie freski pochodz\u0105ce z XI do XVI wieku; kilka tysi\u0119cy metr\u00f3w kwadratowych tych obraz\u00f3w przetrwa\u0142o w doskona\u0142ym stanie, b\u0119d\u0105c przyk\u0142adem macedo\u0144skiej szko\u0142y ikonografii. Roczne wydarzenia obejmuj\u0105 Letni Festiwal Muzyki Klasycznej i Dramatu w Ochrydzie, Wieczory Poezji Struga \u2014 kt\u00f3re gromadz\u0105 poet\u00f3w z ponad pi\u0119\u0107dziesi\u0119ciu kraj\u00f3w \u2014 Mi\u0119dzynarodowy Festiwal Aparat\u00f3w Fotograficznych w Bitoli, Otwarty Festiwal Teatru M\u0142odzie\u017cy i Festiwal Jazzowy w Skopje. Opera Narodowa, zainaugurowana w 1947 roku jako Opera Macedo\u0144ska, wystawi\u0142a swoj\u0105 pierwsz\u0105 produkcj\u0119 Cavalleria rusticana pod dyrygentem Branko Pomori\u0161aca; od 1972 roku Wieczory Operowe Majowe w Skopje prezentuj\u0105 dwa do trzech tygodni nocnych przedstawie\u0144, rozpoczynaj\u0105c si\u0119 od Cara Samuila Kiryla Macedo\u0144skiego.<\/p>\n<p>Tradycje kulinarne odzwierciedlaj\u0105 po\u0142o\u017cenie kraju na skrzy\u017cowaniu wp\u0142yw\u00f3w ba\u0142ka\u0144skich, \u015br\u00f3dziemnomorskich i bliskowschodnich. Ciep\u0142y klimat zapewnia obfito\u015b\u0107 warzyw, zi\u00f3\u0142 i owoc\u00f3w, a lokalne mleczarnie i winnice produkuj\u0105 cenione sery i wina. Rakija, owocowa brandy, towarzyszy tav\u010de grav\u010de \u2014 fasoli pieczonej z czerwon\u0105 papryk\u0105 \u2014 kt\u00f3ra jest powszechnie uwa\u017cana za danie narodowe. Mastika, likier o smaku any\u017cu, jest narodowym napojem. Inne popularne specja\u0142y to sa\u0142atka \u0160opska, ajvar (pasta z pieczonej czerwonej papryki), papryka faszerowana i pastrmajlija (rodzaj pasztetu mi\u0119snego).<\/p>\n<p>O\u015brodki miejskie rozci\u0105gaj\u0105 si\u0119 od rozleg\u0142ego obszaru metropolitalnego Skopje, w kt\u00f3rym mieszka ponad p\u00f3\u0142 miliona mieszka\u0144c\u00f3w i kt\u00f3ry jest pe\u0142en meczet\u00f3w osma\u0144skich, neoklasycystycznych fasad, \u015bredniowiecznej twierdzy Kale i kultowego kamiennego mostu nad Wardarem, po mniejsze miasta, takie jak Bitola \u2014 ze staro\u017cytnymi murami miejskimi, bazarami osma\u0144skimi i wsp\u00f3\u0142czesnymi kawiarniami \u2014 Kratovo, po\u0142o\u017cone w wygas\u0142ym kraterze wulkanicznym, i Kru\u0161evo, najwy\u017cej po\u0142o\u017cone miasto w kraju i miejsce powstania z 1878 roku. Po\u0142o\u017cone nad jeziorem miasto Ochryda, podw\u00f3jne miejsce \u015bwiatowego dziedzictwa UNESCO ze wzgl\u0119du na zabytki kulturowe i \u015brodowisko naturalne, szczyci si\u0119 bogactwem ko\u015bcio\u0142\u00f3w bizantyjskich, ko\u015bcio\u0142em \u015bw. Jana w Kaneo, przyczepionym do klifu nad wod\u0105, i jedn\u0105 z najwspanialszych na \u015bwiecie kolekcji ikon s\u0142owia\u0144skich. Jego siostrzane miasto, Struga, oferuje podobny urok z cichsz\u0105 atmosfer\u0105.<\/p>\n<p>Poza obszarami miejskimi, tereny wiejskie roj\u0105 si\u0119 od atrakcji. Park Narodowy Pelister, najstarszy w kraju, jest schronieniem dla endemicznej flory i fauny oraz dw\u00f3ch polodowcowych jezior \u201eMountain Eyes\u201d. Park Narodowy Mavrovo obejmuje najwy\u017cszy szczyt kraju, Golem Korab, g\u0142\u0119boki w\u0105w\u00f3z rzeki Debar i klasztor Sveti Jovan Bigorski. Rzadko odwiedzany rezerwat Jasen w pobli\u017cu Skopje zapewnia siedlisko dla dzikiej przyrody i dziewicze lasy. Inne interesuj\u0105ce miejsca to Kamienne Miasto Kuklica w pobli\u017cu Kratowa, \u015bredniowieczne wie\u017ce Markovi Kuli ko\u0142o Prilepu i stanowisko archeologiczne Stobi, kt\u00f3re chroni ruiny z okresu hellenistycznego, rzymskiego i wczesnochrze\u015bcija\u0144skiego.<\/p>\n<p>Podsumowuj\u0105c, Macedonia P\u00f3\u0142nocna prezentuje gobelin historycznych warstw, r\u00f3\u017cnorodnych krajobraz\u00f3w, stref klimatycznych i tradycji kulturowych. Od staro\u017cytnych pocz\u0105tk\u00f3w poprzez kolejne imperia, socjalistyczn\u0105 federacj\u0119 i pokojow\u0105 niepodleg\u0142o\u015b\u0107, kraj ten wyku\u0142 odr\u0119bn\u0105 to\u017csamo\u015b\u0107 w sercu Ba\u0142kan\u00f3w. Jego g\u00f3rzysty teren, sejsmicznie aktywne doliny, krystaliczne jeziora i miejskie punkty orientacyjne \u015bwiadcz\u0105 o z\u0142o\u017conej geografii fizycznej, podczas gdy jego mozaika demograficzna, specja\u0142y kulinarne i t\u0119tni\u0105ce \u017cyciem festiwale odzwierciedlaj\u0105 pluralistyczne dziedzictwo. Jako w\u0119ze\u0142 tranzytowy i kandydat do cz\u0142onkostwa w Unii Europejskiej, Macedonia P\u00f3\u0142nocna nadal r\u00f3wnowa\u017cy reformy gospodarcze i zachowanie kultury, zapraszaj\u0105c go\u015bci i naukowc\u00f3w do odkrywania jego trwa\u0142ego dziedzictwa i ewoluuj\u0105cej przysz\u0142o\u015bci.<\/p>","protected":false},"excerpt":{"rendered":"<p>Macedonia P\u00f3\u0142nocna, oficjalnie Republika Macedonii P\u00f3\u0142nocnej, jest krajem \u015br\u00f3dl\u0105dowym po\u0142o\u017conym w po\u0142udniowo-wschodniej Europie, z populacj\u0105 oko\u0142o 1,83 miliona mieszka\u0144c\u00f3w. Po\u0142o\u017cony na skrzy\u017cowaniu Ba\u0142kan\u00f3w, ten ma\u0142y kraj graniczy z Grecj\u0105 na po\u0142udniu, Albani\u0105 na zachodzie, Bu\u0142gari\u0105 na wschodzie, Kosowem na p\u00f3\u0142nocnym zachodzie i Serbi\u0105 na p\u00f3\u0142nocy. Strategiczne po\u0142o\u017cenie kraju by\u0142o bardzo wa\u017cne dla ukszta\u0142towania jego bogatej i r\u00f3\u017cnorodnej historii, kultury i populacji.<\/p>","protected":false},"author":1,"featured_media":2831,"parent":24078,"menu_order":0,"comment_status":"closed","ping_status":"closed","template":"elementor_theme","meta":{"_eb_attr":"","footnotes":""},"class_list":["post-12305","page","type-page","status-publish","has-post-thumbnail"],"_links":{"self":[{"href":"https:\/\/travelshelper.com\/pl\/wp-json\/wp\/v2\/pages\/12305","targetHints":{"allow":["GET"]}}],"collection":[{"href":"https:\/\/travelshelper.com\/pl\/wp-json\/wp\/v2\/pages"}],"about":[{"href":"https:\/\/travelshelper.com\/pl\/wp-json\/wp\/v2\/types\/page"}],"author":[{"embeddable":true,"href":"https:\/\/travelshelper.com\/pl\/wp-json\/wp\/v2\/users\/1"}],"replies":[{"embeddable":true,"href":"https:\/\/travelshelper.com\/pl\/wp-json\/wp\/v2\/comments?post=12305"}],"version-history":[{"count":0,"href":"https:\/\/travelshelper.com\/pl\/wp-json\/wp\/v2\/pages\/12305\/revisions"}],"up":[{"embeddable":true,"href":"https:\/\/travelshelper.com\/pl\/wp-json\/wp\/v2\/pages\/24078"}],"wp:featuredmedia":[{"embeddable":true,"href":"https:\/\/travelshelper.com\/pl\/wp-json\/wp\/v2\/media\/2831"}],"wp:attachment":[{"href":"https:\/\/travelshelper.com\/pl\/wp-json\/wp\/v2\/media?parent=12305"}],"curies":[{"name":"wp","href":"https:\/\/api.w.org\/{rel}","templated":true}]}}