{"id":12252,"date":"2024-09-15T20:08:02","date_gmt":"2024-09-15T20:08:02","guid":{"rendered":"https:\/\/travelshelper.com\/staging\/?page_id=12252"},"modified":"2026-03-12T19:24:46","modified_gmt":"2026-03-12T19:24:46","slug":"norwegia","status":"publish","type":"page","link":"https:\/\/travelshelper.com\/pl\/destinations\/europe\/norway\/","title":{"rendered":"Norwegia"},"content":{"rendered":"<p>Kr\u00f3lestwo Norwegii zajmuje zachodni\u0105 i najbardziej wysuni\u0119t\u0105 na p\u00f3\u0142noc cz\u0119\u015b\u0107 P\u00f3\u0142wyspu Skandynawskiego w Europie P\u00f3\u0142nocnej i obejmuje odleg\u0142e arktyczne wyspy Jan Mayen i archipelag Svalbard. Wyspa Bouveta w Subantarktyce jest zale\u017cna, podczas gdy Norwegia ro\u015bci sobie prawa do antarktycznych terytori\u00f3w Wyspy Piotra I i Ziemi Kr\u00f3lowej Maud. W czwartym kwartale 2024 r. populacja wynosi\u0142a 5 585 044, a Oslo pe\u0142ni\u0142o funkcj\u0119 zar\u00f3wno stolicy, jak i najwi\u0119kszego miasta. Ca\u0142kowita powierzchnia kr\u00f3lestwa wynosi 385 207 kilometr\u00f3w kwadratowych, wliczaj\u0105c Svalbard i Jan Mayen, lub 323 808 kilometr\u00f3w kwadratowych bez nich.<\/p>\n<p>Rozci\u0105gaj\u0105c si\u0119 mi\u0119dzy szeroko\u015bciami geograficznymi 57\u00b0 i 81\u00b0 N oraz d\u0142ugo\u015bciami geograficznymi 4\u00b0 i 32\u00b0 E, Norwegia dzieli granic\u0119 l\u0105dow\u0105 o d\u0142ugo\u015bci 1 619 kilometr\u00f3w ze Szwecj\u0105, 727 kilometr\u00f3w z Finlandi\u0105 i 196 kilometr\u00f3w z Rosj\u0105. Jej rozleg\u0142a linia brzegowa wychodzi na cie\u015bnin\u0119 Skagerrak, Morze P\u00f3\u0142nocne, Morze Norweskie i Morze Barentsa. Linia bazowa wybrze\u017ca l\u0105dowego wynosi 2 532 kilometry, podczas gdy ca\u0142kowita linia brzegowa \u2014 uwzgl\u0119dniaj\u0105c fiordy \u2014 rozci\u0105ga si\u0119 na 28 953 kilometry. Wliczaj\u0105c wyspy, liczba ta wzrasta do szacowanych 100 915 kilometr\u00f3w. G\u00f3ry Skandynawskie stanowi\u0105 wi\u0119ksz\u0105 cz\u0119\u015b\u0107 wschodniej granicy ze Szwecj\u0105.<\/p>\n<p>Du\u017ca cz\u0119\u015b\u0107 terenu Norwegii odzwierciedla tysi\u0105clecia rze\u017abienia lodowcowego. Fiordy, a zw\u0142aszcza Sognefjorden o d\u0142ugo\u015bci 204 kilometr\u00f3w, drugi najg\u0142\u0119bszy na \u015bwiecie, rze\u017abi\u0105 g\u0142\u0119bokie zatoki w wybrze\u017cu. Hornindalsvatnet, najg\u0142\u0119bsze jezioro w Europie, osi\u0105ga g\u0142\u0119boko\u015b\u0107 ponad 500 metr\u00f3w. Norwegia zawiera oko\u0142o 400 000 jezior i 239 057 zarejestrowanych wysp. Wieczna zmarzlina utrzymuje si\u0119 przez ca\u0142y rok w wyniesionych regionach g\u00f3rskich i w g\u0142\u0119bi hrabstwa Finnmark, podczas gdy lodowce s\u0105 nadal liczne na wy\u017cynach. Pod\u0142o\u017ce skalne sk\u0142ada si\u0119 g\u0142\u00f3wnie z twardego granitu i gnejsu, z \u0142upkami, piaskowcami i wapieniami na ni\u017cszych wysoko\u015bciach oraz osadami morskimi wzd\u0142u\u017c r\u00f3wnin przybrze\u017cnych.<\/p>\n<p>Klimat Norwegii r\u00f3\u017cni si\u0119 znacznie od wybrze\u017ca do wy\u017cyn \u015br\u00f3dl\u0105dowych. Pr\u0105d Zatokowy i przewa\u017caj\u0105ce wiatry zachodnie podnosz\u0105 temperatury wybrze\u017ca powy\u017cej oczekiwa\u0144 dla takich p\u00f3\u0142nocnych szeroko\u015bci geograficznych i zwi\u0119kszaj\u0105 opady. Niziny wok\u00f3\u0142 Oslo do\u015bwiadczaj\u0105 najcieplejszych lat, ale nadal znosz\u0105 \u015bnieg i zimne zimy. Obszary przybrze\u017cne nara\u017cone na sztormy atlantyckie otrzymuj\u0105 obfite opady deszczu, podczas gdy zawietrzne strony g\u00f3r przybrze\u017cnych le\u017c\u0105 w cieniu deszczowym i odnotowuj\u0105 ni\u017csze opady. Troms\u00f8, na p\u00f3\u0142nocy Arktyki, odnotowa\u0142o kiedy\u015b 430 godzin s\u0142onecznych w ci\u0105gu jednego miesi\u0105ca. Powy\u017cej ko\u0142a podbiegunowego s\u0142o\u0144ce o p\u00f3\u0142nocy panuje od ko\u0144ca maja do ko\u0144ca lipca; poni\u017cej niego \u015bwiat\u0142o dzienne mo\u017ce si\u0119ga\u0107 do 20 godzin dziennie. Z kolei noc polarna trwa od ko\u0144ca listopada do ko\u0144ca stycznia na terytoriach p\u00f3\u0142nocnych, z minimalnym \u015bwiat\u0142em dziennym w innych miejscach. Strefy klimatyczne rozci\u0105gaj\u0105 si\u0119 od oceanicznej i subpolarnej oceanicznej wzd\u0142u\u017c wybrze\u017cy, przez wilgotn\u0105 kontynentaln\u0105 w cz\u0119\u015bciach po\u0142udniowego wschodu, po morsk\u0105 subarktyczn\u0105 i arktyczn\u0105 tundr\u0119 na dalekiej p\u00f3\u0142nocy i na Svalbardzie.<\/p>\n<p>Zjednoczone Kr\u00f3lestwo Norwegii wywodzi swoje pocz\u0105tki z konsolidacji ma\u0142ych kr\u00f3lestw w 872 r. Od 1537 do 1814 r. by\u0142o cz\u0119\u015bci\u0105 unii du\u0144sko-norweskiej, po czym zawar\u0142o uni\u0119 personaln\u0105 ze Szwecj\u0105, kt\u00f3ra obowi\u0105zywa\u0142a do 1905 r. Norwegia pozosta\u0142a neutralna podczas I wojny \u015bwiatowej i pocz\u0105tkowo podczas II wojny \u015bwiatowej a\u017c do niemieckiej inwazji w kwietniu 1940 r., pozostaj\u0105c pod okupacj\u0105 do 1945 r.<\/p>\n<p>Zgodnie z konstytucj\u0105 z 1814 r. Norwegia funkcjonuje jako pa\u0144stwo unitarne z monarchi\u0105 konstytucyjn\u0105. Kr\u00f3l Harald V z dynastii Gl\u00fccksburg zasiada na tronie, a Jonas Gahr St\u00f8re piastuje urz\u0105d premiera od 2021 r. W\u0142adza ustawodawcza nale\u017cy do parlamentu jednoizbowego (Storting), w\u0142adza wykonawcza do gabinetu, a w\u0142adza s\u0105downicza do S\u0105du Najwy\u017cszego. Podzia\u0142 administracyjny sk\u0142ada si\u0119 z powiat\u00f3w (fylker) i gmin (kommuner). Parlament Saam\u00f3w, wspierany przez ustaw\u0119 Finnmark, przyznaje rdzennej ludno\u015bci Saam\u00f3w ograniczone samostanowienie na tradycyjnych terytoriach.<\/p>\n<p>Norwegia utrzymuje bliskie stosunki dyplomatyczne i gospodarcze z Uni\u0105 Europejsk\u0105 poprzez Europejski Obszar Gospodarczy, uczestniczy w Strefie Schengen i szeroko wsp\u00f3\u0142pracuje ze Stanami Zjednoczonymi. Jest cz\u0142onkiem za\u0142o\u017cycielem Organizacji Narod\u00f3w Zjednoczonych, NATO, Europejskiego Stowarzyszenia Wolnego Handlu, Rady Europy, Traktatu Antarktycznego i Rady Nordyckiej, a tak\u017ce nale\u017cy do \u015awiatowej Organizacji Handlu i OECD. Norweskie dialekty pozostaj\u0105 wzajemnie zrozumia\u0142e z dialektami Danii i Szwecji.<\/p>\n<p>Norweski model dobrobytu zapewnia powszechn\u0105 opiek\u0119 zdrowotn\u0105 i kompleksowe zabezpieczenie spo\u0142eczne oparte na zasadach egalitarnych. Pa\u0144stwo utrzymuje wi\u0119kszo\u015bciowe lub znacz\u0105ce udzia\u0142y w sektorach strategicznych, w tym w przemy\u015ble naftowym, gazowym, mineralnym, drzewnym, owocach morza i hydroenergetyce. Wydobycie ropy naftowej i gazu stanowi oko\u0142o jednej czwartej produktu krajowego brutto, a Norwegia jest najwi\u0119kszym producentem tych zasob\u00f3w na mieszka\u0144ca poza Bliskim Wschodem. Doch\u00f3d na mieszka\u0144ca plasuje Norwegi\u0119 w\u015br\u00f3d najwy\u017cszych na \u015bwiecie \u2014 czwarte miejsce wed\u0142ug wska\u017anik\u00f3w Banku \u015awiatowego i \u00f3sme wed\u0142ug MFW. Aktywa funduszy maj\u0105tkowych pa\u0144stw wynosz\u0105 oko\u0142o 1,3 biliona dolar\u00f3w, co jest najwi\u0119ksz\u0105 warto\u015bci\u0105 na \u015bwiecie.<\/p>\n<p>Mierz\u0105c PKB na mieszka\u0144ca, Norwegia zajmuje drugie miejsce w\u015br\u00f3d kraj\u00f3w europejskich, po Luksemburgu, i sz\u00f3ste miejsce na \u015bwiecie pod wzgl\u0119dem parytetu si\u0142y nabywczej. Kraj ten pe\u0142ni\u0142 funkcj\u0119 zewn\u0119trznego wierzyciela netto d\u0142ugu i odzyska\u0142 najwy\u017csz\u0105 pozycj\u0119 w Indeksie Rozwoju Spo\u0142ecznego Programu Narod\u00f3w Zjednoczonych ds. Rozwoju w 2009 r. Stabilno\u015b\u0107 i integralno\u015b\u0107 instytucjonalna Norwegii zapewni\u0142y jej najni\u017csz\u0105 pozycj\u0119 w Indeksie Pa\u0144stw Upad\u0142ych zar\u00f3wno w 2009 r., jak i w 2023 r.<\/p>\n<p>Gospodarka mieszana charakteryzuje si\u0119 solidn\u0105 przedsi\u0119biorczo\u015bci\u0105 prywatn\u0105 obok znacz\u0105cego udzia\u0142u pa\u0144stwa. Publiczna opieka zdrowotna nak\u0142ada skromn\u0105 roczn\u0105 op\u0142at\u0119 dla os\u00f3b doros\u0142ych powy\u017cej 16 roku \u017cycia, a urlop rodzicielski jest p\u0142atny przez 46 tygodni. W lutym 2025 r. bezrobocie wynosi\u0142o 3,9 procent, przy czym 69,7 procent os\u00f3b w wieku 15\u201374 lat by\u0142o zatrudnionych. Zasi\u0142ki inwalidzkie osi\u0105gn\u0119\u0142y 10,6 procent os\u00f3b w wieku 18\u201367 lat, a zatrudnienie w sektorze publicznym stanowi\u0142o 30 procent si\u0142y roboczej. \u015arednia wydajno\u015b\u0107 godzinowa i p\u0142ace nale\u017c\u0105 do najwy\u017cszych na \u015bwiecie.<\/p>\n<p>Rozproszenie geograficzne i nier\u00f3wny teren ukszta\u0142towa\u0142y infrastruktur\u0119 transportow\u0105. Transport publiczny jest s\u0142abo rozwini\u0119ty w por\u00f3wnaniu z innymi pa\u0144stwami europejskimi, zw\u0142aszcza poza o\u015brodkami miejskimi. Sie\u0107 kolejowa Norwegii obejmuje 4 114 kilometr\u00f3w standardowego rozstawu szyn, z czego 62 procent jest zelektryfikowanych pr\u0105dem przemiennym 15 kV 16,7 Hz; 64 kilometry obs\u0142uguj\u0105 pr\u0119dko\u015bci do 210 km\/h. W 2023 r. koleje przewioz\u0142y 78,22 mln pasa\u017cer\u00f3w na przestrzeni 3 153 mln pasa\u017cerokilometr\u00f3w i przetransportowa\u0142y 32,23 mln ton \u0142adunk\u00f3w na przestrzeni 3 928 mln tonokilometr\u00f3w. W\u0142a\u015bcicielem sieci jest Bane NOR; operatorami s\u0105 Vy, SJ, Go-Ahead i Flytoget w zakresie us\u0142ug pasa\u017cerskich oraz CargoNet i OnRail w zakresie przewoz\u00f3w towarowych. Bud\u017cety pa\u0144stwowe finansuj\u0105 inwestycje i utrzymanie, uzupe\u0142niane dotacjami operacyjnymi.<\/p>\n<p>Sie\u0107 dr\u00f3g publicznych rozci\u0105ga si\u0119 na 95 120 kilometr\u00f3w, z czego 72 033 kilometry to drogi utwardzone, a 664 kilometry to wyznaczone autostrady. Trasy klasyfikowane jako drogi krajowe i g\u0142\u00f3wne drogi powiatowe integruj\u0105 si\u0119 z europejskim systemem dr\u00f3g E, w szczeg\u00f3lno\u015bci E6 biegn\u0105ca przez ca\u0142y kraj z p\u00f3\u0142nocy na po\u0142udnie i E39 okr\u0105\u017caj\u0105ca zachodnie wybrze\u017ce. Norweska Administracja Dr\u00f3g Publicznych nadzoruje drogi krajowe i powiatowe.<\/p>\n<p>Norwegia jest \u015bwiatowym liderem w zakresie pojazd\u00f3w elektrycznych typu plug-in na mieszka\u0144ca; w marcu 2014 r. ponad jeden na 100 samochod\u00f3w osobowych na jej drogach by\u0142 zasilany energi\u0105 elektryczn\u0105. Udzia\u0142 sprzeda\u017cy nowych samochod\u00f3w reprezentowany przez modele elektryczne pozostaje najwy\u017cszy na \u015bwiecie. Propozycje legislacyjne maj\u0105 na celu zakaz sprzeda\u017cy nowych samochod\u00f3w benzynowych i wysokopr\u0119\u017cnych ju\u017c w 2025 r.<\/p>\n<p>Lotnictwo obejmuje oko\u0142o 146 lotnisk, 52 publiczne i 43 obs\u0142ugiwane przez pa\u0144stwowe Avinor. Siedem lotnisk obs\u0142uguje ponad milion pasa\u017cer\u00f3w rocznie; ca\u0142kowita przepustowo\u015b\u0107 pasa\u017cer\u00f3w osi\u0105gn\u0119\u0142a ponad 41 milion\u00f3w w 2007 roku. Port lotniczy Oslo-Gardermoen le\u017cy 35 kilometr\u00f3w na p\u00f3\u0142nocny wsch\u00f3d od stolicy i pe\u0142ni funkcj\u0119 g\u0142\u00f3wnej bramy mi\u0119dzynarodowej. Dzia\u0142a jako w\u0119ze\u0142 dla linii lotniczych Scandinavian Airlines, Norwegian Air Shuttle i przewo\u017anik\u00f3w regionalnych, oferuj\u0105c bezpo\u015brednie po\u0142\u0105czenia w ca\u0142ej Europie i do wybranych mi\u0119dzykontynentalnych destynacji. Szybki poci\u0105g \u0142\u0105czy lotnisko z dworcem centralnym w Oslo co dziesi\u0119\u0107 minut, a podr\u00f3\u017c trwa 20 minut.<\/p>\n<p>Turystyka stanowi\u0142a 4,2 procent PKB w 2016 r., a jeden na pi\u0119tnastu Norweg\u00f3w by\u0142 zatrudniony w tym sektorze. Sezonowo\u015b\u0107 osi\u0105ga szczyt mi\u0119dzy majem a sierpniem, kiedy przybywa ponad po\u0142owa wszystkich odwiedzaj\u0105cych. R\u00f3\u017cnorodne krajobrazy \u2014 fiordy, g\u00f3ry, o\u015brodki narciarskie, jeziora i lasy \u2014 stanowi\u0105 podstaw\u0119 atrakcyjno\u015bci Norwegii. G\u0142\u00f3wne destynacje miejskie to Oslo, \u00c5lesund, Bergen, Stavanger, Trondheim, Kristiansand, Troms\u00f8, Fredrikstad i T\u00f8nsberg. Odwiedzaj\u0105cy cz\u0119sto odwiedzaj\u0105 r\u00f3wnie\u017c miejsca naturalne, takie jak Droga Atlantycka, p\u0142askowy\u017c Hardangervidda, lodowiec Jostedalsbreen, g\u00f3ry Jotunheimen, wyspy Lofoten i klif na Nordkapp. Zabytki kultury obejmuj\u0105 skoczni\u0119 narciarsk\u0105 Holmenkollen i instalacj\u0119 Vigelanda w Oslo, nabrze\u017ce Bryggen w Bergen, katedr\u0119 Nidaros w Trondheim i ruiny twierdzy w T\u00f8nsberg i Fredrikstad.<\/p>\n<p>Etniczni Norwegowie tworz\u0105 lud p\u00f3\u0142nocnogerma\u0144ski. Ca\u0142kowity wsp\u00f3\u0142czynnik dzietno\u015bci w 2023 r. wyni\u00f3s\u0142 1,40 dziecka na kobiet\u0119, poni\u017cej poziomu zast\u0119powalno\u015bci 2,1 i w d\u00f3\u0142 od szczytu 4,69 w 1877 r. Mediana wieku osi\u0105gn\u0119\u0142a 40 lat w 2024 r. Saamowie, rdzenni mieszka\u0144cy arktycznych region\u00f3w Norwegii, Szwecji, Finlandii i P\u00f3\u0142wyspu Kolskiego w Rosji, oraz Kvenowie, potomkowie fi\u0144skich migrant\u00f3w, stanowi\u0105 uznane mniejszo\u015bci. Polityka pa\u0144stwowa norwegizacji w XIX i XX wieku doprowadzi\u0142a do tego, \u017ce wiele os\u00f3b o pochodzeniu Saam\u00f3w lub Kven\u00f3w identyfikowa\u0142o si\u0119 jako etniczni Norwegowie.<\/p>\n<p>Norweska kultura zachowuje silne zwi\u0105zki ze swoj\u0105 rolnicz\u0105 przesz\u0142o\u015bci\u0105. Dziewi\u0119tnastowieczny romantyczny nacjonalizm, kt\u00f3ry pojawi\u0142 si\u0119 wok\u00f3\u0142 tradycji rolniczych, ukszta\u0142towa\u0142 j\u0119zyk, literatur\u0119, sztuk\u0119 i muzyk\u0119 \u2014 wp\u0142yw ten jest widoczny do dzi\u015b dzi\u0119ki rz\u0105dowemu wsparciu dla instytucji kulturalnych i projekt\u00f3w. Dziedzictwo architektoniczne rozci\u0105ga si\u0119 od \u015bredniowiecznych ko\u015bcio\u0142\u00f3w klepkowych \u2014 ko\u015bci\u00f3\u0142 klepkowy Urnes ma status \u015bwiatowego dziedzictwa UNESCO \u2014 po drewniane fasady nabrze\u017ca Bryggen. Kamienne katedry, barokowe ko\u015bcio\u0142y w Kongsberg i drewniane domy g\u00f3rnik\u00f3w w R\u00f8ros s\u0105 \u015bwiadkami kolejnych epok. Wczesne projekty Christiana H. Groscha z XIX wieku obejmuj\u0105 Uniwersytet w Oslo i Gie\u0142d\u0119 Papier\u00f3w Warto\u015bciowych w Oslo. Przebudowa \u00c5lesund w 1904 r. wprowadzi\u0142a do Norwegii secesj\u0119, podczas gdy funkcjonalizm zyska\u0142 na znaczeniu w latach 30. XX wieku. Architekci ko\u0144ca XX wieku zdobyli mi\u0119dzynarodowe uznanie; wy\u0142o\u017cona drewnem sala obrad parlamentu Saam\u00f3w w pobli\u017cu K\u00e1r\u00e1\u0161johka przywo\u0142uje tradycyjne lavvo.<\/p>\n<p>Kuchnia odzwierciedla zasoby morskie i rolnicze. Owoce morza, takie jak \u0142oso\u015b, \u015bled\u017a, pstr\u0105g i dorsz, wyst\u0119puj\u0105 obok ser\u00f3w, w tym brunost, Jarlsberg i gamalost, produkt\u00f3w mlecznych i g\u0119stych pieczywa. Sezonowe specja\u0142y obejmuj\u0105 lefse, placek ziemniaczany podawany z mas\u0142em i cukrem; konserwowane i fermentowane dania, takie jak lutefisk, smalahove, pinnekj\u00f8tt, raspeball, f\u00e5rik\u00e5l i rakefisk; oraz szeroko rozpowszechniony vaffel.<\/p>\n<p>Sze\u015b\u0107 kontynentalnych region\u00f3w Norwegii \u2014 \u00d8stlandet otaczaj\u0105cy Oslo; Tr\u00f8ndelag; Norwegia P\u00f3\u0142nocna; Agder; Norwegia Zachodnia; i hrabstwa \u015br\u00f3dl\u0105dowe \u2014 prezentuj\u0105 zr\u00f3\u017cnicowany teren i tradycje kulturowe. Arktyczne \u015brodowisko Svalbardu jest domem dla nied\u017awiedzi polarnych i instalacji satelitarnych, podczas gdy Jan Mayen pozostaje w du\u017cej mierze niedost\u0119pny bez specjalnego pozwolenia.<\/p>\n<p>Od czasu zjednoczenia w 872 r. Norwegia utrzymuje nieprzerwan\u0105 pa\u0144stwowo\u015b\u0107 przez ponad jedena\u015bcie stuleci. Jej po\u0142\u0105czenie monarchii konstytucyjnej, demokracji parlamentarnej i kompleksowych przepis\u00f3w socjalnych stanowi podstaw\u0119 wysokich standard\u00f3w \u017cycia, odporno\u015bci gospodarczej i stabilno\u015bci politycznej. Bogate zasoby naturalne, od rezerw ropy naftowej po energi\u0119 wodn\u0105 i rybo\u0142\u00f3wstwo, wspieraj\u0105 gospodark\u0119 mieszan\u0105 i najwi\u0119kszy na \u015bwiecie fundusz maj\u0105tku narodowego. R\u00f3\u017cnorodne klimaty i krajobrazy stanowi\u0105 du\u017c\u0105 atrakcj\u0119 turystyczn\u0105, od wra\u017ce\u0144 s\u0142o\u0144ca o p\u00f3\u0142nocy nad ko\u0142em podbiegunowym po wycieczki po fiordach w zachodniej Norwegii. Trwa\u0142y \u015blad kulturowy tradycji rolniczych, osi\u0105gni\u0119\u0107 literackich i architektonicznych oraz t\u0119tni\u0105cych \u017cyciem o\u015brodk\u00f3w miejskich kszta\u0142tuje to\u017csamo\u015b\u0107 narodow\u0105 ukszta\u0142towan\u0105 przez geografi\u0119, histori\u0119 i egalitaryzm spo\u0142eczny.<\/p>","protected":false},"excerpt":{"rendered":"<p>Norwegia, formalnie znana jako Kr\u00f3lestwo Norwegii, jest krajem nordyckim po\u0142o\u017conym w Europie P\u00f3\u0142nocnej na P\u00f3\u0142wyspie Skandynawskim, z populacj\u0105 5 576 660 os\u00f3b w 2024 r. Cz\u0119\u015bci\u0105 Kr\u00f3lestwa Norwegii jest r\u00f3wnie\u017c odizolowana arktyczna wyspa Jan Mayen i archipelag Svalbard. Nie b\u0119d\u0105ca cz\u0119\u015bci\u0105 Kr\u00f3lestwa, Wyspa Bouveta, na Subantarktyce jest zale\u017cna; Norwegia ro\u015bci sobie r\u00f3wnie\u017c prawa do antarktycznego terytorium Wyspy Piotra I i Ziemi Kr\u00f3lowej Maud. Oslo jest zar\u00f3wno stolic\u0105, jak i najwi\u0119kszym miastem w Norwegii.<\/p>","protected":false},"author":1,"featured_media":3041,"parent":24078,"menu_order":0,"comment_status":"closed","ping_status":"closed","template":"elementor_theme","meta":{"_eb_attr":"","footnotes":""},"class_list":["post-12252","page","type-page","status-publish","has-post-thumbnail"],"_links":{"self":[{"href":"https:\/\/travelshelper.com\/pl\/wp-json\/wp\/v2\/pages\/12252","targetHints":{"allow":["GET"]}}],"collection":[{"href":"https:\/\/travelshelper.com\/pl\/wp-json\/wp\/v2\/pages"}],"about":[{"href":"https:\/\/travelshelper.com\/pl\/wp-json\/wp\/v2\/types\/page"}],"author":[{"embeddable":true,"href":"https:\/\/travelshelper.com\/pl\/wp-json\/wp\/v2\/users\/1"}],"replies":[{"embeddable":true,"href":"https:\/\/travelshelper.com\/pl\/wp-json\/wp\/v2\/comments?post=12252"}],"version-history":[{"count":0,"href":"https:\/\/travelshelper.com\/pl\/wp-json\/wp\/v2\/pages\/12252\/revisions"}],"up":[{"embeddable":true,"href":"https:\/\/travelshelper.com\/pl\/wp-json\/wp\/v2\/pages\/24078"}],"wp:featuredmedia":[{"embeddable":true,"href":"https:\/\/travelshelper.com\/pl\/wp-json\/wp\/v2\/media\/3041"}],"wp:attachment":[{"href":"https:\/\/travelshelper.com\/pl\/wp-json\/wp\/v2\/media?parent=12252"}],"curies":[{"name":"wp","href":"https:\/\/api.w.org\/{rel}","templated":true}]}}