{"id":12137,"date":"2024-09-15T15:14:54","date_gmt":"2024-09-15T15:14:54","guid":{"rendered":"https:\/\/travelshelper.com\/staging\/?page_id=12137"},"modified":"2026-03-12T18:45:26","modified_gmt":"2026-03-12T18:45:26","slug":"polska","status":"publish","type":"page","link":"https:\/\/travelshelper.com\/pl\/destinations\/europe\/poland\/","title":{"rendered":"Polska"},"content":{"rendered":"<p>Polska le\u017cy w samym sercu kontynentu europejskiego, nar\u00f3d licz\u0105cy nieco ponad 38 milion\u00f3w ludzi, roz\u0142o\u017cony na obszarze oko\u0142o 312 700 km\u00b2 rozci\u0105gaj\u0105cym si\u0119 od piaszczystych brzeg\u00f3w Morza Ba\u0142tyckiego na p\u00f3\u0142nocy po surowe szczyty Karpat i Sudet\u00f3w na po\u0142udniu. Po\u0142o\u017cony mi\u0119dzy Niemcami na zachodzie, Litw\u0105 i obwodem kaliningradzkim Rosji na p\u00f3\u0142nocnym wschodzie, Bia\u0142orusi\u0105 i Ukrain\u0105 na wschodzie oraz S\u0142owacj\u0105 i Czechami na po\u0142udniu, jego krajobraz jest mozaik\u0105 p\u0142askich r\u00f3wnin, pag\u00f3rk\u00f3w, g\u0119stych las\u00f3w, tysi\u0119cy jezior i wznosz\u0105cych si\u0119 szczyt\u00f3w \u2014 wszystko to w umiarkowanym klimacie, kt\u00f3ry zmienia si\u0119 od \u0142agodnych bryz oceanicznych na p\u00f3\u0142nocnym zachodzie do rze\u015bkiego powietrza kontynentalnego na po\u0142udniowym wschodzie.<\/p>\n<p>Od pierwszych przeb\u0142ysk\u00f3w ludzkiej aktywno\u015bci w dolnym paleolicie po blask latarni ulicznych w nowoczesnej Warszawie, historia Polski jest nierozerwalnie zwi\u0105zana z szerszymi nurtami historii Europy. Po ostatnim zlodowaceniu kolejne fale osadnik\u00f3w uczyni\u0142y te ziemie domem, ale to we wczesnym \u015bredniowieczu zachodnios\u0142owia\u0144scy Polanie po\u0142\u0105czyli si\u0119 w pa\u0144stwo pod dynasti\u0105 Piast\u00f3w. W 966 roku ksi\u0105\u017c\u0119 Mieszko I przyj\u0105\u0142 chrze\u015bcija\u0144stwo \u2014 decyzja, kt\u00f3ra po\u0142o\u017cy\u0142a duchowe i polityczne fundamenty tego, co w 1025 roku mia\u0142o sta\u0107 si\u0119 Kr\u00f3lestwem Polskim. Wieki p\u00f3\u017aniej, monarchia elekcyjna Rzeczypospolitej Obojga Narod\u00f3w, ukszta\u0142towana przez Uni\u0119 Lubelsk\u0105 w 1569 roku, zas\u0142yn\u0119\u0142a ze swojej wzgl\u0119dnej tolerancji religijnej i pionierskiej konstytucji z 1791 roku, jednak splendor Z\u0142otego Wieku nie m\u00f3g\u0142 powstrzyma\u0107 fali rozbior\u00f3w pod koniec XVIII wieku przez s\u0105siednie imperia, kt\u00f3re wymaza\u0142y Polsk\u0119 z mapy na 123 lata.<\/p>\n<p>Kiedy w sierpniu 1914 roku ucich\u0142y dzia\u0142a, a nast\u0119pnie wraz z upadkiem imperi\u00f3w w 1918 roku, Polska odrodzi\u0142a si\u0119 jako Druga Rzeczpospolita, \u017cegluj\u0105c przez niebezpieczny okres mi\u0119dzywojenny naznaczony konfliktami granicznymi, fermentem spo\u0142ecznym i ambicj\u0105 stworzenia nowoczesnego pa\u0144stwa narodowego. Ta krucha niepodleg\u0142o\u015b\u0107 spotka\u0142a si\u0119 z kataklizmem we wrze\u015bniu 1939 roku, kiedy Niemcy i Zwi\u0105zek Radziecki dokona\u0142y inwazji w tandemie, rozp\u0119tuj\u0105c II wojn\u0119 \u015bwiatow\u0105 na polskiej ziemi. Holokaust zdziesi\u0105tkowa\u0142 \u017cyw\u0105 spo\u0142eczno\u015b\u0107 \u017cydowsk\u0105 w Polsce, a wojna poch\u0142on\u0119\u0142a miliony polskich istnie\u0144. W rezultacie Polska znalaz\u0142a si\u0119 w strefie sowieckiej jako Republika Ludowa, jej kultura zosta\u0142a st\u0142umiona pod \u017belazn\u0105 Kurtyn\u0105 a\u017c do powstania ruchu Solidarno\u015bci w latach 80. i donios\u0142ych negocjacji z 1989 roku, kt\u00f3re przywr\u00f3ci\u0142y liberaln\u0105 demokracj\u0119 \u2014 Polska sta\u0142a si\u0119 w ten spos\u00f3b pierwszym radzieckim satelit\u0105, kt\u00f3ry si\u0119 wyzwoli\u0142, przygotowuj\u0105c grunt pod jej przyst\u0105pienie do NATO w 1999 roku i do Unii Europejskiej w 2004 roku.<\/p>\n<p>Obecnie Polska jest p\u00f3\u0142prezydenck\u0105 republik\u0105 z dwuizbowym parlamentem \u2014 wybieralnym Sejmem i Senatem \u2014 r\u00f3wnowa\u017conym przez prezydenta i premiera. Jej gospodarka rynkowa plasuje si\u0119 na sz\u00f3stym miejscu w UE pod wzgl\u0119dem nominalnego PKB i pi\u0105tym pod wzgl\u0119dem parytetu si\u0142y nabywczej, jednak jej wzrost gospodarczy przewy\u017cszy\u0142 wiele innych kraj\u00f3w w ostatnich dekadach. Bezrobocie utrzymuje si\u0119 w pobli\u017cu historycznie niskiego poziomu oko\u0142o 3 procent, a zr\u00f3\u017cnicowana si\u0142a robocza umieszcza ponad 60 procent w us\u0142ugach, jedn\u0105 trzeci\u0105 w produkcji i rozwijaj\u0105cym si\u0119 sektorze rolnym. Klastry innowacji rozwijaj\u0105 si\u0119 w Warszawie, Krakowie i Wroc\u0142awiu, podczas gdy bezp\u0142atna edukacja uniwersytecka i powszechna opieka zdrowotna przyczyniaj\u0105 si\u0119 do wysokiego standardu \u017cycia i silnej wolno\u015bci gospodarczej.<\/p>\n<p>Geograficznie kraj dzieli si\u0119 na p\u0142ask\u0105 centraln\u0105 i p\u00f3\u0142nocn\u0105 r\u00f3wnin\u0119 poprzecinan\u0105 rzekami \u2014 w\u015br\u00f3d nich majestatyczn\u0105 Wis\u0142\u0105, Odr\u0105, Wart\u0105 i Bugiem \u2014 oraz pag\u00f3rkowate i g\u00f3rzyste po\u0142udnie. Linia brzegowa Ba\u0142tyku rozci\u0105ga si\u0119 na oko\u0142o 770 km, przerywana wydmami wyrze\u017abionymi przez wiatr, grzbietami nadmorskimi i wci\u0119tymi zatokami \u2014 najbardziej znanymi s\u0105 P\u00f3\u0142wysep Helski i Zalew Wi\u015blany, dzielone z Rosj\u0105. W g\u0142\u0119bi l\u0105du, Pojezierze Mazurskie szczyci si\u0119 tysi\u0105cami krystalicznych jezior, z kt\u00f3rych najwi\u0119ksze to \u015aniardwy i Mamry, podczas gdy g\u0142\u0119bokie szczeliny, takie jak Jezioro Ha\u0144cza, zanurzaj\u0105 si\u0119 ponad 100 m pod powierzchni\u0105. Na po\u0142udniowym kra\u0144cu Sudety i Karpaty osi\u0105gaj\u0105 swoje najwy\u017csze wysoko\u015bci, a Rysy (2501 m) i \u015anie\u017cka (1603 m) oferuj\u0105 wyczerpuj\u0105ce podej\u015bcia i nagrod\u0119 w postaci panoramicznych widok\u00f3w. \u015arednia wysoko\u015b\u0107 Polski wynosi skromne 173 m, ale jej zakres klimatyczny rozci\u0105ga si\u0119 od oceanicznego ch\u0142odu na p\u00f3\u0142nocnym zachodzie, przez umiarkowane strefy przej\u015bciowe, po warunki alpejskie wysoko w Tatrach. Lata s\u0105 cieplejsze do oko\u0142o 20 \u00b0C w lipcu, zimy spadaj\u0105 do \u22121 \u00b0C w grudniu, a opady osi\u0105gaj\u0105 szczyt od czerwca do wrze\u015bnia \u2014 chocia\u017c zmiany klimatyczne spowodowa\u0142y, \u017ce \u015brednie roczne temperatury przekroczy\u0142y 9 \u00b0C w ci\u0105gu ostatniej dekady, wyd\u0142u\u017caj\u0105c lata i skracaj\u0105c \u015bnie\u017cne zimy.<\/p>\n<p>Administracyjnie szesna\u015bcie wojew\u00f3dztw odzwierciedla regiony historyczne: mazowieckie skupia si\u0119 wok\u00f3\u0142 Warszawy, a \u0142\u00f3dzkie wok\u00f3\u0142 przemys\u0142owej \u0141odzi; Ma\u0142opolska obejmuje Krak\u00f3w i g\u00f3ry; Dolny \u015al\u0105sk rozci\u0105ga si\u0119 na kulturalnym skrzy\u017cowaniu Wroc\u0142awia. W ka\u017cdym wojew\u00f3dztwie w\u0142adz\u0119 dziel\u0105 wojewoda wyznaczony przez rz\u0105d, wybrany sejmik regionalny i marsza\u0142ek wybrany przez ten sejmik, a pod nimi znajduje si\u0119 380 powiat\u00f3w i 2 477 gmin. Du\u017ce miasta \u2014 t\u0119tni\u0105ce \u017cyciem w\u0119z\u0142y Polski \u2014 cz\u0119sto maj\u0105 zar\u00f3wno status powiatu, jak i gminy, aby zarz\u0105dza\u0107 swoimi rozleg\u0142ymi potrzebami miejskimi.<\/p>\n<p>Naturalny urok Polski l\u015bni w jej obszarach chronionych: dwudziestu trzech parkach narodowych, takich jak Bia\u0142owie\u017ca, ostatni pierwotny las Europy i dom dla swobodnie w\u0119druj\u0105cych \u017cubr\u00f3w; Tatrza\u0144ski Park Narodowy, gdzie polodowcowe jeziora, takie jak Morskie Oko, l\u015bni\u0105 pod postrz\u0119pionymi szczytami; S\u0142owi\u0144ski, s\u0142yn\u0105cy z najwi\u0119kszych wydm w Europie; i Karkonoski z kaskadowymi wodospadami. Parki krajobrazowe i strefy buforowe zapraszaj\u0105 w\u0119drowc\u00f3w, kajakarzy i obserwator\u00f3w ptak\u00f3w, podczas gdy mazurskie jeziora wabi\u0105 \u017ceglarzy do \u015blizgania si\u0119 po ich spokojnych powierzchniach. Odra i Wis\u0142a, niegdy\u015b wa\u017cne arterie handlowe, teraz oferuj\u0105 \u0142agodne rejsy przez miasta pe\u0142ne historii.<\/p>\n<p>Polskie krajobrazy miejskie przeplataj\u0105 gotyckie wie\u017ce, barokowe fasady i awangardow\u0105 nowoczesno\u015b\u0107. Starannie odtworzone Stare Miasto w Warszawie \u2014 zburzone w 1944 r. i odrodzone z archiwalnych obraz\u00f3w \u2014 stanowi podstaw\u0119 sto\u0142ecznego Szlaku Kr\u00f3lewskiego, \u0142\u0105cz\u0105cego pa\u0142ace, katedry i miejskie parki. \u015aredniowieczne centrum Krakowa t\u0119tni \u017cyciem kawiarnianym wok\u00f3\u0142 rozleg\u0142ego Rynku, Sukiennice s\u0105 \u015bwiadectwem renesansowego handlu, a pobliski Zamek Kr\u00f3lewski na Wawelu jest stra\u017cnikiem polskich kr\u00f3l\u00f3w. Gda\u0144sk, dawny port hanzeatycki, otacza Mot\u0142aw\u0119 domami kupieckimi w odcieniach bursztynu; Wroc\u0142aw wznosi si\u0119 na sieci dwunastu wysp, pe\u0142nych most\u00f3w i przyjaznych rze\u017ab \u201ekrasnoludk\u00f3w\u201d ukrytych w naro\u017cnikach. Nienaruszona gotycka sylwetka Torunia, siatka \u201eidealnego miasta\u201d Zamo\u015bcia i industrialne lofty \u0141odzi opowiadaj\u0105 ka\u017cdy z osobna rozdzia\u0142 miejskiej ewolucji.<\/p>\n<p>Zamki i wiejskie pomniki zdobi\u0105 okolic\u0119 niczym klejnoty osadzone po\u015br\u00f3d pag\u00f3rkowatych p\u00f3l. Murowane fortyfikacje Malborka szczyc\u0105 si\u0119 tytu\u0142em najwi\u0119kszego zamku na \u015bwiecie pod wzgl\u0119dem powierzchni. Szlak Orlich Gniazd przebiega przez Orl\u0105 Per\u0107 \u2014 podobnie jak ruiny Krzy\u017ctopora po\u0142o\u017cone na r\u00f3wninach \u2014 podczas gdy drewniane ko\u015bcio\u0142y po\u0142udniowej Ma\u0142opolski oraz Ko\u015bcio\u0142y Pokoju w Jaworze i \u015awidnicy odzwierciedlaj\u0105 synkretyczne dziedzictwo duchowe Polski. Pielgrzymi w\u0119druj\u0105 do klasztoru na Jasnej G\u00f3rze w Cz\u0119stochowie, gdzie Czarna Madonna przyci\u0105ga t\u0142umy w bia\u0142o-czerwonych barwach narodowych, podczas gdy procesje przypominaj\u0105ce ord\u0119 opowiadaj\u0105 o zmaganiach i triumfach narodu.<\/p>\n<p>Kuchnia polska, podobnie jak jej historia, r\u00f3wnowa\u017cy obfit\u0105 tradycj\u0119 z kreatywnym odrodzeniem. Pierogi przybywaj\u0105 pulchne z ziemniakami, serem lub grzybami le\u015bnymi; bigos gotuje si\u0119 z kiszon\u0105 kapust\u0105, dziczyzn\u0105 i wieprzowin\u0105; \u017curek \u2014 kwa\u015bna zupa \u017cytnia \u2014 rozgrzewa si\u0119 kie\u0142bas\u0105 i jajkiem na twardo. Oscypek, w\u0119dzony ser g\u00f3rski, dobrze komponuje si\u0119 z lokalnym miodem; makowiec, bu\u0142ka z makiem, pojawia si\u0119 na ka\u017cdym \u015bwi\u0105tecznym stole. Tutaj rozwija si\u0119 pisana historia w\u00f3dki \u2014 samo s\u0142owo \u201ew\u00f3dka\u201d wyszeptane po raz pierwszy w \u015bredniowiecznych zapiskach \u2014 jednak dzi\u015b piwo i wino dominuj\u0105 na spotkaniach towarzyskich, od bursztynowego piwa Grodziskie po regionalne wina z owocami. Herbatka pozostaje eleganckim wydarzeniem od XIX wieku, podczas gdy kawiarnie nawi\u0105zuj\u0105 do XVIII wieku, oferuj\u0105c aromatyczn\u0105 wytchnienie po\u015br\u00f3d barokowych wn\u0119trz.<\/p>\n<p>\u017bycie kulturalne w Polsce t\u0119tni przez ca\u0142y rok festiwalami i tradycjami. Wigilia \u2014 Wigilia \u2014 toczy si\u0119 wok\u00f3\u0142 dwunastodaniowej uczty bezmi\u0119snej pod obrusami nabijanymi s\u0142om\u0105, dzielenia si\u0119 op\u0142atkami i rezerwowania pustych miejsc dla nieobecnych bliskich. P\u0105czki w T\u0142usty Czwartek l\u015bni\u0105 cukrem, zapowiadaj\u0105c Wielki Post; obchody mokrego dyngusa w Wielkanocny Poniedzia\u0142ek prowokuj\u0105 w\u015br\u00f3d m\u0142odzie\u017cy zabawne bitwy na wod\u0119. W Dzie\u0144 Wszystkich \u015awi\u0119tych rodziny zapalaj\u0105 \u015bwiece na nagrobkach w \u015bwietlistym ho\u0142dzie zmar\u0142ym. \u015awi\u0119ta pa\u0144stwowe \u2014 w sumie 13 \u2014 wyznaczaj\u0105 kalendarz od \u015awi\u0119ta Konstytucji w maju do \u015awi\u0119ta Niepodleg\u0142o\u015bci w listopadzie, a ka\u017cde z nich osadza pami\u0119\u0107 obywatelsk\u0105 w paradach, koncertach i cichej refleksji.<\/p>\n<p>Sztuki pi\u0119kne i architektura odzwierciedlaj\u0105 wielowarstwowe wp\u0142ywy Polski: roma\u0144skie rotundy ust\u0119puj\u0105 miejsca gotyckim ko\u015bcio\u0142om z czerwonej ceg\u0142y; w\u0142oskie kru\u017cganki renesansowe stoj\u0105 obok polskich manierystycznych arkad; barokowe pa\u0142ace i neoklasycystyczne fasady odzwierciedlaj\u0105 ambicje kr\u00f3l\u00f3w i szlachty. Styl zakopia\u0144ski \u2014 pojawiaj\u0105cy si\u0119 w\u015br\u00f3d g\u00f3ralskich rzemie\u015blnik\u00f3w u podn\u00f3\u017ca Tatr \u2014 \u0142\u0105czy rze\u017abione zdobienia z drewna z alpejsk\u0105 wra\u017cliwo\u015bci\u0105. Ludowa architektura przetrwa\u0142a w muzeach na wolnym powietrzu, gdzie chaty z bali, spichlerze i ufortyfikowane ko\u015bcio\u0142y zachowuj\u0105 wiejski styl \u017cycia, kt\u00f3ry modernizacja niemal zmiot\u0142a.<\/p>\n<p>J\u0119zyk i to\u017csamo\u015b\u0107 przeplataj\u0105 si\u0119, poniewa\u017c 97 procent obywateli m\u00f3wi po polsku jako ojczystym j\u0119zyku, zjednoczonym przez gramatyk\u0119 s\u0142owia\u0144sk\u0105 i bogaty leksykon. J\u0119zyki mniejszo\u015bciowe i pomocnicze \u2014 w tym kaszubski \u2014 kwitn\u0105 w enklawach, podczas gdy dwuj\u0119zyczne oznakowanie honoruje wsp\u00f3lne dziedzictwo Niemiec i Litwy. Dzisiejsze pokolenie polimat\u00f3w m\u00f3wi po angielsku, niemiecku i rosyjsku, a szko\u0142y i uniwersytety w Polsce wzmacniaj\u0105 pluralizm j\u0119zykowy, nawet gdy trendy demograficzne rejestruj\u0105 niski wsp\u00f3\u0142czynnik dzietno\u015bci wynosz\u0105cy 1,33 dziecka na kobiet\u0119 i median\u0119 wieku powy\u017cej 42 lat \u2014 dow\u00f3d starzenia si\u0119 spo\u0142ecze\u0144stwa.<\/p>\n<p>Sieci transportowe wyznaczaj\u0105 rol\u0119 kraju jako skrzy\u017cowania dr\u00f3g. Autostrady E30 i E40 przecinaj\u0105 arterie kontynentalne, podczas gdy ponad 5000 km autostrad i dr\u00f3g ekspresowych przyspiesza handel. Koleje Polskie \u2014 prawie 19 400 km tor\u00f3w, trzecie w UE pod wzgl\u0119dem d\u0142ugo\u015bci \u2014 \u0142\u0105cz\u0105 regionalne w\u0119z\u0142y i sto\u0142eczne systemy dojazd\u00f3w do pracy, pod troskliw\u0105 opiek\u0105 PKP i lokalnych operator\u00f3w. Lotnisko Chopina w Warszawie, Krak\u00f3w-Balice i lotniska im. Lecha Wa\u0142\u0119sy w Gda\u0144sku obs\u0142uguj\u0105 codzienne loty w ca\u0142ej Europie i poza ni\u0105, podczas gdy Polskie Linie Lotnicze LOT pilotuj\u0105 nowoczesne odrzutowce z krajowych pas\u00f3w startowych. Morskie bramy wzd\u0142u\u017c Ba\u0142tyku \u2014 Gda\u0144sk, Gdynia, Szczecin \u2014 zarz\u0105dzaj\u0105 transportem towar\u00f3w na rynki globalne, a promy przewo\u017c\u0105 pojazdy i wagony kolejowe przez morze do Skandynawii.<\/p>\n<p>Turystyka w Polsce znajduje si\u0119 w punkcie zwrotnym mi\u0119dzy odkryciem a ponownym odkryciem. W 2021 r. liczba przyjazd\u00f3w zagranicznych umie\u015bci\u0142a Polsk\u0119 na 12. miejscu najcz\u0119\u015bciej odwiedzanych kraj\u00f3w na \u015bwiecie, a turystyka stanowi\u0142a ponad 4 procent PKB, a w bran\u017cy hotelarskiej zatrudnionych by\u0142o prawie 200 000 os\u00f3b. Odwiedzaj\u0105cy przyje\u017cd\u017caj\u0105, aby przemierzy\u0107 nabrze\u017ca Wis\u0142y, w\u0119drowa\u0107 pod sklepionymi sklepieniami katedry wawelskiej, dostrzec krzy\u017cowe korytarze w kopalni soli w Wieliczce lub znale\u017a\u0107 kinow\u0105 samotno\u015b\u0107 w bieszczadzkiej g\u0142uszy. Ka\u017cda kolejna wizyta ods\u0142ania nowe festiwale, muzea, galerie i nowatorskie instytucje kulturalne, kt\u00f3re pulsuj\u0105 w warszawskich dzielnicach sztuki wsp\u00f3\u0142czesnej lub w odnowionych fabrycznych loftach w \u0141odzi.<\/p>\n<p>Jednak poza zabytkami kryje si\u0119 najwi\u0119kszy urok Polski: jej ludzie. Ciepli, odporni i pomys\u0142owi Polacy nios\u0105 swoj\u0105 tysi\u0105cletni\u0105 histori\u0119 w codziennym \u017cyciu, upami\u0119tniaj\u0105c przesz\u0142e zmagania i \u015bwi\u0119tuj\u0105c obecne triumfy. Bia\u0142o-czerwone flagi powiewaj\u0105 na balkonach, dzieci ucz\u0105 si\u0119 tradycyjnych ta\u0144c\u00f3w na miejskich placach, rzemie\u015blnicy praktykuj\u0105 wielowiekowe rzemios\u0142o w drewnie, ceramice i srebrze. W kawiarniach i ogr\u00f3dkach piwnych g\u0142osy wznosz\u0105 si\u0119 nad talerzami domowego gulaszu, nami\u0119tne debaty o\u017cywiaj\u0105 zar\u00f3wno polityk\u0119, jak i poezj\u0119. Ta gra pami\u0119ci i nowoczesno\u015bci nadaje Polsce \u0142adunek elektryczny \u2014 kraj zar\u00f3wno ponadczasowy, jak i nieustannie ewoluuj\u0105cy.<\/p>\n<p>W ostatecznym rozrachunku Polska nie poddaje si\u0119 pojedynczej kategoryzacji. To kraina \u015bredniowiecznych twierdz i awangardowych miejskich pejza\u017cy, uroczystej pami\u0119ci i radosnego ludowego rytua\u0142u, g\u0142\u0119bokich las\u00f3w i otwartego nieba. Jej przesz\u0142o\u015b\u0107 jest wyryta w zamkach, jej tera\u017aniejszo\u015b\u0107 brz\u0119czy w miejskiej innowacji, a jej przysz\u0142o\u015b\u0107 l\u015bni w optymizmie spo\u0142ecze\u0144stwa, kt\u00f3re przezwyci\u0119\u017cy\u0142o podzia\u0142y, wojny i autorytarne rz\u0105dy. Dla podr\u00f3\u017cnika Polska oferuje nie tylko list\u0119 kontroln\u0105 obiekt\u00f3w UNESCO i szczyt\u00f3w g\u00f3rskich, ale tak\u017ce zaproszenie do wej\u015bcia do dynamicznego serca Europy \u2014 do s\u0142uchania jej opowie\u015bci na brukowanych ulicach i le\u015bnych polanach, do smakowania jej pe\u0142nej duszy kuchni w o\u015bwietlonych \u015bwiecami tawernach i do spotykania, w ka\u017cdym u\u015bcisku d\u0142oni, odporno\u015bci i ciep\u0142a ludzi, dla kt\u00f3rych historia informuje, ale nie definiuje tego, co ich czeka.<\/p>","protected":false},"excerpt":{"rendered":"<p>Polska, formalnie znana jako Rzeczpospolita Polska, znajduje si\u0119 w Europie \u015arodkowej i ma populacj\u0119 przekraczaj\u0105c\u0105 38 milion\u00f3w os\u00f3b. Polska, celowo umieszczona w centrum kontynentu, rozci\u0105ga si\u0119 od p\u00f3\u0142nocnego wybrze\u017ca Morza Ba\u0142tyckiego do Sudet\u00f3w i Karpat na po\u0142udniu. Jej geografia mia\u0142a bardzo du\u017ce znaczenie dla kszta\u0142towania jej historii, kultury i wzrostu gospodarczego. Nar\u00f3d graniczy z Niemcami na zachodzie, Bia\u0142orusi\u0105 i Ukrain\u0105 na wschodzie, S\u0142owacj\u0105 i Czechami na po\u0142udniu, Litw\u0105 i rosyjskim obwodem kaliningradzkim na p\u00f3\u0142nocnym wschodzie. Szczeg\u00f3lne po\u0142o\u017cenie Polski uczyni\u0142o z niej wa\u017cne skrzy\u017cowanie dr\u00f3g mi\u0119dzy Europ\u0105 Wschodni\u0105 i Zachodni\u0105 w ca\u0142ej jej historii.<\/p>","protected":false},"author":1,"featured_media":2996,"parent":24078,"menu_order":0,"comment_status":"closed","ping_status":"closed","template":"elementor_theme","meta":{"_eb_attr":"","footnotes":""},"class_list":["post-12137","page","type-page","status-publish","has-post-thumbnail"],"_links":{"self":[{"href":"https:\/\/travelshelper.com\/pl\/wp-json\/wp\/v2\/pages\/12137","targetHints":{"allow":["GET"]}}],"collection":[{"href":"https:\/\/travelshelper.com\/pl\/wp-json\/wp\/v2\/pages"}],"about":[{"href":"https:\/\/travelshelper.com\/pl\/wp-json\/wp\/v2\/types\/page"}],"author":[{"embeddable":true,"href":"https:\/\/travelshelper.com\/pl\/wp-json\/wp\/v2\/users\/1"}],"replies":[{"embeddable":true,"href":"https:\/\/travelshelper.com\/pl\/wp-json\/wp\/v2\/comments?post=12137"}],"version-history":[{"count":0,"href":"https:\/\/travelshelper.com\/pl\/wp-json\/wp\/v2\/pages\/12137\/revisions"}],"up":[{"embeddable":true,"href":"https:\/\/travelshelper.com\/pl\/wp-json\/wp\/v2\/pages\/24078"}],"wp:featuredmedia":[{"embeddable":true,"href":"https:\/\/travelshelper.com\/pl\/wp-json\/wp\/v2\/media\/2996"}],"wp:attachment":[{"href":"https:\/\/travelshelper.com\/pl\/wp-json\/wp\/v2\/media?parent=12137"}],"curies":[{"name":"wp","href":"https:\/\/api.w.org\/{rel}","templated":true}]}}