{"id":12109,"date":"2024-09-15T14:26:21","date_gmt":"2024-09-15T14:26:21","guid":{"rendered":"https:\/\/travelshelper.com\/staging\/?page_id=12109"},"modified":"2026-03-12T19:45:07","modified_gmt":"2026-03-12T19:45:07","slug":"coimbra","status":"publish","type":"page","link":"https:\/\/travelshelper.com\/pl\/destinations\/europe\/portugal\/coimbra\/","title":{"rendered":"Coimbra"},"content":{"rendered":"<p>Coimbra, miasto i gmina w Portugalii, znajduje si\u0119 w centralnej cz\u0119\u015bci kraju i wed\u0142ug spisu z 2021 r. liczy\u0142a 140 796 mieszka\u0144c\u00f3w. Zajmuj\u0105ce 319,40 km\u00b2, to staro\u017cytne miasto jest najwi\u0119kszym o\u015brodkiem miejskim w regionie Centro i dystrykcie Coimbra. Chocia\u017c sama Coimbra jest do\u015b\u0107 ma\u0142a, jej wp\u0142yw wykracza daleko poza granice gminy. Regi\u00e3o de Coimbra, sk\u0142adaj\u0105ce si\u0119 z 19 gmin na obszarze 4336 km\u00b2, jest domem dla oko\u0142o 460 000 mieszka\u0144c\u00f3w, st\u0105d jest g\u0142\u00f3wnym obszarem metropolitalnym w Portugalii.<\/p>\n<p>Bogata historia miasta zaczyna si\u0119 w czasach rzymskich, kiedy by\u0142o znane jako Aeminium. Dobrze zachowane stanowiska archeologiczne, najs\u0142ynniejsze rzymskie akwedukty i kryptoporticus, pokazuj\u0105 dzi\u015b jego stare dziedzictwo. Te relikwie oferuj\u0105 fizyczne po\u0142\u0105czenie z przesz\u0142o\u015bci\u0105 Coimbry i dow\u00f3d jej trwaj\u0105cej przez tysi\u0105clecia istotno\u015bci.<\/p>\n<p>Znaczenie Coimbry w historii Portugalii osi\u0105gn\u0119\u0142o szczyt w XII i XIII wieku, kiedy to mie\u015bci\u0142a stolic\u0119 Portugalii od 1131 do 1255 roku. Z kilkoma budowlami i zabytkami z tej epoki, kt\u00f3re nadal zdobi\u0105 ulice miasta, okres ten na sta\u0142e zmieni\u0142 jego panoram\u0119. Architektura tego okresu oddaje autorytet i godno\u015b\u0107, jakie Coimbra posiada\u0142a jako rezydencja portugalskiej rodziny kr\u00f3lewskiej.<\/p>\n<p>Coimbra zmieni\u0142a si\u0119, by zdefiniowa\u0107 sw\u00f3j charakter na wieki, gdy polityczne centrum kr\u00f3lestwa przenios\u0142o si\u0119 gdzie indziej w p\u00f3\u017anym \u015bredniowieczu. Miasto odbudowa\u0142o si\u0119 jako kulturalna i intelektualna pot\u0119ga, zamiast znikn\u0105\u0107 w zapomnieniu. Jedno wa\u017cne wydarzenie \u2014 za\u0142o\u017cenie pierwszego portugalskiego uniwersytetu \u2014 zapocz\u0105tkowa\u0142o t\u0119 metamorfoz\u0119.<\/p>\n<p>Pocz\u0105tkowo za\u0142o\u017cona w Lizbonie w 1290 r., instytucja przenios\u0142a si\u0119 do Coimbry w 1308 r. i pozosta\u0142a tam do dzi\u015b. Obecnie Uniwersytet w Coimbrze, ta instytucja jest najstarsz\u0105 plac\u00f3wk\u0105 akademick\u0105 w \u015bwiecie portugalskoj\u0119zycznym. Transformacja Coimbry jako miasta wiedzy, edukacji i interakcji kulturowych by\u0142a cz\u0119\u015bciowo motywowana jej obecno\u015bci\u0105.<\/p>\n<p>Nie mo\u017cna przeceni\u0107 wp\u0142ywu uniwersytetu na Coimbr\u0119. Przez tysi\u0105clecia przyci\u0105ga\u0142 on naukowc\u00f3w i student\u00f3w z ca\u0142ej Europy i spoza niej, nadaj\u0105c miastu mi\u0119dzynarodowy klimat i zawsze m\u0142odzie\u0144cz\u0105, innowacyjn\u0105 energi\u0119. Chocia\u017c inne staro\u017cytne miasta mog\u0142y popa\u015b\u0107 w stagnacj\u0119, Coimbra pozosta\u0142a dynamiczna i istotna dzi\u0119ki sta\u0142emu nap\u0142ywowi nowych pomys\u0142\u00f3w i m\u00f3zg\u00f3w.<\/p>\n<p>Zar\u00f3wno go\u015bcie, jak i studenci nadal znajduj\u0105 wielk\u0105 atrakcj\u0119 na Uniwersytecie w Coimbrze. G\u0142\u0119boko zakorzenione w wiekach historii akademickiej, jego historyczne struktury daj\u0105 go\u015bciom okno na intelektualne \u017cycie Portugalii na przestrzeni dziej\u00f3w. Opr\u00f3cz mo\u017cliwo\u015bci nauczania, uniwersytet ukszta\u0142towa\u0142 sam\u0105 tkank\u0119 miasta, tworz\u0105c charakterystyczn\u0105 miejsk\u0105 scen\u0119, w kt\u00f3rej codzienne \u017cycie i nauka s\u0105 ze sob\u0105 powi\u0105zane.<\/p>\n<p>UNESCO zwr\u00f3ci\u0142o uwag\u0119 na to doskona\u0142e po\u0142\u0105czenie \u017cycia akademickiego i miejskiego, co zaowocowa\u0142o oficjalnym uznaniem w 2013 r. Zaklasyfikowane jako obiekt \u015bwiatowego dziedzictwa, historyczne budynki Uniwersytetu w Coimbrze zosta\u0142y uznane przez UNESCO za \u201ewyj\u0105tkowy przyk\u0142ad zintegrowanego miasta uniwersyteckiego o specyficznej typologii miejskiej, a tak\u017ce w\u0142asnych ceremonialnych i kulturowych tradycjach, kt\u00f3re by\u0142y podtrzymywane przez wieki\u201d.<\/p>\n<p>Opr\u00f3cz warto\u015bci architektonicznej i historycznej Coimbry, ta klasyfikacja UNESCO podkre\u015bla jej codzienne zwyczaje. Miasto by\u0142o w stanie czci\u0107 i chroni\u0107 swoje tradycje intelektualne, tworz\u0105c w ten spos\u00f3b wyj\u0105tkow\u0105 tkank\u0119 kulturow\u0105 \u0142\u0105cz\u0105c\u0105 \u015bredniowiecze z nowoczesno\u015bci\u0105. Od klasycznej studenckiej muzyki fado po wyszukane ceremonie uko\u0144czenia studi\u00f3w, zwyczaje Coimbry przetrwa\u0142y i s\u0105 przekazywane zar\u00f3wno obywatelom, jak i studentom przez wiele pokole\u0144.<\/p>\n<p>Po Lizbonie, Porto i Bradze, czwarty co do wielko\u015bci obszar metropolitalny Coimbry w Portugalii zaprzecza swojemu nieproporcjonalnemu wp\u0142ywowi na portugalsk\u0105 kultur\u0119 i edukacj\u0119. Jest \u0142\u0105cznikiem mi\u0119dzy dynamiczn\u0105 tera\u017aniejszo\u015bci\u0105 narodu a jego legendarn\u0105 przesz\u0142o\u015bci\u0105, miejscem, w kt\u00f3rym nowe umys\u0142y kszta\u0142tuj\u0105 przysz\u0142o\u015b\u0107, a stare kamienie szepcz\u0105 sekrety historii.<\/p>\n<p>Z uniwersytetem dominuj\u0105cym nad starym miastem na szczycie wzg\u00f3rza i nowszymi obszarami rozproszonymi wzd\u0142u\u017c brzeg\u00f3w rzeki Mondego, architektura miasta odzwierciedla jego historyczny rozw\u00f3j. Ta fizyczna wizja zdolno\u015bci Coimbry do przyjmowania rozwoju przy jednoczesnym honorowaniu jej dziedzictwa generuje dramatyczny wizualny kontrast mi\u0119dzy \u015bredniowieczem a nowoczesno\u015bci\u0105.<\/p>","protected":false},"excerpt":{"rendered":"<p>Coimbra, miasto i gmina w Portugalii, znajduje si\u0119 w centralnej cz\u0119\u015bci kraju i wed\u0142ug spisu z 2021 r. liczy\u0142a 140 796 mieszka\u0144c\u00f3w. Zajmuj\u0105ce 319,40 km\u00b2, to staro\u017cytne miasto jest najwi\u0119kszym o\u015brodkiem miejskim w regionie Centro i dystrykcie Coimbra. Chocia\u017c sama Coimbra jest do\u015b\u0107 ma\u0142a, jej wp\u0142yw wykracza daleko poza granice gminy. Regi\u00e3o de Coimbra, sk\u0142adaj\u0105ce si\u0119 z 19 gmin na obszarze 4336 km\u00b2, jest domem dla oko\u0142o 460 000 mieszka\u0144c\u00f3w, st\u0105d jest g\u0142\u00f3wnym obszarem metropolitalnym w Portugalii.<\/p>","protected":false},"author":1,"featured_media":4011,"parent":12065,"menu_order":0,"comment_status":"closed","ping_status":"closed","template":"elementor_theme","meta":{"_eb_attr":"","footnotes":""},"class_list":["post-12109","page","type-page","status-publish","has-post-thumbnail"],"_links":{"self":[{"href":"https:\/\/travelshelper.com\/pl\/wp-json\/wp\/v2\/pages\/12109","targetHints":{"allow":["GET"]}}],"collection":[{"href":"https:\/\/travelshelper.com\/pl\/wp-json\/wp\/v2\/pages"}],"about":[{"href":"https:\/\/travelshelper.com\/pl\/wp-json\/wp\/v2\/types\/page"}],"author":[{"embeddable":true,"href":"https:\/\/travelshelper.com\/pl\/wp-json\/wp\/v2\/users\/1"}],"replies":[{"embeddable":true,"href":"https:\/\/travelshelper.com\/pl\/wp-json\/wp\/v2\/comments?post=12109"}],"version-history":[{"count":0,"href":"https:\/\/travelshelper.com\/pl\/wp-json\/wp\/v2\/pages\/12109\/revisions"}],"up":[{"embeddable":true,"href":"https:\/\/travelshelper.com\/pl\/wp-json\/wp\/v2\/pages\/12065"}],"wp:featuredmedia":[{"embeddable":true,"href":"https:\/\/travelshelper.com\/pl\/wp-json\/wp\/v2\/media\/4011"}],"wp:attachment":[{"href":"https:\/\/travelshelper.com\/pl\/wp-json\/wp\/v2\/media?parent=12109"}],"curies":[{"name":"wp","href":"https:\/\/api.w.org\/{rel}","templated":true}]}}