{"id":12087,"date":"2024-09-15T14:06:03","date_gmt":"2024-09-15T14:06:03","guid":{"rendered":"https:\/\/travelshelper.com\/staging\/?page_id=12087"},"modified":"2026-03-12T19:43:17","modified_gmt":"2026-03-12T19:43:17","slug":"porto","status":"publish","type":"page","link":"https:\/\/travelshelper.com\/pl\/destinations\/europe\/portugal\/porto\/","title":{"rendered":"Porto"},"content":{"rendered":"<p>Porto prezentuje si\u0119 jako miasto trwa\u0142ych kontrast\u00f3w i mierzonej witalno\u015bci, gdzie staro\u017cytne korzenie zbiegaj\u0105 si\u0119 ze wsp\u00f3\u0142czesnymi ambicjami wzd\u0142u\u017c estuarium rzeki Duero w p\u00f3\u0142nocnej Portugalii. Po\u0142o\u017cone na dok\u0142adnie 41,42 kilometrach kwadratowych terytorium miejskiego i zamieszkane przez oko\u0142o 248 769 mieszka\u0144c\u00f3w, skromne miasto Porto zaprzecza metropolitalnej przestrzeni 2395 kilometr\u00f3w kwadratowych, mieszcz\u0105cej oko\u0142o 1 319 151 os\u00f3b. Po\u0142o\u017cone 280 kilometr\u00f3w na p\u00f3\u0142noc od Lizbony i zdobi\u0105ce wybrze\u017ce Atlantyku na zachodzie, Porto \u0142\u0105czy historyczne centrum uznane za \u015awiatowe Dziedzictwo UNESCO z globalnym rankingiem statusu miasta Gamma + przez Globalization and World Cities Research Network.<\/p>\n<p>Pami\u0119\u0107 o najwcze\u015bniejszej osadzie Porto przetrwa\u0142a w jego nazwie. Z celtycko-\u0142aci\u0144skiej nazwy Portus Cale, miasto powsta\u0142o w II wieku p.n.e. jako rzymski posterunek. Przez stulecia nazwa ta przekszta\u0142ci\u0142a si\u0119 w \u201ePortugali\u0119\u201d, jednak samo Porto zachowa\u0142o to\u017csamo\u015b\u0107 ukszta\u0142towan\u0105 przez przedsi\u0119biorczo\u015b\u0107 morsk\u0105 i wymian\u0119 kulturaln\u0105. Jego historyczne centrum, og\u0142oszone \u015awiatowym Dziedzictwem w 1996 r., obejmuje Most Ludwika I i Klasztor Serra do Pilar, przypominaj\u0105c \u015bredniowieczne mury, roma\u0144skie kaplice i gotyckie sklepienia. Te kamienne pozosta\u0142o\u015bci przetrwa\u0142y obok barokowych, z\u0142oconych wn\u0119trz \u2014 Ko\u015bci\u00f3\u0142 \u015bw. Franciszka i Santa Clara eksponuje misterne rze\u017aby \u2014 oraz neoklasycystyczne zdobienia w Pa\u0142acu Gie\u0142dowym i stacji kolejowej S\u00e3o Bento ozdobionej r\u0119cznie malowanymi p\u0142ytkami azulejo.<\/p>\n<p>Wino porto, najbardziej znany eksport miasta, odzwierciedla symbioz\u0119 mi\u0119dzy Porto a Dolin\u0105 G\u00f3rnego Duero. Z amfiteatralnych zboczy Vila Nova de Gaia po drugiej stronie rzeki, wzmocnione beczki wina wyrusza\u0142y na odleg\u0142e rynki, zyskuj\u0105c mi\u0119dzynarodow\u0105 s\u0142aw\u0119. Procesy pakowania, transportu i certyfikacji wzmocnionych win trwaj\u0105 w instytucjach takich jak Port Wine Institute i Museu do Vinho do Porto, gdzie zwiedzaj\u0105cy mog\u0105 prze\u015bledzi\u0107 ewolucj\u0119 winogron do butelki poprzez degustacje z przewodnikiem. W ostatnich latach Porto zdoby\u0142o uznanie jako Miasto Roku magazynu Food and Travel w 2023 r. oraz Wiod\u0105cy nadmorski cel podr\u00f3\u017cy w World Travel Awards w 2024 r., potwierdzaj\u0105c swoj\u0105 pozycj\u0119 w\u015br\u00f3d europejskich destynacji miejskich.<\/p>\n<p>R\u00f3\u017cnorodno\u015b\u0107 architektoniczna o\u017cywia ulice Porto. Katedra i ko\u015bci\u00f3\u0142 Cedofeita reprezentuj\u0105 wczesn\u0105 roma\u0144sk\u0105 przetrwalo\u015b\u0107, podczas gdy fasady dom\u00f3w z XV wieku i pozosta\u0142o\u015bci mur\u00f3w miejskich przywodz\u0105 na my\u015bl \u015bredniowieczn\u0105 er\u0119 Portugalii. Barokowe ko\u015bcio\u0142y Miseric\u00f3rdia i Cl\u00e9rigos oraz Pa\u0142ac Biskupi \u015bwiadcz\u0105 o przepychu XVII i XVIII wieku, a ich wn\u0119trza l\u015bni\u0105 z\u0142otymi li\u015b\u0107mi. XIX-wieczna ekspansja wprowadzi\u0142a romantyczne i neoklasyczne formy, kt\u00f3rych przyk\u0142adem s\u0105 okaza\u0142e budynki miejskie Avenida dos Aliados, Szpital \u015bw. Antoniego i ogrody Kryszta\u0142owego Pa\u0142acu. Sala Arabska w Pal\u00e1cio da Bolsa pozostaje architektonicznym tour de force, przyci\u0105gaj\u0105cym zwiedzaj\u0105cych z przewodnikiem, kt\u00f3rzy chc\u0105 zobaczy\u0107 jej dekoracj\u0119 w stylu maureta\u0144skim.<\/p>\n<p>Klimat Porto sytuuje je na meteorologicznym skrzy\u017cowaniu \u015br\u00f3dziemnomorskiego ciep\u0142a i atlantyckiej wilgotno\u015bci. Lata s\u0105 zazwyczaj suche i s\u0142oneczne, ze \u015bredni\u0105 temperatur\u0105 maksymaln\u0105 26 \u00b0C i sporadycznymi szczytami zbli\u017caj\u0105cymi si\u0119 do 38 \u00b0C, \u0142agodzonymi przez nisk\u0105 wilgotno\u015b\u0107 i morsk\u0105 bryz\u0119 wzd\u0142u\u017c wybrze\u017ca Foz do Douro. Jednak nieoczekiwane letnie prysznice mog\u0105 och\u0142odzi\u0107 popo\u0142udnia do oko\u0142o 20 \u00b0C. Zimy przynosz\u0105 cz\u0119ste opady deszczu i \u0142agodne temperatury rzadko spadaj\u0105ce poni\u017cej zera, z dziennymi minimami w pobli\u017cu 6 \u00b0C i dziennymi \u015brednimi 15 \u00b0C. \u015arednie roczne opady w mie\u015bcie nale\u017c\u0105 do najwy\u017cszych w Europie w\u015br\u00f3d g\u0142\u00f3wnych o\u015brodk\u00f3w miejskich, chocia\u017c d\u0142ugie okresy s\u0142oneczne nadal zdobi\u0105 wiele zimowych odcink\u00f3w.<\/p>\n<p>Pod wzgl\u0119dem demograficznym Porto odzwierciedla zar\u00f3wno ci\u0105g\u0142o\u015b\u0107, jak i zmiany. Liczba ludno\u015bci miejskiej zmniejszy\u0142a si\u0119 o oko\u0142o 100 000 od lat 80. XX wieku, poniewa\u017c mieszka\u0144cy przenie\u015bli si\u0119 do miast satelickich i przedmie\u015b\u0107, jednak szerszy obszar metropolitalny znacznie si\u0119 rozr\u00f3s\u0142. Wi\u0119kszo\u015b\u0107 mieszka\u0144c\u00f3w mie\u015bci si\u0119 w przedziale wiekowym 60\u201369 lat, tu\u017c za nimi plasuj\u0105 si\u0119 osoby w wieku 50\u201359 lat. Kobiety stanowi\u0105 55 procent populacji, m\u0119\u017cczy\u017ani 45 procent. Wi\u0119kszo\u015b\u0107 urodzi\u0142a si\u0119 w granicach Portugalii, chocia\u017c znacz\u0105ce spo\u0142eczno\u015bci z Angoli, Brazylii, Republiki Zielonego Przyl\u0105dka i innych kraj\u00f3w europejskich wzbogacaj\u0105 wielokulturow\u0105 tkank\u0119 miasta. Podczas gdy dominuje katolicyzm, a trzy czwarte mieszka\u0144c\u00f3w wyznaje t\u0119 wiar\u0119, prawie jedna pi\u0105ta populacji identyfikuje si\u0119 jako osoby niereligijne, a niewielkie mniejszo\u015bci praktykuj\u0105 protestantyzm, islam, judaizm lub inne religie.<\/p>\n<p>Rola Porto jako centrum finansowego i przemys\u0142owego rozci\u0105ga si\u0119 na szerszy P\u00f3\u0142wysep Iberyjski. Siedziby g\u0142\u00f3wnych portugalskich korporacji, od bankowo\u015bci po produkcj\u0119, mieszcz\u0105 si\u0119 w centrum metropolitalnym Maia, Matosinhos, Vila Nova de Gaia i samym Porto. Dawna Bolsa do Porto przekszta\u0142ci\u0142a si\u0119 w cz\u0119\u015b\u0107 g\u0142\u00f3wnej portugalskiej gie\u0142dy instrument\u00f3w pochodnych, \u0142\u0105cz\u0105c si\u0119 z gie\u0142d\u0105 lizbo\u0144sk\u0105, tworz\u0105c Bolsa de Valores de Lisboa e Porto. Instytucje medialne, takie jak Jornal de Not\u00edcias i wydawnictwa, w tym Porto Editora, s\u0105 nadal obecne w mie\u015bcie, co \u015bwiadczy o trwa\u0142ej dynamice intelektualnej i handlowej Porto.<\/p>\n<p>Infrastruktura transportowa odzwierciedla podw\u00f3jn\u0105 to\u017csamo\u015b\u0107 Porto, tradycj\u0119 i nowoczesno\u015b\u0107. Szanowany most Dom Lu\u00eds I, otwarty w 1886 r., rozci\u0105ga si\u0119 nad rzek\u0105 Duero z kut\u0105 \u017celazn\u0105 elegancj\u0105 i prowadzi lekk\u0105 kolej na g\u00f3rnym pok\u0142adzie. XX wiek wprowadzi\u0142 kolejne przeprawy: most Arr\u00e1bida na zachodzie, most S\u00e3o Jo\u00e3o i most Infante Dom Henrique w 2003 r. Dwa kolejne maj\u0105 zosta\u0107 zbudowane w nadchodz\u0105cej dekadzie. Lotnisko Francisco de S\u00e1 Carneiro, odnowione na Euro 2004 i obs\u0142uguj\u0105ce prawie 16 milion\u00f3w pasa\u017cer\u00f3w w 2024 r., jest kotwic\u0105 podr\u00f3\u017cy lotniczych obok lot\u00f3w dalekobie\u017cnych do Europy, Brazylii i Ameryki P\u00f3\u0142nocnej. Sze\u015b\u0107 linii metra przecina 70 kilometr\u00f3w z osiemdziesi\u0119cioma pi\u0119cioma stacjami, \u0142\u0105cz\u0105c lotnisko i enklawy podmiejskie z centrum miasta, podczas gdy STCP nadzoruje przyjazn\u0105 dla \u015brodowiska sie\u0107 autobusow\u0105 i zabytkowe tramwaje obs\u0142uguj\u0105ce turystyczne trasy nadbrze\u017cne.<\/p>\n<p>Po\u0142\u0105czenia kolejowe ze stacji Campanh\u00e3 i S\u00e3o Bento integruj\u0105 Porto z sieciami krajowymi i mi\u0119dzynarodowymi. Szybkie poci\u0105gi Alfa Pendular docieraj\u0105 do Lizbony w 2 godziny 42 minuty, a intercidades s\u0105 nieco wolniejsze. Us\u0142uga Celta \u0142\u0105czy Porto z Vigo w Hiszpanii w nieco ponad dwie godziny, podczas gdy linie regionalne pod\u0105\u017caj\u0105 wzd\u0142u\u017c rzeki Duero na wsch\u00f3d do R\u00e9gua i Pocinho. Poci\u0105gi podmiejskie Urbanos rozchodz\u0105 si\u0119 do Bragi, Guimar\u00e3es i Aveiro. Sprzeda\u017c bilet\u00f3w opiera si\u0119 na karcie Andante, kt\u00f3ra umo\u017cliwia bezproblemow\u0105 podr\u00f3\u017c metrem, autobusem i kolej\u0105 podmiejsk\u0105, z dziennymi i wielodniowymi karnetami dostosowanymi zar\u00f3wno do mieszka\u0144c\u00f3w, jak i przyjezdnych.<\/p>\n<p>Kuchnia w Porto \u0142\u0105czy obfit\u0105 tradycj\u0119 z morskimi bogactwami. Popisowe dania to Tripas \u00e0 Moda do Porto, gulasz z flak\u00f3w odzwierciedlaj\u0105cy wielowiekowe zwyczaje, oraz Bacalhau \u00e0 Gomes de S\u00e1, zapiekanka z dorsza, kt\u00f3ra celebruje histori\u0119 Portugalii zwi\u0105zan\u0105 z solonymi rybami. Kanapka Francesinha sk\u0142ada si\u0119 z warstw w\u0119dlin pod roztopionym serem i otula je sosem na bazie piwa, odzwierciedlaj\u0105c zami\u0142owanie Porto do bogatych smak\u00f3w. Sma\u017cona wieprzowina pokrojona w kostk\u0119 jako roj\u00f5es, dania sarrabulho z krwi\u0105 wieprzow\u0105 i \u015bwie\u017co grillowane sardynki wzd\u0142u\u017c brzegu rzeki uzupe\u0142niaj\u0105 menu. W restauracjach i tawernach wino porto jest zawsze obecne, zarezerwowane jako wino deserowe, ale tak\u017ce jako akcent wieczor\u00f3w fado.<\/p>\n<p>\u017bycie kulturalne kwitnie w muzeach, salach koncertowych i miejscach wyst\u0119p\u00f3w w Porto. Casa de Serralves stanowi kotwic\u0119 dla sztuki nowoczesnej i wsp\u00f3\u0142czesnej, a willa w stylu art d\u00e9co i rozleg\u0142e ogrody uzupe\u0142niaj\u0105 wystawy w Fundacji Serralves. Narodowe Muzeum Soares dos Reis wystawia portugalskie malarstwo i rze\u017ab\u0119 pochodz\u0105ce z XIX wieku, podczas gdy Muzeum Sztuki Wsp\u00f3\u0142czesnej obejmuje tematy awangardowe. Theatre Nacional S\u00e3o Jo\u00e3o wystawia opery i produkcje dramatyczne, a jego historyczna scena jest miejscem ekspresji tw\u00f3rczej. Rze\u017aba publiczna, taka jak She Changes Janet Echelman zawieszona nad zatok\u0105 Matosinhos, sygnalizuje przyj\u0119cie instalacji na du\u017c\u0105 skal\u0119, kt\u00f3re dialoguj\u0105 z rzek\u0105 i niebem.<\/p>\n<p>Roczne festiwale \u0142\u0105cz\u0105 mieszka\u0144c\u00f3w Porto ze staro\u017cytnymi zwyczajami i \u017cyciem akademickim. 23 i 24 czerwca Festiwal \u015bw. Jana o\u017cywia ulice ogniskami, wazonami ozdobionymi bazyli\u0105 z wierszami i fajerwerkami wzd\u0142u\u017c rzeki. Wiosn\u0105 Queima das Fitas jednoczy oko\u0142o 50 000 student\u00f3w uniwersytetu w procesji do ratusza i wieczornych koncertach w Queim\u00f3dromo. Kalendarze sportowe rozci\u0105gaj\u0105 si\u0119 od pi\u0142ki no\u017cnej, gdzie FC Porto i Boavista rywalizuj\u0105 na Est\u00e1dio do Drag\u00e3o i Est\u00e1dio do Bessa, po Maraton Porto ka\u017cdego pa\u017adziernika, wij\u0105cy si\u0119 przez historyczne centrum. Hokej na lodzie dotar\u0142 do Porto w 2023 roku, kiedy HC Porto do\u0142\u0105czy\u0142 do hiszpa\u0144skiej ligi narodowej jako pierwszy dla Portugalii, a krykiet nadal jest obecny w Oporto Cricket and Lawn Tennis Club, piel\u0119gnuj\u0105c anglo-portugalskie dziedzictwo.<\/p>\n<p>Edukacja i badania rozkwitaj\u0105 w instytucjach akademickich Porto. Uniwersytet w Porto jest drugim co do wielko\u015bci uniwersytetem w kraju, kszta\u0142c\u0105cym oko\u0142o 28 000 student\u00f3w i plasuj\u0105cym si\u0119 w pierwszej setce w Europie. Szko\u0142y uzupe\u0142niaj\u0105ce obejmuj\u0105 Politechnik\u0119 w Porto, prywatne uniwersytety, takie jak Lus\u00edada i Fernando Pessoa, oraz kampus Uniwersytetu Katolickiego. Mi\u0119dzynarodowe kszta\u0142cenie si\u0119ga czas\u00f3w Oporto British School, za\u0142o\u017conej w 1894 r., obok szk\u00f3\u0142 francuskich i niemieckich. Dla os\u00f3b ucz\u0105cych si\u0119 j\u0119zyk\u00f3w i student\u00f3w na wymianie Fast Forward Language Institute i programy powi\u0105zane z uniwersytetem zapewniaj\u0105 nauk\u0119 j\u0119zyka portugalskiego dostosowan\u0105 do kr\u00f3tkoterminowych pobyt\u00f3w lub do\u015bwiadcze\u0144 immersyjnych.<\/p>\n<p>Poruszanie si\u0119 po Porto wymaga dostosowania si\u0119 do jego warstwowej topografii i ewoluuj\u0105cych opcji transportu. W\u0105skie, kr\u0119te uliczki w dzielnicach Ribeira i Baixa wystawiaj\u0105 na pr\u00f3b\u0119 kierowc\u00f3w przyzwyczajonych do szerszych alei, co sprawia, \u017ce \u200b\u200bchodzenie pieszo lub transport publiczny s\u0105 cz\u0119sto bardziej wydajne. Taks\u00f3wki, us\u0142ugi przewozowe i wypo\u017cyczalnie rower\u00f3w uzupe\u0142niaj\u0105 sieci metra i autobus\u00f3w, podczas gdy przeprawy promowe i rejsy rzeczne oferuj\u0105 perspektywy z powierzchni Douro. Nowe atrakcje, takie jak kolejka linowa Funicular dos Guindais i winda Ascensor da Ribeira, nagradzaj\u0105 podr\u00f3\u017cnych panoramicznymi widokami fasad z p\u0142ytek i w\u00f3d usianych \u0142odziami. Dla tych, kt\u00f3rzy szukaj\u0105 lotniczych panoram, heliport w pobli\u017cu rzeki oferuje specjalne loty nad iglicami i mostami miasta.<\/p>\n<p>Witalno\u015b\u0107 Porto wynika z jego zdolno\u015bci do r\u00f3wnowa\u017cenia ochrony i post\u0119pu. Historyczne tawerny rozbrzmiewaj\u0105 d\u017awi\u0119kiem kieliszk\u00f3w porto, nawet gdy start-upy i o\u015brodki badawcze o\u017cywiaj\u0105 jego gospodark\u0119. Odwieczne melodie fado przeplataj\u0105 si\u0119 z nowoczesnymi instalacjami artystycznymi. Barokowe zdobienia stoj\u0105 obok wsp\u00f3\u0142czesnej architektury w Casa da M\u00fasica i odnowionym terminalu wycieczkowym Leix\u00f5es. D\u0142ugoletnie ga\u0142\u0119zie przemys\u0142u w zakresie tekstyli\u00f3w i metalurgii wsp\u00f3\u0142istniej\u0105 z handlem instrumentami pochodnymi i turystyk\u0105 kulturaln\u0105. Odporno\u015b\u0107 miasta, zawarta w jego nazwach Cidade Invicta i Capital do Norte, \u015bwiadczy o zdolno\u015bci do absorbowania zmian przy jednoczesnym zachowaniu to\u017csamo\u015bci.<\/p>\n<p>Ostatecznie Porto wy\u0142ania si\u0119 jako miejsce, w kt\u00f3rym warstwy czasowe si\u0119 \u0142\u0105cz\u0105. Jego roma\u0144skie ko\u015bcio\u0142y, barokowe wn\u0119trza, neoklasycystyczne aleje i nowoczesna kolejka miejska wsp\u00f3\u0142istniej\u0105 w miejskiej tkance zdefiniowanej przez przep\u0142yw Douro. Od zmian demograficznych po rytmy klimatyczne, od bogactwa gastronomicznego po pot\u0119g\u0119 przemys\u0142ow\u0105, miasto oferuje niuansowany portret ci\u0105g\u0142o\u015bci i innowacji. Odwiedzaj\u0105cy, kt\u00f3ry zatrzyma si\u0119 poza panoramicznymi punktami widokowymi, dostrze\u017ce zbiorow\u0105 narracj\u0119 adaptacji, kreatywno\u015bci i zakorzenienia \u2014 narracj\u0119, kt\u00f3ra potwierdza miejsce Porto w\u015br\u00f3d najbardziej fascynuj\u0105cych o\u015brodk\u00f3w metropolitalnych Europy.<\/p>","protected":false},"excerpt":{"rendered":"<p>Porto, drugie co do wielko\u015bci miasto w Portugalii, jest aktywnym o\u015brodkiem miejskim po\u0142o\u017conym u uj\u015bcia rzeki Duero w p\u00f3\u0142nocnej cz\u0119\u015bci kraju. Wp\u0142yw Porto wykracza daleko poza granice miasta, bior\u0105c pod uwag\u0119 populacj\u0119 wynosz\u0105c\u0105 oko\u0142o 248 769 os\u00f3b na 41,42 kilometrach kwadratowych ma\u0142ego obszaru miejskiego. Z oko\u0142o 1,8 miliona ludzi rozproszonych na 2395 kilometrach kwadratowych, wi\u0119kszy obszar metropolitalny Portugalii jest wyra\u017anie drugi w\u015br\u00f3d wszystkich obszar\u00f3w miejskich w Portugalii i wa\u017cnym graczem na P\u00f3\u0142wyspie Iberyjskim.<\/p>","protected":false},"author":1,"featured_media":2816,"parent":12065,"menu_order":0,"comment_status":"closed","ping_status":"closed","template":"elementor_theme","meta":{"_eb_attr":"","footnotes":""},"class_list":["post-12087","page","type-page","status-publish","has-post-thumbnail"],"_links":{"self":[{"href":"https:\/\/travelshelper.com\/pl\/wp-json\/wp\/v2\/pages\/12087","targetHints":{"allow":["GET"]}}],"collection":[{"href":"https:\/\/travelshelper.com\/pl\/wp-json\/wp\/v2\/pages"}],"about":[{"href":"https:\/\/travelshelper.com\/pl\/wp-json\/wp\/v2\/types\/page"}],"author":[{"embeddable":true,"href":"https:\/\/travelshelper.com\/pl\/wp-json\/wp\/v2\/users\/1"}],"replies":[{"embeddable":true,"href":"https:\/\/travelshelper.com\/pl\/wp-json\/wp\/v2\/comments?post=12087"}],"version-history":[{"count":0,"href":"https:\/\/travelshelper.com\/pl\/wp-json\/wp\/v2\/pages\/12087\/revisions"}],"up":[{"embeddable":true,"href":"https:\/\/travelshelper.com\/pl\/wp-json\/wp\/v2\/pages\/12065"}],"wp:featuredmedia":[{"embeddable":true,"href":"https:\/\/travelshelper.com\/pl\/wp-json\/wp\/v2\/media\/2816"}],"wp:attachment":[{"href":"https:\/\/travelshelper.com\/pl\/wp-json\/wp\/v2\/media?parent=12087"}],"curies":[{"name":"wp","href":"https:\/\/api.w.org\/{rel}","templated":true}]}}